{"id":2396,"date":"2022-07-07T21:34:04","date_gmt":"2022-07-08T03:34:04","guid":{"rendered":"https:\/\/www.ilovewines.vn\/product\/evans-tate-classic-cabernet-merlot-2018\/"},"modified":"2023-07-12T10:50:45","modified_gmt":"2023-07-12T16:50:45","slug":"evans-tate-classic-cabernet-merlot-2018","status":"publish","type":"product","link":"https:\/\/www.ilovewines.vn\/vi\/product\/evans-tate-classic-cabernet-merlot-2018\/","title":{"rendered":"Evans &amp; Tate Classic Cabernet Merlot"},"content":{"rendered":"<p style=\"text-align: center;\"><iframe src=\"https:\/\/www.youtube.com\/embed\/A2TZOFB-V5U\" width=\"560\" height=\"315\" frameborder=\"0\" allowfullscreen=\"allowfullscreen\"><\/iframe><\/p>\n<p style=\"text-align: center;\"><em>Nh\u00e0 s\u1ea3n xu\u1ea5t r\u01b0\u1ee3u vang Matthew Byrne gi\u1edbi thi\u1ec7u series vang Classic c\u1ee7a th\u01b0\u01a1ng hi\u1ec7u Evans &amp; Tate. (Video: E&amp;T YouTube)<\/em><\/p>\n<p style=\"text-align: justify;\"><strong>C\u1ea2M QUAN<\/strong><\/p>\n<h3><\/h3>\n<h3>Th\u1ecb Gi\u00e1c<\/h3>\n<p>\u0110\u1ecf t\u00edm \u0111\u1eadm v\u1edbi \u00e1nh t\u00edm t\u01b0\u01a1i s\u00e1ng.<\/p>\n<h3>Kh\u1ee9u gi\u00e1c<\/h3>\n<p>M\u00f9i th\u01a1m d\u1eady l\u00ean c\u1ee7a d\u00e2u t\u1eb1m v\u00e0 m\u1eadn. Ph\u1ea3ng ph\u1ea5t m\u00f9i th\u01a1m hoa t\u00edm.<\/p>\n<h3>V\u1ecb gi\u00e1c<\/h3>\n<p>V\u1ecb vang Cabernet Merlot truy\u1ec1n th\u1ed1ng. R\u01b0\u1ee3u vang \u00fac mang l\u1ea1i v\u1ecb tr\u00e1i c\u00e2y v\u1edbi v\u1ecb d\u00e2u t\u1eb1m, v\u1ecb \u0111\u1ed3ng th\u1ea3o \u0111\u1ea7y h\u1ea5p d\u1eabn, m\u1ed9t ch\u00fat v\u1ecb \u0111\u1ebfn t\u1eeb \u0111\u1ea5t tr\u1ed3ng v\u00e0 l\u00e1 c\u00e2y. V\u1ecb m\u1eadn \u0111\u00e1ng y\u00eau s\u1ebd t\u1edbi gi\u1eefa l\u00fac th\u1ef1c kh\u00e1ch \u0111ang th\u01b0\u1edfng th\u1ee9c, nh\u1edd gi\u1ed1ng nho Merlot. Vang n\u1eb7ng v\u1eeba, v\u1ecb \u0111\u1ecdng l\u1ea1i l\u00e2u d\u00e0i v\u00e0 nh\u00ecn chung l\u00e0 t\u01b0\u01a1ng \u0111\u1ed1i c\u00e2n b\u1eb1ng.<\/p>\n<h3>C\u1ea5t tr\u1eef:<\/h3>\n<p>Th\u01b0\u1edfng th\u1ee9c ngon nh\u1ea5t trong 5 n\u0103m \u0111\u1ea7u ti\u00ean.<\/p>\n<p>&nbsp;<\/p>\n<p><strong>K\u1ef8 THU\u1eacT S\u1ea2N XU\u1ea4T<\/strong><\/p>\n<h3>Ni\u00ean v\u1ee5<\/h3>\n<p>N\u0103m 2016 l\u00e0 m\u1ed9t ni\u00ean v\u1ee5 r\u1ea5t kh\u00e1c bi\u1ec7t \u1edf v\u00f9ng nho S\u00f4ng Margaret. M\u1ed9t m\u00f9a xu\u00e2n kh\u00f4 r\u00e1o, \u1ea5m \u00e1p, theo sau l\u00e0 nh\u1eefng tr\u1eadn m\u01b0a nhi\u1ec7t \u0111\u1edbi. C\u00e1c gi\u1ed1ng nho \u0111\u1ecf (\u0111\u1eb7c bi\u1ec7t l\u00e0 Cabernet Sauvignon v\u00e0 Merlot) \u0111\u00e3 \u0111\u01b0\u1ee3c h\u01b0\u1edfng l\u1ee3i t\u1eeb l\u01b0\u1ee3ng m\u01b0a n\u00e0y, g\u00f3p ph\u1ea7n \u0111\u1ea3m b\u1ea3o nh\u1eefng tr\u00e1i nho tr\u00f4ng th\u1eadt \u0111\u1eb7c bi\u1ec7t. Cabernet Sauvignon ch\u00ednh l\u00e0 \"ng\u00f4i sao\" c\u1ee7a m\u00f9a v\u1ee5, v\u1edbi n\u0103ng su\u1ea5t cao h\u01a1n c\u00e1c n\u0103m tr\u01b0\u1edbc, \u0111\u1ed9 c\u00e2n b\u1eb1ng nho v\u00e0 t\u1ed1c \u0111\u1ed9 ch\u00edn t\u1ed1t h\u01a1n, v\u1edbi nh\u1eefng ch\u00f9m nh\u1ecf h\u01a1n v\u00e0 m\u1ed9t s\u1ed1 qu\u1ea3 nh\u1ecf nh\u1ea5t so v\u1edbi nhi\u1ec1u n\u0103m qua. \u0110i\u1ec1u n\u00e0y \u0111\u00e3 gi\u00fap \u00edch cho v\u1ecf v\u00e0 h\u01b0\u01a1ng v\u1ecb nho, t\u1ea1o ra r\u01b0\u1ee3u vang Cabernet c\u00f3 ch\u1ea5t l\u01b0\u1ee3ng l\u1edbn.<\/p>\n<h3>Qu\u00e1 tr\u00ecnh s\u1ea3n xu\u1ea5t<\/h3>\n<p>\u0110i\u1ec3m nh\u1ea5n c\u1ee7a Classic Cabernet Merlot l\u00e0 l\u00e0m n\u1ed5i b\u1eadt s\u1ef1 tinh khi\u1ebft c\u1ee7a h\u01b0\u01a1ng v\u1ecb tr\u00e1i c\u00e2y. Nho \u0111\u01b0\u1ee3c h\u00e1i v\u00e0o bu\u1ed5i s\u00e1ng m\u00e1t m\u1ebb \u0111\u1ec3 \u0111\u1ea3m b\u1ea3o s\u1ef1 kh\u1edfi \u0111\u1ea7u ch\u1eadm, \u0111\u1ec1u \u0111\u1eb7n cho qu\u00e1 tr\u00ecnh l\u00ean men. Ph\u1ea7n Merlot \u0111\u01b0\u1ee3c ng\u00e2m l\u1ea1nh trong 5 ng\u00e0y tr\u01b0\u1edbc khi l\u00ean men, sau \u0111\u00f3 \u0111\u01b0\u1ee3c \u00e9p s\u1edbm \u0111\u1ec3 \u0111\u1ea3m b\u1ea3o r\u01b0\u1ee3u c\u00f3 c\u1ea5u tr\u00fac m\u1ec1m khi pha. R\u01b0\u1ee3u \u0111\u00e3 tr\u01b0\u1edfng th\u00e0nh trong nh\u1eefng th\u00f9ng g\u1ed7 s\u1ed3i gi\u00e0 d\u00e0y d\u1ea1n v\u00e0 ho\u00e0nh tr\u00e1ng trong 10 th\u00e1ng tr\u01b0\u1edbc khi \u0111\u00f3ng chai.<\/p>\n<h3><\/h3>\n<h3>Ph\u00e2n t\u00edch<\/h3>\n<ul>\n<li>pH: 3.44<\/li>\n<li>Axit: 6.97g\/L<\/li>\n<\/ul>\n<p>&nbsp;<\/p>\n<p><strong>\u1ea8M TH\u1ef0C K\u1ebeT H\u1ee2P<\/strong><\/p>\n<p>Th\u1ecbt c\u1eebu \u00dac \u0103n c\u00f9ng khoai t\u00e2y nghi\u1ec1n t\u1ecfi.<\/p>","protected":false},"excerpt":{"rendered":"<p>D\u00f2ng vang Cab Merlot gi\u00e1 tr\u1ecb tuy\u1ec7t v\u1eddi \u0111\u1ebfn t\u1eeb v\u00f9ng thung l\u0169ng s\u00f4ng Margaret<\/p>","protected":false},"featured_media":2395,"template":"","meta":{"_acf_changed":false},"product_brand":[],"product_cat":[2640,87],"product_tag":[],"grape_varietal":[2611,2467],"wine_regions":[2454],"class_list":{"0":"post-2396","1":"product","2":"type-product","3":"status-publish","4":"has-post-thumbnail","6":"product_cat-catalogue","7":"product_cat-red-wine","8":"pa_brand-evans-tate","9":"grape_varietal-cabernet-merlot","10":"grape_varietal-cabernet-sauvignon","11":"wine_regions-margaret-river","13":"first","14":"instock","15":"shipping-taxable","16":"product-type-simple"},"acf":[],"yoast_head":"<!-- This site is optimized with the Yoast SEO plugin v27.4 - https:\/\/yoast.com\/product\/yoast-seo-wordpress\/ -->\n<title>Evans &amp; Tate Classic Cabernet Merlot - Rada Wines<\/title>\n<meta name=\"robots\" content=\"index, follow, max-snippet:-1, max-image-preview:large, max-video-preview:-1\" \/>\n<link rel=\"canonical\" href=\"https:\/\/www.ilovewines.vn\/vi\/san-pham\/evans-tate-classic-cabernet-merlot-2018\/\" \/>\n<meta property=\"og:locale\" content=\"vi_VN\" \/>\n<meta property=\"og:type\" content=\"article\" \/>\n<meta property=\"og:title\" content=\"Evans &amp; Tate Classic Cabernet Merlot - Rada Wines\" \/>\n<meta property=\"og:description\" content=\"Great value Margaret River Cab Merlot.\" \/>\n<meta property=\"og:url\" content=\"https:\/\/www.ilovewines.vn\/vi\/san-pham\/evans-tate-classic-cabernet-merlot-2018\/\" \/>\n<meta property=\"og:site_name\" content=\"Rada Wines\" \/>\n<meta property=\"article:modified_time\" content=\"2023-07-12T16:50:45+00:00\" \/>\n<meta property=\"og:image\" content=\"https:\/\/www.ilovewines.vn\/wp-content\/uploads\/2022\/07\/classic_cabernet_merlot_308x385small.jpg\" \/>\n\t<meta property=\"og:image:width\" content=\"308\" \/>\n\t<meta property=\"og:image:height\" content=\"385\" \/>\n\t<meta property=\"og:image:type\" content=\"image\/jpeg\" \/>\n<meta name=\"twitter:card\" content=\"summary_large_image\" \/>\n<meta name=\"twitter:label1\" content=\"\u01af\u1edbc t\u00ednh th\u1eddi gian \u0111\u1ecdc\" \/>\n\t<meta name=\"twitter:data1\" content=\"1 ph\u00fat\" \/>\n<script type=\"application\/ld+json\" class=\"yoast-schema-graph\">{\"@context\":\"https:\\\/\\\/schema.org\",\"@graph\":[{\"@type\":\"WebPage\",\"@id\":\"https:\\\/\\\/www.ilovewines.vn\\\/product\\\/evans-tate-classic-cabernet-merlot-2018\\\/\",\"url\":\"https:\\\/\\\/www.ilovewines.vn\\\/product\\\/evans-tate-classic-cabernet-merlot-2018\\\/\",\"name\":\"Evans & Tate Classic Cabernet Merlot - Rada Wines\",\"isPartOf\":{\"@id\":\"https:\\\/\\\/www.ilovewines.vn\\\/#website\"},\"primaryImageOfPage\":{\"@id\":\"https:\\\/\\\/www.ilovewines.vn\\\/product\\\/evans-tate-classic-cabernet-merlot-2018\\\/#primaryimage\"},\"image\":{\"@id\":\"https:\\\/\\\/www.ilovewines.vn\\\/product\\\/evans-tate-classic-cabernet-merlot-2018\\\/#primaryimage\"},\"thumbnailUrl\":\"https:\\\/\\\/www.ilovewines.vn\\\/wp-content\\\/uploads\\\/2022\\\/07\\\/classic_cabernet_merlot_308x385small.jpg\",\"datePublished\":\"2022-07-08T03:34:04+00:00\",\"dateModified\":\"2023-07-12T16:50:45+00:00\",\"breadcrumb\":{\"@id\":\"https:\\\/\\\/www.ilovewines.vn\\\/product\\\/evans-tate-classic-cabernet-merlot-2018\\\/#breadcrumb\"},\"inLanguage\":\"vi\",\"potentialAction\":[{\"@type\":\"ReadAction\",\"target\":[\"https:\\\/\\\/www.ilovewines.vn\\\/product\\\/evans-tate-classic-cabernet-merlot-2018\\\/\"]}]},{\"@type\":\"ImageObject\",\"inLanguage\":\"vi\",\"@id\":\"https:\\\/\\\/www.ilovewines.vn\\\/product\\\/evans-tate-classic-cabernet-merlot-2018\\\/#primaryimage\",\"url\":\"https:\\\/\\\/www.ilovewines.vn\\\/wp-content\\\/uploads\\\/2022\\\/07\\\/classic_cabernet_merlot_308x385small.jpg\",\"contentUrl\":\"https:\\\/\\\/www.ilovewines.vn\\\/wp-content\\\/uploads\\\/2022\\\/07\\\/classic_cabernet_merlot_308x385small.jpg\",\"width\":308,\"height\":385},{\"@type\":\"BreadcrumbList\",\"@id\":\"https:\\\/\\\/www.ilovewines.vn\\\/product\\\/evans-tate-classic-cabernet-merlot-2018\\\/#breadcrumb\",\"itemListElement\":[{\"@type\":\"ListItem\",\"position\":1,\"name\":\"Home\",\"item\":\"https:\\\/\\\/www.ilovewines.vn\\\/\"},{\"@type\":\"ListItem\",\"position\":2,\"name\":\"Catalogue\",\"item\":\"https:\\\/\\\/www.ilovewines.vn\\\/catalogue\\\/\"},{\"@type\":\"ListItem\",\"position\":3,\"name\":\"Evans &#038; Tate Classic Cabernet Merlot\"}]},{\"@type\":\"WebSite\",\"@id\":\"https:\\\/\\\/www.ilovewines.vn\\\/#website\",\"url\":\"https:\\\/\\\/www.ilovewines.vn\\\/\",\"name\":\"Rada Wines\",\"description\":\"Just another WordPress site\",\"publisher\":{\"@id\":\"https:\\\/\\\/www.ilovewines.vn\\\/#organization\"},\"potentialAction\":[{\"@type\":\"SearchAction\",\"target\":{\"@type\":\"EntryPoint\",\"urlTemplate\":\"https:\\\/\\\/www.ilovewines.vn\\\/?s={search_term_string}\"},\"query-input\":{\"@type\":\"PropertyValueSpecification\",\"valueRequired\":true,\"valueName\":\"search_term_string\"}}],\"inLanguage\":\"vi\"},{\"@type\":\"Organization\",\"@id\":\"https:\\\/\\\/www.ilovewines.vn\\\/#organization\",\"name\":\"Rada Wines\",\"url\":\"https:\\\/\\\/www.ilovewines.vn\\\/\",\"logo\":{\"@type\":\"ImageObject\",\"inLanguage\":\"vi\",\"@id\":\"https:\\\/\\\/www.ilovewines.vn\\\/#\\\/schema\\\/logo\\\/image\\\/\",\"url\":\"https:\\\/\\\/www.ilovewines.vn\\\/wp-content\\\/uploads\\\/2022\\\/06\\\/cropped-162574230_380766779846763_4426584222903300096_n.jpg\",\"contentUrl\":\"https:\\\/\\\/www.ilovewines.vn\\\/wp-content\\\/uploads\\\/2022\\\/06\\\/cropped-162574230_380766779846763_4426584222903300096_n.jpg\",\"width\":320,\"height\":206,\"caption\":\"Rada Wines\"},\"image\":{\"@id\":\"https:\\\/\\\/www.ilovewines.vn\\\/#\\\/schema\\\/logo\\\/image\\\/\"}}]}<\/script>\n<!-- \/ Yoast SEO plugin. -->","yoast_head_json":{"title":"Evans & Tate Classic Cabernet Merlot - Rada Wines","robots":{"index":"index","follow":"follow","max-snippet":"max-snippet:-1","max-image-preview":"max-image-preview:large","max-video-preview":"max-video-preview:-1"},"canonical":"https:\/\/www.ilovewines.vn\/vi\/san-pham\/evans-tate-classic-cabernet-merlot-2018\/","og_locale":"vi_VN","og_type":"article","og_title":"Evans & Tate Classic Cabernet Merlot - Rada Wines","og_description":"Great value Margaret River Cab Merlot.","og_url":"https:\/\/www.ilovewines.vn\/vi\/san-pham\/evans-tate-classic-cabernet-merlot-2018\/","og_site_name":"Rada Wines","article_modified_time":"2023-07-12T16:50:45+00:00","og_image":[{"width":308,"height":385,"url":"https:\/\/www.ilovewines.vn\/wp-content\/uploads\/2022\/07\/classic_cabernet_merlot_308x385small.jpg","type":"image\/jpeg"}],"twitter_card":"summary_large_image","twitter_misc":{"\u01af\u1edbc t\u00ednh th\u1eddi gian \u0111\u1ecdc":"1 ph\u00fat"},"schema":{"@context":"https:\/\/schema.org","@graph":[{"@type":"WebPage","@id":"https:\/\/www.ilovewines.vn\/product\/evans-tate-classic-cabernet-merlot-2018\/","url":"https:\/\/www.ilovewines.vn\/product\/evans-tate-classic-cabernet-merlot-2018\/","name":"Evans & Tate Classic Cabernet Merlot - Rada Wines","isPartOf":{"@id":"https:\/\/www.ilovewines.vn\/#website"},"primaryImageOfPage":{"@id":"https:\/\/www.ilovewines.vn\/product\/evans-tate-classic-cabernet-merlot-2018\/#primaryimage"},"image":{"@id":"https:\/\/www.ilovewines.vn\/product\/evans-tate-classic-cabernet-merlot-2018\/#primaryimage"},"thumbnailUrl":"https:\/\/www.ilovewines.vn\/wp-content\/uploads\/2022\/07\/classic_cabernet_merlot_308x385small.jpg","datePublished":"2022-07-08T03:34:04+00:00","dateModified":"2023-07-12T16:50:45+00:00","breadcrumb":{"@id":"https:\/\/www.ilovewines.vn\/product\/evans-tate-classic-cabernet-merlot-2018\/#breadcrumb"},"inLanguage":"vi","potentialAction":[{"@type":"ReadAction","target":["https:\/\/www.ilovewines.vn\/product\/evans-tate-classic-cabernet-merlot-2018\/"]}]},{"@type":"ImageObject","inLanguage":"vi","@id":"https:\/\/www.ilovewines.vn\/product\/evans-tate-classic-cabernet-merlot-2018\/#primaryimage","url":"https:\/\/www.ilovewines.vn\/wp-content\/uploads\/2022\/07\/classic_cabernet_merlot_308x385small.jpg","contentUrl":"https:\/\/www.ilovewines.vn\/wp-content\/uploads\/2022\/07\/classic_cabernet_merlot_308x385small.jpg","width":308,"height":385},{"@type":"BreadcrumbList","@id":"https:\/\/www.ilovewines.vn\/product\/evans-tate-classic-cabernet-merlot-2018\/#breadcrumb","itemListElement":[{"@type":"ListItem","position":1,"name":"Home","item":"https:\/\/www.ilovewines.vn\/"},{"@type":"ListItem","position":2,"name":"Catalogue","item":"https:\/\/www.ilovewines.vn\/catalogue\/"},{"@type":"ListItem","position":3,"name":"Evans &#038; Tate Classic Cabernet Merlot"}]},{"@type":"WebSite","@id":"https:\/\/www.ilovewines.vn\/#website","url":"https:\/\/www.ilovewines.vn\/","name":"Rada Wines","description":"Just another WordPress site","publisher":{"@id":"https:\/\/www.ilovewines.vn\/#organization"},"potentialAction":[{"@type":"SearchAction","target":{"@type":"EntryPoint","urlTemplate":"https:\/\/www.ilovewines.vn\/?s={search_term_string}"},"query-input":{"@type":"PropertyValueSpecification","valueRequired":true,"valueName":"search_term_string"}}],"inLanguage":"vi"},{"@type":"Organization","@id":"https:\/\/www.ilovewines.vn\/#organization","name":"Rada Wines","url":"https:\/\/www.ilovewines.vn\/","logo":{"@type":"ImageObject","inLanguage":"vi","@id":"https:\/\/www.ilovewines.vn\/#\/schema\/logo\/image\/","url":"https:\/\/www.ilovewines.vn\/wp-content\/uploads\/2022\/06\/cropped-162574230_380766779846763_4426584222903300096_n.jpg","contentUrl":"https:\/\/www.ilovewines.vn\/wp-content\/uploads\/2022\/06\/cropped-162574230_380766779846763_4426584222903300096_n.jpg","width":320,"height":206,"caption":"Rada Wines"},"image":{"@id":"https:\/\/www.ilovewines.vn\/#\/schema\/logo\/image\/"}}]}},"_links":{"self":[{"href":"https:\/\/www.ilovewines.vn\/vi\/wp-json\/wp\/v2\/product\/2396","targetHints":{"allow":["GET"]}}],"collection":[{"href":"https:\/\/www.ilovewines.vn\/vi\/wp-json\/wp\/v2\/product"}],"about":[{"href":"https:\/\/www.ilovewines.vn\/vi\/wp-json\/wp\/v2\/types\/product"}],"version-history":[{"count":2,"href":"https:\/\/www.ilovewines.vn\/vi\/wp-json\/wp\/v2\/product\/2396\/revisions"}],"predecessor-version":[{"id":4653,"href":"https:\/\/www.ilovewines.vn\/vi\/wp-json\/wp\/v2\/product\/2396\/revisions\/4653"}],"wp:featuredmedia":[{"embeddable":true,"href":"https:\/\/www.ilovewines.vn\/vi\/wp-json\/wp\/v2\/media\/2395"}],"wp:attachment":[{"href":"https:\/\/www.ilovewines.vn\/vi\/wp-json\/wp\/v2\/media?parent=2396"}],"wp:term":[{"taxonomy":"product_brand","embeddable":true,"href":"https:\/\/www.ilovewines.vn\/vi\/wp-json\/wp\/v2\/product_brand?post=2396"},{"taxonomy":"product_cat","embeddable":true,"href":"https:\/\/www.ilovewines.vn\/vi\/wp-json\/wp\/v2\/product_cat?post=2396"},{"taxonomy":"product_tag","embeddable":true,"href":"https:\/\/www.ilovewines.vn\/vi\/wp-json\/wp\/v2\/product_tag?post=2396"},{"taxonomy":"grape_varietal","embeddable":true,"href":"https:\/\/www.ilovewines.vn\/vi\/wp-json\/wp\/v2\/grape_varietal?post=2396"},{"taxonomy":"wine_regions","embeddable":true,"href":"https:\/\/www.ilovewines.vn\/vi\/wp-json\/wp\/v2\/wine_regions?post=2396"}],"curies":[{"name":"wp","href":"https:\/\/api.w.org\/{rel}","templated":true}]}}