{"id":4286,"date":"2022-11-07T04:06:15","date_gmt":"2022-11-07T11:06:15","guid":{"rendered":"https:\/\/www.ilovewines.vn\/?post_type=product&#038;p=4286"},"modified":"2023-10-12T08:58:47","modified_gmt":"2023-10-12T14:58:47","slug":"skillogalee-sparkling-riesling","status":"publish","type":"product","link":"https:\/\/www.ilovewines.vn\/vi\/product\/skillogalee-sparkling-riesling\/","title":{"rendered":"Skillogalee Sparkling Riesling"},"content":{"rendered":"<p>Skillogalee \u0111\u00e3 b\u1eaft \u0111\u1ea7u s\u1ea3n xu\u1ea5t Vang s\u1ee7i Riesling  t\u1eeb n\u0103m 1987. Tr\u00e1i nho 100% gi\u1ed1ng Riesling \u0111\u01b0\u1ee3c h\u00e1i b\u1eb1ng tay t\u1eeb nh\u1eefng gi\u00e0n nho c\u00f3 s\u1ea3n l\u01b0\u1ee3ng th\u1ea5p, \u0111\u01b0\u1ee3c tr\u1ed3ng \u1edf \u0111\u1ed9 cao d\u01b0\u1edbi 500m so v\u1edbi m\u1ef1c n\u01b0\u1edbc bi\u1ec3n trong nh\u1eefng v\u01b0\u1eddn nho c\u1ee7a ch\u00fang t\u00f4i \u1edf g\u1ea7n Sevenhill trong Thung l\u0169ng Clare th\u01a1 m\u1ed9ng. V\u00f9ng thung l\u0169ng Clare \u0111\u01b0\u1ee3c bi\u1ebft \u0111\u1ebfn nh\u01b0 l\u00e0 qu\u00ea h\u01b0\u01a1ng c\u1ee7a gi\u1ed1ng nho Riesling \u00dac, n\u1ed5i ti\u1ebfng l\u00e0 n\u01a1i s\u1ea3n xu\u1ea5t nh\u1eefng tr\u00e1i nho ch\u1ee7ng n\u00e0y t\u1ed1t nh\u1ea5t tr\u00ean to\u00e0n n\u01b0\u1edbc \u00dac.<\/p>\n<p><strong>V\u00d9NG NHO<\/strong><\/p>\n<p>Clare Valley<\/p>\n<p><strong>\u0110I\u1ec0U KI\u1ec6N TR\u1ed2NG NHO<\/strong><\/p>\n<p>Nh\u1eefng tr\u00e1i nho Riesling \u0111\u01b0\u1ee3c h\u00e1i th\u1ee7 c\u00f4ng 100% t\u1eeb nh\u1eefng c\u00e2y nho n\u0103ng su\u1ea5t th\u1ea5p m\u1ecdc \u1edf \u0111\u1ed9 cao ch\u1ec9 d\u01b0\u1edbi 500m so v\u1edbi m\u1ef1c n\u01b0\u1edbc bi\u1ec3n tr\u00ean nh\u1eefng v\u01b0\u1eddn nho c\u1ee7a ch\u00fang t\u00f4i g\u1ea7n Sevenhill \u1edf Thung l\u0169ng Clare \u0111\u1eb9p nh\u01b0 tranh v\u1ebd. T\u1ea5t nhi\u00ean, v\u00f9ng Clare n\u1ed5i ti\u1ebfng v\u1edbi r\u01b0\u1ee3u Riesling h\u1ea3o h\u1ea1ng!<\/p>\n<p><strong>N\u0102NG SU\u1ea4T\u00a0<\/strong><\/p>\n<p>2,4 t\u1ea5n\/m\u1eabu Anh<\/p>\n<p><strong>QU\u00c1 TR\u00ccNH S\u1ea2N XU\u1ea4T<\/strong><\/p>\n<p>R\u01b0\u1ee3u \u0111\u01b0\u1ee3c l\u00ean men trong chai v\u00e0 \u1ee7 tr\u00ean b\u00e3 men trong 30 th\u00e1ng.<\/p>\n<p><strong>C\u1ea2M QUAN<\/strong><\/p>\n<p>Kh\u1ee9u gi\u00e1c: B\u00e1nh m\u00ec n\u01b0\u1edbng b\u01a1 t\u01b0\u01a1i v\u1edbi s\u1eefa \u0111\u00f4ng chanh, tho\u1ea3ng ch\u00fat h\u1ea1t \u0111i\u1ec1u, b\u00e1nh m\u00ec brioche v\u00e0 m\u1ee9t chanh.<\/p>\n<p>V\u1ecb gi\u00e1c: Th\u1ec3 hi\u1ec7n c\u1ea3 s\u1ef1 h\u00e0o ph\u00f3ng v\u00e0 chi ti\u1ebft v\u1edbi m\u1ed9t lo\u1ea1i mousse kem m\u1ecbn. C\u00f3 h\u01b0\u01a1ng v\u1ecb c\u1ee7a m\u1eadt ong, xo\u00e0i xanh v\u00e0 b\u01b0\u1edfi v\u00e0 c\u00f3 m\u1ed9t k\u1ebft th\u00fac dai d\u1eb3ng, gi\u00f2n, kh\u00f4.<\/p>\n<p><strong>TR\u01af\u1edeNG TH\u00c0NH<\/strong><\/p>\n<p>Phi\u00ean b\u1ea3n hi\u1ec7n t\u1ea1i n\u00e0y \u0111\u00e3 b\u1eaft \u0111\u1ea7u d\u1ecbu nh\u1eb9 m\u1ed9t c\u00e1ch duy\u00ean d\u00e1ng v\u00e0 s\u1ebd ti\u1ebfp t\u1ee5c nh\u01b0 v\u1eady trong v\u00e0i n\u0103m t\u1edbi, mang l\u1ea1i th\u00eam h\u01b0\u01a1ng v\u1ecb m\u1eadt ong v\u00e0 b\u00e1nh m\u00ec n\u01b0\u1edbng \u0111\u1eb7c tr\u01b0ng c\u1ee7a r\u01b0\u1ee3u Riesling tr\u01b0\u1edfng th\u00e0nh.<\/p>\n<p><strong>PH\u00c2N T\u00cdCH<\/strong><\/p>\n<p>\u0110\u1ed9 c\u1ed3n: 14,0%; Axit: 6,8g\/l; pH: 3,0<\/p>\n<p>&nbsp;<\/p>\n<p>&nbsp;<\/p>\n<p>&nbsp;<\/p>\n<p>&nbsp;<\/p>","protected":false},"excerpt":{"rendered":"<p>Vang s\u1ee7i Riesling duy nh\u1ea5t \u0111\u01b0\u1ee3c b\u00e1n t\u1ea1i Vi\u1ec7t Nam<\/p>","protected":false},"featured_media":4287,"template":"","meta":{"_acf_changed":false},"product_brand":[],"product_cat":[2640,98],"product_tag":[],"grape_varietal":[2475,2478],"wine_regions":[2418],"class_list":{"0":"post-4286","1":"product","2":"type-product","3":"status-publish","4":"has-post-thumbnail","6":"product_cat-catalogue","7":"product_cat-sparkling","8":"pa_brand-skillogalee","9":"grape_varietal-riesling","10":"grape_varietal-white","11":"wine_regions-clare-valley","13":"first","14":"instock","15":"shipping-taxable","16":"product-type-simple"},"acf":[],"yoast_head":"<!-- This site is optimized with the Yoast SEO plugin v27.4 - https:\/\/yoast.com\/product\/yoast-seo-wordpress\/ -->\n<title>Skillogalee Sparkling Riesling - Rada Wines<\/title>\n<meta name=\"robots\" content=\"index, follow, max-snippet:-1, max-image-preview:large, max-video-preview:-1\" \/>\n<link rel=\"canonical\" href=\"https:\/\/www.ilovewines.vn\/vi\/san-pham\/skillogalee-sparkling-riesling\/\" \/>\n<meta property=\"og:locale\" content=\"vi_VN\" \/>\n<meta property=\"og:type\" content=\"article\" \/>\n<meta property=\"og:title\" content=\"Skillogalee Sparkling Riesling - Rada Wines\" \/>\n<meta property=\"og:description\" content=\"The only sparkling made from Riesling sold in Vietnam\" \/>\n<meta property=\"og:url\" content=\"https:\/\/www.ilovewines.vn\/vi\/san-pham\/skillogalee-sparkling-riesling\/\" \/>\n<meta property=\"og:site_name\" content=\"Rada Wines\" \/>\n<meta property=\"article:modified_time\" content=\"2023-10-12T14:58:47+00:00\" \/>\n<meta property=\"og:image\" content=\"https:\/\/www.ilovewines.vn\/wp-content\/uploads\/2022\/11\/Sparkling-Riesling-1280x1280-1.png\" \/>\n\t<meta property=\"og:image:width\" content=\"1280\" \/>\n\t<meta property=\"og:image:height\" content=\"1280\" \/>\n\t<meta property=\"og:image:type\" content=\"image\/png\" \/>\n<meta name=\"twitter:card\" content=\"summary_large_image\" \/>\n<meta name=\"twitter:label1\" content=\"\u01af\u1edbc t\u00ednh th\u1eddi gian \u0111\u1ecdc\" \/>\n\t<meta name=\"twitter:data1\" content=\"1 ph\u00fat\" \/>\n<script type=\"application\/ld+json\" class=\"yoast-schema-graph\">{\"@context\":\"https:\\\/\\\/schema.org\",\"@graph\":[{\"@type\":\"WebPage\",\"@id\":\"https:\\\/\\\/www.ilovewines.vn\\\/product\\\/skillogalee-sparkling-riesling\\\/\",\"url\":\"https:\\\/\\\/www.ilovewines.vn\\\/product\\\/skillogalee-sparkling-riesling\\\/\",\"name\":\"Skillogalee Sparkling Riesling - Rada Wines\",\"isPartOf\":{\"@id\":\"https:\\\/\\\/www.ilovewines.vn\\\/#website\"},\"primaryImageOfPage\":{\"@id\":\"https:\\\/\\\/www.ilovewines.vn\\\/product\\\/skillogalee-sparkling-riesling\\\/#primaryimage\"},\"image\":{\"@id\":\"https:\\\/\\\/www.ilovewines.vn\\\/product\\\/skillogalee-sparkling-riesling\\\/#primaryimage\"},\"thumbnailUrl\":\"https:\\\/\\\/www.ilovewines.vn\\\/wp-content\\\/uploads\\\/2022\\\/11\\\/Sparkling-Riesling-1280x1280-1.png\",\"datePublished\":\"2022-11-07T11:06:15+00:00\",\"dateModified\":\"2023-10-12T14:58:47+00:00\",\"breadcrumb\":{\"@id\":\"https:\\\/\\\/www.ilovewines.vn\\\/product\\\/skillogalee-sparkling-riesling\\\/#breadcrumb\"},\"inLanguage\":\"vi\",\"potentialAction\":[{\"@type\":\"ReadAction\",\"target\":[\"https:\\\/\\\/www.ilovewines.vn\\\/product\\\/skillogalee-sparkling-riesling\\\/\"]}]},{\"@type\":\"ImageObject\",\"inLanguage\":\"vi\",\"@id\":\"https:\\\/\\\/www.ilovewines.vn\\\/product\\\/skillogalee-sparkling-riesling\\\/#primaryimage\",\"url\":\"https:\\\/\\\/www.ilovewines.vn\\\/wp-content\\\/uploads\\\/2022\\\/11\\\/Sparkling-Riesling-1280x1280-1.png\",\"contentUrl\":\"https:\\\/\\\/www.ilovewines.vn\\\/wp-content\\\/uploads\\\/2022\\\/11\\\/Sparkling-Riesling-1280x1280-1.png\",\"width\":1280,\"height\":1280},{\"@type\":\"BreadcrumbList\",\"@id\":\"https:\\\/\\\/www.ilovewines.vn\\\/product\\\/skillogalee-sparkling-riesling\\\/#breadcrumb\",\"itemListElement\":[{\"@type\":\"ListItem\",\"position\":1,\"name\":\"Home\",\"item\":\"https:\\\/\\\/www.ilovewines.vn\\\/\"},{\"@type\":\"ListItem\",\"position\":2,\"name\":\"Catalogue\",\"item\":\"https:\\\/\\\/www.ilovewines.vn\\\/catalogue\\\/\"},{\"@type\":\"ListItem\",\"position\":3,\"name\":\"Skillogalee Sparkling Riesling\"}]},{\"@type\":\"WebSite\",\"@id\":\"https:\\\/\\\/www.ilovewines.vn\\\/#website\",\"url\":\"https:\\\/\\\/www.ilovewines.vn\\\/\",\"name\":\"Rada Wines\",\"description\":\"Just another WordPress site\",\"publisher\":{\"@id\":\"https:\\\/\\\/www.ilovewines.vn\\\/#organization\"},\"potentialAction\":[{\"@type\":\"SearchAction\",\"target\":{\"@type\":\"EntryPoint\",\"urlTemplate\":\"https:\\\/\\\/www.ilovewines.vn\\\/?s={search_term_string}\"},\"query-input\":{\"@type\":\"PropertyValueSpecification\",\"valueRequired\":true,\"valueName\":\"search_term_string\"}}],\"inLanguage\":\"vi\"},{\"@type\":\"Organization\",\"@id\":\"https:\\\/\\\/www.ilovewines.vn\\\/#organization\",\"name\":\"Rada Wines\",\"url\":\"https:\\\/\\\/www.ilovewines.vn\\\/\",\"logo\":{\"@type\":\"ImageObject\",\"inLanguage\":\"vi\",\"@id\":\"https:\\\/\\\/www.ilovewines.vn\\\/#\\\/schema\\\/logo\\\/image\\\/\",\"url\":\"https:\\\/\\\/www.ilovewines.vn\\\/wp-content\\\/uploads\\\/2022\\\/06\\\/cropped-162574230_380766779846763_4426584222903300096_n.jpg\",\"contentUrl\":\"https:\\\/\\\/www.ilovewines.vn\\\/wp-content\\\/uploads\\\/2022\\\/06\\\/cropped-162574230_380766779846763_4426584222903300096_n.jpg\",\"width\":320,\"height\":206,\"caption\":\"Rada Wines\"},\"image\":{\"@id\":\"https:\\\/\\\/www.ilovewines.vn\\\/#\\\/schema\\\/logo\\\/image\\\/\"}}]}<\/script>\n<!-- \/ Yoast SEO plugin. -->","yoast_head_json":{"title":"Skillogalee Sparkling Riesling - Rada Wines","robots":{"index":"index","follow":"follow","max-snippet":"max-snippet:-1","max-image-preview":"max-image-preview:large","max-video-preview":"max-video-preview:-1"},"canonical":"https:\/\/www.ilovewines.vn\/vi\/san-pham\/skillogalee-sparkling-riesling\/","og_locale":"vi_VN","og_type":"article","og_title":"Skillogalee Sparkling Riesling - Rada Wines","og_description":"The only sparkling made from Riesling sold in Vietnam","og_url":"https:\/\/www.ilovewines.vn\/vi\/san-pham\/skillogalee-sparkling-riesling\/","og_site_name":"Rada Wines","article_modified_time":"2023-10-12T14:58:47+00:00","og_image":[{"width":1280,"height":1280,"url":"https:\/\/www.ilovewines.vn\/wp-content\/uploads\/2022\/11\/Sparkling-Riesling-1280x1280-1.png","type":"image\/png"}],"twitter_card":"summary_large_image","twitter_misc":{"\u01af\u1edbc t\u00ednh th\u1eddi gian \u0111\u1ecdc":"1 ph\u00fat"},"schema":{"@context":"https:\/\/schema.org","@graph":[{"@type":"WebPage","@id":"https:\/\/www.ilovewines.vn\/product\/skillogalee-sparkling-riesling\/","url":"https:\/\/www.ilovewines.vn\/product\/skillogalee-sparkling-riesling\/","name":"Skillogalee Sparkling Riesling - Rada Wines","isPartOf":{"@id":"https:\/\/www.ilovewines.vn\/#website"},"primaryImageOfPage":{"@id":"https:\/\/www.ilovewines.vn\/product\/skillogalee-sparkling-riesling\/#primaryimage"},"image":{"@id":"https:\/\/www.ilovewines.vn\/product\/skillogalee-sparkling-riesling\/#primaryimage"},"thumbnailUrl":"https:\/\/www.ilovewines.vn\/wp-content\/uploads\/2022\/11\/Sparkling-Riesling-1280x1280-1.png","datePublished":"2022-11-07T11:06:15+00:00","dateModified":"2023-10-12T14:58:47+00:00","breadcrumb":{"@id":"https:\/\/www.ilovewines.vn\/product\/skillogalee-sparkling-riesling\/#breadcrumb"},"inLanguage":"vi","potentialAction":[{"@type":"ReadAction","target":["https:\/\/www.ilovewines.vn\/product\/skillogalee-sparkling-riesling\/"]}]},{"@type":"ImageObject","inLanguage":"vi","@id":"https:\/\/www.ilovewines.vn\/product\/skillogalee-sparkling-riesling\/#primaryimage","url":"https:\/\/www.ilovewines.vn\/wp-content\/uploads\/2022\/11\/Sparkling-Riesling-1280x1280-1.png","contentUrl":"https:\/\/www.ilovewines.vn\/wp-content\/uploads\/2022\/11\/Sparkling-Riesling-1280x1280-1.png","width":1280,"height":1280},{"@type":"BreadcrumbList","@id":"https:\/\/www.ilovewines.vn\/product\/skillogalee-sparkling-riesling\/#breadcrumb","itemListElement":[{"@type":"ListItem","position":1,"name":"Home","item":"https:\/\/www.ilovewines.vn\/"},{"@type":"ListItem","position":2,"name":"Catalogue","item":"https:\/\/www.ilovewines.vn\/catalogue\/"},{"@type":"ListItem","position":3,"name":"Skillogalee Sparkling Riesling"}]},{"@type":"WebSite","@id":"https:\/\/www.ilovewines.vn\/#website","url":"https:\/\/www.ilovewines.vn\/","name":"Rada Wines","description":"Just another WordPress site","publisher":{"@id":"https:\/\/www.ilovewines.vn\/#organization"},"potentialAction":[{"@type":"SearchAction","target":{"@type":"EntryPoint","urlTemplate":"https:\/\/www.ilovewines.vn\/?s={search_term_string}"},"query-input":{"@type":"PropertyValueSpecification","valueRequired":true,"valueName":"search_term_string"}}],"inLanguage":"vi"},{"@type":"Organization","@id":"https:\/\/www.ilovewines.vn\/#organization","name":"Rada Wines","url":"https:\/\/www.ilovewines.vn\/","logo":{"@type":"ImageObject","inLanguage":"vi","@id":"https:\/\/www.ilovewines.vn\/#\/schema\/logo\/image\/","url":"https:\/\/www.ilovewines.vn\/wp-content\/uploads\/2022\/06\/cropped-162574230_380766779846763_4426584222903300096_n.jpg","contentUrl":"https:\/\/www.ilovewines.vn\/wp-content\/uploads\/2022\/06\/cropped-162574230_380766779846763_4426584222903300096_n.jpg","width":320,"height":206,"caption":"Rada Wines"},"image":{"@id":"https:\/\/www.ilovewines.vn\/#\/schema\/logo\/image\/"}}]}},"_links":{"self":[{"href":"https:\/\/www.ilovewines.vn\/vi\/wp-json\/wp\/v2\/product\/4286","targetHints":{"allow":["GET"]}}],"collection":[{"href":"https:\/\/www.ilovewines.vn\/vi\/wp-json\/wp\/v2\/product"}],"about":[{"href":"https:\/\/www.ilovewines.vn\/vi\/wp-json\/wp\/v2\/types\/product"}],"version-history":[{"count":1,"href":"https:\/\/www.ilovewines.vn\/vi\/wp-json\/wp\/v2\/product\/4286\/revisions"}],"predecessor-version":[{"id":4346,"href":"https:\/\/www.ilovewines.vn\/vi\/wp-json\/wp\/v2\/product\/4286\/revisions\/4346"}],"wp:featuredmedia":[{"embeddable":true,"href":"https:\/\/www.ilovewines.vn\/vi\/wp-json\/wp\/v2\/media\/4287"}],"wp:attachment":[{"href":"https:\/\/www.ilovewines.vn\/vi\/wp-json\/wp\/v2\/media?parent=4286"}],"wp:term":[{"taxonomy":"product_brand","embeddable":true,"href":"https:\/\/www.ilovewines.vn\/vi\/wp-json\/wp\/v2\/product_brand?post=4286"},{"taxonomy":"product_cat","embeddable":true,"href":"https:\/\/www.ilovewines.vn\/vi\/wp-json\/wp\/v2\/product_cat?post=4286"},{"taxonomy":"product_tag","embeddable":true,"href":"https:\/\/www.ilovewines.vn\/vi\/wp-json\/wp\/v2\/product_tag?post=4286"},{"taxonomy":"grape_varietal","embeddable":true,"href":"https:\/\/www.ilovewines.vn\/vi\/wp-json\/wp\/v2\/grape_varietal?post=4286"},{"taxonomy":"wine_regions","embeddable":true,"href":"https:\/\/www.ilovewines.vn\/vi\/wp-json\/wp\/v2\/wine_regions?post=4286"}],"curies":[{"name":"wp","href":"https:\/\/api.w.org\/{rel}","templated":true}]}}