{"id":4306,"date":"2022-12-05T23:07:47","date_gmt":"2022-12-06T06:07:47","guid":{"rendered":"https:\/\/www.ilovewines.vn\/?post_type=product&#038;p=4306"},"modified":"2024-06-24T05:56:26","modified_gmt":"2024-06-24T11:56:26","slug":"kings-of-prohibition-chardonnay","status":"publish","type":"product","link":"https:\/\/www.ilovewines.vn\/vi\/product\/kings-of-prohibition-chardonnay\/","title":{"rendered":"Kings of Prohibition Chardonnay"},"content":{"rendered":"<p><strong>QU\u00c1 TR\u00ccNH S\u1ea2N XU\u1ea4T<\/strong><\/p>\n<p>Nho \u0111\u01b0\u1ee3c thu ho\u1ea1ch v\u00e0o ban \u0111\u00eam tr\u01b0\u1edbc khi \u0111\u01b0\u1ee3c chuy\u1ec3n \u0111\u1ebfn nh\u00e0 m\u00e1y r\u01b0\u1ee3u \u0111\u1ec3 nghi\u1ec1n v\u00e0 \u00e9p. N\u01b0\u1edbc \u00e9p trong su\u1ed1t \u0111\u01b0\u1ee3c l\u00ean men l\u1ea1nh \u0111\u1ec3 gi\u1eef l\u1ea1i h\u01b0\u01a1ng v\u1ecb tr\u00e1i c\u00e2y. C\u00e1c th\u00e0nh ph\u1ea7n c\u1ee7a lo\u1ea1i r\u01b0\u1ee3u n\u00e0y ho\u00e0n th\u00e0nh qu\u00e1 tr\u00ecnh l\u00ean men malo lactic \u0111\u1ec3 mang l\u1ea1i s\u1ef1 pha tr\u1ed9n c\u00f3 tr\u1ecdng l\u01b0\u1ee3ng, \u0111\u1ed9 kem v\u00e0 k\u1ebft c\u1ea5u. Trong khi c\u00e1c th\u00e0nh ph\u1ea7n kh\u00e1c \u0111\u01b0\u1ee3c l\u1ecdc sau qu\u00e1 tr\u00ecnh l\u00ean men \u0111\u1ec3 gi\u1eef l\u1ea1i c\u00e1c \u0111\u1eb7c t\u00ednh \u0111\u01a1n gi\u1ea3n c\u1ee7a tr\u00e1i nho. Sau khi pha tr\u1ed9n, r\u01b0\u1ee3u \u0111\u01b0\u1ee3c \u1ed5n \u0111\u1ecbnh v\u00e0 l\u1ecdc tr\u01b0\u1edbc khi \u0111\u00f3ng chai s\u1edbm.<\/p>\n<p><strong>C\u1ea2M QUAN<\/strong><\/p>\n<p>V\u00f2m mi\u1ec7ng m\u1ec1m m\u1ea1i v\u00e0 tr\u00f2n tr\u1ecba v\u1edbi h\u01b0\u01a1ng b\u01a1 d\u1ee9a th\u01a1m ngon. G\u1ed7 s\u1ed3i h\u1ea1t h\u1ea1nh nh\u00e2n tinh t\u1ebf v\u1edbi ch\u00fat m\u1eadt hoa v\u00e0 h\u01b0\u01a1ng xo\u00e0i kh\u00f4. K\u1ebft th\u00fac v\u1edbi tannin h\u1ea1t m\u1ecbn d\u00e0i v\u00e0 \u0111\u1ed9 dai tinh t\u1ebf.<\/p>\n<p><strong>\u0110\u1ed2 \u0102N K\u00c8M <\/strong><\/p>\n<p>Th\u1ecbt tr\u1eafng: g\u00e0 quay, g\u00e0 t\u00e2y ho\u1eb7c chim c\u00fat. \u0102n k\u00e8m v\u1edbi m\u1ef3 \u00dd s\u1ed1t kem c\u0169ng r\u1ea5t ngon!<\/p>\n<p><strong>C\u1ea4T TR\u1eee<\/strong><\/p>\n<p>U\u1ed1ng ngay r\u1ea5t ngon v\u00e0 c\u00f3 th\u1ec3 c\u1ea5t tr\u1eef t\u1eeb 4 \u0111\u1ebfn 5 n\u0103m n\u1eefa.<\/p>\n<p><strong>PH\u00c2N T\u00cdCH <\/strong><\/p>\n<p>\u0110\u1ed9 c\u1ed3n: 12,5%; pH: 3,2; Axit: 6,85; \u0110\u01b0\u1eddng: 3,6g\/l<\/p>\n<p>&nbsp;<\/p>","protected":false},"excerpt":{"rendered":"<p>V\u00f2m mi\u1ec7ng tr\u00f2n \u0111\u1ea7y m\u1ec1m m\u1ea1i v\u1edbi v\u1ecb d\u1ee9a v\u00e0 b\u01a1, ch\u00fat h\u1ea1nh nh\u00e2n tinh t\u1ebf, g\u1ed7 s\u1ed3i, \u0111i\u1ec3m xuy\u1ebft v\u1ecb xo\u00e0i s\u1ea5y kh\u00f4.<\/p>","protected":false},"featured_media":4313,"template":"","meta":{"_acf_changed":false},"product_brand":[],"product_cat":[2640,89],"product_tag":[],"grape_varietal":[2472,2478],"wine_regions":[2444],"class_list":{"0":"post-4306","1":"product","2":"type-product","3":"status-publish","4":"has-post-thumbnail","6":"product_cat-catalogue","7":"product_cat-white-wine","8":"pa_brand-kings-of-prohibition","9":"grape_varietal-chardonnay","10":"grape_varietal-white","11":"wine_regions-riverina","13":"first","14":"instock","15":"shipping-taxable","16":"product-type-simple"},"acf":[],"yoast_head":"<!-- This site is optimized with the Yoast SEO plugin v27.4 - https:\/\/yoast.com\/product\/yoast-seo-wordpress\/ -->\n<title>Kings of Prohibition Chardonnay - Rada Wines<\/title>\n<meta name=\"robots\" content=\"index, follow, max-snippet:-1, max-image-preview:large, max-video-preview:-1\" \/>\n<link rel=\"canonical\" href=\"https:\/\/www.ilovewines.vn\/vi\/san-pham\/kings-of-prohibition-chardonnay\/\" \/>\n<meta property=\"og:locale\" content=\"vi_VN\" \/>\n<meta property=\"og:type\" content=\"article\" \/>\n<meta property=\"og:title\" content=\"Kings of Prohibition Chardonnay - Rada Wines\" \/>\n<meta property=\"og:description\" content=\"Soft and round palate with buttery pineapple notes and subtle almond nut oak with hints of dried mango.\" \/>\n<meta property=\"og:url\" content=\"https:\/\/www.ilovewines.vn\/vi\/san-pham\/kings-of-prohibition-chardonnay\/\" \/>\n<meta property=\"og:site_name\" content=\"Rada Wines\" \/>\n<meta property=\"article:modified_time\" content=\"2024-06-24T11:56:26+00:00\" \/>\n<meta property=\"og:image\" content=\"https:\/\/www.ilovewines.vn\/wp-content\/uploads\/2022\/12\/kop_chardonnay.png\" \/>\n\t<meta property=\"og:image:width\" content=\"300\" \/>\n\t<meta property=\"og:image:height\" content=\"600\" \/>\n\t<meta property=\"og:image:type\" content=\"image\/png\" \/>\n<meta name=\"twitter:card\" content=\"summary_large_image\" \/>\n<meta name=\"twitter:label1\" content=\"\u01af\u1edbc t\u00ednh th\u1eddi gian \u0111\u1ecdc\" \/>\n\t<meta name=\"twitter:data1\" content=\"1 ph\u00fat\" \/>\n<script type=\"application\/ld+json\" class=\"yoast-schema-graph\">{\"@context\":\"https:\\\/\\\/schema.org\",\"@graph\":[{\"@type\":\"WebPage\",\"@id\":\"https:\\\/\\\/www.ilovewines.vn\\\/product\\\/kings-of-prohibition-chardonnay\\\/\",\"url\":\"https:\\\/\\\/www.ilovewines.vn\\\/product\\\/kings-of-prohibition-chardonnay\\\/\",\"name\":\"Kings of Prohibition Chardonnay - Rada Wines\",\"isPartOf\":{\"@id\":\"https:\\\/\\\/www.ilovewines.vn\\\/#website\"},\"primaryImageOfPage\":{\"@id\":\"https:\\\/\\\/www.ilovewines.vn\\\/product\\\/kings-of-prohibition-chardonnay\\\/#primaryimage\"},\"image\":{\"@id\":\"https:\\\/\\\/www.ilovewines.vn\\\/product\\\/kings-of-prohibition-chardonnay\\\/#primaryimage\"},\"thumbnailUrl\":\"https:\\\/\\\/www.ilovewines.vn\\\/wp-content\\\/uploads\\\/2022\\\/12\\\/kop_chardonnay.png\",\"datePublished\":\"2022-12-06T06:07:47+00:00\",\"dateModified\":\"2024-06-24T11:56:26+00:00\",\"breadcrumb\":{\"@id\":\"https:\\\/\\\/www.ilovewines.vn\\\/product\\\/kings-of-prohibition-chardonnay\\\/#breadcrumb\"},\"inLanguage\":\"vi\",\"potentialAction\":[{\"@type\":\"ReadAction\",\"target\":[\"https:\\\/\\\/www.ilovewines.vn\\\/product\\\/kings-of-prohibition-chardonnay\\\/\"]}]},{\"@type\":\"ImageObject\",\"inLanguage\":\"vi\",\"@id\":\"https:\\\/\\\/www.ilovewines.vn\\\/product\\\/kings-of-prohibition-chardonnay\\\/#primaryimage\",\"url\":\"https:\\\/\\\/www.ilovewines.vn\\\/wp-content\\\/uploads\\\/2022\\\/12\\\/kop_chardonnay.png\",\"contentUrl\":\"https:\\\/\\\/www.ilovewines.vn\\\/wp-content\\\/uploads\\\/2022\\\/12\\\/kop_chardonnay.png\",\"width\":300,\"height\":600},{\"@type\":\"BreadcrumbList\",\"@id\":\"https:\\\/\\\/www.ilovewines.vn\\\/product\\\/kings-of-prohibition-chardonnay\\\/#breadcrumb\",\"itemListElement\":[{\"@type\":\"ListItem\",\"position\":1,\"name\":\"Home\",\"item\":\"https:\\\/\\\/www.ilovewines.vn\\\/\"},{\"@type\":\"ListItem\",\"position\":2,\"name\":\"Catalogue\",\"item\":\"https:\\\/\\\/www.ilovewines.vn\\\/catalogue\\\/\"},{\"@type\":\"ListItem\",\"position\":3,\"name\":\"Kings of Prohibition Chardonnay\"}]},{\"@type\":\"WebSite\",\"@id\":\"https:\\\/\\\/www.ilovewines.vn\\\/#website\",\"url\":\"https:\\\/\\\/www.ilovewines.vn\\\/\",\"name\":\"Rada Wines\",\"description\":\"Just another WordPress site\",\"publisher\":{\"@id\":\"https:\\\/\\\/www.ilovewines.vn\\\/#organization\"},\"potentialAction\":[{\"@type\":\"SearchAction\",\"target\":{\"@type\":\"EntryPoint\",\"urlTemplate\":\"https:\\\/\\\/www.ilovewines.vn\\\/?s={search_term_string}\"},\"query-input\":{\"@type\":\"PropertyValueSpecification\",\"valueRequired\":true,\"valueName\":\"search_term_string\"}}],\"inLanguage\":\"vi\"},{\"@type\":\"Organization\",\"@id\":\"https:\\\/\\\/www.ilovewines.vn\\\/#organization\",\"name\":\"Rada Wines\",\"url\":\"https:\\\/\\\/www.ilovewines.vn\\\/\",\"logo\":{\"@type\":\"ImageObject\",\"inLanguage\":\"vi\",\"@id\":\"https:\\\/\\\/www.ilovewines.vn\\\/#\\\/schema\\\/logo\\\/image\\\/\",\"url\":\"https:\\\/\\\/www.ilovewines.vn\\\/wp-content\\\/uploads\\\/2022\\\/06\\\/cropped-162574230_380766779846763_4426584222903300096_n.jpg\",\"contentUrl\":\"https:\\\/\\\/www.ilovewines.vn\\\/wp-content\\\/uploads\\\/2022\\\/06\\\/cropped-162574230_380766779846763_4426584222903300096_n.jpg\",\"width\":320,\"height\":206,\"caption\":\"Rada Wines\"},\"image\":{\"@id\":\"https:\\\/\\\/www.ilovewines.vn\\\/#\\\/schema\\\/logo\\\/image\\\/\"}}]}<\/script>\n<!-- \/ Yoast SEO plugin. -->","yoast_head_json":{"title":"Kings of Prohibition Chardonnay - Rada Wines","robots":{"index":"index","follow":"follow","max-snippet":"max-snippet:-1","max-image-preview":"max-image-preview:large","max-video-preview":"max-video-preview:-1"},"canonical":"https:\/\/www.ilovewines.vn\/vi\/san-pham\/kings-of-prohibition-chardonnay\/","og_locale":"vi_VN","og_type":"article","og_title":"Kings of Prohibition Chardonnay - Rada Wines","og_description":"Soft and round palate with buttery pineapple notes and subtle almond nut oak with hints of dried mango.","og_url":"https:\/\/www.ilovewines.vn\/vi\/san-pham\/kings-of-prohibition-chardonnay\/","og_site_name":"Rada Wines","article_modified_time":"2024-06-24T11:56:26+00:00","og_image":[{"width":300,"height":600,"url":"https:\/\/www.ilovewines.vn\/wp-content\/uploads\/2022\/12\/kop_chardonnay.png","type":"image\/png"}],"twitter_card":"summary_large_image","twitter_misc":{"\u01af\u1edbc t\u00ednh th\u1eddi gian \u0111\u1ecdc":"1 ph\u00fat"},"schema":{"@context":"https:\/\/schema.org","@graph":[{"@type":"WebPage","@id":"https:\/\/www.ilovewines.vn\/product\/kings-of-prohibition-chardonnay\/","url":"https:\/\/www.ilovewines.vn\/product\/kings-of-prohibition-chardonnay\/","name":"Kings of Prohibition Chardonnay - Rada Wines","isPartOf":{"@id":"https:\/\/www.ilovewines.vn\/#website"},"primaryImageOfPage":{"@id":"https:\/\/www.ilovewines.vn\/product\/kings-of-prohibition-chardonnay\/#primaryimage"},"image":{"@id":"https:\/\/www.ilovewines.vn\/product\/kings-of-prohibition-chardonnay\/#primaryimage"},"thumbnailUrl":"https:\/\/www.ilovewines.vn\/wp-content\/uploads\/2022\/12\/kop_chardonnay.png","datePublished":"2022-12-06T06:07:47+00:00","dateModified":"2024-06-24T11:56:26+00:00","breadcrumb":{"@id":"https:\/\/www.ilovewines.vn\/product\/kings-of-prohibition-chardonnay\/#breadcrumb"},"inLanguage":"vi","potentialAction":[{"@type":"ReadAction","target":["https:\/\/www.ilovewines.vn\/product\/kings-of-prohibition-chardonnay\/"]}]},{"@type":"ImageObject","inLanguage":"vi","@id":"https:\/\/www.ilovewines.vn\/product\/kings-of-prohibition-chardonnay\/#primaryimage","url":"https:\/\/www.ilovewines.vn\/wp-content\/uploads\/2022\/12\/kop_chardonnay.png","contentUrl":"https:\/\/www.ilovewines.vn\/wp-content\/uploads\/2022\/12\/kop_chardonnay.png","width":300,"height":600},{"@type":"BreadcrumbList","@id":"https:\/\/www.ilovewines.vn\/product\/kings-of-prohibition-chardonnay\/#breadcrumb","itemListElement":[{"@type":"ListItem","position":1,"name":"Home","item":"https:\/\/www.ilovewines.vn\/"},{"@type":"ListItem","position":2,"name":"Catalogue","item":"https:\/\/www.ilovewines.vn\/catalogue\/"},{"@type":"ListItem","position":3,"name":"Kings of Prohibition Chardonnay"}]},{"@type":"WebSite","@id":"https:\/\/www.ilovewines.vn\/#website","url":"https:\/\/www.ilovewines.vn\/","name":"Rada Wines","description":"Just another WordPress site","publisher":{"@id":"https:\/\/www.ilovewines.vn\/#organization"},"potentialAction":[{"@type":"SearchAction","target":{"@type":"EntryPoint","urlTemplate":"https:\/\/www.ilovewines.vn\/?s={search_term_string}"},"query-input":{"@type":"PropertyValueSpecification","valueRequired":true,"valueName":"search_term_string"}}],"inLanguage":"vi"},{"@type":"Organization","@id":"https:\/\/www.ilovewines.vn\/#organization","name":"Rada Wines","url":"https:\/\/www.ilovewines.vn\/","logo":{"@type":"ImageObject","inLanguage":"vi","@id":"https:\/\/www.ilovewines.vn\/#\/schema\/logo\/image\/","url":"https:\/\/www.ilovewines.vn\/wp-content\/uploads\/2022\/06\/cropped-162574230_380766779846763_4426584222903300096_n.jpg","contentUrl":"https:\/\/www.ilovewines.vn\/wp-content\/uploads\/2022\/06\/cropped-162574230_380766779846763_4426584222903300096_n.jpg","width":320,"height":206,"caption":"Rada Wines"},"image":{"@id":"https:\/\/www.ilovewines.vn\/#\/schema\/logo\/image\/"}}]}},"_links":{"self":[{"href":"https:\/\/www.ilovewines.vn\/vi\/wp-json\/wp\/v2\/product\/4306","targetHints":{"allow":["GET"]}}],"collection":[{"href":"https:\/\/www.ilovewines.vn\/vi\/wp-json\/wp\/v2\/product"}],"about":[{"href":"https:\/\/www.ilovewines.vn\/vi\/wp-json\/wp\/v2\/types\/product"}],"version-history":[{"count":1,"href":"https:\/\/www.ilovewines.vn\/vi\/wp-json\/wp\/v2\/product\/4306\/revisions"}],"predecessor-version":[{"id":6380,"href":"https:\/\/www.ilovewines.vn\/vi\/wp-json\/wp\/v2\/product\/4306\/revisions\/6380"}],"wp:featuredmedia":[{"embeddable":true,"href":"https:\/\/www.ilovewines.vn\/vi\/wp-json\/wp\/v2\/media\/4313"}],"wp:attachment":[{"href":"https:\/\/www.ilovewines.vn\/vi\/wp-json\/wp\/v2\/media?parent=4306"}],"wp:term":[{"taxonomy":"product_brand","embeddable":true,"href":"https:\/\/www.ilovewines.vn\/vi\/wp-json\/wp\/v2\/product_brand?post=4306"},{"taxonomy":"product_cat","embeddable":true,"href":"https:\/\/www.ilovewines.vn\/vi\/wp-json\/wp\/v2\/product_cat?post=4306"},{"taxonomy":"product_tag","embeddable":true,"href":"https:\/\/www.ilovewines.vn\/vi\/wp-json\/wp\/v2\/product_tag?post=4306"},{"taxonomy":"grape_varietal","embeddable":true,"href":"https:\/\/www.ilovewines.vn\/vi\/wp-json\/wp\/v2\/grape_varietal?post=4306"},{"taxonomy":"wine_regions","embeddable":true,"href":"https:\/\/www.ilovewines.vn\/vi\/wp-json\/wp\/v2\/wine_regions?post=4306"}],"curies":[{"name":"wp","href":"https:\/\/api.w.org\/{rel}","templated":true}]}}