{"id":4310,"date":"2022-12-05T23:12:47","date_gmt":"2022-12-06T06:12:47","guid":{"rendered":"https:\/\/www.ilovewines.vn\/?post_type=product&#038;p=4310"},"modified":"2024-06-24T05:55:52","modified_gmt":"2024-06-24T11:55:52","slug":"kings-of-prohibition-red-blend","status":"publish","type":"product","link":"https:\/\/www.ilovewines.vn\/vi\/product\/kings-of-prohibition-red-blend\/","title":{"rendered":"Kings of Prohibition Red Blend"},"content":{"rendered":"<p><strong>RED BLEND VARIETALS<\/strong><\/p>\n<p>Montepulciano, Shiraz, Cabernet Sauvignon, Lambrusco &amp; Chambourcin<\/p>\n<p><strong>QU\u00c1 TR\u00ccNH S\u1ea2N XU\u1ea4T<\/strong><\/p>\n<p>Tr\u00e1i c\u00e2y l\u00e0m lo\u1ea1i r\u01b0\u1ee3u n\u00e0y \u0111\u01b0\u1ee3c thu ho\u1ea1ch b\u1eb1ng m\u00e1y v\u00e0 l\u00ean men tr\u00ean v\u1ecf trong 7 ng\u00e0y. Sau khi \u00e9p, r\u01b0\u1ee3u \u0111\u01b0\u1ee3c \u1ee7 trong s\u1ef1 k\u1ebft h\u1ee3p c\u1ee7a c\u00e1c t\u1ea5m v\u00e1n g\u1ed7 s\u1ed3i, m\u1ed9t s\u1ed1 trong s\u1ed1 n\u00e0y l\u00e0 th\u00f9ng \u0111\u1ef1ng r\u01b0\u1ee3u whisky c\u0169. R\u01b0\u1ee3u \u0111\u01b0\u1ee3c l\u00e0m trong v\u00e0 l\u1ecdc tr\u01b0\u1edbc khi \u0111\u00f3ng chai.<\/p>\n<p><strong>C\u1ea2M<\/strong> <strong>QUAN<\/strong><\/p>\n<p>M\u00e0u \u0111\u1ecf \u0111\u1eadm \u00e1nh r\u1ef1c r\u1ee1. L\u00e1 d\u00e2u, m\u1eadn huy\u1ebft, qu\u1ea3 m\u00e2m x\u00f4i v\u00e0 anh \u0111\u00e0o v\u1edbi h\u01b0\u01a1ng th\u01a1m l\u00e1 oregano v\u00e0 vani g\u1ed7 s\u1ed3i. Tr\u00ean v\u00f2m mi\u1ec7ng, h\u01b0\u01a1ng v\u1ecb c\u1ee7a s\u00f4 c\u00f4 la \u0111en xu\u1ea5t hi\u1ec7n v\u1edbi m\u1ed9t k\u1ebft th\u00fac \u0111\u1eadm \u0111\u00e0 v\u00e0 \u0111\u1eadm \u0111\u00e0 nh\u01b0ng tinh t\u1ebf. Ch\u1ea5t tannin c\u00f3 v\u1ecb h\u1ea5p d\u1eabn nh\u01b0ng ch\u00edn m\u1ecdng v\u00e0 d\u1ec5 u\u1ed1ng, c\u00e2n b\u1eb1ng v\u1edbi v\u1ecb \u0111\u1eadm c\u1ee7a tr\u00e1i c\u00e2y ng\u1ecdt ng\u00e0o.<\/p>\n<p><strong>\u0110\u1ed2 \u0102N K\u00c8M<\/strong><\/p>\n<p>H\u00e3y th\u01b0\u1edfng th\u1ee9c m\u00f3n n\u00e0y v\u1edbi chi\u1ebfc b\u00e1nh pizza y\u00eau th\u00edch c\u1ee7a b\u1ea1n v\u00e0 m\u00f3n th\u1ecbt \u1ee9c n\u1ea5u ch\u00edn ch\u1eadm.<\/p>\n<p><strong>PH\u00c2N T\u00cdCH <\/strong><\/p>\n<p>\u0110\u1ed9 c\u1ed3n: 14.0%\/ pH: 3.4\/ Axit: 6.28g\/l \/\u0110\u01b0\u1eddng d\u01b0: 10g\/l VA 0.19g\/l SD Free 42 mg\/L | SD Total 109 mg\/L<\/p>","protected":false},"excerpt":{"rendered":"<p>H\u01b0\u01a1ng v\u1ecb s\u1ed1ng \u0111\u1ed9ng c\u1ee7a d\u00e2u t\u00e2y, m\u1eadn, tr\u00e1i m\u00e2m x\u00f4i v\u00e0 anh \u0111\u00e0o tr\u00ean v\u00f2m mi\u1ec7ng, \u0111\u01b0\u1ee3c c\u00e2n b\u1eb1ng v\u1edbi v\u1ecb l\u00e1 oregano, \u0111i\u1ec3m ch\u00fat h\u01b0\u01a1ng vani, t\u1ea1o n\u00ean m\u1ed9t k\u1ebft th\u00fac t\u01b0\u01a1i v\u00e0 s\u1ed1ng \u0111\u1ed9ng. L\u00e0 m\u1ed9t chai vang \u0111\u1ecf d\u1ec5 ch\u1ecbu khi u\u1ed1ng h\u01a1i l\u1ea1nh m\u1ed9t ch\u00fat.<\/p>","protected":false},"featured_media":4312,"template":"","meta":{"_acf_changed":false},"product_brand":[],"product_cat":[2640,87],"product_tag":[],"grape_varietal":[2479,2596,2467,2466],"wine_regions":[2417,2444],"class_list":{"0":"post-4310","1":"product","2":"type-product","3":"status-publish","4":"has-post-thumbnail","6":"product_cat-catalogue","7":"product_cat-red-wine","8":"pa_brand-kings-of-prohibition","9":"grape_varietal-blends","10":"grape_varietal-cabernet","11":"grape_varietal-cabernet-sauvignon","12":"grape_varietal-shiraz","13":"wine_regions-barossa-valley","14":"wine_regions-riverina","16":"first","17":"instock","18":"shipping-taxable","19":"product-type-simple"},"acf":[],"yoast_head":"<!-- This site is optimized with the Yoast SEO plugin v27.4 - https:\/\/yoast.com\/product\/yoast-seo-wordpress\/ -->\n<title>Kings of Prohibition Red Blend - Rada Wines<\/title>\n<meta name=\"robots\" content=\"index, follow, max-snippet:-1, max-image-preview:large, max-video-preview:-1\" \/>\n<link rel=\"canonical\" href=\"https:\/\/www.ilovewines.vn\/vi\/san-pham\/kings-of-prohibition-red-blend\/\" \/>\n<meta property=\"og:locale\" content=\"vi_VN\" \/>\n<meta property=\"og:type\" content=\"article\" \/>\n<meta property=\"og:title\" content=\"Kings of Prohibition Red Blend - Rada Wines\" \/>\n<meta property=\"og:description\" content=\"Vibrant Strawberry, plum, Boyenberry and cherry flavors on the palate balanced with oregano and vanilla notes to provide a fresh and vibrant finish. Delightful red to enjoy slightly chilled.\" \/>\n<meta property=\"og:url\" content=\"https:\/\/www.ilovewines.vn\/vi\/san-pham\/kings-of-prohibition-red-blend\/\" \/>\n<meta property=\"og:site_name\" content=\"Rada Wines\" \/>\n<meta property=\"article:modified_time\" content=\"2024-06-24T11:55:52+00:00\" \/>\n<meta property=\"og:image\" content=\"https:\/\/www.ilovewines.vn\/wp-content\/uploads\/2022\/12\/kop_red_blend.png\" \/>\n\t<meta property=\"og:image:width\" content=\"300\" \/>\n\t<meta property=\"og:image:height\" content=\"690\" \/>\n\t<meta property=\"og:image:type\" content=\"image\/png\" \/>\n<meta name=\"twitter:card\" content=\"summary_large_image\" \/>\n<meta name=\"twitter:label1\" content=\"\u01af\u1edbc t\u00ednh th\u1eddi gian \u0111\u1ecdc\" \/>\n\t<meta name=\"twitter:data1\" content=\"1 ph\u00fat\" \/>\n<script type=\"application\/ld+json\" class=\"yoast-schema-graph\">{\"@context\":\"https:\\\/\\\/schema.org\",\"@graph\":[{\"@type\":\"WebPage\",\"@id\":\"https:\\\/\\\/www.ilovewines.vn\\\/product\\\/kings-of-prohibition-red-blend\\\/\",\"url\":\"https:\\\/\\\/www.ilovewines.vn\\\/product\\\/kings-of-prohibition-red-blend\\\/\",\"name\":\"Kings of Prohibition Red Blend - Rada Wines\",\"isPartOf\":{\"@id\":\"https:\\\/\\\/www.ilovewines.vn\\\/#website\"},\"primaryImageOfPage\":{\"@id\":\"https:\\\/\\\/www.ilovewines.vn\\\/product\\\/kings-of-prohibition-red-blend\\\/#primaryimage\"},\"image\":{\"@id\":\"https:\\\/\\\/www.ilovewines.vn\\\/product\\\/kings-of-prohibition-red-blend\\\/#primaryimage\"},\"thumbnailUrl\":\"https:\\\/\\\/www.ilovewines.vn\\\/wp-content\\\/uploads\\\/2022\\\/12\\\/kop_red_blend.png\",\"datePublished\":\"2022-12-06T06:12:47+00:00\",\"dateModified\":\"2024-06-24T11:55:52+00:00\",\"breadcrumb\":{\"@id\":\"https:\\\/\\\/www.ilovewines.vn\\\/product\\\/kings-of-prohibition-red-blend\\\/#breadcrumb\"},\"inLanguage\":\"vi\",\"potentialAction\":[{\"@type\":\"ReadAction\",\"target\":[\"https:\\\/\\\/www.ilovewines.vn\\\/product\\\/kings-of-prohibition-red-blend\\\/\"]}]},{\"@type\":\"ImageObject\",\"inLanguage\":\"vi\",\"@id\":\"https:\\\/\\\/www.ilovewines.vn\\\/product\\\/kings-of-prohibition-red-blend\\\/#primaryimage\",\"url\":\"https:\\\/\\\/www.ilovewines.vn\\\/wp-content\\\/uploads\\\/2022\\\/12\\\/kop_red_blend.png\",\"contentUrl\":\"https:\\\/\\\/www.ilovewines.vn\\\/wp-content\\\/uploads\\\/2022\\\/12\\\/kop_red_blend.png\",\"width\":300,\"height\":690},{\"@type\":\"BreadcrumbList\",\"@id\":\"https:\\\/\\\/www.ilovewines.vn\\\/product\\\/kings-of-prohibition-red-blend\\\/#breadcrumb\",\"itemListElement\":[{\"@type\":\"ListItem\",\"position\":1,\"name\":\"Home\",\"item\":\"https:\\\/\\\/www.ilovewines.vn\\\/\"},{\"@type\":\"ListItem\",\"position\":2,\"name\":\"Catalogue\",\"item\":\"https:\\\/\\\/www.ilovewines.vn\\\/catalogue\\\/\"},{\"@type\":\"ListItem\",\"position\":3,\"name\":\"Kings of Prohibition Red Blend\"}]},{\"@type\":\"WebSite\",\"@id\":\"https:\\\/\\\/www.ilovewines.vn\\\/#website\",\"url\":\"https:\\\/\\\/www.ilovewines.vn\\\/\",\"name\":\"Rada Wines\",\"description\":\"Just another WordPress site\",\"publisher\":{\"@id\":\"https:\\\/\\\/www.ilovewines.vn\\\/#organization\"},\"potentialAction\":[{\"@type\":\"SearchAction\",\"target\":{\"@type\":\"EntryPoint\",\"urlTemplate\":\"https:\\\/\\\/www.ilovewines.vn\\\/?s={search_term_string}\"},\"query-input\":{\"@type\":\"PropertyValueSpecification\",\"valueRequired\":true,\"valueName\":\"search_term_string\"}}],\"inLanguage\":\"vi\"},{\"@type\":\"Organization\",\"@id\":\"https:\\\/\\\/www.ilovewines.vn\\\/#organization\",\"name\":\"Rada Wines\",\"url\":\"https:\\\/\\\/www.ilovewines.vn\\\/\",\"logo\":{\"@type\":\"ImageObject\",\"inLanguage\":\"vi\",\"@id\":\"https:\\\/\\\/www.ilovewines.vn\\\/#\\\/schema\\\/logo\\\/image\\\/\",\"url\":\"https:\\\/\\\/www.ilovewines.vn\\\/wp-content\\\/uploads\\\/2022\\\/06\\\/cropped-162574230_380766779846763_4426584222903300096_n.jpg\",\"contentUrl\":\"https:\\\/\\\/www.ilovewines.vn\\\/wp-content\\\/uploads\\\/2022\\\/06\\\/cropped-162574230_380766779846763_4426584222903300096_n.jpg\",\"width\":320,\"height\":206,\"caption\":\"Rada Wines\"},\"image\":{\"@id\":\"https:\\\/\\\/www.ilovewines.vn\\\/#\\\/schema\\\/logo\\\/image\\\/\"}}]}<\/script>\n<!-- \/ Yoast SEO plugin. -->","yoast_head_json":{"title":"Kings of Prohibition Red Blend - Rada Wines","robots":{"index":"index","follow":"follow","max-snippet":"max-snippet:-1","max-image-preview":"max-image-preview:large","max-video-preview":"max-video-preview:-1"},"canonical":"https:\/\/www.ilovewines.vn\/vi\/san-pham\/kings-of-prohibition-red-blend\/","og_locale":"vi_VN","og_type":"article","og_title":"Kings of Prohibition Red Blend - Rada Wines","og_description":"Vibrant Strawberry, plum, Boyenberry and cherry flavors on the palate balanced with oregano and vanilla notes to provide a fresh and vibrant finish. Delightful red to enjoy slightly chilled.","og_url":"https:\/\/www.ilovewines.vn\/vi\/san-pham\/kings-of-prohibition-red-blend\/","og_site_name":"Rada Wines","article_modified_time":"2024-06-24T11:55:52+00:00","og_image":[{"width":300,"height":690,"url":"https:\/\/www.ilovewines.vn\/wp-content\/uploads\/2022\/12\/kop_red_blend.png","type":"image\/png"}],"twitter_card":"summary_large_image","twitter_misc":{"\u01af\u1edbc t\u00ednh th\u1eddi gian \u0111\u1ecdc":"1 ph\u00fat"},"schema":{"@context":"https:\/\/schema.org","@graph":[{"@type":"WebPage","@id":"https:\/\/www.ilovewines.vn\/product\/kings-of-prohibition-red-blend\/","url":"https:\/\/www.ilovewines.vn\/product\/kings-of-prohibition-red-blend\/","name":"Kings of Prohibition Red Blend - Rada Wines","isPartOf":{"@id":"https:\/\/www.ilovewines.vn\/#website"},"primaryImageOfPage":{"@id":"https:\/\/www.ilovewines.vn\/product\/kings-of-prohibition-red-blend\/#primaryimage"},"image":{"@id":"https:\/\/www.ilovewines.vn\/product\/kings-of-prohibition-red-blend\/#primaryimage"},"thumbnailUrl":"https:\/\/www.ilovewines.vn\/wp-content\/uploads\/2022\/12\/kop_red_blend.png","datePublished":"2022-12-06T06:12:47+00:00","dateModified":"2024-06-24T11:55:52+00:00","breadcrumb":{"@id":"https:\/\/www.ilovewines.vn\/product\/kings-of-prohibition-red-blend\/#breadcrumb"},"inLanguage":"vi","potentialAction":[{"@type":"ReadAction","target":["https:\/\/www.ilovewines.vn\/product\/kings-of-prohibition-red-blend\/"]}]},{"@type":"ImageObject","inLanguage":"vi","@id":"https:\/\/www.ilovewines.vn\/product\/kings-of-prohibition-red-blend\/#primaryimage","url":"https:\/\/www.ilovewines.vn\/wp-content\/uploads\/2022\/12\/kop_red_blend.png","contentUrl":"https:\/\/www.ilovewines.vn\/wp-content\/uploads\/2022\/12\/kop_red_blend.png","width":300,"height":690},{"@type":"BreadcrumbList","@id":"https:\/\/www.ilovewines.vn\/product\/kings-of-prohibition-red-blend\/#breadcrumb","itemListElement":[{"@type":"ListItem","position":1,"name":"Home","item":"https:\/\/www.ilovewines.vn\/"},{"@type":"ListItem","position":2,"name":"Catalogue","item":"https:\/\/www.ilovewines.vn\/catalogue\/"},{"@type":"ListItem","position":3,"name":"Kings of Prohibition Red Blend"}]},{"@type":"WebSite","@id":"https:\/\/www.ilovewines.vn\/#website","url":"https:\/\/www.ilovewines.vn\/","name":"Rada Wines","description":"Just another WordPress site","publisher":{"@id":"https:\/\/www.ilovewines.vn\/#organization"},"potentialAction":[{"@type":"SearchAction","target":{"@type":"EntryPoint","urlTemplate":"https:\/\/www.ilovewines.vn\/?s={search_term_string}"},"query-input":{"@type":"PropertyValueSpecification","valueRequired":true,"valueName":"search_term_string"}}],"inLanguage":"vi"},{"@type":"Organization","@id":"https:\/\/www.ilovewines.vn\/#organization","name":"Rada Wines","url":"https:\/\/www.ilovewines.vn\/","logo":{"@type":"ImageObject","inLanguage":"vi","@id":"https:\/\/www.ilovewines.vn\/#\/schema\/logo\/image\/","url":"https:\/\/www.ilovewines.vn\/wp-content\/uploads\/2022\/06\/cropped-162574230_380766779846763_4426584222903300096_n.jpg","contentUrl":"https:\/\/www.ilovewines.vn\/wp-content\/uploads\/2022\/06\/cropped-162574230_380766779846763_4426584222903300096_n.jpg","width":320,"height":206,"caption":"Rada Wines"},"image":{"@id":"https:\/\/www.ilovewines.vn\/#\/schema\/logo\/image\/"}}]}},"_links":{"self":[{"href":"https:\/\/www.ilovewines.vn\/vi\/wp-json\/wp\/v2\/product\/4310","targetHints":{"allow":["GET"]}}],"collection":[{"href":"https:\/\/www.ilovewines.vn\/vi\/wp-json\/wp\/v2\/product"}],"about":[{"href":"https:\/\/www.ilovewines.vn\/vi\/wp-json\/wp\/v2\/types\/product"}],"version-history":[{"count":1,"href":"https:\/\/www.ilovewines.vn\/vi\/wp-json\/wp\/v2\/product\/4310\/revisions"}],"predecessor-version":[{"id":6379,"href":"https:\/\/www.ilovewines.vn\/vi\/wp-json\/wp\/v2\/product\/4310\/revisions\/6379"}],"wp:featuredmedia":[{"embeddable":true,"href":"https:\/\/www.ilovewines.vn\/vi\/wp-json\/wp\/v2\/media\/4312"}],"wp:attachment":[{"href":"https:\/\/www.ilovewines.vn\/vi\/wp-json\/wp\/v2\/media?parent=4310"}],"wp:term":[{"taxonomy":"product_brand","embeddable":true,"href":"https:\/\/www.ilovewines.vn\/vi\/wp-json\/wp\/v2\/product_brand?post=4310"},{"taxonomy":"product_cat","embeddable":true,"href":"https:\/\/www.ilovewines.vn\/vi\/wp-json\/wp\/v2\/product_cat?post=4310"},{"taxonomy":"product_tag","embeddable":true,"href":"https:\/\/www.ilovewines.vn\/vi\/wp-json\/wp\/v2\/product_tag?post=4310"},{"taxonomy":"grape_varietal","embeddable":true,"href":"https:\/\/www.ilovewines.vn\/vi\/wp-json\/wp\/v2\/grape_varietal?post=4310"},{"taxonomy":"wine_regions","embeddable":true,"href":"https:\/\/www.ilovewines.vn\/vi\/wp-json\/wp\/v2\/wine_regions?post=4310"}],"curies":[{"name":"wp","href":"https:\/\/api.w.org\/{rel}","templated":true}]}}