{"id":4314,"date":"2022-12-05T23:28:35","date_gmt":"2022-12-06T06:28:35","guid":{"rendered":"https:\/\/www.ilovewines.vn\/?post_type=product&#038;p=4314"},"modified":"2023-10-12T07:59:26","modified_gmt":"2023-10-12T13:59:26","slug":"kings-of-prohibition-shiraz","status":"publish","type":"product","link":"https:\/\/www.ilovewines.vn\/vi\/product\/kings-of-prohibition-shiraz\/","title":{"rendered":"Kings of Prohibition Shiraz"},"content":{"rendered":"<p><strong>QU\u00c1 TR\u00ccNH S\u1ea2N XU\u1ea4T<\/strong><\/p>\n<p>R\u01b0\u1ee3u \u0111\u01b0\u1ee3c l\u00ean men tr\u00ean v\u1ecf trong b\u1ea3y ng\u00e0y tr\u01b0\u1edbc khi \u00e9p. Vi\u1ec7c qu\u1ea3n l\u00fd n\u1eafp \u0111\u01b0\u1ee3c th\u1ef1c hi\u1ec7n th\u00f4ng qua s\u1ef1 k\u1ebft h\u1ee3p c\u1ee7a c\u00e1c lo\u1ea1i thi\u1ebft b\u1ecb l\u00ean men, t\u1eeb b\u1ec3 ki\u1ec3u Potter \u0111\u1ebfn b\u00ea t\u00f4ng h\u1edf. Sau khi l\u00ean men, r\u01b0\u1ee3u \u0111\u01b0\u1ee3c \u1ee7 trong th\u00f9ng g\u1ed7 s\u1ed3i \u0111\u00e3 qua s\u1eed d\u1ee5ng trong kho\u1ea3ng 6-9 th\u00e1ng. R\u01b0\u1ee3u \u0111\u01b0\u1ee3c pha tr\u1ed9n, l\u00e0m trong v\u00e0 l\u1ecdc tr\u01b0\u1edbc khi \u0111\u00f3ng chai.<\/p>\n<p><strong>C\u1ea2M QUAN<\/strong><\/p>\n<p>H\u01b0\u01a1ng th\u01a1m c\u1ee7a qu\u1ea3 anh \u0111\u00e0o v\u00e0 m\u1eadn s\u1eabm m\u00e0u, h\u00f2a quy\u1ec7n v\u1edbi h\u01b0\u01a1ng g\u1ed7 s\u1ed3i sang tr\u1ecdng v\u00e0 m\u1ed9t ch\u00fat gia v\u1ecb g\u1ed7 s\u1ed3i. V\u00f2m mi\u1ec7ng \u0111\u1eadm \u0111\u00e0 v\u00e0 phong ph\u00fa, v\u1edbi c\u1ea5u tr\u00fac tannin c\u00e2n b\u1eb1ng v\u1edbi c\u00e1c \u0111\u1eb7c t\u00ednh c\u1ee7a s\u00f4 c\u00f4 la v\u00e0 anh \u0111\u00e0o \u0111en mang l\u1ea1i m\u1ed9t k\u1ebft th\u00fac th\u01a1m ngon.<\/p>\n<p><strong>\u0110\u1ed2 \u0102N K\u00c8M<\/strong><\/p>\n<p>U\u1ed1ng k\u00e8m th\u1ecbt \u1ee9c b\u00f2 v\u00e0 \u0111\u1ed3 chi\u00ean gi\u00f2n.<\/p>\n<p><strong>PH\u00c2N T\u00cdCH<\/strong><\/p>\n<p>\u0110\u1ed9 c\u1ed3n: 13.5%, pH: 3.47, Axit: 6.11, \u0110\u01b0\u1eddng: 13.35 g\/l, \u0110\u01b0\u1eddng d\u01b0: 0.33 g\/l<\/p>","protected":false},"excerpt":{"rendered":"<p>Qu\u1ea3 cherry \u0111en v\u00e0 qu\u1ea3 m\u1eadn \u0111\u01b0\u1ee3c c\u00e2n b\u1eb1ng v\u1edbi c\u1ea5u tr\u00fac tannin m\u1ecbn m\u00e0ng t\u1ea1o n\u00ean m\u1ed9t chai  Shiraz m\u1ea1nh m\u1ebd v\u00e0 gi\u00e0u v\u1ecb. S\u00f4 c\u00f4 la \u0111en \u0111\u00e1ng y\u00eau cu\u1ed1i v\u00f2m mi\u1ec7ng \u0111\u1ea3m b\u1ea3o cho m\u1ed9t k\u1ebft th\u00fac ng\u1ee3p v\u00e0 k\u00e9o d\u00e0i.<\/p>","protected":false},"featured_media":4315,"template":"","meta":{"_acf_changed":false},"product_brand":[],"product_cat":[2640,87],"product_tag":[],"grape_varietal":[2466],"wine_regions":[2417],"class_list":{"0":"post-4314","1":"product","2":"type-product","3":"status-publish","4":"has-post-thumbnail","6":"product_cat-catalogue","7":"product_cat-red-wine","8":"pa_brand-kings-of-prohibition","9":"grape_varietal-shiraz","10":"wine_regions-barossa-valley","12":"first","13":"instock","14":"featured","15":"shipping-taxable","16":"product-type-simple"},"acf":[],"yoast_head":"<!-- This site is optimized with the Yoast SEO plugin v27.4 - https:\/\/yoast.com\/product\/yoast-seo-wordpress\/ -->\n<title>Kings of Prohibition Shiraz - Rada Wines<\/title>\n<meta name=\"robots\" content=\"index, follow, max-snippet:-1, max-image-preview:large, max-video-preview:-1\" \/>\n<link rel=\"canonical\" href=\"https:\/\/www.ilovewines.vn\/vi\/san-pham\/kings-of-prohibition-shiraz\/\" \/>\n<meta property=\"og:locale\" content=\"vi_VN\" \/>\n<meta property=\"og:type\" content=\"article\" \/>\n<meta property=\"og:title\" content=\"Kings of Prohibition Shiraz - Rada Wines\" \/>\n<meta property=\"og:description\" content=\"Dark cherries and plums balanced with fine and structured tannins ensure this Shiraz experience is bold and rich. Lovely dark choclates at the end of the palate ensures a luscious and long finish.\" \/>\n<meta property=\"og:url\" content=\"https:\/\/www.ilovewines.vn\/vi\/san-pham\/kings-of-prohibition-shiraz\/\" \/>\n<meta property=\"og:site_name\" content=\"Rada Wines\" \/>\n<meta property=\"article:modified_time\" content=\"2023-10-12T13:59:26+00:00\" \/>\n<meta property=\"og:image\" content=\"https:\/\/www.ilovewines.vn\/wp-content\/uploads\/2022\/12\/kop_shiraz.png\" \/>\n\t<meta property=\"og:image:width\" content=\"300\" \/>\n\t<meta property=\"og:image:height\" content=\"608\" \/>\n\t<meta property=\"og:image:type\" content=\"image\/png\" \/>\n<meta name=\"twitter:card\" content=\"summary_large_image\" \/>\n<meta name=\"twitter:label1\" content=\"\u01af\u1edbc t\u00ednh th\u1eddi gian \u0111\u1ecdc\" \/>\n\t<meta name=\"twitter:data1\" content=\"1 ph\u00fat\" \/>\n<script type=\"application\/ld+json\" class=\"yoast-schema-graph\">{\"@context\":\"https:\\\/\\\/schema.org\",\"@graph\":[{\"@type\":\"WebPage\",\"@id\":\"https:\\\/\\\/www.ilovewines.vn\\\/product\\\/kings-of-prohibition-shiraz\\\/\",\"url\":\"https:\\\/\\\/www.ilovewines.vn\\\/product\\\/kings-of-prohibition-shiraz\\\/\",\"name\":\"Kings of Prohibition Shiraz - Rada Wines\",\"isPartOf\":{\"@id\":\"https:\\\/\\\/www.ilovewines.vn\\\/#website\"},\"primaryImageOfPage\":{\"@id\":\"https:\\\/\\\/www.ilovewines.vn\\\/product\\\/kings-of-prohibition-shiraz\\\/#primaryimage\"},\"image\":{\"@id\":\"https:\\\/\\\/www.ilovewines.vn\\\/product\\\/kings-of-prohibition-shiraz\\\/#primaryimage\"},\"thumbnailUrl\":\"https:\\\/\\\/www.ilovewines.vn\\\/wp-content\\\/uploads\\\/2022\\\/12\\\/kop_shiraz.png\",\"datePublished\":\"2022-12-06T06:28:35+00:00\",\"dateModified\":\"2023-10-12T13:59:26+00:00\",\"breadcrumb\":{\"@id\":\"https:\\\/\\\/www.ilovewines.vn\\\/product\\\/kings-of-prohibition-shiraz\\\/#breadcrumb\"},\"inLanguage\":\"vi\",\"potentialAction\":[{\"@type\":\"ReadAction\",\"target\":[\"https:\\\/\\\/www.ilovewines.vn\\\/product\\\/kings-of-prohibition-shiraz\\\/\"]}]},{\"@type\":\"ImageObject\",\"inLanguage\":\"vi\",\"@id\":\"https:\\\/\\\/www.ilovewines.vn\\\/product\\\/kings-of-prohibition-shiraz\\\/#primaryimage\",\"url\":\"https:\\\/\\\/www.ilovewines.vn\\\/wp-content\\\/uploads\\\/2022\\\/12\\\/kop_shiraz.png\",\"contentUrl\":\"https:\\\/\\\/www.ilovewines.vn\\\/wp-content\\\/uploads\\\/2022\\\/12\\\/kop_shiraz.png\",\"width\":300,\"height\":608},{\"@type\":\"BreadcrumbList\",\"@id\":\"https:\\\/\\\/www.ilovewines.vn\\\/product\\\/kings-of-prohibition-shiraz\\\/#breadcrumb\",\"itemListElement\":[{\"@type\":\"ListItem\",\"position\":1,\"name\":\"Home\",\"item\":\"https:\\\/\\\/www.ilovewines.vn\\\/\"},{\"@type\":\"ListItem\",\"position\":2,\"name\":\"Catalogue\",\"item\":\"https:\\\/\\\/www.ilovewines.vn\\\/catalogue\\\/\"},{\"@type\":\"ListItem\",\"position\":3,\"name\":\"Kings of Prohibition Shiraz\"}]},{\"@type\":\"WebSite\",\"@id\":\"https:\\\/\\\/www.ilovewines.vn\\\/#website\",\"url\":\"https:\\\/\\\/www.ilovewines.vn\\\/\",\"name\":\"Rada Wines\",\"description\":\"Just another WordPress site\",\"publisher\":{\"@id\":\"https:\\\/\\\/www.ilovewines.vn\\\/#organization\"},\"potentialAction\":[{\"@type\":\"SearchAction\",\"target\":{\"@type\":\"EntryPoint\",\"urlTemplate\":\"https:\\\/\\\/www.ilovewines.vn\\\/?s={search_term_string}\"},\"query-input\":{\"@type\":\"PropertyValueSpecification\",\"valueRequired\":true,\"valueName\":\"search_term_string\"}}],\"inLanguage\":\"vi\"},{\"@type\":\"Organization\",\"@id\":\"https:\\\/\\\/www.ilovewines.vn\\\/#organization\",\"name\":\"Rada Wines\",\"url\":\"https:\\\/\\\/www.ilovewines.vn\\\/\",\"logo\":{\"@type\":\"ImageObject\",\"inLanguage\":\"vi\",\"@id\":\"https:\\\/\\\/www.ilovewines.vn\\\/#\\\/schema\\\/logo\\\/image\\\/\",\"url\":\"https:\\\/\\\/www.ilovewines.vn\\\/wp-content\\\/uploads\\\/2022\\\/06\\\/cropped-162574230_380766779846763_4426584222903300096_n.jpg\",\"contentUrl\":\"https:\\\/\\\/www.ilovewines.vn\\\/wp-content\\\/uploads\\\/2022\\\/06\\\/cropped-162574230_380766779846763_4426584222903300096_n.jpg\",\"width\":320,\"height\":206,\"caption\":\"Rada Wines\"},\"image\":{\"@id\":\"https:\\\/\\\/www.ilovewines.vn\\\/#\\\/schema\\\/logo\\\/image\\\/\"}}]}<\/script>\n<!-- \/ Yoast SEO plugin. -->","yoast_head_json":{"title":"Kings of Prohibition Shiraz - Rada Wines","robots":{"index":"index","follow":"follow","max-snippet":"max-snippet:-1","max-image-preview":"max-image-preview:large","max-video-preview":"max-video-preview:-1"},"canonical":"https:\/\/www.ilovewines.vn\/vi\/san-pham\/kings-of-prohibition-shiraz\/","og_locale":"vi_VN","og_type":"article","og_title":"Kings of Prohibition Shiraz - Rada Wines","og_description":"Dark cherries and plums balanced with fine and structured tannins ensure this Shiraz experience is bold and rich. Lovely dark choclates at the end of the palate ensures a luscious and long finish.","og_url":"https:\/\/www.ilovewines.vn\/vi\/san-pham\/kings-of-prohibition-shiraz\/","og_site_name":"Rada Wines","article_modified_time":"2023-10-12T13:59:26+00:00","og_image":[{"width":300,"height":608,"url":"https:\/\/www.ilovewines.vn\/wp-content\/uploads\/2022\/12\/kop_shiraz.png","type":"image\/png"}],"twitter_card":"summary_large_image","twitter_misc":{"\u01af\u1edbc t\u00ednh th\u1eddi gian \u0111\u1ecdc":"1 ph\u00fat"},"schema":{"@context":"https:\/\/schema.org","@graph":[{"@type":"WebPage","@id":"https:\/\/www.ilovewines.vn\/product\/kings-of-prohibition-shiraz\/","url":"https:\/\/www.ilovewines.vn\/product\/kings-of-prohibition-shiraz\/","name":"Kings of Prohibition Shiraz - Rada Wines","isPartOf":{"@id":"https:\/\/www.ilovewines.vn\/#website"},"primaryImageOfPage":{"@id":"https:\/\/www.ilovewines.vn\/product\/kings-of-prohibition-shiraz\/#primaryimage"},"image":{"@id":"https:\/\/www.ilovewines.vn\/product\/kings-of-prohibition-shiraz\/#primaryimage"},"thumbnailUrl":"https:\/\/www.ilovewines.vn\/wp-content\/uploads\/2022\/12\/kop_shiraz.png","datePublished":"2022-12-06T06:28:35+00:00","dateModified":"2023-10-12T13:59:26+00:00","breadcrumb":{"@id":"https:\/\/www.ilovewines.vn\/product\/kings-of-prohibition-shiraz\/#breadcrumb"},"inLanguage":"vi","potentialAction":[{"@type":"ReadAction","target":["https:\/\/www.ilovewines.vn\/product\/kings-of-prohibition-shiraz\/"]}]},{"@type":"ImageObject","inLanguage":"vi","@id":"https:\/\/www.ilovewines.vn\/product\/kings-of-prohibition-shiraz\/#primaryimage","url":"https:\/\/www.ilovewines.vn\/wp-content\/uploads\/2022\/12\/kop_shiraz.png","contentUrl":"https:\/\/www.ilovewines.vn\/wp-content\/uploads\/2022\/12\/kop_shiraz.png","width":300,"height":608},{"@type":"BreadcrumbList","@id":"https:\/\/www.ilovewines.vn\/product\/kings-of-prohibition-shiraz\/#breadcrumb","itemListElement":[{"@type":"ListItem","position":1,"name":"Home","item":"https:\/\/www.ilovewines.vn\/"},{"@type":"ListItem","position":2,"name":"Catalogue","item":"https:\/\/www.ilovewines.vn\/catalogue\/"},{"@type":"ListItem","position":3,"name":"Kings of Prohibition Shiraz"}]},{"@type":"WebSite","@id":"https:\/\/www.ilovewines.vn\/#website","url":"https:\/\/www.ilovewines.vn\/","name":"Rada Wines","description":"Just another WordPress site","publisher":{"@id":"https:\/\/www.ilovewines.vn\/#organization"},"potentialAction":[{"@type":"SearchAction","target":{"@type":"EntryPoint","urlTemplate":"https:\/\/www.ilovewines.vn\/?s={search_term_string}"},"query-input":{"@type":"PropertyValueSpecification","valueRequired":true,"valueName":"search_term_string"}}],"inLanguage":"vi"},{"@type":"Organization","@id":"https:\/\/www.ilovewines.vn\/#organization","name":"Rada Wines","url":"https:\/\/www.ilovewines.vn\/","logo":{"@type":"ImageObject","inLanguage":"vi","@id":"https:\/\/www.ilovewines.vn\/#\/schema\/logo\/image\/","url":"https:\/\/www.ilovewines.vn\/wp-content\/uploads\/2022\/06\/cropped-162574230_380766779846763_4426584222903300096_n.jpg","contentUrl":"https:\/\/www.ilovewines.vn\/wp-content\/uploads\/2022\/06\/cropped-162574230_380766779846763_4426584222903300096_n.jpg","width":320,"height":206,"caption":"Rada Wines"},"image":{"@id":"https:\/\/www.ilovewines.vn\/#\/schema\/logo\/image\/"}}]}},"_links":{"self":[{"href":"https:\/\/www.ilovewines.vn\/vi\/wp-json\/wp\/v2\/product\/4314","targetHints":{"allow":["GET"]}}],"collection":[{"href":"https:\/\/www.ilovewines.vn\/vi\/wp-json\/wp\/v2\/product"}],"about":[{"href":"https:\/\/www.ilovewines.vn\/vi\/wp-json\/wp\/v2\/types\/product"}],"version-history":[{"count":0,"href":"https:\/\/www.ilovewines.vn\/vi\/wp-json\/wp\/v2\/product\/4314\/revisions"}],"wp:featuredmedia":[{"embeddable":true,"href":"https:\/\/www.ilovewines.vn\/vi\/wp-json\/wp\/v2\/media\/4315"}],"wp:attachment":[{"href":"https:\/\/www.ilovewines.vn\/vi\/wp-json\/wp\/v2\/media?parent=4314"}],"wp:term":[{"taxonomy":"product_brand","embeddable":true,"href":"https:\/\/www.ilovewines.vn\/vi\/wp-json\/wp\/v2\/product_brand?post=4314"},{"taxonomy":"product_cat","embeddable":true,"href":"https:\/\/www.ilovewines.vn\/vi\/wp-json\/wp\/v2\/product_cat?post=4314"},{"taxonomy":"product_tag","embeddable":true,"href":"https:\/\/www.ilovewines.vn\/vi\/wp-json\/wp\/v2\/product_tag?post=4314"},{"taxonomy":"grape_varietal","embeddable":true,"href":"https:\/\/www.ilovewines.vn\/vi\/wp-json\/wp\/v2\/grape_varietal?post=4314"},{"taxonomy":"wine_regions","embeddable":true,"href":"https:\/\/www.ilovewines.vn\/vi\/wp-json\/wp\/v2\/wine_regions?post=4314"}],"curies":[{"name":"wp","href":"https:\/\/api.w.org\/{rel}","templated":true}]}}