{"id":4318,"date":"2022-12-05T23:37:35","date_gmt":"2022-12-06T06:37:35","guid":{"rendered":"https:\/\/www.ilovewines.vn\/?post_type=product&#038;p=4318"},"modified":"2023-11-07T23:31:49","modified_gmt":"2023-11-08T06:31:49","slug":"crittenden-estate-gepetto-chardonnay","status":"publish","type":"product","link":"https:\/\/www.ilovewines.vn\/vi\/product\/crittenden-estate-gepetto-chardonnay\/","title":{"rendered":"Crittenden Estate Geppetto Chardonnay"},"content":{"rendered":"<p><strong>NI\u00caN V\u1ee4 2017<\/strong>M\u1ed9t m\u00f9a h\u00e8 m\u00e1t m\u1ebb v\u1edbi l\u01b0\u1ee3ng m\u01b0a v\u01b0\u1ee3t tr\u1ed9i ban \u0111\u1ea7u \u0111\u00e3 g\u00e2y lo ng\u1ea1i v\u1ec1 \u00e1p l\u1ef1c v\u1ec1 s\u00e2u b\u1ec7nh cao nh\u1ea5t trong nhi\u1ec1u n\u0103m nay. Tuy nhi\u00ean, th\u00f4ng qua vi\u1ec7c qu\u1ea3n l\u00fd c\u00e0nh c\u00e2y nghi\u00eam ng\u1eb7t v\u00e0 s\u1ee9c kh\u1ecfe c\u00e2y nho xu\u1ea5t s\u1eafc, ch\u00fang t\u00f4i \u0111\u00e3 tr\u00e1nh \u0111\u01b0\u1ee3c b\u1ea5t k\u1ef3 s\u1ef1 b\u00f9ng ph\u00e1t n\u1ea5m v\u00e0 m\u1ed1c n\u00e0o. \u0110i\u1ec1u ki\u1ec7n th\u1eddi ti\u1ebft \u00f4n h\u00f2a c\u0169ng t\u1ea1o \u0111i\u1ec1u ki\u1ec7n cho m\u1ed9t m\u00f9a ch\u00edn k\u00e9o d\u00e0i, khi\u1ebfn cho h\u1ea7u h\u1ebft nh\u1eefng gi\u1ed1ng nho \u0111\u1ecf ph\u00e1t tri\u1ec3n c\u1ea5u tr\u00fac tuy\u1ec7t v\u1eddi v\u00e0 \u0111\u1ed9 s\u00e2u m\u00e0u s\u1eafc, trong khi nh\u1eefng gi\u1ed1ng nho tr\u1eafng gi\u1eef \u0111\u01b0\u1ee3c \u0111\u1ed9 axit t\u01b0\u01a1i s\u00e1ng v\u00e0 s\u1ef1 tinh t\u1ebfc\u00f3 th\u1ec3 \u0111\u01b0\u1ee3c truy\u1ec1n l\u1ea1i trong nhi\u1ec1u n\u0103m t\u1edbi. V\u1edbi m\u1ee9c s\u1ea3n l\u01b0\u1ee3ng \u0111\u1ee7 n\u1ebfu kh\u00f4ng mu\u1ed1n n\u00f3i l\u00e0 phong ph\u00fa, \u0111\u00e2y th\u1ef1c s\u1ef1 l\u00e0 m\u1ed9t n\u0103m \u0111\u00e1ng nh\u1edb!<\/p>\n<p><strong>V\u00d9NG NHO<\/strong>: King Valley, Victoria.<\/p>\n<p><strong>QU\u00c1 TR\u00ccNH S\u1ea2N XU\u1ea4T<\/strong>: Lo\u1ea1i r\u01b0\u1ee3u n\u00e0y \u0111\u01b0\u1ee3c l\u00e0m r\u1ea5t \u0111\u01a1n gi\u1ea3n. Nho \u0111\u01b0\u1ee3c t\u00e1ch cu\u1ed1ng v\u00e0 nghi\u1ec1n nh\u1eb9 b\u1eb1ng m\u00e1y \u00e9p t\u00fai kh\u00ed. N\u01b0\u1edbc \u00e9p \u0111\u00e3 v\u1eaft \u0111\u01b0\u1ee3c b\u01a1m v\u00e0o b\u1ec3 m\u1ed9t c\u00e1ch c\u1ea9n th\u1eadn v\u00e0 \u0111\u1ec3 l\u1eafng trong 36 gi\u1edd. N\u01b0\u1edbc \u00e9p trong su\u1ed1t \u0111\u01b0\u1ee3c \u0111\u1ed5 (b\u01a1m) v\u00e0o th\u00f9ng ch\u1ee9a b\u1eb1ng th\u00e9p kh\u00f4ng g\u1ec9, n\u01a1i di\u1ec5n ra qu\u00e1 tr\u00ecnh l\u00ean men \u0111\u01b0\u1ee3c ki\u1ec3m so\u00e1t \u1edf nhi\u1ec7t \u0111\u1ed9 18 \u0111\u1ebfn 20 \u0111\u1ed9 C. M\u1ed9t th\u00e0nh ph\u1ea7n nh\u1ecf \u0111\u01b0\u1ee3c ph\u00e9p ho\u00e0n th\u00e0nh qu\u00e1 tr\u00ecnh l\u00ean men malolactic \u0111\u1ec3 t\u0103ng th\u00eam m\u1ee9c \u0111\u1ed9 ph\u1ee9c t\u1ea1p. Sau khi l\u00ean men, r\u01b0\u1ee3u \u0111\u01b0\u1ee3c \u1ee7 trong 8 th\u00e1ng v\u1edbi l\u01b0\u1ee3ng c\u1eb7n l\u1edbn tr\u01b0\u1edbc khi l\u1ecdc v\u00e0 \u0111\u00f3ng chai.<\/p>\n<p><strong>KH\u1ee8U GI\u00c1C<\/strong>: H\u01b0\u01a1ng \u0111\u00e0o tr\u1eafng v\u00e0 d\u01b0a v\u00e0ng.<\/p>\n<p><strong>\u00a0V\u1eca GI\u00c1C<\/strong>: K\u1ebft th\u00fac c\u00f3 v\u1ecb hoa qu\u1ea3 s\u1ed1ng \u0111\u1ed9ng.<\/p>\n<p><strong>DRINK WITH<\/strong>: Pate g\u00e0, s\u00fap kem rau c\u1ee7, ch\u1ea3 c\u00e1 h\u1ed3i.<\/p>\n<p><strong>C\u1ea4T TR\u1eee<\/strong>U\u1ed1ng ngay ho\u1eb7c c\u1ea5t tr\u1eef trong v\u00f2ng 3 n\u0103m t\u1edbi<\/p>\n<p><strong>THU\u1ea6N CHAY<\/strong><\/p>\n<p><strong>TH\u00d4NG S\u1ed0 K\u0128 THU\u1eacT<\/strong>: \u0110\u1ed9 c\u1ed3n: 13%, pH: 3,17, Axit: 6,7 g\/l, L\u01b0\u1ee3ng \u0111\u01b0\u1eddng d\u01b0: Kh\u00f4, Malolactic: 20%<\/p>","protected":false},"excerpt":{"rendered":"<p>Th\u01a1m h\u01b0\u01a1ng \u0111\u00e0o tr\u1eafng v\u00e0 d\u01b0a l\u01b0\u1edbi, chai r\u01b0\u1ee3u n\u00e0y c\u00f3 c\u1ea5u tr\u00fac tuy\u1ec7t v\u1eddi v\u00e0 \u0111\u1ed9 chua s\u1ed1ng \u0111\u1ed9ng. L\u00e0 th\u1ee9c u\u1ed1ng k\u00e8m ho\u00e0n h\u1ea3o khi \u0103n m\u00f3n ch\u1ea3 c\u00e1 ki\u1ec3u Vi\u1ec7t Nam<\/p>","protected":false},"featured_media":4319,"template":"","meta":{"_acf_changed":false},"product_brand":[],"product_cat":[2640,89],"product_tag":[],"grape_varietal":[2472,2478],"wine_regions":[2438],"class_list":{"0":"post-4318","1":"product","2":"type-product","3":"status-publish","4":"has-post-thumbnail","6":"product_cat-catalogue","7":"product_cat-white-wine","8":"pa_brand-crittenden-estate","9":"grape_varietal-chardonnay","10":"grape_varietal-white","11":"wine_regions-king-valley","13":"first","14":"instock","15":"shipping-taxable","16":"product-type-simple"},"acf":[],"yoast_head":"<!-- This site is optimized with the Yoast SEO plugin v27.4 - https:\/\/yoast.com\/product\/yoast-seo-wordpress\/ -->\n<title>Crittenden Estate Geppetto Chardonnay - Rada Wines<\/title>\n<meta name=\"robots\" content=\"index, follow, max-snippet:-1, max-image-preview:large, max-video-preview:-1\" \/>\n<link rel=\"canonical\" href=\"https:\/\/www.ilovewines.vn\/vi\/san-pham\/crittenden-estate-gepetto-chardonnay\/\" \/>\n<meta property=\"og:locale\" content=\"vi_VN\" \/>\n<meta property=\"og:type\" content=\"article\" \/>\n<meta property=\"og:title\" content=\"Crittenden Estate Geppetto Chardonnay - Rada Wines\" \/>\n<meta property=\"og:description\" content=\"Hints of white peach and melon, this wine has wonderful structure and vibrant acidity. Perfect pairing with Vietnamese fish cakes.\" \/>\n<meta property=\"og:url\" content=\"https:\/\/www.ilovewines.vn\/vi\/san-pham\/crittenden-estate-gepetto-chardonnay\/\" \/>\n<meta property=\"og:site_name\" content=\"Rada Wines\" \/>\n<meta property=\"article:modified_time\" content=\"2023-11-08T06:31:49+00:00\" \/>\n<meta property=\"og:image\" content=\"https:\/\/www.ilovewines.vn\/wp-content\/uploads\/2022\/12\/ce_gepetto_chardonnay.png\" \/>\n\t<meta property=\"og:image:width\" content=\"119\" \/>\n\t<meta property=\"og:image:height\" content=\"450\" \/>\n\t<meta property=\"og:image:type\" content=\"image\/png\" \/>\n<meta name=\"twitter:card\" content=\"summary_large_image\" \/>\n<meta name=\"twitter:label1\" content=\"\u01af\u1edbc t\u00ednh th\u1eddi gian \u0111\u1ecdc\" \/>\n\t<meta name=\"twitter:data1\" content=\"1 ph\u00fat\" \/>\n<script type=\"application\/ld+json\" class=\"yoast-schema-graph\">{\"@context\":\"https:\\\/\\\/schema.org\",\"@graph\":[{\"@type\":\"WebPage\",\"@id\":\"https:\\\/\\\/www.ilovewines.vn\\\/product\\\/crittenden-estate-gepetto-chardonnay\\\/\",\"url\":\"https:\\\/\\\/www.ilovewines.vn\\\/product\\\/crittenden-estate-gepetto-chardonnay\\\/\",\"name\":\"Crittenden Estate Geppetto Chardonnay - Rada Wines\",\"isPartOf\":{\"@id\":\"https:\\\/\\\/www.ilovewines.vn\\\/#website\"},\"primaryImageOfPage\":{\"@id\":\"https:\\\/\\\/www.ilovewines.vn\\\/product\\\/crittenden-estate-gepetto-chardonnay\\\/#primaryimage\"},\"image\":{\"@id\":\"https:\\\/\\\/www.ilovewines.vn\\\/product\\\/crittenden-estate-gepetto-chardonnay\\\/#primaryimage\"},\"thumbnailUrl\":\"https:\\\/\\\/www.ilovewines.vn\\\/wp-content\\\/uploads\\\/2022\\\/12\\\/ce_gepetto_chardonnay.png\",\"datePublished\":\"2022-12-06T06:37:35+00:00\",\"dateModified\":\"2023-11-08T06:31:49+00:00\",\"breadcrumb\":{\"@id\":\"https:\\\/\\\/www.ilovewines.vn\\\/product\\\/crittenden-estate-gepetto-chardonnay\\\/#breadcrumb\"},\"inLanguage\":\"vi\",\"potentialAction\":[{\"@type\":\"ReadAction\",\"target\":[\"https:\\\/\\\/www.ilovewines.vn\\\/product\\\/crittenden-estate-gepetto-chardonnay\\\/\"]}]},{\"@type\":\"ImageObject\",\"inLanguage\":\"vi\",\"@id\":\"https:\\\/\\\/www.ilovewines.vn\\\/product\\\/crittenden-estate-gepetto-chardonnay\\\/#primaryimage\",\"url\":\"https:\\\/\\\/www.ilovewines.vn\\\/wp-content\\\/uploads\\\/2022\\\/12\\\/ce_gepetto_chardonnay.png\",\"contentUrl\":\"https:\\\/\\\/www.ilovewines.vn\\\/wp-content\\\/uploads\\\/2022\\\/12\\\/ce_gepetto_chardonnay.png\",\"width\":119,\"height\":450},{\"@type\":\"BreadcrumbList\",\"@id\":\"https:\\\/\\\/www.ilovewines.vn\\\/product\\\/crittenden-estate-gepetto-chardonnay\\\/#breadcrumb\",\"itemListElement\":[{\"@type\":\"ListItem\",\"position\":1,\"name\":\"Home\",\"item\":\"https:\\\/\\\/www.ilovewines.vn\\\/\"},{\"@type\":\"ListItem\",\"position\":2,\"name\":\"Catalogue\",\"item\":\"https:\\\/\\\/www.ilovewines.vn\\\/catalogue\\\/\"},{\"@type\":\"ListItem\",\"position\":3,\"name\":\"Crittenden Estate Geppetto Chardonnay\"}]},{\"@type\":\"WebSite\",\"@id\":\"https:\\\/\\\/www.ilovewines.vn\\\/#website\",\"url\":\"https:\\\/\\\/www.ilovewines.vn\\\/\",\"name\":\"Rada Wines\",\"description\":\"Just another WordPress site\",\"publisher\":{\"@id\":\"https:\\\/\\\/www.ilovewines.vn\\\/#organization\"},\"potentialAction\":[{\"@type\":\"SearchAction\",\"target\":{\"@type\":\"EntryPoint\",\"urlTemplate\":\"https:\\\/\\\/www.ilovewines.vn\\\/?s={search_term_string}\"},\"query-input\":{\"@type\":\"PropertyValueSpecification\",\"valueRequired\":true,\"valueName\":\"search_term_string\"}}],\"inLanguage\":\"vi\"},{\"@type\":\"Organization\",\"@id\":\"https:\\\/\\\/www.ilovewines.vn\\\/#organization\",\"name\":\"Rada Wines\",\"url\":\"https:\\\/\\\/www.ilovewines.vn\\\/\",\"logo\":{\"@type\":\"ImageObject\",\"inLanguage\":\"vi\",\"@id\":\"https:\\\/\\\/www.ilovewines.vn\\\/#\\\/schema\\\/logo\\\/image\\\/\",\"url\":\"https:\\\/\\\/www.ilovewines.vn\\\/wp-content\\\/uploads\\\/2022\\\/06\\\/cropped-162574230_380766779846763_4426584222903300096_n.jpg\",\"contentUrl\":\"https:\\\/\\\/www.ilovewines.vn\\\/wp-content\\\/uploads\\\/2022\\\/06\\\/cropped-162574230_380766779846763_4426584222903300096_n.jpg\",\"width\":320,\"height\":206,\"caption\":\"Rada Wines\"},\"image\":{\"@id\":\"https:\\\/\\\/www.ilovewines.vn\\\/#\\\/schema\\\/logo\\\/image\\\/\"}}]}<\/script>\n<!-- \/ Yoast SEO plugin. -->","yoast_head_json":{"title":"Crittenden Estate Geppetto Chardonnay - Rada Wines","robots":{"index":"index","follow":"follow","max-snippet":"max-snippet:-1","max-image-preview":"max-image-preview:large","max-video-preview":"max-video-preview:-1"},"canonical":"https:\/\/www.ilovewines.vn\/vi\/san-pham\/crittenden-estate-gepetto-chardonnay\/","og_locale":"vi_VN","og_type":"article","og_title":"Crittenden Estate Geppetto Chardonnay - Rada Wines","og_description":"Hints of white peach and melon, this wine has wonderful structure and vibrant acidity. Perfect pairing with Vietnamese fish cakes.","og_url":"https:\/\/www.ilovewines.vn\/vi\/san-pham\/crittenden-estate-gepetto-chardonnay\/","og_site_name":"Rada Wines","article_modified_time":"2023-11-08T06:31:49+00:00","og_image":[{"width":119,"height":450,"url":"https:\/\/www.ilovewines.vn\/wp-content\/uploads\/2022\/12\/ce_gepetto_chardonnay.png","type":"image\/png"}],"twitter_card":"summary_large_image","twitter_misc":{"\u01af\u1edbc t\u00ednh th\u1eddi gian \u0111\u1ecdc":"1 ph\u00fat"},"schema":{"@context":"https:\/\/schema.org","@graph":[{"@type":"WebPage","@id":"https:\/\/www.ilovewines.vn\/product\/crittenden-estate-gepetto-chardonnay\/","url":"https:\/\/www.ilovewines.vn\/product\/crittenden-estate-gepetto-chardonnay\/","name":"Crittenden Estate Geppetto Chardonnay - Rada Wines","isPartOf":{"@id":"https:\/\/www.ilovewines.vn\/#website"},"primaryImageOfPage":{"@id":"https:\/\/www.ilovewines.vn\/product\/crittenden-estate-gepetto-chardonnay\/#primaryimage"},"image":{"@id":"https:\/\/www.ilovewines.vn\/product\/crittenden-estate-gepetto-chardonnay\/#primaryimage"},"thumbnailUrl":"https:\/\/www.ilovewines.vn\/wp-content\/uploads\/2022\/12\/ce_gepetto_chardonnay.png","datePublished":"2022-12-06T06:37:35+00:00","dateModified":"2023-11-08T06:31:49+00:00","breadcrumb":{"@id":"https:\/\/www.ilovewines.vn\/product\/crittenden-estate-gepetto-chardonnay\/#breadcrumb"},"inLanguage":"vi","potentialAction":[{"@type":"ReadAction","target":["https:\/\/www.ilovewines.vn\/product\/crittenden-estate-gepetto-chardonnay\/"]}]},{"@type":"ImageObject","inLanguage":"vi","@id":"https:\/\/www.ilovewines.vn\/product\/crittenden-estate-gepetto-chardonnay\/#primaryimage","url":"https:\/\/www.ilovewines.vn\/wp-content\/uploads\/2022\/12\/ce_gepetto_chardonnay.png","contentUrl":"https:\/\/www.ilovewines.vn\/wp-content\/uploads\/2022\/12\/ce_gepetto_chardonnay.png","width":119,"height":450},{"@type":"BreadcrumbList","@id":"https:\/\/www.ilovewines.vn\/product\/crittenden-estate-gepetto-chardonnay\/#breadcrumb","itemListElement":[{"@type":"ListItem","position":1,"name":"Home","item":"https:\/\/www.ilovewines.vn\/"},{"@type":"ListItem","position":2,"name":"Catalogue","item":"https:\/\/www.ilovewines.vn\/catalogue\/"},{"@type":"ListItem","position":3,"name":"Crittenden Estate Geppetto Chardonnay"}]},{"@type":"WebSite","@id":"https:\/\/www.ilovewines.vn\/#website","url":"https:\/\/www.ilovewines.vn\/","name":"Rada Wines","description":"Just another WordPress site","publisher":{"@id":"https:\/\/www.ilovewines.vn\/#organization"},"potentialAction":[{"@type":"SearchAction","target":{"@type":"EntryPoint","urlTemplate":"https:\/\/www.ilovewines.vn\/?s={search_term_string}"},"query-input":{"@type":"PropertyValueSpecification","valueRequired":true,"valueName":"search_term_string"}}],"inLanguage":"vi"},{"@type":"Organization","@id":"https:\/\/www.ilovewines.vn\/#organization","name":"Rada Wines","url":"https:\/\/www.ilovewines.vn\/","logo":{"@type":"ImageObject","inLanguage":"vi","@id":"https:\/\/www.ilovewines.vn\/#\/schema\/logo\/image\/","url":"https:\/\/www.ilovewines.vn\/wp-content\/uploads\/2022\/06\/cropped-162574230_380766779846763_4426584222903300096_n.jpg","contentUrl":"https:\/\/www.ilovewines.vn\/wp-content\/uploads\/2022\/06\/cropped-162574230_380766779846763_4426584222903300096_n.jpg","width":320,"height":206,"caption":"Rada Wines"},"image":{"@id":"https:\/\/www.ilovewines.vn\/#\/schema\/logo\/image\/"}}]}},"_links":{"self":[{"href":"https:\/\/www.ilovewines.vn\/vi\/wp-json\/wp\/v2\/product\/4318","targetHints":{"allow":["GET"]}}],"collection":[{"href":"https:\/\/www.ilovewines.vn\/vi\/wp-json\/wp\/v2\/product"}],"about":[{"href":"https:\/\/www.ilovewines.vn\/vi\/wp-json\/wp\/v2\/types\/product"}],"version-history":[{"count":0,"href":"https:\/\/www.ilovewines.vn\/vi\/wp-json\/wp\/v2\/product\/4318\/revisions"}],"wp:featuredmedia":[{"embeddable":true,"href":"https:\/\/www.ilovewines.vn\/vi\/wp-json\/wp\/v2\/media\/4319"}],"wp:attachment":[{"href":"https:\/\/www.ilovewines.vn\/vi\/wp-json\/wp\/v2\/media?parent=4318"}],"wp:term":[{"taxonomy":"product_brand","embeddable":true,"href":"https:\/\/www.ilovewines.vn\/vi\/wp-json\/wp\/v2\/product_brand?post=4318"},{"taxonomy":"product_cat","embeddable":true,"href":"https:\/\/www.ilovewines.vn\/vi\/wp-json\/wp\/v2\/product_cat?post=4318"},{"taxonomy":"product_tag","embeddable":true,"href":"https:\/\/www.ilovewines.vn\/vi\/wp-json\/wp\/v2\/product_tag?post=4318"},{"taxonomy":"grape_varietal","embeddable":true,"href":"https:\/\/www.ilovewines.vn\/vi\/wp-json\/wp\/v2\/grape_varietal?post=4318"},{"taxonomy":"wine_regions","embeddable":true,"href":"https:\/\/www.ilovewines.vn\/vi\/wp-json\/wp\/v2\/wine_regions?post=4318"}],"curies":[{"name":"wp","href":"https:\/\/api.w.org\/{rel}","templated":true}]}}