{"id":4320,"date":"2022-12-05T23:37:42","date_gmt":"2022-12-06T06:37:42","guid":{"rendered":"https:\/\/www.ilovewines.vn\/?post_type=product&#038;p=4320"},"modified":"2023-11-07T23:36:37","modified_gmt":"2023-11-08T06:36:37","slug":"crittenden-estate-geppetto-pinot-noir","status":"publish","type":"product","link":"https:\/\/www.ilovewines.vn\/vi\/product\/crittenden-estate-geppetto-pinot-noir\/","title":{"rendered":"Crittenden Estate Geppetto Pinot Noir"},"content":{"rendered":"<p>D\u00f2ng r\u01b0\u1ee3u c\u1ed5 \u0111i\u1ec3n theo ki\u1ec3u Ph\u00e1p n\u00e0y \u0111\u01b0\u1ee3c thi\u1ebft k\u1ebf r\u00f5 r\u00e0ng \u0111\u1ec3 ph\u1ee5c v\u1ee5 gi\u1edbi tr\u1ebb v\u00e0 l\u00e0 m\u1ed9t ph\u1ea7n trong n\u1ed7 l\u1ef1c c\u1ee7a gia \u0111\u00ecnh nh\u1eb1m s\u1ea3n xu\u1ea5t r\u01b0\u1ee3u vang cao c\u1ea5p nh\u01b0ng gi\u00e1 c\u1ea3 ph\u1ea3i ch\u0103ng t\u1eeb nho \u0111\u01b0\u1ee3c tr\u1ed3ng \u1edf m\u1ed9t s\u1ed1 v\u00f9ng kh\u00ed h\u1eadu m\u00e1t m\u1ebb c\u1ee7a Victoria, bao g\u1ed3m c\u1ea3 B\u00e1n \u0111\u1ea3o Mornington.<\/p>\n<p><strong>NI\u00caN V\u1ee4 2017<\/strong>M\u1ed9t m\u00f9a h\u00e8 m\u00e1t m\u1ebb v\u1edbi l\u01b0\u1ee3ng m\u01b0a v\u01b0\u1ee3t tr\u1ed9i ban \u0111\u1ea7u \u0111\u00e3 g\u00e2y lo ng\u1ea1i v\u1ec1 \u00e1p l\u1ef1c v\u1ec1 s\u00e2u b\u1ec7nh cao nh\u1ea5t trong nhi\u1ec1u n\u0103m nay. Tuy nhi\u00ean, th\u00f4ng qua vi\u1ec7c qu\u1ea3n l\u00fd c\u00e0nh c\u00e2y nghi\u00eam ng\u1eb7t v\u00e0 s\u1ee9c kh\u1ecfe c\u00e2y nho xu\u1ea5t s\u1eafc, ch\u00fang t\u00f4i \u0111\u00e3 tr\u00e1nh \u0111\u01b0\u1ee3c b\u1ea5t k\u1ef3 s\u1ef1 b\u00f9ng ph\u00e1t n\u1ea5m v\u00e0 m\u1ed1c n\u00e0o. \u0110i\u1ec1u ki\u1ec7n th\u1eddi ti\u1ebft \u00f4n h\u00f2a c\u0169ng t\u1ea1o \u0111i\u1ec1u ki\u1ec7n cho m\u1ed9t m\u00f9a ch\u00edn k\u00e9o d\u00e0i, khi\u1ebfn cho h\u1ea7u h\u1ebft nh\u1eefng gi\u1ed1ng nho \u0111\u1ecf ph\u00e1t tri\u1ec3n c\u1ea5u tr\u00fac tuy\u1ec7t v\u1eddi v\u00e0 \u0111\u1ed9 s\u00e2u m\u00e0u s\u1eafc, trong khi nh\u1eefng gi\u1ed1ng nho tr\u1eafng gi\u1eef \u0111\u01b0\u1ee3c \u0111\u1ed9 axit t\u01b0\u01a1i s\u00e1ng v\u00e0 s\u1ef1 tinh t\u1ebfc\u00f3 th\u1ec3 \u0111\u01b0\u1ee3c truy\u1ec1n l\u1ea1i trong nhi\u1ec1u n\u0103m t\u1edbi. V\u1edbi m\u1ee9c s\u1ea3n l\u01b0\u1ee3ng \u0111\u1ee7 n\u1ebfu kh\u00f4ng mu\u1ed1n n\u00f3i l\u00e0 phong ph\u00fa, \u0111\u00e2y th\u1ef1c s\u1ef1 l\u00e0 m\u1ed9t n\u0103m \u0111\u00e1ng nh\u1edb!<\/p>\n<p><strong>V\u00d9NG NHO<\/strong>: \u0110\u01b0\u1ee3c tuy\u1ec3n ch\u1ecdn t\u1eeb nh\u1eefng v\u01b0\u1eddn nho kh\u00ed h\u1eadu m\u00e1t m\u1ebb t\u1eeb kh\u1eafp n\u01a1i \u1edf Victoria.<\/p>\n<p><strong>QU\u00c1 TR\u00ccNH S\u1ea2N XU\u1ea4T<\/strong>: Sau khi thu ho\u1ea1ch, nho \u0111\u01b0\u1ee3c l\u00e0m l\u1ea1nh v\u00e0 ngay l\u1eadp t\u1ee9c \u0111\u01b0\u1ee3c \u0111\u01b0a v\u00e0o c\u00e1c m\u00e1y l\u00ean men nh\u1ecf m\u1edf m\u00e0 kh\u00f4ng b\u1ecb nghi\u1ec1n n\u00e1t. Sau \u0111\u00f3, ph\u1ea7n h\u1ed7n h\u1ee3p (n\u01b0\u1edbc tr\u00e1i c\u00e2y, c\u00f9i, v\u1ecf v\u00e0 h\u1ea1t) \u0111\u01b0\u1ee3c ph\u1ee7 m\u1ed9t l\u1edbp CO2 b\u1ea3o v\u1ec7 v\u00e0 \u0111\u1ec3 \u201cng\u00e2m l\u1ea1nh\u201d trong b\u1ed1n ng\u00e0y tr\u01b0\u1edbc khi b\u1eaft \u0111\u1ea7u qu\u00e1 tr\u00ecnh l\u00ean men. Qu\u00e1 tr\u00ecnh l\u00ean men \u0111\u01b0\u1ee3c ph\u00e9p b\u1eaft \u0111\u1ea7u m\u1ed9t c\u00e1ch t\u1ef1 nhi\u00ean v\u1edbi n\u1ea5m men hoang d\u00e3. Nhi\u1ec7t \u0111\u1ed9 l\u00ean men \u0111\u01b0\u1ee3c ph\u00e9p \u0111\u1ea1t t\u1edbi 32 \u0111\u1ed9 C tr\u01b0\u1edbc khi \u0111\u01b0\u1ee3c \u00e9p ra cho t\u1edbi khi v\u1ecf nho kh\u00f4 l\u1ea1i, ti\u1ebfp t\u1ee5c \u0111\u01b0a v\u00e0o th\u00f9ng g\u1ed7 s\u1ed3i Ph\u00e1p m\u1edbi s\u1eed d\u1ee5ng g\u1ea7n \u0111\u00e2y, (225 l\u00edt), v\u00e0 ti\u1ebfp t\u1ee5c \u0111\u01b0\u1ee3c gi\u1eef trong th\u00f9ng n\u00e0y 9 th\u00e1ng. Qu\u00e1 tr\u00ecnh l\u00ean men malolactic di\u1ec5n ra m\u1ed9t c\u00e1ch t\u1ef1 nhi\u00ean v\u00e0 ho\u00e0n t\u1ea5t v\u00e0o cu\u1ed1i m\u00f9a \u0111\u00f4ng. Sau khi \u1ee7 trong g\u1ed7 s\u1ed3i, r\u01b0\u1ee3u thu \u0111\u01b0\u1ee3c \u0111\u01b0\u1ee3c pha tr\u1ed9n v\u00e0o th\u00f9ng th\u00e9p kh\u00f4ng g\u1ec9, n\u01a1i n\u00f3 \u0111\u01b0\u1ee3c l\u1ecdc nh\u1eb9 \u0111\u1ec3 chu\u1ea9n b\u1ecb \u0111\u00f3ng chai.<\/p>\n<p><strong>KH\u1ee8U GI\u00c1C<\/strong>: Th\u01a1m l\u1eebng m\u00f9i qu\u1ea3 m\u1ecdng \u0111\u1ecf.<\/p>\n<p><strong>\u00a0V\u1eca GI\u00c1C<\/strong>: Tr\u00e1i c\u00e2y t\u01b0\u01a1i v\u00e0 tannin d\u1ebbo dai nh\u01b0ng v\u1eabn gi\u1eef \u0111\u01b0\u1ee3c \u0111\u1ed9 axit s\u1ed1ng \u0111\u1ed9ng th\u1ec3 hi\u1ec7n r\u00f5 m\u00f9a sinh tr\u01b0\u1edfng l\u00fd t\u01b0\u1edfng.<\/p>\n<p><strong>DRINK WITH<\/strong>: Heo n\u01b0\u1edbng BBQ ho\u1eb7c s\u01b0\u1eddn c\u1eebu, rau c\u1ee7 n\u01b0\u1edbng than.<\/p>\n<p><strong>C\u1ea4T TR\u1eee<\/strong>: U\u1ed1ng ngay ho\u1eb7c c\u1ea5t tr\u1eef trong v\u00f2ng 3 \u0111\u1ebfn 5 n\u0103m t\u1edbi<\/p>\n<p><strong>TH\u00d4NG S\u1ed0 K\u0128 THU\u1eacT<\/strong>: \u0110\u1ed9 c\u1ed3n: 14%, pH: 3,63, Axit: 5,93g\/l, L\u01b0\u1ee3ng \u0111\u01b0\u1eddng d\u01b0: Kh\u00f4, Malolactic: 100%<\/p>","protected":false},"excerpt":{"rendered":"<p>9 th\u00e1ng trong th\u00f9ng G\u1ed7 s\u1ed3i Ph\u00e1p \u0111\u00e3 \u0111em \u0111\u1ebfn \u0111\u1ed9 \u0111\u1eadm \u0111\u1eb7c \u0111\u00e1ng y\u00eau cho chai Pinot Noir t\u1eeb v\u00f9ng kh\u00ed h\u1eadu m\u00e1t m\u1ebb n\u00e0y. Qu\u1ea3 m\u1ecdng ch\u00edn \u0111\u1ecf \u0111\u00e1ng y\u00eau v\u00e0 tannin m\u1ec1m m\u1ea1i khi\u1ebfn r\u01b0\u1ee3u r\u1ea5t h\u1ee3p v\u1edbi c\u00e1c m\u00f3n th\u1ecbt heo n\u01b0\u1edbng BBQ.<\/p>","protected":false},"featured_media":4321,"template":"","meta":{"_acf_changed":false},"product_brand":[],"product_cat":[2640,87],"product_tag":[],"grape_varietal":[2469],"wine_regions":[2438],"class_list":{"0":"post-4320","1":"product","2":"type-product","3":"status-publish","4":"has-post-thumbnail","6":"product_cat-catalogue","7":"product_cat-red-wine","8":"pa_brand-crittenden-estate","9":"grape_varietal-pinot-noir","10":"wine_regions-king-valley","12":"first","13":"instock","14":"shipping-taxable","15":"product-type-simple"},"acf":[],"yoast_head":"<!-- This site is optimized with the Yoast SEO plugin v27.4 - https:\/\/yoast.com\/product\/yoast-seo-wordpress\/ -->\n<title>Crittenden Estate Geppetto Pinot Noir - Rada Wines<\/title>\n<meta name=\"robots\" content=\"index, follow, max-snippet:-1, max-image-preview:large, max-video-preview:-1\" \/>\n<link rel=\"canonical\" href=\"https:\/\/www.ilovewines.vn\/vi\/san-pham\/crittenden-estate-geppetto-pinot-noir\/\" \/>\n<meta property=\"og:locale\" content=\"vi_VN\" \/>\n<meta property=\"og:type\" content=\"article\" \/>\n<meta property=\"og:title\" content=\"Crittenden Estate Geppetto Pinot Noir - Rada Wines\" \/>\n<meta property=\"og:description\" content=\"9 months in French Oak helps provide a lovely deep intensity to this cool climate Pinot Noir. Lovely ripe red berries and supple tannins ensure a great pairing with BBQ Pork dishes.\" \/>\n<meta property=\"og:url\" content=\"https:\/\/www.ilovewines.vn\/vi\/san-pham\/crittenden-estate-geppetto-pinot-noir\/\" \/>\n<meta property=\"og:site_name\" content=\"Rada Wines\" \/>\n<meta property=\"article:modified_time\" content=\"2023-11-08T06:36:37+00:00\" \/>\n<meta property=\"og:image\" content=\"https:\/\/www.ilovewines.vn\/wp-content\/uploads\/2022\/12\/ce_gepetto_pinot_noir.png\" \/>\n\t<meta property=\"og:image:width\" content=\"300\" \/>\n\t<meta property=\"og:image:height\" content=\"615\" \/>\n\t<meta property=\"og:image:type\" content=\"image\/png\" \/>\n<meta name=\"twitter:card\" content=\"summary_large_image\" \/>\n<meta name=\"twitter:label1\" content=\"\u01af\u1edbc t\u00ednh th\u1eddi gian \u0111\u1ecdc\" \/>\n\t<meta name=\"twitter:data1\" content=\"2 ph\u00fat\" \/>\n<script type=\"application\/ld+json\" class=\"yoast-schema-graph\">{\"@context\":\"https:\\\/\\\/schema.org\",\"@graph\":[{\"@type\":\"WebPage\",\"@id\":\"https:\\\/\\\/www.ilovewines.vn\\\/product\\\/crittenden-estate-geppetto-pinot-noir\\\/\",\"url\":\"https:\\\/\\\/www.ilovewines.vn\\\/product\\\/crittenden-estate-geppetto-pinot-noir\\\/\",\"name\":\"Crittenden Estate Geppetto Pinot Noir - Rada Wines\",\"isPartOf\":{\"@id\":\"https:\\\/\\\/www.ilovewines.vn\\\/#website\"},\"primaryImageOfPage\":{\"@id\":\"https:\\\/\\\/www.ilovewines.vn\\\/product\\\/crittenden-estate-geppetto-pinot-noir\\\/#primaryimage\"},\"image\":{\"@id\":\"https:\\\/\\\/www.ilovewines.vn\\\/product\\\/crittenden-estate-geppetto-pinot-noir\\\/#primaryimage\"},\"thumbnailUrl\":\"https:\\\/\\\/www.ilovewines.vn\\\/wp-content\\\/uploads\\\/2022\\\/12\\\/ce_gepetto_pinot_noir.png\",\"datePublished\":\"2022-12-06T06:37:42+00:00\",\"dateModified\":\"2023-11-08T06:36:37+00:00\",\"breadcrumb\":{\"@id\":\"https:\\\/\\\/www.ilovewines.vn\\\/product\\\/crittenden-estate-geppetto-pinot-noir\\\/#breadcrumb\"},\"inLanguage\":\"vi\",\"potentialAction\":[{\"@type\":\"ReadAction\",\"target\":[\"https:\\\/\\\/www.ilovewines.vn\\\/product\\\/crittenden-estate-geppetto-pinot-noir\\\/\"]}]},{\"@type\":\"ImageObject\",\"inLanguage\":\"vi\",\"@id\":\"https:\\\/\\\/www.ilovewines.vn\\\/product\\\/crittenden-estate-geppetto-pinot-noir\\\/#primaryimage\",\"url\":\"https:\\\/\\\/www.ilovewines.vn\\\/wp-content\\\/uploads\\\/2022\\\/12\\\/ce_gepetto_pinot_noir.png\",\"contentUrl\":\"https:\\\/\\\/www.ilovewines.vn\\\/wp-content\\\/uploads\\\/2022\\\/12\\\/ce_gepetto_pinot_noir.png\",\"width\":300,\"height\":615},{\"@type\":\"BreadcrumbList\",\"@id\":\"https:\\\/\\\/www.ilovewines.vn\\\/product\\\/crittenden-estate-geppetto-pinot-noir\\\/#breadcrumb\",\"itemListElement\":[{\"@type\":\"ListItem\",\"position\":1,\"name\":\"Home\",\"item\":\"https:\\\/\\\/www.ilovewines.vn\\\/\"},{\"@type\":\"ListItem\",\"position\":2,\"name\":\"Catalogue\",\"item\":\"https:\\\/\\\/www.ilovewines.vn\\\/catalogue\\\/\"},{\"@type\":\"ListItem\",\"position\":3,\"name\":\"Crittenden Estate Geppetto Pinot Noir\"}]},{\"@type\":\"WebSite\",\"@id\":\"https:\\\/\\\/www.ilovewines.vn\\\/#website\",\"url\":\"https:\\\/\\\/www.ilovewines.vn\\\/\",\"name\":\"Rada Wines\",\"description\":\"Just another WordPress site\",\"publisher\":{\"@id\":\"https:\\\/\\\/www.ilovewines.vn\\\/#organization\"},\"potentialAction\":[{\"@type\":\"SearchAction\",\"target\":{\"@type\":\"EntryPoint\",\"urlTemplate\":\"https:\\\/\\\/www.ilovewines.vn\\\/?s={search_term_string}\"},\"query-input\":{\"@type\":\"PropertyValueSpecification\",\"valueRequired\":true,\"valueName\":\"search_term_string\"}}],\"inLanguage\":\"vi\"},{\"@type\":\"Organization\",\"@id\":\"https:\\\/\\\/www.ilovewines.vn\\\/#organization\",\"name\":\"Rada Wines\",\"url\":\"https:\\\/\\\/www.ilovewines.vn\\\/\",\"logo\":{\"@type\":\"ImageObject\",\"inLanguage\":\"vi\",\"@id\":\"https:\\\/\\\/www.ilovewines.vn\\\/#\\\/schema\\\/logo\\\/image\\\/\",\"url\":\"https:\\\/\\\/www.ilovewines.vn\\\/wp-content\\\/uploads\\\/2022\\\/06\\\/cropped-162574230_380766779846763_4426584222903300096_n.jpg\",\"contentUrl\":\"https:\\\/\\\/www.ilovewines.vn\\\/wp-content\\\/uploads\\\/2022\\\/06\\\/cropped-162574230_380766779846763_4426584222903300096_n.jpg\",\"width\":320,\"height\":206,\"caption\":\"Rada Wines\"},\"image\":{\"@id\":\"https:\\\/\\\/www.ilovewines.vn\\\/#\\\/schema\\\/logo\\\/image\\\/\"}}]}<\/script>\n<!-- \/ Yoast SEO plugin. -->","yoast_head_json":{"title":"Crittenden Estate Geppetto Pinot Noir - Rada Wines","robots":{"index":"index","follow":"follow","max-snippet":"max-snippet:-1","max-image-preview":"max-image-preview:large","max-video-preview":"max-video-preview:-1"},"canonical":"https:\/\/www.ilovewines.vn\/vi\/san-pham\/crittenden-estate-geppetto-pinot-noir\/","og_locale":"vi_VN","og_type":"article","og_title":"Crittenden Estate Geppetto Pinot Noir - Rada Wines","og_description":"9 months in French Oak helps provide a lovely deep intensity to this cool climate Pinot Noir. Lovely ripe red berries and supple tannins ensure a great pairing with BBQ Pork dishes.","og_url":"https:\/\/www.ilovewines.vn\/vi\/san-pham\/crittenden-estate-geppetto-pinot-noir\/","og_site_name":"Rada Wines","article_modified_time":"2023-11-08T06:36:37+00:00","og_image":[{"width":300,"height":615,"url":"https:\/\/www.ilovewines.vn\/wp-content\/uploads\/2022\/12\/ce_gepetto_pinot_noir.png","type":"image\/png"}],"twitter_card":"summary_large_image","twitter_misc":{"\u01af\u1edbc t\u00ednh th\u1eddi gian \u0111\u1ecdc":"2 ph\u00fat"},"schema":{"@context":"https:\/\/schema.org","@graph":[{"@type":"WebPage","@id":"https:\/\/www.ilovewines.vn\/product\/crittenden-estate-geppetto-pinot-noir\/","url":"https:\/\/www.ilovewines.vn\/product\/crittenden-estate-geppetto-pinot-noir\/","name":"Crittenden Estate Geppetto Pinot Noir - Rada Wines","isPartOf":{"@id":"https:\/\/www.ilovewines.vn\/#website"},"primaryImageOfPage":{"@id":"https:\/\/www.ilovewines.vn\/product\/crittenden-estate-geppetto-pinot-noir\/#primaryimage"},"image":{"@id":"https:\/\/www.ilovewines.vn\/product\/crittenden-estate-geppetto-pinot-noir\/#primaryimage"},"thumbnailUrl":"https:\/\/www.ilovewines.vn\/wp-content\/uploads\/2022\/12\/ce_gepetto_pinot_noir.png","datePublished":"2022-12-06T06:37:42+00:00","dateModified":"2023-11-08T06:36:37+00:00","breadcrumb":{"@id":"https:\/\/www.ilovewines.vn\/product\/crittenden-estate-geppetto-pinot-noir\/#breadcrumb"},"inLanguage":"vi","potentialAction":[{"@type":"ReadAction","target":["https:\/\/www.ilovewines.vn\/product\/crittenden-estate-geppetto-pinot-noir\/"]}]},{"@type":"ImageObject","inLanguage":"vi","@id":"https:\/\/www.ilovewines.vn\/product\/crittenden-estate-geppetto-pinot-noir\/#primaryimage","url":"https:\/\/www.ilovewines.vn\/wp-content\/uploads\/2022\/12\/ce_gepetto_pinot_noir.png","contentUrl":"https:\/\/www.ilovewines.vn\/wp-content\/uploads\/2022\/12\/ce_gepetto_pinot_noir.png","width":300,"height":615},{"@type":"BreadcrumbList","@id":"https:\/\/www.ilovewines.vn\/product\/crittenden-estate-geppetto-pinot-noir\/#breadcrumb","itemListElement":[{"@type":"ListItem","position":1,"name":"Home","item":"https:\/\/www.ilovewines.vn\/"},{"@type":"ListItem","position":2,"name":"Catalogue","item":"https:\/\/www.ilovewines.vn\/catalogue\/"},{"@type":"ListItem","position":3,"name":"Crittenden Estate Geppetto Pinot Noir"}]},{"@type":"WebSite","@id":"https:\/\/www.ilovewines.vn\/#website","url":"https:\/\/www.ilovewines.vn\/","name":"Rada Wines","description":"Just another WordPress site","publisher":{"@id":"https:\/\/www.ilovewines.vn\/#organization"},"potentialAction":[{"@type":"SearchAction","target":{"@type":"EntryPoint","urlTemplate":"https:\/\/www.ilovewines.vn\/?s={search_term_string}"},"query-input":{"@type":"PropertyValueSpecification","valueRequired":true,"valueName":"search_term_string"}}],"inLanguage":"vi"},{"@type":"Organization","@id":"https:\/\/www.ilovewines.vn\/#organization","name":"Rada Wines","url":"https:\/\/www.ilovewines.vn\/","logo":{"@type":"ImageObject","inLanguage":"vi","@id":"https:\/\/www.ilovewines.vn\/#\/schema\/logo\/image\/","url":"https:\/\/www.ilovewines.vn\/wp-content\/uploads\/2022\/06\/cropped-162574230_380766779846763_4426584222903300096_n.jpg","contentUrl":"https:\/\/www.ilovewines.vn\/wp-content\/uploads\/2022\/06\/cropped-162574230_380766779846763_4426584222903300096_n.jpg","width":320,"height":206,"caption":"Rada Wines"},"image":{"@id":"https:\/\/www.ilovewines.vn\/#\/schema\/logo\/image\/"}}]}},"_links":{"self":[{"href":"https:\/\/www.ilovewines.vn\/vi\/wp-json\/wp\/v2\/product\/4320","targetHints":{"allow":["GET"]}}],"collection":[{"href":"https:\/\/www.ilovewines.vn\/vi\/wp-json\/wp\/v2\/product"}],"about":[{"href":"https:\/\/www.ilovewines.vn\/vi\/wp-json\/wp\/v2\/types\/product"}],"version-history":[{"count":0,"href":"https:\/\/www.ilovewines.vn\/vi\/wp-json\/wp\/v2\/product\/4320\/revisions"}],"wp:featuredmedia":[{"embeddable":true,"href":"https:\/\/www.ilovewines.vn\/vi\/wp-json\/wp\/v2\/media\/4321"}],"wp:attachment":[{"href":"https:\/\/www.ilovewines.vn\/vi\/wp-json\/wp\/v2\/media?parent=4320"}],"wp:term":[{"taxonomy":"product_brand","embeddable":true,"href":"https:\/\/www.ilovewines.vn\/vi\/wp-json\/wp\/v2\/product_brand?post=4320"},{"taxonomy":"product_cat","embeddable":true,"href":"https:\/\/www.ilovewines.vn\/vi\/wp-json\/wp\/v2\/product_cat?post=4320"},{"taxonomy":"product_tag","embeddable":true,"href":"https:\/\/www.ilovewines.vn\/vi\/wp-json\/wp\/v2\/product_tag?post=4320"},{"taxonomy":"grape_varietal","embeddable":true,"href":"https:\/\/www.ilovewines.vn\/vi\/wp-json\/wp\/v2\/grape_varietal?post=4320"},{"taxonomy":"wine_regions","embeddable":true,"href":"https:\/\/www.ilovewines.vn\/vi\/wp-json\/wp\/v2\/wine_regions?post=4320"}],"curies":[{"name":"wp","href":"https:\/\/api.w.org\/{rel}","templated":true}]}}