{"id":4334,"date":"2022-12-06T00:27:00","date_gmt":"2022-12-06T07:27:00","guid":{"rendered":"https:\/\/www.ilovewines.vn\/?post_type=product&#038;p=4334"},"modified":"2023-12-27T02:11:24","modified_gmt":"2023-12-27T09:11:24","slug":"hewitson-lulu-shiraz-2021","status":"publish","type":"product","link":"https:\/\/www.ilovewines.vn\/vi\/product\/hewitson-lulu-shiraz-2021\/","title":{"rendered":"Hewitson LuLu Shiraz"},"content":{"rendered":"<h3>GHI CH\u00da C\u1ee6A NH\u00c0 S\u1ea2N XU\u1ea4T<\/h3>\n<p>NI\u00caN V\u1ee4: 2019<\/p>\n<p>GI\u1ed0NG NHO \u0110\u01af\u1ee2C PHA TR\u1ed8N: 100% Shiraz<\/p>\n<p>V\u00d9NG TR\u1ed2NG: Thung l\u0169ng Barossa, Nam \u00dac<\/p>\n<p>T\u00caN G\u1eccI: Barossa Valley<\/p>\n<p>V\u01af\u1edcN NHO: Church Rd Block<\/p>\n<p>\u0110\u1ed8 CAO SO V\u1edaI M\u1ef0C N\u01af\u1edaC BI\u1ec2N: 210m<\/p>\n<p>\u0110\u1ea4T: \u0110\u1ea5t s\u00e9t pha c\u00e1t b\u1edf tr\u00ean \u0111\u00e1 v\u00f4i<\/p>\n<p>TU\u1ed4I C\u00c2Y NHO: 20 n\u0103m<\/p>\n<p>H\u1ec6 TH\u1ed0NG CANH T\u00c1C: L\u01b0\u1edbi m\u1eaft c\u00e1o, d\u00e2y t\u00e1n, h\u00e0ng b\u1eafc nam<\/p>\n<p>M\u1eacT \u0110\u1ed8 C\u00c2Y NHO: 2000 c\u00e2y\/Ha<\/p>\n<p>CANH T\u00c1C: C\u1ecf v\u0129nh h\u1eb1ng xen k\u1ebd; t\u01b0\u1edbi nh\u1ecf gi\u1ecdt t\u1eeb \u0111\u1eadp<\/p>\n<p>S\u1ea2N L\u01af\u1ee2NG: 5.0 t\u1ea5n\/Ha. 37HL\/Ha<\/p>\n<p>THU HO\u1ea0CH: 13 th\u00e1ng ba<\/p>\n<p>\u00c9P R\u01af\u1ee2U: K\u1ebft h\u1ee3p nho nguy\u00ean tr\u00e1i v\u00e0 nho nghi\u1ec1n n\u00e1t \/ c\u00f2n v\u1ecf t\u1ed1i trong 2 tu\u1ea7n\/ \u0111\u1ea3o l\u1ea1i (remontage)\u00a0<\/p>\n<p>\u1ee6 R\u01af\u1ee2U: Trong th\u00f9ng g\u1ed7 s\u1ed3i Ph\u00e1p \u01b0\u1edbp trong 16 th\u00e1ng<\/p>\n<p>PH\u00c2N T\u00cdCH: pH: 3.71 N\u1ed3ng \u0111\u1ed9 c\u1ed3n: 14.0% \u0110\u1ed9 axit: 5.6 g\/L \u0110\u01b0\u1eddng: 0.2 g\/L<\/p>\n<p>&nbsp;<\/p>","protected":false},"excerpt":{"rendered":"<p>D\u1ecbu d\u00e0ng v\u00e0 m\u1ec1m m\u1ea1i, th\u1ec3 hi\u1ec7n tuy\u1ec7t v\u1eddi ch\u1ea5t Barossa Shiraz, u\u1ed1ng ngay ho\u1eb7c c\u1ea5t tr\u1eef 5 n\u0103m. U\u1ed1ng kh\u00f4ng ho\u1eb7c u\u1ed1ng k\u00e8m \u0111\u1ed3 \u0103n.<\/p>\n<p>V\u01b0\u1eddn nho c\u1ee7a Hewitson LuLu Shiraz n\u1eb1m t\u1ea1i v\u1ecb tr\u00ed tuy\u1ec7t v\u1eddi, ch\u00ednh v\u00ec v\u1eady \u0111\u00e3 mang theo s\u1ef1 sang tr\u1ecdng c\u1ee7a kh\u00ed h\u1eadu m\u00e1t m\u1ebb c\u0169ng nh\u01b0 s\u1ef1 t\u01b0\u01a1i m\u1edbi v\u00e0o trong chai r\u01b0\u1ee3u \u00dac th\u01b0\u1edfng ph\u1ea9m n\u00e0y.<\/p>","protected":false},"featured_media":5098,"template":"","meta":{"_acf_changed":false},"product_brand":[],"product_cat":[2640,87],"product_tag":[],"grape_varietal":[2466],"wine_regions":[2416],"class_list":{"0":"post-4334","1":"product","2":"type-product","3":"status-publish","4":"has-post-thumbnail","6":"product_cat-catalogue","7":"product_cat-red-wine","8":"pa_brand-hewitson","9":"grape_varietal-shiraz","10":"wine_regions-adelaide-hills","12":"first","13":"instock","14":"shipping-taxable","15":"product-type-simple"},"acf":[],"yoast_head":"<!-- This site is optimized with the Yoast SEO plugin v27.4 - https:\/\/yoast.com\/product\/yoast-seo-wordpress\/ -->\n<title>Hewitson LuLu Shiraz - Rada Wines<\/title>\n<meta name=\"robots\" content=\"index, follow, max-snippet:-1, max-image-preview:large, max-video-preview:-1\" \/>\n<link rel=\"canonical\" href=\"https:\/\/www.ilovewines.vn\/vi\/san-pham\/hewitson-lulu-shiraz-2021\/\" \/>\n<meta property=\"og:locale\" content=\"vi_VN\" \/>\n<meta property=\"og:type\" content=\"article\" \/>\n<meta property=\"og:title\" content=\"Hewitson LuLu Shiraz - Rada Wines\" \/>\n<meta property=\"og:description\" content=\"Soft and smooth showing great Barossa Shiraz character for both 5 year cellaring or drinking now, with or without food.  The Hewitson LuLu Shiraz vineyard is superbly situated and brings cool climate elegance and freshness to Australia\u2019s premier variety.\" \/>\n<meta property=\"og:url\" content=\"https:\/\/www.ilovewines.vn\/vi\/san-pham\/hewitson-lulu-shiraz-2021\/\" \/>\n<meta property=\"og:site_name\" content=\"Rada Wines\" \/>\n<meta property=\"article:modified_time\" content=\"2023-12-27T09:11:24+00:00\" \/>\n<meta property=\"og:image\" content=\"https:\/\/www.ilovewines.vn\/wp-content\/uploads\/2022\/12\/2021LuluShirazBottle-e1703668273452.jpg\" \/>\n\t<meta property=\"og:image:width\" content=\"200\" \/>\n\t<meta property=\"og:image:height\" content=\"626\" \/>\n\t<meta property=\"og:image:type\" content=\"image\/jpeg\" \/>\n<meta name=\"twitter:card\" content=\"summary_large_image\" \/>\n<script type=\"application\/ld+json\" class=\"yoast-schema-graph\">{\"@context\":\"https:\\\/\\\/schema.org\",\"@graph\":[{\"@type\":\"WebPage\",\"@id\":\"https:\\\/\\\/www.ilovewines.vn\\\/product\\\/hewitson-lulu-shiraz-2021\\\/\",\"url\":\"https:\\\/\\\/www.ilovewines.vn\\\/product\\\/hewitson-lulu-shiraz-2021\\\/\",\"name\":\"Hewitson LuLu Shiraz - Rada Wines\",\"isPartOf\":{\"@id\":\"https:\\\/\\\/www.ilovewines.vn\\\/#website\"},\"primaryImageOfPage\":{\"@id\":\"https:\\\/\\\/www.ilovewines.vn\\\/product\\\/hewitson-lulu-shiraz-2021\\\/#primaryimage\"},\"image\":{\"@id\":\"https:\\\/\\\/www.ilovewines.vn\\\/product\\\/hewitson-lulu-shiraz-2021\\\/#primaryimage\"},\"thumbnailUrl\":\"https:\\\/\\\/www.ilovewines.vn\\\/wp-content\\\/uploads\\\/2022\\\/12\\\/2021LuluShirazBottle-e1703668273452.jpg\",\"datePublished\":\"2022-12-06T07:27:00+00:00\",\"dateModified\":\"2023-12-27T09:11:24+00:00\",\"breadcrumb\":{\"@id\":\"https:\\\/\\\/www.ilovewines.vn\\\/product\\\/hewitson-lulu-shiraz-2021\\\/#breadcrumb\"},\"inLanguage\":\"vi\",\"potentialAction\":[{\"@type\":\"ReadAction\",\"target\":[\"https:\\\/\\\/www.ilovewines.vn\\\/product\\\/hewitson-lulu-shiraz-2021\\\/\"]}]},{\"@type\":\"ImageObject\",\"inLanguage\":\"vi\",\"@id\":\"https:\\\/\\\/www.ilovewines.vn\\\/product\\\/hewitson-lulu-shiraz-2021\\\/#primaryimage\",\"url\":\"https:\\\/\\\/www.ilovewines.vn\\\/wp-content\\\/uploads\\\/2022\\\/12\\\/2021LuluShirazBottle-e1703668273452.jpg\",\"contentUrl\":\"https:\\\/\\\/www.ilovewines.vn\\\/wp-content\\\/uploads\\\/2022\\\/12\\\/2021LuluShirazBottle-e1703668273452.jpg\",\"width\":200,\"height\":626},{\"@type\":\"BreadcrumbList\",\"@id\":\"https:\\\/\\\/www.ilovewines.vn\\\/product\\\/hewitson-lulu-shiraz-2021\\\/#breadcrumb\",\"itemListElement\":[{\"@type\":\"ListItem\",\"position\":1,\"name\":\"Home\",\"item\":\"https:\\\/\\\/www.ilovewines.vn\\\/\"},{\"@type\":\"ListItem\",\"position\":2,\"name\":\"Catalogue\",\"item\":\"https:\\\/\\\/www.ilovewines.vn\\\/catalogue\\\/\"},{\"@type\":\"ListItem\",\"position\":3,\"name\":\"Hewitson LuLu Shiraz\"}]},{\"@type\":\"WebSite\",\"@id\":\"https:\\\/\\\/www.ilovewines.vn\\\/#website\",\"url\":\"https:\\\/\\\/www.ilovewines.vn\\\/\",\"name\":\"Rada Wines\",\"description\":\"Just another WordPress site\",\"publisher\":{\"@id\":\"https:\\\/\\\/www.ilovewines.vn\\\/#organization\"},\"potentialAction\":[{\"@type\":\"SearchAction\",\"target\":{\"@type\":\"EntryPoint\",\"urlTemplate\":\"https:\\\/\\\/www.ilovewines.vn\\\/?s={search_term_string}\"},\"query-input\":{\"@type\":\"PropertyValueSpecification\",\"valueRequired\":true,\"valueName\":\"search_term_string\"}}],\"inLanguage\":\"vi\"},{\"@type\":\"Organization\",\"@id\":\"https:\\\/\\\/www.ilovewines.vn\\\/#organization\",\"name\":\"Rada Wines\",\"url\":\"https:\\\/\\\/www.ilovewines.vn\\\/\",\"logo\":{\"@type\":\"ImageObject\",\"inLanguage\":\"vi\",\"@id\":\"https:\\\/\\\/www.ilovewines.vn\\\/#\\\/schema\\\/logo\\\/image\\\/\",\"url\":\"https:\\\/\\\/www.ilovewines.vn\\\/wp-content\\\/uploads\\\/2022\\\/06\\\/cropped-162574230_380766779846763_4426584222903300096_n.jpg\",\"contentUrl\":\"https:\\\/\\\/www.ilovewines.vn\\\/wp-content\\\/uploads\\\/2022\\\/06\\\/cropped-162574230_380766779846763_4426584222903300096_n.jpg\",\"width\":320,\"height\":206,\"caption\":\"Rada Wines\"},\"image\":{\"@id\":\"https:\\\/\\\/www.ilovewines.vn\\\/#\\\/schema\\\/logo\\\/image\\\/\"}}]}<\/script>\n<!-- \/ Yoast SEO plugin. -->","yoast_head_json":{"title":"Hewitson LuLu Shiraz - Rada Wines","robots":{"index":"index","follow":"follow","max-snippet":"max-snippet:-1","max-image-preview":"max-image-preview:large","max-video-preview":"max-video-preview:-1"},"canonical":"https:\/\/www.ilovewines.vn\/vi\/san-pham\/hewitson-lulu-shiraz-2021\/","og_locale":"vi_VN","og_type":"article","og_title":"Hewitson LuLu Shiraz - Rada Wines","og_description":"Soft and smooth showing great Barossa Shiraz character for both 5 year cellaring or drinking now, with or without food.  The Hewitson LuLu Shiraz vineyard is superbly situated and brings cool climate elegance and freshness to Australia\u2019s premier variety.","og_url":"https:\/\/www.ilovewines.vn\/vi\/san-pham\/hewitson-lulu-shiraz-2021\/","og_site_name":"Rada Wines","article_modified_time":"2023-12-27T09:11:24+00:00","og_image":[{"width":200,"height":626,"url":"https:\/\/www.ilovewines.vn\/wp-content\/uploads\/2022\/12\/2021LuluShirazBottle-e1703668273452.jpg","type":"image\/jpeg"}],"twitter_card":"summary_large_image","schema":{"@context":"https:\/\/schema.org","@graph":[{"@type":"WebPage","@id":"https:\/\/www.ilovewines.vn\/product\/hewitson-lulu-shiraz-2021\/","url":"https:\/\/www.ilovewines.vn\/product\/hewitson-lulu-shiraz-2021\/","name":"Hewitson LuLu Shiraz - Rada Wines","isPartOf":{"@id":"https:\/\/www.ilovewines.vn\/#website"},"primaryImageOfPage":{"@id":"https:\/\/www.ilovewines.vn\/product\/hewitson-lulu-shiraz-2021\/#primaryimage"},"image":{"@id":"https:\/\/www.ilovewines.vn\/product\/hewitson-lulu-shiraz-2021\/#primaryimage"},"thumbnailUrl":"https:\/\/www.ilovewines.vn\/wp-content\/uploads\/2022\/12\/2021LuluShirazBottle-e1703668273452.jpg","datePublished":"2022-12-06T07:27:00+00:00","dateModified":"2023-12-27T09:11:24+00:00","breadcrumb":{"@id":"https:\/\/www.ilovewines.vn\/product\/hewitson-lulu-shiraz-2021\/#breadcrumb"},"inLanguage":"vi","potentialAction":[{"@type":"ReadAction","target":["https:\/\/www.ilovewines.vn\/product\/hewitson-lulu-shiraz-2021\/"]}]},{"@type":"ImageObject","inLanguage":"vi","@id":"https:\/\/www.ilovewines.vn\/product\/hewitson-lulu-shiraz-2021\/#primaryimage","url":"https:\/\/www.ilovewines.vn\/wp-content\/uploads\/2022\/12\/2021LuluShirazBottle-e1703668273452.jpg","contentUrl":"https:\/\/www.ilovewines.vn\/wp-content\/uploads\/2022\/12\/2021LuluShirazBottle-e1703668273452.jpg","width":200,"height":626},{"@type":"BreadcrumbList","@id":"https:\/\/www.ilovewines.vn\/product\/hewitson-lulu-shiraz-2021\/#breadcrumb","itemListElement":[{"@type":"ListItem","position":1,"name":"Home","item":"https:\/\/www.ilovewines.vn\/"},{"@type":"ListItem","position":2,"name":"Catalogue","item":"https:\/\/www.ilovewines.vn\/catalogue\/"},{"@type":"ListItem","position":3,"name":"Hewitson LuLu Shiraz"}]},{"@type":"WebSite","@id":"https:\/\/www.ilovewines.vn\/#website","url":"https:\/\/www.ilovewines.vn\/","name":"Rada Wines","description":"Just another WordPress site","publisher":{"@id":"https:\/\/www.ilovewines.vn\/#organization"},"potentialAction":[{"@type":"SearchAction","target":{"@type":"EntryPoint","urlTemplate":"https:\/\/www.ilovewines.vn\/?s={search_term_string}"},"query-input":{"@type":"PropertyValueSpecification","valueRequired":true,"valueName":"search_term_string"}}],"inLanguage":"vi"},{"@type":"Organization","@id":"https:\/\/www.ilovewines.vn\/#organization","name":"Rada Wines","url":"https:\/\/www.ilovewines.vn\/","logo":{"@type":"ImageObject","inLanguage":"vi","@id":"https:\/\/www.ilovewines.vn\/#\/schema\/logo\/image\/","url":"https:\/\/www.ilovewines.vn\/wp-content\/uploads\/2022\/06\/cropped-162574230_380766779846763_4426584222903300096_n.jpg","contentUrl":"https:\/\/www.ilovewines.vn\/wp-content\/uploads\/2022\/06\/cropped-162574230_380766779846763_4426584222903300096_n.jpg","width":320,"height":206,"caption":"Rada Wines"},"image":{"@id":"https:\/\/www.ilovewines.vn\/#\/schema\/logo\/image\/"}}]}},"_links":{"self":[{"href":"https:\/\/www.ilovewines.vn\/vi\/wp-json\/wp\/v2\/product\/4334","targetHints":{"allow":["GET"]}}],"collection":[{"href":"https:\/\/www.ilovewines.vn\/vi\/wp-json\/wp\/v2\/product"}],"about":[{"href":"https:\/\/www.ilovewines.vn\/vi\/wp-json\/wp\/v2\/types\/product"}],"version-history":[{"count":0,"href":"https:\/\/www.ilovewines.vn\/vi\/wp-json\/wp\/v2\/product\/4334\/revisions"}],"wp:featuredmedia":[{"embeddable":true,"href":"https:\/\/www.ilovewines.vn\/vi\/wp-json\/wp\/v2\/media\/5098"}],"wp:attachment":[{"href":"https:\/\/www.ilovewines.vn\/vi\/wp-json\/wp\/v2\/media?parent=4334"}],"wp:term":[{"taxonomy":"product_brand","embeddable":true,"href":"https:\/\/www.ilovewines.vn\/vi\/wp-json\/wp\/v2\/product_brand?post=4334"},{"taxonomy":"product_cat","embeddable":true,"href":"https:\/\/www.ilovewines.vn\/vi\/wp-json\/wp\/v2\/product_cat?post=4334"},{"taxonomy":"product_tag","embeddable":true,"href":"https:\/\/www.ilovewines.vn\/vi\/wp-json\/wp\/v2\/product_tag?post=4334"},{"taxonomy":"grape_varietal","embeddable":true,"href":"https:\/\/www.ilovewines.vn\/vi\/wp-json\/wp\/v2\/grape_varietal?post=4334"},{"taxonomy":"wine_regions","embeddable":true,"href":"https:\/\/www.ilovewines.vn\/vi\/wp-json\/wp\/v2\/wine_regions?post=4334"}],"curies":[{"name":"wp","href":"https:\/\/api.w.org\/{rel}","templated":true}]}}