{"id":4343,"date":"2022-12-06T02:47:08","date_gmt":"2022-12-06T09:47:08","guid":{"rendered":"https:\/\/www.ilovewines.vn\/?post_type=product&#038;p=4343"},"modified":"2023-10-11T22:52:24","modified_gmt":"2023-10-12T04:52:24","slug":"evans-tate-redbrook-estate-shiraz-206","status":"publish","type":"product","link":"https:\/\/www.ilovewines.vn\/vi\/product\/evans-tate-redbrook-estate-shiraz-206\/","title":{"rendered":"Evans &amp; Tate Redbrook Estate Shiraz"},"content":{"rendered":"<p>NI\u00caN V\u1ee4 V\u00c0 GHI CH\u00da S\u1ea2N XU\u1ea4T<\/p>\n<p>Ni\u00ean v\u1ee5 2016 th\u1ef1c s\u1ef1 l\u00e0 m\u1ed9t ni\u00ean v\u1ee5 r\u1ea5t kh\u00e1c bi\u1ec7t. M\u1ed9t v\u1ee5 m\u00f9a kh\u00f4, \u1ea5m v\u1edbi m\u01b0a nhi\u1ec7t \u0111\u1edbi ch\u00ednh x\u00e1c v\u00e0o cu\u1ed1i th\u00e1ng m\u1ed9t. Nh\u1eefng c\u01a1n m\u01b0a t\u1ef1 nhi\u00ean n\u00e0y \u0111\u00e3 \u0111\u1ea9y l\u00f9i th\u1eddi gian thu ho\u1ea1ch v\u00e0 t\u1ea1o n\u00ean s\u1ef1 c\u00e2n b\u1eb1ng h\u01a1n trong l\u00fac ch\u00edn, ch\u00f9m qu\u1ea3 nh\u1ecf h\u01a1n v\u00e0 nh\u1eefng tr\u00e1i nho nh\u1ecf x\u00edu. Nh\u1eefng tr\u00e1i nho thu \u0111\u01b0\u1ee3c c\u00f3 v\u1ecf d\u00e0y tuy\u1ec7t v\u1eddi, n\u1ed3ng \u0111\u1ed9 \u0111\u00e1ng kinh ng\u1ea1c v\u00e0 \u0111\u1eb7c t\u00ednh gi\u1ed1ng xu\u1ea5t s\u1eafc. C\u00f3 ngu\u1ed3n g\u1ed1c ch\u1ee7 y\u1ebfu t\u1eeb nh\u1eefng v\u01b0\u1eddn nho tr\u01b0\u1edfng th\u00e0nh c\u1ee7a ch\u00fang t\u00f4i \u1edf ti\u1ec3u v\u00f9ng Wilyabrup c\u1ee7a S\u00f4ng Margaret, lo\u1ea1i r\u01b0\u1ee3u n\u00e0y c\u0169ng bao g\u1ed3m m\u1ed9t ph\u1ea7n nho r\u1ea5t \u0111\u1eb7c bi\u1ec7t t\u1eeb ti\u1ec3u v\u00f9ng Karridale n\u1eb1m xa h\u01a1n v\u1ec1 ph\u00eda nam. \u0110\u01b0\u1ee3c h\u00e1i b\u1eb1ng tay v\u00e0 ng\u00e2m l\u1ea1nh v\u1edbi m\u1ed9t ph\u1ea7n l\u00ean men c\u1ea3 ch\u00f9m. Lo\u1ea1i r\u01b0\u1ee3u n\u00e0y \u0111\u01b0\u1ee3c \u1ee7 trong nh\u1eefng th\u00f9ng g\u1ed7 s\u1ed3i Ph\u00e1p c\u1ea3 m\u1edbi l\u1eabn c\u0169 trong 12 th\u00e1ng, t\u1ea1o ra m\u00f9i th\u01a1m d\u1ec5 ch\u1ecbu, th\u01a1m ngon v\u00e0 cay n\u1ed3ng, t\u1ea1o n\u00ean phong c\u00e1ch \u0111\u1ed9c \u0111\u00e1o c\u1ee7a Redbrook Estate Shiraz.<\/p>\n<p>C\u1ea2M QUAN<\/p>\n<p>Th\u1ecb gi\u00e1c: C\u00f3 s\u1eafc t\u00edm \u0111\u1eadm v\u1edbi vi\u1ec1n \u0111\u1ecf s\u00e1ng<\/p>\n<p>Kh\u1ee9u gi\u00e1c: D\u1eady h\u01b0\u01a1ng qu\u1ea3 m\u1ecdng v\u00e0 m\u1eadn, h\u00f2a quy\u1ec7n v\u1edbi h\u01b0\u01a1ng hoa v\u00e0 h\u1ea1t ti\u00eau.<\/p>\n<p>V\u1ecb gi\u00e1c: v\u1ecb \u0111\u1eadm v\u1eeba ph\u1ea3i k\u00e9o d\u00e0i v\u00e0 k\u00edch th\u00edch. Tr\u00e1i c\u00e2y s\u1ed1ng \u0111\u1ed9ng v\u00e0 tinh khi\u1ebft ch\u00ednh l\u00e0 \u0111\u1eb7c tr\u01b0ng d\u1ec5 nh\u1eadn bi\u1ebft c\u1ee7a phong c\u00e1ch r\u01b0\u1ee3u.<\/p>\n<p>C\u1ea4T TR\u1eee<\/p>\n<p>Khi v\u1eeba m\u1edf r\u01b0\u1ee3u s\u1ebd th\u1ea5y \u0111\u01b0\u1ee3c s\u1ee9c tr\u1ebb trung, h\u01b0\u01a1ng th\u01a1m ng\u1eadp tr\u00e0n v\u1ecb tr\u00e1i c\u00e2y t\u01b0\u01a1i. \u0110\u1ec3 \u0111\u1ea1t \u0111\u01b0\u1ee3c \u0111\u1ed9 ph\u1ee9c t\u1ea1p v\u00e0 m\u1ec1m m\u1ea1i t\u00f4 \u0111i\u1ec3m th\u00eam cho r\u01b0\u1ee3u, n\u00ean tr\u1eef r\u01b0\u1ee3u th\u00eam 3 n\u0103m ho\u1eb7c h\u01a1n n\u1eefa.<\/p>\n<p>&nbsp;<\/p>","protected":false},"excerpt":{"rendered":"<p style=\"text-align: justify;\">\u0110\u1ea1t nhi\u1ec1u huy ch\u01b0\u01a1ng v\u00e0ng v\u00e0 b\u1ea1c<\/p>","protected":false},"featured_media":4344,"template":"","meta":{"_acf_changed":false},"product_brand":[],"product_cat":[2640,87],"product_tag":[],"grape_varietal":[2466],"wine_regions":[2454],"class_list":{"0":"post-4343","1":"product","2":"type-product","3":"status-publish","4":"has-post-thumbnail","6":"product_cat-catalogue","7":"product_cat-red-wine","8":"pa_brand-evans-tate","9":"grape_varietal-shiraz","10":"wine_regions-margaret-river","12":"first","13":"instock","14":"shipping-taxable","15":"product-type-simple"},"acf":[],"yoast_head":"<!-- This site is optimized with the Yoast SEO plugin v27.4 - https:\/\/yoast.com\/product\/yoast-seo-wordpress\/ -->\n<title>Evans &amp; Tate Redbrook Estate Shiraz - Rada Wines<\/title>\n<meta name=\"robots\" content=\"index, follow, max-snippet:-1, max-image-preview:large, max-video-preview:-1\" \/>\n<link rel=\"canonical\" href=\"https:\/\/www.ilovewines.vn\/vi\/san-pham\/evans-tate-redbrook-estate-shiraz-206\/\" \/>\n<meta property=\"og:locale\" content=\"vi_VN\" \/>\n<meta property=\"og:type\" content=\"article\" \/>\n<meta property=\"og:title\" content=\"Evans &amp; Tate Redbrook Estate Shiraz - Rada Wines\" \/>\n<meta property=\"og:description\" content=\"Multiple gold &amp; silver medals\" \/>\n<meta property=\"og:url\" content=\"https:\/\/www.ilovewines.vn\/vi\/san-pham\/evans-tate-redbrook-estate-shiraz-206\/\" \/>\n<meta property=\"og:site_name\" content=\"Rada Wines\" \/>\n<meta property=\"article:modified_time\" content=\"2023-10-12T04:52:24+00:00\" \/>\n<meta property=\"og:image\" content=\"https:\/\/www.ilovewines.vn\/wp-content\/uploads\/2022\/12\/estate_shiraz_2016.png\" \/>\n\t<meta property=\"og:image:width\" content=\"200\" \/>\n\t<meta property=\"og:image:height\" content=\"701\" \/>\n\t<meta property=\"og:image:type\" content=\"image\/png\" \/>\n<meta name=\"twitter:card\" content=\"summary_large_image\" \/>\n<meta name=\"twitter:label1\" content=\"\u01af\u1edbc t\u00ednh th\u1eddi gian \u0111\u1ecdc\" \/>\n\t<meta name=\"twitter:data1\" content=\"1 ph\u00fat\" \/>\n<script type=\"application\/ld+json\" class=\"yoast-schema-graph\">{\"@context\":\"https:\\\/\\\/schema.org\",\"@graph\":[{\"@type\":\"WebPage\",\"@id\":\"https:\\\/\\\/www.ilovewines.vn\\\/product\\\/evans-tate-redbrook-estate-shiraz-206\\\/\",\"url\":\"https:\\\/\\\/www.ilovewines.vn\\\/product\\\/evans-tate-redbrook-estate-shiraz-206\\\/\",\"name\":\"Evans & Tate Redbrook Estate Shiraz - Rada Wines\",\"isPartOf\":{\"@id\":\"https:\\\/\\\/www.ilovewines.vn\\\/#website\"},\"primaryImageOfPage\":{\"@id\":\"https:\\\/\\\/www.ilovewines.vn\\\/product\\\/evans-tate-redbrook-estate-shiraz-206\\\/#primaryimage\"},\"image\":{\"@id\":\"https:\\\/\\\/www.ilovewines.vn\\\/product\\\/evans-tate-redbrook-estate-shiraz-206\\\/#primaryimage\"},\"thumbnailUrl\":\"https:\\\/\\\/www.ilovewines.vn\\\/wp-content\\\/uploads\\\/2022\\\/12\\\/estate_shiraz_2016.png\",\"datePublished\":\"2022-12-06T09:47:08+00:00\",\"dateModified\":\"2023-10-12T04:52:24+00:00\",\"breadcrumb\":{\"@id\":\"https:\\\/\\\/www.ilovewines.vn\\\/product\\\/evans-tate-redbrook-estate-shiraz-206\\\/#breadcrumb\"},\"inLanguage\":\"vi\",\"potentialAction\":[{\"@type\":\"ReadAction\",\"target\":[\"https:\\\/\\\/www.ilovewines.vn\\\/product\\\/evans-tate-redbrook-estate-shiraz-206\\\/\"]}]},{\"@type\":\"ImageObject\",\"inLanguage\":\"vi\",\"@id\":\"https:\\\/\\\/www.ilovewines.vn\\\/product\\\/evans-tate-redbrook-estate-shiraz-206\\\/#primaryimage\",\"url\":\"https:\\\/\\\/www.ilovewines.vn\\\/wp-content\\\/uploads\\\/2022\\\/12\\\/estate_shiraz_2016.png\",\"contentUrl\":\"https:\\\/\\\/www.ilovewines.vn\\\/wp-content\\\/uploads\\\/2022\\\/12\\\/estate_shiraz_2016.png\",\"width\":200,\"height\":701},{\"@type\":\"BreadcrumbList\",\"@id\":\"https:\\\/\\\/www.ilovewines.vn\\\/product\\\/evans-tate-redbrook-estate-shiraz-206\\\/#breadcrumb\",\"itemListElement\":[{\"@type\":\"ListItem\",\"position\":1,\"name\":\"Home\",\"item\":\"https:\\\/\\\/www.ilovewines.vn\\\/\"},{\"@type\":\"ListItem\",\"position\":2,\"name\":\"Catalogue\",\"item\":\"https:\\\/\\\/www.ilovewines.vn\\\/catalogue\\\/\"},{\"@type\":\"ListItem\",\"position\":3,\"name\":\"Evans &#038; Tate Redbrook Estate Shiraz\"}]},{\"@type\":\"WebSite\",\"@id\":\"https:\\\/\\\/www.ilovewines.vn\\\/#website\",\"url\":\"https:\\\/\\\/www.ilovewines.vn\\\/\",\"name\":\"Rada Wines\",\"description\":\"Just another WordPress site\",\"publisher\":{\"@id\":\"https:\\\/\\\/www.ilovewines.vn\\\/#organization\"},\"potentialAction\":[{\"@type\":\"SearchAction\",\"target\":{\"@type\":\"EntryPoint\",\"urlTemplate\":\"https:\\\/\\\/www.ilovewines.vn\\\/?s={search_term_string}\"},\"query-input\":{\"@type\":\"PropertyValueSpecification\",\"valueRequired\":true,\"valueName\":\"search_term_string\"}}],\"inLanguage\":\"vi\"},{\"@type\":\"Organization\",\"@id\":\"https:\\\/\\\/www.ilovewines.vn\\\/#organization\",\"name\":\"Rada Wines\",\"url\":\"https:\\\/\\\/www.ilovewines.vn\\\/\",\"logo\":{\"@type\":\"ImageObject\",\"inLanguage\":\"vi\",\"@id\":\"https:\\\/\\\/www.ilovewines.vn\\\/#\\\/schema\\\/logo\\\/image\\\/\",\"url\":\"https:\\\/\\\/www.ilovewines.vn\\\/wp-content\\\/uploads\\\/2022\\\/06\\\/cropped-162574230_380766779846763_4426584222903300096_n.jpg\",\"contentUrl\":\"https:\\\/\\\/www.ilovewines.vn\\\/wp-content\\\/uploads\\\/2022\\\/06\\\/cropped-162574230_380766779846763_4426584222903300096_n.jpg\",\"width\":320,\"height\":206,\"caption\":\"Rada Wines\"},\"image\":{\"@id\":\"https:\\\/\\\/www.ilovewines.vn\\\/#\\\/schema\\\/logo\\\/image\\\/\"}}]}<\/script>\n<!-- \/ Yoast SEO plugin. -->","yoast_head_json":{"title":"Evans & Tate Redbrook Estate Shiraz - Rada Wines","robots":{"index":"index","follow":"follow","max-snippet":"max-snippet:-1","max-image-preview":"max-image-preview:large","max-video-preview":"max-video-preview:-1"},"canonical":"https:\/\/www.ilovewines.vn\/vi\/san-pham\/evans-tate-redbrook-estate-shiraz-206\/","og_locale":"vi_VN","og_type":"article","og_title":"Evans & Tate Redbrook Estate Shiraz - Rada Wines","og_description":"Multiple gold &amp; silver medals","og_url":"https:\/\/www.ilovewines.vn\/vi\/san-pham\/evans-tate-redbrook-estate-shiraz-206\/","og_site_name":"Rada Wines","article_modified_time":"2023-10-12T04:52:24+00:00","og_image":[{"width":200,"height":701,"url":"https:\/\/www.ilovewines.vn\/wp-content\/uploads\/2022\/12\/estate_shiraz_2016.png","type":"image\/png"}],"twitter_card":"summary_large_image","twitter_misc":{"\u01af\u1edbc t\u00ednh th\u1eddi gian \u0111\u1ecdc":"1 ph\u00fat"},"schema":{"@context":"https:\/\/schema.org","@graph":[{"@type":"WebPage","@id":"https:\/\/www.ilovewines.vn\/product\/evans-tate-redbrook-estate-shiraz-206\/","url":"https:\/\/www.ilovewines.vn\/product\/evans-tate-redbrook-estate-shiraz-206\/","name":"Evans & Tate Redbrook Estate Shiraz - Rada Wines","isPartOf":{"@id":"https:\/\/www.ilovewines.vn\/#website"},"primaryImageOfPage":{"@id":"https:\/\/www.ilovewines.vn\/product\/evans-tate-redbrook-estate-shiraz-206\/#primaryimage"},"image":{"@id":"https:\/\/www.ilovewines.vn\/product\/evans-tate-redbrook-estate-shiraz-206\/#primaryimage"},"thumbnailUrl":"https:\/\/www.ilovewines.vn\/wp-content\/uploads\/2022\/12\/estate_shiraz_2016.png","datePublished":"2022-12-06T09:47:08+00:00","dateModified":"2023-10-12T04:52:24+00:00","breadcrumb":{"@id":"https:\/\/www.ilovewines.vn\/product\/evans-tate-redbrook-estate-shiraz-206\/#breadcrumb"},"inLanguage":"vi","potentialAction":[{"@type":"ReadAction","target":["https:\/\/www.ilovewines.vn\/product\/evans-tate-redbrook-estate-shiraz-206\/"]}]},{"@type":"ImageObject","inLanguage":"vi","@id":"https:\/\/www.ilovewines.vn\/product\/evans-tate-redbrook-estate-shiraz-206\/#primaryimage","url":"https:\/\/www.ilovewines.vn\/wp-content\/uploads\/2022\/12\/estate_shiraz_2016.png","contentUrl":"https:\/\/www.ilovewines.vn\/wp-content\/uploads\/2022\/12\/estate_shiraz_2016.png","width":200,"height":701},{"@type":"BreadcrumbList","@id":"https:\/\/www.ilovewines.vn\/product\/evans-tate-redbrook-estate-shiraz-206\/#breadcrumb","itemListElement":[{"@type":"ListItem","position":1,"name":"Home","item":"https:\/\/www.ilovewines.vn\/"},{"@type":"ListItem","position":2,"name":"Catalogue","item":"https:\/\/www.ilovewines.vn\/catalogue\/"},{"@type":"ListItem","position":3,"name":"Evans &#038; Tate Redbrook Estate Shiraz"}]},{"@type":"WebSite","@id":"https:\/\/www.ilovewines.vn\/#website","url":"https:\/\/www.ilovewines.vn\/","name":"Rada Wines","description":"Just another WordPress site","publisher":{"@id":"https:\/\/www.ilovewines.vn\/#organization"},"potentialAction":[{"@type":"SearchAction","target":{"@type":"EntryPoint","urlTemplate":"https:\/\/www.ilovewines.vn\/?s={search_term_string}"},"query-input":{"@type":"PropertyValueSpecification","valueRequired":true,"valueName":"search_term_string"}}],"inLanguage":"vi"},{"@type":"Organization","@id":"https:\/\/www.ilovewines.vn\/#organization","name":"Rada Wines","url":"https:\/\/www.ilovewines.vn\/","logo":{"@type":"ImageObject","inLanguage":"vi","@id":"https:\/\/www.ilovewines.vn\/#\/schema\/logo\/image\/","url":"https:\/\/www.ilovewines.vn\/wp-content\/uploads\/2022\/06\/cropped-162574230_380766779846763_4426584222903300096_n.jpg","contentUrl":"https:\/\/www.ilovewines.vn\/wp-content\/uploads\/2022\/06\/cropped-162574230_380766779846763_4426584222903300096_n.jpg","width":320,"height":206,"caption":"Rada Wines"},"image":{"@id":"https:\/\/www.ilovewines.vn\/#\/schema\/logo\/image\/"}}]}},"_links":{"self":[{"href":"https:\/\/www.ilovewines.vn\/vi\/wp-json\/wp\/v2\/product\/4343","targetHints":{"allow":["GET"]}}],"collection":[{"href":"https:\/\/www.ilovewines.vn\/vi\/wp-json\/wp\/v2\/product"}],"about":[{"href":"https:\/\/www.ilovewines.vn\/vi\/wp-json\/wp\/v2\/types\/product"}],"version-history":[{"count":1,"href":"https:\/\/www.ilovewines.vn\/vi\/wp-json\/wp\/v2\/product\/4343\/revisions"}],"predecessor-version":[{"id":4827,"href":"https:\/\/www.ilovewines.vn\/vi\/wp-json\/wp\/v2\/product\/4343\/revisions\/4827"}],"wp:featuredmedia":[{"embeddable":true,"href":"https:\/\/www.ilovewines.vn\/vi\/wp-json\/wp\/v2\/media\/4344"}],"wp:attachment":[{"href":"https:\/\/www.ilovewines.vn\/vi\/wp-json\/wp\/v2\/media?parent=4343"}],"wp:term":[{"taxonomy":"product_brand","embeddable":true,"href":"https:\/\/www.ilovewines.vn\/vi\/wp-json\/wp\/v2\/product_brand?post=4343"},{"taxonomy":"product_cat","embeddable":true,"href":"https:\/\/www.ilovewines.vn\/vi\/wp-json\/wp\/v2\/product_cat?post=4343"},{"taxonomy":"product_tag","embeddable":true,"href":"https:\/\/www.ilovewines.vn\/vi\/wp-json\/wp\/v2\/product_tag?post=4343"},{"taxonomy":"grape_varietal","embeddable":true,"href":"https:\/\/www.ilovewines.vn\/vi\/wp-json\/wp\/v2\/grape_varietal?post=4343"},{"taxonomy":"wine_regions","embeddable":true,"href":"https:\/\/www.ilovewines.vn\/vi\/wp-json\/wp\/v2\/wine_regions?post=4343"}],"curies":[{"name":"wp","href":"https:\/\/api.w.org\/{rel}","templated":true}]}}