{"id":4345,"date":"2022-12-06T03:19:21","date_gmt":"2022-12-06T10:19:21","guid":{"rendered":"https:\/\/www.ilovewines.vn\/?post_type=product&#038;p=4345"},"modified":"2026-03-29T20:30:21","modified_gmt":"2026-03-30T02:30:21","slug":"the-lane-vineyard-aidelaide-hill-shiraz","status":"publish","type":"product","link":"https:\/\/www.ilovewines.vn\/vi\/product\/the-lane-vineyard-aidelaide-hill-shiraz\/","title":{"rendered":"The Lane Vineyard Adelaide Hills Shiraz"},"content":{"rendered":"<p>SERI R\u01af\u1ee2U THE LANE<\/p>\n<p>D\u00f2ng r\u01b0\u1ee3u thu\u1ed9c v\u00f9ng kh\u00ed h\u1eadu m\u00e1t m\u1ebb t\u00f4n vinh nh\u1eefng \u0111a d\u1ea1ng v\u1ec1 \u0111\u1ed9 cao, v\u0129 \u0111\u1ed9, kh\u00ed h\u1eadu v\u00e0 \u0111\u1ea5t c\u1ed5 c\u1ee7a v\u00f9ng \u0111\u1ed3i Adelaide. Nh\u1eefng \u1ea3nh h\u01b0\u1edfng \u0111\u1ed9c nh\u1ea5t c\u1ee7a m\u00f4i tr\u01b0\u1eddng n\u01a1i \u0111\u00e2y \u0111\u01b0\u1ee3c ph\u1ea3n \u00e1nh qua nh\u1eefng chai r\u01b0\u1ee3u c\u1ee7a ch\u00fang t\u00f4i; v\u1edbi v\u1ecb tr\u00e1i c\u00e2y n\u1ed3ng \u0111\u01b0\u1ee3m, \u0111\u1ed9 chua t\u1ef1 nhi\u00ean tuy\u1ec7t v\u1eddi, c\u00e2n b\u1eb1ng, tinh khi\u1ebft v\u00e0 s\u00e0nh \u0111i\u1ec7u.<\/p>\n<p>NI\u00caN V\u1ee4 2020<\/p>\n<p>M\u1ed9t m\u00f9a \u0111\u00f4ng kh\u00f4 h\u1ea1n \u0111\u01b0\u1ee3c c\u00e2n b\u1eb1ng v\u1edbi l\u01b0\u1ee3ng m\u01b0a tr\u00ean trung b\u00ecnh v\u00e0o th\u00e1ng 6 v\u00e0 th\u00e1ng 8 \u0111\u1ea3m b\u1ea3o \u0111\u1ed9 \u1ea9m t\u1ed1i \u01b0u cho \u0111\u1ea5t khi ch\u1edbm n\u1edf. Nhi\u1ec7t \u0111\u1ed9 m\u00e1t m\u1ebb v\u00e0o \u0111\u1ea7u m\u00f9a l\u00e0m cho hoa ch\u00edn v\u00e0o bu\u1ed5i t\u1ed1i v\u00e0 ph\u00e1t tri\u1ec3n t\u1ed1t. M\u1ed9t \u0111\u1ee3t l\u1ea1nh l\u00fac \u0111\u1eadu tr\u00e1i d\u1eabn \u0111\u1ebfn n\u0103ng su\u1ea5t r\u1ea5t th\u1ea5p tr\u00ean t\u1ea5t c\u1ea3 c\u00e1c gi\u1ed1ng. Nhi\u1ec7t \u0111\u1ed9 t\u0103ng \u0111\u1ed9t bi\u1ebfn v\u00e0o th\u00e1ng Gi\u00eang \u0111\u1ea3m b\u1ea3o \u0111\u1ed9 ch\u00edn t\u1ed1i \u01b0u c\u1ee7a tr\u00e1i c\u00e2y k\u1ebft h\u1ee3p v\u1edbi n\u0103ng su\u1ea5t th\u1ea5p \u0111\u1ec3 t\u1ea1o ra tr\u00e1i c\u00e2y c\u00f3 h\u01b0\u01a1ng v\u1ecb v\u01b0\u1ee3t xa\u00a0m\u1ee9c trung b\u00ecnh.<\/p>\n<p>SHIRAZ 2020<\/p>\n<p>Th\u0103ng hoa, m\u01b0\u1ee3t m\u00e0 v\u00e0 sang tr\u1ecdng. M\u1ed9t chai r\u01b0\u1ee3u Shiraz c\u1ed5 di\u1ec3n t\u1eeb v\u00f9ng kh\u00ed h\u1eadu m\u00e1t m\u1ebb, 100% tr\u1ed3ng trong \u0111i\u1ec1n trang t\u1eeb c\u00e1c khu kh\u00e1c nhau, tu\u1ed5i trung b\u00ecnh c\u1ee7a c\u00e2y nho l\u00e0 16 n\u0103m. Nho \u0111\u01b0\u1ee3c l\u00ean men \u0111\u1ed3ng th\u1eddi d\u01b0\u1edbi d\u1ea1ng qu\u1ea3 m\u1ecdng nguy\u00ean qu\u1ea3 pha th\u00eam m\u1ed9t ch\u00fat nho Viognier \u0111\u1ec3 t\u0103ng c\u01b0\u1eddng h\u01b0\u01a1ng th\u01a1m c\u1ee7a Shiraz, l\u00e0m s\u00e1ng m\u00e0u v\u00e0 l\u00e0m m\u1ec1m tannin. R\u01b0\u1ee3u th\u00e0nh ph\u1ea9m mang h\u01b0\u01a1ng th\u01a1m c\u1ee7a hoa t\u00edm, tr\u00e1i c\u00e2y r\u1eebng v\u00e0 \u0111inh h\u01b0\u01a1ng c\u00f9ng v\u1edbi h\u01b0\u01a1ng v\u1ecb c\u1ee7a tr\u00e1i c\u00e2y m\u00e2m x\u00f4i d\u00e0y \u0111\u1eb7c, gia v\u1ecb v\u00e0 tannin m\u1ecbn m\u00e0ng trong mi\u1ec7ng. \u0110\u00e2y l\u00e0 chai r\u01b0\u1ee3u \u0111\u01b0\u1ee3c trao gi\u1ea3i cao nh\u1ea5t trong seri The Lane, th\u01b0\u1eddng xuy\u00ean \u0111\u1eadt tr\u00ean 95 \u0111i\u1ec3m t\u1eeb c\u00e1c nh\u00e0 th\u1ea9m \u0111\u1ecbnh r\u01b0\u1ee3u vang.<\/p>\n<p>\u0110\u1eadm \u0111\u1eb7c v\u1ecb qu\u1ea3 m\u00e2m x\u00f4i \u0111en v\u00e0 vi\u1ec7t qu\u1ea5t, gia v\u1ecb v\u00e0 tannin m\u1ecbn m\u00e0ng.<\/p>\n<p>D\u1eady h\u01b0\u01a1ng th\u01a1m hoa violet, tr\u00e1i c\u00e2y r\u1eebng, \u0111inh h\u01b0\u01a1ng<br \/>\nv\u00e0 ch\u00fat h\u01b0\u01a1ng h\u1ea1t c\u00e0 ph\u00ea.<\/p>\n<p>K\u1ef8 THU\u1eacT S\u1ea2N XU\u1ea4T<\/p>\n<p>Ch\u1ee7ng nho: 1127 | 2626<\/p>\n<p>N\u1ed3ng \u0111\u1ed9 c\u1ed3n: 13.5%<\/p>\n<p>L\u01b0\u1ee3ng \u0111\u01b0\u1eddng c\u00f2n d\u01b0: 0 g\/l\u00edt<\/p>\n<p>T\u1ed5ng l\u01b0\u1ee3ng axit: 6.00 g\/L<\/p>\n<p>\u0110\u1ed9 pH: 3.52<\/p>\n<p>\u0110\u1ed9 cao: 439m<\/p>\n<p>Thu\u1ea7n chay: C\u00f3<\/p>\n<p>\u0102n chay: C\u00f3<\/p>\n<p>C\u00f3 ch\u1ee9a sun ph\u00e1t ( sulphates)<\/p>","protected":false},"excerpt":{"rendered":"<p>C\u00fap \"R\u01b0\u1ee3u Vang Shiraz Ngon Nh\u1ea5t Nam \u00dac\" - Gi\u1ea3i R\u01b0\u1ee3u vang Ho\u00e0ng gia Melbourne 2019<\/p>","protected":false},"featured_media":2055,"template":"","meta":{"_acf_changed":false},"product_brand":[],"product_cat":[2640,87],"product_tag":[],"grape_varietal":[2477,2466],"wine_regions":[2416],"class_list":{"0":"post-4345","1":"product","2":"type-product","3":"status-publish","4":"has-post-thumbnail","6":"product_cat-catalogue","7":"product_cat-red-wine","8":"pa_brand-the-lane-vineyard","9":"grape_varietal-red","10":"grape_varietal-shiraz","11":"wine_regions-adelaide-hills","13":"first","14":"instock","15":"shipping-taxable","16":"product-type-simple"},"acf":[],"yoast_head":"<!-- This site is optimized with the Yoast SEO plugin v27.4 - https:\/\/yoast.com\/product\/yoast-seo-wordpress\/ -->\n<title>The Lane Vineyard Adelaide Hills Shiraz - Rada Wines<\/title>\n<meta name=\"robots\" content=\"index, follow, max-snippet:-1, max-image-preview:large, max-video-preview:-1\" \/>\n<link rel=\"canonical\" href=\"https:\/\/www.ilovewines.vn\/vi\/san-pham\/the-lane-vineyard-aidelaide-hill-shiraz\/\" \/>\n<meta property=\"og:locale\" content=\"vi_VN\" \/>\n<meta property=\"og:type\" content=\"article\" \/>\n<meta property=\"og:title\" content=\"The Lane Vineyard Adelaide Hills Shiraz - Rada Wines\" \/>\n<meta property=\"og:description\" content=\"&quot;Best Shiraz in South Australia&quot; Trophy - 2019 Royal\u00a0Melbourne Wine Awards\" \/>\n<meta property=\"og:url\" content=\"https:\/\/www.ilovewines.vn\/vi\/san-pham\/the-lane-vineyard-aidelaide-hill-shiraz\/\" \/>\n<meta property=\"og:site_name\" content=\"Rada Wines\" \/>\n<meta property=\"article:modified_time\" content=\"2026-03-30T02:30:21+00:00\" \/>\n<meta property=\"og:image\" content=\"https:\/\/www.ilovewines.vn\/wp-content\/uploads\/2022\/07\/the_lane_block_5_0933c767e5f24cf191de1618e38514f2.png\" \/>\n\t<meta property=\"og:image:width\" content=\"308\" \/>\n\t<meta property=\"og:image:height\" content=\"385\" \/>\n\t<meta property=\"og:image:type\" content=\"image\/png\" \/>\n<meta name=\"twitter:card\" content=\"summary_large_image\" \/>\n<meta name=\"twitter:label1\" content=\"\u01af\u1edbc t\u00ednh th\u1eddi gian \u0111\u1ecdc\" \/>\n\t<meta name=\"twitter:data1\" content=\"2 ph\u00fat\" \/>\n<script type=\"application\/ld+json\" class=\"yoast-schema-graph\">{\"@context\":\"https:\\\/\\\/schema.org\",\"@graph\":[{\"@type\":\"WebPage\",\"@id\":\"https:\\\/\\\/www.ilovewines.vn\\\/product\\\/the-lane-vineyard-aidelaide-hill-shiraz\\\/\",\"url\":\"https:\\\/\\\/www.ilovewines.vn\\\/product\\\/the-lane-vineyard-aidelaide-hill-shiraz\\\/\",\"name\":\"The Lane Vineyard Adelaide Hills Shiraz - Rada Wines\",\"isPartOf\":{\"@id\":\"https:\\\/\\\/www.ilovewines.vn\\\/#website\"},\"primaryImageOfPage\":{\"@id\":\"https:\\\/\\\/www.ilovewines.vn\\\/product\\\/the-lane-vineyard-aidelaide-hill-shiraz\\\/#primaryimage\"},\"image\":{\"@id\":\"https:\\\/\\\/www.ilovewines.vn\\\/product\\\/the-lane-vineyard-aidelaide-hill-shiraz\\\/#primaryimage\"},\"thumbnailUrl\":\"https:\\\/\\\/www.ilovewines.vn\\\/wp-content\\\/uploads\\\/2022\\\/07\\\/the_lane_block_5_0933c767e5f24cf191de1618e38514f2.png\",\"datePublished\":\"2022-12-06T10:19:21+00:00\",\"dateModified\":\"2026-03-30T02:30:21+00:00\",\"breadcrumb\":{\"@id\":\"https:\\\/\\\/www.ilovewines.vn\\\/product\\\/the-lane-vineyard-aidelaide-hill-shiraz\\\/#breadcrumb\"},\"inLanguage\":\"vi\",\"potentialAction\":[{\"@type\":\"ReadAction\",\"target\":[\"https:\\\/\\\/www.ilovewines.vn\\\/product\\\/the-lane-vineyard-aidelaide-hill-shiraz\\\/\"]}]},{\"@type\":\"ImageObject\",\"inLanguage\":\"vi\",\"@id\":\"https:\\\/\\\/www.ilovewines.vn\\\/product\\\/the-lane-vineyard-aidelaide-hill-shiraz\\\/#primaryimage\",\"url\":\"https:\\\/\\\/www.ilovewines.vn\\\/wp-content\\\/uploads\\\/2022\\\/07\\\/the_lane_block_5_0933c767e5f24cf191de1618e38514f2.png\",\"contentUrl\":\"https:\\\/\\\/www.ilovewines.vn\\\/wp-content\\\/uploads\\\/2022\\\/07\\\/the_lane_block_5_0933c767e5f24cf191de1618e38514f2.png\",\"width\":308,\"height\":385},{\"@type\":\"BreadcrumbList\",\"@id\":\"https:\\\/\\\/www.ilovewines.vn\\\/product\\\/the-lane-vineyard-aidelaide-hill-shiraz\\\/#breadcrumb\",\"itemListElement\":[{\"@type\":\"ListItem\",\"position\":1,\"name\":\"Home\",\"item\":\"https:\\\/\\\/www.ilovewines.vn\\\/\"},{\"@type\":\"ListItem\",\"position\":2,\"name\":\"Catalogue\",\"item\":\"https:\\\/\\\/www.ilovewines.vn\\\/catalogue\\\/\"},{\"@type\":\"ListItem\",\"position\":3,\"name\":\"The Lane Vineyard Adelaide Hills Shiraz\"}]},{\"@type\":\"WebSite\",\"@id\":\"https:\\\/\\\/www.ilovewines.vn\\\/#website\",\"url\":\"https:\\\/\\\/www.ilovewines.vn\\\/\",\"name\":\"Rada Wines\",\"description\":\"Just another WordPress site\",\"publisher\":{\"@id\":\"https:\\\/\\\/www.ilovewines.vn\\\/#organization\"},\"potentialAction\":[{\"@type\":\"SearchAction\",\"target\":{\"@type\":\"EntryPoint\",\"urlTemplate\":\"https:\\\/\\\/www.ilovewines.vn\\\/?s={search_term_string}\"},\"query-input\":{\"@type\":\"PropertyValueSpecification\",\"valueRequired\":true,\"valueName\":\"search_term_string\"}}],\"inLanguage\":\"vi\"},{\"@type\":\"Organization\",\"@id\":\"https:\\\/\\\/www.ilovewines.vn\\\/#organization\",\"name\":\"Rada Wines\",\"url\":\"https:\\\/\\\/www.ilovewines.vn\\\/\",\"logo\":{\"@type\":\"ImageObject\",\"inLanguage\":\"vi\",\"@id\":\"https:\\\/\\\/www.ilovewines.vn\\\/#\\\/schema\\\/logo\\\/image\\\/\",\"url\":\"https:\\\/\\\/www.ilovewines.vn\\\/wp-content\\\/uploads\\\/2022\\\/06\\\/cropped-162574230_380766779846763_4426584222903300096_n.jpg\",\"contentUrl\":\"https:\\\/\\\/www.ilovewines.vn\\\/wp-content\\\/uploads\\\/2022\\\/06\\\/cropped-162574230_380766779846763_4426584222903300096_n.jpg\",\"width\":320,\"height\":206,\"caption\":\"Rada Wines\"},\"image\":{\"@id\":\"https:\\\/\\\/www.ilovewines.vn\\\/#\\\/schema\\\/logo\\\/image\\\/\"}}]}<\/script>\n<!-- \/ Yoast SEO plugin. -->","yoast_head_json":{"title":"The Lane Vineyard Adelaide Hills Shiraz - Rada Wines","robots":{"index":"index","follow":"follow","max-snippet":"max-snippet:-1","max-image-preview":"max-image-preview:large","max-video-preview":"max-video-preview:-1"},"canonical":"https:\/\/www.ilovewines.vn\/vi\/san-pham\/the-lane-vineyard-aidelaide-hill-shiraz\/","og_locale":"vi_VN","og_type":"article","og_title":"The Lane Vineyard Adelaide Hills Shiraz - Rada Wines","og_description":"\"Best Shiraz in South Australia\" Trophy - 2019 Royal\u00a0Melbourne Wine Awards","og_url":"https:\/\/www.ilovewines.vn\/vi\/san-pham\/the-lane-vineyard-aidelaide-hill-shiraz\/","og_site_name":"Rada Wines","article_modified_time":"2026-03-30T02:30:21+00:00","og_image":[{"width":308,"height":385,"url":"https:\/\/www.ilovewines.vn\/wp-content\/uploads\/2022\/07\/the_lane_block_5_0933c767e5f24cf191de1618e38514f2.png","type":"image\/png"}],"twitter_card":"summary_large_image","twitter_misc":{"\u01af\u1edbc t\u00ednh th\u1eddi gian \u0111\u1ecdc":"2 ph\u00fat"},"schema":{"@context":"https:\/\/schema.org","@graph":[{"@type":"WebPage","@id":"https:\/\/www.ilovewines.vn\/product\/the-lane-vineyard-aidelaide-hill-shiraz\/","url":"https:\/\/www.ilovewines.vn\/product\/the-lane-vineyard-aidelaide-hill-shiraz\/","name":"The Lane Vineyard Adelaide Hills Shiraz - Rada Wines","isPartOf":{"@id":"https:\/\/www.ilovewines.vn\/#website"},"primaryImageOfPage":{"@id":"https:\/\/www.ilovewines.vn\/product\/the-lane-vineyard-aidelaide-hill-shiraz\/#primaryimage"},"image":{"@id":"https:\/\/www.ilovewines.vn\/product\/the-lane-vineyard-aidelaide-hill-shiraz\/#primaryimage"},"thumbnailUrl":"https:\/\/www.ilovewines.vn\/wp-content\/uploads\/2022\/07\/the_lane_block_5_0933c767e5f24cf191de1618e38514f2.png","datePublished":"2022-12-06T10:19:21+00:00","dateModified":"2026-03-30T02:30:21+00:00","breadcrumb":{"@id":"https:\/\/www.ilovewines.vn\/product\/the-lane-vineyard-aidelaide-hill-shiraz\/#breadcrumb"},"inLanguage":"vi","potentialAction":[{"@type":"ReadAction","target":["https:\/\/www.ilovewines.vn\/product\/the-lane-vineyard-aidelaide-hill-shiraz\/"]}]},{"@type":"ImageObject","inLanguage":"vi","@id":"https:\/\/www.ilovewines.vn\/product\/the-lane-vineyard-aidelaide-hill-shiraz\/#primaryimage","url":"https:\/\/www.ilovewines.vn\/wp-content\/uploads\/2022\/07\/the_lane_block_5_0933c767e5f24cf191de1618e38514f2.png","contentUrl":"https:\/\/www.ilovewines.vn\/wp-content\/uploads\/2022\/07\/the_lane_block_5_0933c767e5f24cf191de1618e38514f2.png","width":308,"height":385},{"@type":"BreadcrumbList","@id":"https:\/\/www.ilovewines.vn\/product\/the-lane-vineyard-aidelaide-hill-shiraz\/#breadcrumb","itemListElement":[{"@type":"ListItem","position":1,"name":"Home","item":"https:\/\/www.ilovewines.vn\/"},{"@type":"ListItem","position":2,"name":"Catalogue","item":"https:\/\/www.ilovewines.vn\/catalogue\/"},{"@type":"ListItem","position":3,"name":"The Lane Vineyard Adelaide Hills Shiraz"}]},{"@type":"WebSite","@id":"https:\/\/www.ilovewines.vn\/#website","url":"https:\/\/www.ilovewines.vn\/","name":"Rada Wines","description":"Just another WordPress site","publisher":{"@id":"https:\/\/www.ilovewines.vn\/#organization"},"potentialAction":[{"@type":"SearchAction","target":{"@type":"EntryPoint","urlTemplate":"https:\/\/www.ilovewines.vn\/?s={search_term_string}"},"query-input":{"@type":"PropertyValueSpecification","valueRequired":true,"valueName":"search_term_string"}}],"inLanguage":"vi"},{"@type":"Organization","@id":"https:\/\/www.ilovewines.vn\/#organization","name":"Rada Wines","url":"https:\/\/www.ilovewines.vn\/","logo":{"@type":"ImageObject","inLanguage":"vi","@id":"https:\/\/www.ilovewines.vn\/#\/schema\/logo\/image\/","url":"https:\/\/www.ilovewines.vn\/wp-content\/uploads\/2022\/06\/cropped-162574230_380766779846763_4426584222903300096_n.jpg","contentUrl":"https:\/\/www.ilovewines.vn\/wp-content\/uploads\/2022\/06\/cropped-162574230_380766779846763_4426584222903300096_n.jpg","width":320,"height":206,"caption":"Rada Wines"},"image":{"@id":"https:\/\/www.ilovewines.vn\/#\/schema\/logo\/image\/"}}]}},"_links":{"self":[{"href":"https:\/\/www.ilovewines.vn\/vi\/wp-json\/wp\/v2\/product\/4345","targetHints":{"allow":["GET"]}}],"collection":[{"href":"https:\/\/www.ilovewines.vn\/vi\/wp-json\/wp\/v2\/product"}],"about":[{"href":"https:\/\/www.ilovewines.vn\/vi\/wp-json\/wp\/v2\/types\/product"}],"version-history":[{"count":2,"href":"https:\/\/www.ilovewines.vn\/vi\/wp-json\/wp\/v2\/product\/4345\/revisions"}],"predecessor-version":[{"id":7130,"href":"https:\/\/www.ilovewines.vn\/vi\/wp-json\/wp\/v2\/product\/4345\/revisions\/7130"}],"wp:featuredmedia":[{"embeddable":true,"href":"https:\/\/www.ilovewines.vn\/vi\/wp-json\/wp\/v2\/media\/2055"}],"wp:attachment":[{"href":"https:\/\/www.ilovewines.vn\/vi\/wp-json\/wp\/v2\/media?parent=4345"}],"wp:term":[{"taxonomy":"product_brand","embeddable":true,"href":"https:\/\/www.ilovewines.vn\/vi\/wp-json\/wp\/v2\/product_brand?post=4345"},{"taxonomy":"product_cat","embeddable":true,"href":"https:\/\/www.ilovewines.vn\/vi\/wp-json\/wp\/v2\/product_cat?post=4345"},{"taxonomy":"product_tag","embeddable":true,"href":"https:\/\/www.ilovewines.vn\/vi\/wp-json\/wp\/v2\/product_tag?post=4345"},{"taxonomy":"grape_varietal","embeddable":true,"href":"https:\/\/www.ilovewines.vn\/vi\/wp-json\/wp\/v2\/grape_varietal?post=4345"},{"taxonomy":"wine_regions","embeddable":true,"href":"https:\/\/www.ilovewines.vn\/vi\/wp-json\/wp\/v2\/wine_regions?post=4345"}],"curies":[{"name":"wp","href":"https:\/\/api.w.org\/{rel}","templated":true}]}}