{"id":4354,"date":"2022-12-06T03:52:58","date_gmt":"2022-12-06T10:52:58","guid":{"rendered":"https:\/\/www.ilovewines.vn\/?post_type=product&#038;p=4354"},"modified":"2024-08-02T01:54:39","modified_gmt":"2024-08-02T07:54:39","slug":"kilikanoon-bin-88-reverse-clare-valley-shiraz-2018","status":"publish","type":"product","link":"https:\/\/www.ilovewines.vn\/vi\/product\/kilikanoon-bin-88-reverse-clare-valley-shiraz-2018\/","title":{"rendered":"Kilikanoon Bin 88 Reserve Clare Valley Shiraz"},"content":{"rendered":"<p>Nho ch\u1ec9 \u0111\u01b0\u1ee3c thu ho\u1ea1ch trong v\u00f9ng \u0111\u1ed3n \u0111i\u1ec1n tr\u1ed3ng nho c\u1ee7a Kilikanoon- m\u1ed9t bi\u1ec3u t\u01b0\u1ee3ng cho s\u1ef1 sang tr\u1ecdng c\u1ee7a Shiraz \u00dac, chai r\u01b0\u1ee3u n\u00e0y nhanh ch\u00f3ng tr\u1edf th\u00e0nh \u0111\u1eb7c tr\u01b0ng c\u1ee7a Shiraz v\u00f9ng kh\u00ed h\u1eadu m\u00e1t m\u1ebb. R\u01b0\u1ee3u \u0111\u01b0\u1ee3c ch\u1ebf t\u00e1c \u0111\u1ec3 ph\u00f4 b\u00e0y s\u1ef1 c\u00e2n b\u1eb1ng gi\u1eefa t\u00ednh sang tr\u1ecdng c\u1ee7a v\u00f9ng kh\u00ed h\u1eadu m\u00e1t v\u00e0 s\u1ef1 m\u1ec1m m\u1ea1i c\u00f9ng c\u1ea5u tr\u00fac ph\u1ee9c t\u1ea1p mang \u0111\u1eadm h\u01b0\u01a1ng v\u1ecb tr\u00e1i c\u00e2y. C\u00e1c v\u01b0\u1eddn nho s\u1ebd th\u00f4ng b\u00e1o cho nh\u00e0 m\u00e1y r\u01b0\u1ee3u, v\u00ec th\u1ebf tr\u00e1i nho \u0111\u01b0\u1ee3c thu h\u00e1i v\u00e0o th\u1eddi \u0111i\u1ec3m th\u00edch h\u1ee3p nh\u1ea5t, gi\u00fap trai nho c\u00f3 v\u1ecb ch\u00edn m\u1ecdng v\u00e0 gi\u1eef \u0111\u01b0\u1ee3c \u0111\u1ed9 chua t\u1ef1 nhi\u00ean. Nho \u0111\u01b0\u1ee3c nghi\u1ec1n th\u00e0nh t\u1eebng m\u1ebb nh\u1ecf trong c\u00e1c th\u00f9ng c\u00f3 n\u1eafp m\u1edf, n\u01a1i n\u00f3 \u0111\u01b0\u1ee3c l\u00ean men t\u1eeb t\u1eeb \u0111\u1ec3 gi\u1eef l\u1ea1i h\u01b0\u01a1ng v\u1ecb v\u00e0 h\u01b0\u01a1ng th\u01a1m tinh t\u1ebf. \u0110\u01b0\u1ee3c \u00e9p b\u1eb1ng m\u00e1y \u00e9p r\u1ed5 truy\u1ec1n th\u1ed1ng, m\u00e1y \u00e9p nh\u1eb9 \u0111\u01b0\u1ee3c t\u00e1ch ra, \u0111\u1ec3 l\u1ea1i v\u1ecb tannin ch\u1eafc h\u01a1n. Lo\u1ea1i r\u01b0\u1ee3u n\u00e0y sau \u0111\u00f3 \u0111\u01b0\u1ee3c tr\u01b0\u1edfng th\u00e0nh trong c\u00e1c th\u00f9ng g\u1ed7 Ph\u00e1p m\u1edbi \u0111\u01b0\u1ee3c \u01b0\u1edbp h\u01b0\u01a1ng li\u1ec7u.<\/p>\n<p>M\u00e0u \u0111\u1ecf \u0111\u1eadm v\u1edbi m\u00e0u s\u1eafc r\u1ef1c r\u1ee1, h\u01b0\u01a1ng th\u01a1m \u0111a d\u1ea1ng phong ph\u00fa c\u1ee7a t\u00f4ng m\u00e0u \u0111\u1ea5t th\u01a1m ngon \u0111\u01b0\u1ee3c c\u1ee7ng c\u1ed1 b\u1edfi h\u01b0\u01a1ng qu\u1ea3 vi\u1ec7t qu\u1ea5t. S\u1ef1 bi\u1ec3u hi\u1ec7n \u0111a d\u1ea1ng \u0111\u01b0\u1ee3c ti\u1ebfp t\u1ee5c tr\u00ean v\u00f2m mi\u1ec7ng th\u01a1m ngon v\u00e0 h\u00e0o ph\u00f3ng v\u1edbi h\u01b0\u01a1ng v\u1ecb c\u1ee7a qu\u1ea3 anh \u0111\u00e0o ch\u00edn \u0111\u1ecf v\u00e0 d\u01b0 v\u1ecb gia v\u1ecb nh\u1eb9 c\u1ee7a \u0111inh h\u01b0\u01a1ng v\u00e0 qu\u1ebf. H\u01b0\u01a1ng v\u1ecb t\u1ea1o n\u00ean lo\u1ea1i r\u01b0\u1ee3u n\u00e0y \u0111\u1ecdng l\u1ea1i r\u1ea5t l\u00e2u khi k\u1ebft th\u00fac. Lo\u1ea1i r\u01b0\u1ee3u c\u00e2n b\u1eb1ng tinh t\u1ebf n\u00e0y l\u00e0 m\u1ed9t v\u00ed d\u1ee5 c\u1ed5 \u0111i\u1ec3n v\u1ec1 s\u1ef1 sang tr\u1ecdng c\u1ee7a kh\u00ed h\u1eadu m\u00e1t m\u1ebb Clare Shiraz. Th\u01a1m ngon khi u\u1ed1ng ngay, d\u00f9 v\u1eady, lo\u1ea1i r\u01b0\u1ee3u n\u00e0y s\u1ebd m\u1ec1m m\u1ea1i h\u01a1n v\u00e0 th\u1ec3 hi\u1ec7n b\u1ea3n ch\u1ea5t th\u1ef1c s\u1ef1 c\u1ee7a n\u00f3 trong 8 n\u0103m t\u1edbi.<\/p>\n<p><a href=\"https:\/\/www.ilovewines.vn\/wp-content\/uploads\/2023\/11\/Kilikanoon-Awards-one-pager-Nov-23.pdf\" target=\"_blank\" rel=\"noopener\">KILIKANOON AWARDS 2023 (updated on 28 Nov. 2023)<\/a><\/p>","protected":false},"excerpt":{"rendered":"<p>R\u01b0\u1ee3u \u0111\u01b0\u1ee3c ch\u1ebf t\u00e1c \u0111\u1ec3 ph\u00f4 b\u00e0y s\u1ef1 c\u00e2n b\u1eb1ng gi\u1eefa t\u00ednh sang tr\u1ecdng c\u1ee7a v\u00f9ng kh\u00ed h\u1eadu m\u00e1t v\u00e0 s\u1ef1 m\u1ec1m m\u1ea1i c\u00f9ng c\u1ea5u tr\u00fac ph\u1ee9c t\u1ea1p mang \u0111\u1eadm h\u01b0\u01a1ng v\u1ecb tr\u00e1i c\u00e2y \u0111\u1ecf. V\u1ecb gi\u00e1c tr\u00e0n ng\u1eadp anh \u0111\u00e0o ch\u00edn m\u1ecdng c\u00f9ng gia v\u1ecb tinh t\u1ebf nh\u01b0 \u0111inh h\u01b0\u01a1ng v\u00e0 qu\u1ebf.<\/p>","protected":false},"featured_media":4355,"template":"","meta":{"_acf_changed":false},"product_brand":[],"product_cat":[2640,87],"product_tag":[],"grape_varietal":[2466],"wine_regions":[2418],"class_list":{"0":"post-4354","1":"product","2":"type-product","3":"status-publish","4":"has-post-thumbnail","6":"product_cat-catalogue","7":"product_cat-red-wine","8":"pa_brand-kilikanoon","9":"grape_varietal-shiraz","10":"wine_regions-clare-valley","12":"first","13":"instock","14":"shipping-taxable","15":"product-type-simple"},"acf":[],"yoast_head":"<!-- This site is optimized with the Yoast SEO plugin v27.1.1 - https:\/\/yoast.com\/product\/yoast-seo-wordpress\/ -->\n<title>Kilikanoon Bin 88 Reserve Clare Valley Shiraz - Rada Wines<\/title>\n<meta name=\"robots\" content=\"index, follow, max-snippet:-1, max-image-preview:large, max-video-preview:-1\" \/>\n<link rel=\"canonical\" href=\"https:\/\/www.ilovewines.vn\/vi\/san-pham\/kilikanoon-bin-88-reverse-clare-valley-shiraz-2018\/\" \/>\n<meta property=\"og:locale\" content=\"vi_VN\" \/>\n<meta property=\"og:type\" content=\"article\" \/>\n<meta property=\"og:title\" content=\"Kilikanoon Bin 88 Reserve Clare Valley Shiraz - Rada Wines\" \/>\n<meta property=\"og:description\" content=\"This wine has been crafted to bring together the fine balance of cool climate elegancy with a soft yet complex structure and intensity of rich red fruits that showcase a luscious and generous palate of ripe red cherries and light spices of cloves and cinnamon.\" \/>\n<meta property=\"og:url\" content=\"https:\/\/www.ilovewines.vn\/vi\/san-pham\/kilikanoon-bin-88-reverse-clare-valley-shiraz-2018\/\" \/>\n<meta property=\"og:site_name\" content=\"Rada Wines\" \/>\n<meta property=\"article:modified_time\" content=\"2024-08-02T07:54:39+00:00\" \/>\n<meta property=\"og:image\" content=\"https:\/\/www.ilovewines.vn\/wp-content\/uploads\/2022\/12\/bin88_reverse_shiraz.png\" \/>\n\t<meta property=\"og:image:width\" content=\"300\" \/>\n\t<meta property=\"og:image:height\" content=\"1038\" \/>\n\t<meta property=\"og:image:type\" content=\"image\/png\" \/>\n<meta name=\"twitter:card\" content=\"summary_large_image\" \/>\n<meta name=\"twitter:label1\" content=\"\u01af\u1edbc t\u00ednh th\u1eddi gian \u0111\u1ecdc\" \/>\n\t<meta name=\"twitter:data1\" content=\"2 ph\u00fat\" \/>\n<script type=\"application\/ld+json\" class=\"yoast-schema-graph\">{\"@context\":\"https:\/\/schema.org\",\"@graph\":[{\"@type\":\"WebPage\",\"@id\":\"https:\/\/www.ilovewines.vn\/product\/kilikanoon-bin-88-reverse-clare-valley-shiraz-2018\/\",\"url\":\"https:\/\/www.ilovewines.vn\/product\/kilikanoon-bin-88-reverse-clare-valley-shiraz-2018\/\",\"name\":\"Kilikanoon Bin 88 Reserve Clare Valley Shiraz - Rada Wines\",\"isPartOf\":{\"@id\":\"https:\/\/www.ilovewines.vn\/#website\"},\"primaryImageOfPage\":{\"@id\":\"https:\/\/www.ilovewines.vn\/product\/kilikanoon-bin-88-reverse-clare-valley-shiraz-2018\/#primaryimage\"},\"image\":{\"@id\":\"https:\/\/www.ilovewines.vn\/product\/kilikanoon-bin-88-reverse-clare-valley-shiraz-2018\/#primaryimage\"},\"thumbnailUrl\":\"https:\/\/www.ilovewines.vn\/wp-content\/uploads\/2022\/12\/bin88_reverse_shiraz.png\",\"datePublished\":\"2022-12-06T10:52:58+00:00\",\"dateModified\":\"2024-08-02T07:54:39+00:00\",\"breadcrumb\":{\"@id\":\"https:\/\/www.ilovewines.vn\/product\/kilikanoon-bin-88-reverse-clare-valley-shiraz-2018\/#breadcrumb\"},\"inLanguage\":\"vi\",\"potentialAction\":[{\"@type\":\"ReadAction\",\"target\":[\"https:\/\/www.ilovewines.vn\/product\/kilikanoon-bin-88-reverse-clare-valley-shiraz-2018\/\"]}]},{\"@type\":\"ImageObject\",\"inLanguage\":\"vi\",\"@id\":\"https:\/\/www.ilovewines.vn\/product\/kilikanoon-bin-88-reverse-clare-valley-shiraz-2018\/#primaryimage\",\"url\":\"https:\/\/www.ilovewines.vn\/wp-content\/uploads\/2022\/12\/bin88_reverse_shiraz.png\",\"contentUrl\":\"https:\/\/www.ilovewines.vn\/wp-content\/uploads\/2022\/12\/bin88_reverse_shiraz.png\",\"width\":300,\"height\":1038},{\"@type\":\"BreadcrumbList\",\"@id\":\"https:\/\/www.ilovewines.vn\/product\/kilikanoon-bin-88-reverse-clare-valley-shiraz-2018\/#breadcrumb\",\"itemListElement\":[{\"@type\":\"ListItem\",\"position\":1,\"name\":\"Home\",\"item\":\"https:\/\/www.ilovewines.vn\/\"},{\"@type\":\"ListItem\",\"position\":2,\"name\":\"Catalogue\",\"item\":\"https:\/\/www.ilovewines.vn\/catalogue\/\"},{\"@type\":\"ListItem\",\"position\":3,\"name\":\"Kilikanoon Bin 88 Reserve Clare Valley Shiraz\"}]},{\"@type\":\"WebSite\",\"@id\":\"https:\/\/www.ilovewines.vn\/#website\",\"url\":\"https:\/\/www.ilovewines.vn\/\",\"name\":\"Rada Wines\",\"description\":\"Just another WordPress site\",\"publisher\":{\"@id\":\"https:\/\/www.ilovewines.vn\/#organization\"},\"potentialAction\":[{\"@type\":\"SearchAction\",\"target\":{\"@type\":\"EntryPoint\",\"urlTemplate\":\"https:\/\/www.ilovewines.vn\/?s={search_term_string}\"},\"query-input\":{\"@type\":\"PropertyValueSpecification\",\"valueRequired\":true,\"valueName\":\"search_term_string\"}}],\"inLanguage\":\"vi\"},{\"@type\":\"Organization\",\"@id\":\"https:\/\/www.ilovewines.vn\/#organization\",\"name\":\"Rada Wines\",\"url\":\"https:\/\/www.ilovewines.vn\/\",\"logo\":{\"@type\":\"ImageObject\",\"inLanguage\":\"vi\",\"@id\":\"https:\/\/www.ilovewines.vn\/#\/schema\/logo\/image\/\",\"url\":\"https:\/\/www.ilovewines.vn\/wp-content\/uploads\/2022\/06\/cropped-162574230_380766779846763_4426584222903300096_n.jpg\",\"contentUrl\":\"https:\/\/www.ilovewines.vn\/wp-content\/uploads\/2022\/06\/cropped-162574230_380766779846763_4426584222903300096_n.jpg\",\"width\":320,\"height\":206,\"caption\":\"Rada Wines\"},\"image\":{\"@id\":\"https:\/\/www.ilovewines.vn\/#\/schema\/logo\/image\/\"}}]}<\/script>\n<!-- \/ Yoast SEO plugin. -->","yoast_head_json":{"title":"Kilikanoon Bin 88 Reserve Clare Valley Shiraz - Rada Wines","robots":{"index":"index","follow":"follow","max-snippet":"max-snippet:-1","max-image-preview":"max-image-preview:large","max-video-preview":"max-video-preview:-1"},"canonical":"https:\/\/www.ilovewines.vn\/vi\/san-pham\/kilikanoon-bin-88-reverse-clare-valley-shiraz-2018\/","og_locale":"vi_VN","og_type":"article","og_title":"Kilikanoon Bin 88 Reserve Clare Valley Shiraz - Rada Wines","og_description":"This wine has been crafted to bring together the fine balance of cool climate elegancy with a soft yet complex structure and intensity of rich red fruits that showcase a luscious and generous palate of ripe red cherries and light spices of cloves and cinnamon.","og_url":"https:\/\/www.ilovewines.vn\/vi\/san-pham\/kilikanoon-bin-88-reverse-clare-valley-shiraz-2018\/","og_site_name":"Rada Wines","article_modified_time":"2024-08-02T07:54:39+00:00","og_image":[{"width":300,"height":1038,"url":"https:\/\/www.ilovewines.vn\/wp-content\/uploads\/2022\/12\/bin88_reverse_shiraz.png","type":"image\/png"}],"twitter_card":"summary_large_image","twitter_misc":{"\u01af\u1edbc t\u00ednh th\u1eddi gian \u0111\u1ecdc":"2 ph\u00fat"},"schema":{"@context":"https:\/\/schema.org","@graph":[{"@type":"WebPage","@id":"https:\/\/www.ilovewines.vn\/product\/kilikanoon-bin-88-reverse-clare-valley-shiraz-2018\/","url":"https:\/\/www.ilovewines.vn\/product\/kilikanoon-bin-88-reverse-clare-valley-shiraz-2018\/","name":"Kilikanoon Bin 88 Reserve Clare Valley Shiraz - Rada Wines","isPartOf":{"@id":"https:\/\/www.ilovewines.vn\/#website"},"primaryImageOfPage":{"@id":"https:\/\/www.ilovewines.vn\/product\/kilikanoon-bin-88-reverse-clare-valley-shiraz-2018\/#primaryimage"},"image":{"@id":"https:\/\/www.ilovewines.vn\/product\/kilikanoon-bin-88-reverse-clare-valley-shiraz-2018\/#primaryimage"},"thumbnailUrl":"https:\/\/www.ilovewines.vn\/wp-content\/uploads\/2022\/12\/bin88_reverse_shiraz.png","datePublished":"2022-12-06T10:52:58+00:00","dateModified":"2024-08-02T07:54:39+00:00","breadcrumb":{"@id":"https:\/\/www.ilovewines.vn\/product\/kilikanoon-bin-88-reverse-clare-valley-shiraz-2018\/#breadcrumb"},"inLanguage":"vi","potentialAction":[{"@type":"ReadAction","target":["https:\/\/www.ilovewines.vn\/product\/kilikanoon-bin-88-reverse-clare-valley-shiraz-2018\/"]}]},{"@type":"ImageObject","inLanguage":"vi","@id":"https:\/\/www.ilovewines.vn\/product\/kilikanoon-bin-88-reverse-clare-valley-shiraz-2018\/#primaryimage","url":"https:\/\/www.ilovewines.vn\/wp-content\/uploads\/2022\/12\/bin88_reverse_shiraz.png","contentUrl":"https:\/\/www.ilovewines.vn\/wp-content\/uploads\/2022\/12\/bin88_reverse_shiraz.png","width":300,"height":1038},{"@type":"BreadcrumbList","@id":"https:\/\/www.ilovewines.vn\/product\/kilikanoon-bin-88-reverse-clare-valley-shiraz-2018\/#breadcrumb","itemListElement":[{"@type":"ListItem","position":1,"name":"Home","item":"https:\/\/www.ilovewines.vn\/"},{"@type":"ListItem","position":2,"name":"Catalogue","item":"https:\/\/www.ilovewines.vn\/catalogue\/"},{"@type":"ListItem","position":3,"name":"Kilikanoon Bin 88 Reserve Clare Valley Shiraz"}]},{"@type":"WebSite","@id":"https:\/\/www.ilovewines.vn\/#website","url":"https:\/\/www.ilovewines.vn\/","name":"Rada Wines","description":"Just another WordPress site","publisher":{"@id":"https:\/\/www.ilovewines.vn\/#organization"},"potentialAction":[{"@type":"SearchAction","target":{"@type":"EntryPoint","urlTemplate":"https:\/\/www.ilovewines.vn\/?s={search_term_string}"},"query-input":{"@type":"PropertyValueSpecification","valueRequired":true,"valueName":"search_term_string"}}],"inLanguage":"vi"},{"@type":"Organization","@id":"https:\/\/www.ilovewines.vn\/#organization","name":"Rada Wines","url":"https:\/\/www.ilovewines.vn\/","logo":{"@type":"ImageObject","inLanguage":"vi","@id":"https:\/\/www.ilovewines.vn\/#\/schema\/logo\/image\/","url":"https:\/\/www.ilovewines.vn\/wp-content\/uploads\/2022\/06\/cropped-162574230_380766779846763_4426584222903300096_n.jpg","contentUrl":"https:\/\/www.ilovewines.vn\/wp-content\/uploads\/2022\/06\/cropped-162574230_380766779846763_4426584222903300096_n.jpg","width":320,"height":206,"caption":"Rada Wines"},"image":{"@id":"https:\/\/www.ilovewines.vn\/#\/schema\/logo\/image\/"}}]}},"_links":{"self":[{"href":"https:\/\/www.ilovewines.vn\/vi\/wp-json\/wp\/v2\/product\/4354","targetHints":{"allow":["GET"]}}],"collection":[{"href":"https:\/\/www.ilovewines.vn\/vi\/wp-json\/wp\/v2\/product"}],"about":[{"href":"https:\/\/www.ilovewines.vn\/vi\/wp-json\/wp\/v2\/types\/product"}],"version-history":[{"count":2,"href":"https:\/\/www.ilovewines.vn\/vi\/wp-json\/wp\/v2\/product\/4354\/revisions"}],"predecessor-version":[{"id":4822,"href":"https:\/\/www.ilovewines.vn\/vi\/wp-json\/wp\/v2\/product\/4354\/revisions\/4822"}],"wp:featuredmedia":[{"embeddable":true,"href":"https:\/\/www.ilovewines.vn\/vi\/wp-json\/wp\/v2\/media\/4355"}],"wp:attachment":[{"href":"https:\/\/www.ilovewines.vn\/vi\/wp-json\/wp\/v2\/media?parent=4354"}],"wp:term":[{"taxonomy":"product_brand","embeddable":true,"href":"https:\/\/www.ilovewines.vn\/vi\/wp-json\/wp\/v2\/product_brand?post=4354"},{"taxonomy":"product_cat","embeddable":true,"href":"https:\/\/www.ilovewines.vn\/vi\/wp-json\/wp\/v2\/product_cat?post=4354"},{"taxonomy":"product_tag","embeddable":true,"href":"https:\/\/www.ilovewines.vn\/vi\/wp-json\/wp\/v2\/product_tag?post=4354"},{"taxonomy":"grape_varietal","embeddable":true,"href":"https:\/\/www.ilovewines.vn\/vi\/wp-json\/wp\/v2\/grape_varietal?post=4354"},{"taxonomy":"wine_regions","embeddable":true,"href":"https:\/\/www.ilovewines.vn\/vi\/wp-json\/wp\/v2\/wine_regions?post=4354"}],"curies":[{"name":"wp","href":"https:\/\/api.w.org\/{rel}","templated":true}]}}