{"id":4417,"date":"2023-05-15T07:14:43","date_gmt":"2023-05-15T13:14:43","guid":{"rendered":"https:\/\/www.ilovewines.vn\/?post_type=product&#038;p=4417"},"modified":"2024-08-20T03:17:56","modified_gmt":"2024-08-20T09:17:56","slug":"break-nouveau-cabernet-franc-2022","status":"publish","type":"product","link":"https:\/\/www.ilovewines.vn\/vi\/product\/break-nouveau-cabernet-franc-2022\/","title":{"rendered":"Break Free Nouveau Cabernet Franc"},"content":{"rendered":"<p><iframe title=\"Break Free Cabernet Franc\" width=\"800\" height=\"450\" src=\"https:\/\/www.youtube.com\/embed\/ZZIXLZ9cSp4?feature=oembed\" frameborder=\"0\" allow=\"accelerometer; autoplay; clipboard-write; encrypted-media; gyroscope; picture-in-picture; web-share\" referrerpolicy=\"strict-origin-when-cross-origin\" allowfullscreen><\/iframe><\/p>\n<h3>Qu\u00e1 tr\u00ecnh s\u1ea3n xu\u1ea5t<\/h3>\n<p>Nho gi\u1ed1ng Cab Franc th\u01a1m ng\u00e1t tr\u1ed3ng n\u01a1i kh\u00ed h\u1eadu m\u00e1t m\u1ebb \u0111\u01b0\u1ee3c thu ho\u1ea1ch v\u00e0 l\u00ean men m\u1edf c\u00f2n nguy\u00ean v\u1ecf trong v\u00f2ng 7 ng\u00e0y, \u0111\u01b0\u1ee3c \u00e9p, sau \u0111\u00f3 ti\u1ebfp t\u1ee5c l\u00ean men th\u00e0nh r\u01b0\u1ee3u kh\u00f4 (dry) trong th\u00f9ng th\u00e9p kh\u00f4ng g\u1ec9 (n\u01b0\u1edbc nho ch\u1ea3y t\u1ef1 nhi\u00ean), tr\u1ea3i qua qu\u00e1 tr\u00ecnh l\u00ean men malolactic l\u00e0m gi\u1ea3m axit v\u00e0 tr\u01b0\u1edfng th\u00e0nh trong 5 th\u00e1ng. \u0110\u00f3ng chai t\u01b0\u01a1i kh\u00f4ng qua g\u1ea1n l\u1ecdc. Thu\u1ea7n chay. L\u01b0\u1ee3ng d\u00f9ng t\u1ed1i thi\u1ec3u ch\u1ea5t b\u1ea3o qu\u1ea3n (sulphite).<\/p>\n<h3>Th\u01b0\u1edfng th\u1ee9c<\/h3>\n<p>Ni\u00ean v\u1ee5 th\u1ee9 ba c\u1ee7a r\u01b0\u1ee3u Break Free Nouveau ch\u1ee9ng ki\u1ebfn s\u1ef1 thay \u0111\u1ed5i v\u00f9ng mi\u1ec1n t\u1eeb v\u00f9ng Thung l\u0169ng s\u00f4ng Margaret sang v\u00f9ng m\u00e1t h\u01a1n, kh\u00ed h\u1eadu \u0111\u1ea1i d\u01b0\u01a1ng c\u1ee7a h\u1ea1 Albany v\u00f9ng T\u00e2y Nam n\u01b0\u1edbc \u00dac. 100% nho gi\u1ed1ng Cabernet Franc \u0111\u01b0\u1ee3c ch\u1ecdn t\u1eeb m\u1ed9t v\u01b0\u1eddn nho duy nh\u1ea5t v\u00e0 \u0111\u01b0\u1ee3c nghi\u1ec1n nh\u1eb9, l\u00ean men m\u1edf trong b\u1ea3y ng\u00e0y \u0111\u1ec3 cho ra n\u01b0\u1edbc nho \u00e9p c\u00f3 m\u00e0u t\u00edm nh\u1ea1t tuy\u1ec7t v\u1eddi. \u0110\u01b0\u1ee3c \u00e9p l\u1ea1nh \u0111\u1ec3 gi\u1eef m\u00f9i h\u01b0\u01a1ng, n\u01b0\u1edbc nho \u00e9p n\u00e0y \u0111\u01b0\u1ee3c l\u00ean men trong m\u1ed9t th\u00f9ng th\u00e9p kh\u00f4ng g\u1ec9 duy nh\u1ea5t, s\u1eed d\u1ee5ng ch\u00ednh men t\u1ef1 nhi\u00ean hoang d\u00e3 c\u1ee7a nho, ti\u1ebfp theo \u0111\u00f3 l\u00e0 qu\u00e1 tr\u00ecnh l\u00ean men malolactic l\u00e0m gi\u1ea3m axit ngay trong th\u00f9ng. Sau khi l\u00ean men th\u00e0nh r\u01b0\u1ee3u vang kh\u00f4, r\u01b0\u1ee3u \u0111\u01b0\u1ee3c \u0111\u00f3ng chai t\u1ee9c th\u00ec, kh\u00f4ng qua g\u1ea1n l\u1ecdc hay \u0111i\u1ec1u ch\u1ec9nh g\u00ec n\u1eefa.<\/p>\n<p><strong>D\u00d9NG L\u1ea0NH NHA!<\/strong>Kh\u1ea5u c\u1ea3m ng\u1ecdt ng\u00e0o h\u01b0\u01a1ng v\u1ecb c\u1ee7a qu\u1ea3 m\u1ecdng \u0111\u1ecf v\u00e0 t\u00edm,<br \/>\ntanin d\u1ecbu v\u1edbi ch\u00fat v\u1ecb chua gi\u00f2n t\u01b0\u01a1i m\u1edbi. R\u01b0\u1ee3u r\u1ea5t th\u00edch h\u1ee3p gi\u1ea3 kh\u00e1t m\u00f9a h\u00e8<br \/>\nh\u00e3y d\u00f9ng chung v\u1edbi b\u00e1nh ham b\u01a1 g\u01a1, b\u1ea1ch tu\u1ed9c n\u01b0\u1edbng than,<br \/>\nd\u00f9ng k\u00e8m pizza hay ngh\u00eau s\u1ed1t \u1edbt c\u0169ng ngon tuy\u1ec7t!<\/p>\n<p>&nbsp;<\/p>","protected":false},"excerpt":{"rendered":"<p>100% nho Cabernet Franc t\u1eeb m\u1ed9t v\u01b0\u1eddn nho \u0111\u01b0\u1ee3c nghi\u1ec1n nh\u1eb9, l\u00ean men t\u1ef1 do trong b\u1ea3y ng\u00e0y, t\u1ea1o n\u00ean n\u01b0\u1edbc \u00e9p c\u00f3 m\u00e0u t\u00edm s\u00e1ng \u0111\u1eb7c bi\u1ec7t. \u0110\u01b0\u1ee3c \u00e9p l\u1ea1nh \u0111\u1ec3 b\u1ea3o qu\u1ea3n ch\u1ea5t th\u01a1m, n\u01b0\u1edbc tr\u00e1i c\u00e2y \u0111\u01b0\u1ee3c l\u00ean men trong m\u1ed9t th\u00f9ng th\u00e9p kh\u00f4ng g\u1ec9 duy nh\u1ea5t d\u01b0\u1edbi men t\u1ef1 nhi\u00ean v\u00e0 qu\u00e1 tr\u00ecnh l\u00ean men malolactic t\u1ef1 ph\u00e1t trong c\u00f9ng m\u1ed9t th\u00f9ng. Sau khi l\u00ean men \u0111\u1ec3 kh\u00f4, r\u01b0\u1ee3u ngay l\u1eadp t\u1ee9c \u0111\u01b0\u1ee3c \u0111\u00f3ng chai m\u00e0 kh\u00f4ng c\u1ea7n \u0111i\u1ec1u ch\u1ec9nh, l\u1ecdc hay tinh ch\u1ebf th\u00eam.<\/p>","protected":false},"featured_media":4445,"template":"","meta":{"_acf_changed":false},"product_brand":[],"product_cat":[87,93],"product_tag":[],"grape_varietal":[2613],"wine_regions":[2456],"class_list":{"0":"post-4417","1":"product","2":"type-product","3":"status-publish","4":"has-post-thumbnail","6":"product_cat-red-wine","7":"product_cat-wine","8":"pa_brand-break-free","9":"grape_varietal-cabernet-franc","10":"wine_regions-albany","12":"first","13":"instock","14":"shipping-taxable","15":"product-type-simple"},"acf":[],"yoast_head":"<!-- This site is optimized with the Yoast SEO plugin v27.1.1 - https:\/\/yoast.com\/product\/yoast-seo-wordpress\/ -->\n<title>Break Free Nouveau Cabernet Franc - Rada Wines<\/title>\n<meta name=\"robots\" content=\"index, follow, max-snippet:-1, max-image-preview:large, max-video-preview:-1\" \/>\n<link rel=\"canonical\" href=\"https:\/\/www.ilovewines.vn\/vi\/san-pham\/break-nouveau-cabernet-franc-2022\/\" \/>\n<meta property=\"og:locale\" content=\"vi_VN\" \/>\n<meta property=\"og:type\" content=\"article\" \/>\n<meta property=\"og:title\" content=\"Break Free Nouveau Cabernet Franc - Rada Wines\" \/>\n<meta property=\"og:description\" content=\"100% Cabernet Franc from a single vineyard was gently crushed, open fermented for seven days giving the juice extraordinary bright purple colour. Cold pressed to preserve aromatics, the juice was fermented in one single stainless steel tank under it\u2019s own wild yeast and spontaneous malolactic fermentation in the same tank. After fermenting to dry, the wine was immediately bottled, with no further adjustment, filtration or fining.\" \/>\n<meta property=\"og:url\" content=\"https:\/\/www.ilovewines.vn\/vi\/san-pham\/break-nouveau-cabernet-franc-2022\/\" \/>\n<meta property=\"og:site_name\" content=\"Rada Wines\" \/>\n<meta property=\"article:modified_time\" content=\"2024-08-20T09:17:56+00:00\" \/>\n<meta property=\"og:image\" content=\"https:\/\/www.ilovewines.vn\/wp-content\/uploads\/2023\/06\/Break-Nouveau-Cabernet-Franc.png\" \/>\n\t<meta property=\"og:image:width\" content=\"268\" \/>\n\t<meta property=\"og:image:height\" content=\"783\" \/>\n\t<meta property=\"og:image:type\" content=\"image\/png\" \/>\n<meta name=\"twitter:card\" content=\"summary_large_image\" \/>\n<meta name=\"twitter:label1\" content=\"\u01af\u1edbc t\u00ednh th\u1eddi gian \u0111\u1ecdc\" \/>\n\t<meta name=\"twitter:data1\" content=\"1 ph\u00fat\" \/>\n<script type=\"application\/ld+json\" class=\"yoast-schema-graph\">{\"@context\":\"https:\/\/schema.org\",\"@graph\":[{\"@type\":\"WebPage\",\"@id\":\"https:\/\/www.ilovewines.vn\/product\/break-nouveau-cabernet-franc-2022\/\",\"url\":\"https:\/\/www.ilovewines.vn\/product\/break-nouveau-cabernet-franc-2022\/\",\"name\":\"Break Free Nouveau Cabernet Franc - Rada Wines\",\"isPartOf\":{\"@id\":\"https:\/\/www.ilovewines.vn\/#website\"},\"primaryImageOfPage\":{\"@id\":\"https:\/\/www.ilovewines.vn\/product\/break-nouveau-cabernet-franc-2022\/#primaryimage\"},\"image\":{\"@id\":\"https:\/\/www.ilovewines.vn\/product\/break-nouveau-cabernet-franc-2022\/#primaryimage\"},\"thumbnailUrl\":\"https:\/\/www.ilovewines.vn\/wp-content\/uploads\/2023\/06\/Break-Nouveau-Cabernet-Franc.png\",\"datePublished\":\"2023-05-15T13:14:43+00:00\",\"dateModified\":\"2024-08-20T09:17:56+00:00\",\"breadcrumb\":{\"@id\":\"https:\/\/www.ilovewines.vn\/product\/break-nouveau-cabernet-franc-2022\/#breadcrumb\"},\"inLanguage\":\"vi\",\"potentialAction\":[{\"@type\":\"ReadAction\",\"target\":[\"https:\/\/www.ilovewines.vn\/product\/break-nouveau-cabernet-franc-2022\/\"]}]},{\"@type\":\"ImageObject\",\"inLanguage\":\"vi\",\"@id\":\"https:\/\/www.ilovewines.vn\/product\/break-nouveau-cabernet-franc-2022\/#primaryimage\",\"url\":\"https:\/\/www.ilovewines.vn\/wp-content\/uploads\/2023\/06\/Break-Nouveau-Cabernet-Franc.png\",\"contentUrl\":\"https:\/\/www.ilovewines.vn\/wp-content\/uploads\/2023\/06\/Break-Nouveau-Cabernet-Franc.png\",\"width\":268,\"height\":783},{\"@type\":\"BreadcrumbList\",\"@id\":\"https:\/\/www.ilovewines.vn\/product\/break-nouveau-cabernet-franc-2022\/#breadcrumb\",\"itemListElement\":[{\"@type\":\"ListItem\",\"position\":1,\"name\":\"Home\",\"item\":\"https:\/\/www.ilovewines.vn\/\"},{\"@type\":\"ListItem\",\"position\":2,\"name\":\"Catalogue\",\"item\":\"https:\/\/www.ilovewines.vn\/catalogue\/\"},{\"@type\":\"ListItem\",\"position\":3,\"name\":\"Break Free Nouveau Cabernet Franc\"}]},{\"@type\":\"WebSite\",\"@id\":\"https:\/\/www.ilovewines.vn\/#website\",\"url\":\"https:\/\/www.ilovewines.vn\/\",\"name\":\"Rada Wines\",\"description\":\"Just another WordPress site\",\"publisher\":{\"@id\":\"https:\/\/www.ilovewines.vn\/#organization\"},\"potentialAction\":[{\"@type\":\"SearchAction\",\"target\":{\"@type\":\"EntryPoint\",\"urlTemplate\":\"https:\/\/www.ilovewines.vn\/?s={search_term_string}\"},\"query-input\":{\"@type\":\"PropertyValueSpecification\",\"valueRequired\":true,\"valueName\":\"search_term_string\"}}],\"inLanguage\":\"vi\"},{\"@type\":\"Organization\",\"@id\":\"https:\/\/www.ilovewines.vn\/#organization\",\"name\":\"Rada Wines\",\"url\":\"https:\/\/www.ilovewines.vn\/\",\"logo\":{\"@type\":\"ImageObject\",\"inLanguage\":\"vi\",\"@id\":\"https:\/\/www.ilovewines.vn\/#\/schema\/logo\/image\/\",\"url\":\"https:\/\/www.ilovewines.vn\/wp-content\/uploads\/2022\/06\/cropped-162574230_380766779846763_4426584222903300096_n.jpg\",\"contentUrl\":\"https:\/\/www.ilovewines.vn\/wp-content\/uploads\/2022\/06\/cropped-162574230_380766779846763_4426584222903300096_n.jpg\",\"width\":320,\"height\":206,\"caption\":\"Rada Wines\"},\"image\":{\"@id\":\"https:\/\/www.ilovewines.vn\/#\/schema\/logo\/image\/\"}}]}<\/script>\n<!-- \/ Yoast SEO plugin. -->","yoast_head_json":{"title":"Break Free Nouveau Cabernet Franc - Rada Wines","robots":{"index":"index","follow":"follow","max-snippet":"max-snippet:-1","max-image-preview":"max-image-preview:large","max-video-preview":"max-video-preview:-1"},"canonical":"https:\/\/www.ilovewines.vn\/vi\/san-pham\/break-nouveau-cabernet-franc-2022\/","og_locale":"vi_VN","og_type":"article","og_title":"Break Free Nouveau Cabernet Franc - Rada Wines","og_description":"100% Cabernet Franc from a single vineyard was gently crushed, open fermented for seven days giving the juice extraordinary bright purple colour. Cold pressed to preserve aromatics, the juice was fermented in one single stainless steel tank under it\u2019s own wild yeast and spontaneous malolactic fermentation in the same tank. After fermenting to dry, the wine was immediately bottled, with no further adjustment, filtration or fining.","og_url":"https:\/\/www.ilovewines.vn\/vi\/san-pham\/break-nouveau-cabernet-franc-2022\/","og_site_name":"Rada Wines","article_modified_time":"2024-08-20T09:17:56+00:00","og_image":[{"width":268,"height":783,"url":"https:\/\/www.ilovewines.vn\/wp-content\/uploads\/2023\/06\/Break-Nouveau-Cabernet-Franc.png","type":"image\/png"}],"twitter_card":"summary_large_image","twitter_misc":{"\u01af\u1edbc t\u00ednh th\u1eddi gian \u0111\u1ecdc":"1 ph\u00fat"},"schema":{"@context":"https:\/\/schema.org","@graph":[{"@type":"WebPage","@id":"https:\/\/www.ilovewines.vn\/product\/break-nouveau-cabernet-franc-2022\/","url":"https:\/\/www.ilovewines.vn\/product\/break-nouveau-cabernet-franc-2022\/","name":"Break Free Nouveau Cabernet Franc - Rada Wines","isPartOf":{"@id":"https:\/\/www.ilovewines.vn\/#website"},"primaryImageOfPage":{"@id":"https:\/\/www.ilovewines.vn\/product\/break-nouveau-cabernet-franc-2022\/#primaryimage"},"image":{"@id":"https:\/\/www.ilovewines.vn\/product\/break-nouveau-cabernet-franc-2022\/#primaryimage"},"thumbnailUrl":"https:\/\/www.ilovewines.vn\/wp-content\/uploads\/2023\/06\/Break-Nouveau-Cabernet-Franc.png","datePublished":"2023-05-15T13:14:43+00:00","dateModified":"2024-08-20T09:17:56+00:00","breadcrumb":{"@id":"https:\/\/www.ilovewines.vn\/product\/break-nouveau-cabernet-franc-2022\/#breadcrumb"},"inLanguage":"vi","potentialAction":[{"@type":"ReadAction","target":["https:\/\/www.ilovewines.vn\/product\/break-nouveau-cabernet-franc-2022\/"]}]},{"@type":"ImageObject","inLanguage":"vi","@id":"https:\/\/www.ilovewines.vn\/product\/break-nouveau-cabernet-franc-2022\/#primaryimage","url":"https:\/\/www.ilovewines.vn\/wp-content\/uploads\/2023\/06\/Break-Nouveau-Cabernet-Franc.png","contentUrl":"https:\/\/www.ilovewines.vn\/wp-content\/uploads\/2023\/06\/Break-Nouveau-Cabernet-Franc.png","width":268,"height":783},{"@type":"BreadcrumbList","@id":"https:\/\/www.ilovewines.vn\/product\/break-nouveau-cabernet-franc-2022\/#breadcrumb","itemListElement":[{"@type":"ListItem","position":1,"name":"Home","item":"https:\/\/www.ilovewines.vn\/"},{"@type":"ListItem","position":2,"name":"Catalogue","item":"https:\/\/www.ilovewines.vn\/catalogue\/"},{"@type":"ListItem","position":3,"name":"Break Free Nouveau Cabernet Franc"}]},{"@type":"WebSite","@id":"https:\/\/www.ilovewines.vn\/#website","url":"https:\/\/www.ilovewines.vn\/","name":"Rada Wines","description":"Just another WordPress site","publisher":{"@id":"https:\/\/www.ilovewines.vn\/#organization"},"potentialAction":[{"@type":"SearchAction","target":{"@type":"EntryPoint","urlTemplate":"https:\/\/www.ilovewines.vn\/?s={search_term_string}"},"query-input":{"@type":"PropertyValueSpecification","valueRequired":true,"valueName":"search_term_string"}}],"inLanguage":"vi"},{"@type":"Organization","@id":"https:\/\/www.ilovewines.vn\/#organization","name":"Rada Wines","url":"https:\/\/www.ilovewines.vn\/","logo":{"@type":"ImageObject","inLanguage":"vi","@id":"https:\/\/www.ilovewines.vn\/#\/schema\/logo\/image\/","url":"https:\/\/www.ilovewines.vn\/wp-content\/uploads\/2022\/06\/cropped-162574230_380766779846763_4426584222903300096_n.jpg","contentUrl":"https:\/\/www.ilovewines.vn\/wp-content\/uploads\/2022\/06\/cropped-162574230_380766779846763_4426584222903300096_n.jpg","width":320,"height":206,"caption":"Rada Wines"},"image":{"@id":"https:\/\/www.ilovewines.vn\/#\/schema\/logo\/image\/"}}]}},"_links":{"self":[{"href":"https:\/\/www.ilovewines.vn\/vi\/wp-json\/wp\/v2\/product\/4417","targetHints":{"allow":["GET"]}}],"collection":[{"href":"https:\/\/www.ilovewines.vn\/vi\/wp-json\/wp\/v2\/product"}],"about":[{"href":"https:\/\/www.ilovewines.vn\/vi\/wp-json\/wp\/v2\/types\/product"}],"version-history":[{"count":2,"href":"https:\/\/www.ilovewines.vn\/vi\/wp-json\/wp\/v2\/product\/4417\/revisions"}],"predecessor-version":[{"id":6427,"href":"https:\/\/www.ilovewines.vn\/vi\/wp-json\/wp\/v2\/product\/4417\/revisions\/6427"}],"wp:featuredmedia":[{"embeddable":true,"href":"https:\/\/www.ilovewines.vn\/vi\/wp-json\/wp\/v2\/media\/4445"}],"wp:attachment":[{"href":"https:\/\/www.ilovewines.vn\/vi\/wp-json\/wp\/v2\/media?parent=4417"}],"wp:term":[{"taxonomy":"product_brand","embeddable":true,"href":"https:\/\/www.ilovewines.vn\/vi\/wp-json\/wp\/v2\/product_brand?post=4417"},{"taxonomy":"product_cat","embeddable":true,"href":"https:\/\/www.ilovewines.vn\/vi\/wp-json\/wp\/v2\/product_cat?post=4417"},{"taxonomy":"product_tag","embeddable":true,"href":"https:\/\/www.ilovewines.vn\/vi\/wp-json\/wp\/v2\/product_tag?post=4417"},{"taxonomy":"grape_varietal","embeddable":true,"href":"https:\/\/www.ilovewines.vn\/vi\/wp-json\/wp\/v2\/grape_varietal?post=4417"},{"taxonomy":"wine_regions","embeddable":true,"href":"https:\/\/www.ilovewines.vn\/vi\/wp-json\/wp\/v2\/wine_regions?post=4417"}],"curies":[{"name":"wp","href":"https:\/\/api.w.org\/{rel}","templated":true}]}}