{"id":4419,"date":"2023-05-15T07:35:48","date_gmt":"2023-05-15T13:35:48","guid":{"rendered":"https:\/\/www.ilovewines.vn\/?post_type=product&#038;p=4419"},"modified":"2024-11-17T21:18:55","modified_gmt":"2024-11-18T04:18:55","slug":"kaya-shiraz-cabernet","status":"publish","type":"product","link":"https:\/\/www.ilovewines.vn\/vi\/product\/kaya-shiraz-cabernet\/","title":{"rendered":"KAYA Shiraz Cabernet"},"content":{"rendered":"<h3>V\u00f9ng nho<\/h3>\n<p>B\u00e1n \u0111\u1ea3o Fleurieu, Nam \u00dac<\/p>\n<h3>Phong c\u00e1ch vang<\/h3>\n<p>\u0110\u00e2y l\u00e0 r\u01b0\u1ee3u xu\u1ea5t x\u01b0\u1edfng \u0111\u1ea7u ti\u00ean c\u1ee7a d\u00f2ng r\u01b0\u1ee3u vang \u0111\u1ecf \u00dac theo phong c\u00e1ch pha tr\u1ed9n c\u1ee7a ch\u00fang t\u00f4i, v\u1ecb \u0111\u1eadm \u0111\u00e0, nh\u01b0ng v\u1eabn r\u1ea5t nh\u1eb9 nh\u00e0ng v\u00e0 d\u1ec5 u\u1ed1ng, th\u1ec3 hi\u1ec7n r\u00f5 s\u1ef1 c\u00e2n b\u1eb1ng gi\u1eefa h\u01b0\u01a1ng v\u1ecb tr\u00e1i c\u00e2y t\u01b0\u01a1i m\u1edbi v\u00e0 k\u0129 thu\u1eadt tr\u01b0\u1edfng th\u00e0nh r\u01b0\u1ee3u trong th\u00f9ng g\u1ed7 s\u1ed3i l\u00e2u n\u0103m.<\/p>\n<h3>Qu\u00e1 tr\u00ecnh s\u1ea3n xu\u1ea5t<\/h3>\n<p>R\u01b0\u1ee3u n\u00e0y \u0111\u01b0\u1ee3c pha tr\u1ed9n t\u1eeb nho Shiraz, Cabernet Sauvignon, Merlot, Malbec v\u00e0 Cabernet franc, n\u00f3 gi\u1eef \u0111\u01b0\u1ee3c h\u01b0\u01a1ng v\u1ecb tr\u00e1i c\u00e2y c\u01a1 b\u1ea3n, k\u1ebft h\u1ee3p v\u1edbi l\u01b0\u1ee3ng axit h\u00e0i h\u00f2a v\u00e0 c\u1ea5u tr\u00fac tanin trau chu\u1ed1t. T\u1eebng lo\u1ea1i nho kh\u00e1c nhau \u0111\u01b0\u1ee3c tr\u01b0\u1edfng th\u00e0nh trong th\u00f9ng g\u1ed7 s\u1ed3i Ph\u00e1p c\u1ea3 c\u0169 l\u1eabn m\u1edbi trong kho\u1ea3ng th\u1eddi gian trung b\u00ecnh kho\u1ea3ng 4,5 n\u0103m, sau \u0111\u00f3 \u0111\u01b0\u1ee3c c\u00e1c chuy\u00ean gia pha tr\u1ed9n v\u1edbi nhau \u0111\u1ec3 t\u1ea1o n\u00ean phong c\u00e1ch r\u01b0\u1ee3u \u0111\u1ed9c \u0111\u00e1o nh\u1eefng c\u0169ng r\u1ea5t d\u1ec5 u\u1ed1ng.<\/p>\n<h3>C\u1ea3m quan<\/h3>\n<p><b>Kh\u1ee9u gi\u00e1c<\/b>: M\u00f9i h\u01b0\u01a1ng n\u1ed3ng th\u1eafm c\u1ee7a qu\u1ea3 m\u00e0u m\u1ecdng \u0111\u1ecf t\u00edm tho\u1ea3ng h\u01b0\u01a1ng m\u00e2m x\u00f4i \u0111en, vani, h\u1ea1t ti\u00eau, \u0111inh h\u01b0\u01a1ng v\u00e0 s\u00f4 c\u00f4 la \u0111en.<\/p>\n<p><b>V\u1ecb gi\u00e1c<\/b>: D\u1ecbu, tr\u00f2n v\u1ecb v\u00e0 l\u00f4i cu\u1ed1n, v\u1edbi s\u1ef1 k\u1ebft h\u1ee3p c\u1ee7a c\u00e1c qu\u1ea3 nh\u01b0 m\u1eadn, m\u00e2m x\u00f4i \u0111en, m\u00e2m x\u00f4i \u0111\u1ecf v\u00e0 anh \u0111\u00e0o th\u1eabm m\u00e0u \u0111\u01b0\u1ee3c c\u00e2n b\u1eb1ng v\u1edbi g\u1ed7 s\u1ed3i n\u01b0\u1edbng v\u00e0 pha ch\u00fat h\u01b0\u01a1ng vani. Tannin m\u1ecbn m\u00e0ng \u0111\u01b0\u1ee3c h\u00f2a quy\u1ec7n kh\u00e9o l\u00e9o.<\/p>\n<h3>Th\u1eddi \u0111i\u1ec3m th\u01b0\u1edfng th\u1ee9c:<\/h3>\n<p>Ngon nh\u1ea5t l\u00e0 u\u1ed1ng ngay nh\u01b0ng c\u00f3 th\u1ec3 c\u1ea5t tr\u1eef l\u00e2u h\u01a1n.<\/p>\n<h3>Ph\u00e2n t\u00edch<\/h3>\n<p><b>N\u1ed3ng \u0111\u1ed9 c\u1ed3n:<\/b>: 15.0% v\/v<\/p>\n<p><b>\u0110\u1ed9 pH<\/b>: 3.50<\/p>","protected":false},"excerpt":{"rendered":"<p>H\u00e3y n\u1ebfm th\u1eed h\u01b0\u01a1ng v\u1ecb quy\u1ebfn r\u0169 \u0111\u1ea7y l\u00f4i cu\u1ed1n c\u1ee7a B\u00e1n \u0111\u1ea3o Fleurieu, Mi\u1ec1n nam \u00dac, v\u1edbi r\u01b0\u1ee3u vang \u0111\u1ecf \u00dac ngo\u1ea1i h\u1ea1ng c\u1ee7a ch\u00fang t\u00f4i. B\u1ea1n s\u1ebd \u0111\u01b0\u1ee3c t\u1eafm m\u00ecnh v\u00e0o h\u01b0\u01a1ng v\u1ecb m\u1ec1m m\u1ea1i, quy\u1ebfn r\u0169 c\u1ee7a tr\u00e1i c\u00e2y tr\u1ed9n l\u1eabn h\u01b0\u01a1ng g\u1ed7 s\u1ed3i tinh t\u1ebf. R\u01b0\u1ee3u l\u00e0 m\u1ed9t tuy\u1ec7t t\u00e1c quy\u1ebfn r\u0169, \u0111\u01b0\u1ee3c ch\u1ebf t\u00e1c tinh vi t\u1eeb nho \u0111\u01b0\u1ee3c tr\u1ed3ng \u1edf \u0111\u1ecba ph\u01b0\u01a1ng, tr\u00e0n ng\u1eadp h\u01b0\u01a1ng v\u1ecb n\u1ed3ng\u00a0 n\u00e0n l\u00f4i cu\u1ed1n c\u1ee7a qu\u1ea3 t\u00edm, mocha, h\u1ea1t ti\u00eau v\u00e0 s\u00f4 c\u00f4 la \u0111en, c\u00f9ng v\u1edbi c\u1ea5u tr\u00fac tanin trau chu\u1ed1t. V\u1edbi c\u1ea3m gi\u00e1c v\u00f2m mi\u1ec7ng m\u01b0\u1ee3t nh\u01b0 nhung v\u00e0 \u0111\u1ed9 chua r\u1ea5t v\u1eeba v\u1eb7n, r\u01b0\u1ee3u c\u00f3 th\u1ec3 \u0111\u01b0\u1ee3c th\u01b0\u1edfng th\u1ee9c ngay h\u00f4m nay ho\u1eb7c c\u1ea5t tr\u1eef l\u00e2u h\u01a1n. H\u00e3y v\u00e9n m\u00e0n \u0111\u1ec3 kh\u00e1m ph\u00e1 b\u1ea3n ch\u1ea5t c\u1ee7a phong c\u00e1ch \u00dac 'tr\u00e1i c\u00e2y l\u00e0m \u0111\u1ea7u' trong t\u1eebng ly r\u01b0\u1ee3u.<\/p>","protected":false},"featured_media":6434,"template":"","meta":{"_acf_changed":false},"product_brand":[],"product_cat":[87,93],"product_tag":[],"grape_varietal":[2613,2574,2467,2468,2466],"wine_regions":[2425],"class_list":{"0":"post-4419","1":"product","2":"type-product","3":"status-publish","4":"has-post-thumbnail","6":"product_cat-red-wine","7":"product_cat-wine","8":"pa_brand-kaya","9":"grape_varietal-cabernet-franc","10":"grape_varietal-cabernet-malbec","11":"grape_varietal-cabernet-sauvignon","12":"grape_varietal-merlot","13":"grape_varietal-shiraz","14":"wine_regions-southern-fleurieu","16":"first","17":"instock","18":"shipping-taxable","19":"product-type-simple"},"acf":[],"yoast_head":"<!-- This site is optimized with the Yoast SEO plugin v27.1.1 - https:\/\/yoast.com\/product\/yoast-seo-wordpress\/ -->\n<title>KAYA Shiraz Cabernet - Rada Wines<\/title>\n<meta name=\"robots\" content=\"index, follow, max-snippet:-1, max-image-preview:large, max-video-preview:-1\" \/>\n<link rel=\"canonical\" href=\"https:\/\/www.ilovewines.vn\/vi\/san-pham\/kaya-shiraz-cabernet\/\" \/>\n<meta property=\"og:locale\" content=\"vi_VN\" \/>\n<meta property=\"og:type\" content=\"article\" \/>\n<meta property=\"og:title\" content=\"KAYA Shiraz Cabernet - Rada Wines\" \/>\n<meta property=\"og:description\" content=\"Experience the captivating charm of Fleurieu Peninsula, South Australia, with our premier Australian red blend. Immerse yourself in a soft, seductive wine that harmonizes rich fruitiness with delicate oak notes. This alluring creation, masterfully crafted from estate-grown grapes, boasts a refined tannin structure and an enchanting bouquet of purple fruits, mocha, pepper, and dark chocolate. With its velvety texture and balanced acidity, this is a wine to savor today or allow to further evolve with time. Unveil the essence of Australia&#039;s &#039;fruit forward&#039; style in every glass.\" \/>\n<meta property=\"og:url\" content=\"https:\/\/www.ilovewines.vn\/vi\/san-pham\/kaya-shiraz-cabernet\/\" \/>\n<meta property=\"og:site_name\" content=\"Rada Wines\" \/>\n<meta property=\"article:modified_time\" content=\"2024-11-18T04:18:55+00:00\" \/>\n<meta property=\"og:image\" content=\"https:\/\/www.ilovewines.vn\/wp-content\/uploads\/2023\/05\/NHT_52751-e1726021152571.png\" \/>\n\t<meta property=\"og:image:width\" content=\"683\" \/>\n\t<meta property=\"og:image:height\" content=\"1024\" \/>\n\t<meta property=\"og:image:type\" content=\"image\/png\" \/>\n<meta name=\"twitter:card\" content=\"summary_large_image\" \/>\n<meta name=\"twitter:label1\" content=\"\u01af\u1edbc t\u00ednh th\u1eddi gian \u0111\u1ecdc\" \/>\n\t<meta name=\"twitter:data1\" content=\"2 ph\u00fat\" \/>\n<script type=\"application\/ld+json\" class=\"yoast-schema-graph\">{\"@context\":\"https:\/\/schema.org\",\"@graph\":[{\"@type\":\"WebPage\",\"@id\":\"https:\/\/www.ilovewines.vn\/product\/kaya-shiraz-cabernet\/\",\"url\":\"https:\/\/www.ilovewines.vn\/product\/kaya-shiraz-cabernet\/\",\"name\":\"KAYA Shiraz Cabernet - Rada Wines\",\"isPartOf\":{\"@id\":\"https:\/\/www.ilovewines.vn\/#website\"},\"primaryImageOfPage\":{\"@id\":\"https:\/\/www.ilovewines.vn\/product\/kaya-shiraz-cabernet\/#primaryimage\"},\"image\":{\"@id\":\"https:\/\/www.ilovewines.vn\/product\/kaya-shiraz-cabernet\/#primaryimage\"},\"thumbnailUrl\":\"https:\/\/www.ilovewines.vn\/wp-content\/uploads\/2023\/05\/NHT_52751-e1726021152571.png\",\"datePublished\":\"2023-05-15T13:35:48+00:00\",\"dateModified\":\"2024-11-18T04:18:55+00:00\",\"breadcrumb\":{\"@id\":\"https:\/\/www.ilovewines.vn\/product\/kaya-shiraz-cabernet\/#breadcrumb\"},\"inLanguage\":\"vi\",\"potentialAction\":[{\"@type\":\"ReadAction\",\"target\":[\"https:\/\/www.ilovewines.vn\/product\/kaya-shiraz-cabernet\/\"]}]},{\"@type\":\"ImageObject\",\"inLanguage\":\"vi\",\"@id\":\"https:\/\/www.ilovewines.vn\/product\/kaya-shiraz-cabernet\/#primaryimage\",\"url\":\"https:\/\/www.ilovewines.vn\/wp-content\/uploads\/2023\/05\/NHT_52751-e1726021152571.png\",\"contentUrl\":\"https:\/\/www.ilovewines.vn\/wp-content\/uploads\/2023\/05\/NHT_52751-e1726021152571.png\",\"width\":1000,\"height\":1500},{\"@type\":\"BreadcrumbList\",\"@id\":\"https:\/\/www.ilovewines.vn\/product\/kaya-shiraz-cabernet\/#breadcrumb\",\"itemListElement\":[{\"@type\":\"ListItem\",\"position\":1,\"name\":\"Home\",\"item\":\"https:\/\/www.ilovewines.vn\/\"},{\"@type\":\"ListItem\",\"position\":2,\"name\":\"Catalogue\",\"item\":\"https:\/\/www.ilovewines.vn\/catalogue\/\"},{\"@type\":\"ListItem\",\"position\":3,\"name\":\"KAYA Shiraz Cabernet\"}]},{\"@type\":\"WebSite\",\"@id\":\"https:\/\/www.ilovewines.vn\/#website\",\"url\":\"https:\/\/www.ilovewines.vn\/\",\"name\":\"Rada Wines\",\"description\":\"Just another WordPress site\",\"publisher\":{\"@id\":\"https:\/\/www.ilovewines.vn\/#organization\"},\"potentialAction\":[{\"@type\":\"SearchAction\",\"target\":{\"@type\":\"EntryPoint\",\"urlTemplate\":\"https:\/\/www.ilovewines.vn\/?s={search_term_string}\"},\"query-input\":{\"@type\":\"PropertyValueSpecification\",\"valueRequired\":true,\"valueName\":\"search_term_string\"}}],\"inLanguage\":\"vi\"},{\"@type\":\"Organization\",\"@id\":\"https:\/\/www.ilovewines.vn\/#organization\",\"name\":\"Rada Wines\",\"url\":\"https:\/\/www.ilovewines.vn\/\",\"logo\":{\"@type\":\"ImageObject\",\"inLanguage\":\"vi\",\"@id\":\"https:\/\/www.ilovewines.vn\/#\/schema\/logo\/image\/\",\"url\":\"https:\/\/www.ilovewines.vn\/wp-content\/uploads\/2022\/06\/cropped-162574230_380766779846763_4426584222903300096_n.jpg\",\"contentUrl\":\"https:\/\/www.ilovewines.vn\/wp-content\/uploads\/2022\/06\/cropped-162574230_380766779846763_4426584222903300096_n.jpg\",\"width\":320,\"height\":206,\"caption\":\"Rada Wines\"},\"image\":{\"@id\":\"https:\/\/www.ilovewines.vn\/#\/schema\/logo\/image\/\"}}]}<\/script>\n<!-- \/ Yoast SEO plugin. -->","yoast_head_json":{"title":"KAYA Shiraz Cabernet - Rada Wines","robots":{"index":"index","follow":"follow","max-snippet":"max-snippet:-1","max-image-preview":"max-image-preview:large","max-video-preview":"max-video-preview:-1"},"canonical":"https:\/\/www.ilovewines.vn\/vi\/san-pham\/kaya-shiraz-cabernet\/","og_locale":"vi_VN","og_type":"article","og_title":"KAYA Shiraz Cabernet - Rada Wines","og_description":"Experience the captivating charm of Fleurieu Peninsula, South Australia, with our premier Australian red blend. Immerse yourself in a soft, seductive wine that harmonizes rich fruitiness with delicate oak notes. This alluring creation, masterfully crafted from estate-grown grapes, boasts a refined tannin structure and an enchanting bouquet of purple fruits, mocha, pepper, and dark chocolate. With its velvety texture and balanced acidity, this is a wine to savor today or allow to further evolve with time. Unveil the essence of Australia's 'fruit forward' style in every glass.","og_url":"https:\/\/www.ilovewines.vn\/vi\/san-pham\/kaya-shiraz-cabernet\/","og_site_name":"Rada Wines","article_modified_time":"2024-11-18T04:18:55+00:00","og_image":[{"url":"https:\/\/www.ilovewines.vn\/wp-content\/uploads\/2023\/05\/NHT_52751-e1726021152571.png","width":683,"height":1024,"type":"image\/png"}],"twitter_card":"summary_large_image","twitter_misc":{"\u01af\u1edbc t\u00ednh th\u1eddi gian \u0111\u1ecdc":"2 ph\u00fat"},"schema":{"@context":"https:\/\/schema.org","@graph":[{"@type":"WebPage","@id":"https:\/\/www.ilovewines.vn\/product\/kaya-shiraz-cabernet\/","url":"https:\/\/www.ilovewines.vn\/product\/kaya-shiraz-cabernet\/","name":"KAYA Shiraz Cabernet - Rada Wines","isPartOf":{"@id":"https:\/\/www.ilovewines.vn\/#website"},"primaryImageOfPage":{"@id":"https:\/\/www.ilovewines.vn\/product\/kaya-shiraz-cabernet\/#primaryimage"},"image":{"@id":"https:\/\/www.ilovewines.vn\/product\/kaya-shiraz-cabernet\/#primaryimage"},"thumbnailUrl":"https:\/\/www.ilovewines.vn\/wp-content\/uploads\/2023\/05\/NHT_52751-e1726021152571.png","datePublished":"2023-05-15T13:35:48+00:00","dateModified":"2024-11-18T04:18:55+00:00","breadcrumb":{"@id":"https:\/\/www.ilovewines.vn\/product\/kaya-shiraz-cabernet\/#breadcrumb"},"inLanguage":"vi","potentialAction":[{"@type":"ReadAction","target":["https:\/\/www.ilovewines.vn\/product\/kaya-shiraz-cabernet\/"]}]},{"@type":"ImageObject","inLanguage":"vi","@id":"https:\/\/www.ilovewines.vn\/product\/kaya-shiraz-cabernet\/#primaryimage","url":"https:\/\/www.ilovewines.vn\/wp-content\/uploads\/2023\/05\/NHT_52751-e1726021152571.png","contentUrl":"https:\/\/www.ilovewines.vn\/wp-content\/uploads\/2023\/05\/NHT_52751-e1726021152571.png","width":1000,"height":1500},{"@type":"BreadcrumbList","@id":"https:\/\/www.ilovewines.vn\/product\/kaya-shiraz-cabernet\/#breadcrumb","itemListElement":[{"@type":"ListItem","position":1,"name":"Home","item":"https:\/\/www.ilovewines.vn\/"},{"@type":"ListItem","position":2,"name":"Catalogue","item":"https:\/\/www.ilovewines.vn\/catalogue\/"},{"@type":"ListItem","position":3,"name":"KAYA Shiraz Cabernet"}]},{"@type":"WebSite","@id":"https:\/\/www.ilovewines.vn\/#website","url":"https:\/\/www.ilovewines.vn\/","name":"Rada Wines","description":"Just another WordPress site","publisher":{"@id":"https:\/\/www.ilovewines.vn\/#organization"},"potentialAction":[{"@type":"SearchAction","target":{"@type":"EntryPoint","urlTemplate":"https:\/\/www.ilovewines.vn\/?s={search_term_string}"},"query-input":{"@type":"PropertyValueSpecification","valueRequired":true,"valueName":"search_term_string"}}],"inLanguage":"vi"},{"@type":"Organization","@id":"https:\/\/www.ilovewines.vn\/#organization","name":"Rada Wines","url":"https:\/\/www.ilovewines.vn\/","logo":{"@type":"ImageObject","inLanguage":"vi","@id":"https:\/\/www.ilovewines.vn\/#\/schema\/logo\/image\/","url":"https:\/\/www.ilovewines.vn\/wp-content\/uploads\/2022\/06\/cropped-162574230_380766779846763_4426584222903300096_n.jpg","contentUrl":"https:\/\/www.ilovewines.vn\/wp-content\/uploads\/2022\/06\/cropped-162574230_380766779846763_4426584222903300096_n.jpg","width":320,"height":206,"caption":"Rada Wines"},"image":{"@id":"https:\/\/www.ilovewines.vn\/#\/schema\/logo\/image\/"}}]}},"_links":{"self":[{"href":"https:\/\/www.ilovewines.vn\/vi\/wp-json\/wp\/v2\/product\/4419","targetHints":{"allow":["GET"]}}],"collection":[{"href":"https:\/\/www.ilovewines.vn\/vi\/wp-json\/wp\/v2\/product"}],"about":[{"href":"https:\/\/www.ilovewines.vn\/vi\/wp-json\/wp\/v2\/types\/product"}],"version-history":[{"count":2,"href":"https:\/\/www.ilovewines.vn\/vi\/wp-json\/wp\/v2\/product\/4419\/revisions"}],"predecessor-version":[{"id":4591,"href":"https:\/\/www.ilovewines.vn\/vi\/wp-json\/wp\/v2\/product\/4419\/revisions\/4591"}],"wp:featuredmedia":[{"embeddable":true,"href":"https:\/\/www.ilovewines.vn\/vi\/wp-json\/wp\/v2\/media\/6434"}],"wp:attachment":[{"href":"https:\/\/www.ilovewines.vn\/vi\/wp-json\/wp\/v2\/media?parent=4419"}],"wp:term":[{"taxonomy":"product_brand","embeddable":true,"href":"https:\/\/www.ilovewines.vn\/vi\/wp-json\/wp\/v2\/product_brand?post=4419"},{"taxonomy":"product_cat","embeddable":true,"href":"https:\/\/www.ilovewines.vn\/vi\/wp-json\/wp\/v2\/product_cat?post=4419"},{"taxonomy":"product_tag","embeddable":true,"href":"https:\/\/www.ilovewines.vn\/vi\/wp-json\/wp\/v2\/product_tag?post=4419"},{"taxonomy":"grape_varietal","embeddable":true,"href":"https:\/\/www.ilovewines.vn\/vi\/wp-json\/wp\/v2\/grape_varietal?post=4419"},{"taxonomy":"wine_regions","embeddable":true,"href":"https:\/\/www.ilovewines.vn\/vi\/wp-json\/wp\/v2\/wine_regions?post=4419"}],"curies":[{"name":"wp","href":"https:\/\/api.w.org\/{rel}","templated":true}]}}