{"id":4421,"date":"2023-05-15T07:48:48","date_gmt":"2023-05-15T13:48:48","guid":{"rendered":"https:\/\/www.ilovewines.vn\/?post_type=product&#038;p=4421"},"modified":"2025-04-18T04:13:40","modified_gmt":"2025-04-18T10:13:40","slug":"peninsula-chardonnay-2021","status":"publish","type":"product","link":"https:\/\/www.ilovewines.vn\/vi\/product\/peninsula-chardonnay-2021\/","title":{"rendered":"Peninsula Chardonnay"},"content":{"rendered":"<h3><b>Ni\u00ean v\u1ee5<\/b><\/h3>\n<p>M\u1ed9t m\u00f9a h\u00e8 m\u00e1t m\u1ebb v\u1edbi l\u01b0\u1ee3ng m\u01b0a v\u01b0\u1ee3t tr\u1ed9i ban \u0111\u1ea7u \u0111\u00e3 g\u00e2y lo ng\u1ea1i v\u1ec1 \u00e1p l\u1ef1c v\u1ec1 s\u00e2u b\u1ec7nh cao nh\u1ea5t trong nhi\u1ec1u n\u0103m nay. Tuy nhi\u00ean, th\u00f4ng qua vi\u1ec7c qu\u1ea3n l\u00fd c\u00e0nh c\u00e2y nghi\u00eam ng\u1eb7t v\u00e0 s\u1ee9c kh\u1ecfe c\u00e2y nho xu\u1ea5t s\u1eafc, ch\u00fang t\u00f4i \u0111\u00e3 tr\u00e1nh \u0111\u01b0\u1ee3c b\u1ea5t k\u1ef3 s\u1ef1 b\u00f9ng ph\u00e1t n\u1ea5m v\u00e0 m\u1ed1c n\u00e0o. \u0110i\u1ec1u ki\u1ec7n th\u1eddi ti\u1ebft \u00f4n h\u00f2a c\u0169ng t\u1ea1o \u0111i\u1ec1u ki\u1ec7n cho m\u1ed9t m\u00f9a ch\u00edn k\u00e9o d\u00e0i, khi\u1ebfn cho h\u1ea7u h\u1ebft nh\u1eefng gi\u1ed1ng nho \u0111\u1ecf ph\u00e1t tri\u1ec3n c\u1ea5u tr\u00fac tuy\u1ec7t v\u1eddi v\u00e0 \u0111\u1ed9 s\u00e2u m\u00e0u s\u1eafc, trong khi nh\u1eefng gi\u1ed1ng nho tr\u1eafng gi\u1eef \u0111\u01b0\u1ee3c \u0111\u1ed9 axit t\u01b0\u01a1i s\u00e1ng v\u00e0 s\u1ef1 tinh t\u1ebfc\u00f3 th\u1ec3 \u0111\u01b0\u1ee3c truy\u1ec1n l\u1ea1i trong nhi\u1ec1u n\u0103m t\u1edbi. V\u1edbi m\u1ee9c s\u1ea3n l\u01b0\u1ee3ng \u0111\u1ee7 n\u1ebfu kh\u00f4ng mu\u1ed1n n\u00f3i l\u00e0 phong ph\u00fa, \u0111\u00e2y th\u1ef1c s\u1ef1 l\u00e0 m\u1ed9t n\u0103m \u0111\u00e1ng nh\u1edb!<\/p>\n<h3><b>Canh t\u00e1c<\/b><\/h3>\n<p><strong>V\u00f9ng tr\u1ed3ng<\/strong>: Mornington Peninsula &#8211; Tuerong<br \/>\n<strong>Ch\u1ee7ng nho:<\/strong>: I1OV1 &amp; P58<br \/>\n<strong>Ng\u00e0y thu ho\u1ea1ch<\/strong>: 17 th\u00e1ng Ba<\/p>\n<h3><b>Qu\u00e1 tr\u00ecnh s\u1ea3n xu\u1ea5t<\/b><\/h3>\n<p>Tr\u00e1i c\u00e2y \u0111\u01b0\u1ee3c thu ho\u1ea1ch b\u1eb1ng tay v\u00e0 \u00e9p to\u00e0n b\u1ed9 ch\u00f9m va cho v\u00e0o c\u00e1c th\u00f9ng \u0111\u01b0\u1ee3c l\u00e0m t\u1eeb h\u1ed7n h\u1ee3p g\u1ed7 s\u1ed3i Ph\u00e1p c\u0169 t\u1eeb 1 \u0111\u1ebfn 2 n\u0103m tu\u1ed5i v\u00e0 m\u1edbi (225 l\u00edt) v\u00e0 th\u00f9ng to (500 l\u00edt), l\u00ean men ng\u1eabu h\u1ee9ng t\u1ef1 nhi\u00ean.<br \/>\nM\u1ed9t s\u1ed1 ki\u1ec3m so\u00e1t nhi\u1ec7t \u0111\u1ed9 \u0111\u00e3 \u0111\u01b0\u1ee3c th\u1ef1c hi\u1ec7n trong qu\u00e1 tr\u00ecnh l\u00ean men trong th\u00f9ng g\u1ed7 \u0111\u1ec3 \u0111\u1ea3m b\u1ea3o gi\u1eef l\u1ea1i \u0111\u01b0\u1ee3c \u0111\u1eb7c tr\u01b0ng t\u01b0\u01a1i s\u1ea1ch c\u1ee7a tr\u00e1i c\u00e2y.<br \/>\nR\u01b0\u1ee3u \u0111\u01b0\u1ee3c l\u01b0u tr\u1eef trong c\u00e1c th\u00f9ng g\u1ed7 \u0111\u00f3 trong 9 th\u00e1ng, v\u1edbi quy tr\u00ecnh \"topping\" \u0111\u1ecbnh k\u1ef3, h\u00e8m r\u01b0\u1ee3u \u0111\u01b0\u1ee3c khu\u1ea5y tr\u1edf l\u1ea1i\u00a0 trong r\u01b0\u1ee3u th\u01b0\u1eddng xuy\u00ean \u0111\u1ec3 gia t\u0103ng \u0111\u1ed9 ph\u1ee9c t\u1ea1p v\u00e0 \u0111\u1ed9 \u0111\u1eadm.<br \/>\nV\u00e0o th\u00e1ng 12 n\u0103m 2021, r\u01b0\u1ee3u \u0111\u01b0\u1ee3c t\u1eadp h\u1ee3p trong b\u1ed3n \u0111\u1ec3 chu\u1ea9n b\u1ecb cho qu\u00e1 tr\u00ecnh \u0111\u00f3ng chai.<\/p>\n<h3><b>Ph\u00e2n t\u00edch<\/b><\/h3>\n<p><strong>N\u1ed3ng \u0111\u1ed9 c\u1ed3n:<\/strong>: 12.5%<br \/>\n<strong>\u0110\u1ed9 axit<\/strong>: 3.27 pH<br \/>\n<strong>\u0110\u01b0\u1eddng d\u01b0:<\/strong>: 6.43 g\/L<br \/>\n<strong>G\u1ed7 s\u1ed3i<\/strong>: 5% m\u1edbi<br \/>\n<strong>L\u00ean men Malolactic<\/strong>: C\u00f3<\/p>\n<h3><b>Th\u01b0\u1edfng th\u1ee9c<\/b><\/h3>\n<p><strong>Kh\u1ee9u gi\u00e1c<\/strong>: Th\u01a1m h\u01b0\u01a1ng tr\u00e1i sung v\u00e0 d\u01b0a ch\u00edn<br \/>\n<strong>V\u1ecb gi\u00e1c<\/strong>: Nhi\u1ec1u h\u01b0\u01a1ng v\u1ecb v\u00e0 \u0111\u1ed9 chua trong v\u00f2m mi\u1ec7ng<\/p>\n<h3><b>Food Pairings<\/b><\/h3>\n<p>M\u00fd \u00dd linguine v\u1edbi t\u00f4m v\u00e0 b\u00ed ng\u00f2i<br \/>\nTr\u1ee9ng \u0111\u00fac rau c\u1ee7 ki\u1ec3u \u00dd<br \/>\nC\u01a1m ki\u1ec3u \u00dd v\u1edbi \u0111\u1eadu tuy\u1ebft v\u00e0 l\u00e1 x\u1ea1 h\u01b0\u01a1ng<br \/>\nTempura<\/p>\n<h3><b>C\u1ea5t tr\u1eef:<\/b><\/h3>\n<p>U\u1ed1ng ngay ho\u1eb7c c\u1ea5t tr\u1eef trong v\u00f2ng 4n\u0103m t\u1edbi<\/p>\n<div id=\"gtx-trans\" style=\"position: absolute; left: 34px; top: 810.094px;\">\n<div class=\"gtx-trans-icon\"><\/div>\n<\/div>","protected":false},"excerpt":{"rendered":"<p>B\u1eaft \u0111\u1ea7u cu\u1ed9c h\u00e0nh tr\u00ecnh t\u1eadn h\u01b0\u1edfng v\u1edbi d\u00f2ng r\u01b0\u1ee3u The Peninsula, m\u1ed9t minh ch\u1ee9ng cho s\u1ef1 cam k\u1ebft ki\u00ean \u0111\u1ecbnh c\u1ee7a gia t\u1ed9c Crittenden \u0111\u1ed1i v\u1edbi tr\u1ed3ng nho v\u00e0 s\u1ea3n xu\u1ea5t r\u01b0\u1ee3u. \u0110\u01b0\u1ee3c t\u1ea1o ra t\u1eeb nh\u1eefng tr\u00e1i nho \u0111\u01b0\u1ee3c l\u1ef1a ch\u1ecdn c\u1ea9n th\u1eadn tr\u00ean to\u00e0n b\u1ed9 b\u00e1n \u0111\u1ea3o Mornington, chai R\u01b0\u1ee3u Chardonnay t\u01b0\u01a1i s\u00e1ng n\u00e0y \u0111\u00e3 n\u1eafm b\u1eaft \u0111\u01b0\u1ee3c linh h\u1ed3n b\u1ea3n \u0111\u1ecba. H\u01b0\u01a1ng th\u01a1m c\u1ee7a qu\u1ea3 sung v\u00e0 d\u01b0a ch\u00edn m\u1ecdng \u0111em l\u1ea1i s\u1ef1 quy\u1ebfn r\u0169, c\u1ea3m gi\u00e1c v\u00f2m mi\u1ec7ng h\u00e2n hoan v\u1edbi s\u1ef1 c\u00e2n b\u1eb1ng ho\u00e0n h\u1ea3o \u0111\u1ea7y h\u01b0\u01a1ng v\u1ecb v\u00e0 \u0111\u1ed9 chua. Cho d\u00f9 k\u1ebft h\u1ee3p v\u1edbi m\u00ec linguine t\u00f4m v\u00e0 b\u00ed ng\u00f2i hay m\u00f3n c\u01a1m n\u1ea5u ki\u1ec3u \u00dd v\u1edbi \u0111\u1eadu tuy\u1ebft v\u00e0 l\u00e1 x\u1ea1 h\u01b0\u01a1ng , chai r\u01b0\u1ee3u n\u00e0y n\u00e2ng t\u1ea7m m\u1ecdi d\u1ecbp. H\u00e3y th\u01b0\u1edfng th\u1ee9c ngay b\u00e2y gi\u1edd ho\u1eb7c \u0111\u1ec3 n\u00f3 ph\u00e1t tri\u1ec3n trong v\u00f2ng b\u1ed1n n\u0103m t\u1edbi, v\u00e0 tr\u1ea3i nghi\u1ec7m ngh\u1ec7 thu\u1eadt hi\u1ec7n di\u1ec7n trong t\u1eebng ng\u1ee5m r\u01b0\u1ee3u.<\/p>","protected":false},"featured_media":4425,"template":"","meta":{"_acf_changed":false},"product_brand":[],"product_cat":[89],"product_tag":[],"grape_varietal":[2472],"wine_regions":[2433],"class_list":{"0":"post-4421","1":"product","2":"type-product","3":"status-publish","4":"has-post-thumbnail","6":"product_cat-white-wine","7":"pa_brand-crittenden-estate","8":"pa_brand-peninsula","9":"grape_varietal-chardonnay","10":"wine_regions-mornington-peninsula","12":"first","13":"instock","14":"shipping-taxable","15":"product-type-simple"},"acf":[],"yoast_head":"<!-- This site is optimized with the Yoast SEO plugin v27.4 - https:\/\/yoast.com\/product\/yoast-seo-wordpress\/ -->\n<title>Peninsula Chardonnay - Rada Wines<\/title>\n<meta name=\"robots\" content=\"index, follow, max-snippet:-1, max-image-preview:large, max-video-preview:-1\" \/>\n<link rel=\"canonical\" href=\"https:\/\/www.ilovewines.vn\/vi\/san-pham\/peninsula-chardonnay-2021\/\" \/>\n<meta property=\"og:locale\" content=\"vi_VN\" \/>\n<meta property=\"og:type\" content=\"article\" \/>\n<meta property=\"og:title\" content=\"Peninsula Chardonnay - Rada Wines\" \/>\n<meta property=\"og:description\" content=\"Embark on a sensory journey with The Peninsula range of wines, a testament to the Crittenden family&#039;s unwavering commitment to viticulture and winemaking. Crafted from carefully selected grapes across Mornington Peninsula, this vibrant Chardonnay captures the region&#039;s essence. Its fragrant bouquet of figs and ripe melons entices, while the palate delights with a harmonious interplay of savoriness and acidity. Whether paired with prawn and zucchini linguine or spring pea and thyme risotto, this wine elevates every occasion. Drink it now or allow it to evolve over the next four years, and experience the artistry that resonates within each sip.\" \/>\n<meta property=\"og:url\" content=\"https:\/\/www.ilovewines.vn\/vi\/san-pham\/peninsula-chardonnay-2021\/\" \/>\n<meta property=\"og:site_name\" content=\"Rada Wines\" \/>\n<meta property=\"article:modified_time\" content=\"2025-04-18T10:13:40+00:00\" \/>\n<meta property=\"og:image\" content=\"https:\/\/www.ilovewines.vn\/wp-content\/uploads\/2023\/05\/Crittenden-Peninsula-Chardonnay-NV-low-res-002.png\" \/>\n\t<meta property=\"og:image:width\" content=\"492\" \/>\n\t<meta property=\"og:image:height\" content=\"1772\" \/>\n\t<meta property=\"og:image:type\" content=\"image\/png\" \/>\n<meta name=\"twitter:card\" content=\"summary_large_image\" \/>\n<meta name=\"twitter:label1\" content=\"\u01af\u1edbc t\u00ednh th\u1eddi gian \u0111\u1ecdc\" \/>\n\t<meta name=\"twitter:data1\" content=\"2 ph\u00fat\" \/>\n<script type=\"application\/ld+json\" class=\"yoast-schema-graph\">{\"@context\":\"https:\\\/\\\/schema.org\",\"@graph\":[{\"@type\":\"WebPage\",\"@id\":\"https:\\\/\\\/www.ilovewines.vn\\\/product\\\/peninsula-chardonnay-2021\\\/\",\"url\":\"https:\\\/\\\/www.ilovewines.vn\\\/product\\\/peninsula-chardonnay-2021\\\/\",\"name\":\"Peninsula Chardonnay - Rada Wines\",\"isPartOf\":{\"@id\":\"https:\\\/\\\/www.ilovewines.vn\\\/#website\"},\"primaryImageOfPage\":{\"@id\":\"https:\\\/\\\/www.ilovewines.vn\\\/product\\\/peninsula-chardonnay-2021\\\/#primaryimage\"},\"image\":{\"@id\":\"https:\\\/\\\/www.ilovewines.vn\\\/product\\\/peninsula-chardonnay-2021\\\/#primaryimage\"},\"thumbnailUrl\":\"https:\\\/\\\/www.ilovewines.vn\\\/wp-content\\\/uploads\\\/2023\\\/05\\\/Crittenden-Peninsula-Chardonnay-NV-low-res-002.png\",\"datePublished\":\"2023-05-15T13:48:48+00:00\",\"dateModified\":\"2025-04-18T10:13:40+00:00\",\"breadcrumb\":{\"@id\":\"https:\\\/\\\/www.ilovewines.vn\\\/product\\\/peninsula-chardonnay-2021\\\/#breadcrumb\"},\"inLanguage\":\"vi\",\"potentialAction\":[{\"@type\":\"ReadAction\",\"target\":[\"https:\\\/\\\/www.ilovewines.vn\\\/product\\\/peninsula-chardonnay-2021\\\/\"]}]},{\"@type\":\"ImageObject\",\"inLanguage\":\"vi\",\"@id\":\"https:\\\/\\\/www.ilovewines.vn\\\/product\\\/peninsula-chardonnay-2021\\\/#primaryimage\",\"url\":\"https:\\\/\\\/www.ilovewines.vn\\\/wp-content\\\/uploads\\\/2023\\\/05\\\/Crittenden-Peninsula-Chardonnay-NV-low-res-002.png\",\"contentUrl\":\"https:\\\/\\\/www.ilovewines.vn\\\/wp-content\\\/uploads\\\/2023\\\/05\\\/Crittenden-Peninsula-Chardonnay-NV-low-res-002.png\",\"width\":492,\"height\":1772},{\"@type\":\"BreadcrumbList\",\"@id\":\"https:\\\/\\\/www.ilovewines.vn\\\/product\\\/peninsula-chardonnay-2021\\\/#breadcrumb\",\"itemListElement\":[{\"@type\":\"ListItem\",\"position\":1,\"name\":\"Home\",\"item\":\"https:\\\/\\\/www.ilovewines.vn\\\/\"},{\"@type\":\"ListItem\",\"position\":2,\"name\":\"Catalogue\",\"item\":\"https:\\\/\\\/www.ilovewines.vn\\\/catalogue\\\/\"},{\"@type\":\"ListItem\",\"position\":3,\"name\":\"Peninsula Chardonnay\"}]},{\"@type\":\"WebSite\",\"@id\":\"https:\\\/\\\/www.ilovewines.vn\\\/#website\",\"url\":\"https:\\\/\\\/www.ilovewines.vn\\\/\",\"name\":\"Rada Wines\",\"description\":\"Just another WordPress site\",\"publisher\":{\"@id\":\"https:\\\/\\\/www.ilovewines.vn\\\/#organization\"},\"potentialAction\":[{\"@type\":\"SearchAction\",\"target\":{\"@type\":\"EntryPoint\",\"urlTemplate\":\"https:\\\/\\\/www.ilovewines.vn\\\/?s={search_term_string}\"},\"query-input\":{\"@type\":\"PropertyValueSpecification\",\"valueRequired\":true,\"valueName\":\"search_term_string\"}}],\"inLanguage\":\"vi\"},{\"@type\":\"Organization\",\"@id\":\"https:\\\/\\\/www.ilovewines.vn\\\/#organization\",\"name\":\"Rada Wines\",\"url\":\"https:\\\/\\\/www.ilovewines.vn\\\/\",\"logo\":{\"@type\":\"ImageObject\",\"inLanguage\":\"vi\",\"@id\":\"https:\\\/\\\/www.ilovewines.vn\\\/#\\\/schema\\\/logo\\\/image\\\/\",\"url\":\"https:\\\/\\\/www.ilovewines.vn\\\/wp-content\\\/uploads\\\/2022\\\/06\\\/cropped-162574230_380766779846763_4426584222903300096_n.jpg\",\"contentUrl\":\"https:\\\/\\\/www.ilovewines.vn\\\/wp-content\\\/uploads\\\/2022\\\/06\\\/cropped-162574230_380766779846763_4426584222903300096_n.jpg\",\"width\":320,\"height\":206,\"caption\":\"Rada Wines\"},\"image\":{\"@id\":\"https:\\\/\\\/www.ilovewines.vn\\\/#\\\/schema\\\/logo\\\/image\\\/\"}}]}<\/script>\n<!-- \/ Yoast SEO plugin. -->","yoast_head_json":{"title":"Peninsula Chardonnay - Rada Wines","robots":{"index":"index","follow":"follow","max-snippet":"max-snippet:-1","max-image-preview":"max-image-preview:large","max-video-preview":"max-video-preview:-1"},"canonical":"https:\/\/www.ilovewines.vn\/vi\/san-pham\/peninsula-chardonnay-2021\/","og_locale":"vi_VN","og_type":"article","og_title":"Peninsula Chardonnay - Rada Wines","og_description":"Embark on a sensory journey with The Peninsula range of wines, a testament to the Crittenden family's unwavering commitment to viticulture and winemaking. Crafted from carefully selected grapes across Mornington Peninsula, this vibrant Chardonnay captures the region's essence. Its fragrant bouquet of figs and ripe melons entices, while the palate delights with a harmonious interplay of savoriness and acidity. Whether paired with prawn and zucchini linguine or spring pea and thyme risotto, this wine elevates every occasion. Drink it now or allow it to evolve over the next four years, and experience the artistry that resonates within each sip.","og_url":"https:\/\/www.ilovewines.vn\/vi\/san-pham\/peninsula-chardonnay-2021\/","og_site_name":"Rada Wines","article_modified_time":"2025-04-18T10:13:40+00:00","og_image":[{"width":492,"height":1772,"url":"https:\/\/www.ilovewines.vn\/wp-content\/uploads\/2023\/05\/Crittenden-Peninsula-Chardonnay-NV-low-res-002.png","type":"image\/png"}],"twitter_card":"summary_large_image","twitter_misc":{"\u01af\u1edbc t\u00ednh th\u1eddi gian \u0111\u1ecdc":"2 ph\u00fat"},"schema":{"@context":"https:\/\/schema.org","@graph":[{"@type":"WebPage","@id":"https:\/\/www.ilovewines.vn\/product\/peninsula-chardonnay-2021\/","url":"https:\/\/www.ilovewines.vn\/product\/peninsula-chardonnay-2021\/","name":"Peninsula Chardonnay - Rada Wines","isPartOf":{"@id":"https:\/\/www.ilovewines.vn\/#website"},"primaryImageOfPage":{"@id":"https:\/\/www.ilovewines.vn\/product\/peninsula-chardonnay-2021\/#primaryimage"},"image":{"@id":"https:\/\/www.ilovewines.vn\/product\/peninsula-chardonnay-2021\/#primaryimage"},"thumbnailUrl":"https:\/\/www.ilovewines.vn\/wp-content\/uploads\/2023\/05\/Crittenden-Peninsula-Chardonnay-NV-low-res-002.png","datePublished":"2023-05-15T13:48:48+00:00","dateModified":"2025-04-18T10:13:40+00:00","breadcrumb":{"@id":"https:\/\/www.ilovewines.vn\/product\/peninsula-chardonnay-2021\/#breadcrumb"},"inLanguage":"vi","potentialAction":[{"@type":"ReadAction","target":["https:\/\/www.ilovewines.vn\/product\/peninsula-chardonnay-2021\/"]}]},{"@type":"ImageObject","inLanguage":"vi","@id":"https:\/\/www.ilovewines.vn\/product\/peninsula-chardonnay-2021\/#primaryimage","url":"https:\/\/www.ilovewines.vn\/wp-content\/uploads\/2023\/05\/Crittenden-Peninsula-Chardonnay-NV-low-res-002.png","contentUrl":"https:\/\/www.ilovewines.vn\/wp-content\/uploads\/2023\/05\/Crittenden-Peninsula-Chardonnay-NV-low-res-002.png","width":492,"height":1772},{"@type":"BreadcrumbList","@id":"https:\/\/www.ilovewines.vn\/product\/peninsula-chardonnay-2021\/#breadcrumb","itemListElement":[{"@type":"ListItem","position":1,"name":"Home","item":"https:\/\/www.ilovewines.vn\/"},{"@type":"ListItem","position":2,"name":"Catalogue","item":"https:\/\/www.ilovewines.vn\/catalogue\/"},{"@type":"ListItem","position":3,"name":"Peninsula Chardonnay"}]},{"@type":"WebSite","@id":"https:\/\/www.ilovewines.vn\/#website","url":"https:\/\/www.ilovewines.vn\/","name":"Rada Wines","description":"Just another WordPress site","publisher":{"@id":"https:\/\/www.ilovewines.vn\/#organization"},"potentialAction":[{"@type":"SearchAction","target":{"@type":"EntryPoint","urlTemplate":"https:\/\/www.ilovewines.vn\/?s={search_term_string}"},"query-input":{"@type":"PropertyValueSpecification","valueRequired":true,"valueName":"search_term_string"}}],"inLanguage":"vi"},{"@type":"Organization","@id":"https:\/\/www.ilovewines.vn\/#organization","name":"Rada Wines","url":"https:\/\/www.ilovewines.vn\/","logo":{"@type":"ImageObject","inLanguage":"vi","@id":"https:\/\/www.ilovewines.vn\/#\/schema\/logo\/image\/","url":"https:\/\/www.ilovewines.vn\/wp-content\/uploads\/2022\/06\/cropped-162574230_380766779846763_4426584222903300096_n.jpg","contentUrl":"https:\/\/www.ilovewines.vn\/wp-content\/uploads\/2022\/06\/cropped-162574230_380766779846763_4426584222903300096_n.jpg","width":320,"height":206,"caption":"Rada Wines"},"image":{"@id":"https:\/\/www.ilovewines.vn\/#\/schema\/logo\/image\/"}}]}},"_links":{"self":[{"href":"https:\/\/www.ilovewines.vn\/vi\/wp-json\/wp\/v2\/product\/4421","targetHints":{"allow":["GET"]}}],"collection":[{"href":"https:\/\/www.ilovewines.vn\/vi\/wp-json\/wp\/v2\/product"}],"about":[{"href":"https:\/\/www.ilovewines.vn\/vi\/wp-json\/wp\/v2\/types\/product"}],"version-history":[{"count":2,"href":"https:\/\/www.ilovewines.vn\/vi\/wp-json\/wp\/v2\/product\/4421\/revisions"}],"predecessor-version":[{"id":6830,"href":"https:\/\/www.ilovewines.vn\/vi\/wp-json\/wp\/v2\/product\/4421\/revisions\/6830"}],"wp:featuredmedia":[{"embeddable":true,"href":"https:\/\/www.ilovewines.vn\/vi\/wp-json\/wp\/v2\/media\/4425"}],"wp:attachment":[{"href":"https:\/\/www.ilovewines.vn\/vi\/wp-json\/wp\/v2\/media?parent=4421"}],"wp:term":[{"taxonomy":"product_brand","embeddable":true,"href":"https:\/\/www.ilovewines.vn\/vi\/wp-json\/wp\/v2\/product_brand?post=4421"},{"taxonomy":"product_cat","embeddable":true,"href":"https:\/\/www.ilovewines.vn\/vi\/wp-json\/wp\/v2\/product_cat?post=4421"},{"taxonomy":"product_tag","embeddable":true,"href":"https:\/\/www.ilovewines.vn\/vi\/wp-json\/wp\/v2\/product_tag?post=4421"},{"taxonomy":"grape_varietal","embeddable":true,"href":"https:\/\/www.ilovewines.vn\/vi\/wp-json\/wp\/v2\/grape_varietal?post=4421"},{"taxonomy":"wine_regions","embeddable":true,"href":"https:\/\/www.ilovewines.vn\/vi\/wp-json\/wp\/v2\/wine_regions?post=4421"}],"curies":[{"name":"wp","href":"https:\/\/api.w.org\/{rel}","templated":true}]}}