{"id":4427,"date":"2023-05-15T08:25:25","date_gmt":"2023-05-15T14:25:25","guid":{"rendered":"https:\/\/www.ilovewines.vn\/?post_type=product&#038;p=4427"},"modified":"2023-09-11T03:42:10","modified_gmt":"2023-09-11T09:42:10","slug":"peninsula-pinot-noir-2022","status":"publish","type":"product","link":"https:\/\/www.ilovewines.vn\/vi\/product\/peninsula-pinot-noir-2022\/","title":{"rendered":"Peninsula Pinot Noir"},"content":{"rendered":"<h3>Ni\u00ean v\u1ee5<\/h3>\n<p>M\u00e1t, \u1ea9m \u01b0\u1edbt v\u00e0 nhi\u1ec1u gi\u00f3 trong th\u00e1ng M\u01b0\u1eddi v\u00e0 th\u00e1ng M\u01b0\u1eddi M\u1ed9t n\u0103m 2021<br \/>\nRa hoa ch\u1eadm h\u01a1n v\u00e0 cho s\u1ea3n l\u01b0\u1ee3ng \u00edt h\u01a1n th\u01b0\u1eddng k\u00ec<br \/>\n\u0110\u1ebfn gi\u1eefa th\u00e1ng M\u01b0\u1eddi Hai, th\u1eddi ti\u1ebft kh\u1eafc nghi\u1ec7t \u0111\u00e3 nh\u01b0\u1eddng ch\u1ed7 cho nh\u1eefng \u0111i\u1ec1u ki\u1ec7n thu\u1eadn l\u1ee3i \u0111\u1ec3 ph\u00e1t tri\u1ec3n v\u00e0 ch\u00edn.<br \/>\nTh\u1eddi ti\u1ebft g\u1ea7n nh\u01b0 ho\u00e0n h\u1ea3o \u0111\u00e3 g\u00f3p ph\u1ea7n v\u00e0o v\u1ee5 thu ho\u1ea1ch xu\u1ea5t s\u1eafc cho c\u1ea3 nho l\u00e0m r\u01b0\u1ee3u vang \u0111\u1ecf v\u00e0 vang tr\u1eafng su\u1ed1t d\u1ecdc Mornington Peninsula v\u00e0 Victoria<\/p>\n<h3>QU\u00c1 TR\u00ccNH TR\u1ed2NG NHO<\/h3>\n<p><strong>V\u00f9ng tr\u1ed3ng<\/strong>: Mornington Peninsula &#8211; Balnarring &amp; Main Ridge<br \/>\n<strong>Ch\u1ee7ng nho:<\/strong>: MV6<br \/>\n<strong>Ng\u00e0y thu ho\u1ea1ch<\/strong>18 &amp; 24 th\u00e1ng Ba<\/p>\n<h3>Qu\u00e1 tr\u00ecnh s\u1ea3n xu\u1ea5t<\/h3>\n<p>Nho \u0111\u01b0\u1ee3c h\u00e1i b\u1eb1ng tay sau \u0111\u00f3 l\u1eadp t\u1ee9c \u0111\u01b0\u1ee3c ng\u1eaft cu\u1ed1ng v\u00e0 cho v\u00e0o c\u00e1c m\u00e1y l\u00ean men m\u1edf nh\u1ecf m\u00e0 kh\u00f4ng nghi\u1ec1n.<br \/>\nH\u1ed7n h\u1ee3p nho (n\u01b0\u1edbc, th\u1ecbt, v\u1ecf v\u00e0 h\u1ea1t) \u0111\u01b0\u1ee3c l\u00e0m m\u00e1t t\u0129nh t\u1edbi nhi\u1ec7t \u0111\u1ed9 9 \u0111\u1ed9 C, v\u00e0 m\u1ed9t l\u1edbp CO2 b\u1ea3o v\u1ec7 \u0111\u01b0\u1ee3c duy tr\u00ec \u0111\u1ec3 k\u00edch ho\u1ea1t \"ng\u00e2m l\u1ea1nh\" trong v\u00f2ng 4 ng\u00e0y tr\u01b0\u1edbc khi b\u1eaft \u0111\u1ea7u l\u00ean men.<br \/>\nT\u1eebng m\u00e1y l\u00ean men s\u1ebd \u0111\u01b0\u1ee3c l\u00e0m \u1ea5m d\u1ea7n cho t\u1edbi khi \u0111\u1ea1t nhi\u00eat \u0111\u1ed9 m\u00f4i tr\u01b0\u1eddng \u0111\u1ec3 qu\u00e1 tr\u00ecnh l\u00ean men t\u1ef1 nhi\u00ean (men hoang d\u00e3) c\u00f3 th\u1ec3 b\u1eaft \u0111\u1ea7u.<br \/>\nNhi\u1ec7t \u0111\u1ed9 l\u00ean men cho ph\u00e9p l\u00ean \u0111\u1ebfn 32 \u0111\u1ed9 C v\u00e0 nho \u0111\u01b0\u1ee3c \u00e9p kh\u00f4 v\u1ecf \u0111\u1ec3 ra r\u01b0\u1ee3u, sau \u0111\u00f3 cho v\u00e0o th\u00f9ng l\u00e0m t\u1eeb h\u1ed7n h\u1ee3p g\u1ed7 s\u1ed3i c\u0169 2, 3 n\u0103m tu\u1ed5i v\u00e0 m\u1edbi c\u1ee7a Ph\u00e1p trong v\u00f2ng 9 th\u00e1ng.<br \/>\nQu\u00e1 tr\u00ecnh l\u00ean men malolactic di\u1ec5n ra t\u1ef1 nhi\u00ean v\u00e0 ho\u00e0n th\u00e0nh v\u00e0o cu\u1ed1i m\u00f9a \u0111\u00f4ng.<\/p>\n<h3>Ph\u00e2n t\u00edch<\/h3>\n<p><strong>N\u1ed3ng \u0111\u1ed9 c\u1ed3n:<\/strong>: 13%<br \/>\n<strong>\u0110\u1ed9 axit<\/strong>: 3.52 pH<br \/>\n<strong>\u0110\u01b0\u1eddng d\u01b0:<\/strong>: 5.78 g\/L<br \/>\n<strong>G\u1ed7 s\u1ed3i<\/strong>: 10% m\u1edbi<br \/>\n<strong>L\u00ean men Malolactic<\/strong>: C\u00f3<\/p>\n<h3>Th\u01b0\u1edfng th\u1ee9c<\/h3>\n<p><strong>Kh\u1ee9u gi\u00e1c<\/strong>: Th\u01a1m m\u00e1t \u0111\u1eadm h\u01b0\u01a1ng hoa v\u00e0 qu\u1ea3 m\u1ecdng \u0111\u1ecf<br \/>\n<strong>V\u1ecb gi\u00e1c<\/strong>D\u00ecu b\u1ea1n \u0111i gi\u1eefa h\u01b0\u01a1ng v\u1ecb tr\u00e1i c\u00e2y ch\u1ee7 \u0111\u1ea1o v\u00e0 t\u0103ng th\u00eam t\u00ednh ph\u1ee9c h\u1ee3p v\u1edbi l\u00f5i tanin m\u1ecbn th\u1eadt d\u1ec5 th\u01b0\u01a1ng.<\/p>\n<h3>Food Pairings<\/h3>\n<p>Sa l\u00e1t c\u1ee7 c\u1ea3i \u0111\u1ecf n\u01b0\u1edbng l\u00f2 v\u00e0 pho mai s\u1eefa d\u00ea<br \/>\nChim c\u00fat n\u01b0\u1edbng<br \/>\nCu\u1ed1n v\u1ecbt quay B\u1eafc Kinh<\/p>\n<h3>C\u1ea5t tr\u1eef:<\/h3>\n<p>U\u1ed1ng ngay ho\u1eb7c c\u1ea5t tr\u1eef trong v\u00f2ng 5 n\u0103m t\u1edbi<\/p>","protected":false},"excerpt":{"rendered":"<p>H\u00e3y b\u1eaft \u0111\u1ea7u h\u00e0nh tr\u00ecnh \u0111\u1ea7y c\u1ea3m x\u00fac v\u1edbi c\u00e1c d\u00f2ng r\u01b0\u1ee3u vang c\u1ee7a Peninsula, m\u1ed9t b\u1eb1ng ch\u1ee9ng c\u1ee7a s\u1ef1 \u0111\u00f3ng g\u00f3p t\u1eadn t\u1ee5y trong su\u1ed1t 40 n\u0103m c\u1ee7a gia t\u1ed9c Crittenden v\u00e0o n\u1ec1n c\u00f4ng nghi\u1ec7p r\u01b0\u1ee3u vang t\u1ea1i v\u00f9ng bi\u1ec3n kh\u00ed h\u1eadu m\u00e1t m\u1ebb m\u00e0 cu\u1ed1n h\u00fat n\u00e0y. R\u01b0\u1ee3u Pinot Noir ni\u00ean v\u1ee5 n\u00e0y \u0111\u01b0\u1ee3c ch\u1ebf t\u00e1c c\u1ea9n th\u1eadn t\u1eeb nh\u1eefng tr\u00e1i nho \u0111\u01b0\u1ee3c h\u00e1i b\u1eb1ng tay tr\u00ean to\u00e0n v\u00f9ng Mornington Peninsula. R\u01b0\u1ee3u c\u00f3 h\u01b0\u01a1ng th\u01a1m s\u1ed1ng \u0111\u1ed9ng c\u1ee7a qu\u1ea3 m\u1ecdng \u0111\u1ecf v\u00e0 hoa t\u01b0\u01a1i. V\u00f2m mi\u1ec7ng tr\u00e0n ng\u1eadp v\u1ecb qu\u1ea3 tinh t\u1ebf\u0111\u01b0\u1ee3c c\u00e2n b\u1eb1ng ho\u00e0n h\u1ea3o c\u00f9ng v\u1edbi \u0111\u1ed9 ph\u1ee9c h\u1ee3p l\u00f4i cu\u1ed1n, k\u1ebft h\u1ee3p v\u1edbi tanin trau chu\u1ed1t. U\u1ed1ng k\u00e8m v\u1edbi c\u1ee7 c\u1ea3i \u0111\u1ecf n\u01b0\u1edbng l\u00f2 v\u00e0 pho m\u00e1t s\u1eefa d\u00ea ho\u1eb7c chim c\u00fat n\u01b0\u1edbng, r\u01b0\u1ee3u s\u1ebd khi\u1ebfn b\u1ea1n c\u00f3 m\u1ed9t tr\u1ea3i nghi\u1ec7m c\u00e1c gi\u00e1c quan xu\u1ea5t s\u1eafc. U\u1ed1ng li\u1ec1n ho\u1eb7c c\u1ea5t tr\u1eef r\u01b0\u1ee3u trong 5 n\u0103m, b\u1ea1n s\u1ebd kh\u00e1m ph\u00e1 b\u00ed m\u1eadt t\u00e2m h\u1ed3n c\u1ee7a gia t\u1ed9c Crittenden trong ngh\u1ec7 thu\u1eadt ch\u1ebf t\u00e1c r\u01b0\u1ee3u vang.<\/p>","protected":false},"featured_media":4428,"template":"","meta":{"_acf_changed":false},"product_brand":[],"product_cat":[87,93],"product_tag":[],"grape_varietal":[2469],"wine_regions":[2433],"class_list":{"0":"post-4427","1":"product","2":"type-product","3":"status-publish","4":"has-post-thumbnail","6":"product_cat-red-wine","7":"product_cat-wine","8":"pa_brand-crittenden-estate-peninsula","9":"grape_varietal-pinot-noir","10":"wine_regions-mornington-peninsula","12":"first","13":"instock","14":"shipping-taxable","15":"product-type-simple"},"acf":[],"yoast_head":"<!-- This site is optimized with the Yoast SEO plugin v27.4 - https:\/\/yoast.com\/product\/yoast-seo-wordpress\/ -->\n<title>Peninsula Pinot Noir - Rada Wines<\/title>\n<meta name=\"robots\" content=\"index, follow, max-snippet:-1, max-image-preview:large, max-video-preview:-1\" \/>\n<link rel=\"canonical\" href=\"https:\/\/www.ilovewines.vn\/vi\/san-pham\/peninsula-pinot-noir-2022\/\" \/>\n<meta property=\"og:locale\" content=\"vi_VN\" \/>\n<meta property=\"og:type\" content=\"article\" \/>\n<meta property=\"og:title\" content=\"Peninsula Pinot Noir - Rada Wines\" \/>\n<meta property=\"og:description\" content=\"Embark on an emotional journey with The Peninsula range of wines, a testament to the Crittenden family&#039;s 40-year devotion to viticulture and winemaking in this captivating cool maritime region. This Pinot Noir vintage, carefully crafted from handpicked grapes across Mornington Peninsula, reveals vibrant aromas of red berries and flowers. Its palate strikes the perfect balance between fruit-driven elegance and captivating complexity, embraced by a core of refined tannins. Paired with roasted beetroot and goat cheese salad or grilled quail, it offers an extraordinary sensory experience. Drink it now or allow it to evolve over the next five years, as you uncover the soul of the Crittenden family&#039;s winemaking artistry.\" \/>\n<meta property=\"og:url\" content=\"https:\/\/www.ilovewines.vn\/vi\/san-pham\/peninsula-pinot-noir-2022\/\" \/>\n<meta property=\"og:site_name\" content=\"Rada Wines\" \/>\n<meta property=\"article:modified_time\" content=\"2023-09-11T09:42:10+00:00\" \/>\n<meta property=\"og:image\" content=\"https:\/\/www.ilovewines.vn\/wp-content\/uploads\/2023\/05\/Crittenden-Peninsula-Pinot-Noir-NV-low-res-002-e1690812672620.png\" \/>\n\t<meta property=\"og:image:width\" content=\"200\" \/>\n\t<meta property=\"og:image:height\" content=\"712\" \/>\n\t<meta property=\"og:image:type\" content=\"image\/png\" \/>\n<meta name=\"twitter:card\" content=\"summary_large_image\" \/>\n<meta name=\"twitter:label1\" content=\"\u01af\u1edbc t\u00ednh th\u1eddi gian \u0111\u1ecdc\" \/>\n\t<meta name=\"twitter:data1\" content=\"1 ph\u00fat\" \/>\n<script type=\"application\/ld+json\" class=\"yoast-schema-graph\">{\"@context\":\"https:\\\/\\\/schema.org\",\"@graph\":[{\"@type\":\"WebPage\",\"@id\":\"https:\\\/\\\/www.ilovewines.vn\\\/product\\\/peninsula-pinot-noir-2022\\\/\",\"url\":\"https:\\\/\\\/www.ilovewines.vn\\\/product\\\/peninsula-pinot-noir-2022\\\/\",\"name\":\"Peninsula Pinot Noir - Rada Wines\",\"isPartOf\":{\"@id\":\"https:\\\/\\\/www.ilovewines.vn\\\/#website\"},\"primaryImageOfPage\":{\"@id\":\"https:\\\/\\\/www.ilovewines.vn\\\/product\\\/peninsula-pinot-noir-2022\\\/#primaryimage\"},\"image\":{\"@id\":\"https:\\\/\\\/www.ilovewines.vn\\\/product\\\/peninsula-pinot-noir-2022\\\/#primaryimage\"},\"thumbnailUrl\":\"https:\\\/\\\/www.ilovewines.vn\\\/wp-content\\\/uploads\\\/2023\\\/05\\\/Crittenden-Peninsula-Pinot-Noir-NV-low-res-002-e1690812672620.png\",\"datePublished\":\"2023-05-15T14:25:25+00:00\",\"dateModified\":\"2023-09-11T09:42:10+00:00\",\"breadcrumb\":{\"@id\":\"https:\\\/\\\/www.ilovewines.vn\\\/product\\\/peninsula-pinot-noir-2022\\\/#breadcrumb\"},\"inLanguage\":\"vi\",\"potentialAction\":[{\"@type\":\"ReadAction\",\"target\":[\"https:\\\/\\\/www.ilovewines.vn\\\/product\\\/peninsula-pinot-noir-2022\\\/\"]}]},{\"@type\":\"ImageObject\",\"inLanguage\":\"vi\",\"@id\":\"https:\\\/\\\/www.ilovewines.vn\\\/product\\\/peninsula-pinot-noir-2022\\\/#primaryimage\",\"url\":\"https:\\\/\\\/www.ilovewines.vn\\\/wp-content\\\/uploads\\\/2023\\\/05\\\/Crittenden-Peninsula-Pinot-Noir-NV-low-res-002-e1690812672620.png\",\"contentUrl\":\"https:\\\/\\\/www.ilovewines.vn\\\/wp-content\\\/uploads\\\/2023\\\/05\\\/Crittenden-Peninsula-Pinot-Noir-NV-low-res-002-e1690812672620.png\",\"width\":200,\"height\":712,\"caption\":\"Crittenden Peninsula Pinot Noir NV - low res (002)\"},{\"@type\":\"BreadcrumbList\",\"@id\":\"https:\\\/\\\/www.ilovewines.vn\\\/product\\\/peninsula-pinot-noir-2022\\\/#breadcrumb\",\"itemListElement\":[{\"@type\":\"ListItem\",\"position\":1,\"name\":\"Home\",\"item\":\"https:\\\/\\\/www.ilovewines.vn\\\/\"},{\"@type\":\"ListItem\",\"position\":2,\"name\":\"Catalogue\",\"item\":\"https:\\\/\\\/www.ilovewines.vn\\\/catalogue\\\/\"},{\"@type\":\"ListItem\",\"position\":3,\"name\":\"Peninsula Pinot Noir\"}]},{\"@type\":\"WebSite\",\"@id\":\"https:\\\/\\\/www.ilovewines.vn\\\/#website\",\"url\":\"https:\\\/\\\/www.ilovewines.vn\\\/\",\"name\":\"Rada Wines\",\"description\":\"Just another WordPress site\",\"publisher\":{\"@id\":\"https:\\\/\\\/www.ilovewines.vn\\\/#organization\"},\"potentialAction\":[{\"@type\":\"SearchAction\",\"target\":{\"@type\":\"EntryPoint\",\"urlTemplate\":\"https:\\\/\\\/www.ilovewines.vn\\\/?s={search_term_string}\"},\"query-input\":{\"@type\":\"PropertyValueSpecification\",\"valueRequired\":true,\"valueName\":\"search_term_string\"}}],\"inLanguage\":\"vi\"},{\"@type\":\"Organization\",\"@id\":\"https:\\\/\\\/www.ilovewines.vn\\\/#organization\",\"name\":\"Rada Wines\",\"url\":\"https:\\\/\\\/www.ilovewines.vn\\\/\",\"logo\":{\"@type\":\"ImageObject\",\"inLanguage\":\"vi\",\"@id\":\"https:\\\/\\\/www.ilovewines.vn\\\/#\\\/schema\\\/logo\\\/image\\\/\",\"url\":\"https:\\\/\\\/www.ilovewines.vn\\\/wp-content\\\/uploads\\\/2022\\\/06\\\/cropped-162574230_380766779846763_4426584222903300096_n.jpg\",\"contentUrl\":\"https:\\\/\\\/www.ilovewines.vn\\\/wp-content\\\/uploads\\\/2022\\\/06\\\/cropped-162574230_380766779846763_4426584222903300096_n.jpg\",\"width\":320,\"height\":206,\"caption\":\"Rada Wines\"},\"image\":{\"@id\":\"https:\\\/\\\/www.ilovewines.vn\\\/#\\\/schema\\\/logo\\\/image\\\/\"}}]}<\/script>\n<!-- \/ Yoast SEO plugin. -->","yoast_head_json":{"title":"Peninsula Pinot Noir - Rada Wines","robots":{"index":"index","follow":"follow","max-snippet":"max-snippet:-1","max-image-preview":"max-image-preview:large","max-video-preview":"max-video-preview:-1"},"canonical":"https:\/\/www.ilovewines.vn\/vi\/san-pham\/peninsula-pinot-noir-2022\/","og_locale":"vi_VN","og_type":"article","og_title":"Peninsula Pinot Noir - Rada Wines","og_description":"Embark on an emotional journey with The Peninsula range of wines, a testament to the Crittenden family's 40-year devotion to viticulture and winemaking in this captivating cool maritime region. This Pinot Noir vintage, carefully crafted from handpicked grapes across Mornington Peninsula, reveals vibrant aromas of red berries and flowers. Its palate strikes the perfect balance between fruit-driven elegance and captivating complexity, embraced by a core of refined tannins. Paired with roasted beetroot and goat cheese salad or grilled quail, it offers an extraordinary sensory experience. Drink it now or allow it to evolve over the next five years, as you uncover the soul of the Crittenden family's winemaking artistry.","og_url":"https:\/\/www.ilovewines.vn\/vi\/san-pham\/peninsula-pinot-noir-2022\/","og_site_name":"Rada Wines","article_modified_time":"2023-09-11T09:42:10+00:00","og_image":[{"width":200,"height":712,"url":"https:\/\/www.ilovewines.vn\/wp-content\/uploads\/2023\/05\/Crittenden-Peninsula-Pinot-Noir-NV-low-res-002-e1690812672620.png","type":"image\/png"}],"twitter_card":"summary_large_image","twitter_misc":{"\u01af\u1edbc t\u00ednh th\u1eddi gian \u0111\u1ecdc":"1 ph\u00fat"},"schema":{"@context":"https:\/\/schema.org","@graph":[{"@type":"WebPage","@id":"https:\/\/www.ilovewines.vn\/product\/peninsula-pinot-noir-2022\/","url":"https:\/\/www.ilovewines.vn\/product\/peninsula-pinot-noir-2022\/","name":"Peninsula Pinot Noir - Rada Wines","isPartOf":{"@id":"https:\/\/www.ilovewines.vn\/#website"},"primaryImageOfPage":{"@id":"https:\/\/www.ilovewines.vn\/product\/peninsula-pinot-noir-2022\/#primaryimage"},"image":{"@id":"https:\/\/www.ilovewines.vn\/product\/peninsula-pinot-noir-2022\/#primaryimage"},"thumbnailUrl":"https:\/\/www.ilovewines.vn\/wp-content\/uploads\/2023\/05\/Crittenden-Peninsula-Pinot-Noir-NV-low-res-002-e1690812672620.png","datePublished":"2023-05-15T14:25:25+00:00","dateModified":"2023-09-11T09:42:10+00:00","breadcrumb":{"@id":"https:\/\/www.ilovewines.vn\/product\/peninsula-pinot-noir-2022\/#breadcrumb"},"inLanguage":"vi","potentialAction":[{"@type":"ReadAction","target":["https:\/\/www.ilovewines.vn\/product\/peninsula-pinot-noir-2022\/"]}]},{"@type":"ImageObject","inLanguage":"vi","@id":"https:\/\/www.ilovewines.vn\/product\/peninsula-pinot-noir-2022\/#primaryimage","url":"https:\/\/www.ilovewines.vn\/wp-content\/uploads\/2023\/05\/Crittenden-Peninsula-Pinot-Noir-NV-low-res-002-e1690812672620.png","contentUrl":"https:\/\/www.ilovewines.vn\/wp-content\/uploads\/2023\/05\/Crittenden-Peninsula-Pinot-Noir-NV-low-res-002-e1690812672620.png","width":200,"height":712,"caption":"Crittenden Peninsula Pinot Noir NV - low res (002)"},{"@type":"BreadcrumbList","@id":"https:\/\/www.ilovewines.vn\/product\/peninsula-pinot-noir-2022\/#breadcrumb","itemListElement":[{"@type":"ListItem","position":1,"name":"Home","item":"https:\/\/www.ilovewines.vn\/"},{"@type":"ListItem","position":2,"name":"Catalogue","item":"https:\/\/www.ilovewines.vn\/catalogue\/"},{"@type":"ListItem","position":3,"name":"Peninsula Pinot Noir"}]},{"@type":"WebSite","@id":"https:\/\/www.ilovewines.vn\/#website","url":"https:\/\/www.ilovewines.vn\/","name":"Rada Wines","description":"Just another WordPress site","publisher":{"@id":"https:\/\/www.ilovewines.vn\/#organization"},"potentialAction":[{"@type":"SearchAction","target":{"@type":"EntryPoint","urlTemplate":"https:\/\/www.ilovewines.vn\/?s={search_term_string}"},"query-input":{"@type":"PropertyValueSpecification","valueRequired":true,"valueName":"search_term_string"}}],"inLanguage":"vi"},{"@type":"Organization","@id":"https:\/\/www.ilovewines.vn\/#organization","name":"Rada Wines","url":"https:\/\/www.ilovewines.vn\/","logo":{"@type":"ImageObject","inLanguage":"vi","@id":"https:\/\/www.ilovewines.vn\/#\/schema\/logo\/image\/","url":"https:\/\/www.ilovewines.vn\/wp-content\/uploads\/2022\/06\/cropped-162574230_380766779846763_4426584222903300096_n.jpg","contentUrl":"https:\/\/www.ilovewines.vn\/wp-content\/uploads\/2022\/06\/cropped-162574230_380766779846763_4426584222903300096_n.jpg","width":320,"height":206,"caption":"Rada Wines"},"image":{"@id":"https:\/\/www.ilovewines.vn\/#\/schema\/logo\/image\/"}}]}},"_links":{"self":[{"href":"https:\/\/www.ilovewines.vn\/vi\/wp-json\/wp\/v2\/product\/4427","targetHints":{"allow":["GET"]}}],"collection":[{"href":"https:\/\/www.ilovewines.vn\/vi\/wp-json\/wp\/v2\/product"}],"about":[{"href":"https:\/\/www.ilovewines.vn\/vi\/wp-json\/wp\/v2\/types\/product"}],"version-history":[{"count":2,"href":"https:\/\/www.ilovewines.vn\/vi\/wp-json\/wp\/v2\/product\/4427\/revisions"}],"predecessor-version":[{"id":4538,"href":"https:\/\/www.ilovewines.vn\/vi\/wp-json\/wp\/v2\/product\/4427\/revisions\/4538"}],"wp:featuredmedia":[{"embeddable":true,"href":"https:\/\/www.ilovewines.vn\/vi\/wp-json\/wp\/v2\/media\/4428"}],"wp:attachment":[{"href":"https:\/\/www.ilovewines.vn\/vi\/wp-json\/wp\/v2\/media?parent=4427"}],"wp:term":[{"taxonomy":"product_brand","embeddable":true,"href":"https:\/\/www.ilovewines.vn\/vi\/wp-json\/wp\/v2\/product_brand?post=4427"},{"taxonomy":"product_cat","embeddable":true,"href":"https:\/\/www.ilovewines.vn\/vi\/wp-json\/wp\/v2\/product_cat?post=4427"},{"taxonomy":"product_tag","embeddable":true,"href":"https:\/\/www.ilovewines.vn\/vi\/wp-json\/wp\/v2\/product_tag?post=4427"},{"taxonomy":"grape_varietal","embeddable":true,"href":"https:\/\/www.ilovewines.vn\/vi\/wp-json\/wp\/v2\/grape_varietal?post=4427"},{"taxonomy":"wine_regions","embeddable":true,"href":"https:\/\/www.ilovewines.vn\/vi\/wp-json\/wp\/v2\/wine_regions?post=4427"}],"curies":[{"name":"wp","href":"https:\/\/api.w.org\/{rel}","templated":true}]}}