{"id":4438,"date":"2023-06-14T03:04:34","date_gmt":"2023-06-14T09:04:34","guid":{"rendered":"https:\/\/www.ilovewines.vn\/?post_type=product&#038;p=4438"},"modified":"2024-03-04T17:36:22","modified_gmt":"2024-03-05T00:36:22","slug":"2021-break-free-bliss-bomb-pet-nat","status":"publish","type":"product","link":"https:\/\/www.ilovewines.vn\/vi\/product\/2021-break-free-bliss-bomb-pet-nat\/","title":{"rendered":"Break Free Bliss Bomb PET NAT"},"content":{"rendered":"<p><iframe title=\"Break Free Bliss Bomb\" width=\"800\" height=\"450\" src=\"https:\/\/www.youtube.com\/embed\/o9ogqZyX4R4?feature=oembed\" frameborder=\"0\" allow=\"accelerometer; autoplay; clipboard-write; encrypted-media; gyroscope; picture-in-picture; web-share\" allowfullscreen><\/iframe><\/p>\n<p>\u0110\u1ed9 pH: 3.32<br \/>\n\u0110\u1ed9 axit: 6.52g\/L<br \/>\nN\u1ed3ng \u0111\u1ed9 c\u1ed3n: 10.5%<br \/>\nL\u01b0\u1ee3ng \u0111\u01b0\u1eddng d\u01b0: 0.3g\/L<\/p>\n<h3><strong>V\u01b0\u1eddn nho<\/strong><\/h3>\n<p>\u0110\u1ed3i Herne, Thung l\u0169ng Swan, T\u00e2y \u00dac<\/p>\n<h3><strong>N\u0103m b\u1eaft \u0111\u1ea7u tr\u1ed3ng<\/strong><\/h3>\n<p>1937<\/p>\n<h3><strong>H\u01b0\u1edbng\u00a0\u0111\u1ea5t tr\u1ed3ng:<\/strong><\/h3>\n<p>H\u01b0\u1edbng b\u1eafc, \u0111\u1ed9 cao 400m so v\u1edbi m\u1ef1c n\u01b0\u1edbc bi\u1ec3n<\/p>\n<h3><strong>Qu\u00e1 tr\u00ecnh s\u1ea3n xu\u1ea5t<\/strong><\/h3>\n<p>P\u00e9t-Nat \u0111\u01b0\u1ee3c s\u1ea3n xu\u1ea5t theo ph\u01b0\u01a1ng ph\u00e1p t\u1ed5 truy\u1ec1n, c\u00f2n \u0111\u01b0\u1ee3c bi\u1ebft \u0111\u1ebfn<br \/>\nd\u01b0\u1edbi t\u00ean g\u1ecdi 'n\u00f4ng nghi\u1ec7p', 'th\u1ee7 c\u00f4ng', hay 'ph\u01b0\u01a1ng ph\u00e1p x\u1ee9 Gaillac<br \/>\n(m\u1ed9t trong nh\u1eefng v\u00f9ng tr\u1ed3ng nho l\u00e2u \u0111\u1eddi nh\u1ea5t n\u01b0\u1edbc Ph\u00e1p). V\u1ec1 c\u01a1 b\u1ea3n ph\u01b0\u01a1ng ph\u00e1p n\u00e0y l\u00e0<br \/>\nr\u01b0\u1ee3u vang \u0111\u01b0\u1ee3c \u0111\u00f3ng chai tr\u01b0\u1edbc khi ho\u00e0n th\u00e0nh qu\u00e1 tr\u00ecnh l\u00ean men \u0111\u1ea7u ti\u00ean. \u0110i\u1ec1u n\u00e0y cho ph\u00e9p<br \/>\nkh\u00ed CO2 \u0111\u01b0\u1ee3c sinh ra t\u1eeb\n\nl\u01b0\u1ee3ng \u0111\u01b0\u1eddng t\u1ef1 nhi\u00ean trong tr\u00e1i nho. Kh\u00f4ng gi\u1ed1ng nh\u01b0 r\u01b0\u1ee3u S\u00e2m panh,<br \/>\nP\u00e9t- Nat kh\u00f4ng \u0111\u01b0\u1ee3c l\u1ea5y b\u1edbt men t\u1ea1o b\u1ecdt kh\u00ed,<br \/>\nv\u00e0 c\u00f3 th\u1ec3 \u0111\u01b0\u1ee3c l\u1ecdc\n\nho\u1eb7ckh\u00f4ng sau khi qu\u00e1 tr\u00ecnh l\u00ean men ho\u00e0n th\u00e0nh.<br \/>\nNh\u1eefng chai P\u00e9t- Nat \u0111\u1ea7u ti\u00ean \u0111\u01b0\u1ee3c l\u00e0m t\u1eeb 100% nho gi\u1ed1ng Chenin Blanc v\u00f9ng Thung l\u0169ng Thi\u00ean nga (Swan Valley)<br \/>\n\u0111\u01b0\u1ee3c l\u1ea5y t\u1eeb m\u1ed9t v\u01b0\u1eddn nho duy nh\u1ea5t n\u1eb1m tr\u00ean khu v\u1ef1c \u0111\u1ed3i Herne.<br \/>\nKh\u00f4ng s\u1eed d\u1ee5ng thu\u1ed1c di\u1ec7t c\u00f4n tr\u00f9ng hay thu\u1ed1c b\u1ea3o v\u1ec7 th\u1ef1c v\u1eadt,<br \/>\nnh\u1eefng tr\u00e1i nho \u0111\u01b0\u1ee3c tuy\u1ec3n ch\u1ecdn d\u1ef1a tr\u00ean ti\u00eau ch\u00ed v\u1ec1 \u0111\u1ed9 chua nhi\u1ec1u h\u01a1n l\u00e0 l\u01b0\u1ee3ng \u0111\u01b0\u1eddng,<br \/>\nsau \u0111\u00f3 \u0111\u01b0\u1ee3c v\u1eadn chuy\u1ec3n \u0111\u1ebfn \u0110an M\u1ea1ch \u0111\u1ec3 ch\u1ebf bi\u1ebfn th\u00e0nh r\u01b0\u1ee3u.<br \/>\nCh\u1ee7 v\u01b0\u1eddn Clandestine \u0111\u00e3 thu\u00ea nh\u00e0 s\u1ea3n xu\u1ea5t r\u01b0\u1ee3u Andrew Vesey ch\u1ebf t\u00e1c r\u01b0\u1ee3u t\u1ea1i khu Castelli Estate.<br \/>\nNho \u0111\u01b0\u1ee3c \u00e9p l\u1ea1nh b\u1edfi con g\u00e1i \u00f4ng Andrew, c\u00f4 Lily, sau \u0111\u00f3 n\u01b0\u1edbc nho \u00e9p<br \/>\n\u0111\u01b0\u1ee3c l\u00ean men trong 1 th\u00f9ng th\u00e9p kh\u00f4ng g\u1ec9 duy nh\u1ea5t v\u1edbi men t\u1ef1 nhi\u00ean c\u1ee7a nho.<br \/>\nNgay tr\u01b0\u1edbc l\u00fac l\u00ean men \u0111\u1ec3 cho kh\u00f4, r\u01b0\u1ee3u \u0111\u01b0\u1ee3c \u0111\u00f3ng v\u00e0o chai v\u00e0 d\u1eadp n\u00fat kim lo\u1ea1i ngay,<br \/>\nkh\u00f4ng \u0111i\u1ec1u ch\u1ec9nh g\u00ec th\u00eam n\u1eefa, c\u0169ng kh\u00f4ng l\u1ecdc hay g\u1ea1n l\u1eafng,<br \/>\n\u0111\u1ec3 cho r\u01b0\u1ee3u t\u1eeb t\u1eeb ho\u00e0n th\u00e0nh qu\u00e1 tr\u00ecnh l\u00ean men trong chai.<br \/>\nL\u01b0\u1ee3ng kh\u00ed CO2 nh\u1ecf sinh ra trong chai s\u1ebd t\u1ea1o n\u00ean ch\u00fat s\u1ee7i nh\u1eb9.<\/p>\n<h3><strong>Th\u01b0\u1edfng th\u1ee9c<\/strong><\/h3>\n<p>V\u1edbi n\u1ed3ng \u0111\u1ed9 c\u1ed3n ch\u1ec9 c\u00f3 10.5%, lo\u1ea1i r\u01b0\u1ee3u vang s\u1ee7i\u00a0 n\u00e0y kh\u00e1 nh\u1eb9 nh\u00e0ng,<br \/>\nt\u01b0\u01a1i t\u1eafn v\u00e0 c\u00f3 s\u1ee9c chinh ph\u1ee5c b\u1ea1n ho\u00e0n to\u00e0n. R\u01b0\u1ee3u c\u00f3 h\u01b0\u01a1ng g\u1eebng th\u01a1m n\u1ee9c tr\u1ed9n l\u1eabn h\u01b0\u01a1ng s\u1ea3,<br \/>\nc\u00f3 m\u00e0u r\u01a1m xanh v\u00e0 v\u1ecb t\u01b0\u01a1i c\u1ee7a tr\u00e1i t\u00e1o, l\u00ea c\u00f9ng hoa cam.<br \/>\nL\u00e0 th\u1ee9c u\u1ed1ng tuy\u1ec7t h\u1ea3o cho m\u1ed9t bu\u1ed5i picnic ngo\u00e0i tr\u1eddi v\u1edbi \u0111\u00e1m b\u1ea1n th\u00e2n c\u1ee7a b\u1ea1n,<br \/>\nr\u01b0\u1ee3u d\u00f9ng k\u00e8m v\u1edbi pho m\u00e1t, pa t\u00ea, tr\u00e1i c\u00e2y.<br \/>\nsome great friends. Better make it two bottles!<\/p>\n<p>Break Free Bliss Bomb PET NAT n\u1eb1m trong top 6 lo\u1ea1i r\u01b0\u1ee3u vang ph\u1ea3i n\u1ebfm th\u1eed theo trang web  Young Gun of Wine (younggunof wine.com). Chi ti\u1ebft vui l\u00f2ng xem b\u00e0i vi\u1ebft \u1edf link d\u01b0\u1edbi \u0111\u00e2y:<\/p>\n<p><a href=\"https:\/\/younggunofwine.com\/australias-best-pet-nat\/?utm_source=newsletter&amp;utm_medium=email&amp;utm_campaign=December+15\" target=\"_blank\" rel=\"noopener\">https:\/\/younggunofwine.com\/australias-best-pet-nat\/?utm_source=newsletter&amp;utm_medium=email&amp;utm_campaign=December+15<\/a><\/p>\n<p>Following on from Sam Kim @ Wine Orbit\u2019s fantastic reviews and scores for the current Clandestine Vineyards wines, here comes the equally wonderful Break Free Wine reviews: 2023 Bliss Bomb Pet Nat \u2013 93 POINTS<\/p>","protected":false},"excerpt":{"rendered":"<p><em>P\u00e9t<\/em>&#8211;<em>Nat<\/em> l\u00e0 vi\u1ebft t\u1eaft c\u1ee7a t\u1eeb 'p\u00e9tillant naturel', m\u1ed9t thu\u1eadt ng\u1eef ti\u1ebfng Ph\u00e1p c\u00f3 ngh\u0129a l\u00e0 ''s\u1ee7i t\u1ef1 nhi\u00ean\"<\/p>\n<p>H\u00e3y \u0111\u1eafm m\u00ecnh trong c\u00e2u truy\u1ec7n \u0111\u1ea7y cu\u1ed1n h\u00fat c\u1ee7a ch\u00fang t\u00f4i v\u1ec1 d\u00f2ng r\u01b0\u1ee3u Break Free Bliss Bomb PET NAT ni\u00ean v\u1ee5 2021. \u0110\u1ebfn t\u1eeb v\u01b0\u1eddn nho t\u1eafm \u00e1nh m\u1eb7t tr\u1eddi tr\u00ean \u0111\u1ed3i Herne c\u1ee7a v\u00f9ng thung l\u0169ng Swan quy\u1ebfn r\u0169, r\u01b0\u1ee3u mang trong m\u00ecnh di s\u1ea3n c\u1ee7a v\u01b0\u1eddn nho \u0111\u01b0\u1ee3c tr\u1ed3ng l\u1ea7n \u0111\u1ea7u ti\u00ean n\u0103m 1937. N\u00e9p m\u00ecnh tr\u00ean n\u00fai \u0111\u00e1 h\u01b0\u1edbng b\u1eafc, \u1edf \u0111\u1ed9 cao 400m, n\u00f3 \u00f4m tr\u1ecdn v\u1ebb \u0111\u1eb9p t\u1ef1 nhi\u00ean c\u1ee7a v\u00f9ng \u0111\u1ea5t n\u00e0y.<\/p>","protected":false},"featured_media":4441,"template":"","meta":{"_acf_changed":false},"product_brand":[],"product_cat":[98],"product_tag":[],"grape_varietal":[2619],"wine_regions":[2450],"class_list":{"0":"post-4438","1":"product","2":"type-product","3":"status-publish","4":"has-post-thumbnail","6":"product_cat-sparkling","7":"pa_brand-break-free","8":"grape_varietal-chenin-blanc","9":"wine_regions-swan-valley","11":"first","12":"instock","13":"shipping-taxable","14":"product-type-simple"},"acf":[],"yoast_head":"<!-- This site is optimized with the Yoast SEO plugin v27.4 - https:\/\/yoast.com\/product\/yoast-seo-wordpress\/ -->\n<title>Break Free Bliss Bomb PET NAT - Rada Wines<\/title>\n<meta name=\"robots\" content=\"index, follow, max-snippet:-1, max-image-preview:large, max-video-preview:-1\" \/>\n<link rel=\"canonical\" href=\"https:\/\/www.ilovewines.vn\/vi\/san-pham\/2021-break-free-bliss-bomb-pet-nat\/\" \/>\n<meta property=\"og:locale\" content=\"vi_VN\" \/>\n<meta property=\"og:type\" content=\"article\" \/>\n<meta property=\"og:title\" content=\"Break Free Bliss Bomb PET NAT - Rada Wines\" \/>\n<meta property=\"og:description\" content=\"P\u00e9t-nat is an abbreviation for &quot;p\u00e9tillant naturel&quot;\u2014a French term that is understood as &quot;naturally sparkling&quot; in English  Immerse yourself in the captivating story of our 2021 Break Free Bliss Bomb PET NAT. From the sun-kissed vineyard of Herne Hill in the enchanting Swan Valley, this wine carries the legacy of a vineyard planted way back in 1937. Nestled on a north-facing block, elevated at 400 meters, it embraces the land\u2019s natural beauty and terroir.\" \/>\n<meta property=\"og:url\" content=\"https:\/\/www.ilovewines.vn\/vi\/san-pham\/2021-break-free-bliss-bomb-pet-nat\/\" \/>\n<meta property=\"og:site_name\" content=\"Rada Wines\" \/>\n<meta property=\"article:modified_time\" content=\"2024-03-05T00:36:22+00:00\" \/>\n<meta property=\"og:image\" content=\"https:\/\/www.ilovewines.vn\/wp-content\/uploads\/2023\/06\/Break-Free-Bliss-bomb-1.png\" \/>\n\t<meta property=\"og:image:width\" content=\"258\" \/>\n\t<meta property=\"og:image:height\" content=\"721\" \/>\n\t<meta property=\"og:image:type\" content=\"image\/png\" \/>\n<meta name=\"twitter:card\" content=\"summary_large_image\" \/>\n<meta name=\"twitter:label1\" content=\"\u01af\u1edbc t\u00ednh th\u1eddi gian \u0111\u1ecdc\" \/>\n\t<meta name=\"twitter:data1\" content=\"2 ph\u00fat\" \/>\n<script type=\"application\/ld+json\" class=\"yoast-schema-graph\">{\"@context\":\"https:\\\/\\\/schema.org\",\"@graph\":[{\"@type\":\"WebPage\",\"@id\":\"https:\\\/\\\/www.ilovewines.vn\\\/product\\\/2021-break-free-bliss-bomb-pet-nat\\\/\",\"url\":\"https:\\\/\\\/www.ilovewines.vn\\\/product\\\/2021-break-free-bliss-bomb-pet-nat\\\/\",\"name\":\"Break Free Bliss Bomb PET NAT - Rada Wines\",\"isPartOf\":{\"@id\":\"https:\\\/\\\/www.ilovewines.vn\\\/#website\"},\"primaryImageOfPage\":{\"@id\":\"https:\\\/\\\/www.ilovewines.vn\\\/product\\\/2021-break-free-bliss-bomb-pet-nat\\\/#primaryimage\"},\"image\":{\"@id\":\"https:\\\/\\\/www.ilovewines.vn\\\/product\\\/2021-break-free-bliss-bomb-pet-nat\\\/#primaryimage\"},\"thumbnailUrl\":\"https:\\\/\\\/www.ilovewines.vn\\\/wp-content\\\/uploads\\\/2023\\\/06\\\/Break-Free-Bliss-bomb-1.png\",\"datePublished\":\"2023-06-14T09:04:34+00:00\",\"dateModified\":\"2024-03-05T00:36:22+00:00\",\"breadcrumb\":{\"@id\":\"https:\\\/\\\/www.ilovewines.vn\\\/product\\\/2021-break-free-bliss-bomb-pet-nat\\\/#breadcrumb\"},\"inLanguage\":\"vi\",\"potentialAction\":[{\"@type\":\"ReadAction\",\"target\":[\"https:\\\/\\\/www.ilovewines.vn\\\/product\\\/2021-break-free-bliss-bomb-pet-nat\\\/\"]}]},{\"@type\":\"ImageObject\",\"inLanguage\":\"vi\",\"@id\":\"https:\\\/\\\/www.ilovewines.vn\\\/product\\\/2021-break-free-bliss-bomb-pet-nat\\\/#primaryimage\",\"url\":\"https:\\\/\\\/www.ilovewines.vn\\\/wp-content\\\/uploads\\\/2023\\\/06\\\/Break-Free-Bliss-bomb-1.png\",\"contentUrl\":\"https:\\\/\\\/www.ilovewines.vn\\\/wp-content\\\/uploads\\\/2023\\\/06\\\/Break-Free-Bliss-bomb-1.png\",\"width\":258,\"height\":721},{\"@type\":\"BreadcrumbList\",\"@id\":\"https:\\\/\\\/www.ilovewines.vn\\\/product\\\/2021-break-free-bliss-bomb-pet-nat\\\/#breadcrumb\",\"itemListElement\":[{\"@type\":\"ListItem\",\"position\":1,\"name\":\"Home\",\"item\":\"https:\\\/\\\/www.ilovewines.vn\\\/\"},{\"@type\":\"ListItem\",\"position\":2,\"name\":\"Catalogue\",\"item\":\"https:\\\/\\\/www.ilovewines.vn\\\/catalogue\\\/\"},{\"@type\":\"ListItem\",\"position\":3,\"name\":\"Break Free Bliss Bomb PET NAT\"}]},{\"@type\":\"WebSite\",\"@id\":\"https:\\\/\\\/www.ilovewines.vn\\\/#website\",\"url\":\"https:\\\/\\\/www.ilovewines.vn\\\/\",\"name\":\"Rada Wines\",\"description\":\"Just another WordPress site\",\"publisher\":{\"@id\":\"https:\\\/\\\/www.ilovewines.vn\\\/#organization\"},\"potentialAction\":[{\"@type\":\"SearchAction\",\"target\":{\"@type\":\"EntryPoint\",\"urlTemplate\":\"https:\\\/\\\/www.ilovewines.vn\\\/?s={search_term_string}\"},\"query-input\":{\"@type\":\"PropertyValueSpecification\",\"valueRequired\":true,\"valueName\":\"search_term_string\"}}],\"inLanguage\":\"vi\"},{\"@type\":\"Organization\",\"@id\":\"https:\\\/\\\/www.ilovewines.vn\\\/#organization\",\"name\":\"Rada Wines\",\"url\":\"https:\\\/\\\/www.ilovewines.vn\\\/\",\"logo\":{\"@type\":\"ImageObject\",\"inLanguage\":\"vi\",\"@id\":\"https:\\\/\\\/www.ilovewines.vn\\\/#\\\/schema\\\/logo\\\/image\\\/\",\"url\":\"https:\\\/\\\/www.ilovewines.vn\\\/wp-content\\\/uploads\\\/2022\\\/06\\\/cropped-162574230_380766779846763_4426584222903300096_n.jpg\",\"contentUrl\":\"https:\\\/\\\/www.ilovewines.vn\\\/wp-content\\\/uploads\\\/2022\\\/06\\\/cropped-162574230_380766779846763_4426584222903300096_n.jpg\",\"width\":320,\"height\":206,\"caption\":\"Rada Wines\"},\"image\":{\"@id\":\"https:\\\/\\\/www.ilovewines.vn\\\/#\\\/schema\\\/logo\\\/image\\\/\"}}]}<\/script>\n<!-- \/ Yoast SEO plugin. -->","yoast_head_json":{"title":"Break Free Bliss Bomb PET NAT - Rada Wines","robots":{"index":"index","follow":"follow","max-snippet":"max-snippet:-1","max-image-preview":"max-image-preview:large","max-video-preview":"max-video-preview:-1"},"canonical":"https:\/\/www.ilovewines.vn\/vi\/san-pham\/2021-break-free-bliss-bomb-pet-nat\/","og_locale":"vi_VN","og_type":"article","og_title":"Break Free Bliss Bomb PET NAT - Rada Wines","og_description":"P\u00e9t-nat is an abbreviation for \"p\u00e9tillant naturel\"\u2014a French term that is understood as \"naturally sparkling\" in English  Immerse yourself in the captivating story of our 2021 Break Free Bliss Bomb PET NAT. From the sun-kissed vineyard of Herne Hill in the enchanting Swan Valley, this wine carries the legacy of a vineyard planted way back in 1937. Nestled on a north-facing block, elevated at 400 meters, it embraces the land\u2019s natural beauty and terroir.","og_url":"https:\/\/www.ilovewines.vn\/vi\/san-pham\/2021-break-free-bliss-bomb-pet-nat\/","og_site_name":"Rada Wines","article_modified_time":"2024-03-05T00:36:22+00:00","og_image":[{"width":258,"height":721,"url":"https:\/\/www.ilovewines.vn\/wp-content\/uploads\/2023\/06\/Break-Free-Bliss-bomb-1.png","type":"image\/png"}],"twitter_card":"summary_large_image","twitter_misc":{"\u01af\u1edbc t\u00ednh th\u1eddi gian \u0111\u1ecdc":"2 ph\u00fat"},"schema":{"@context":"https:\/\/schema.org","@graph":[{"@type":"WebPage","@id":"https:\/\/www.ilovewines.vn\/product\/2021-break-free-bliss-bomb-pet-nat\/","url":"https:\/\/www.ilovewines.vn\/product\/2021-break-free-bliss-bomb-pet-nat\/","name":"Break Free Bliss Bomb PET NAT - Rada Wines","isPartOf":{"@id":"https:\/\/www.ilovewines.vn\/#website"},"primaryImageOfPage":{"@id":"https:\/\/www.ilovewines.vn\/product\/2021-break-free-bliss-bomb-pet-nat\/#primaryimage"},"image":{"@id":"https:\/\/www.ilovewines.vn\/product\/2021-break-free-bliss-bomb-pet-nat\/#primaryimage"},"thumbnailUrl":"https:\/\/www.ilovewines.vn\/wp-content\/uploads\/2023\/06\/Break-Free-Bliss-bomb-1.png","datePublished":"2023-06-14T09:04:34+00:00","dateModified":"2024-03-05T00:36:22+00:00","breadcrumb":{"@id":"https:\/\/www.ilovewines.vn\/product\/2021-break-free-bliss-bomb-pet-nat\/#breadcrumb"},"inLanguage":"vi","potentialAction":[{"@type":"ReadAction","target":["https:\/\/www.ilovewines.vn\/product\/2021-break-free-bliss-bomb-pet-nat\/"]}]},{"@type":"ImageObject","inLanguage":"vi","@id":"https:\/\/www.ilovewines.vn\/product\/2021-break-free-bliss-bomb-pet-nat\/#primaryimage","url":"https:\/\/www.ilovewines.vn\/wp-content\/uploads\/2023\/06\/Break-Free-Bliss-bomb-1.png","contentUrl":"https:\/\/www.ilovewines.vn\/wp-content\/uploads\/2023\/06\/Break-Free-Bliss-bomb-1.png","width":258,"height":721},{"@type":"BreadcrumbList","@id":"https:\/\/www.ilovewines.vn\/product\/2021-break-free-bliss-bomb-pet-nat\/#breadcrumb","itemListElement":[{"@type":"ListItem","position":1,"name":"Home","item":"https:\/\/www.ilovewines.vn\/"},{"@type":"ListItem","position":2,"name":"Catalogue","item":"https:\/\/www.ilovewines.vn\/catalogue\/"},{"@type":"ListItem","position":3,"name":"Break Free Bliss Bomb PET NAT"}]},{"@type":"WebSite","@id":"https:\/\/www.ilovewines.vn\/#website","url":"https:\/\/www.ilovewines.vn\/","name":"Rada Wines","description":"Just another WordPress site","publisher":{"@id":"https:\/\/www.ilovewines.vn\/#organization"},"potentialAction":[{"@type":"SearchAction","target":{"@type":"EntryPoint","urlTemplate":"https:\/\/www.ilovewines.vn\/?s={search_term_string}"},"query-input":{"@type":"PropertyValueSpecification","valueRequired":true,"valueName":"search_term_string"}}],"inLanguage":"vi"},{"@type":"Organization","@id":"https:\/\/www.ilovewines.vn\/#organization","name":"Rada Wines","url":"https:\/\/www.ilovewines.vn\/","logo":{"@type":"ImageObject","inLanguage":"vi","@id":"https:\/\/www.ilovewines.vn\/#\/schema\/logo\/image\/","url":"https:\/\/www.ilovewines.vn\/wp-content\/uploads\/2022\/06\/cropped-162574230_380766779846763_4426584222903300096_n.jpg","contentUrl":"https:\/\/www.ilovewines.vn\/wp-content\/uploads\/2022\/06\/cropped-162574230_380766779846763_4426584222903300096_n.jpg","width":320,"height":206,"caption":"Rada Wines"},"image":{"@id":"https:\/\/www.ilovewines.vn\/#\/schema\/logo\/image\/"}}]}},"_links":{"self":[{"href":"https:\/\/www.ilovewines.vn\/vi\/wp-json\/wp\/v2\/product\/4438","targetHints":{"allow":["GET"]}}],"collection":[{"href":"https:\/\/www.ilovewines.vn\/vi\/wp-json\/wp\/v2\/product"}],"about":[{"href":"https:\/\/www.ilovewines.vn\/vi\/wp-json\/wp\/v2\/types\/product"}],"version-history":[{"count":1,"href":"https:\/\/www.ilovewines.vn\/vi\/wp-json\/wp\/v2\/product\/4438\/revisions"}],"predecessor-version":[{"id":4479,"href":"https:\/\/www.ilovewines.vn\/vi\/wp-json\/wp\/v2\/product\/4438\/revisions\/4479"}],"wp:featuredmedia":[{"embeddable":true,"href":"https:\/\/www.ilovewines.vn\/vi\/wp-json\/wp\/v2\/media\/4441"}],"wp:attachment":[{"href":"https:\/\/www.ilovewines.vn\/vi\/wp-json\/wp\/v2\/media?parent=4438"}],"wp:term":[{"taxonomy":"product_brand","embeddable":true,"href":"https:\/\/www.ilovewines.vn\/vi\/wp-json\/wp\/v2\/product_brand?post=4438"},{"taxonomy":"product_cat","embeddable":true,"href":"https:\/\/www.ilovewines.vn\/vi\/wp-json\/wp\/v2\/product_cat?post=4438"},{"taxonomy":"product_tag","embeddable":true,"href":"https:\/\/www.ilovewines.vn\/vi\/wp-json\/wp\/v2\/product_tag?post=4438"},{"taxonomy":"grape_varietal","embeddable":true,"href":"https:\/\/www.ilovewines.vn\/vi\/wp-json\/wp\/v2\/grape_varietal?post=4438"},{"taxonomy":"wine_regions","embeddable":true,"href":"https:\/\/www.ilovewines.vn\/vi\/wp-json\/wp\/v2\/wine_regions?post=4438"}],"curies":[{"name":"wp","href":"https:\/\/api.w.org\/{rel}","templated":true}]}}