{"id":4442,"date":"2023-06-14T03:02:51","date_gmt":"2023-06-14T09:02:51","guid":{"rendered":"https:\/\/www.ilovewines.vn\/?post_type=product&#038;p=4442"},"modified":"2024-03-04T17:44:48","modified_gmt":"2024-03-05T00:44:48","slug":"2022-break-free-petite-blancs","status":"publish","type":"product","link":"https:\/\/www.ilovewines.vn\/vi\/product\/2022-break-free-petite-blancs\/","title":{"rendered":"Break Free Petite Blancs"},"content":{"rendered":"<p><iframe title=\"Break Free Petite Blancs\" width=\"800\" height=\"450\" src=\"https:\/\/www.youtube.com\/embed\/Oh5j4ik_ktY?feature=oembed\" frameborder=\"0\" allow=\"accelerometer; autoplay; clipboard-write; encrypted-media; gyroscope; picture-in-picture; web-share\" allowfullscreen><\/iframe><\/p>\n<p>\u0110\u1ed9 pH: 3.36<br \/>\nL\u01b0\u1ee3ng axit: 6.46g\/L<br \/>\nN\u1ed3ng \u0111\u1ed9 c\u1ed3n: 11.6%<br \/>\nL\u01b0\u1ee3ng \u0111\u01b0\u1eddng d\u01b0: 2.62g\/L<\/p>\n<h3>V\u01b0\u1eddn nho<\/h3>\n<p>Thung l\u0169ng Swan v\u00e0 Thung l\u0169ng s\u00f4ng Margaret, Pha tr\u1ed9n c\u00e1c gi\u1ed1ng nho: Chenin Blanc (95%,<br \/>\nr\u01b0\u1ee3u n\u1ec1n), Chardonnay (3% skins) v\u00e0 Gew\u00fcrztraminer (2% v\u1ecf nho)<\/p>\n<h3>Qu\u00e1 tr\u00ecnh s\u1ea3n xu\u1ea5t<\/h3>\n<p>Nho gi\u1ed1ng Chenin Blanc s\u00e1ng v\u00e0 s\u1ea1ch \u0111\u01b0\u1ee3c thu ho\u1ea1ch, \u00e9p l\u1ea1nh (n\u01b0\u1edbc \u00e9p ch\u1ea3y t\u1ef1 nhi\u00ean),<br \/>\nsau \u0111\u00f3 cho v\u00e0o th\u00f9ng th\u00e9p kh\u00f4ng g\u1ec9 \u0111\u1ec3 l\u00ean men, ti\u1ebfp t\u1ee5c<br \/>\nChardonnay v\u00e0 v\u1ecf nho Gew\u00fcrztraminer (x\u1ea5p x\u1ec9 5%) v\u00e0o trong th\u00f9ng n\u01b0\u1edbc \u00e9p \u0111ang l\u00ean men.<br \/>\nN\u01b0\u1edbc \u00e9p n\u00e0y \u0111\u01b0\u1ee3c ki\u1ec3m so\u00e1t nhi\u1ec7t \u0111\u1ed9 \u0111\u1ec3 gi\u1eef \u0111\u1ed9 d\u1ecbu, m\u00f9i h\u01b0\u01a1ng t\u1ef1 nhi\u00ean<br \/>\ncho t\u1edbi khi l\u01b0\u1ee3ng \u0111\u01b0\u1eddng d\u01b0 ch\u1ec9 c\u00f2n kho\u1ea3ng 0.4g\/l, qu\u00e1 tr\u00ecnh l\u00ean men b\u1ecb ng\u1eebng l\u1ea1i v\u00e0 sau \u0111\u00f3 \u0111\u01b0\u1ee3c gi\u1eef l\u1ea1nh.<br \/>\nKh\u00f4ng khu\u1ea5y hay l\u00e0m gi\u1ea3m \u0111\u1ed9 axit b\u1eb1ng c\u00e1ch l\u00ean men malolactic,<br \/>\nr\u01b0\u1ee3u sau \u0111\u00f3 \u0111\u01b0\u1ee3c \u0111\u00f3ng chai lu\u00f4n v\u00e0 kh\u00f4ng g\u1ea1n hay l\u1ecdc. Thu\u1ea7n chay.<br \/>\nL\u01b0\u1ee3ng d\u00f9ng t\u1ed1i thi\u1ec3u ch\u1ea5t b\u1ea3o qu\u1ea3n sulphite.<\/p>\n<h3>Th\u01b0\u1edfng th\u1ee9c<\/h3>\n<p>V\u1edbi ngu\u1ed3n nho ch\u00ednh l\u00e0 Chenin Blanc \u0111\u01b0\u1ee3c cung c\u1ea5p b\u1edfi nh\u1eefng v\u01b0\u1eddn nho t\u1ea1i Swan Valley,<br \/>\nl\u00ean men hai l\u1ea7n tr\u1ed9n th\u00eam\n\nChardonnay v\u00f9ng Thung l\u0169ng s\u00f4ng Margaret<br \/>\nv\u00e0 nho Gew\u00fcrztraminer c\u1ee7a v\u00f9ng Frankland River (ch\u1ec9 d\u00f9ng v\u1ecf),<br \/>\nt\u1ea1o ra ni\u00ean v\u1ee5 th\u1ee9 hai c\u1ee7a Petite Blancs!<br \/>\nR\u01b0\u1ee3u vang tr\u1eafng kh\u00f4, d\u1ecbu h\u01b0\u01a1ng hoa v\u00e0 th\u1ef1c v\u1eadt<br \/>\nnh\u1edb \u0111\u1ebfn v\u00f9ng Alsace v\u00e0 kh\u1ea5u c\u1ea3m c\u1ee7a v\u00f9ng Thung l\u0169ng s\u00f4ng Loire<br \/>\n- M\u1ed9t 's\u1ea3n ph\u1ea9m chuy\u1ec3n ti\u1ebfp' \u0111\u1ed9c \u0111\u00e1o- \u0111\u01b0\u1ee3c t\u1ea1o ra t\u1eeb qu\u00e1 tr\u00ecnh l\u00ean men t\u1ef1 nhi\u00ean,<br \/>\n\u0111\u01b0\u1ee3c ki\u1ec3m so\u00e1t b\u1eb1ng \u00e9p l\u1ea1nh v\u00e0 gi\u1eef trong th\u00f9ng th\u00e9p kh\u00f4ng g\u1ec9.<br \/>\nChanh kaffire, hoa cam tr\u1ed9n l\u1eabn v\u1edbi hoa h\u1ea1nh, tr\u00e0n \u0111\u1ea7y v\u1ecb c\u1ee7a tr\u00e1i v\u1ea3i, c\u00e2y s\u1ea3 v\u00e0 g\u1eebng.<br \/>\nPetite Blancs l\u00e0m d\u1eady l\u00ean c\u00e1c gi\u00e1c quan, khi\u1ebfn b\u1ea1n mu\u1ed1n kh\u00e1m ph\u00e1 Con \u0111\u01b0\u1eddng T\u01a1 l\u1ee5a<br \/>\nv\u00e0 th\u01b0\u1edfng th\u1ee9c \u1ea9m th\u1ef1c d\u1ecdc theo con \u0111\u01b0\u1eddng n\u00e0y,<br \/>\nt\u1eeb \u0110\u00f4ng \u00c1, \u0110\u00f4ng Nam \u00c1, Nam \u00c1, Ba T\u01b0, b\u00e1n \u0111\u1ea3o \u1ea2 R\u1eadp, \u0110\u00f4ng Phi v\u00e0 \u0110\u00f4ng \u00c2u.<br \/>\nV\u00f4 v\u00e0n nh\u1eefng gia v\u1ecb, s\u1ea3n ph\u1ea9m, nguy\u00ean li\u1ec7u hay c\u00e1ch th\u1ee9c n\u1ea5u \u0103n \u0111ang ch\u1edd b\u1ea1n<br \/>\nk\u1ebft h\u1ee3p v\u1edbi lo\u1ea1i 'r\u01b0\u01a1u vang tr\u1eafng c\u00f3 th\u1ec3 u\u1ed1ng su\u1ed1t ng\u00e0y' n\u00e0y.<\/p>\n<p>Gi\u1ed1ng nh\u01b0 t\u1ea5t c\u1ea3 c\u00e1c lo\u1ea1i r\u01b0\u1ee3u c\u1ee7a th\u01b0\u01a1ng hi\u1ec7u Break Free, ch\u00fang t\u00f4i kh\u00f4ng g\u1ea1n l\u1ecdc<br \/>\nv\u00e0 s\u1eed d\u1ee5ng t\u1ed1i thi\u1ec3u ch\u1ea5t b\u1ea3o qu\u1ea3n (sulphur) khi \u0111\u00f3ng chai \u0111\u1ec3 gi\u1eef cho r\u01b0\u1ee3u \u0111\u01b0\u1ee3c t\u01b0\u01a1i v\u00e0 s\u1ed1ng \u0111\u1ed9ng.<br \/>\nD\u00f9ng v\u1edbi b\u1eefa tr\u01b0a k\u00e9o d\u00e0i v\u00e0 nhi\u1ec1u \u0111\u1ed3 \u0103n. H\u00e3y u\u1ed1ng n\u00f3 v\u1edbi nh\u1eefng m\u00f3n \u0103n s\u00e1ng t\u1ea1o, kh\u01a1i ngu\u1ed3n c\u1ea3m h\u1ee9ng,<br \/>\nchia s\u1ebb n\u00f3 v\u1edbi nh\u1eefng ng\u01b0\u1eddi b\u1ea1n \u0111\u00e1ng y\u00eau. C\u00f3 th\u1ec3 d\u00f9ng cho ng\u01b0\u1eddi \u0103n thu\u1ea7n chay<\/p>\n<h3>Ch\u1ebf t\u00e1c r\u01b0\u1ee3u:<\/h3>\n<p>Andrew Vesey, t\u01b0 v\u1ea5n vi\u00ean.<\/p>\n<p>Following on from Sam Kim @ Wine Orbit\u2019s fantastic reviews and scores for the current Clandestine Vineyards wines, here comes the equally wonderful Break Free Wine reviews: 2023 Petite Blancs \u2013 93 POINTS<\/p>","protected":false},"excerpt":{"rendered":"<p>pH: 3.36 TA: 6.46g\/L ALC: 11.6% RS: 2.62g\/L Vineyard Swan Valley and Margaret River, WA Blend: Chenin Blanc (95%, base wine), Chardonnay (3% skins) and Gew\u00fcrztraminer (2% skins) Winemaking Bright and clean Chenin Blanc is harvested, cold pressed (free run juice) and settled in steel for wild yeast fermentation, where Chardonnay and Gew\u00fcrztraminer skins (approx. [&hellip;]<\/p>\n","protected":false},"featured_media":4443,"template":"","meta":{"_acf_changed":false},"product_brand":[],"product_cat":[89,93],"product_tag":[],"grape_varietal":[2618,2619,2622],"wine_regions":[2454,2450],"class_list":{"0":"post-4442","1":"product","2":"type-product","3":"status-publish","4":"has-post-thumbnail","6":"product_cat-white-wine","7":"product_cat-wine","8":"pa_brand-break-free","9":"grape_varietal-chardonnay-rose","10":"grape_varietal-chenin-blanc","11":"grape_varietal-gewurztraminer","12":"wine_regions-margaret-river","13":"wine_regions-swan-valley","15":"first","16":"instock","17":"shipping-taxable","18":"product-type-simple"},"acf":[],"yoast_head":"<!-- This site is optimized with the Yoast SEO plugin v27.4 - https:\/\/yoast.com\/product\/yoast-seo-wordpress\/ -->\n<title>Break Free Petite Blancs - Rada Wines<\/title>\n<meta name=\"robots\" content=\"index, follow, max-snippet:-1, max-image-preview:large, max-video-preview:-1\" \/>\n<link rel=\"canonical\" href=\"https:\/\/www.ilovewines.vn\/vi\/san-pham\/2022-break-free-petite-blancs\/\" \/>\n<meta property=\"og:locale\" content=\"vi_VN\" \/>\n<meta property=\"og:type\" content=\"article\" \/>\n<meta property=\"og:title\" content=\"Break Free Petite Blancs - Rada Wines\" \/>\n<meta property=\"og:description\" content=\"pH: 3.36 TA: 6.46g\/L ALC: 11.6% RS: 2.62g\/L Vineyard Swan Valley and Margaret River, WA Blend: Chenin Blanc (95%, base wine), Chardonnay (3% skins) and Gew\u00fcrztraminer (2% skins) Winemaking Bright and clean Chenin Blanc is harvested, cold pressed (free run juice) and settled in steel for wild yeast fermentation, where Chardonnay and Gew\u00fcrztraminer skins (approx. [&hellip;]\" \/>\n<meta property=\"og:url\" content=\"https:\/\/www.ilovewines.vn\/vi\/san-pham\/2022-break-free-petite-blancs\/\" \/>\n<meta property=\"og:site_name\" content=\"Rada Wines\" \/>\n<meta property=\"article:modified_time\" content=\"2024-03-05T00:44:48+00:00\" \/>\n<meta property=\"og:image\" content=\"https:\/\/www.ilovewines.vn\/wp-content\/uploads\/2023\/06\/Break-free-petite-blancs.png\" \/>\n\t<meta property=\"og:image:width\" content=\"240\" \/>\n\t<meta property=\"og:image:height\" content=\"705\" \/>\n\t<meta property=\"og:image:type\" content=\"image\/png\" \/>\n<meta name=\"twitter:card\" content=\"summary_large_image\" \/>\n<meta name=\"twitter:label1\" content=\"\u01af\u1edbc t\u00ednh th\u1eddi gian \u0111\u1ecdc\" \/>\n\t<meta name=\"twitter:data1\" content=\"2 ph\u00fat\" \/>\n<script type=\"application\/ld+json\" class=\"yoast-schema-graph\">{\"@context\":\"https:\\\/\\\/schema.org\",\"@graph\":[{\"@type\":\"WebPage\",\"@id\":\"https:\\\/\\\/www.ilovewines.vn\\\/product\\\/2022-break-free-petite-blancs\\\/\",\"url\":\"https:\\\/\\\/www.ilovewines.vn\\\/product\\\/2022-break-free-petite-blancs\\\/\",\"name\":\"Break Free Petite Blancs - Rada Wines\",\"isPartOf\":{\"@id\":\"https:\\\/\\\/www.ilovewines.vn\\\/#website\"},\"primaryImageOfPage\":{\"@id\":\"https:\\\/\\\/www.ilovewines.vn\\\/product\\\/2022-break-free-petite-blancs\\\/#primaryimage\"},\"image\":{\"@id\":\"https:\\\/\\\/www.ilovewines.vn\\\/product\\\/2022-break-free-petite-blancs\\\/#primaryimage\"},\"thumbnailUrl\":\"https:\\\/\\\/www.ilovewines.vn\\\/wp-content\\\/uploads\\\/2023\\\/06\\\/Break-free-petite-blancs.png\",\"datePublished\":\"2023-06-14T09:02:51+00:00\",\"dateModified\":\"2024-03-05T00:44:48+00:00\",\"breadcrumb\":{\"@id\":\"https:\\\/\\\/www.ilovewines.vn\\\/product\\\/2022-break-free-petite-blancs\\\/#breadcrumb\"},\"inLanguage\":\"vi\",\"potentialAction\":[{\"@type\":\"ReadAction\",\"target\":[\"https:\\\/\\\/www.ilovewines.vn\\\/product\\\/2022-break-free-petite-blancs\\\/\"]}]},{\"@type\":\"ImageObject\",\"inLanguage\":\"vi\",\"@id\":\"https:\\\/\\\/www.ilovewines.vn\\\/product\\\/2022-break-free-petite-blancs\\\/#primaryimage\",\"url\":\"https:\\\/\\\/www.ilovewines.vn\\\/wp-content\\\/uploads\\\/2023\\\/06\\\/Break-free-petite-blancs.png\",\"contentUrl\":\"https:\\\/\\\/www.ilovewines.vn\\\/wp-content\\\/uploads\\\/2023\\\/06\\\/Break-free-petite-blancs.png\",\"width\":240,\"height\":705},{\"@type\":\"BreadcrumbList\",\"@id\":\"https:\\\/\\\/www.ilovewines.vn\\\/product\\\/2022-break-free-petite-blancs\\\/#breadcrumb\",\"itemListElement\":[{\"@type\":\"ListItem\",\"position\":1,\"name\":\"Home\",\"item\":\"https:\\\/\\\/www.ilovewines.vn\\\/\"},{\"@type\":\"ListItem\",\"position\":2,\"name\":\"Catalogue\",\"item\":\"https:\\\/\\\/www.ilovewines.vn\\\/catalogue\\\/\"},{\"@type\":\"ListItem\",\"position\":3,\"name\":\"Break Free Petite Blancs\"}]},{\"@type\":\"WebSite\",\"@id\":\"https:\\\/\\\/www.ilovewines.vn\\\/#website\",\"url\":\"https:\\\/\\\/www.ilovewines.vn\\\/\",\"name\":\"Rada Wines\",\"description\":\"Just another WordPress site\",\"publisher\":{\"@id\":\"https:\\\/\\\/www.ilovewines.vn\\\/#organization\"},\"potentialAction\":[{\"@type\":\"SearchAction\",\"target\":{\"@type\":\"EntryPoint\",\"urlTemplate\":\"https:\\\/\\\/www.ilovewines.vn\\\/?s={search_term_string}\"},\"query-input\":{\"@type\":\"PropertyValueSpecification\",\"valueRequired\":true,\"valueName\":\"search_term_string\"}}],\"inLanguage\":\"vi\"},{\"@type\":\"Organization\",\"@id\":\"https:\\\/\\\/www.ilovewines.vn\\\/#organization\",\"name\":\"Rada Wines\",\"url\":\"https:\\\/\\\/www.ilovewines.vn\\\/\",\"logo\":{\"@type\":\"ImageObject\",\"inLanguage\":\"vi\",\"@id\":\"https:\\\/\\\/www.ilovewines.vn\\\/#\\\/schema\\\/logo\\\/image\\\/\",\"url\":\"https:\\\/\\\/www.ilovewines.vn\\\/wp-content\\\/uploads\\\/2022\\\/06\\\/cropped-162574230_380766779846763_4426584222903300096_n.jpg\",\"contentUrl\":\"https:\\\/\\\/www.ilovewines.vn\\\/wp-content\\\/uploads\\\/2022\\\/06\\\/cropped-162574230_380766779846763_4426584222903300096_n.jpg\",\"width\":320,\"height\":206,\"caption\":\"Rada Wines\"},\"image\":{\"@id\":\"https:\\\/\\\/www.ilovewines.vn\\\/#\\\/schema\\\/logo\\\/image\\\/\"}}]}<\/script>\n<!-- \/ Yoast SEO plugin. -->","yoast_head_json":{"title":"Break Free Petite Blancs - Rada Wines","robots":{"index":"index","follow":"follow","max-snippet":"max-snippet:-1","max-image-preview":"max-image-preview:large","max-video-preview":"max-video-preview:-1"},"canonical":"https:\/\/www.ilovewines.vn\/vi\/san-pham\/2022-break-free-petite-blancs\/","og_locale":"vi_VN","og_type":"article","og_title":"Break Free Petite Blancs - Rada Wines","og_description":"pH: 3.36 TA: 6.46g\/L ALC: 11.6% RS: 2.62g\/L Vineyard Swan Valley and Margaret River, WA Blend: Chenin Blanc (95%, base wine), Chardonnay (3% skins) and Gew\u00fcrztraminer (2% skins) Winemaking Bright and clean Chenin Blanc is harvested, cold pressed (free run juice) and settled in steel for wild yeast fermentation, where Chardonnay and Gew\u00fcrztraminer skins (approx. [&hellip;]","og_url":"https:\/\/www.ilovewines.vn\/vi\/san-pham\/2022-break-free-petite-blancs\/","og_site_name":"Rada Wines","article_modified_time":"2024-03-05T00:44:48+00:00","og_image":[{"width":240,"height":705,"url":"https:\/\/www.ilovewines.vn\/wp-content\/uploads\/2023\/06\/Break-free-petite-blancs.png","type":"image\/png"}],"twitter_card":"summary_large_image","twitter_misc":{"\u01af\u1edbc t\u00ednh th\u1eddi gian \u0111\u1ecdc":"2 ph\u00fat"},"schema":{"@context":"https:\/\/schema.org","@graph":[{"@type":"WebPage","@id":"https:\/\/www.ilovewines.vn\/product\/2022-break-free-petite-blancs\/","url":"https:\/\/www.ilovewines.vn\/product\/2022-break-free-petite-blancs\/","name":"Break Free Petite Blancs - Rada Wines","isPartOf":{"@id":"https:\/\/www.ilovewines.vn\/#website"},"primaryImageOfPage":{"@id":"https:\/\/www.ilovewines.vn\/product\/2022-break-free-petite-blancs\/#primaryimage"},"image":{"@id":"https:\/\/www.ilovewines.vn\/product\/2022-break-free-petite-blancs\/#primaryimage"},"thumbnailUrl":"https:\/\/www.ilovewines.vn\/wp-content\/uploads\/2023\/06\/Break-free-petite-blancs.png","datePublished":"2023-06-14T09:02:51+00:00","dateModified":"2024-03-05T00:44:48+00:00","breadcrumb":{"@id":"https:\/\/www.ilovewines.vn\/product\/2022-break-free-petite-blancs\/#breadcrumb"},"inLanguage":"vi","potentialAction":[{"@type":"ReadAction","target":["https:\/\/www.ilovewines.vn\/product\/2022-break-free-petite-blancs\/"]}]},{"@type":"ImageObject","inLanguage":"vi","@id":"https:\/\/www.ilovewines.vn\/product\/2022-break-free-petite-blancs\/#primaryimage","url":"https:\/\/www.ilovewines.vn\/wp-content\/uploads\/2023\/06\/Break-free-petite-blancs.png","contentUrl":"https:\/\/www.ilovewines.vn\/wp-content\/uploads\/2023\/06\/Break-free-petite-blancs.png","width":240,"height":705},{"@type":"BreadcrumbList","@id":"https:\/\/www.ilovewines.vn\/product\/2022-break-free-petite-blancs\/#breadcrumb","itemListElement":[{"@type":"ListItem","position":1,"name":"Home","item":"https:\/\/www.ilovewines.vn\/"},{"@type":"ListItem","position":2,"name":"Catalogue","item":"https:\/\/www.ilovewines.vn\/catalogue\/"},{"@type":"ListItem","position":3,"name":"Break Free Petite Blancs"}]},{"@type":"WebSite","@id":"https:\/\/www.ilovewines.vn\/#website","url":"https:\/\/www.ilovewines.vn\/","name":"Rada Wines","description":"Just another WordPress site","publisher":{"@id":"https:\/\/www.ilovewines.vn\/#organization"},"potentialAction":[{"@type":"SearchAction","target":{"@type":"EntryPoint","urlTemplate":"https:\/\/www.ilovewines.vn\/?s={search_term_string}"},"query-input":{"@type":"PropertyValueSpecification","valueRequired":true,"valueName":"search_term_string"}}],"inLanguage":"vi"},{"@type":"Organization","@id":"https:\/\/www.ilovewines.vn\/#organization","name":"Rada Wines","url":"https:\/\/www.ilovewines.vn\/","logo":{"@type":"ImageObject","inLanguage":"vi","@id":"https:\/\/www.ilovewines.vn\/#\/schema\/logo\/image\/","url":"https:\/\/www.ilovewines.vn\/wp-content\/uploads\/2022\/06\/cropped-162574230_380766779846763_4426584222903300096_n.jpg","contentUrl":"https:\/\/www.ilovewines.vn\/wp-content\/uploads\/2022\/06\/cropped-162574230_380766779846763_4426584222903300096_n.jpg","width":320,"height":206,"caption":"Rada Wines"},"image":{"@id":"https:\/\/www.ilovewines.vn\/#\/schema\/logo\/image\/"}}]}},"_links":{"self":[{"href":"https:\/\/www.ilovewines.vn\/vi\/wp-json\/wp\/v2\/product\/4442","targetHints":{"allow":["GET"]}}],"collection":[{"href":"https:\/\/www.ilovewines.vn\/vi\/wp-json\/wp\/v2\/product"}],"about":[{"href":"https:\/\/www.ilovewines.vn\/vi\/wp-json\/wp\/v2\/types\/product"}],"version-history":[{"count":1,"href":"https:\/\/www.ilovewines.vn\/vi\/wp-json\/wp\/v2\/product\/4442\/revisions"}],"predecessor-version":[{"id":5230,"href":"https:\/\/www.ilovewines.vn\/vi\/wp-json\/wp\/v2\/product\/4442\/revisions\/5230"}],"wp:featuredmedia":[{"embeddable":true,"href":"https:\/\/www.ilovewines.vn\/vi\/wp-json\/wp\/v2\/media\/4443"}],"wp:attachment":[{"href":"https:\/\/www.ilovewines.vn\/vi\/wp-json\/wp\/v2\/media?parent=4442"}],"wp:term":[{"taxonomy":"product_brand","embeddable":true,"href":"https:\/\/www.ilovewines.vn\/vi\/wp-json\/wp\/v2\/product_brand?post=4442"},{"taxonomy":"product_cat","embeddable":true,"href":"https:\/\/www.ilovewines.vn\/vi\/wp-json\/wp\/v2\/product_cat?post=4442"},{"taxonomy":"product_tag","embeddable":true,"href":"https:\/\/www.ilovewines.vn\/vi\/wp-json\/wp\/v2\/product_tag?post=4442"},{"taxonomy":"grape_varietal","embeddable":true,"href":"https:\/\/www.ilovewines.vn\/vi\/wp-json\/wp\/v2\/grape_varietal?post=4442"},{"taxonomy":"wine_regions","embeddable":true,"href":"https:\/\/www.ilovewines.vn\/vi\/wp-json\/wp\/v2\/wine_regions?post=4442"}],"curies":[{"name":"wp","href":"https:\/\/api.w.org\/{rel}","templated":true}]}}