{"id":4446,"date":"2023-06-14T21:13:25","date_gmt":"2023-06-15T03:13:25","guid":{"rendered":"https:\/\/www.ilovewines.vn\/?post_type=product&#038;p=4446"},"modified":"2023-08-28T07:55:45","modified_gmt":"2023-08-28T13:55:45","slug":"hesketh-unfinished-business-pinot-noir-limestone-coast","status":"publish","type":"product","link":"https:\/\/www.ilovewines.vn\/vi\/product\/hesketh-unfinished-business-pinot-noir-limestone-coast\/","title":{"rendered":"Hesketh Unfinished Business Pinot Noir"},"content":{"rendered":"<h3>Ni\u00ean v\u1ee5 2022<\/h3>\n<p>Nho d\u00f9ng \u0111\u1ec3 s\u1ea3n xu\u00e1t cho d\u00f2ng r\u01b0\u1ee3u Limestone Coast c\u1ee7a ch\u00fang t\u00f4i<br \/>\n\u0111\u01b0\u1ee3c l\u1ea5y t\u1eeb nh\u1eefng v\u01b0\u1eddn nho tuy\u1ec3n cao c\u1ea5p n\u1eb1m trong<br \/>\nv\u00f9ng tr\u1ed3ng nho Limestone Coast c\u00f3 ti\u1ebfng. S\u1ef1 \u0111a d\u1ea1ng v\u1ec1 m\u1eb7t<br \/>\nkh\u00ed h\u1eadu v\u00e0 \u0111\u1ecba l\u00fd \u0111\u00e3 khi\u1ebfn cho v\u00f9ng n\u00e0y cung c\u1ea5p nh\u1eefng tr\u00e1i nho\n\nho\u00e0n h\u1ea3o<br \/>\ncho d\u00f2ng r\u01b0\u1ee3u Ngh\u1ec7 thu\u1eadt c\u0169ng \u0111a d\u1ea1ng kh\u00f4ng k\u00e9m.<br \/>\nC\u00e1c v\u01b0\u1eddn nho \u0111\u01b0\u1ee3c l\u1ef1a ch\u1ecdn c\u1ea9n th\u1eadn d\u1ef1a tr\u00ean s\u1ef1 ph\u00f9 h\u1ee3p c\u1ee7a ch\u00fang<br \/>\n\u0111\u1ed1i v\u1edbi t\u00ednh c\u00e1ch ri\u00eang c\u1ee7a t\u1eebng lo\u1ea1i r\u01b0\u1ee3u. Ch\u00fang t\u00f4i t\u00ecm ki\u1ebfm c\u00e1c ti\u1ec3u v\u00f9ng \u1ea5m h\u01a1n<\/p>\n<p>cho vang \u0111\u1ecf v\u00e0 c\u00e1c ti\u1ec3u v\u00f9ng m\u00e1t h\u01a1n cho vang tr\u1eafng. C\u00e1c lo\u1ea1i r\u01b0\u1ee3u<\/p>\n<p>sau \u0111\u00f3 \u0111\u01b0\u1ee3c ch\u1ebf t\u1ea1o theo phong c\u00e1ch v\u00e0 ch\u1ea5t l\u01b0\u1ee3ng \u1ed5n \u0111\u1ecbnh, ho\u00e0n h\u1ea3o<br \/>\n\u0111\u1ec3 u\u1ed1ng h\u00e0ng ng\u00e0y ho\u1eb7c d\u00e0nh cho nh\u1eefng d\u1ecbp sang tr\u1ecdng h\u01a1n.<\/p>\n<h3>H\u1eadu c\u1ea3nh<\/h3>\n<p>Nho \u0111\u1ec3 s\u1ea3n xu\u1ea5t r\u01b0\u1ee3u Unfinished Business Pinot Noir\n\n\u0111\u01b0\u1ee3c tuy\u1ec3n ch\u1ecdn<br \/>\nt\u1eeb nh\u1eefng v\u01b0\u1eddn nho cao c\u1ea5p trong\n\n\nti\u1ec3u v\u00f9ng kh\u00ed h\u1eadu m\u00e1t m\u1ebb n\u1eb1m trong<br \/>\nv\u00f9ng tr\u1ed3ng nho\n\nn\u1ed5i ti\u1ebfng Limestone Coast.<br \/>\nNi\u00ean v\u1ee5 2022 l\u00e0 m\u1ed9t ni\u00ean v\u1ee5 tuy\u1ec7t v\u1eddi. Qu\u1ea3 nho ch\u00edn t\u1edbi\n\nv\u00e0 ch\u00edn \u0111\u1ec1u<br \/>\ncho m\u1ed9t v\u1ee5 thu ho\u1ea1ch r\u1ea5t t\u1ed1t v\u00e0 ch\u1ea5t l\u01b0\u1ee3ng\n\nqu\u1ea3 th\u1ef1c s\u1ef1 n\u1ed5i b\u1eadt.<br \/>\nR\u01b0\u1ee3u \u0111\u01b0\u1ee3c ch\u1ebf t\u00e1c nh\u1eb1m m\u1ee5c \u0111\u00edch\n\nl\u00e0m n\u1ed5i b\u1eadt \u0111\u1ed9 m\u1ecdng n\u01b0\u1edbc r\u1ea5t cao c\u1ee7a l\u1ee9a nho n\u00e0y.<br \/>\nCh\u1eb3ng c\u00f3\n\n'c\u00f4ng chuy\u1ec7n dang d\u1edf' ( unfinished business) n\u00e0o \u1edf \u0111\u00e2y c\u1ea3,\n\ntr\u1eeb phi<br \/>\nb\u1ea1n kh\u00f4ng th\u1ec3 u\u1ed1ng h\u1ebft c\u1ea3 chai vang.\n\nM\u00e0 ch\u00fang t\u00f4i th\u00ec r\u1ea5t nghi ng\u1edd \u0111i\u1ec1u n\u00e0y \u0111\u1ea5y...<\/p>\n<h3>C\u1ea3m quan<\/h3>\n<p><strong>Th\u1ecb Gi\u00e1c<\/strong>: M\u00e0u \u0111\u1ecf Ruby pha ch\u00fat s\u1eafc h\u1ed3ng.<\/p>\n<p><strong>Kh\u1ee9u gi\u00e1c:<\/strong> H\u01b0\u01a1ng th\u01a1m c\u1ee7a hoa h\u1ed3ng m\u1ec1m m\u1ea1i quy\u1ec7n v\u1edbi hoa o\u1ea3i h\u01b0\u01a1ng,<br \/>\n\u0111\u01b0\u1ee3c ti\u1ebfp n\u1ed1i b\u1edfi ch\u00fat h\u01b0\u01a1ng d\u00e2u t\u00e2y m\u1edbi h\u00e1i v\u00e0 qu\u1ea3 \u0111\u1ecf t\u01b0\u01a1i.<br \/>\nM\u1ed9t ch\u00fat h\u01b0\u01a1ng gia v\u1ecb h\u01a1i gai g\u00f3c<br \/>\nt\u1ea1o th\u00eam m\u1ed9t l\u1edbp h\u01b0\u01a1ng ph\u1ee9c t\u1ea1p.<\/p>\n<p><strong>V\u1ecb gi\u00e1c<\/strong>: R\u01b0\u1ee3u nh\u1eb9 trung b\u00ecnh v\u1edbi m\u00e0u \u0111\u1ecf tr\u00e1i c\u00e2y t\u01b0\u01a1i r\u1ef1c r\u1ee1.<br \/>\n\u0110\u1ed9 chua m\u1ecdng n\u01b0\u1edbcv\u00e0 tanin sang tr\u1ecdng l\u00e0m cho n\u00f3 tr\u1edf th\u00e0nh<br \/>\nm\u1ed9t lo\u1ea1i r\u01b0\u1ee3u vang r\u1ea5t d\u1ec5 u\u1ed1ng v\u00e0 r\u1ea5t \u0111\u1eadm \u0111\u00e0.<\/p>\n<h3>Ph\u00e2n t\u00edch<\/h3>\n<p><strong>\u0110\u1ed9 c\u1ed3n:<\/strong>: 13.0%<\/p>\n<p><strong>Axit:<\/strong> 5.7 g\/L<br \/>\n<strong>L\u01b0\u1ee3ng \u0111\u01b0\u1eddng c\u00f2n d\u01b0<\/strong>: 0.4 g\/L<\/p>\n<p><strong>\u0110\u1ed9 pH<\/strong>: 3.43<\/p>","protected":false},"excerpt":{"rendered":"<p>Gi\u1edbi thi\u1ec7u r\u01b0\u1ee3u vang Ni\u00ean v\u1ee5 2022 t\u1eeb chu\u1ed7i v\u00f9ng nho c\u00f3 ti\u1ebfng thu\u1ed9c khu v\u1ef1c B\u1edd bi\u1ec3n \u0110\u00e1 v\u00f4i (Limestone Coast). \u0110\u01b0\u1ee3c ch\u1ecdn l\u1ef1a t\u1eeb nh\u1eefng v\u01b0\u1eddn nho ch\u1ea5t l\u01b0\u1ee3ng cao c\u1ea5p, chai r\u01b0\u1ee3u vang n\u00e0y n\u1eafm b\u1eaft \u0111\u01b0\u1ee3c nh\u1eefng \u0111\u1eb7c \u0111i\u1ec3m c\u01a1 b\u1ea3n c\u1ee7a v\u00f9ng tr\u1ed3ng nho n\u1ed5i ti\u1ebfng n\u00f3i tr\u00ean v\u1edbi nh\u1eefng \u0111\u1eb7c \u0111i\u1ec3m kh\u00ed h\u1eadu v\u00e0 \u0111\u1ecba l\u00ed c\u1ee7a n\u00f3. R\u01b0\u1ee3u l\u00e0 ph\u1ea3n \u00e1nh ho\u00e0n h\u1ea3o cho b\u1ed9 s\u01b0u t\u1eadp Ngh\u1ec7 thu\u1eadt, t\u1eebng v\u01b0\u1eddn nho \u0111\u01b0\u1ee3c l\u1ef1a ch\u1ecdn c\u1ea9n th\u1eadn \u0111\u1ec3 ph\u00f9 h\u1ee3p v\u1edbi \u0111\u1eb7c t\u00ednh ri\u00eang c\u1ee7a t\u1eebng lo\u1ea1i r\u01b0\u1ee3u s\u1ea3n xu\u1ea5t t\u1eeb nho thu ho\u1ea1ch t\u1ea1i v\u01b0\u1eddn \u0111\u00f3.<\/p>","protected":false},"featured_media":4454,"template":"","meta":{"_acf_changed":false},"product_brand":[],"product_cat":[87],"product_tag":[],"grape_varietal":[2469],"wine_regions":[2644],"class_list":{"0":"post-4446","1":"product","2":"type-product","3":"status-publish","4":"has-post-thumbnail","6":"product_cat-red-wine","7":"pa_brand-hesketh","8":"grape_varietal-pinot-noir","9":"wine_regions-limestone-coast","11":"first","12":"instock","13":"shipping-taxable","14":"product-type-simple"},"acf":[],"yoast_head":"<!-- This site is optimized with the Yoast SEO plugin v27.1.1 - https:\/\/yoast.com\/product\/yoast-seo-wordpress\/ -->\n<title>Hesketh Unfinished Business Pinot Noir - Rada Wines<\/title>\n<meta name=\"robots\" content=\"index, follow, max-snippet:-1, max-image-preview:large, max-video-preview:-1\" \/>\n<link rel=\"canonical\" href=\"https:\/\/www.ilovewines.vn\/vi\/san-pham\/hesketh-unfinished-business-pinot-noir-limestone-coast\/\" \/>\n<meta property=\"og:locale\" content=\"vi_VN\" \/>\n<meta property=\"og:type\" content=\"article\" \/>\n<meta property=\"og:title\" content=\"Hesketh Unfinished Business Pinot Noir - Rada Wines\" \/>\n<meta property=\"og:description\" content=\"Introducing our Vintage 2022 wine from the esteemed Limestone Coast Series. Sourced from select premium vineyards, this wine captures the essence of this renowned region with its diverse climate and geography. A perfect reflection of the Art Series range, each vineyard is carefully chosen to match the unique personality of the wine it produces.\" \/>\n<meta property=\"og:url\" content=\"https:\/\/www.ilovewines.vn\/vi\/san-pham\/hesketh-unfinished-business-pinot-noir-limestone-coast\/\" \/>\n<meta property=\"og:site_name\" content=\"Rada Wines\" \/>\n<meta property=\"article:modified_time\" content=\"2023-08-28T13:55:45+00:00\" \/>\n<meta property=\"og:image\" content=\"https:\/\/www.ilovewines.vn\/wp-content\/uploads\/2023\/06\/Hesketh-Unfinished-Business-Pinot-Noir-Media-413x1024.png\" \/>\n\t<meta property=\"og:image:width\" content=\"413\" \/>\n\t<meta property=\"og:image:height\" content=\"1024\" \/>\n\t<meta property=\"og:image:type\" content=\"image\/png\" \/>\n<meta name=\"twitter:card\" content=\"summary_large_image\" \/>\n<meta name=\"twitter:label1\" content=\"\u01af\u1edbc t\u00ednh th\u1eddi gian \u0111\u1ecdc\" \/>\n\t<meta name=\"twitter:data1\" content=\"1 ph\u00fat\" \/>\n<script type=\"application\/ld+json\" class=\"yoast-schema-graph\">{\"@context\":\"https:\/\/schema.org\",\"@graph\":[{\"@type\":\"WebPage\",\"@id\":\"https:\/\/www.ilovewines.vn\/product\/hesketh-unfinished-business-pinot-noir-limestone-coast\/\",\"url\":\"https:\/\/www.ilovewines.vn\/product\/hesketh-unfinished-business-pinot-noir-limestone-coast\/\",\"name\":\"Hesketh Unfinished Business Pinot Noir - Rada Wines\",\"isPartOf\":{\"@id\":\"https:\/\/www.ilovewines.vn\/#website\"},\"primaryImageOfPage\":{\"@id\":\"https:\/\/www.ilovewines.vn\/product\/hesketh-unfinished-business-pinot-noir-limestone-coast\/#primaryimage\"},\"image\":{\"@id\":\"https:\/\/www.ilovewines.vn\/product\/hesketh-unfinished-business-pinot-noir-limestone-coast\/#primaryimage\"},\"thumbnailUrl\":\"https:\/\/www.ilovewines.vn\/wp-content\/uploads\/2023\/06\/Hesketh-Unfinished-Business-Pinot-Noir-Media.png\",\"datePublished\":\"2023-06-15T03:13:25+00:00\",\"dateModified\":\"2023-08-28T13:55:45+00:00\",\"breadcrumb\":{\"@id\":\"https:\/\/www.ilovewines.vn\/product\/hesketh-unfinished-business-pinot-noir-limestone-coast\/#breadcrumb\"},\"inLanguage\":\"vi\",\"potentialAction\":[{\"@type\":\"ReadAction\",\"target\":[\"https:\/\/www.ilovewines.vn\/product\/hesketh-unfinished-business-pinot-noir-limestone-coast\/\"]}]},{\"@type\":\"ImageObject\",\"inLanguage\":\"vi\",\"@id\":\"https:\/\/www.ilovewines.vn\/product\/hesketh-unfinished-business-pinot-noir-limestone-coast\/#primaryimage\",\"url\":\"https:\/\/www.ilovewines.vn\/wp-content\/uploads\/2023\/06\/Hesketh-Unfinished-Business-Pinot-Noir-Media.png\",\"contentUrl\":\"https:\/\/www.ilovewines.vn\/wp-content\/uploads\/2023\/06\/Hesketh-Unfinished-Business-Pinot-Noir-Media.png\",\"width\":1428,\"height\":3543},{\"@type\":\"BreadcrumbList\",\"@id\":\"https:\/\/www.ilovewines.vn\/product\/hesketh-unfinished-business-pinot-noir-limestone-coast\/#breadcrumb\",\"itemListElement\":[{\"@type\":\"ListItem\",\"position\":1,\"name\":\"Home\",\"item\":\"https:\/\/www.ilovewines.vn\/\"},{\"@type\":\"ListItem\",\"position\":2,\"name\":\"Catalogue\",\"item\":\"https:\/\/www.ilovewines.vn\/catalogue\/\"},{\"@type\":\"ListItem\",\"position\":3,\"name\":\"Hesketh Unfinished Business Pinot Noir\"}]},{\"@type\":\"WebSite\",\"@id\":\"https:\/\/www.ilovewines.vn\/#website\",\"url\":\"https:\/\/www.ilovewines.vn\/\",\"name\":\"Rada Wines\",\"description\":\"Just another WordPress site\",\"publisher\":{\"@id\":\"https:\/\/www.ilovewines.vn\/#organization\"},\"potentialAction\":[{\"@type\":\"SearchAction\",\"target\":{\"@type\":\"EntryPoint\",\"urlTemplate\":\"https:\/\/www.ilovewines.vn\/?s={search_term_string}\"},\"query-input\":{\"@type\":\"PropertyValueSpecification\",\"valueRequired\":true,\"valueName\":\"search_term_string\"}}],\"inLanguage\":\"vi\"},{\"@type\":\"Organization\",\"@id\":\"https:\/\/www.ilovewines.vn\/#organization\",\"name\":\"Rada Wines\",\"url\":\"https:\/\/www.ilovewines.vn\/\",\"logo\":{\"@type\":\"ImageObject\",\"inLanguage\":\"vi\",\"@id\":\"https:\/\/www.ilovewines.vn\/#\/schema\/logo\/image\/\",\"url\":\"https:\/\/www.ilovewines.vn\/wp-content\/uploads\/2022\/06\/cropped-162574230_380766779846763_4426584222903300096_n.jpg\",\"contentUrl\":\"https:\/\/www.ilovewines.vn\/wp-content\/uploads\/2022\/06\/cropped-162574230_380766779846763_4426584222903300096_n.jpg\",\"width\":320,\"height\":206,\"caption\":\"Rada Wines\"},\"image\":{\"@id\":\"https:\/\/www.ilovewines.vn\/#\/schema\/logo\/image\/\"}}]}<\/script>\n<!-- \/ Yoast SEO plugin. -->","yoast_head_json":{"title":"Hesketh Unfinished Business Pinot Noir - Rada Wines","robots":{"index":"index","follow":"follow","max-snippet":"max-snippet:-1","max-image-preview":"max-image-preview:large","max-video-preview":"max-video-preview:-1"},"canonical":"https:\/\/www.ilovewines.vn\/vi\/san-pham\/hesketh-unfinished-business-pinot-noir-limestone-coast\/","og_locale":"vi_VN","og_type":"article","og_title":"Hesketh Unfinished Business Pinot Noir - Rada Wines","og_description":"Introducing our Vintage 2022 wine from the esteemed Limestone Coast Series. Sourced from select premium vineyards, this wine captures the essence of this renowned region with its diverse climate and geography. A perfect reflection of the Art Series range, each vineyard is carefully chosen to match the unique personality of the wine it produces.","og_url":"https:\/\/www.ilovewines.vn\/vi\/san-pham\/hesketh-unfinished-business-pinot-noir-limestone-coast\/","og_site_name":"Rada Wines","article_modified_time":"2023-08-28T13:55:45+00:00","og_image":[{"width":413,"height":1024,"url":"https:\/\/www.ilovewines.vn\/wp-content\/uploads\/2023\/06\/Hesketh-Unfinished-Business-Pinot-Noir-Media-413x1024.png","type":"image\/png"}],"twitter_card":"summary_large_image","twitter_misc":{"\u01af\u1edbc t\u00ednh th\u1eddi gian \u0111\u1ecdc":"1 ph\u00fat"},"schema":{"@context":"https:\/\/schema.org","@graph":[{"@type":"WebPage","@id":"https:\/\/www.ilovewines.vn\/product\/hesketh-unfinished-business-pinot-noir-limestone-coast\/","url":"https:\/\/www.ilovewines.vn\/product\/hesketh-unfinished-business-pinot-noir-limestone-coast\/","name":"Hesketh Unfinished Business Pinot Noir - Rada Wines","isPartOf":{"@id":"https:\/\/www.ilovewines.vn\/#website"},"primaryImageOfPage":{"@id":"https:\/\/www.ilovewines.vn\/product\/hesketh-unfinished-business-pinot-noir-limestone-coast\/#primaryimage"},"image":{"@id":"https:\/\/www.ilovewines.vn\/product\/hesketh-unfinished-business-pinot-noir-limestone-coast\/#primaryimage"},"thumbnailUrl":"https:\/\/www.ilovewines.vn\/wp-content\/uploads\/2023\/06\/Hesketh-Unfinished-Business-Pinot-Noir-Media.png","datePublished":"2023-06-15T03:13:25+00:00","dateModified":"2023-08-28T13:55:45+00:00","breadcrumb":{"@id":"https:\/\/www.ilovewines.vn\/product\/hesketh-unfinished-business-pinot-noir-limestone-coast\/#breadcrumb"},"inLanguage":"vi","potentialAction":[{"@type":"ReadAction","target":["https:\/\/www.ilovewines.vn\/product\/hesketh-unfinished-business-pinot-noir-limestone-coast\/"]}]},{"@type":"ImageObject","inLanguage":"vi","@id":"https:\/\/www.ilovewines.vn\/product\/hesketh-unfinished-business-pinot-noir-limestone-coast\/#primaryimage","url":"https:\/\/www.ilovewines.vn\/wp-content\/uploads\/2023\/06\/Hesketh-Unfinished-Business-Pinot-Noir-Media.png","contentUrl":"https:\/\/www.ilovewines.vn\/wp-content\/uploads\/2023\/06\/Hesketh-Unfinished-Business-Pinot-Noir-Media.png","width":1428,"height":3543},{"@type":"BreadcrumbList","@id":"https:\/\/www.ilovewines.vn\/product\/hesketh-unfinished-business-pinot-noir-limestone-coast\/#breadcrumb","itemListElement":[{"@type":"ListItem","position":1,"name":"Home","item":"https:\/\/www.ilovewines.vn\/"},{"@type":"ListItem","position":2,"name":"Catalogue","item":"https:\/\/www.ilovewines.vn\/catalogue\/"},{"@type":"ListItem","position":3,"name":"Hesketh Unfinished Business Pinot Noir"}]},{"@type":"WebSite","@id":"https:\/\/www.ilovewines.vn\/#website","url":"https:\/\/www.ilovewines.vn\/","name":"Rada Wines","description":"Just another WordPress site","publisher":{"@id":"https:\/\/www.ilovewines.vn\/#organization"},"potentialAction":[{"@type":"SearchAction","target":{"@type":"EntryPoint","urlTemplate":"https:\/\/www.ilovewines.vn\/?s={search_term_string}"},"query-input":{"@type":"PropertyValueSpecification","valueRequired":true,"valueName":"search_term_string"}}],"inLanguage":"vi"},{"@type":"Organization","@id":"https:\/\/www.ilovewines.vn\/#organization","name":"Rada Wines","url":"https:\/\/www.ilovewines.vn\/","logo":{"@type":"ImageObject","inLanguage":"vi","@id":"https:\/\/www.ilovewines.vn\/#\/schema\/logo\/image\/","url":"https:\/\/www.ilovewines.vn\/wp-content\/uploads\/2022\/06\/cropped-162574230_380766779846763_4426584222903300096_n.jpg","contentUrl":"https:\/\/www.ilovewines.vn\/wp-content\/uploads\/2022\/06\/cropped-162574230_380766779846763_4426584222903300096_n.jpg","width":320,"height":206,"caption":"Rada Wines"},"image":{"@id":"https:\/\/www.ilovewines.vn\/#\/schema\/logo\/image\/"}}]}},"_links":{"self":[{"href":"https:\/\/www.ilovewines.vn\/vi\/wp-json\/wp\/v2\/product\/4446","targetHints":{"allow":["GET"]}}],"collection":[{"href":"https:\/\/www.ilovewines.vn\/vi\/wp-json\/wp\/v2\/product"}],"about":[{"href":"https:\/\/www.ilovewines.vn\/vi\/wp-json\/wp\/v2\/types\/product"}],"version-history":[{"count":1,"href":"https:\/\/www.ilovewines.vn\/vi\/wp-json\/wp\/v2\/product\/4446\/revisions"}],"predecessor-version":[{"id":4475,"href":"https:\/\/www.ilovewines.vn\/vi\/wp-json\/wp\/v2\/product\/4446\/revisions\/4475"}],"wp:featuredmedia":[{"embeddable":true,"href":"https:\/\/www.ilovewines.vn\/vi\/wp-json\/wp\/v2\/media\/4454"}],"wp:attachment":[{"href":"https:\/\/www.ilovewines.vn\/vi\/wp-json\/wp\/v2\/media?parent=4446"}],"wp:term":[{"taxonomy":"product_brand","embeddable":true,"href":"https:\/\/www.ilovewines.vn\/vi\/wp-json\/wp\/v2\/product_brand?post=4446"},{"taxonomy":"product_cat","embeddable":true,"href":"https:\/\/www.ilovewines.vn\/vi\/wp-json\/wp\/v2\/product_cat?post=4446"},{"taxonomy":"product_tag","embeddable":true,"href":"https:\/\/www.ilovewines.vn\/vi\/wp-json\/wp\/v2\/product_tag?post=4446"},{"taxonomy":"grape_varietal","embeddable":true,"href":"https:\/\/www.ilovewines.vn\/vi\/wp-json\/wp\/v2\/grape_varietal?post=4446"},{"taxonomy":"wine_regions","embeddable":true,"href":"https:\/\/www.ilovewines.vn\/vi\/wp-json\/wp\/v2\/wine_regions?post=4446"}],"curies":[{"name":"wp","href":"https:\/\/api.w.org\/{rel}","templated":true}]}}