{"id":4449,"date":"2023-06-14T21:09:36","date_gmt":"2023-06-15T03:09:36","guid":{"rendered":"https:\/\/www.ilovewines.vn\/?post_type=product&#038;p=4449"},"modified":"2023-08-22T20:40:14","modified_gmt":"2023-08-23T02:40:14","slug":"hesketh-rules-of-engagement-pinot-grigio-limestone-coast","status":"publish","type":"product","link":"https:\/\/www.ilovewines.vn\/vi\/product\/hesketh-rules-of-engagement-pinot-grigio-limestone-coast\/","title":{"rendered":"Hesketh Rules Of Engagement Pinot Grigio Limestone Coast"},"content":{"rendered":"<h3>Ni\u00ean v\u1ee5 2022<\/h3>\n<p>Nho d\u00f9ng \u0111\u1ec3 s\u1ea3n xu\u00e1t cho d\u00f2ng r\u01b0\u1ee3u Limestone Coast c\u1ee7a ch\u00fang t\u00f4i \u0111\u01b0\u1ee3c l\u1ea5y t\u1eeb nh\u1eefng v\u01b0\u1eddn nho tuy\u1ec3n<br \/>\nn\u1eb1m trong\nv\u00f9ng tr\u1ed3ng nho Limestone Coast c\u00f3 ti\u1ebfng. S\u1ef1 \u0111a d\u1ea1ng v\u1ec1 m\u1eb7t\nkh\u00ed h\u1eadu<br \/>\nv\u00e0 \u0111\u1ecba l\u00fd \u0111\u00e3 khi\u1ebfn cho v\u00f9ng n\u00e0y cung c\u1ea5p nh\u1eefng tr\u00e1i nho ho\u00e0n h\u1ea3o<br \/>\ncho d\u00f2ng r\u01b0\u1ee3u Ngh\u1ec7 thu\u1eadt c\u0169ng \u0111a d\u1ea1ng kh\u00f4ng k\u00e9m.<br \/>\nC\u00e1c v\u01b0\u1eddn nho \u0111\u01b0\u1ee3c l\u1ef1a ch\u1ecdn c\u1ea9n th\u1eadn d\u1ef1a tr\u00ean s\u1ef1 ph\u00f9 h\u1ee3p c\u1ee7a ch\u00fang\n\u0111\u1ed1i v\u1edbi t\u00ednh c\u00e1ch ri\u00eang c\u1ee7a t\u1eebng lo\u1ea1i r\u01b0\u1ee3u.<br \/>\nCh\u00fang t\u00f4i t\u00ecm ki\u1ebfm c\u00e1c ti\u1ec3u v\u00f9ng \u1ea5m h\u01a1n cho vang \u0111\u1ecf v\u00e0 c\u00e1c ti\u1ec3u v\u00f9ng m\u00e1t h\u01a1n cho vang tr\u1eafng. C\u00e1c lo\u1ea1i r\u01b0\u1ee3u\n\nsau \u0111\u00f3 \u0111\u01b0\u1ee3c ch\u1ebf t\u1ea1o<br \/>\ntheo phong c\u00e1ch v\u00e0 ch\u1ea5t l\u01b0\u1ee3ng \u1ed5n \u0111\u1ecbnh, ho\u00e0n h\u1ea3o\n\u0111\u1ec3 u\u1ed1ng h\u00e0ng ng\u00e0y ho\u1eb7c d\u00e0nh cho nh\u1eefng d\u1ecbp sang tr\u1ecdng h\u01a1n.<\/p>\n<h3>H\u1eadu c\u1ea3nh<\/h3>\n<p>Gi\u1ed1ng nho Grigio m\u1ecdc r\u1ea5t t\u1ed1t trong \u0111i\u1ec1u ki\u1ec7n kh\u00ed h\u1eadu m\u00e1t m\u1ebb, v\u00ec th\u1ebf n\u00ean\n\nngu\u1ed3n cung c\u1ea5p nho cho lo\u1ea1i r\u01b0\u1ee3u n\u00e0y<br \/>\nc\u1ee7a ch\u00fang t\u00f4i \u0111\u1ebfn t\u1eeb c\u1ef1c nam c\u1ee7a v\u00f9ng B\u00e3i bi\u1ec3n\n\n\u0110\u00e1 v\u00f4i (Limestone Coast), n\u01a1i ch\u1ecbu \u1ea3nh h\u01b0\u1edfng r\u1ea5t nhi\u1ec1u c\u1ee7a<br \/>\nkh\u00ed h\u1eadu \u0111\u1ea1i d\u01b0\u01a1ng ph\u00eda Nam m\u00e1t m\u1ebb. Qu\u1ea3 thu ho\u1ea1ch \u0111\u01b0\u1ee3c c\u00f3 n\u1ed3ng \u0111\u1ed9 axit t\u1ef1 nhi\u00ean cao v\u00e0 s\u1ea1ch,<br \/>\nn\u1ed5i b\u1eadt h\u01b0\u01a1ng v\u1ecb \u0111\u1eb7c tr\u01b0ng c\u1ee7a\n\ngi\u1ed1ng nho-<br \/>\n\u0110\u00e2y ch\u00ednh l\u00e0 lo\u1ea1i r\u01b0\u1ee3u Rules of Engagement c\u1ee7a ch\u00fang t\u00f4i.<br \/>\nQu\u1ea3 nho sau khi thu ho\u1ea1ch s\u1ebd \u0111\u01b0\u1ee3c \u00e9p v\u00e0 \u0111\u1ec3 l\u1ea1nh trong v\u00f2ng 2 ng\u00e0y,<br \/>\nsau \u0111\u00f3 n\u01b0\u1edbc \u00e9p ch\u1ea3y ra t\u1eeb nho s\u1ebd \u0111\u01b0\u1ee3c l\u1ecdc v\u00e0 cho ch\u1ea3y v\u00e0o th\u00f9ng. N\u01b0\u1edbc \u00e9p nho n\u00e0y sau \u0111\u00f3\n\n\u0111\u01b0\u1ee3c l\u00ean men<br \/>\nv\u00e0 c\u1ea5t tr\u1eef trong c\u00e1c th\u00f9ng th\u00e9p kh\u00f4ng g\u1ec9 trong v\u00f2ng 4 th\u00e1ng \u0111\u1ec3 r\u01b0\u1ee3u<br \/>\ngi\u1eef \u0111\u01b0\u1ee3c h\u01b0\u01a1ng v\u1ecb hoa qu\u1ea3 t\u01b0\u01a1i n\u1ed5i b\u1eadt.<\/p>\n<h3>Th\u01b0\u1edfng th\u1ee9c<\/h3>\n<p><strong>Th\u1ecb Gi\u00e1c<\/strong>: M\u00e0u r\u01a1m nh\u1ea1t v\u1edbi \u00e1nh xanh l\u00e1 v\u00e0 v\u00e0ng chanh.<br \/>\n<strong>Kh\u1ee9u gi\u00e1c<\/strong>: M\u00f9i th\u01a1m n\u1ed3ng c\u1ee7a c\u00e1c lo\u1ea1i qu\u1ea3 trong \u0111\u00f3 c\u00f3 l\u00ea,<br \/>\nt\u00e1o c\u00f9ng ch\u00fat m\u00f9i h\u01b0\u01a1ng c\u1ee7a chanh v\u00e0ng v\u00e0 chanh xanh<br \/>\n<strong>V\u1ecb gi\u00e1c<\/strong>V\u00f2m mi\u1ec7ng c\u1ea3m nh\u1eadn \u0111\u1ed9 t\u01b0\u01a1i, gi\u00f2n v\u00e0 s\u1ea1ch v\u1edbi v\u1ecb chanh<br \/>\nh\u00f2a quy\u1ec7n nh\u1ecbp nh\u00e0ng v\u1edbi v\u1ecb \u0111\u00e0o tr\u1eafng \u0111\u1eadm \u0111\u00e0 h\u01a1n,<br \/>\ntr\u01b0\u1edbc khi c\u00f3 m\u1ed9t k\u1ebft th\u00fac k\u00e9o d\u00e0i v\u00e0 n\u1ed3ng \u0111\u1eadm.<br \/>\n<strong>M\u00f3n \u0103n k\u00e8m:<\/strong>: M\u1ef3 spaghetti s\u1ed1t carbonara t\u1ef1 n\u1ea5u t\u1ea1i nh\u00e0- th\u00eam nhi\u1ec1u th\u1ecbt l\u1ee3n ba ch\u1ec9.<\/p>\n<h3>Ph\u00e2n t\u00edch<\/h3>\n<p>N\u1ed3ng \u0111\u1ed9 c\u1ed3n: 12.5%<\/p>\n<p>\u0110\u1ed9 axit: 5.8 g\/L<\/p>\n<p>L\u01b0\u1ee3ng \u0111\u01b0\u1eddng d\u01b0: 2.6 g\/L<\/p>\n<p>\u0110\u1ed9 pH: 3.2<\/p>","protected":false},"excerpt":{"rendered":"<p>Ph\u01b0\u01a1ng ph\u00e1p tr\u1ed3ng nho b\u1ec1n v\u1eefng v\u1edbi can thi\u1ec7p t\u1ed1i thi\u1ec3u<\/p>\n<p>Gi\u1edbi thi\u1ec7u Hesketh ROE Pinot Grigio 2022, m\u1ed9t lo\u1ea1i r\u01b0\u1ee3u th\u1ec3 hi\u1ec7n b\u1ea3n ch\u1ea5t c\u1ee7a b\u1ed9 s\u01b0u t\u1eadp Art Series (S\u00ea ri Ngh\u1ec7 thu\u1eadt) c\u1ee7a ch\u00fang t\u00f4i. C\u00f3 ngu\u1ed3n g\u1ed1c t\u1eeb nh\u1eefng v\u01b0\u1eddn nho cao c\u1ea5p n\u00e9p m\u00ecnh trong v\u00f9ng Limestone Coast (B\u1edd bi\u1ec3n \u0110\u00e1 v\u00f4i) n\u1ed5i ti\u1ebfng, r\u01b0\u1ee3u th\u1ec3 hi\u1ec7n s\u1ef1 \u0111a d\u1ea1ng v\u1ec1 kh\u00ed h\u1eadu v\u00e0 \u0111\u1ecba l\u00fd c\u1ee7a khu v\u1ef1c, \u0111i\u1ec1u \u0111\u00e3 khi\u1ebfn n\u00f3 tr\u1edf th\u00e0nh ngu\u1ed3n cung c\u1ea5p nho l\u00ed t\u01b0\u1edfng cho d\u00f2ng r\u01b0\u1ee3u tinh t\u1ebf n\u00e0y c\u1ee7a ch\u00fang t\u00f4i.<\/p>","protected":false},"featured_media":4452,"template":"","meta":{"_acf_changed":false},"product_brand":[],"product_cat":[89],"product_tag":[],"grape_varietal":[2643],"wine_regions":[2644],"class_list":{"0":"post-4449","1":"product","2":"type-product","3":"status-publish","4":"has-post-thumbnail","6":"product_cat-white-wine","7":"pa_brand-hesketh","8":"grape_varietal-pinot-grigio","9":"wine_regions-limestone-coast","11":"first","12":"instock","13":"shipping-taxable","14":"product-type-simple"},"acf":[],"yoast_head":"<!-- This site is optimized with the Yoast SEO plugin v27.4 - https:\/\/yoast.com\/product\/yoast-seo-wordpress\/ -->\n<title>Hesketh Rules of Engagement Pinot Grigio Limestone Coast - Rada Wines<\/title>\n<meta name=\"robots\" content=\"index, follow, max-snippet:-1, max-image-preview:large, max-video-preview:-1\" \/>\n<link rel=\"canonical\" href=\"https:\/\/www.ilovewines.vn\/vi\/san-pham\/hesketh-rules-of-engagement-pinot-grigio-limestone-coast\/\" \/>\n<meta property=\"og:locale\" content=\"vi_VN\" \/>\n<meta property=\"og:type\" content=\"article\" \/>\n<meta property=\"og:title\" content=\"Hesketh Rules of Engagement Pinot Grigio Limestone Coast - Rada Wines\" \/>\n<meta property=\"og:description\" content=\"Sustainable Minimal Intervention Wine Growing  Introducing the Hesketh ROE Pinot Grigio 2022, a wine that embodies the essence of our Art Series collection. Sourced from premium vineyards nestled within the renowned Limestone Coast region, this wine showcases the diversity of climate and geography that makes this area an ideal fruit source for our exquisite range.\" \/>\n<meta property=\"og:url\" content=\"https:\/\/www.ilovewines.vn\/vi\/san-pham\/hesketh-rules-of-engagement-pinot-grigio-limestone-coast\/\" \/>\n<meta property=\"og:site_name\" content=\"Rada Wines\" \/>\n<meta property=\"article:modified_time\" content=\"2023-08-23T02:40:14+00:00\" \/>\n<meta property=\"og:image\" content=\"https:\/\/www.ilovewines.vn\/wp-content\/uploads\/2023\/06\/Hesketh-Rules-of-Engagement-Pinot-Grigio-Media-1-426x1024.png\" \/>\n\t<meta property=\"og:image:width\" content=\"426\" \/>\n\t<meta property=\"og:image:height\" content=\"1024\" \/>\n\t<meta property=\"og:image:type\" content=\"image\/png\" \/>\n<meta name=\"twitter:card\" content=\"summary_large_image\" \/>\n<meta name=\"twitter:label1\" content=\"\u01af\u1edbc t\u00ednh th\u1eddi gian \u0111\u1ecdc\" \/>\n\t<meta name=\"twitter:data1\" content=\"1 ph\u00fat\" \/>\n<script type=\"application\/ld+json\" class=\"yoast-schema-graph\">{\"@context\":\"https:\\\/\\\/schema.org\",\"@graph\":[{\"@type\":\"WebPage\",\"@id\":\"https:\\\/\\\/www.ilovewines.vn\\\/product\\\/hesketh-rules-of-engagement-pinot-grigio-limestone-coast\\\/\",\"url\":\"https:\\\/\\\/www.ilovewines.vn\\\/product\\\/hesketh-rules-of-engagement-pinot-grigio-limestone-coast\\\/\",\"name\":\"Hesketh Rules of Engagement Pinot Grigio Limestone Coast - Rada Wines\",\"isPartOf\":{\"@id\":\"https:\\\/\\\/www.ilovewines.vn\\\/#website\"},\"primaryImageOfPage\":{\"@id\":\"https:\\\/\\\/www.ilovewines.vn\\\/product\\\/hesketh-rules-of-engagement-pinot-grigio-limestone-coast\\\/#primaryimage\"},\"image\":{\"@id\":\"https:\\\/\\\/www.ilovewines.vn\\\/product\\\/hesketh-rules-of-engagement-pinot-grigio-limestone-coast\\\/#primaryimage\"},\"thumbnailUrl\":\"https:\\\/\\\/www.ilovewines.vn\\\/wp-content\\\/uploads\\\/2023\\\/06\\\/Hesketh-Rules-of-Engagement-Pinot-Grigio-Media-1.png\",\"datePublished\":\"2023-06-15T03:09:36+00:00\",\"dateModified\":\"2023-08-23T02:40:14+00:00\",\"breadcrumb\":{\"@id\":\"https:\\\/\\\/www.ilovewines.vn\\\/product\\\/hesketh-rules-of-engagement-pinot-grigio-limestone-coast\\\/#breadcrumb\"},\"inLanguage\":\"vi\",\"potentialAction\":[{\"@type\":\"ReadAction\",\"target\":[\"https:\\\/\\\/www.ilovewines.vn\\\/product\\\/hesketh-rules-of-engagement-pinot-grigio-limestone-coast\\\/\"]}]},{\"@type\":\"ImageObject\",\"inLanguage\":\"vi\",\"@id\":\"https:\\\/\\\/www.ilovewines.vn\\\/product\\\/hesketh-rules-of-engagement-pinot-grigio-limestone-coast\\\/#primaryimage\",\"url\":\"https:\\\/\\\/www.ilovewines.vn\\\/wp-content\\\/uploads\\\/2023\\\/06\\\/Hesketh-Rules-of-Engagement-Pinot-Grigio-Media-1.png\",\"contentUrl\":\"https:\\\/\\\/www.ilovewines.vn\\\/wp-content\\\/uploads\\\/2023\\\/06\\\/Hesketh-Rules-of-Engagement-Pinot-Grigio-Media-1.png\",\"width\":1473,\"height\":3543},{\"@type\":\"BreadcrumbList\",\"@id\":\"https:\\\/\\\/www.ilovewines.vn\\\/product\\\/hesketh-rules-of-engagement-pinot-grigio-limestone-coast\\\/#breadcrumb\",\"itemListElement\":[{\"@type\":\"ListItem\",\"position\":1,\"name\":\"Home\",\"item\":\"https:\\\/\\\/www.ilovewines.vn\\\/\"},{\"@type\":\"ListItem\",\"position\":2,\"name\":\"Catalogue\",\"item\":\"https:\\\/\\\/www.ilovewines.vn\\\/catalogue\\\/\"},{\"@type\":\"ListItem\",\"position\":3,\"name\":\"Hesketh Rules of Engagement Pinot Grigio Limestone Coast\"}]},{\"@type\":\"WebSite\",\"@id\":\"https:\\\/\\\/www.ilovewines.vn\\\/#website\",\"url\":\"https:\\\/\\\/www.ilovewines.vn\\\/\",\"name\":\"Rada Wines\",\"description\":\"Just another WordPress site\",\"publisher\":{\"@id\":\"https:\\\/\\\/www.ilovewines.vn\\\/#organization\"},\"potentialAction\":[{\"@type\":\"SearchAction\",\"target\":{\"@type\":\"EntryPoint\",\"urlTemplate\":\"https:\\\/\\\/www.ilovewines.vn\\\/?s={search_term_string}\"},\"query-input\":{\"@type\":\"PropertyValueSpecification\",\"valueRequired\":true,\"valueName\":\"search_term_string\"}}],\"inLanguage\":\"vi\"},{\"@type\":\"Organization\",\"@id\":\"https:\\\/\\\/www.ilovewines.vn\\\/#organization\",\"name\":\"Rada Wines\",\"url\":\"https:\\\/\\\/www.ilovewines.vn\\\/\",\"logo\":{\"@type\":\"ImageObject\",\"inLanguage\":\"vi\",\"@id\":\"https:\\\/\\\/www.ilovewines.vn\\\/#\\\/schema\\\/logo\\\/image\\\/\",\"url\":\"https:\\\/\\\/www.ilovewines.vn\\\/wp-content\\\/uploads\\\/2022\\\/06\\\/cropped-162574230_380766779846763_4426584222903300096_n.jpg\",\"contentUrl\":\"https:\\\/\\\/www.ilovewines.vn\\\/wp-content\\\/uploads\\\/2022\\\/06\\\/cropped-162574230_380766779846763_4426584222903300096_n.jpg\",\"width\":320,\"height\":206,\"caption\":\"Rada Wines\"},\"image\":{\"@id\":\"https:\\\/\\\/www.ilovewines.vn\\\/#\\\/schema\\\/logo\\\/image\\\/\"}}]}<\/script>\n<!-- \/ Yoast SEO plugin. -->","yoast_head_json":{"title":"Hesketh Rules of Engagement Pinot Grigio Limestone Coast - Rada Wines","robots":{"index":"index","follow":"follow","max-snippet":"max-snippet:-1","max-image-preview":"max-image-preview:large","max-video-preview":"max-video-preview:-1"},"canonical":"https:\/\/www.ilovewines.vn\/vi\/san-pham\/hesketh-rules-of-engagement-pinot-grigio-limestone-coast\/","og_locale":"vi_VN","og_type":"article","og_title":"Hesketh Rules of Engagement Pinot Grigio Limestone Coast - Rada Wines","og_description":"Sustainable Minimal Intervention Wine Growing  Introducing the Hesketh ROE Pinot Grigio 2022, a wine that embodies the essence of our Art Series collection. Sourced from premium vineyards nestled within the renowned Limestone Coast region, this wine showcases the diversity of climate and geography that makes this area an ideal fruit source for our exquisite range.","og_url":"https:\/\/www.ilovewines.vn\/vi\/san-pham\/hesketh-rules-of-engagement-pinot-grigio-limestone-coast\/","og_site_name":"Rada Wines","article_modified_time":"2023-08-23T02:40:14+00:00","og_image":[{"width":426,"height":1024,"url":"https:\/\/www.ilovewines.vn\/wp-content\/uploads\/2023\/06\/Hesketh-Rules-of-Engagement-Pinot-Grigio-Media-1-426x1024.png","type":"image\/png"}],"twitter_card":"summary_large_image","twitter_misc":{"\u01af\u1edbc t\u00ednh th\u1eddi gian \u0111\u1ecdc":"1 ph\u00fat"},"schema":{"@context":"https:\/\/schema.org","@graph":[{"@type":"WebPage","@id":"https:\/\/www.ilovewines.vn\/product\/hesketh-rules-of-engagement-pinot-grigio-limestone-coast\/","url":"https:\/\/www.ilovewines.vn\/product\/hesketh-rules-of-engagement-pinot-grigio-limestone-coast\/","name":"Hesketh Rules of Engagement Pinot Grigio Limestone Coast - Rada Wines","isPartOf":{"@id":"https:\/\/www.ilovewines.vn\/#website"},"primaryImageOfPage":{"@id":"https:\/\/www.ilovewines.vn\/product\/hesketh-rules-of-engagement-pinot-grigio-limestone-coast\/#primaryimage"},"image":{"@id":"https:\/\/www.ilovewines.vn\/product\/hesketh-rules-of-engagement-pinot-grigio-limestone-coast\/#primaryimage"},"thumbnailUrl":"https:\/\/www.ilovewines.vn\/wp-content\/uploads\/2023\/06\/Hesketh-Rules-of-Engagement-Pinot-Grigio-Media-1.png","datePublished":"2023-06-15T03:09:36+00:00","dateModified":"2023-08-23T02:40:14+00:00","breadcrumb":{"@id":"https:\/\/www.ilovewines.vn\/product\/hesketh-rules-of-engagement-pinot-grigio-limestone-coast\/#breadcrumb"},"inLanguage":"vi","potentialAction":[{"@type":"ReadAction","target":["https:\/\/www.ilovewines.vn\/product\/hesketh-rules-of-engagement-pinot-grigio-limestone-coast\/"]}]},{"@type":"ImageObject","inLanguage":"vi","@id":"https:\/\/www.ilovewines.vn\/product\/hesketh-rules-of-engagement-pinot-grigio-limestone-coast\/#primaryimage","url":"https:\/\/www.ilovewines.vn\/wp-content\/uploads\/2023\/06\/Hesketh-Rules-of-Engagement-Pinot-Grigio-Media-1.png","contentUrl":"https:\/\/www.ilovewines.vn\/wp-content\/uploads\/2023\/06\/Hesketh-Rules-of-Engagement-Pinot-Grigio-Media-1.png","width":1473,"height":3543},{"@type":"BreadcrumbList","@id":"https:\/\/www.ilovewines.vn\/product\/hesketh-rules-of-engagement-pinot-grigio-limestone-coast\/#breadcrumb","itemListElement":[{"@type":"ListItem","position":1,"name":"Home","item":"https:\/\/www.ilovewines.vn\/"},{"@type":"ListItem","position":2,"name":"Catalogue","item":"https:\/\/www.ilovewines.vn\/catalogue\/"},{"@type":"ListItem","position":3,"name":"Hesketh Rules of Engagement Pinot Grigio Limestone Coast"}]},{"@type":"WebSite","@id":"https:\/\/www.ilovewines.vn\/#website","url":"https:\/\/www.ilovewines.vn\/","name":"Rada Wines","description":"Just another WordPress site","publisher":{"@id":"https:\/\/www.ilovewines.vn\/#organization"},"potentialAction":[{"@type":"SearchAction","target":{"@type":"EntryPoint","urlTemplate":"https:\/\/www.ilovewines.vn\/?s={search_term_string}"},"query-input":{"@type":"PropertyValueSpecification","valueRequired":true,"valueName":"search_term_string"}}],"inLanguage":"vi"},{"@type":"Organization","@id":"https:\/\/www.ilovewines.vn\/#organization","name":"Rada Wines","url":"https:\/\/www.ilovewines.vn\/","logo":{"@type":"ImageObject","inLanguage":"vi","@id":"https:\/\/www.ilovewines.vn\/#\/schema\/logo\/image\/","url":"https:\/\/www.ilovewines.vn\/wp-content\/uploads\/2022\/06\/cropped-162574230_380766779846763_4426584222903300096_n.jpg","contentUrl":"https:\/\/www.ilovewines.vn\/wp-content\/uploads\/2022\/06\/cropped-162574230_380766779846763_4426584222903300096_n.jpg","width":320,"height":206,"caption":"Rada Wines"},"image":{"@id":"https:\/\/www.ilovewines.vn\/#\/schema\/logo\/image\/"}}]}},"_links":{"self":[{"href":"https:\/\/www.ilovewines.vn\/vi\/wp-json\/wp\/v2\/product\/4449","targetHints":{"allow":["GET"]}}],"collection":[{"href":"https:\/\/www.ilovewines.vn\/vi\/wp-json\/wp\/v2\/product"}],"about":[{"href":"https:\/\/www.ilovewines.vn\/vi\/wp-json\/wp\/v2\/types\/product"}],"version-history":[{"count":0,"href":"https:\/\/www.ilovewines.vn\/vi\/wp-json\/wp\/v2\/product\/4449\/revisions"}],"wp:featuredmedia":[{"embeddable":true,"href":"https:\/\/www.ilovewines.vn\/vi\/wp-json\/wp\/v2\/media\/4452"}],"wp:attachment":[{"href":"https:\/\/www.ilovewines.vn\/vi\/wp-json\/wp\/v2\/media?parent=4449"}],"wp:term":[{"taxonomy":"product_brand","embeddable":true,"href":"https:\/\/www.ilovewines.vn\/vi\/wp-json\/wp\/v2\/product_brand?post=4449"},{"taxonomy":"product_cat","embeddable":true,"href":"https:\/\/www.ilovewines.vn\/vi\/wp-json\/wp\/v2\/product_cat?post=4449"},{"taxonomy":"product_tag","embeddable":true,"href":"https:\/\/www.ilovewines.vn\/vi\/wp-json\/wp\/v2\/product_tag?post=4449"},{"taxonomy":"grape_varietal","embeddable":true,"href":"https:\/\/www.ilovewines.vn\/vi\/wp-json\/wp\/v2\/grape_varietal?post=4449"},{"taxonomy":"wine_regions","embeddable":true,"href":"https:\/\/www.ilovewines.vn\/vi\/wp-json\/wp\/v2\/wine_regions?post=4449"}],"curies":[{"name":"wp","href":"https:\/\/api.w.org\/{rel}","templated":true}]}}