{"id":4461,"date":"2023-06-14T21:56:44","date_gmt":"2023-06-15T03:56:44","guid":{"rendered":"https:\/\/www.ilovewines.vn\/?post_type=product&#038;p=4461"},"modified":"2026-03-29T20:37:25","modified_gmt":"2026-03-30T02:37:25","slug":"queen-adelaide-moscato-750ml","status":"publish","type":"product","link":"https:\/\/www.ilovewines.vn\/vi\/product\/queen-adelaide-moscato-750ml\/","title":{"rendered":"Queen Adelaide Moscato"},"content":{"rendered":"<p>&nbsp;<\/p>\n<p><img fetchpriority=\"high\" decoding=\"async\" class=\"alignnone size-medium wp-image-4456\" src=\"https:\/\/www.ilovewines.vn\/wp-content\/uploads\/2023\/06\/Queen-Adelaide-logo-and-signature-300x224.png\" alt=\"\" width=\"300\" height=\"224\" srcset=\"https:\/\/www.ilovewines.vn\/wp-content\/uploads\/2023\/06\/Queen-Adelaide-logo-and-signature-300x224.png 300w, https:\/\/www.ilovewines.vn\/wp-content\/uploads\/2023\/06\/Queen-Adelaide-logo-and-signature-500x373.png 500w, https:\/\/www.ilovewines.vn\/wp-content\/uploads\/2023\/06\/Queen-Adelaide-logo-and-signature-700x522.png 700w, https:\/\/www.ilovewines.vn\/wp-content\/uploads\/2023\/06\/Queen-Adelaide-logo-and-signature-768x572.png 768w, https:\/\/www.ilovewines.vn\/wp-content\/uploads\/2023\/06\/Queen-Adelaide-logo-and-signature-16x12.png 16w, https:\/\/www.ilovewines.vn\/wp-content\/uploads\/2023\/06\/Queen-Adelaide-logo-and-signature-200x149.png 200w, https:\/\/www.ilovewines.vn\/wp-content\/uploads\/2023\/06\/Queen-Adelaide-logo-and-signature-400x298.png 400w, https:\/\/www.ilovewines.vn\/wp-content\/uploads\/2023\/06\/Queen-Adelaide-logo-and-signature-600x447.png 600w, https:\/\/www.ilovewines.vn\/wp-content\/uploads\/2023\/06\/Queen-Adelaide-logo-and-signature-800x596.png 800w, https:\/\/www.ilovewines.vn\/wp-content\/uploads\/2023\/06\/Queen-Adelaide-logo-and-signature.png 957w\" sizes=\"(max-width: 300px) 100vw, 300px\" \/><\/p>\n<p>Moscato l\u00e0 gi\u1ed1ng nho Muscat (m\u1ed9t lo\u1ea1i nho d\u00f9ng \u0111\u1ec3 l\u00e0m r\u01b0\u1ee3u vang \u0111\u00e3 d\u01b0\u1ee3c tr\u1ed3ng t\u1eeb r\u1ea5t l\u00e2u), cho ra th\u00e0nh ph\u1ea9m vang s\u1ee7i nh\u1eb9,<br \/>\n\u0111\u1ed9 c\u1ed3n th\u1ea5p, v\u1ecb ng\u1ecdt, vang nh\u1eb9 m\u00e0u tr\u1eafng.\nH\u00e3y th\u01b0\u1edfng th\u1ee9c v\u1ecb ng\u1ecdt c\u1ee7a Queen Adelaide Moscato,<br \/>\nv\u1edbi h\u01b0\u01a1ng th\u01a1m nh\u1eb9 nh\u00e0ng v\u00e0 h\u01b0\u01a1ng v\u1ecb tr\u00e1i c\u00e2y k\u1ebft th\u00fac,<br \/>\nlo\u1ea1i r\u01b0\u1ee3u n\u00e0y \u0111\u01b0\u1ee3c k\u1ebft h\u1ee3p tuy\u1ec7t v\u1eddi v\u1edbi th\u1ee9c \u0103n cay nh\u01b0 c\u00e0 ri<br \/>\nhay c\u00e1c m\u00f3n \u0103n c\u00f3 h\u01b0\u01a1ng v\u1ecb \u0111\u1eadm \u0111\u00e0. V\u00ec n\u00f3 ng\u1ecdt ng\u00e0o, b\u1ea1n c\u0169ng c\u00f3 th\u1ec3 th\u01b0\u1edfng th\u1ee9c<br \/>\nQueen Adelaide Moscato nh\u01b0 r\u01b0\u1ee3u khai v\u1ecb. D\u00f9ng ngon nh\u1ea5t khi \u0111\u01b0\u1ee3c \u01b0\u1edbp l\u1ea1nh.<\/p>\n<p>Ni\u00ean v\u1ee5<\/p>\n<p>NV<br \/>\nKh\u1ee9u gi\u00e1c<\/p>\n<p>B\u00f3 hoa th\u01a1m n\u1ed3ng n\u00e0n tr\u1ed9n l\u1eabn h\u01b0\u01a1ng v\u1ecb c\u1ee7a n\u01b0\u1edbc hoa h\u1ed3ng<\/p>\n<p>V\u1ecb gi\u00e1c<\/p>\n<p>M\u1ecdng n\u01b0\u1edbc v\u00e0 ng\u1ecdt ng\u00e0o.<\/p>\n<p>V\u00f9ng tr\u1ed3ng<\/p>\n<p>\u0110\u00f4ng Nam \u00dac<\/p>\n<p>N\u1ed3ng \u0111\u1ed9 c\u1ed3n: 8.4%<\/p>","protected":false},"excerpt":{"rendered":"<p>Queen Adelaide \u0111\u00e3 tr\u1edf th\u00e0nh h\u00e3ng r\u01b0\u1ee3u uy t\u00edn t\u1ea1i n\u01b0\u1edbc \u00dac k\u1ec3 t\u1eeb n\u0103m 1963. L\u00e0 g\u01b0\u01a1ng m\u1eb7t tr\u1ebb trung c\u1ee7a m\u1ed9t di s\u1ea3n \u0111\u00e1ng k\u00ednh n\u1ec3, Adelaide ch\u00ednh l\u00e0 N\u1eef ho\u00e0ng c\u1ee7a K\u1ec9 nguy\u00ean m\u1edbi. N\u0103m 1836, nh\u1eefng ng\u01b0\u1eddi di d\u00e2n \u0111\u1ea7u ti\u00ean \u0111\u1eb7t ch\u00e2n \u0111\u1ebfn mi\u1ec1n Nam n\u01b0\u1edbc \u00dac v\u00e0 Th\u1ed1ng \u0111\u1ed1c m\u1edbi, Thuy\u1ec1n tr\u01b0\u1edfng John Hindmarsh, \u0111\u00e3 y\u00eau c\u1ea7u \u0111\u01b0\u1ee3c \u0111\u1eb7t t\u00ean cho th\u00e0nh ph\u1ed1 m\u1edbi theo t\u00ean Vua William IV c\u1ee7a n\u01b0\u1edbc Anh. Nh\u00e0 vua \u0111\u00e3 g\u1ee3i \u00fd h\u1ecd \u0111\u1eb7t t\u00ean th\u00e0nh ph\u1ed1 l\u00e0 'Adelaide' theo t\u00ean Ho\u00e0ng h\u1eadu c\u1ee7a \u00f4ng, \u0111\u1ed3ng th\u1eddi \u0111\u1eb7t t\u00ean tuy\u1ebfn ph\u1ed1 ch\u00ednh theo t\u00ean nh\u00e0 Vua William.<\/p>","protected":false},"featured_media":4462,"template":"","meta":{"_acf_changed":false},"product_brand":[],"product_cat":[2578],"product_tag":[],"grape_varietal":[2625],"wine_regions":[2652],"class_list":{"0":"post-4461","1":"product","2":"type-product","3":"status-publish","4":"has-post-thumbnail","6":"product_cat-sweet-wine","7":"pa_brand-queen-adelaide","8":"grape_varietal-muscat","9":"wine_regions-south-eastern-australia","11":"first","12":"instock","13":"shipping-taxable","14":"product-type-simple"},"acf":[],"yoast_head":"<!-- This site is optimized with the Yoast SEO plugin v27.1.1 - https:\/\/yoast.com\/product\/yoast-seo-wordpress\/ -->\n<title>Queen Adelaide Moscato - Rada Wines<\/title>\n<meta name=\"robots\" content=\"index, follow, max-snippet:-1, max-image-preview:large, max-video-preview:-1\" \/>\n<link rel=\"canonical\" href=\"https:\/\/www.ilovewines.vn\/vi\/san-pham\/queen-adelaide-moscato-750ml\/\" \/>\n<meta property=\"og:locale\" content=\"vi_VN\" \/>\n<meta property=\"og:type\" content=\"article\" \/>\n<meta property=\"og:title\" content=\"Queen Adelaide Moscato - Rada Wines\" \/>\n<meta property=\"og:description\" content=\"Queen Adelaide has been a trusted brand in Australia since 1963. The fresh young face of a distinguished heritage, Adelaide truly is a new Queen for a new era. In 1836, the first settlers arrived in South Australia and the new Governor, Captain John Hindmarsh requested permission to name the new city after King William IV of England. The King suggested it be named \u2018Adelaide\u2019 after his Queen, and the main street was given the name of King William.\" \/>\n<meta property=\"og:url\" content=\"https:\/\/www.ilovewines.vn\/vi\/san-pham\/queen-adelaide-moscato-750ml\/\" \/>\n<meta property=\"og:site_name\" content=\"Rada Wines\" \/>\n<meta property=\"article:modified_time\" content=\"2026-03-30T02:37:25+00:00\" \/>\n<meta property=\"og:image\" content=\"https:\/\/www.ilovewines.vn\/wp-content\/uploads\/2023\/06\/Queen-Adeliade-Moscato.png\" \/>\n\t<meta property=\"og:image:width\" content=\"358\" \/>\n\t<meta property=\"og:image:height\" content=\"753\" \/>\n\t<meta property=\"og:image:type\" content=\"image\/png\" \/>\n<meta name=\"twitter:card\" content=\"summary_large_image\" \/>\n<meta name=\"twitter:label1\" content=\"\u01af\u1edbc t\u00ednh th\u1eddi gian \u0111\u1ecdc\" \/>\n\t<meta name=\"twitter:data1\" content=\"1 ph\u00fat\" \/>\n<script type=\"application\/ld+json\" class=\"yoast-schema-graph\">{\"@context\":\"https:\/\/schema.org\",\"@graph\":[{\"@type\":\"WebPage\",\"@id\":\"https:\/\/www.ilovewines.vn\/product\/queen-adelaide-moscato-750ml\/\",\"url\":\"https:\/\/www.ilovewines.vn\/product\/queen-adelaide-moscato-750ml\/\",\"name\":\"Queen Adelaide Moscato - Rada Wines\",\"isPartOf\":{\"@id\":\"https:\/\/www.ilovewines.vn\/#website\"},\"primaryImageOfPage\":{\"@id\":\"https:\/\/www.ilovewines.vn\/product\/queen-adelaide-moscato-750ml\/#primaryimage\"},\"image\":{\"@id\":\"https:\/\/www.ilovewines.vn\/product\/queen-adelaide-moscato-750ml\/#primaryimage\"},\"thumbnailUrl\":\"https:\/\/www.ilovewines.vn\/wp-content\/uploads\/2023\/06\/Queen-Adeliade-Moscato.png\",\"datePublished\":\"2023-06-15T03:56:44+00:00\",\"dateModified\":\"2026-03-30T02:37:25+00:00\",\"breadcrumb\":{\"@id\":\"https:\/\/www.ilovewines.vn\/product\/queen-adelaide-moscato-750ml\/#breadcrumb\"},\"inLanguage\":\"vi\",\"potentialAction\":[{\"@type\":\"ReadAction\",\"target\":[\"https:\/\/www.ilovewines.vn\/product\/queen-adelaide-moscato-750ml\/\"]}]},{\"@type\":\"ImageObject\",\"inLanguage\":\"vi\",\"@id\":\"https:\/\/www.ilovewines.vn\/product\/queen-adelaide-moscato-750ml\/#primaryimage\",\"url\":\"https:\/\/www.ilovewines.vn\/wp-content\/uploads\/2023\/06\/Queen-Adeliade-Moscato.png\",\"contentUrl\":\"https:\/\/www.ilovewines.vn\/wp-content\/uploads\/2023\/06\/Queen-Adeliade-Moscato.png\",\"width\":358,\"height\":753},{\"@type\":\"BreadcrumbList\",\"@id\":\"https:\/\/www.ilovewines.vn\/product\/queen-adelaide-moscato-750ml\/#breadcrumb\",\"itemListElement\":[{\"@type\":\"ListItem\",\"position\":1,\"name\":\"Home\",\"item\":\"https:\/\/www.ilovewines.vn\/\"},{\"@type\":\"ListItem\",\"position\":2,\"name\":\"Catalogue\",\"item\":\"https:\/\/www.ilovewines.vn\/catalogue\/\"},{\"@type\":\"ListItem\",\"position\":3,\"name\":\"Queen Adelaide Moscato\"}]},{\"@type\":\"WebSite\",\"@id\":\"https:\/\/www.ilovewines.vn\/#website\",\"url\":\"https:\/\/www.ilovewines.vn\/\",\"name\":\"Rada Wines\",\"description\":\"Just another WordPress site\",\"publisher\":{\"@id\":\"https:\/\/www.ilovewines.vn\/#organization\"},\"potentialAction\":[{\"@type\":\"SearchAction\",\"target\":{\"@type\":\"EntryPoint\",\"urlTemplate\":\"https:\/\/www.ilovewines.vn\/?s={search_term_string}\"},\"query-input\":{\"@type\":\"PropertyValueSpecification\",\"valueRequired\":true,\"valueName\":\"search_term_string\"}}],\"inLanguage\":\"vi\"},{\"@type\":\"Organization\",\"@id\":\"https:\/\/www.ilovewines.vn\/#organization\",\"name\":\"Rada Wines\",\"url\":\"https:\/\/www.ilovewines.vn\/\",\"logo\":{\"@type\":\"ImageObject\",\"inLanguage\":\"vi\",\"@id\":\"https:\/\/www.ilovewines.vn\/#\/schema\/logo\/image\/\",\"url\":\"https:\/\/www.ilovewines.vn\/wp-content\/uploads\/2022\/06\/cropped-162574230_380766779846763_4426584222903300096_n.jpg\",\"contentUrl\":\"https:\/\/www.ilovewines.vn\/wp-content\/uploads\/2022\/06\/cropped-162574230_380766779846763_4426584222903300096_n.jpg\",\"width\":320,\"height\":206,\"caption\":\"Rada Wines\"},\"image\":{\"@id\":\"https:\/\/www.ilovewines.vn\/#\/schema\/logo\/image\/\"}}]}<\/script>\n<!-- \/ Yoast SEO plugin. -->","yoast_head_json":{"title":"Queen Adelaide Moscato - Rada Wines","robots":{"index":"index","follow":"follow","max-snippet":"max-snippet:-1","max-image-preview":"max-image-preview:large","max-video-preview":"max-video-preview:-1"},"canonical":"https:\/\/www.ilovewines.vn\/vi\/san-pham\/queen-adelaide-moscato-750ml\/","og_locale":"vi_VN","og_type":"article","og_title":"Queen Adelaide Moscato - Rada Wines","og_description":"Queen Adelaide has been a trusted brand in Australia since 1963. The fresh young face of a distinguished heritage, Adelaide truly is a new Queen for a new era. In 1836, the first settlers arrived in South Australia and the new Governor, Captain John Hindmarsh requested permission to name the new city after King William IV of England. The King suggested it be named \u2018Adelaide\u2019 after his Queen, and the main street was given the name of King William.","og_url":"https:\/\/www.ilovewines.vn\/vi\/san-pham\/queen-adelaide-moscato-750ml\/","og_site_name":"Rada Wines","article_modified_time":"2026-03-30T02:37:25+00:00","og_image":[{"width":358,"height":753,"url":"https:\/\/www.ilovewines.vn\/wp-content\/uploads\/2023\/06\/Queen-Adeliade-Moscato.png","type":"image\/png"}],"twitter_card":"summary_large_image","twitter_misc":{"\u01af\u1edbc t\u00ednh th\u1eddi gian \u0111\u1ecdc":"1 ph\u00fat"},"schema":{"@context":"https:\/\/schema.org","@graph":[{"@type":"WebPage","@id":"https:\/\/www.ilovewines.vn\/product\/queen-adelaide-moscato-750ml\/","url":"https:\/\/www.ilovewines.vn\/product\/queen-adelaide-moscato-750ml\/","name":"Queen Adelaide Moscato - Rada Wines","isPartOf":{"@id":"https:\/\/www.ilovewines.vn\/#website"},"primaryImageOfPage":{"@id":"https:\/\/www.ilovewines.vn\/product\/queen-adelaide-moscato-750ml\/#primaryimage"},"image":{"@id":"https:\/\/www.ilovewines.vn\/product\/queen-adelaide-moscato-750ml\/#primaryimage"},"thumbnailUrl":"https:\/\/www.ilovewines.vn\/wp-content\/uploads\/2023\/06\/Queen-Adeliade-Moscato.png","datePublished":"2023-06-15T03:56:44+00:00","dateModified":"2026-03-30T02:37:25+00:00","breadcrumb":{"@id":"https:\/\/www.ilovewines.vn\/product\/queen-adelaide-moscato-750ml\/#breadcrumb"},"inLanguage":"vi","potentialAction":[{"@type":"ReadAction","target":["https:\/\/www.ilovewines.vn\/product\/queen-adelaide-moscato-750ml\/"]}]},{"@type":"ImageObject","inLanguage":"vi","@id":"https:\/\/www.ilovewines.vn\/product\/queen-adelaide-moscato-750ml\/#primaryimage","url":"https:\/\/www.ilovewines.vn\/wp-content\/uploads\/2023\/06\/Queen-Adeliade-Moscato.png","contentUrl":"https:\/\/www.ilovewines.vn\/wp-content\/uploads\/2023\/06\/Queen-Adeliade-Moscato.png","width":358,"height":753},{"@type":"BreadcrumbList","@id":"https:\/\/www.ilovewines.vn\/product\/queen-adelaide-moscato-750ml\/#breadcrumb","itemListElement":[{"@type":"ListItem","position":1,"name":"Home","item":"https:\/\/www.ilovewines.vn\/"},{"@type":"ListItem","position":2,"name":"Catalogue","item":"https:\/\/www.ilovewines.vn\/catalogue\/"},{"@type":"ListItem","position":3,"name":"Queen Adelaide Moscato"}]},{"@type":"WebSite","@id":"https:\/\/www.ilovewines.vn\/#website","url":"https:\/\/www.ilovewines.vn\/","name":"Rada Wines","description":"Just another WordPress site","publisher":{"@id":"https:\/\/www.ilovewines.vn\/#organization"},"potentialAction":[{"@type":"SearchAction","target":{"@type":"EntryPoint","urlTemplate":"https:\/\/www.ilovewines.vn\/?s={search_term_string}"},"query-input":{"@type":"PropertyValueSpecification","valueRequired":true,"valueName":"search_term_string"}}],"inLanguage":"vi"},{"@type":"Organization","@id":"https:\/\/www.ilovewines.vn\/#organization","name":"Rada Wines","url":"https:\/\/www.ilovewines.vn\/","logo":{"@type":"ImageObject","inLanguage":"vi","@id":"https:\/\/www.ilovewines.vn\/#\/schema\/logo\/image\/","url":"https:\/\/www.ilovewines.vn\/wp-content\/uploads\/2022\/06\/cropped-162574230_380766779846763_4426584222903300096_n.jpg","contentUrl":"https:\/\/www.ilovewines.vn\/wp-content\/uploads\/2022\/06\/cropped-162574230_380766779846763_4426584222903300096_n.jpg","width":320,"height":206,"caption":"Rada Wines"},"image":{"@id":"https:\/\/www.ilovewines.vn\/#\/schema\/logo\/image\/"}}]}},"_links":{"self":[{"href":"https:\/\/www.ilovewines.vn\/vi\/wp-json\/wp\/v2\/product\/4461","targetHints":{"allow":["GET"]}}],"collection":[{"href":"https:\/\/www.ilovewines.vn\/vi\/wp-json\/wp\/v2\/product"}],"about":[{"href":"https:\/\/www.ilovewines.vn\/vi\/wp-json\/wp\/v2\/types\/product"}],"version-history":[{"count":3,"href":"https:\/\/www.ilovewines.vn\/vi\/wp-json\/wp\/v2\/product\/4461\/revisions"}],"predecessor-version":[{"id":7136,"href":"https:\/\/www.ilovewines.vn\/vi\/wp-json\/wp\/v2\/product\/4461\/revisions\/7136"}],"wp:featuredmedia":[{"embeddable":true,"href":"https:\/\/www.ilovewines.vn\/vi\/wp-json\/wp\/v2\/media\/4462"}],"wp:attachment":[{"href":"https:\/\/www.ilovewines.vn\/vi\/wp-json\/wp\/v2\/media?parent=4461"}],"wp:term":[{"taxonomy":"product_brand","embeddable":true,"href":"https:\/\/www.ilovewines.vn\/vi\/wp-json\/wp\/v2\/product_brand?post=4461"},{"taxonomy":"product_cat","embeddable":true,"href":"https:\/\/www.ilovewines.vn\/vi\/wp-json\/wp\/v2\/product_cat?post=4461"},{"taxonomy":"product_tag","embeddable":true,"href":"https:\/\/www.ilovewines.vn\/vi\/wp-json\/wp\/v2\/product_tag?post=4461"},{"taxonomy":"grape_varietal","embeddable":true,"href":"https:\/\/www.ilovewines.vn\/vi\/wp-json\/wp\/v2\/grape_varietal?post=4461"},{"taxonomy":"wine_regions","embeddable":true,"href":"https:\/\/www.ilovewines.vn\/vi\/wp-json\/wp\/v2\/wine_regions?post=4461"}],"curies":[{"name":"wp","href":"https:\/\/api.w.org\/{rel}","templated":true}]}}