{"id":4671,"date":"2023-07-30T22:33:55","date_gmt":"2023-07-31T04:33:55","guid":{"rendered":"https:\/\/www.ilovewines.vn\/?post_type=product&#038;p=4671"},"modified":"2023-12-27T02:24:37","modified_gmt":"2023-12-27T09:24:37","slug":"hewitson-madame-m-cabernet","status":"publish","type":"product","link":"https:\/\/www.ilovewines.vn\/vi\/product\/hewitson-madame-m-cabernet\/","title":{"rendered":"Hewitson Madame M Cabernet"},"content":{"rendered":"<h3>Th\u01b0\u1edfng th\u1ee9c<\/h3>\n<p>Th\u1ecb gi\u00e1c: M\u00e0u \u0111\u1ecf \u0111\u1eadm v\u1edbi s\u1eafc t\u00edm s\u00e1ng.<\/p>\n<p>Kh\u1ee9u gi\u00e1c: Qu\u1ea3 m\u1ecdng s\u1eabm m\u00e0u, qu\u1ea3 l\u00ed \u0111en, s\u00f4 c\u00f4 la \u0111en, h\u01b0\u01a1ng l\u00e1 c\u00e2y.<\/p>\n<p>V\u00f2m mi\u1ec7ng: nhi\u1ec1u kh\u1ea5u c\u1ea3n v\u00e0 nhi\u1ec1u t\u1ea7ng v\u1edbi v\u1ecb qu\u1ea3 s\u1eabm m\u00e0u v\u00e0 m\u1ed9t k\u1ebft th\u00fac tr\u00f2n \u0111\u1ea7y.<\/p>\n<h3>Ghi ch\u00fa c\u1ee7a Nh\u00e0 s\u1ea3n xu\u1ea5t<\/h3>\n<p>Ni\u00ean v\u1ee5: 2021<\/p>\n<p>Gi\u1ed1ng nho: 100% Cabernet Sauvignon<\/p>\n<p>V\u00f9ng tr\u1ed3ng: Thung l\u0169ng Barossa, Nam \u00dac<\/p>\n<p>T\u00ean v\u00f9ng r\u01b0\u1ee3u: Dorrien<\/p>\n<p>V\u01b0\u1eddn nho: Dorrien Vineyard<\/p>\n<p>\u0110\u1ed9 cao so v\u1edbi m\u1ef1c n\u01b0\u1edbc bi\u1ec3n: 260m<\/p>\n<p>\u0110\u1ea5t tr\u1ed3ng: \u0110\u1ea5t m\u00f9n s\u00e2u tr\u00ean \u0111\u00e1 v\u00f4i<\/p>\n<p>Tu\u1ed5i nho: 40 n\u0103m<\/p>\n<p>H\u1ec7 th\u1ed1ng canh t\u00e1c: L\u00e0m gi\u00e0n, d\u00e2y t\u00e1n, h\u00e0ng b\u1eafc nam<\/p>\n<p>M\u1eadt \u0111\u1ed9 nho: 2,400\/Ha<\/p>\n<p>Ph\u01b0\u01a1ng ph\u00e1p canh t\u00e1c: T\u01b0\u1edbi nh\u1ecf gi\u1ecdt t\u1ed1i thi\u1ec3u, tr\u1ed3ng c\u1ecf l\u00faa m\u1ea1ch \u0111en gi\u1eefa c\u00e1c h\u00e0ng, c\u1eaft t\u1ec9a b\u1eb1ng tay<\/p>\n<p>S\u1ea3n l\u01b0\u1ee3ng: 4 t\u1ea5n\/Ha; 30HL\/Ha<\/p>\n<p>Thu ho\u1ea1ch: 9 th\u00e1ng 4<\/p>\n<p>Qu\u00e1 tr\u00ecnh l\u00ean men: 20% nguy\u00ean ch\u00f9m v\u00e0 80% \u0111\u00e3 nghi\u1ec1n n\u00e1t, ng\u1eaft cu\u1ed1ng; nguy\u00ean v\u1ecf trong b\u1ed1n tu\u1ea7n sau khi ng\u00e2m n\u01b0\u1edbc l\u1ea1nh\/remontage (b\u01a1m n\u01b0\u1edbc \u00e9p l\u00ean v\u1ecf trong qu\u00e1 tr\u00ecnh ng\u00e2m\/l\u00ean men)<\/p>\n<p>\u1ee6: 11 th\u00e1ng trong th\u00f9ng g\u1ed7 s\u1ed9i Ph\u00e1p t\u01b0\u01a1i \u0111\u01b0\u1ee3c t\u1ea9m \u01b0\u1edbp<\/p>\n<p>Ph\u00e2n t\u00edch; \u0110\u1ed9 pH: 3.56  \u0110\u1ed9 c\u1ed3n: 14.5%<br \/>\nL\u01b0\u1ee3ng Axit: 6.1g\/L  \u0110\u01b0\u1eddng: 0.2g\/L<\/p>","protected":false},"excerpt":{"rendered":"<p>Madame M l\u00e0 m\u1ed9t chai vang \u0111\u1ea7y quy\u1ebfn r\u0169, thanh l\u1ecbch, m\u1ea1nh m\u1ebd v\u00e0 duy\u00ean d\u00e1ng. Ai l\u00e0 Madame M c\u1ee7a b\u1ea1n?<\/p>","protected":false},"featured_media":5100,"template":"","meta":{"_acf_changed":false},"product_brand":[],"product_cat":[87,93],"product_tag":[],"grape_varietal":[2467,2477],"wine_regions":[2417],"class_list":{"0":"post-4671","1":"product","2":"type-product","3":"status-publish","4":"has-post-thumbnail","6":"product_cat-red-wine","7":"product_cat-wine","8":"pa_brand-hewitson","9":"grape_varietal-cabernet-sauvignon","10":"grape_varietal-red","11":"wine_regions-barossa-valley","13":"first","14":"instock","15":"shipping-taxable","16":"product-type-simple"},"acf":[],"yoast_head":"<!-- This site is optimized with the Yoast SEO plugin v27.4 - https:\/\/yoast.com\/product\/yoast-seo-wordpress\/ -->\n<title>Hewitson Madame M Cabernet - Rada Wines<\/title>\n<meta name=\"robots\" content=\"index, follow, max-snippet:-1, max-image-preview:large, max-video-preview:-1\" \/>\n<link rel=\"canonical\" href=\"https:\/\/www.ilovewines.vn\/vi\/san-pham\/hewitson-madame-m-cabernet\/\" \/>\n<meta property=\"og:locale\" content=\"vi_VN\" \/>\n<meta property=\"og:type\" content=\"article\" \/>\n<meta property=\"og:title\" content=\"Hewitson Madame M Cabernet - Rada Wines\" \/>\n<meta property=\"og:description\" content=\"Madame M is a wine with charm, elegance, power and grace. Who is your Madame M?\" \/>\n<meta property=\"og:url\" content=\"https:\/\/www.ilovewines.vn\/vi\/san-pham\/hewitson-madame-m-cabernet\/\" \/>\n<meta property=\"og:site_name\" content=\"Rada Wines\" \/>\n<meta property=\"article:modified_time\" content=\"2023-12-27T09:24:37+00:00\" \/>\n<meta property=\"og:image\" content=\"https:\/\/www.ilovewines.vn\/wp-content\/uploads\/2023\/07\/2021MadameMCabernetSauvignonBottle-e1703668360405.jpg\" \/>\n\t<meta property=\"og:image:width\" content=\"200\" \/>\n\t<meta property=\"og:image:height\" content=\"626\" \/>\n\t<meta property=\"og:image:type\" content=\"image\/jpeg\" \/>\n<meta name=\"twitter:card\" content=\"summary_large_image\" \/>\n<meta name=\"twitter:label1\" content=\"\u01af\u1edbc t\u00ednh th\u1eddi gian \u0111\u1ecdc\" \/>\n\t<meta name=\"twitter:data1\" content=\"1 ph\u00fat\" \/>\n<script type=\"application\/ld+json\" class=\"yoast-schema-graph\">{\"@context\":\"https:\\\/\\\/schema.org\",\"@graph\":[{\"@type\":\"WebPage\",\"@id\":\"https:\\\/\\\/www.ilovewines.vn\\\/product\\\/hewitson-madame-m-cabernet\\\/\",\"url\":\"https:\\\/\\\/www.ilovewines.vn\\\/product\\\/hewitson-madame-m-cabernet\\\/\",\"name\":\"Hewitson Madame M Cabernet - Rada Wines\",\"isPartOf\":{\"@id\":\"https:\\\/\\\/www.ilovewines.vn\\\/#website\"},\"primaryImageOfPage\":{\"@id\":\"https:\\\/\\\/www.ilovewines.vn\\\/product\\\/hewitson-madame-m-cabernet\\\/#primaryimage\"},\"image\":{\"@id\":\"https:\\\/\\\/www.ilovewines.vn\\\/product\\\/hewitson-madame-m-cabernet\\\/#primaryimage\"},\"thumbnailUrl\":\"https:\\\/\\\/www.ilovewines.vn\\\/wp-content\\\/uploads\\\/2023\\\/07\\\/2021MadameMCabernetSauvignonBottle-e1703668360405.jpg\",\"datePublished\":\"2023-07-31T04:33:55+00:00\",\"dateModified\":\"2023-12-27T09:24:37+00:00\",\"breadcrumb\":{\"@id\":\"https:\\\/\\\/www.ilovewines.vn\\\/product\\\/hewitson-madame-m-cabernet\\\/#breadcrumb\"},\"inLanguage\":\"vi\",\"potentialAction\":[{\"@type\":\"ReadAction\",\"target\":[\"https:\\\/\\\/www.ilovewines.vn\\\/product\\\/hewitson-madame-m-cabernet\\\/\"]}]},{\"@type\":\"ImageObject\",\"inLanguage\":\"vi\",\"@id\":\"https:\\\/\\\/www.ilovewines.vn\\\/product\\\/hewitson-madame-m-cabernet\\\/#primaryimage\",\"url\":\"https:\\\/\\\/www.ilovewines.vn\\\/wp-content\\\/uploads\\\/2023\\\/07\\\/2021MadameMCabernetSauvignonBottle-e1703668360405.jpg\",\"contentUrl\":\"https:\\\/\\\/www.ilovewines.vn\\\/wp-content\\\/uploads\\\/2023\\\/07\\\/2021MadameMCabernetSauvignonBottle-e1703668360405.jpg\",\"width\":200,\"height\":626},{\"@type\":\"BreadcrumbList\",\"@id\":\"https:\\\/\\\/www.ilovewines.vn\\\/product\\\/hewitson-madame-m-cabernet\\\/#breadcrumb\",\"itemListElement\":[{\"@type\":\"ListItem\",\"position\":1,\"name\":\"Home\",\"item\":\"https:\\\/\\\/www.ilovewines.vn\\\/\"},{\"@type\":\"ListItem\",\"position\":2,\"name\":\"Catalogue\",\"item\":\"https:\\\/\\\/www.ilovewines.vn\\\/catalogue\\\/\"},{\"@type\":\"ListItem\",\"position\":3,\"name\":\"Hewitson Madame M Cabernet\"}]},{\"@type\":\"WebSite\",\"@id\":\"https:\\\/\\\/www.ilovewines.vn\\\/#website\",\"url\":\"https:\\\/\\\/www.ilovewines.vn\\\/\",\"name\":\"Rada Wines\",\"description\":\"Just another WordPress site\",\"publisher\":{\"@id\":\"https:\\\/\\\/www.ilovewines.vn\\\/#organization\"},\"potentialAction\":[{\"@type\":\"SearchAction\",\"target\":{\"@type\":\"EntryPoint\",\"urlTemplate\":\"https:\\\/\\\/www.ilovewines.vn\\\/?s={search_term_string}\"},\"query-input\":{\"@type\":\"PropertyValueSpecification\",\"valueRequired\":true,\"valueName\":\"search_term_string\"}}],\"inLanguage\":\"vi\"},{\"@type\":\"Organization\",\"@id\":\"https:\\\/\\\/www.ilovewines.vn\\\/#organization\",\"name\":\"Rada Wines\",\"url\":\"https:\\\/\\\/www.ilovewines.vn\\\/\",\"logo\":{\"@type\":\"ImageObject\",\"inLanguage\":\"vi\",\"@id\":\"https:\\\/\\\/www.ilovewines.vn\\\/#\\\/schema\\\/logo\\\/image\\\/\",\"url\":\"https:\\\/\\\/www.ilovewines.vn\\\/wp-content\\\/uploads\\\/2022\\\/06\\\/cropped-162574230_380766779846763_4426584222903300096_n.jpg\",\"contentUrl\":\"https:\\\/\\\/www.ilovewines.vn\\\/wp-content\\\/uploads\\\/2022\\\/06\\\/cropped-162574230_380766779846763_4426584222903300096_n.jpg\",\"width\":320,\"height\":206,\"caption\":\"Rada Wines\"},\"image\":{\"@id\":\"https:\\\/\\\/www.ilovewines.vn\\\/#\\\/schema\\\/logo\\\/image\\\/\"}}]}<\/script>\n<!-- \/ Yoast SEO plugin. -->","yoast_head_json":{"title":"Hewitson Madame M Cabernet - Rada Wines","robots":{"index":"index","follow":"follow","max-snippet":"max-snippet:-1","max-image-preview":"max-image-preview:large","max-video-preview":"max-video-preview:-1"},"canonical":"https:\/\/www.ilovewines.vn\/vi\/san-pham\/hewitson-madame-m-cabernet\/","og_locale":"vi_VN","og_type":"article","og_title":"Hewitson Madame M Cabernet - Rada Wines","og_description":"Madame M is a wine with charm, elegance, power and grace. Who is your Madame M?","og_url":"https:\/\/www.ilovewines.vn\/vi\/san-pham\/hewitson-madame-m-cabernet\/","og_site_name":"Rada Wines","article_modified_time":"2023-12-27T09:24:37+00:00","og_image":[{"width":200,"height":626,"url":"https:\/\/www.ilovewines.vn\/wp-content\/uploads\/2023\/07\/2021MadameMCabernetSauvignonBottle-e1703668360405.jpg","type":"image\/jpeg"}],"twitter_card":"summary_large_image","twitter_misc":{"\u01af\u1edbc t\u00ednh th\u1eddi gian \u0111\u1ecdc":"1 ph\u00fat"},"schema":{"@context":"https:\/\/schema.org","@graph":[{"@type":"WebPage","@id":"https:\/\/www.ilovewines.vn\/product\/hewitson-madame-m-cabernet\/","url":"https:\/\/www.ilovewines.vn\/product\/hewitson-madame-m-cabernet\/","name":"Hewitson Madame M Cabernet - Rada Wines","isPartOf":{"@id":"https:\/\/www.ilovewines.vn\/#website"},"primaryImageOfPage":{"@id":"https:\/\/www.ilovewines.vn\/product\/hewitson-madame-m-cabernet\/#primaryimage"},"image":{"@id":"https:\/\/www.ilovewines.vn\/product\/hewitson-madame-m-cabernet\/#primaryimage"},"thumbnailUrl":"https:\/\/www.ilovewines.vn\/wp-content\/uploads\/2023\/07\/2021MadameMCabernetSauvignonBottle-e1703668360405.jpg","datePublished":"2023-07-31T04:33:55+00:00","dateModified":"2023-12-27T09:24:37+00:00","breadcrumb":{"@id":"https:\/\/www.ilovewines.vn\/product\/hewitson-madame-m-cabernet\/#breadcrumb"},"inLanguage":"vi","potentialAction":[{"@type":"ReadAction","target":["https:\/\/www.ilovewines.vn\/product\/hewitson-madame-m-cabernet\/"]}]},{"@type":"ImageObject","inLanguage":"vi","@id":"https:\/\/www.ilovewines.vn\/product\/hewitson-madame-m-cabernet\/#primaryimage","url":"https:\/\/www.ilovewines.vn\/wp-content\/uploads\/2023\/07\/2021MadameMCabernetSauvignonBottle-e1703668360405.jpg","contentUrl":"https:\/\/www.ilovewines.vn\/wp-content\/uploads\/2023\/07\/2021MadameMCabernetSauvignonBottle-e1703668360405.jpg","width":200,"height":626},{"@type":"BreadcrumbList","@id":"https:\/\/www.ilovewines.vn\/product\/hewitson-madame-m-cabernet\/#breadcrumb","itemListElement":[{"@type":"ListItem","position":1,"name":"Home","item":"https:\/\/www.ilovewines.vn\/"},{"@type":"ListItem","position":2,"name":"Catalogue","item":"https:\/\/www.ilovewines.vn\/catalogue\/"},{"@type":"ListItem","position":3,"name":"Hewitson Madame M Cabernet"}]},{"@type":"WebSite","@id":"https:\/\/www.ilovewines.vn\/#website","url":"https:\/\/www.ilovewines.vn\/","name":"Rada Wines","description":"Just another WordPress site","publisher":{"@id":"https:\/\/www.ilovewines.vn\/#organization"},"potentialAction":[{"@type":"SearchAction","target":{"@type":"EntryPoint","urlTemplate":"https:\/\/www.ilovewines.vn\/?s={search_term_string}"},"query-input":{"@type":"PropertyValueSpecification","valueRequired":true,"valueName":"search_term_string"}}],"inLanguage":"vi"},{"@type":"Organization","@id":"https:\/\/www.ilovewines.vn\/#organization","name":"Rada Wines","url":"https:\/\/www.ilovewines.vn\/","logo":{"@type":"ImageObject","inLanguage":"vi","@id":"https:\/\/www.ilovewines.vn\/#\/schema\/logo\/image\/","url":"https:\/\/www.ilovewines.vn\/wp-content\/uploads\/2022\/06\/cropped-162574230_380766779846763_4426584222903300096_n.jpg","contentUrl":"https:\/\/www.ilovewines.vn\/wp-content\/uploads\/2022\/06\/cropped-162574230_380766779846763_4426584222903300096_n.jpg","width":320,"height":206,"caption":"Rada Wines"},"image":{"@id":"https:\/\/www.ilovewines.vn\/#\/schema\/logo\/image\/"}}]}},"_links":{"self":[{"href":"https:\/\/www.ilovewines.vn\/vi\/wp-json\/wp\/v2\/product\/4671","targetHints":{"allow":["GET"]}}],"collection":[{"href":"https:\/\/www.ilovewines.vn\/vi\/wp-json\/wp\/v2\/product"}],"about":[{"href":"https:\/\/www.ilovewines.vn\/vi\/wp-json\/wp\/v2\/types\/product"}],"version-history":[{"count":1,"href":"https:\/\/www.ilovewines.vn\/vi\/wp-json\/wp\/v2\/product\/4671\/revisions"}],"predecessor-version":[{"id":5101,"href":"https:\/\/www.ilovewines.vn\/vi\/wp-json\/wp\/v2\/product\/4671\/revisions\/5101"}],"wp:featuredmedia":[{"embeddable":true,"href":"https:\/\/www.ilovewines.vn\/vi\/wp-json\/wp\/v2\/media\/5100"}],"wp:attachment":[{"href":"https:\/\/www.ilovewines.vn\/vi\/wp-json\/wp\/v2\/media?parent=4671"}],"wp:term":[{"taxonomy":"product_brand","embeddable":true,"href":"https:\/\/www.ilovewines.vn\/vi\/wp-json\/wp\/v2\/product_brand?post=4671"},{"taxonomy":"product_cat","embeddable":true,"href":"https:\/\/www.ilovewines.vn\/vi\/wp-json\/wp\/v2\/product_cat?post=4671"},{"taxonomy":"product_tag","embeddable":true,"href":"https:\/\/www.ilovewines.vn\/vi\/wp-json\/wp\/v2\/product_tag?post=4671"},{"taxonomy":"grape_varietal","embeddable":true,"href":"https:\/\/www.ilovewines.vn\/vi\/wp-json\/wp\/v2\/grape_varietal?post=4671"},{"taxonomy":"wine_regions","embeddable":true,"href":"https:\/\/www.ilovewines.vn\/vi\/wp-json\/wp\/v2\/wine_regions?post=4671"}],"curies":[{"name":"wp","href":"https:\/\/api.w.org\/{rel}","templated":true}]}}