{"id":4809,"date":"2023-10-10T23:17:05","date_gmt":"2023-10-11T05:17:05","guid":{"rendered":"https:\/\/www.ilovewines.vn\/?post_type=product&#038;p=4809"},"modified":"2023-11-22T00:45:48","modified_gmt":"2023-11-22T07:45:48","slug":"hesketh-wild-at-heart-rose","status":"publish","type":"product","link":"https:\/\/www.ilovewines.vn\/vi\/product\/hesketh-wild-at-heart-rose\/","title":{"rendered":"Hesketh \u2018Wild at heart\u2019 Ros\u00e9 'Tr\u00e1i tim hoang d\u00e3'"},"content":{"rendered":"<h3>Ni\u00ean v\u1ee5 2022<\/h3>\n<p>Nh\u1eefng tr\u00e1i nho d\u00f9ng cho d\u00f2ng r\u01b0\u1ee3u Art Series c\u1ee7a ch\u00fang t\u00f4i \u0111\u01b0\u1ee3c tuy\u1ec3n l\u1ef1a t\u1eeb nh\u1eefng v\u01b0\u1eddn nho ch\u1ea5t l\u01b0\u1ee3ng cao trong v\u00f9ng tr\u1ed3ng nho Limestone Coast. S\u1ef1 \u0111a d\u1ea1ng v\u1ec1 kh\u00ed h\u1eadu c\u0169ng nh\u01b0 \u0111\u1ecba l\u00ed \u0111\u00e3 t\u1ea1o n\u00ean nh\u1eefng tr\u00e1i nho ho\u00e0n h\u1ea3o cho d\u00f2ng r\u01b0\u1ee3u vang Art Series phong ph\u00fa n\u00e0y.T\u1eebng v\u01b0\u1eddn nho \u0111\u01b0\u1ee3c l\u1ef1a ch\u1ecdn c\u1ea9n th\u1eadn d\u1ef1a tr\u00ean t\u00ednh b\u1ec1n v\u1eefng c\u1ee7a ch\u00fang cho t\u1eebng phong c\u00e1ch r\u01b0\u1ee3u kh\u00e1c nhau. Ch\u00fang t\u00f4i ch\u1ecdn nho \u0111\u1ecf \u1edf nh\u1eefng ti\u1ec3u v\u00f9ng \u1ea5m \u00e1p h\u01a1n v\u00e0 nho l\u00e0m vang tr\u1eafng \u1edf nh\u1eefng ti\u1ec3u v\u00f9ng m\u00e1t m\u1ebb h\u01a1n. C\u00e1c lo\u1ea1i r\u01b0\u1ee3u sau \u0111\u00f3 \u0111\u01b0\u1ee3c ch\u1ebf t\u00e1c theo nh\u1eefng phong c\u00e1ch v\u00e0 ch\u1ea5t l\u01b0\u1ee3ng ri\u00eang, khi\u1ebfn ch\u00fang tr\u1edf n\u00ean ho\u00e0n h\u1ea3o \u0111\u1ec3 th\u01b0\u1edfng th\u1ee9c h\u00e0ng ng\u00e0y c\u0169ng nh\u01b0 d\u00e0nh cho nh\u1eefng d\u1ecbp \u0111\u1eb7c bi\u1ec7t.<\/p>\n<h3>H\u1eadu c\u1ea3nh<\/h3>\n<p>R\u01b0\u1ee3u vang h\u1ed3ng 'Tr\u00e1i tim hoang d\u00e3' ni\u00ean v\u1ee5 2022 c\u1ee7a ch\u00fang t\u00f4i \u0111\u01b0\u1ee3c l\u00e0m t\u1eeb n\u01b0\u1edbc \u00e9p nho theo ph\u01b0\u01a1ng ph\u00e1p ch\u1ea3y t\u1ef1 nhi\u00ean t\u1eeb nho \u0111\u01b0\u1ee3c tr\u1ed3ng t\u1eeb ti\u1ec3u khu Wrattonbully c\u1ee7a v\u00f9ng Limestone Coast. Ch\u1ea5t l\u01b0\u1ee3ng sang tr\u1ecdng, tinh t\u1ebf c\u1ee7a nho l\u00e0 l\u1ef1a ch\u1ecdn ho\u00e0n h\u1ea3o \u0111\u1ec3 t\u1ea1o ra m\u1ed9t lo\u1ea1i vang h\u1ed3ng kh\u00f4, th\u01a1m v\u00e0 gi\u00f2n. Nho \u0111\u01b0\u1ee3c l\u00ean men khi c\u00f2n nguy\u00ean v\u1ecf trong th\u00f9ng th\u00e9p kh\u00f4ng g\u1ec9 trong th\u1eddi gian ng\u1eafn \u0111\u1ec3 \u0111\u1ea1t m\u00e0u ph\u1ea5n h\u1ed3ng ho\u00e0n h\u1ea3o. \u0110\u01b0\u1ee3c l\u00ean men cho t\u1edbi khi r\u01b0\u1ee3u kh\u00f4, lo\u1ea1i vang h\u1ed3ng n\u00e0y gi\u1eef \u0111\u01b0\u1ee3c v\u1ecb tr\u00e1i c\u00e2y thanh thu\u1ea7n gi\u1ed1ng nh\u01b0 t\u00ean g\u1ecdi c\u1ee7a m\u00ecnh v\u1eady, n\u00f3 mang m\u1ed9t \"Tr\u00e1i tim hoang d\u00e3\" v\u1edbi \u0111\u1ed9 chua s\u00e1ng, t\u1ea1o n\u00ean m\u1ed9t k\u1ebft th\u00fac t\u01b0\u01a1i m\u1edbi v\u00e0 r\u1ed9n r\u00e3.<\/p>\n<h3>C\u1ea3m quan<\/h3>\n<p>Th\u1ecb gi\u00e1c: M\u00e0u h\u1ed3ng nh\u1ea1t.<\/p>\n<p>Kh\u1ee9u gi\u00e1c: Th\u01a1m n\u1ed3ng n\u00e0n v\u1edbi nh\u1eefng n\u1ed1t h\u01b0\u01a1ng t\u00e1o xanh v\u00e0 cam chanh<\/p>\n<p>V\u1ecb gi\u00e1c: \u0110\u1ed9 axit m\u1ea1nh m\u1ebd k\u1ebft h\u1ee3p nh\u1ecbp nh\u00e0ng v\u1edbi tr\u00e1i c\u00e2y t\u1ef1 nhi\u00ean t\u01b0\u01a1i s\u00e1ng t\u1ea1o n\u00ean m\u1ed9t c\u1ea5u tr\u00fac t\u1ed5ng th\u1ec3 xu\u1ea5t s\u1eafc. Ch\u00fat h\u01b0\u01a1ng v\u1ecb c\u1ee7a \u0111\u00e0o, t\u00e1o v\u00e0 b\u01b0\u1edfi t\u1ea1o n\u00ean m\u1ed9t k\u1ebft th\u00fac kh\u00f4 gi\u00f2n.<\/p>\n<p>\u1ea8m th\u1ef1c k\u1ebft h\u1ee3p: L\u00e0 lo\u1ea1i r\u01b0\u1ee3u khai v\u1ecb ho\u00e0n h\u1ea3o!<\/p>\n<h3>Ph\u00e2n t\u00edch<\/h3>\n<p>\u0110\u1ed9 c\u1ed3n: 12.5% L\u01b0\u1ee3ng axit: 6.6 g\/L<br \/>\nL\u01b0\u1ee3ng \u0111\u01b0\u1eddng d\u01b0: 2.7g\/L \u0110\u1ed9 pH: 3.21<\/p>\n<p><img decoding=\"async\" class=\"alignnone size-full wp-image-4811\" src=\"https:\/\/www.ilovewines.vn\/wp-content\/uploads\/2023\/10\/Screenshot-2023-10-11-121247.png\" alt=\"\" width=\"205\" height=\"57\" srcset=\"https:\/\/www.ilovewines.vn\/wp-content\/uploads\/2023\/10\/Screenshot-2023-10-11-121247.png 205w, https:\/\/www.ilovewines.vn\/wp-content\/uploads\/2023\/10\/Screenshot-2023-10-11-121247-18x5.png 18w, https:\/\/www.ilovewines.vn\/wp-content\/uploads\/2023\/10\/Screenshot-2023-10-11-121247-200x56.png 200w\" sizes=\"(max-width: 205px) 100vw, 205px\" \/><img decoding=\"async\" class=\"alignnone size-full wp-image-4813\" src=\"https:\/\/www.ilovewines.vn\/wp-content\/uploads\/2023\/10\/Screenshot-2023-10-11-121608.png\" alt=\"\" width=\"65\" height=\"62\" srcset=\"https:\/\/www.ilovewines.vn\/wp-content\/uploads\/2023\/10\/Screenshot-2023-10-11-121608.png 65w, https:\/\/www.ilovewines.vn\/wp-content\/uploads\/2023\/10\/Screenshot-2023-10-11-121608-13x12.png 13w\" sizes=\"(max-width: 65px) 100vw, 65px\" \/><\/p>","protected":false},"excerpt":{"rendered":"<p>Vintage 2022 Grapes for our Art Series wines are sourced from a selection of premium vineyards within the renowned Limestone Coast growing region. The diversity in climate and geography makes it the perfect fruit source for the equally diverse Art Series range. Vineyards are carefully selected based on their suitability for each wine&#8217;s individual personality. [&hellip;]<\/p>\n","protected":false},"featured_media":4810,"template":"","meta":{"_acf_changed":false},"product_brand":[],"product_cat":[88,93],"product_tag":[],"grape_varietal":[2575],"wine_regions":[2644],"class_list":{"0":"post-4809","1":"product","2":"type-product","3":"status-publish","4":"has-post-thumbnail","6":"product_cat-rose","7":"product_cat-wine","8":"pa_brand-hesketh","9":"grape_varietal-rose","10":"wine_regions-limestone-coast","12":"first","13":"instock","14":"shipping-taxable","15":"product-type-simple"},"acf":[],"yoast_head":"<!-- This site is optimized with the Yoast SEO plugin v27.4 - https:\/\/yoast.com\/product\/yoast-seo-wordpress\/ -->\n<title>Hesketh &#039;Wild at heart&#039; Ros\u00e9 - Rada Wines<\/title>\n<meta name=\"robots\" content=\"index, follow, max-snippet:-1, max-image-preview:large, max-video-preview:-1\" \/>\n<link rel=\"canonical\" href=\"https:\/\/www.ilovewines.vn\/vi\/san-pham\/hesketh-wild-at-heart-rose\/\" \/>\n<meta property=\"og:locale\" content=\"vi_VN\" \/>\n<meta property=\"og:type\" content=\"article\" \/>\n<meta property=\"og:title\" content=\"Hesketh &#039;Wild at heart&#039; Ros\u00e9 - Rada Wines\" \/>\n<meta property=\"og:description\" content=\"Vintage 2022 Grapes for our Art Series wines are sourced from a selection of premium vineyards within the renowned Limestone Coast growing region. The diversity in climate and geography makes it the perfect fruit source for the equally diverse Art Series range. Vineyards are carefully selected based on their suitability for each wine&#8217;s individual personality. [&hellip;]\" \/>\n<meta property=\"og:url\" content=\"https:\/\/www.ilovewines.vn\/vi\/san-pham\/hesketh-wild-at-heart-rose\/\" \/>\n<meta property=\"og:site_name\" content=\"Rada Wines\" \/>\n<meta property=\"article:modified_time\" content=\"2023-11-22T07:45:48+00:00\" \/>\n<meta property=\"og:image\" content=\"https:\/\/www.ilovewines.vn\/wp-content\/uploads\/2023\/10\/Hesketh-Wild-at-Heart-Rose.webp\" \/>\n\t<meta property=\"og:image:width\" content=\"713\" \/>\n\t<meta property=\"og:image:height\" content=\"1070\" \/>\n\t<meta property=\"og:image:type\" content=\"image\/webp\" \/>\n<meta name=\"twitter:card\" content=\"summary_large_image\" \/>\n<meta name=\"twitter:label1\" content=\"\u01af\u1edbc t\u00ednh th\u1eddi gian \u0111\u1ecdc\" \/>\n\t<meta name=\"twitter:data1\" content=\"1 ph\u00fat\" \/>\n<script type=\"application\/ld+json\" class=\"yoast-schema-graph\">{\"@context\":\"https:\\\/\\\/schema.org\",\"@graph\":[{\"@type\":\"WebPage\",\"@id\":\"https:\\\/\\\/www.ilovewines.vn\\\/product\\\/hesketh-wild-at-heart-rose\\\/\",\"url\":\"https:\\\/\\\/www.ilovewines.vn\\\/product\\\/hesketh-wild-at-heart-rose\\\/\",\"name\":\"Hesketh 'Wild at heart' Ros\u00e9 - Rada Wines\",\"isPartOf\":{\"@id\":\"https:\\\/\\\/www.ilovewines.vn\\\/#website\"},\"primaryImageOfPage\":{\"@id\":\"https:\\\/\\\/www.ilovewines.vn\\\/product\\\/hesketh-wild-at-heart-rose\\\/#primaryimage\"},\"image\":{\"@id\":\"https:\\\/\\\/www.ilovewines.vn\\\/product\\\/hesketh-wild-at-heart-rose\\\/#primaryimage\"},\"thumbnailUrl\":\"https:\\\/\\\/www.ilovewines.vn\\\/wp-content\\\/uploads\\\/2023\\\/10\\\/Hesketh-Wild-at-Heart-Rose.webp\",\"datePublished\":\"2023-10-11T05:17:05+00:00\",\"dateModified\":\"2023-11-22T07:45:48+00:00\",\"breadcrumb\":{\"@id\":\"https:\\\/\\\/www.ilovewines.vn\\\/product\\\/hesketh-wild-at-heart-rose\\\/#breadcrumb\"},\"inLanguage\":\"vi\",\"potentialAction\":[{\"@type\":\"ReadAction\",\"target\":[\"https:\\\/\\\/www.ilovewines.vn\\\/product\\\/hesketh-wild-at-heart-rose\\\/\"]}]},{\"@type\":\"ImageObject\",\"inLanguage\":\"vi\",\"@id\":\"https:\\\/\\\/www.ilovewines.vn\\\/product\\\/hesketh-wild-at-heart-rose\\\/#primaryimage\",\"url\":\"https:\\\/\\\/www.ilovewines.vn\\\/wp-content\\\/uploads\\\/2023\\\/10\\\/Hesketh-Wild-at-Heart-Rose.webp\",\"contentUrl\":\"https:\\\/\\\/www.ilovewines.vn\\\/wp-content\\\/uploads\\\/2023\\\/10\\\/Hesketh-Wild-at-Heart-Rose.webp\",\"width\":713,\"height\":1070},{\"@type\":\"BreadcrumbList\",\"@id\":\"https:\\\/\\\/www.ilovewines.vn\\\/product\\\/hesketh-wild-at-heart-rose\\\/#breadcrumb\",\"itemListElement\":[{\"@type\":\"ListItem\",\"position\":1,\"name\":\"Home\",\"item\":\"https:\\\/\\\/www.ilovewines.vn\\\/\"},{\"@type\":\"ListItem\",\"position\":2,\"name\":\"Catalogue\",\"item\":\"https:\\\/\\\/www.ilovewines.vn\\\/catalogue\\\/\"},{\"@type\":\"ListItem\",\"position\":3,\"name\":\"Hesketh &#8216;Wild at heart&#8217; Ros\u00e9\"}]},{\"@type\":\"WebSite\",\"@id\":\"https:\\\/\\\/www.ilovewines.vn\\\/#website\",\"url\":\"https:\\\/\\\/www.ilovewines.vn\\\/\",\"name\":\"Rada Wines\",\"description\":\"Just another WordPress site\",\"publisher\":{\"@id\":\"https:\\\/\\\/www.ilovewines.vn\\\/#organization\"},\"potentialAction\":[{\"@type\":\"SearchAction\",\"target\":{\"@type\":\"EntryPoint\",\"urlTemplate\":\"https:\\\/\\\/www.ilovewines.vn\\\/?s={search_term_string}\"},\"query-input\":{\"@type\":\"PropertyValueSpecification\",\"valueRequired\":true,\"valueName\":\"search_term_string\"}}],\"inLanguage\":\"vi\"},{\"@type\":\"Organization\",\"@id\":\"https:\\\/\\\/www.ilovewines.vn\\\/#organization\",\"name\":\"Rada Wines\",\"url\":\"https:\\\/\\\/www.ilovewines.vn\\\/\",\"logo\":{\"@type\":\"ImageObject\",\"inLanguage\":\"vi\",\"@id\":\"https:\\\/\\\/www.ilovewines.vn\\\/#\\\/schema\\\/logo\\\/image\\\/\",\"url\":\"https:\\\/\\\/www.ilovewines.vn\\\/wp-content\\\/uploads\\\/2022\\\/06\\\/cropped-162574230_380766779846763_4426584222903300096_n.jpg\",\"contentUrl\":\"https:\\\/\\\/www.ilovewines.vn\\\/wp-content\\\/uploads\\\/2022\\\/06\\\/cropped-162574230_380766779846763_4426584222903300096_n.jpg\",\"width\":320,\"height\":206,\"caption\":\"Rada Wines\"},\"image\":{\"@id\":\"https:\\\/\\\/www.ilovewines.vn\\\/#\\\/schema\\\/logo\\\/image\\\/\"}}]}<\/script>\n<!-- \/ Yoast SEO plugin. -->","yoast_head_json":{"title":"Hesketh 'Wild at heart' Ros\u00e9 - Rada Wines","robots":{"index":"index","follow":"follow","max-snippet":"max-snippet:-1","max-image-preview":"max-image-preview:large","max-video-preview":"max-video-preview:-1"},"canonical":"https:\/\/www.ilovewines.vn\/vi\/san-pham\/hesketh-wild-at-heart-rose\/","og_locale":"vi_VN","og_type":"article","og_title":"Hesketh 'Wild at heart' Ros\u00e9 - Rada Wines","og_description":"Vintage 2022 Grapes for our Art Series wines are sourced from a selection of premium vineyards within the renowned Limestone Coast growing region. The diversity in climate and geography makes it the perfect fruit source for the equally diverse Art Series range. Vineyards are carefully selected based on their suitability for each wine&#8217;s individual personality. [&hellip;]","og_url":"https:\/\/www.ilovewines.vn\/vi\/san-pham\/hesketh-wild-at-heart-rose\/","og_site_name":"Rada Wines","article_modified_time":"2023-11-22T07:45:48+00:00","og_image":[{"width":713,"height":1070,"url":"https:\/\/www.ilovewines.vn\/wp-content\/uploads\/2023\/10\/Hesketh-Wild-at-Heart-Rose.webp","type":"image\/webp"}],"twitter_card":"summary_large_image","twitter_misc":{"\u01af\u1edbc t\u00ednh th\u1eddi gian \u0111\u1ecdc":"1 ph\u00fat"},"schema":{"@context":"https:\/\/schema.org","@graph":[{"@type":"WebPage","@id":"https:\/\/www.ilovewines.vn\/product\/hesketh-wild-at-heart-rose\/","url":"https:\/\/www.ilovewines.vn\/product\/hesketh-wild-at-heart-rose\/","name":"Hesketh 'Wild at heart' Ros\u00e9 - Rada Wines","isPartOf":{"@id":"https:\/\/www.ilovewines.vn\/#website"},"primaryImageOfPage":{"@id":"https:\/\/www.ilovewines.vn\/product\/hesketh-wild-at-heart-rose\/#primaryimage"},"image":{"@id":"https:\/\/www.ilovewines.vn\/product\/hesketh-wild-at-heart-rose\/#primaryimage"},"thumbnailUrl":"https:\/\/www.ilovewines.vn\/wp-content\/uploads\/2023\/10\/Hesketh-Wild-at-Heart-Rose.webp","datePublished":"2023-10-11T05:17:05+00:00","dateModified":"2023-11-22T07:45:48+00:00","breadcrumb":{"@id":"https:\/\/www.ilovewines.vn\/product\/hesketh-wild-at-heart-rose\/#breadcrumb"},"inLanguage":"vi","potentialAction":[{"@type":"ReadAction","target":["https:\/\/www.ilovewines.vn\/product\/hesketh-wild-at-heart-rose\/"]}]},{"@type":"ImageObject","inLanguage":"vi","@id":"https:\/\/www.ilovewines.vn\/product\/hesketh-wild-at-heart-rose\/#primaryimage","url":"https:\/\/www.ilovewines.vn\/wp-content\/uploads\/2023\/10\/Hesketh-Wild-at-Heart-Rose.webp","contentUrl":"https:\/\/www.ilovewines.vn\/wp-content\/uploads\/2023\/10\/Hesketh-Wild-at-Heart-Rose.webp","width":713,"height":1070},{"@type":"BreadcrumbList","@id":"https:\/\/www.ilovewines.vn\/product\/hesketh-wild-at-heart-rose\/#breadcrumb","itemListElement":[{"@type":"ListItem","position":1,"name":"Home","item":"https:\/\/www.ilovewines.vn\/"},{"@type":"ListItem","position":2,"name":"Catalogue","item":"https:\/\/www.ilovewines.vn\/catalogue\/"},{"@type":"ListItem","position":3,"name":"Hesketh &#8216;Wild at heart&#8217; Ros\u00e9"}]},{"@type":"WebSite","@id":"https:\/\/www.ilovewines.vn\/#website","url":"https:\/\/www.ilovewines.vn\/","name":"Rada Wines","description":"Just another WordPress site","publisher":{"@id":"https:\/\/www.ilovewines.vn\/#organization"},"potentialAction":[{"@type":"SearchAction","target":{"@type":"EntryPoint","urlTemplate":"https:\/\/www.ilovewines.vn\/?s={search_term_string}"},"query-input":{"@type":"PropertyValueSpecification","valueRequired":true,"valueName":"search_term_string"}}],"inLanguage":"vi"},{"@type":"Organization","@id":"https:\/\/www.ilovewines.vn\/#organization","name":"Rada Wines","url":"https:\/\/www.ilovewines.vn\/","logo":{"@type":"ImageObject","inLanguage":"vi","@id":"https:\/\/www.ilovewines.vn\/#\/schema\/logo\/image\/","url":"https:\/\/www.ilovewines.vn\/wp-content\/uploads\/2022\/06\/cropped-162574230_380766779846763_4426584222903300096_n.jpg","contentUrl":"https:\/\/www.ilovewines.vn\/wp-content\/uploads\/2022\/06\/cropped-162574230_380766779846763_4426584222903300096_n.jpg","width":320,"height":206,"caption":"Rada Wines"},"image":{"@id":"https:\/\/www.ilovewines.vn\/#\/schema\/logo\/image\/"}}]}},"_links":{"self":[{"href":"https:\/\/www.ilovewines.vn\/vi\/wp-json\/wp\/v2\/product\/4809","targetHints":{"allow":["GET"]}}],"collection":[{"href":"https:\/\/www.ilovewines.vn\/vi\/wp-json\/wp\/v2\/product"}],"about":[{"href":"https:\/\/www.ilovewines.vn\/vi\/wp-json\/wp\/v2\/types\/product"}],"version-history":[{"count":1,"href":"https:\/\/www.ilovewines.vn\/vi\/wp-json\/wp\/v2\/product\/4809\/revisions"}],"predecessor-version":[{"id":4817,"href":"https:\/\/www.ilovewines.vn\/vi\/wp-json\/wp\/v2\/product\/4809\/revisions\/4817"}],"wp:featuredmedia":[{"embeddable":true,"href":"https:\/\/www.ilovewines.vn\/vi\/wp-json\/wp\/v2\/media\/4810"}],"wp:attachment":[{"href":"https:\/\/www.ilovewines.vn\/vi\/wp-json\/wp\/v2\/media?parent=4809"}],"wp:term":[{"taxonomy":"product_brand","embeddable":true,"href":"https:\/\/www.ilovewines.vn\/vi\/wp-json\/wp\/v2\/product_brand?post=4809"},{"taxonomy":"product_cat","embeddable":true,"href":"https:\/\/www.ilovewines.vn\/vi\/wp-json\/wp\/v2\/product_cat?post=4809"},{"taxonomy":"product_tag","embeddable":true,"href":"https:\/\/www.ilovewines.vn\/vi\/wp-json\/wp\/v2\/product_tag?post=4809"},{"taxonomy":"grape_varietal","embeddable":true,"href":"https:\/\/www.ilovewines.vn\/vi\/wp-json\/wp\/v2\/grape_varietal?post=4809"},{"taxonomy":"wine_regions","embeddable":true,"href":"https:\/\/www.ilovewines.vn\/vi\/wp-json\/wp\/v2\/wine_regions?post=4809"}],"curies":[{"name":"wp","href":"https:\/\/api.w.org\/{rel}","templated":true}]}}