{"id":4924,"date":"2023-11-15T02:45:23","date_gmt":"2023-11-15T09:45:23","guid":{"rendered":"https:\/\/www.ilovewines.vn\/?post_type=product&#038;p=4924"},"modified":"2024-04-03T23:55:56","modified_gmt":"2024-04-04T05:55:56","slug":"mcwilliams-inheritance-shiraz","status":"publish","type":"product","link":"https:\/\/www.ilovewines.vn\/vi\/product\/mcwilliams-inheritance-shiraz\/","title":{"rendered":"McWilliam\u2019s Inheritance Shiraz"},"content":{"rendered":"<p>T\u1ed4NG QUAN<\/p>\n<p>L\u00e0 lo\u1ea1i vang c\u00f3 \u0111\u1ed9 \u0111\u1eadm trung b\u00ecnh, c\u00f3 \u0111\u1eb7c t\u00ednh d\u1ecbu nh\u1eb9, \u1ebbo dai, m\u1ecdng n\u01b0\u1edbc, c\u00f9ng v\u1edbi h\u01b0\u01a1ng th\u01a1m ph\u1ee9c h\u1ee3p.<\/p>\n<p>TH\u1eca GI\u00c1C<\/p>\n<p>\u0110\u1ecf s\u1eabm<\/p>\n<p>KH\u1ee8U GI\u00c1C<\/p>\n<p>D\u1eady h\u01b0\u01a1ng th\u01a1m c\u1ee7a m\u00e2m x\u00f4i \u0111\u1ecf v\u00e0 m\u1eadn, c\u00f9ng nh\u1eefng n\u1ed1t h\u01b0\u01a1ng h\u1ea1t ti\u00eau cay v\u00e0 vani.<\/p>\n<p>V\u1eca GI\u00c1C<\/p>\n<p>V\u1ecb tr\u00e1i m\u00e2m x\u00f4i \u0111\u1ecf ch\u00edn m\u1ecdng t\u01b0\u01a1i m\u1edbi, k\u1ebft h\u1ee3p v\u1edbi tannin m\u1ec1m m\u1ea1i nh\u01b0 l\u1ee5a \u1ea9n s\u00e2u b\u00ean trong.<\/p>\n<p>\u0110\u1ed2 \u0102N K\u1ebeT H\u1ee2P<\/p>\n<p>C\u00e1c m\u00f3n l\u00e0m t\u1eeb th\u1ecbt b\u00f2 ho\u1eb7c th\u1ecbt b\u00ea, ho\u1eb7c m\u1ed3i nh\u1eadu.<\/p>\n<p>V\u00d9NG NHO<\/p>\n<p>New South Wales.<\/p>\n<p>C\u1ea4T TR\u1eee<\/p>\n<p>U\u1ed1ng ngay l\u00e0 ngon nh\u1ea5t.<\/p>\n<p>PH\u00c2N T\u00cdCH<\/p>\n<p>N\u1ed3ng \u0111\u1ed9 c\u1ed3n: 13.0%<\/p>\n<p>pH: 3.6<\/p>\n<p>T\u1ed5ng l\u01b0\u1ee3ng axit: 6.47 g\/l<\/p>\n<p>L\u01b0\u1ee3ng \u0111\u01b0\u1eddng d\u01b0: 9.5 g\/l<\/p>\n<p>Axit bay h\u01a1i: 0.24 g\/l<\/p>\n<p>Tr\u1ecdng l\u1ef1c c\u1ee5 th\u1ec3: 0.997<\/p>\n<p>&nbsp;<\/p>\n<p>&nbsp;<\/p>\n<p>&nbsp;<\/p>","protected":false},"excerpt":{"rendered":"<p>L\u00e0 lo\u1ea1i vang c\u00f3 \u0111\u1ed9 \u0111\u1eadm trung b\u00ecnh, c\u00f3 \u0111\u1eb7c t\u00ednh d\u1ecbu nh\u1eb9, \u1ebbo dai, m\u1ecdng n\u01b0\u1edbc, c\u00f9ng v\u1edbi h\u01b0\u01a1ng th\u01a1m ph\u1ee9c h\u1ee3p.<\/p>","protected":false},"featured_media":4925,"template":"","meta":{"_acf_changed":false},"product_brand":[],"product_cat":[87,93],"product_tag":[],"grape_varietal":[2466],"wine_regions":[2412],"class_list":{"0":"post-4924","1":"product","2":"type-product","3":"status-publish","4":"has-post-thumbnail","6":"product_cat-red-wine","7":"product_cat-wine","8":"pa_brand-mcwilliams","9":"grape_varietal-shiraz","10":"wine_regions-new-south-wales","12":"first","13":"instock","14":"shipping-taxable","15":"product-type-simple"},"acf":[],"yoast_head":"<!-- This site is optimized with the Yoast SEO plugin v27.4 - https:\/\/yoast.com\/product\/yoast-seo-wordpress\/ -->\n<title>McWilliam&#039;s Inheritance Shiraz - Rada Wines<\/title>\n<meta name=\"robots\" content=\"index, follow, max-snippet:-1, max-image-preview:large, max-video-preview:-1\" \/>\n<link rel=\"canonical\" href=\"https:\/\/www.ilovewines.vn\/vi\/san-pham\/mcwilliams-inheritance-shiraz\/\" \/>\n<meta property=\"og:locale\" content=\"vi_VN\" \/>\n<meta property=\"og:type\" content=\"article\" \/>\n<meta property=\"og:title\" content=\"McWilliam&#039;s Inheritance Shiraz - Rada Wines\" \/>\n<meta property=\"og:description\" content=\"A medium-bodied style with soft, supple, and juicy characters, aiding in the wine&#039;s aromatic complexity.\" \/>\n<meta property=\"og:url\" content=\"https:\/\/www.ilovewines.vn\/vi\/san-pham\/mcwilliams-inheritance-shiraz\/\" \/>\n<meta property=\"og:site_name\" content=\"Rada Wines\" \/>\n<meta property=\"article:modified_time\" content=\"2024-04-04T05:55:56+00:00\" \/>\n<meta property=\"og:image\" content=\"https:\/\/www.ilovewines.vn\/wp-content\/uploads\/2023\/11\/Inheritance_shiraz-scaled.jpg\" \/>\n\t<meta property=\"og:image:width\" content=\"1810\" \/>\n\t<meta property=\"og:image:height\" content=\"2560\" \/>\n\t<meta property=\"og:image:type\" content=\"image\/jpeg\" \/>\n<meta name=\"twitter:card\" content=\"summary_large_image\" \/>\n<meta name=\"twitter:label1\" content=\"\u01af\u1edbc t\u00ednh th\u1eddi gian \u0111\u1ecdc\" \/>\n\t<meta name=\"twitter:data1\" content=\"1 ph\u00fat\" \/>\n<script type=\"application\/ld+json\" class=\"yoast-schema-graph\">{\"@context\":\"https:\\\/\\\/schema.org\",\"@graph\":[{\"@type\":\"WebPage\",\"@id\":\"https:\\\/\\\/www.ilovewines.vn\\\/product\\\/mcwilliams-inheritance-shiraz\\\/\",\"url\":\"https:\\\/\\\/www.ilovewines.vn\\\/product\\\/mcwilliams-inheritance-shiraz\\\/\",\"name\":\"McWilliam's Inheritance Shiraz - Rada Wines\",\"isPartOf\":{\"@id\":\"https:\\\/\\\/www.ilovewines.vn\\\/#website\"},\"primaryImageOfPage\":{\"@id\":\"https:\\\/\\\/www.ilovewines.vn\\\/product\\\/mcwilliams-inheritance-shiraz\\\/#primaryimage\"},\"image\":{\"@id\":\"https:\\\/\\\/www.ilovewines.vn\\\/product\\\/mcwilliams-inheritance-shiraz\\\/#primaryimage\"},\"thumbnailUrl\":\"https:\\\/\\\/www.ilovewines.vn\\\/wp-content\\\/uploads\\\/2023\\\/11\\\/Inheritance_shiraz-scaled.jpg\",\"datePublished\":\"2023-11-15T09:45:23+00:00\",\"dateModified\":\"2024-04-04T05:55:56+00:00\",\"breadcrumb\":{\"@id\":\"https:\\\/\\\/www.ilovewines.vn\\\/product\\\/mcwilliams-inheritance-shiraz\\\/#breadcrumb\"},\"inLanguage\":\"vi\",\"potentialAction\":[{\"@type\":\"ReadAction\",\"target\":[\"https:\\\/\\\/www.ilovewines.vn\\\/product\\\/mcwilliams-inheritance-shiraz\\\/\"]}]},{\"@type\":\"ImageObject\",\"inLanguage\":\"vi\",\"@id\":\"https:\\\/\\\/www.ilovewines.vn\\\/product\\\/mcwilliams-inheritance-shiraz\\\/#primaryimage\",\"url\":\"https:\\\/\\\/www.ilovewines.vn\\\/wp-content\\\/uploads\\\/2023\\\/11\\\/Inheritance_shiraz-scaled.jpg\",\"contentUrl\":\"https:\\\/\\\/www.ilovewines.vn\\\/wp-content\\\/uploads\\\/2023\\\/11\\\/Inheritance_shiraz-scaled.jpg\",\"width\":1810,\"height\":2560},{\"@type\":\"BreadcrumbList\",\"@id\":\"https:\\\/\\\/www.ilovewines.vn\\\/product\\\/mcwilliams-inheritance-shiraz\\\/#breadcrumb\",\"itemListElement\":[{\"@type\":\"ListItem\",\"position\":1,\"name\":\"Home\",\"item\":\"https:\\\/\\\/www.ilovewines.vn\\\/\"},{\"@type\":\"ListItem\",\"position\":2,\"name\":\"Catalogue\",\"item\":\"https:\\\/\\\/www.ilovewines.vn\\\/catalogue\\\/\"},{\"@type\":\"ListItem\",\"position\":3,\"name\":\"McWilliam&#8217;s Inheritance Shiraz\"}]},{\"@type\":\"WebSite\",\"@id\":\"https:\\\/\\\/www.ilovewines.vn\\\/#website\",\"url\":\"https:\\\/\\\/www.ilovewines.vn\\\/\",\"name\":\"Rada Wines\",\"description\":\"Just another WordPress site\",\"publisher\":{\"@id\":\"https:\\\/\\\/www.ilovewines.vn\\\/#organization\"},\"potentialAction\":[{\"@type\":\"SearchAction\",\"target\":{\"@type\":\"EntryPoint\",\"urlTemplate\":\"https:\\\/\\\/www.ilovewines.vn\\\/?s={search_term_string}\"},\"query-input\":{\"@type\":\"PropertyValueSpecification\",\"valueRequired\":true,\"valueName\":\"search_term_string\"}}],\"inLanguage\":\"vi\"},{\"@type\":\"Organization\",\"@id\":\"https:\\\/\\\/www.ilovewines.vn\\\/#organization\",\"name\":\"Rada Wines\",\"url\":\"https:\\\/\\\/www.ilovewines.vn\\\/\",\"logo\":{\"@type\":\"ImageObject\",\"inLanguage\":\"vi\",\"@id\":\"https:\\\/\\\/www.ilovewines.vn\\\/#\\\/schema\\\/logo\\\/image\\\/\",\"url\":\"https:\\\/\\\/www.ilovewines.vn\\\/wp-content\\\/uploads\\\/2022\\\/06\\\/cropped-162574230_380766779846763_4426584222903300096_n.jpg\",\"contentUrl\":\"https:\\\/\\\/www.ilovewines.vn\\\/wp-content\\\/uploads\\\/2022\\\/06\\\/cropped-162574230_380766779846763_4426584222903300096_n.jpg\",\"width\":320,\"height\":206,\"caption\":\"Rada Wines\"},\"image\":{\"@id\":\"https:\\\/\\\/www.ilovewines.vn\\\/#\\\/schema\\\/logo\\\/image\\\/\"}}]}<\/script>\n<!-- \/ Yoast SEO plugin. -->","yoast_head_json":{"title":"McWilliam's Inheritance Shiraz - Rada Wines","robots":{"index":"index","follow":"follow","max-snippet":"max-snippet:-1","max-image-preview":"max-image-preview:large","max-video-preview":"max-video-preview:-1"},"canonical":"https:\/\/www.ilovewines.vn\/vi\/san-pham\/mcwilliams-inheritance-shiraz\/","og_locale":"vi_VN","og_type":"article","og_title":"McWilliam's Inheritance Shiraz - Rada Wines","og_description":"A medium-bodied style with soft, supple, and juicy characters, aiding in the wine's aromatic complexity.","og_url":"https:\/\/www.ilovewines.vn\/vi\/san-pham\/mcwilliams-inheritance-shiraz\/","og_site_name":"Rada Wines","article_modified_time":"2024-04-04T05:55:56+00:00","og_image":[{"width":1810,"height":2560,"url":"https:\/\/www.ilovewines.vn\/wp-content\/uploads\/2023\/11\/Inheritance_shiraz-scaled.jpg","type":"image\/jpeg"}],"twitter_card":"summary_large_image","twitter_misc":{"\u01af\u1edbc t\u00ednh th\u1eddi gian \u0111\u1ecdc":"1 ph\u00fat"},"schema":{"@context":"https:\/\/schema.org","@graph":[{"@type":"WebPage","@id":"https:\/\/www.ilovewines.vn\/product\/mcwilliams-inheritance-shiraz\/","url":"https:\/\/www.ilovewines.vn\/product\/mcwilliams-inheritance-shiraz\/","name":"McWilliam's Inheritance Shiraz - Rada Wines","isPartOf":{"@id":"https:\/\/www.ilovewines.vn\/#website"},"primaryImageOfPage":{"@id":"https:\/\/www.ilovewines.vn\/product\/mcwilliams-inheritance-shiraz\/#primaryimage"},"image":{"@id":"https:\/\/www.ilovewines.vn\/product\/mcwilliams-inheritance-shiraz\/#primaryimage"},"thumbnailUrl":"https:\/\/www.ilovewines.vn\/wp-content\/uploads\/2023\/11\/Inheritance_shiraz-scaled.jpg","datePublished":"2023-11-15T09:45:23+00:00","dateModified":"2024-04-04T05:55:56+00:00","breadcrumb":{"@id":"https:\/\/www.ilovewines.vn\/product\/mcwilliams-inheritance-shiraz\/#breadcrumb"},"inLanguage":"vi","potentialAction":[{"@type":"ReadAction","target":["https:\/\/www.ilovewines.vn\/product\/mcwilliams-inheritance-shiraz\/"]}]},{"@type":"ImageObject","inLanguage":"vi","@id":"https:\/\/www.ilovewines.vn\/product\/mcwilliams-inheritance-shiraz\/#primaryimage","url":"https:\/\/www.ilovewines.vn\/wp-content\/uploads\/2023\/11\/Inheritance_shiraz-scaled.jpg","contentUrl":"https:\/\/www.ilovewines.vn\/wp-content\/uploads\/2023\/11\/Inheritance_shiraz-scaled.jpg","width":1810,"height":2560},{"@type":"BreadcrumbList","@id":"https:\/\/www.ilovewines.vn\/product\/mcwilliams-inheritance-shiraz\/#breadcrumb","itemListElement":[{"@type":"ListItem","position":1,"name":"Home","item":"https:\/\/www.ilovewines.vn\/"},{"@type":"ListItem","position":2,"name":"Catalogue","item":"https:\/\/www.ilovewines.vn\/catalogue\/"},{"@type":"ListItem","position":3,"name":"McWilliam&#8217;s Inheritance Shiraz"}]},{"@type":"WebSite","@id":"https:\/\/www.ilovewines.vn\/#website","url":"https:\/\/www.ilovewines.vn\/","name":"Rada Wines","description":"Just another WordPress site","publisher":{"@id":"https:\/\/www.ilovewines.vn\/#organization"},"potentialAction":[{"@type":"SearchAction","target":{"@type":"EntryPoint","urlTemplate":"https:\/\/www.ilovewines.vn\/?s={search_term_string}"},"query-input":{"@type":"PropertyValueSpecification","valueRequired":true,"valueName":"search_term_string"}}],"inLanguage":"vi"},{"@type":"Organization","@id":"https:\/\/www.ilovewines.vn\/#organization","name":"Rada Wines","url":"https:\/\/www.ilovewines.vn\/","logo":{"@type":"ImageObject","inLanguage":"vi","@id":"https:\/\/www.ilovewines.vn\/#\/schema\/logo\/image\/","url":"https:\/\/www.ilovewines.vn\/wp-content\/uploads\/2022\/06\/cropped-162574230_380766779846763_4426584222903300096_n.jpg","contentUrl":"https:\/\/www.ilovewines.vn\/wp-content\/uploads\/2022\/06\/cropped-162574230_380766779846763_4426584222903300096_n.jpg","width":320,"height":206,"caption":"Rada Wines"},"image":{"@id":"https:\/\/www.ilovewines.vn\/#\/schema\/logo\/image\/"}}]}},"_links":{"self":[{"href":"https:\/\/www.ilovewines.vn\/vi\/wp-json\/wp\/v2\/product\/4924","targetHints":{"allow":["GET"]}}],"collection":[{"href":"https:\/\/www.ilovewines.vn\/vi\/wp-json\/wp\/v2\/product"}],"about":[{"href":"https:\/\/www.ilovewines.vn\/vi\/wp-json\/wp\/v2\/types\/product"}],"version-history":[{"count":2,"href":"https:\/\/www.ilovewines.vn\/vi\/wp-json\/wp\/v2\/product\/4924\/revisions"}],"predecessor-version":[{"id":6167,"href":"https:\/\/www.ilovewines.vn\/vi\/wp-json\/wp\/v2\/product\/4924\/revisions\/6167"}],"wp:featuredmedia":[{"embeddable":true,"href":"https:\/\/www.ilovewines.vn\/vi\/wp-json\/wp\/v2\/media\/4925"}],"wp:attachment":[{"href":"https:\/\/www.ilovewines.vn\/vi\/wp-json\/wp\/v2\/media?parent=4924"}],"wp:term":[{"taxonomy":"product_brand","embeddable":true,"href":"https:\/\/www.ilovewines.vn\/vi\/wp-json\/wp\/v2\/product_brand?post=4924"},{"taxonomy":"product_cat","embeddable":true,"href":"https:\/\/www.ilovewines.vn\/vi\/wp-json\/wp\/v2\/product_cat?post=4924"},{"taxonomy":"product_tag","embeddable":true,"href":"https:\/\/www.ilovewines.vn\/vi\/wp-json\/wp\/v2\/product_tag?post=4924"},{"taxonomy":"grape_varietal","embeddable":true,"href":"https:\/\/www.ilovewines.vn\/vi\/wp-json\/wp\/v2\/grape_varietal?post=4924"},{"taxonomy":"wine_regions","embeddable":true,"href":"https:\/\/www.ilovewines.vn\/vi\/wp-json\/wp\/v2\/wine_regions?post=4924"}],"curies":[{"name":"wp","href":"https:\/\/api.w.org\/{rel}","templated":true}]}}