{"id":4930,"date":"2023-11-15T02:51:45","date_gmt":"2023-11-15T09:51:45","guid":{"rendered":"https:\/\/www.ilovewines.vn\/?post_type=product&#038;p=4930"},"modified":"2024-04-03T23:50:12","modified_gmt":"2024-04-04T05:50:12","slug":"mcwilliams-inheritance-shiraz-cabernet","status":"publish","type":"product","link":"https:\/\/www.ilovewines.vn\/vi\/product\/mcwilliams-inheritance-shiraz-cabernet\/","title":{"rendered":"McWilliam\u2019s Inheritance Shiraz Cabernet"},"content":{"rendered":"<p>T\u1ed4NG QUAN<\/p>\n<p>M\u00e0u m\u1eadn \u0111\u1ecf nh\u1eb9, r\u01b0\u1ee3u c\u00f3 \u0111\u1ed9 kh\u00f4 trung b\u00ecnh<\/p>\n<p>KH\u1ee8U GI\u00c1C<\/p>\n<p>H\u01b0\u01a1ng th\u01a1m s\u1ed1ng \u0111\u1ed9ng c\u1ee7a c\u00e1c lo\u1ea1i qu\u1ea3 c\u00f3 v\u1ecb cay v\u00e0 m\u1eadn t\u01b0\u01a1i.<\/p>\n<p>V\u1eca GI\u00c1C<\/p>\n<p>V\u1ecb cay c\u1ee7a r\u01b0\u1ee3u Shiraz c\u00f9ng v\u1edbi v\u1ecb tr\u00e1i c\u00e2y s\u1eabm m\u00e0u c\u1ee7a d\u00f2ng r\u01b0\u1ee3u Cabernet Sauvignon k\u1ebft h\u1ee3p v\u1edbi nhau t\u1ea1o n\u00ean m\u1ed9t chai vang c\u00f3 \u0111\u1ed9 \u0111\u1eadm trung b\u00ecnh \u0111\u00e1ng th\u01b0\u1edfng th\u1ee9c.<\/p>\n<p>\u0110\u1ed2 \u0102N K\u1ebeT H\u1ee2P<\/p>\n<p>M\u1ed9t chai vang \u0111\u1ecf tuy\u1ec7t v\u1eddi \u0111\u1ec3 u\u1ed1ng v\u1edbi th\u1ecbt n\u01b0\u1edbng BBQ ho\u1eb7c m\u00f3n pizza \u0111\u1ecba ph\u01b0\u01a1ng y\u00eau th\u00edch c\u1ee7a b\u1ea1n.<\/p>\n<p>V\u00d9NG NHO<\/p>\n<p>New South Wales<\/p>\n<p>C\u1ea4T TR\u1eee<\/p>\n<p>U\u1ed1ng ngay l\u00e0 ngon nh\u1ea5t.<\/p>\n<p>PH\u00c2N T\u00cdCH<\/p>\n<p>\u0110\u1ed9 c\u1ed3n: 14%<\/p>\n<p>pH: 3.6<\/p>\n<p>T\u1ed5ng l\u01b0\u1ee3ng axit:  6.08 g\/l<\/p>\n<p>L\u01b0\u1ee3ng \u0111\u01b0\u1eddng c\u00f2n d\u01b0: 7 g\/l<\/p>","protected":false},"excerpt":{"rendered":"<p>OVERVIEW A plum soft red, medium-dry style. BOUQUET Vibrant aromatics of spicy fruit flavours with fresh plums. TASTE The spiciness of the Shiraz and dark sweet fruits of the Cabernet Sauvignon combine to create a medium-bodied enjoyable red wine. ENJOY WITH A great red to enjoy over a BBQ or your favourite local pizza. REGION [&hellip;]<\/p>\n","protected":false},"featured_media":5093,"template":"","meta":{"_acf_changed":false},"product_brand":[],"product_cat":[2640,87,93],"product_tag":[],"grape_varietal":[2596,2477,2466],"wine_regions":[2412],"class_list":{"0":"post-4930","1":"product","2":"type-product","3":"status-publish","4":"has-post-thumbnail","6":"product_cat-catalogue","7":"product_cat-red-wine","8":"product_cat-wine","9":"pa_brand-mcwilliams","10":"grape_varietal-cabernet","11":"grape_varietal-red","12":"grape_varietal-shiraz","13":"wine_regions-new-south-wales","15":"first","16":"instock","17":"shipping-taxable","18":"product-type-simple"},"acf":[],"yoast_head":"<!-- This site is optimized with the Yoast SEO plugin v27.4 - https:\/\/yoast.com\/product\/yoast-seo-wordpress\/ -->\n<title>McWilliam&#039;s Inheritance Shiraz Cabernet - Rada Wines<\/title>\n<meta name=\"robots\" content=\"index, follow, max-snippet:-1, max-image-preview:large, max-video-preview:-1\" \/>\n<link rel=\"canonical\" href=\"https:\/\/www.ilovewines.vn\/vi\/san-pham\/mcwilliams-inheritance-shiraz-cabernet\/\" \/>\n<meta property=\"og:locale\" content=\"vi_VN\" \/>\n<meta property=\"og:type\" content=\"article\" \/>\n<meta property=\"og:title\" content=\"McWilliam&#039;s Inheritance Shiraz Cabernet - Rada Wines\" \/>\n<meta property=\"og:description\" content=\"OVERVIEW A plum soft red, medium-dry style. BOUQUET Vibrant aromatics of spicy fruit flavours with fresh plums. TASTE The spiciness of the Shiraz and dark sweet fruits of the Cabernet Sauvignon combine to create a medium-bodied enjoyable red wine. ENJOY WITH A great red to enjoy over a BBQ or your favourite local pizza. REGION [&hellip;]\" \/>\n<meta property=\"og:url\" content=\"https:\/\/www.ilovewines.vn\/vi\/san-pham\/mcwilliams-inheritance-shiraz-cabernet\/\" \/>\n<meta property=\"og:site_name\" content=\"Rada Wines\" \/>\n<meta property=\"article:modified_time\" content=\"2024-04-04T05:50:12+00:00\" \/>\n<meta property=\"og:image\" content=\"https:\/\/www.ilovewines.vn\/wp-content\/uploads\/2023\/11\/Inheritance_Shiraz-Cabernet-copy.png\" \/>\n\t<meta property=\"og:image:width\" content=\"2480\" \/>\n\t<meta property=\"og:image:height\" content=\"3508\" \/>\n\t<meta property=\"og:image:type\" content=\"image\/png\" \/>\n<meta name=\"twitter:card\" content=\"summary_large_image\" \/>\n<meta name=\"twitter:label1\" content=\"\u01af\u1edbc t\u00ednh th\u1eddi gian \u0111\u1ecdc\" \/>\n\t<meta name=\"twitter:data1\" content=\"1 ph\u00fat\" \/>\n<script type=\"application\/ld+json\" class=\"yoast-schema-graph\">{\"@context\":\"https:\\\/\\\/schema.org\",\"@graph\":[{\"@type\":\"WebPage\",\"@id\":\"https:\\\/\\\/www.ilovewines.vn\\\/product\\\/mcwilliams-inheritance-shiraz-cabernet\\\/\",\"url\":\"https:\\\/\\\/www.ilovewines.vn\\\/product\\\/mcwilliams-inheritance-shiraz-cabernet\\\/\",\"name\":\"McWilliam's Inheritance Shiraz Cabernet - Rada Wines\",\"isPartOf\":{\"@id\":\"https:\\\/\\\/www.ilovewines.vn\\\/#website\"},\"primaryImageOfPage\":{\"@id\":\"https:\\\/\\\/www.ilovewines.vn\\\/product\\\/mcwilliams-inheritance-shiraz-cabernet\\\/#primaryimage\"},\"image\":{\"@id\":\"https:\\\/\\\/www.ilovewines.vn\\\/product\\\/mcwilliams-inheritance-shiraz-cabernet\\\/#primaryimage\"},\"thumbnailUrl\":\"https:\\\/\\\/www.ilovewines.vn\\\/wp-content\\\/uploads\\\/2023\\\/11\\\/Inheritance_Shiraz-Cabernet-copy.png\",\"datePublished\":\"2023-11-15T09:51:45+00:00\",\"dateModified\":\"2024-04-04T05:50:12+00:00\",\"breadcrumb\":{\"@id\":\"https:\\\/\\\/www.ilovewines.vn\\\/product\\\/mcwilliams-inheritance-shiraz-cabernet\\\/#breadcrumb\"},\"inLanguage\":\"vi\",\"potentialAction\":[{\"@type\":\"ReadAction\",\"target\":[\"https:\\\/\\\/www.ilovewines.vn\\\/product\\\/mcwilliams-inheritance-shiraz-cabernet\\\/\"]}]},{\"@type\":\"ImageObject\",\"inLanguage\":\"vi\",\"@id\":\"https:\\\/\\\/www.ilovewines.vn\\\/product\\\/mcwilliams-inheritance-shiraz-cabernet\\\/#primaryimage\",\"url\":\"https:\\\/\\\/www.ilovewines.vn\\\/wp-content\\\/uploads\\\/2023\\\/11\\\/Inheritance_Shiraz-Cabernet-copy.png\",\"contentUrl\":\"https:\\\/\\\/www.ilovewines.vn\\\/wp-content\\\/uploads\\\/2023\\\/11\\\/Inheritance_Shiraz-Cabernet-copy.png\",\"width\":2480,\"height\":3508},{\"@type\":\"BreadcrumbList\",\"@id\":\"https:\\\/\\\/www.ilovewines.vn\\\/product\\\/mcwilliams-inheritance-shiraz-cabernet\\\/#breadcrumb\",\"itemListElement\":[{\"@type\":\"ListItem\",\"position\":1,\"name\":\"Home\",\"item\":\"https:\\\/\\\/www.ilovewines.vn\\\/\"},{\"@type\":\"ListItem\",\"position\":2,\"name\":\"Catalogue\",\"item\":\"https:\\\/\\\/www.ilovewines.vn\\\/catalogue\\\/\"},{\"@type\":\"ListItem\",\"position\":3,\"name\":\"McWilliam&#8217;s Inheritance Shiraz Cabernet\"}]},{\"@type\":\"WebSite\",\"@id\":\"https:\\\/\\\/www.ilovewines.vn\\\/#website\",\"url\":\"https:\\\/\\\/www.ilovewines.vn\\\/\",\"name\":\"Rada Wines\",\"description\":\"Just another WordPress site\",\"publisher\":{\"@id\":\"https:\\\/\\\/www.ilovewines.vn\\\/#organization\"},\"potentialAction\":[{\"@type\":\"SearchAction\",\"target\":{\"@type\":\"EntryPoint\",\"urlTemplate\":\"https:\\\/\\\/www.ilovewines.vn\\\/?s={search_term_string}\"},\"query-input\":{\"@type\":\"PropertyValueSpecification\",\"valueRequired\":true,\"valueName\":\"search_term_string\"}}],\"inLanguage\":\"vi\"},{\"@type\":\"Organization\",\"@id\":\"https:\\\/\\\/www.ilovewines.vn\\\/#organization\",\"name\":\"Rada Wines\",\"url\":\"https:\\\/\\\/www.ilovewines.vn\\\/\",\"logo\":{\"@type\":\"ImageObject\",\"inLanguage\":\"vi\",\"@id\":\"https:\\\/\\\/www.ilovewines.vn\\\/#\\\/schema\\\/logo\\\/image\\\/\",\"url\":\"https:\\\/\\\/www.ilovewines.vn\\\/wp-content\\\/uploads\\\/2022\\\/06\\\/cropped-162574230_380766779846763_4426584222903300096_n.jpg\",\"contentUrl\":\"https:\\\/\\\/www.ilovewines.vn\\\/wp-content\\\/uploads\\\/2022\\\/06\\\/cropped-162574230_380766779846763_4426584222903300096_n.jpg\",\"width\":320,\"height\":206,\"caption\":\"Rada Wines\"},\"image\":{\"@id\":\"https:\\\/\\\/www.ilovewines.vn\\\/#\\\/schema\\\/logo\\\/image\\\/\"}}]}<\/script>\n<!-- \/ Yoast SEO plugin. -->","yoast_head_json":{"title":"McWilliam's Inheritance Shiraz Cabernet - Rada Wines","robots":{"index":"index","follow":"follow","max-snippet":"max-snippet:-1","max-image-preview":"max-image-preview:large","max-video-preview":"max-video-preview:-1"},"canonical":"https:\/\/www.ilovewines.vn\/vi\/san-pham\/mcwilliams-inheritance-shiraz-cabernet\/","og_locale":"vi_VN","og_type":"article","og_title":"McWilliam's Inheritance Shiraz Cabernet - Rada Wines","og_description":"OVERVIEW A plum soft red, medium-dry style. BOUQUET Vibrant aromatics of spicy fruit flavours with fresh plums. TASTE The spiciness of the Shiraz and dark sweet fruits of the Cabernet Sauvignon combine to create a medium-bodied enjoyable red wine. ENJOY WITH A great red to enjoy over a BBQ or your favourite local pizza. REGION [&hellip;]","og_url":"https:\/\/www.ilovewines.vn\/vi\/san-pham\/mcwilliams-inheritance-shiraz-cabernet\/","og_site_name":"Rada Wines","article_modified_time":"2024-04-04T05:50:12+00:00","og_image":[{"width":2480,"height":3508,"url":"https:\/\/www.ilovewines.vn\/wp-content\/uploads\/2023\/11\/Inheritance_Shiraz-Cabernet-copy.png","type":"image\/png"}],"twitter_card":"summary_large_image","twitter_misc":{"\u01af\u1edbc t\u00ednh th\u1eddi gian \u0111\u1ecdc":"1 ph\u00fat"},"schema":{"@context":"https:\/\/schema.org","@graph":[{"@type":"WebPage","@id":"https:\/\/www.ilovewines.vn\/product\/mcwilliams-inheritance-shiraz-cabernet\/","url":"https:\/\/www.ilovewines.vn\/product\/mcwilliams-inheritance-shiraz-cabernet\/","name":"McWilliam's Inheritance Shiraz Cabernet - Rada Wines","isPartOf":{"@id":"https:\/\/www.ilovewines.vn\/#website"},"primaryImageOfPage":{"@id":"https:\/\/www.ilovewines.vn\/product\/mcwilliams-inheritance-shiraz-cabernet\/#primaryimage"},"image":{"@id":"https:\/\/www.ilovewines.vn\/product\/mcwilliams-inheritance-shiraz-cabernet\/#primaryimage"},"thumbnailUrl":"https:\/\/www.ilovewines.vn\/wp-content\/uploads\/2023\/11\/Inheritance_Shiraz-Cabernet-copy.png","datePublished":"2023-11-15T09:51:45+00:00","dateModified":"2024-04-04T05:50:12+00:00","breadcrumb":{"@id":"https:\/\/www.ilovewines.vn\/product\/mcwilliams-inheritance-shiraz-cabernet\/#breadcrumb"},"inLanguage":"vi","potentialAction":[{"@type":"ReadAction","target":["https:\/\/www.ilovewines.vn\/product\/mcwilliams-inheritance-shiraz-cabernet\/"]}]},{"@type":"ImageObject","inLanguage":"vi","@id":"https:\/\/www.ilovewines.vn\/product\/mcwilliams-inheritance-shiraz-cabernet\/#primaryimage","url":"https:\/\/www.ilovewines.vn\/wp-content\/uploads\/2023\/11\/Inheritance_Shiraz-Cabernet-copy.png","contentUrl":"https:\/\/www.ilovewines.vn\/wp-content\/uploads\/2023\/11\/Inheritance_Shiraz-Cabernet-copy.png","width":2480,"height":3508},{"@type":"BreadcrumbList","@id":"https:\/\/www.ilovewines.vn\/product\/mcwilliams-inheritance-shiraz-cabernet\/#breadcrumb","itemListElement":[{"@type":"ListItem","position":1,"name":"Home","item":"https:\/\/www.ilovewines.vn\/"},{"@type":"ListItem","position":2,"name":"Catalogue","item":"https:\/\/www.ilovewines.vn\/catalogue\/"},{"@type":"ListItem","position":3,"name":"McWilliam&#8217;s Inheritance Shiraz Cabernet"}]},{"@type":"WebSite","@id":"https:\/\/www.ilovewines.vn\/#website","url":"https:\/\/www.ilovewines.vn\/","name":"Rada Wines","description":"Just another WordPress site","publisher":{"@id":"https:\/\/www.ilovewines.vn\/#organization"},"potentialAction":[{"@type":"SearchAction","target":{"@type":"EntryPoint","urlTemplate":"https:\/\/www.ilovewines.vn\/?s={search_term_string}"},"query-input":{"@type":"PropertyValueSpecification","valueRequired":true,"valueName":"search_term_string"}}],"inLanguage":"vi"},{"@type":"Organization","@id":"https:\/\/www.ilovewines.vn\/#organization","name":"Rada Wines","url":"https:\/\/www.ilovewines.vn\/","logo":{"@type":"ImageObject","inLanguage":"vi","@id":"https:\/\/www.ilovewines.vn\/#\/schema\/logo\/image\/","url":"https:\/\/www.ilovewines.vn\/wp-content\/uploads\/2022\/06\/cropped-162574230_380766779846763_4426584222903300096_n.jpg","contentUrl":"https:\/\/www.ilovewines.vn\/wp-content\/uploads\/2022\/06\/cropped-162574230_380766779846763_4426584222903300096_n.jpg","width":320,"height":206,"caption":"Rada Wines"},"image":{"@id":"https:\/\/www.ilovewines.vn\/#\/schema\/logo\/image\/"}}]}},"_links":{"self":[{"href":"https:\/\/www.ilovewines.vn\/vi\/wp-json\/wp\/v2\/product\/4930","targetHints":{"allow":["GET"]}}],"collection":[{"href":"https:\/\/www.ilovewines.vn\/vi\/wp-json\/wp\/v2\/product"}],"about":[{"href":"https:\/\/www.ilovewines.vn\/vi\/wp-json\/wp\/v2\/types\/product"}],"version-history":[{"count":3,"href":"https:\/\/www.ilovewines.vn\/vi\/wp-json\/wp\/v2\/product\/4930\/revisions"}],"predecessor-version":[{"id":4972,"href":"https:\/\/www.ilovewines.vn\/vi\/wp-json\/wp\/v2\/product\/4930\/revisions\/4972"}],"wp:featuredmedia":[{"embeddable":true,"href":"https:\/\/www.ilovewines.vn\/vi\/wp-json\/wp\/v2\/media\/5093"}],"wp:attachment":[{"href":"https:\/\/www.ilovewines.vn\/vi\/wp-json\/wp\/v2\/media?parent=4930"}],"wp:term":[{"taxonomy":"product_brand","embeddable":true,"href":"https:\/\/www.ilovewines.vn\/vi\/wp-json\/wp\/v2\/product_brand?post=4930"},{"taxonomy":"product_cat","embeddable":true,"href":"https:\/\/www.ilovewines.vn\/vi\/wp-json\/wp\/v2\/product_cat?post=4930"},{"taxonomy":"product_tag","embeddable":true,"href":"https:\/\/www.ilovewines.vn\/vi\/wp-json\/wp\/v2\/product_tag?post=4930"},{"taxonomy":"grape_varietal","embeddable":true,"href":"https:\/\/www.ilovewines.vn\/vi\/wp-json\/wp\/v2\/grape_varietal?post=4930"},{"taxonomy":"wine_regions","embeddable":true,"href":"https:\/\/www.ilovewines.vn\/vi\/wp-json\/wp\/v2\/wine_regions?post=4930"}],"curies":[{"name":"wp","href":"https:\/\/api.w.org\/{rel}","templated":true}]}}