{"id":4942,"date":"2023-11-15T03:01:05","date_gmt":"2023-11-15T10:01:05","guid":{"rendered":"https:\/\/www.ilovewines.vn\/?post_type=product&#038;p=4942"},"modified":"2023-11-22T00:39:19","modified_gmt":"2023-11-22T07:39:19","slug":"calabria-belena-moscato","status":"publish","type":"product","link":"https:\/\/www.ilovewines.vn\/vi\/product\/calabria-belena-moscato\/","title":{"rendered":"Calabria B\u00e9lena Moscato"},"content":{"rendered":"<p>KH\u1ee8U GI\u00c1C<\/p>\n<p>H\u01b0\u01a1ng th\u01a1m ng\u1ecdt c\u1ee7a qu\u1ea3 v\u1ea3i, tr\u00e1i paw paw (v\u1ecb gi\u1eefa xo\u00e0i v\u00e0 chu\u1ed1i) k\u1ebft h\u1ee3p v\u1edbi h\u01b0\u01a1ng th\u01a1m t\u1eeb chanh leo v\u00e0 m\u00f9i x\u1ea1 h\u01b0\u01a1ng thoang tho\u1ea3ng.<\/p>\n<p>V\u1eca GI\u00c1C<\/p>\n<p>V\u1ecb ng\u1ecdt ng\u00e0o ho\u00e0n h\u1ea3o, v\u1edbi v\u1ecb chua c\u1ee7a tr\u00e1i t\u00e1o gi\u00f2n t\u1ea1o n\u00ean m\u1ed9t k\u1ebft th\u00fac s\u1eafc k\u00e9o d\u00e0i. Mang v\u1ecb n\u01b0\u1edbc t\u00e1o, d\u01b0a Nh\u1eadt B\u1ea3n v\u00e0 hoa cam.<\/p>\n<p>TH\u01af\u1edeNG TH\u1ee8C<\/p>\n<p>U\u1ed1ng k\u00e8m v\u1edbi c\u00e1nh g\u00e0 n\u01b0\u1edbng s\u1ed1t Habanero d\u00ednh, ho\u1eb7c d\u00f9ng \u0111\u1ec3 khai v\u1ecb hay u\u1ed1ng trong b\u1eefa s\u00e1ng mu\u1ed9n c\u0169ng r\u1ea5t tuy\u1ec7t!<\/p>\n<p>QU\u00c1 TR\u00ccNH S\u1ea2N XU\u1ea4T<\/p>\n<p>M\u1ed9t s\u1ef1 pha tr\u1ed9n c\u1ed5 \u0111i\u1ec3n c\u1ee7a nho Frontignac Tr\u1eafng v\u1edbi nho Muscat Gordo Bianco, \u0111\u01b0\u1ee3c thu ho\u1ea1ch trong \u0111\u00eam d\u01b0\u1edbi th\u1eddi ti\u1ebft m\u00e1t m\u1ebb, l\u1ea7n l\u01b0\u1ee3t v\u00e0o ng\u00e0y 6 th\u00e1ng 2 v\u00e0 ng\u00e0y 9 th\u00e1ng 3 n\u0103m 2020. Sau \u0111\u00f3 ch\u00fang \u0111\u01b0\u1ee3c v\u1eadn chuy\u1ec3n \u0111\u1ebfn nh\u00e0 m\u00e1y r\u01b0\u1ee3u vang c\u1ee7a gia \u0111\u00ecnh Calabria \u1edf Brayne Road Riverina \u0111\u1ec3 ch\u1ebf bi\u1ebfn. Sau khi nho \u0111\u01b0\u1ee3c chuy\u1ec3n \u0111\u1ebfn, ngay l\u1eadp t\u1ee9c ch\u00fang \u0111\u01b0\u1ee3c nghi\u1ec1n n\u00e1t, t\u00e1ch cu\u1ed1ng v\u00e0 \u00e9p nh\u1eb9 trong m\u00e1y \u00e9p t\u00fai kh\u00ed n\u00e9n v\u1edbi nho Muscat Gordo Bianco v\u00e0 \u0111\u01b0\u1ee3c ng\u00e2m l\u1ea1nh 24h tr\u01b0\u1edbc khi chi\u1ebft xu\u1ea5t \u0111\u1ec3 cho h\u01b0\u01a1ng v\u1ecb t\u1ed1i \u0111a. M\u1ed9t ph\u1ea7n n\u01b0\u1edbc \u00e9p nho t\u1eeb Frontignac Tr\u1eafng \u0111\u00e3 \u0111\u01b0\u1ee3c l\u1ecdc v\u00f4 tr\u00f9ng, \u0111\u01b0\u1ee3c b\u1ea3o qu\u1ea3n trong b\u1ec3 d\u01b0\u1edbi d\u1ea1ng n\u01b0\u1edbc \u00e9p \u0111\u1ec3 s\u1eed d\u1ee5ng nh\u01b0 th\u00e0nh ph\u1ea7n l\u00e0m ng\u1ecdt trong h\u1ed7n h\u1ee3p sau n\u00e0y. Sau khi qu\u00e1 tr\u00ecnh l\u00ean men ho\u00e0n t\u1ea5t, c\u00e1c g\u00f2i nho Muscat \u0111\u01b0\u1ee3c tr\u1ed9n l\u1eabn v\u1edbi c\u00e1c g\u00f3i n\u01b0\u1edbc \u00e9p nho Muscat \u0111\u1ec3 t\u1ea1o n\u00ean r\u01b0\u1ee3u tr\u1ed9n Moscato th\u00e0nh ph\u1ea9m, tr\u01b0\u1edbc khi \u0111\u01b0\u1ee3c \u0111\u00f3ng chai v\u00e0o th\u00e1ng m\u01b0\u1eddi m\u1ed9t.<\/p>\n<p>TH\u1edcI \u0110I\u1ec2M TH\u01af\u1edeNG TH\u1ee8C L\u00cd T\u01af\u1edeNG<\/p>\n<p>U\u1ed1ng ngay ho\u1eb7c c\u1ea5t tr\u1eef trong v\u00f2ng 2 n\u0103m.<\/p>\n<p>PH\u00c2N T\u00cdCH<\/p>\n<p>Ni\u00ean v\u1ee5 2020<\/p>\n<p>N\u1ed3ng \u0111\u1ed9 c\u1ed3n: 6%<\/p>\n<p>pH 2.9<\/p>\n<p>T\u1ed5ng l\u01b0\u1ee3ng axit: 7.88 g\/L<\/p>\n<p>Ph\u00f9 h\u1ee3p v\u1edbi ng\u01b0\u1eddi \u0103n thu\u1ea7n chay<\/p>\n<p><img decoding=\"async\" class=\"alignnone size-full wp-image-4934\" src=\"https:\/\/www.ilovewines.vn\/wp-content\/uploads\/2023\/11\/Screenshot-2023-11-14-194513.png\" alt=\"\" width=\"50\" height=\"51\" srcset=\"https:\/\/www.ilovewines.vn\/wp-content\/uploads\/2023\/11\/Screenshot-2023-11-14-194513.png 50w, https:\/\/www.ilovewines.vn\/wp-content\/uploads\/2023\/11\/Screenshot-2023-11-14-194513-12x12.png 12w\" sizes=\"(max-width: 50px) 100vw, 50px\" \/><\/p>","protected":false},"excerpt":{"rendered":"<p>\u0110\u01b0\u1ee3c t\u1ea1o ra b\u1edfi gia t\u1ed9c Calabria, B\u00e9lena ch\u00ednh l\u00e0 s\u1ef1 b\u00e0y t\u1ecf l\u00f2ng t\u00f4n k\u00ednh \u0111\u1ed1i v\u1edbi th\u1ebf h\u1ec7 th\u1ee9 hai- Bill v\u00e0 Lena Calabria. V\u1edbi ni\u1ec1m \u0111am m\u00ea r\u01b0\u1ee3u vang, h\u1ecd \u0111\u00e3 l\u00e0m vi\u1ec7c ch\u0103m ch\u1ec9 v\u01b0\u1ee3t qua c\u00e1c th\u1eed th\u00e1ch \u0111\u1ec3 mang l\u1ea1i m\u1ed9t t\u01b0\u01a1ng lai t\u1ed1t \u0111\u1eb9p h\u01a1n cho th\u1ebf h\u1ec7 ti\u1ebfp theo trong gia t\u1ed9c. B\u00e9lena l\u00e0 h\u01a1i th\u1edf, l\u00e0 cu\u1ed9c s\u1ed1ng c\u1ee7a h\u1ecd.<\/p>","protected":false},"featured_media":4943,"template":"","meta":{"_acf_changed":false},"product_brand":[],"product_cat":[2578,93],"product_tag":[],"grape_varietal":[2625,2624],"wine_regions":[2658,2412],"class_list":{"0":"post-4942","1":"product","2":"type-product","3":"status-publish","4":"has-post-thumbnail","6":"product_cat-sweet-wine","7":"product_cat-wine","8":"pa_brand-belena","9":"grape_varietal-muscat","10":"grape_varietal-sweet","11":"wine_regions-griffith","12":"wine_regions-new-south-wales","14":"first","15":"instock","16":"shipping-taxable","17":"product-type-simple"},"acf":[],"yoast_head":"<!-- This site is optimized with the Yoast SEO plugin v27.1.1 - https:\/\/yoast.com\/product\/yoast-seo-wordpress\/ -->\n<title>Calabria B\u00e9lena Moscato - Rada Wines<\/title>\n<meta name=\"robots\" content=\"index, follow, max-snippet:-1, max-image-preview:large, max-video-preview:-1\" \/>\n<link rel=\"canonical\" href=\"https:\/\/www.ilovewines.vn\/vi\/san-pham\/calabria-belena-moscato\/\" \/>\n<meta property=\"og:locale\" content=\"vi_VN\" \/>\n<meta property=\"og:type\" content=\"article\" \/>\n<meta property=\"og:title\" content=\"Calabria B\u00e9lena Moscato - Rada Wines\" \/>\n<meta property=\"og:description\" content=\"Crafted by the Calabria Family, B\u00c9LENA pays homage to the second generation, Bill and Lena Calabria. With a determined spirit, grace and tenacity they worked hard through the tough times to provide a better future for the next generation \u2013 a true partnership.\" \/>\n<meta property=\"og:url\" content=\"https:\/\/www.ilovewines.vn\/vi\/san-pham\/calabria-belena-moscato\/\" \/>\n<meta property=\"og:site_name\" content=\"Rada Wines\" \/>\n<meta property=\"article:modified_time\" content=\"2023-11-22T07:39:19+00:00\" \/>\n<meta property=\"og:image\" content=\"https:\/\/www.ilovewines.vn\/wp-content\/uploads\/2023\/11\/Belena-Moscato--scaled.jpg\" \/>\n\t<meta property=\"og:image:width\" content=\"1218\" \/>\n\t<meta property=\"og:image:height\" content=\"2560\" \/>\n\t<meta property=\"og:image:type\" content=\"image\/jpeg\" \/>\n<meta name=\"twitter:card\" content=\"summary_large_image\" \/>\n<meta name=\"twitter:label1\" content=\"\u01af\u1edbc t\u00ednh th\u1eddi gian \u0111\u1ecdc\" \/>\n\t<meta name=\"twitter:data1\" content=\"1 ph\u00fat\" \/>\n<script type=\"application\/ld+json\" class=\"yoast-schema-graph\">{\"@context\":\"https:\/\/schema.org\",\"@graph\":[{\"@type\":\"WebPage\",\"@id\":\"https:\/\/www.ilovewines.vn\/product\/calabria-belena-moscato\/\",\"url\":\"https:\/\/www.ilovewines.vn\/product\/calabria-belena-moscato\/\",\"name\":\"Calabria B\u00e9lena Moscato - Rada Wines\",\"isPartOf\":{\"@id\":\"https:\/\/www.ilovewines.vn\/#website\"},\"primaryImageOfPage\":{\"@id\":\"https:\/\/www.ilovewines.vn\/product\/calabria-belena-moscato\/#primaryimage\"},\"image\":{\"@id\":\"https:\/\/www.ilovewines.vn\/product\/calabria-belena-moscato\/#primaryimage\"},\"thumbnailUrl\":\"https:\/\/www.ilovewines.vn\/wp-content\/uploads\/2023\/11\/Belena-Moscato--scaled.jpg\",\"datePublished\":\"2023-11-15T10:01:05+00:00\",\"dateModified\":\"2023-11-22T07:39:19+00:00\",\"breadcrumb\":{\"@id\":\"https:\/\/www.ilovewines.vn\/product\/calabria-belena-moscato\/#breadcrumb\"},\"inLanguage\":\"vi\",\"potentialAction\":[{\"@type\":\"ReadAction\",\"target\":[\"https:\/\/www.ilovewines.vn\/product\/calabria-belena-moscato\/\"]}]},{\"@type\":\"ImageObject\",\"inLanguage\":\"vi\",\"@id\":\"https:\/\/www.ilovewines.vn\/product\/calabria-belena-moscato\/#primaryimage\",\"url\":\"https:\/\/www.ilovewines.vn\/wp-content\/uploads\/2023\/11\/Belena-Moscato--scaled.jpg\",\"contentUrl\":\"https:\/\/www.ilovewines.vn\/wp-content\/uploads\/2023\/11\/Belena-Moscato--scaled.jpg\",\"width\":1218,\"height\":2560},{\"@type\":\"BreadcrumbList\",\"@id\":\"https:\/\/www.ilovewines.vn\/product\/calabria-belena-moscato\/#breadcrumb\",\"itemListElement\":[{\"@type\":\"ListItem\",\"position\":1,\"name\":\"Home\",\"item\":\"https:\/\/www.ilovewines.vn\/\"},{\"@type\":\"ListItem\",\"position\":2,\"name\":\"Catalogue\",\"item\":\"https:\/\/www.ilovewines.vn\/catalogue\/\"},{\"@type\":\"ListItem\",\"position\":3,\"name\":\"Calabria B\u00e9lena Moscato\"}]},{\"@type\":\"WebSite\",\"@id\":\"https:\/\/www.ilovewines.vn\/#website\",\"url\":\"https:\/\/www.ilovewines.vn\/\",\"name\":\"Rada Wines\",\"description\":\"Just another WordPress site\",\"publisher\":{\"@id\":\"https:\/\/www.ilovewines.vn\/#organization\"},\"potentialAction\":[{\"@type\":\"SearchAction\",\"target\":{\"@type\":\"EntryPoint\",\"urlTemplate\":\"https:\/\/www.ilovewines.vn\/?s={search_term_string}\"},\"query-input\":{\"@type\":\"PropertyValueSpecification\",\"valueRequired\":true,\"valueName\":\"search_term_string\"}}],\"inLanguage\":\"vi\"},{\"@type\":\"Organization\",\"@id\":\"https:\/\/www.ilovewines.vn\/#organization\",\"name\":\"Rada Wines\",\"url\":\"https:\/\/www.ilovewines.vn\/\",\"logo\":{\"@type\":\"ImageObject\",\"inLanguage\":\"vi\",\"@id\":\"https:\/\/www.ilovewines.vn\/#\/schema\/logo\/image\/\",\"url\":\"https:\/\/www.ilovewines.vn\/wp-content\/uploads\/2022\/06\/cropped-162574230_380766779846763_4426584222903300096_n.jpg\",\"contentUrl\":\"https:\/\/www.ilovewines.vn\/wp-content\/uploads\/2022\/06\/cropped-162574230_380766779846763_4426584222903300096_n.jpg\",\"width\":320,\"height\":206,\"caption\":\"Rada Wines\"},\"image\":{\"@id\":\"https:\/\/www.ilovewines.vn\/#\/schema\/logo\/image\/\"}}]}<\/script>\n<!-- \/ Yoast SEO plugin. -->","yoast_head_json":{"title":"Calabria B\u00e9lena Moscato - Rada Wines","robots":{"index":"index","follow":"follow","max-snippet":"max-snippet:-1","max-image-preview":"max-image-preview:large","max-video-preview":"max-video-preview:-1"},"canonical":"https:\/\/www.ilovewines.vn\/vi\/san-pham\/calabria-belena-moscato\/","og_locale":"vi_VN","og_type":"article","og_title":"Calabria B\u00e9lena Moscato - Rada Wines","og_description":"Crafted by the Calabria Family, B\u00c9LENA pays homage to the second generation, Bill and Lena Calabria. With a determined spirit, grace and tenacity they worked hard through the tough times to provide a better future for the next generation \u2013 a true partnership.","og_url":"https:\/\/www.ilovewines.vn\/vi\/san-pham\/calabria-belena-moscato\/","og_site_name":"Rada Wines","article_modified_time":"2023-11-22T07:39:19+00:00","og_image":[{"width":1218,"height":2560,"url":"https:\/\/www.ilovewines.vn\/wp-content\/uploads\/2023\/11\/Belena-Moscato--scaled.jpg","type":"image\/jpeg"}],"twitter_card":"summary_large_image","twitter_misc":{"\u01af\u1edbc t\u00ednh th\u1eddi gian \u0111\u1ecdc":"1 ph\u00fat"},"schema":{"@context":"https:\/\/schema.org","@graph":[{"@type":"WebPage","@id":"https:\/\/www.ilovewines.vn\/product\/calabria-belena-moscato\/","url":"https:\/\/www.ilovewines.vn\/product\/calabria-belena-moscato\/","name":"Calabria B\u00e9lena Moscato - Rada Wines","isPartOf":{"@id":"https:\/\/www.ilovewines.vn\/#website"},"primaryImageOfPage":{"@id":"https:\/\/www.ilovewines.vn\/product\/calabria-belena-moscato\/#primaryimage"},"image":{"@id":"https:\/\/www.ilovewines.vn\/product\/calabria-belena-moscato\/#primaryimage"},"thumbnailUrl":"https:\/\/www.ilovewines.vn\/wp-content\/uploads\/2023\/11\/Belena-Moscato--scaled.jpg","datePublished":"2023-11-15T10:01:05+00:00","dateModified":"2023-11-22T07:39:19+00:00","breadcrumb":{"@id":"https:\/\/www.ilovewines.vn\/product\/calabria-belena-moscato\/#breadcrumb"},"inLanguage":"vi","potentialAction":[{"@type":"ReadAction","target":["https:\/\/www.ilovewines.vn\/product\/calabria-belena-moscato\/"]}]},{"@type":"ImageObject","inLanguage":"vi","@id":"https:\/\/www.ilovewines.vn\/product\/calabria-belena-moscato\/#primaryimage","url":"https:\/\/www.ilovewines.vn\/wp-content\/uploads\/2023\/11\/Belena-Moscato--scaled.jpg","contentUrl":"https:\/\/www.ilovewines.vn\/wp-content\/uploads\/2023\/11\/Belena-Moscato--scaled.jpg","width":1218,"height":2560},{"@type":"BreadcrumbList","@id":"https:\/\/www.ilovewines.vn\/product\/calabria-belena-moscato\/#breadcrumb","itemListElement":[{"@type":"ListItem","position":1,"name":"Home","item":"https:\/\/www.ilovewines.vn\/"},{"@type":"ListItem","position":2,"name":"Catalogue","item":"https:\/\/www.ilovewines.vn\/catalogue\/"},{"@type":"ListItem","position":3,"name":"Calabria B\u00e9lena Moscato"}]},{"@type":"WebSite","@id":"https:\/\/www.ilovewines.vn\/#website","url":"https:\/\/www.ilovewines.vn\/","name":"Rada Wines","description":"Just another WordPress site","publisher":{"@id":"https:\/\/www.ilovewines.vn\/#organization"},"potentialAction":[{"@type":"SearchAction","target":{"@type":"EntryPoint","urlTemplate":"https:\/\/www.ilovewines.vn\/?s={search_term_string}"},"query-input":{"@type":"PropertyValueSpecification","valueRequired":true,"valueName":"search_term_string"}}],"inLanguage":"vi"},{"@type":"Organization","@id":"https:\/\/www.ilovewines.vn\/#organization","name":"Rada Wines","url":"https:\/\/www.ilovewines.vn\/","logo":{"@type":"ImageObject","inLanguage":"vi","@id":"https:\/\/www.ilovewines.vn\/#\/schema\/logo\/image\/","url":"https:\/\/www.ilovewines.vn\/wp-content\/uploads\/2022\/06\/cropped-162574230_380766779846763_4426584222903300096_n.jpg","contentUrl":"https:\/\/www.ilovewines.vn\/wp-content\/uploads\/2022\/06\/cropped-162574230_380766779846763_4426584222903300096_n.jpg","width":320,"height":206,"caption":"Rada Wines"},"image":{"@id":"https:\/\/www.ilovewines.vn\/#\/schema\/logo\/image\/"}}]}},"_links":{"self":[{"href":"https:\/\/www.ilovewines.vn\/vi\/wp-json\/wp\/v2\/product\/4942","targetHints":{"allow":["GET"]}}],"collection":[{"href":"https:\/\/www.ilovewines.vn\/vi\/wp-json\/wp\/v2\/product"}],"about":[{"href":"https:\/\/www.ilovewines.vn\/vi\/wp-json\/wp\/v2\/types\/product"}],"version-history":[{"count":1,"href":"https:\/\/www.ilovewines.vn\/vi\/wp-json\/wp\/v2\/product\/4942\/revisions"}],"predecessor-version":[{"id":5043,"href":"https:\/\/www.ilovewines.vn\/vi\/wp-json\/wp\/v2\/product\/4942\/revisions\/5043"}],"wp:featuredmedia":[{"embeddable":true,"href":"https:\/\/www.ilovewines.vn\/vi\/wp-json\/wp\/v2\/media\/4943"}],"wp:attachment":[{"href":"https:\/\/www.ilovewines.vn\/vi\/wp-json\/wp\/v2\/media?parent=4942"}],"wp:term":[{"taxonomy":"product_brand","embeddable":true,"href":"https:\/\/www.ilovewines.vn\/vi\/wp-json\/wp\/v2\/product_brand?post=4942"},{"taxonomy":"product_cat","embeddable":true,"href":"https:\/\/www.ilovewines.vn\/vi\/wp-json\/wp\/v2\/product_cat?post=4942"},{"taxonomy":"product_tag","embeddable":true,"href":"https:\/\/www.ilovewines.vn\/vi\/wp-json\/wp\/v2\/product_tag?post=4942"},{"taxonomy":"grape_varietal","embeddable":true,"href":"https:\/\/www.ilovewines.vn\/vi\/wp-json\/wp\/v2\/grape_varietal?post=4942"},{"taxonomy":"wine_regions","embeddable":true,"href":"https:\/\/www.ilovewines.vn\/vi\/wp-json\/wp\/v2\/wine_regions?post=4942"}],"curies":[{"name":"wp","href":"https:\/\/api.w.org\/{rel}","templated":true}]}}