{"id":4999,"date":"2024-01-17T00:57:44","date_gmt":"2024-01-17T07:57:44","guid":{"rendered":"https:\/\/www.ilovewines.vn\/?post_type=product&#038;p=4999"},"modified":"2024-01-17T00:57:44","modified_gmt":"2024-01-17T07:57:44","slug":"tahbilk-1927-vines-marsanne","status":"publish","type":"product","link":"https:\/\/www.ilovewines.vn\/vi\/product\/tahbilk-1927-vines-marsanne\/","title":{"rendered":"Tahbilk \u20181927 Vines\u2019 Marsanne"},"content":{"rendered":"<p>V\u00d9NG R\u01af\u1ee2U: Nagambie Lakes<\/p>\n<p>NGU\u1ed2N NHO: \u0110i\u1ec1n trang Tahbilk<\/p>\n<p>GRAPE VARIETY: Marsanne<\/p>\n<p>TR\u01af\u1edeNG TH\u00c0NH: trong th\u00f9ng th\u00e9p kh\u00f4ng g\u1ec9<\/p>\n<p>NI\u00caN V\u1ee4 2015<\/p>\n<p>M\u00f9a \u0111\u00f4ng b\u1eaft \u0111\u1ea7u thu\u1eadn l\u1ee3i v\u1edbi l\u01b0\u1ee3ng m\u01b0a trung b\u00ecnh trong th\u00e1ng 6 v\u00e0 th\u00e1ng 7 v\u00e0 sau \u0111\u00f3 v\u1ec1 c\u01a1 b\u1ea3n kh\u00f4ng c\u00f3 l\u01b0\u1ee3ng m\u01b0a trong th\u00e1ng 8. Ki\u1ec3u m\u01b0a nh\u01b0 t\u00e0u l\u01b0\u1ee3n si\u00eau t\u1ed1c n\u00e0y ti\u1ebfp t\u1ee5c k\u00e9o d\u00e0i su\u1ed1t m\u00f9a xu\u00e2n v\u00e0 m\u00f9a h\u00e8 v\u1edbi m\u1ed9t s\u1ed1 th\u00e1ng tr\u00ean, m\u1ed9t s\u1ed1 th\u00e1ng d\u01b0\u1edbi - m\u1ed9t kho\u1ea3ng th\u1eddi gian \u0111\u00e1ng lo ng\u1ea1i \u0111\u1ed1i v\u1edbi nh\u1eefng ng\u01b0\u1eddi qu\u1ea3n l\u00fd v\u01b0\u1eddn nho c\u1ee7a ch\u00fang t\u00f4i. B\u1ea5t ch\u1ea5p nh\u1eefng m\u00f4i tr\u01b0\u1eddng bi\u1ebfn \u0111\u1ed9ng n\u00e0y, v\u1edbi \u0111i\u1ec1u ki\u1ec7n \u1ea5m \u00e1p, gi\u00f3 th\u1ed5i v\u00e0 d\u1ef1 b\u00e1o v\u1ec1 m\u01b0a r\u00e0o v\u00e0 \u0111\u1ed9 \u1ea9m, c\u00e1c v\u01b0\u1eddn nho v\u1eabn kh\u1ecfe m\u1ea1nh v\u00e0 kh\u00f4ng c\u00f3 b\u1ec7nh t\u1eadt. M\u1ed9t v\u00e0i c\u01a1n m\u01b0a ch\u00e0o \u0111\u00f3n v\u00e0o gi\u1eefa th\u00e1ng Gi\u00eang \u0111\u00e3 khi\u1ebfn nh\u1eefng v\u01b0\u1eddn nho tr\u00f4ng xanh t\u01b0\u01a1i r\u1ef1c r\u1ee1 v\u1edbi nh\u1eefng t\u00e1n c\u00e2y r\u1ed9ng m\u1edf v\u00e0 nh\u1eefng ch\u00f9m ph\u00e2n b\u1ed1 \u0111\u1ec1u. V\u1ee5 thu ho\u1ea1ch di\u1ec5n ra g\u1ea5p r\u00fat v\u1edbi m\u1ed9t trong nh\u1eefng th\u1eddi \u0111i\u1ec3m b\u1eaft \u0111\u1ea7u s\u1edbm nh\u1ea5t t\u1eeb \u200b\u200btr\u01b0\u1edbc \u0111\u1ebfn nay, tuy nhi\u00ean, th\u1eddi gian ch\u00edn t\u1ea1m l\u1eafng \u1edf gi\u1eefa v\u1ee5 thu ho\u1ea1ch \u0111\u00e3 cho ph\u00e9p ch\u00fang t\u00f4i b\u1eaft k\u1ecbp. R\u01b0\u1ee3u vang \u0111\u1ecf c\u00f3 \u0111\u1ed9 ch\u00edn t\u1ed1i \u01b0u v\u1edbi h\u01b0\u01a1ng v\u1ecb t\u01b0\u01a1i s\u00e1ng v\u00e0 \u0111\u1eadm \u0111\u1eb7c c\u00f2n r\u01b0\u1ee3u vang tr\u1eafng c\u00f3 \u0111\u1eb7c \u0111i\u1ec3m r\u1ea5t \u0111a d\u1ea1ng.<\/p>\n<p>C\u1ea2M NH\u1eacN GI\u00c1C QUAN<\/p>\n<p>\u201cV\u1edbi s\u00e1u n\u0103m \u1ee7 trong chai tr\u01b0\u1edbc khi ph\u00e1t h\u00e0nh, th\u1eddi gian ch\u1ec9 m\u1edbi b\u1eaft \u0111\u1ea7u t\u1ea1o n\u00ean \u0111i\u1ec1u k\u1ef3 di\u1ec7u v\u1edbi phi\u00ean b\u1ea3n \u20181927 Vines\u2019 n\u00e0y. Gia v\u1ecb g\u1eebng s\u1ed1ng \u0111\u1ed9ng, s\u1eefa \u0111\u00f4ng chanh v\u00e0 ch\u00fat kim ng\u00e2n t\u1ea1o n\u00ean h\u01b0\u01a1ng v\u1ecb c\u1ee7a cam qu\u00fdt v\u00e0 tr\u00e1i c\u00e2y nhi\u1ec7t \u0111\u1edbi \u0111\u1eadm \u0111\u00e0 \u0111\u01b0\u1ee3c k\u1ebft h\u1ee3p b\u1edfi d\u00f2ng axit kho\u00e1ng \u0111\u1eb7c bi\u1ec7t s\u1ebd \u0111\u01b0a lo\u1ea1i r\u01b0\u1ee3u n\u00e0y ph\u00e1t tri\u1ec3n t\u1ed1t trong t\u01b0\u01a1ng lai v\u1edbi \u0111\u1eb7c t\u00ednh v\u00e0 \u0111\u1ed9 ph\u1ee9c t\u1ea1p h\u01a1n n\u1eefa s\u1ebd \u0111\u01b0\u1ee3c hi\u1ec7n th\u1ef1c h\u00f3a \u0111\u1ebfn n\u0103m 2040 v\u00e0 h\u01a1n th\u1ebf n\u1eefa.\"<\/p>\n<p>V\u1ec0 R\u01af\u1ee2U C\u1ee6A CH\u00daNG T\u00d4I<\/p>\n<p>\u0110\u01b0\u1ee3c th\u00e0nh l\u1eadp v\u00e0o n\u0103m 1860 v\u00e0 \u0111\u01b0\u1ee3c gia \u0111\u00ecnh Purbrick mua l\u1ea1i v\u00e0o n\u0103m 1925, Tahbilk may m\u1eafn c\u00f3 \u0111\u01b0\u1ee3c nh\u1eefng v\u01b0\u1eddn nho l\u00e2u \u0111\u1eddi h\u01a1n \u0111\u00e1ng k\u1ec3. Nh\u1eefng lo\u1ea1i r\u01b0\u1ee3u vang ph\u00e1t h\u00e0nh gi\u1edbi h\u1ea1n n\u00e0y \u0111\u01b0\u1ee3c s\u1ea3n xu\u1ea5t t\u1eeb \u200b\u200b\u200b\u200bnh\u1eefng c\u00e2y nho Marsanne \u0111\u01b0\u1ee3c tr\u1ed3ng n\u0103m 1927 c\u1ee7a Estate - m\u1ed9t trong nh\u1eefng v\u01b0\u1eddn nho l\u00e2u \u0111\u1eddi nh\u1ea5t tr\u00ean th\u1ebf gi\u1edbi. Nho \u0111\u01b0\u1ee3c thu ho\u1ea1ch s\u1edbm \u1edf m\u1ee9c axit t\u1ef1 nhi\u00ean cao, kh\u00f4ng th\u00eam h\u00f3a ch\u1ea5t v\u00e0 n\u01b0\u1edbc \u00e9p b\u1ecb oxy h\u00f3a ho\u00e0n to\u00e0n. N\u01b0\u1edbc nho s\u1ea1ch sau \u0111\u00f3 \u0111\u01b0\u1ee3c l\u00ean men \u1edf nhi\u1ec7t \u0111\u1ed9 11\u00b0 \u0111\u1ebfn 15\u00b0C t\u1ea1o th\u00e0nh r\u01b0\u1ee3u tr\u1eafng nh\u01b0 n\u01b0\u1edbc, c\u00f3 t\u00ednh axit cao v\u00e0 kh\u00f4ng c\u00f3 h\u01b0\u01a1ng v\u1ecb. R\u01b0\u1ee3u \u0111\u01b0\u1ee3c \u0111\u00f3ng chai v\u00e0 r\u1ed3i \u0111i\u1ec1u k\u1ef3 di\u1ec7u s\u1ebd x\u1ea3y ra. \u201cN\u00f3 ph\u00e1t tri\u1ec3n th\u00e0nh m\u1ed9t lo\u1ea1i r\u01b0\u1ee3u kho\u00e1ng tuy\u1ec7t v\u1eddi, c\u00f3 k\u1ebft c\u1ea5u\u2026 \u0111\u00f3 l\u00e0 c\u00e2u chuy\u1ec7n t\u1eeb v\u1ecbt con x\u1ea5u x\u00ed \u0111\u1ebfn thi\u00ean nga xinh \u0111\u1eb9p.\u201d Alister Purbrick ~ Nh\u00e0 s\u1ea3n xu\u1ea5t r\u01b0\u1ee3u vang &amp; th\u1ebf h\u1ec7 th\u1ee9 4. \u201cC\u00e1i hay c\u1ee7a vi\u1ec7c l\u00e0m r\u01b0\u1ee3u theo c\u00e1ch n\u00e0y l\u00e0 n\u00f3 ph\u00e1t tri\u1ec3n trong chai r\u1ea5t ch\u1eadm v\u00e0 c\u00f3 ti\u1ec1m n\u0103ng b\u1ea3o qu\u1ea3n l\u00e2u d\u00e0i.\u201d<\/p>\n<p>PH\u00c2N T\u00cdCH<\/p>\n<p>Axit: 7.1 g\/l<\/p>\n<p>pH: 3.09<\/p>\n<p>\u0110\u1ed9 c\u1ed3n: 11.0% v\/v<\/p>\n<p><img decoding=\"async\" class=\"alignnone size-full wp-image-5005\" src=\"https:\/\/www.ilovewines.vn\/wp-content\/uploads\/2023\/12\/Screenshot-2023-12-01-174654.png\" alt=\"\" width=\"520\" height=\"60\" srcset=\"https:\/\/www.ilovewines.vn\/wp-content\/uploads\/2023\/12\/Screenshot-2023-12-01-174654.png 520w, https:\/\/www.ilovewines.vn\/wp-content\/uploads\/2023\/12\/Screenshot-2023-12-01-174654-500x58.png 500w, https:\/\/www.ilovewines.vn\/wp-content\/uploads\/2023\/12\/Screenshot-2023-12-01-174654-300x35.png 300w, https:\/\/www.ilovewines.vn\/wp-content\/uploads\/2023\/12\/Screenshot-2023-12-01-174654-18x2.png 18w, https:\/\/www.ilovewines.vn\/wp-content\/uploads\/2023\/12\/Screenshot-2023-12-01-174654-200x23.png 200w, https:\/\/www.ilovewines.vn\/wp-content\/uploads\/2023\/12\/Screenshot-2023-12-01-174654-400x46.png 400w\" sizes=\"(max-width: 520px) 100vw, 520px\" \/><\/p>\n<p><img decoding=\"async\" class=\"alignnone size-full wp-image-5007\" src=\"https:\/\/www.ilovewines.vn\/wp-content\/uploads\/2023\/12\/Screenshot-2023-12-01-174912.png\" alt=\"\" width=\"634\" height=\"51\" srcset=\"https:\/\/www.ilovewines.vn\/wp-content\/uploads\/2023\/12\/Screenshot-2023-12-01-174912.png 634w, https:\/\/www.ilovewines.vn\/wp-content\/uploads\/2023\/12\/Screenshot-2023-12-01-174912-500x40.png 500w, https:\/\/www.ilovewines.vn\/wp-content\/uploads\/2023\/12\/Screenshot-2023-12-01-174912-300x24.png 300w, https:\/\/www.ilovewines.vn\/wp-content\/uploads\/2023\/12\/Screenshot-2023-12-01-174912-18x1.png 18w, https:\/\/www.ilovewines.vn\/wp-content\/uploads\/2023\/12\/Screenshot-2023-12-01-174912-200x16.png 200w, https:\/\/www.ilovewines.vn\/wp-content\/uploads\/2023\/12\/Screenshot-2023-12-01-174912-400x32.png 400w, https:\/\/www.ilovewines.vn\/wp-content\/uploads\/2023\/12\/Screenshot-2023-12-01-174912-600x48.png 600w\" sizes=\"(max-width: 634px) 100vw, 634px\" \/><\/p>\n<p><img decoding=\"async\" class=\"alignnone size-full wp-image-5008\" src=\"https:\/\/www.ilovewines.vn\/wp-content\/uploads\/2023\/12\/Screenshot-2023-12-01-174529.png\" alt=\"\" width=\"84\" height=\"87\" srcset=\"https:\/\/www.ilovewines.vn\/wp-content\/uploads\/2023\/12\/Screenshot-2023-12-01-174529.png 84w, https:\/\/www.ilovewines.vn\/wp-content\/uploads\/2023\/12\/Screenshot-2023-12-01-174529-12x12.png 12w\" sizes=\"(max-width: 84px) 100vw, 84px\" \/><img loading=\"lazy\" decoding=\"async\" class=\"alignnone size-full wp-image-5009\" src=\"https:\/\/www.ilovewines.vn\/wp-content\/uploads\/2023\/12\/Screenshot-2023-12-01-174540.png\" alt=\"\" width=\"84\" height=\"102\" srcset=\"https:\/\/www.ilovewines.vn\/wp-content\/uploads\/2023\/12\/Screenshot-2023-12-01-174540.png 84w, https:\/\/www.ilovewines.vn\/wp-content\/uploads\/2023\/12\/Screenshot-2023-12-01-174540-10x12.png 10w\" sizes=\"(max-width: 84px) 100vw, 84px\" \/><img loading=\"lazy\" decoding=\"async\" class=\"alignnone size-full wp-image-5010\" src=\"https:\/\/www.ilovewines.vn\/wp-content\/uploads\/2023\/12\/Screenshot-2023-12-01-174552.png\" alt=\"\" width=\"96\" height=\"92\" srcset=\"https:\/\/www.ilovewines.vn\/wp-content\/uploads\/2023\/12\/Screenshot-2023-12-01-174552.png 96w, https:\/\/www.ilovewines.vn\/wp-content\/uploads\/2023\/12\/Screenshot-2023-12-01-174552-13x12.png 13w\" sizes=\"(max-width: 96px) 100vw, 96px\" \/><\/p>","protected":false},"excerpt":{"rendered":"<p>Nh\u1eefng chai r\u01b0\u1ee3u vang phi\u00ean b\u1ea3n gi\u1edbi h\u1ea1n n\u00e0y \u0111\u01b0\u1ee3c s\u1ea3n xu\u1ea5t t\u1eeb nh\u1eefng tr\u00e1i nho Marsanne \u0111\u01b0\u1ee3c tr\u1ed3ng \u1edf Estate 1927- m\u1ed9t trong nh\u1eefng v\u01b0\u1eddn nho l\u00e2u \u0111\u1eddi nh\u1ea5t tr\u00ean th\u1ebf gi\u1edbi.<\/p>","protected":false},"featured_media":5000,"template":"","meta":{"_acf_changed":false},"product_brand":[],"product_cat":[89,93],"product_tag":[],"grape_varietal":[2660],"wine_regions":[2662,2411],"class_list":{"0":"post-4999","1":"product","2":"type-product","3":"status-publish","4":"has-post-thumbnail","6":"product_cat-white-wine","7":"product_cat-wine","8":"pa_brand-tahbilk","9":"grape_varietal-marsanne","10":"wine_regions-nagambie-lakes","11":"wine_regions-victoria","13":"first","14":"instock","15":"shipping-taxable","16":"product-type-simple"},"acf":[],"yoast_head":"<!-- This site is optimized with the Yoast SEO plugin v27.4 - https:\/\/yoast.com\/product\/yoast-seo-wordpress\/ -->\n<title>Tahbilk \u20181927 Vines\u2019 Marsanne - Rada Wines<\/title>\n<meta name=\"robots\" content=\"index, follow, max-snippet:-1, max-image-preview:large, max-video-preview:-1\" \/>\n<link rel=\"canonical\" href=\"https:\/\/www.ilovewines.vn\/vi\/san-pham\/tahbilk-1927-vines-marsanne\/\" \/>\n<meta property=\"og:locale\" content=\"vi_VN\" \/>\n<meta property=\"og:type\" content=\"article\" \/>\n<meta property=\"og:title\" content=\"Tahbilk \u20181927 Vines\u2019 Marsanne - Rada Wines\" \/>\n<meta property=\"og:description\" content=\"These limited release wines are produced from the Estate\u2019s 1927 planted Marsanne vines \u2013 some of the oldest in the world!\" \/>\n<meta property=\"og:url\" content=\"https:\/\/www.ilovewines.vn\/vi\/san-pham\/tahbilk-1927-vines-marsanne\/\" \/>\n<meta property=\"og:site_name\" content=\"Rada Wines\" \/>\n<meta property=\"og:image\" content=\"https:\/\/www.ilovewines.vn\/wp-content\/uploads\/2023\/11\/TAHBILK-2015-1927-Vines-Marsanne_High-Res-Bottle-scaled-e1701428063453.jpg\" \/>\n\t<meta property=\"og:image:width\" content=\"213\" \/>\n\t<meta property=\"og:image:height\" content=\"800\" \/>\n\t<meta property=\"og:image:type\" content=\"image\/jpeg\" \/>\n<meta name=\"twitter:card\" content=\"summary_large_image\" \/>\n<meta name=\"twitter:label1\" content=\"\u01af\u1edbc t\u00ednh th\u1eddi gian \u0111\u1ecdc\" \/>\n\t<meta name=\"twitter:data1\" content=\"2 ph\u00fat\" \/>\n<script type=\"application\/ld+json\" class=\"yoast-schema-graph\">{\"@context\":\"https:\\\/\\\/schema.org\",\"@graph\":[{\"@type\":\"WebPage\",\"@id\":\"https:\\\/\\\/www.ilovewines.vn\\\/product\\\/tahbilk-1927-vines-marsanne\\\/\",\"url\":\"https:\\\/\\\/www.ilovewines.vn\\\/product\\\/tahbilk-1927-vines-marsanne\\\/\",\"name\":\"Tahbilk \u20181927 Vines\u2019 Marsanne - Rada Wines\",\"isPartOf\":{\"@id\":\"https:\\\/\\\/www.ilovewines.vn\\\/#website\"},\"primaryImageOfPage\":{\"@id\":\"https:\\\/\\\/www.ilovewines.vn\\\/product\\\/tahbilk-1927-vines-marsanne\\\/#primaryimage\"},\"image\":{\"@id\":\"https:\\\/\\\/www.ilovewines.vn\\\/product\\\/tahbilk-1927-vines-marsanne\\\/#primaryimage\"},\"thumbnailUrl\":\"https:\\\/\\\/www.ilovewines.vn\\\/wp-content\\\/uploads\\\/2023\\\/11\\\/TAHBILK-2015-1927-Vines-Marsanne_High-Res-Bottle-scaled-e1701428063453.jpg\",\"datePublished\":\"2024-01-17T07:57:44+00:00\",\"breadcrumb\":{\"@id\":\"https:\\\/\\\/www.ilovewines.vn\\\/product\\\/tahbilk-1927-vines-marsanne\\\/#breadcrumb\"},\"inLanguage\":\"vi\",\"potentialAction\":[{\"@type\":\"ReadAction\",\"target\":[\"https:\\\/\\\/www.ilovewines.vn\\\/product\\\/tahbilk-1927-vines-marsanne\\\/\"]}]},{\"@type\":\"ImageObject\",\"inLanguage\":\"vi\",\"@id\":\"https:\\\/\\\/www.ilovewines.vn\\\/product\\\/tahbilk-1927-vines-marsanne\\\/#primaryimage\",\"url\":\"https:\\\/\\\/www.ilovewines.vn\\\/wp-content\\\/uploads\\\/2023\\\/11\\\/TAHBILK-2015-1927-Vines-Marsanne_High-Res-Bottle-scaled-e1701428063453.jpg\",\"contentUrl\":\"https:\\\/\\\/www.ilovewines.vn\\\/wp-content\\\/uploads\\\/2023\\\/11\\\/TAHBILK-2015-1927-Vines-Marsanne_High-Res-Bottle-scaled-e1701428063453.jpg\",\"width\":213,\"height\":800},{\"@type\":\"BreadcrumbList\",\"@id\":\"https:\\\/\\\/www.ilovewines.vn\\\/product\\\/tahbilk-1927-vines-marsanne\\\/#breadcrumb\",\"itemListElement\":[{\"@type\":\"ListItem\",\"position\":1,\"name\":\"Home\",\"item\":\"https:\\\/\\\/www.ilovewines.vn\\\/\"},{\"@type\":\"ListItem\",\"position\":2,\"name\":\"Catalogue\",\"item\":\"https:\\\/\\\/www.ilovewines.vn\\\/catalogue\\\/\"},{\"@type\":\"ListItem\",\"position\":3,\"name\":\"Tahbilk \u20181927 Vines\u2019 Marsanne\"}]},{\"@type\":\"WebSite\",\"@id\":\"https:\\\/\\\/www.ilovewines.vn\\\/#website\",\"url\":\"https:\\\/\\\/www.ilovewines.vn\\\/\",\"name\":\"Rada Wines\",\"description\":\"Just another WordPress site\",\"publisher\":{\"@id\":\"https:\\\/\\\/www.ilovewines.vn\\\/#organization\"},\"potentialAction\":[{\"@type\":\"SearchAction\",\"target\":{\"@type\":\"EntryPoint\",\"urlTemplate\":\"https:\\\/\\\/www.ilovewines.vn\\\/?s={search_term_string}\"},\"query-input\":{\"@type\":\"PropertyValueSpecification\",\"valueRequired\":true,\"valueName\":\"search_term_string\"}}],\"inLanguage\":\"vi\"},{\"@type\":\"Organization\",\"@id\":\"https:\\\/\\\/www.ilovewines.vn\\\/#organization\",\"name\":\"Rada Wines\",\"url\":\"https:\\\/\\\/www.ilovewines.vn\\\/\",\"logo\":{\"@type\":\"ImageObject\",\"inLanguage\":\"vi\",\"@id\":\"https:\\\/\\\/www.ilovewines.vn\\\/#\\\/schema\\\/logo\\\/image\\\/\",\"url\":\"https:\\\/\\\/www.ilovewines.vn\\\/wp-content\\\/uploads\\\/2022\\\/06\\\/cropped-162574230_380766779846763_4426584222903300096_n.jpg\",\"contentUrl\":\"https:\\\/\\\/www.ilovewines.vn\\\/wp-content\\\/uploads\\\/2022\\\/06\\\/cropped-162574230_380766779846763_4426584222903300096_n.jpg\",\"width\":320,\"height\":206,\"caption\":\"Rada Wines\"},\"image\":{\"@id\":\"https:\\\/\\\/www.ilovewines.vn\\\/#\\\/schema\\\/logo\\\/image\\\/\"}}]}<\/script>\n<!-- \/ Yoast SEO plugin. -->","yoast_head_json":{"title":"Tahbilk \u20181927 Vines\u2019 Marsanne - Rada Wines","robots":{"index":"index","follow":"follow","max-snippet":"max-snippet:-1","max-image-preview":"max-image-preview:large","max-video-preview":"max-video-preview:-1"},"canonical":"https:\/\/www.ilovewines.vn\/vi\/san-pham\/tahbilk-1927-vines-marsanne\/","og_locale":"vi_VN","og_type":"article","og_title":"Tahbilk \u20181927 Vines\u2019 Marsanne - Rada Wines","og_description":"These limited release wines are produced from the Estate\u2019s 1927 planted Marsanne vines \u2013 some of the oldest in the world!","og_url":"https:\/\/www.ilovewines.vn\/vi\/san-pham\/tahbilk-1927-vines-marsanne\/","og_site_name":"Rada Wines","og_image":[{"width":213,"height":800,"url":"https:\/\/www.ilovewines.vn\/wp-content\/uploads\/2023\/11\/TAHBILK-2015-1927-Vines-Marsanne_High-Res-Bottle-scaled-e1701428063453.jpg","type":"image\/jpeg"}],"twitter_card":"summary_large_image","twitter_misc":{"\u01af\u1edbc t\u00ednh th\u1eddi gian \u0111\u1ecdc":"2 ph\u00fat"},"schema":{"@context":"https:\/\/schema.org","@graph":[{"@type":"WebPage","@id":"https:\/\/www.ilovewines.vn\/product\/tahbilk-1927-vines-marsanne\/","url":"https:\/\/www.ilovewines.vn\/product\/tahbilk-1927-vines-marsanne\/","name":"Tahbilk \u20181927 Vines\u2019 Marsanne - Rada Wines","isPartOf":{"@id":"https:\/\/www.ilovewines.vn\/#website"},"primaryImageOfPage":{"@id":"https:\/\/www.ilovewines.vn\/product\/tahbilk-1927-vines-marsanne\/#primaryimage"},"image":{"@id":"https:\/\/www.ilovewines.vn\/product\/tahbilk-1927-vines-marsanne\/#primaryimage"},"thumbnailUrl":"https:\/\/www.ilovewines.vn\/wp-content\/uploads\/2023\/11\/TAHBILK-2015-1927-Vines-Marsanne_High-Res-Bottle-scaled-e1701428063453.jpg","datePublished":"2024-01-17T07:57:44+00:00","breadcrumb":{"@id":"https:\/\/www.ilovewines.vn\/product\/tahbilk-1927-vines-marsanne\/#breadcrumb"},"inLanguage":"vi","potentialAction":[{"@type":"ReadAction","target":["https:\/\/www.ilovewines.vn\/product\/tahbilk-1927-vines-marsanne\/"]}]},{"@type":"ImageObject","inLanguage":"vi","@id":"https:\/\/www.ilovewines.vn\/product\/tahbilk-1927-vines-marsanne\/#primaryimage","url":"https:\/\/www.ilovewines.vn\/wp-content\/uploads\/2023\/11\/TAHBILK-2015-1927-Vines-Marsanne_High-Res-Bottle-scaled-e1701428063453.jpg","contentUrl":"https:\/\/www.ilovewines.vn\/wp-content\/uploads\/2023\/11\/TAHBILK-2015-1927-Vines-Marsanne_High-Res-Bottle-scaled-e1701428063453.jpg","width":213,"height":800},{"@type":"BreadcrumbList","@id":"https:\/\/www.ilovewines.vn\/product\/tahbilk-1927-vines-marsanne\/#breadcrumb","itemListElement":[{"@type":"ListItem","position":1,"name":"Home","item":"https:\/\/www.ilovewines.vn\/"},{"@type":"ListItem","position":2,"name":"Catalogue","item":"https:\/\/www.ilovewines.vn\/catalogue\/"},{"@type":"ListItem","position":3,"name":"Tahbilk \u20181927 Vines\u2019 Marsanne"}]},{"@type":"WebSite","@id":"https:\/\/www.ilovewines.vn\/#website","url":"https:\/\/www.ilovewines.vn\/","name":"Rada Wines","description":"Just another WordPress site","publisher":{"@id":"https:\/\/www.ilovewines.vn\/#organization"},"potentialAction":[{"@type":"SearchAction","target":{"@type":"EntryPoint","urlTemplate":"https:\/\/www.ilovewines.vn\/?s={search_term_string}"},"query-input":{"@type":"PropertyValueSpecification","valueRequired":true,"valueName":"search_term_string"}}],"inLanguage":"vi"},{"@type":"Organization","@id":"https:\/\/www.ilovewines.vn\/#organization","name":"Rada Wines","url":"https:\/\/www.ilovewines.vn\/","logo":{"@type":"ImageObject","inLanguage":"vi","@id":"https:\/\/www.ilovewines.vn\/#\/schema\/logo\/image\/","url":"https:\/\/www.ilovewines.vn\/wp-content\/uploads\/2022\/06\/cropped-162574230_380766779846763_4426584222903300096_n.jpg","contentUrl":"https:\/\/www.ilovewines.vn\/wp-content\/uploads\/2022\/06\/cropped-162574230_380766779846763_4426584222903300096_n.jpg","width":320,"height":206,"caption":"Rada Wines"},"image":{"@id":"https:\/\/www.ilovewines.vn\/#\/schema\/logo\/image\/"}}]}},"_links":{"self":[{"href":"https:\/\/www.ilovewines.vn\/vi\/wp-json\/wp\/v2\/product\/4999","targetHints":{"allow":["GET"]}}],"collection":[{"href":"https:\/\/www.ilovewines.vn\/vi\/wp-json\/wp\/v2\/product"}],"about":[{"href":"https:\/\/www.ilovewines.vn\/vi\/wp-json\/wp\/v2\/types\/product"}],"version-history":[{"count":1,"href":"https:\/\/www.ilovewines.vn\/vi\/wp-json\/wp\/v2\/product\/4999\/revisions"}],"predecessor-version":[{"id":5146,"href":"https:\/\/www.ilovewines.vn\/vi\/wp-json\/wp\/v2\/product\/4999\/revisions\/5146"}],"wp:featuredmedia":[{"embeddable":true,"href":"https:\/\/www.ilovewines.vn\/vi\/wp-json\/wp\/v2\/media\/5000"}],"wp:attachment":[{"href":"https:\/\/www.ilovewines.vn\/vi\/wp-json\/wp\/v2\/media?parent=4999"}],"wp:term":[{"taxonomy":"product_brand","embeddable":true,"href":"https:\/\/www.ilovewines.vn\/vi\/wp-json\/wp\/v2\/product_brand?post=4999"},{"taxonomy":"product_cat","embeddable":true,"href":"https:\/\/www.ilovewines.vn\/vi\/wp-json\/wp\/v2\/product_cat?post=4999"},{"taxonomy":"product_tag","embeddable":true,"href":"https:\/\/www.ilovewines.vn\/vi\/wp-json\/wp\/v2\/product_tag?post=4999"},{"taxonomy":"grape_varietal","embeddable":true,"href":"https:\/\/www.ilovewines.vn\/vi\/wp-json\/wp\/v2\/grape_varietal?post=4999"},{"taxonomy":"wine_regions","embeddable":true,"href":"https:\/\/www.ilovewines.vn\/vi\/wp-json\/wp\/v2\/wine_regions?post=4999"}],"curies":[{"name":"wp","href":"https:\/\/api.w.org\/{rel}","templated":true}]}}