{"id":5018,"date":"2024-01-17T00:55:30","date_gmt":"2024-01-17T07:55:30","guid":{"rendered":"https:\/\/www.ilovewines.vn\/?post_type=product&#038;p=5018"},"modified":"2024-01-17T00:55:30","modified_gmt":"2024-01-17T07:55:30","slug":"tahbilk-grenache-shiraz-mourvedre","status":"publish","type":"product","link":"https:\/\/www.ilovewines.vn\/vi\/product\/tahbilk-grenache-shiraz-mourvedre\/","title":{"rendered":"Tahbilk Grenache Shiraz Mourv\u00e8dre"},"content":{"rendered":"<p>V\u00d9NG R\u01af\u1ee2U: Nagambie Lakes<\/p>\n<p>NGU\u1ed2N NHO: \u0110i\u1ec1n trang Tahbilk<\/p>\n<p>GRAPE VARIETY: Grenache 37% Mourv\u00e8dre 30% Shiraz 27%<\/p>\n<p>TR\u01af\u1edeNG TH\u00c0NH: T\u1ea5t c\u1ea3 c\u00e1c lo\u1ea1i nho \u0111\u1ec1u tr\u1ea3i qua t\u1eeb 12 \u0111\u1ebfn 18 th\u00e1ng trong nh\u1eefng th\u00f9ng g\u1ed7 s\u1ed3i Ph\u00e1p v\u00e0 M\u1ef9 c\u1ea3 c\u0169 l\u1eabn m\u1edbi.<\/p>\n<p>NI\u00caN V\u1ee4 2023:<\/p>\n<p>C\u00f3 r\u1ea5t \u00edt ng\u01b0\u1eddi \u00dac s\u1ebd qu\u00ean m\u00f9a h\u00e8 2019\/2020 khi ch\u00e1y r\u1eebng b\u00f9ng l\u00ean v\u00e0 lan r\u1ed9ng kh\u1eafp v\u00f9ng bi\u1ec3n ph\u00eda \u0110\u00f4ng sau m\u1ed9t m\u00f9a \u0111\u00f4ng v\u00e0 m\u00f9a xu\u00e2n kh\u00f4 h\u1ea1n. R\u1ea5t may l\u00e0 kh\u00f4ng c\u00f3 h\u1ecfa ho\u1ea1n n\u00e0o \u1edf mi\u1ec1n trung Victoria v\u00e0 m\u1eb7c d\u00f9 \u0111\u00f4i khi \u1edf H\u1ed3 Nagambie c\u00f3 kh\u00f3i nh\u01b0ng nho c\u1ee7a Tahbilk kh\u00f4ng b\u1ecb \u1ea3nh h\u01b0\u1edfng b\u1edfi v\u1ebft kh\u00f3i. M\u00f9a \u0111\u00f4ng v\u00e0 m\u00f9a xu\u00e2n kh\u00f4 h\u1ea1n, nh\u00e2n vi\u00ean v\u01b0\u1eddn nho c\u1ee7a ch\u00fang t\u00f4i ph\u1ea3i si\u00eang n\u0103ng theo d\u00f5i \u0111\u1ed9 \u1ea9m c\u1ee7a \u0111\u1ea5t v\u00e0 t\u01b0\u1edbi n\u01b0\u1edbc khi c\u1ea7n thi\u1ebft. Th\u00e1ng Gi\u00eang v\u00e0 th\u00e1ng Hai ch\u1ee9ng ki\u1ebfn \u200b\u200bnhi\u1ec7t \u0111\u1ed9 dao \u0111\u1ed9ng t\u1eeb n\u00f3ng r\u1ef1c 40 \u0111\u1ed9 trong nhi\u1ec1u ng\u00e0y \u0111\u1ebfn nh\u1eefng ng\u00e0y r\u1ea5t \u00f4n h\u00f2a 20 \u0111\u1ed9. Ban \u0111\u1ea7u nh\u1eefng ng\u00e0y r\u1ea5t n\u00f3ng d\u01b0\u1eddng nh\u01b0 l\u00e0m ch\u1eadm qu\u00e1 tr\u00ecnh ch\u00edn nh\u01b0ng, t\u01b0\u01a1ng t\u1ef1 nh\u01b0 nh\u1eefng v\u1ee5 nho g\u1ea7n \u0111\u00e2y, ch\u00fang t\u00f4i b\u1eaft \u0111\u1ea7u h\u00e1i v\u00e0o \u0111\u1ea7u th\u00e1ng Hai. Th\u1eddi ti\u1ebft kh\u1eafc nghi\u1ec7t t\u1ee5c k\u00e9o d\u00e0i c\u1ea3 v\u1ee5 thu ho\u1ea1ch, v\u1edbi c\u00e1c c\u01a1n b\u00e3o nhi\u1ec7t \u0111\u1edbi d\u1eabn \u0111\u1ebfn l\u01b0\u1ee3ng m\u01b0a h\u00e0ng tu\u1ea7n, m\u1eb7c d\u00f9 g\u00e2y kh\u00f3 ch\u1ecbu cho c\u00e1c \u0111\u1ed9i tr\u1ed3ng nho v\u00e0 nh\u00e0 m\u00e1y r\u01b0\u1ee3u nh\u01b0ng kh\u00f4ng \u0111\u1ee7 \u0111\u1ec3 \u1ea3nh h\u01b0\u1edfng \u0111\u00e1ng k\u1ec3 \u0111\u1ebfn n\u0103ng su\u1ea5t ho\u1eb7c g\u00e2y b\u1ec7nh. T\u1ea5t c\u1ea3 c\u00e1c gi\u1ed1ng \u0111\u1ec1u c\u00f3 m\u00e0u s\u1eafc v\u00e0 h\u01b0\u01a1ng v\u1ecb tuy\u1ec7t v\u1eddi v\u00e0 n\u0103m 2020 s\u1ebd l\u00e0 m\u1ed9t m\u00f9a v\u1ee5 c\u1ed5 \u0111i\u1ec3n v\u1edbi r\u01b0\u1ee3u vang tr\u1eafng r\u1ea5t ngon v\u00e0 r\u01b0\u1ee3u vang \u0111\u1ecf tuy\u1ec7t v\u1eddi \u2013 kh\u00f4ng c\u00f3 g\u00ec l\u1ea1 \u0111\u1ed1i v\u1edbi m\u1ed9t v\u1ee5 m\u00f9a kh\u00f4.<\/p>\n<p>V\u1ec0 R\u01af\u1ee2U C\u1ee6A CH\u00daNG T\u00d4I:<\/p>\n<p>\u0110\u01b0\u1ee3c th\u00e0nh l\u1eadp n\u0103m 1860, Tahbilk n\u1eb1m t\u1ea1i trung t\u00e2m v\u00f9ng tr\u1ed3ng nho c\u1ee7a bang Victoria, \u0111\u00f3 l\u00e0 khu v\u1ef1c Nagambie Lakes. Ng\u00e0i Reginald Purbrick \u0111\u00e3 mua n\u00f3 v\u00e0o n\u0103m 1925, n\u0103m th\u1ebf h\u1ec7 c\u1ee7a gia t\u1ed9c Purbrick \u0111\u00e3 tham gia t\u00edch c\u1ef1c v\u00e0o vi\u1ec7c duy tr\u00ec truy\u1ec1n th\u1ed1ng, v\u1edbi t\u1ea5t c\u1ea3 ni\u1ec1m t\u1ef1 h\u00e0o, lao \u0111\u1ed9ng c\u1ea7n c\u00f9 v\u00e0 t\u00ecnh y\u00eau v\u1edbi r\u01b0\u1ee3u vang, \u0111\u1ec3 g\u00ecn gi\u1eef di s\u1ea3n \u00f4ng cha \u0111\u1ec3 l\u1ea1i v\u1edbi t\u01b0 c\u00e1ch l\u00e0 gia \u0111\u00ecnh c\u00f3 v\u01b0\u1eddn tr\u1ed3ng nho v\u00e0 l\u00e0m r\u01b0\u1ee3u l\u00e2u \u0111\u1eddi nh\u1ea5t \u1edf bang Victoria. L\u1ecbch s\u1eed c\u1ee7a nh\u1eefng lo\u1ea1i nho \u0111\u00e3 l\u00e0m n\u00ean d\u00f2ng r\u01b0\u1ee3u tr\u1ed9n n\u00e0y \u1edf Tahbilk c\u00f3 th\u1ec3 l\u00e0 t\u1eeb nh\u1eefng c\u00e2y nho tr\u1ed3ng t\u1eeb n\u0103m 1860 cho t\u1edbi nh\u1eefng c\u00e2y nho v\u1eabn c\u00f2n t\u1ed3n t\u1ea1i ng\u00e0y nay. Trong nh\u1eefng th\u1eddi k\u00ec ti\u1ebfp theo, c\u00e1c gi\u1ed1ng nho kh\u00e1c nh\u01b0 Grenache hay Mourv\u00e9dre \u0111\u00e3 \u0111\u01b0\u1ee3c tr\u1ed3ng th\u00eam v\u00e0o c\u00f9ng c\u00e1c gi\u1ed1ng c\u0169 t\u1ea1o n\u00ean s\u1ef1 t\u1ed5ng h\u1ee3p \u0111\u1ec3 ch\u1ebf t\u00e1c ra l\u1ecda r\u01b0\u1ee3u pha tr\u1ed9n g\u1ed3m 3 gi\u1ed1ng nho mang \u0111\u1eb7c tr\u01b0ng c\u1ed5 \u0111i\u1ec3n c\u1ee7a v\u00f9ng Thung L\u0169ng Rhone n\u01b0\u1edbc Ph\u00e1p. Gi\u1edbi ph\u00ea b\u00ecnh v\u00e0 m\u1ed9 \u0111i\u1ec7u ti\u1ebfp t\u1ee5c ca ng\u1ee3i th\u00e0nh vi\u00ean m\u1edbi gia nh\u1eadp danh s\u00e1ch r\u01b0\u1ee3u vang \u0111\u1ecf c\u1ee7a Tahbilk, \u0111\u1ed3ng th\u1eddi lo\u1ea1i r\u01b0\u1ee3u n\u00e0y c\u0169ng d\u00e0nh nhi\u1ec1u gi\u1ea3i th\u01b0\u1edfng trong c\u00e1c Tri\u1ec3n l\u00e3m r\u01b0\u1ee3u vang.<\/p>\n<p>C\u1ea2M QUAN<\/p>\n<p>\u201cM\u1edbi nh\u1ea5t trong lo\u1ea1t c\u00e1c lo\u1ea1i r\u01b0\u1ee3u c\u1ed5 \u0111i\u1ec3n \u1ea5n t\u01b0\u1ee3ng g\u1ea7n \u0111\u00e2y T\u01b0\u01a1i s\u00e1ng v\u00e0 r\u1ef1c r\u1ee1 v\u1edbi h\u01b0\u01a1ng v\u1ecb th\u01a1m ngon v\u00e0 gia v\u1ecb, Tahbilk 2020 Grenache Shiraz Mourv\u00e8dre c\u1ed9ng h\u01b0\u1edfng v\u1edbi h\u01b0\u01a1ng v\u1ecb qu\u1ea3 m\u1ecdng \u0111en v\u00e0 qu\u1ea3 m\u1eadn \u0111\u1eadm \u0111\u00e0 tr\u00ean v\u00f2m mi\u1ec7ng c\u00f9ng v\u1edbi ch\u00fat d\u00e2u t\u1eb1m v\u00e0 cam th\u1ea3o. Tannin m\u1ecbn v\u00e0 \u0111\u1ed9 axit t\u01b0\u01a1i ho\u00e0n thi\u1ec7n phi\u00ean b\u1ea3n th\u00fa v\u1ecb n\u0103m 2020 n\u00e0y. U\u1ed1ng ngay r\u1ea5t ngon, s\u1ebd c\u00f3 c\u00e1 t\u00ednh v\u00e0 t\u00ednh ph\u1ee9c h\u1ee3p cao h\u01a1n khi c\u1ea5t tr\u1eef \u0111\u1ebfn n\u0103m 2029\/2031.\u201d<\/p>\n<p><img decoding=\"async\" class=\"alignnone size-full wp-image-5037\" src=\"https:\/\/www.ilovewines.vn\/wp-content\/uploads\/2023\/12\/Screenshot-2023-12-04-182135.png\" alt=\"\" width=\"108\" height=\"54\" srcset=\"https:\/\/www.ilovewines.vn\/wp-content\/uploads\/2023\/12\/Screenshot-2023-12-04-182135.png 108w, https:\/\/www.ilovewines.vn\/wp-content\/uploads\/2023\/12\/Screenshot-2023-12-04-182135-18x9.png 18w\" sizes=\"(max-width: 108px) 100vw, 108px\" \/><img decoding=\"async\" class=\"alignnone size-full wp-image-5038\" src=\"https:\/\/www.ilovewines.vn\/wp-content\/uploads\/2023\/12\/Screenshot-2023-12-04-182123.png\" alt=\"\" width=\"109\" height=\"60\" srcset=\"https:\/\/www.ilovewines.vn\/wp-content\/uploads\/2023\/12\/Screenshot-2023-12-04-182123.png 109w, https:\/\/www.ilovewines.vn\/wp-content\/uploads\/2023\/12\/Screenshot-2023-12-04-182123-18x10.png 18w\" sizes=\"(max-width: 109px) 100vw, 109px\" \/><img decoding=\"async\" class=\"alignnone size-full wp-image-5039\" src=\"https:\/\/www.ilovewines.vn\/wp-content\/uploads\/2023\/12\/Screenshot-2023-12-04-182113.png\" alt=\"\" width=\"111\" height=\"57\" srcset=\"https:\/\/www.ilovewines.vn\/wp-content\/uploads\/2023\/12\/Screenshot-2023-12-04-182113.png 111w, https:\/\/www.ilovewines.vn\/wp-content\/uploads\/2023\/12\/Screenshot-2023-12-04-182113-18x9.png 18w\" sizes=\"(max-width: 111px) 100vw, 111px\" \/><\/p>\n<p><img loading=\"lazy\" decoding=\"async\" class=\"alignnone size-full wp-image-5021\" src=\"https:\/\/www.ilovewines.vn\/wp-content\/uploads\/2023\/12\/Halliday_5-red-star-winery-e1701668170657.jpg\" alt=\"\" width=\"70\" height=\"70\" \/><\/p>\n<p><img loading=\"lazy\" decoding=\"async\" class=\"alignnone size-full wp-image-5023\" src=\"https:\/\/www.ilovewines.vn\/wp-content\/uploads\/2023\/12\/Screenshot-2023-12-04-123743.png\" alt=\"\" width=\"304\" height=\"101\" srcset=\"https:\/\/www.ilovewines.vn\/wp-content\/uploads\/2023\/12\/Screenshot-2023-12-04-123743.png 304w, https:\/\/www.ilovewines.vn\/wp-content\/uploads\/2023\/12\/Screenshot-2023-12-04-123743-300x101.png 300w, https:\/\/www.ilovewines.vn\/wp-content\/uploads\/2023\/12\/Screenshot-2023-12-04-123743-18x6.png 18w, https:\/\/www.ilovewines.vn\/wp-content\/uploads\/2023\/12\/Screenshot-2023-12-04-123743-200x66.png 200w\" sizes=\"(max-width: 304px) 100vw, 304px\" \/><\/p>\n<p>&nbsp;<\/p>","protected":false},"excerpt":{"rendered":"<p>WINE REGION: Nagambie Lakes FRUIT SOURCE: Tahbilk Estate GRAPE VARIETY: Grenache 37% Mourv\u00e8dre 30% Shiraz 27% MATURATION: All varieties spent from 12 to 18 months in a mix of new and older French &amp; American oak. VINTAGE 2023: There are few Australians who will forget the 2019\/2020 summer as bushfires burnt across the Eastern seaboard [&hellip;]<\/p>\n","protected":false},"featured_media":5019,"template":"","meta":{"_acf_changed":false},"product_brand":[],"product_cat":[87,93],"product_tag":[],"grape_varietal":[2470,2471,2477,2466],"wine_regions":[2662,2411],"class_list":{"0":"post-5018","1":"product","2":"type-product","3":"status-publish","4":"has-post-thumbnail","6":"product_cat-red-wine","7":"product_cat-wine","8":"pa_brand-tahbilk","9":"grape_varietal-grenache","10":"grape_varietal-mourvedre","11":"grape_varietal-red","12":"grape_varietal-shiraz","13":"wine_regions-nagambie-lakes","14":"wine_regions-victoria","16":"first","17":"instock","18":"shipping-taxable","19":"product-type-simple"},"acf":[],"yoast_head":"<!-- This site is optimized with the Yoast SEO plugin v27.4 - https:\/\/yoast.com\/product\/yoast-seo-wordpress\/ -->\n<title>Tahbilk Grenache Shiraz Mourv\u00e8dre - Rada Wines<\/title>\n<meta name=\"robots\" content=\"index, follow, max-snippet:-1, max-image-preview:large, max-video-preview:-1\" \/>\n<link rel=\"canonical\" href=\"https:\/\/www.ilovewines.vn\/vi\/san-pham\/tahbilk-grenache-shiraz-mourvedre\/\" \/>\n<meta property=\"og:locale\" content=\"vi_VN\" \/>\n<meta property=\"og:type\" content=\"article\" \/>\n<meta property=\"og:title\" content=\"Tahbilk Grenache Shiraz Mourv\u00e8dre - Rada Wines\" \/>\n<meta property=\"og:description\" content=\"WINE REGION: Nagambie Lakes FRUIT SOURCE: Tahbilk Estate GRAPE VARIETY: Grenache 37% Mourv\u00e8dre 30% Shiraz 27% MATURATION: All varieties spent from 12 to 18 months in a mix of new and older French &amp; American oak. VINTAGE 2023: There are few Australians who will forget the 2019\/2020 summer as bushfires burnt across the Eastern seaboard [&hellip;]\" \/>\n<meta property=\"og:url\" content=\"https:\/\/www.ilovewines.vn\/vi\/san-pham\/tahbilk-grenache-shiraz-mourvedre\/\" \/>\n<meta property=\"og:site_name\" content=\"Rada Wines\" \/>\n<meta property=\"og:image\" content=\"https:\/\/www.ilovewines.vn\/wp-content\/uploads\/2023\/12\/TAHBILK-2020-Grenache-Shiraz-Mourvedre_High-Res-Bottle-scaled-e1701667373136.jpg\" \/>\n\t<meta property=\"og:image:width\" content=\"257\" \/>\n\t<meta property=\"og:image:height\" content=\"800\" \/>\n\t<meta property=\"og:image:type\" content=\"image\/jpeg\" \/>\n<meta name=\"twitter:card\" content=\"summary_large_image\" \/>\n<meta name=\"twitter:label1\" content=\"\u01af\u1edbc t\u00ednh th\u1eddi gian \u0111\u1ecdc\" \/>\n\t<meta name=\"twitter:data1\" content=\"2 ph\u00fat\" \/>\n<script type=\"application\/ld+json\" class=\"yoast-schema-graph\">{\"@context\":\"https:\\\/\\\/schema.org\",\"@graph\":[{\"@type\":\"WebPage\",\"@id\":\"https:\\\/\\\/www.ilovewines.vn\\\/product\\\/tahbilk-grenache-shiraz-mourvedre\\\/\",\"url\":\"https:\\\/\\\/www.ilovewines.vn\\\/product\\\/tahbilk-grenache-shiraz-mourvedre\\\/\",\"name\":\"Tahbilk Grenache Shiraz Mourv\u00e8dre - Rada Wines\",\"isPartOf\":{\"@id\":\"https:\\\/\\\/www.ilovewines.vn\\\/#website\"},\"primaryImageOfPage\":{\"@id\":\"https:\\\/\\\/www.ilovewines.vn\\\/product\\\/tahbilk-grenache-shiraz-mourvedre\\\/#primaryimage\"},\"image\":{\"@id\":\"https:\\\/\\\/www.ilovewines.vn\\\/product\\\/tahbilk-grenache-shiraz-mourvedre\\\/#primaryimage\"},\"thumbnailUrl\":\"https:\\\/\\\/www.ilovewines.vn\\\/wp-content\\\/uploads\\\/2023\\\/12\\\/TAHBILK-2020-Grenache-Shiraz-Mourvedre_High-Res-Bottle-scaled-e1701667373136.jpg\",\"datePublished\":\"2024-01-17T07:55:30+00:00\",\"breadcrumb\":{\"@id\":\"https:\\\/\\\/www.ilovewines.vn\\\/product\\\/tahbilk-grenache-shiraz-mourvedre\\\/#breadcrumb\"},\"inLanguage\":\"vi\",\"potentialAction\":[{\"@type\":\"ReadAction\",\"target\":[\"https:\\\/\\\/www.ilovewines.vn\\\/product\\\/tahbilk-grenache-shiraz-mourvedre\\\/\"]}]},{\"@type\":\"ImageObject\",\"inLanguage\":\"vi\",\"@id\":\"https:\\\/\\\/www.ilovewines.vn\\\/product\\\/tahbilk-grenache-shiraz-mourvedre\\\/#primaryimage\",\"url\":\"https:\\\/\\\/www.ilovewines.vn\\\/wp-content\\\/uploads\\\/2023\\\/12\\\/TAHBILK-2020-Grenache-Shiraz-Mourvedre_High-Res-Bottle-scaled-e1701667373136.jpg\",\"contentUrl\":\"https:\\\/\\\/www.ilovewines.vn\\\/wp-content\\\/uploads\\\/2023\\\/12\\\/TAHBILK-2020-Grenache-Shiraz-Mourvedre_High-Res-Bottle-scaled-e1701667373136.jpg\",\"width\":257,\"height\":800},{\"@type\":\"BreadcrumbList\",\"@id\":\"https:\\\/\\\/www.ilovewines.vn\\\/product\\\/tahbilk-grenache-shiraz-mourvedre\\\/#breadcrumb\",\"itemListElement\":[{\"@type\":\"ListItem\",\"position\":1,\"name\":\"Home\",\"item\":\"https:\\\/\\\/www.ilovewines.vn\\\/\"},{\"@type\":\"ListItem\",\"position\":2,\"name\":\"Catalogue\",\"item\":\"https:\\\/\\\/www.ilovewines.vn\\\/catalogue\\\/\"},{\"@type\":\"ListItem\",\"position\":3,\"name\":\"Tahbilk Grenache Shiraz Mourv\u00e8dre\"}]},{\"@type\":\"WebSite\",\"@id\":\"https:\\\/\\\/www.ilovewines.vn\\\/#website\",\"url\":\"https:\\\/\\\/www.ilovewines.vn\\\/\",\"name\":\"Rada Wines\",\"description\":\"Just another WordPress site\",\"publisher\":{\"@id\":\"https:\\\/\\\/www.ilovewines.vn\\\/#organization\"},\"potentialAction\":[{\"@type\":\"SearchAction\",\"target\":{\"@type\":\"EntryPoint\",\"urlTemplate\":\"https:\\\/\\\/www.ilovewines.vn\\\/?s={search_term_string}\"},\"query-input\":{\"@type\":\"PropertyValueSpecification\",\"valueRequired\":true,\"valueName\":\"search_term_string\"}}],\"inLanguage\":\"vi\"},{\"@type\":\"Organization\",\"@id\":\"https:\\\/\\\/www.ilovewines.vn\\\/#organization\",\"name\":\"Rada Wines\",\"url\":\"https:\\\/\\\/www.ilovewines.vn\\\/\",\"logo\":{\"@type\":\"ImageObject\",\"inLanguage\":\"vi\",\"@id\":\"https:\\\/\\\/www.ilovewines.vn\\\/#\\\/schema\\\/logo\\\/image\\\/\",\"url\":\"https:\\\/\\\/www.ilovewines.vn\\\/wp-content\\\/uploads\\\/2022\\\/06\\\/cropped-162574230_380766779846763_4426584222903300096_n.jpg\",\"contentUrl\":\"https:\\\/\\\/www.ilovewines.vn\\\/wp-content\\\/uploads\\\/2022\\\/06\\\/cropped-162574230_380766779846763_4426584222903300096_n.jpg\",\"width\":320,\"height\":206,\"caption\":\"Rada Wines\"},\"image\":{\"@id\":\"https:\\\/\\\/www.ilovewines.vn\\\/#\\\/schema\\\/logo\\\/image\\\/\"}}]}<\/script>\n<!-- \/ Yoast SEO plugin. -->","yoast_head_json":{"title":"Tahbilk Grenache Shiraz Mourv\u00e8dre - Rada Wines","robots":{"index":"index","follow":"follow","max-snippet":"max-snippet:-1","max-image-preview":"max-image-preview:large","max-video-preview":"max-video-preview:-1"},"canonical":"https:\/\/www.ilovewines.vn\/vi\/san-pham\/tahbilk-grenache-shiraz-mourvedre\/","og_locale":"vi_VN","og_type":"article","og_title":"Tahbilk Grenache Shiraz Mourv\u00e8dre - Rada Wines","og_description":"WINE REGION: Nagambie Lakes FRUIT SOURCE: Tahbilk Estate GRAPE VARIETY: Grenache 37% Mourv\u00e8dre 30% Shiraz 27% MATURATION: All varieties spent from 12 to 18 months in a mix of new and older French &amp; American oak. VINTAGE 2023: There are few Australians who will forget the 2019\/2020 summer as bushfires burnt across the Eastern seaboard [&hellip;]","og_url":"https:\/\/www.ilovewines.vn\/vi\/san-pham\/tahbilk-grenache-shiraz-mourvedre\/","og_site_name":"Rada Wines","og_image":[{"width":257,"height":800,"url":"https:\/\/www.ilovewines.vn\/wp-content\/uploads\/2023\/12\/TAHBILK-2020-Grenache-Shiraz-Mourvedre_High-Res-Bottle-scaled-e1701667373136.jpg","type":"image\/jpeg"}],"twitter_card":"summary_large_image","twitter_misc":{"\u01af\u1edbc t\u00ednh th\u1eddi gian \u0111\u1ecdc":"2 ph\u00fat"},"schema":{"@context":"https:\/\/schema.org","@graph":[{"@type":"WebPage","@id":"https:\/\/www.ilovewines.vn\/product\/tahbilk-grenache-shiraz-mourvedre\/","url":"https:\/\/www.ilovewines.vn\/product\/tahbilk-grenache-shiraz-mourvedre\/","name":"Tahbilk Grenache Shiraz Mourv\u00e8dre - Rada Wines","isPartOf":{"@id":"https:\/\/www.ilovewines.vn\/#website"},"primaryImageOfPage":{"@id":"https:\/\/www.ilovewines.vn\/product\/tahbilk-grenache-shiraz-mourvedre\/#primaryimage"},"image":{"@id":"https:\/\/www.ilovewines.vn\/product\/tahbilk-grenache-shiraz-mourvedre\/#primaryimage"},"thumbnailUrl":"https:\/\/www.ilovewines.vn\/wp-content\/uploads\/2023\/12\/TAHBILK-2020-Grenache-Shiraz-Mourvedre_High-Res-Bottle-scaled-e1701667373136.jpg","datePublished":"2024-01-17T07:55:30+00:00","breadcrumb":{"@id":"https:\/\/www.ilovewines.vn\/product\/tahbilk-grenache-shiraz-mourvedre\/#breadcrumb"},"inLanguage":"vi","potentialAction":[{"@type":"ReadAction","target":["https:\/\/www.ilovewines.vn\/product\/tahbilk-grenache-shiraz-mourvedre\/"]}]},{"@type":"ImageObject","inLanguage":"vi","@id":"https:\/\/www.ilovewines.vn\/product\/tahbilk-grenache-shiraz-mourvedre\/#primaryimage","url":"https:\/\/www.ilovewines.vn\/wp-content\/uploads\/2023\/12\/TAHBILK-2020-Grenache-Shiraz-Mourvedre_High-Res-Bottle-scaled-e1701667373136.jpg","contentUrl":"https:\/\/www.ilovewines.vn\/wp-content\/uploads\/2023\/12\/TAHBILK-2020-Grenache-Shiraz-Mourvedre_High-Res-Bottle-scaled-e1701667373136.jpg","width":257,"height":800},{"@type":"BreadcrumbList","@id":"https:\/\/www.ilovewines.vn\/product\/tahbilk-grenache-shiraz-mourvedre\/#breadcrumb","itemListElement":[{"@type":"ListItem","position":1,"name":"Home","item":"https:\/\/www.ilovewines.vn\/"},{"@type":"ListItem","position":2,"name":"Catalogue","item":"https:\/\/www.ilovewines.vn\/catalogue\/"},{"@type":"ListItem","position":3,"name":"Tahbilk Grenache Shiraz Mourv\u00e8dre"}]},{"@type":"WebSite","@id":"https:\/\/www.ilovewines.vn\/#website","url":"https:\/\/www.ilovewines.vn\/","name":"Rada Wines","description":"Just another WordPress site","publisher":{"@id":"https:\/\/www.ilovewines.vn\/#organization"},"potentialAction":[{"@type":"SearchAction","target":{"@type":"EntryPoint","urlTemplate":"https:\/\/www.ilovewines.vn\/?s={search_term_string}"},"query-input":{"@type":"PropertyValueSpecification","valueRequired":true,"valueName":"search_term_string"}}],"inLanguage":"vi"},{"@type":"Organization","@id":"https:\/\/www.ilovewines.vn\/#organization","name":"Rada Wines","url":"https:\/\/www.ilovewines.vn\/","logo":{"@type":"ImageObject","inLanguage":"vi","@id":"https:\/\/www.ilovewines.vn\/#\/schema\/logo\/image\/","url":"https:\/\/www.ilovewines.vn\/wp-content\/uploads\/2022\/06\/cropped-162574230_380766779846763_4426584222903300096_n.jpg","contentUrl":"https:\/\/www.ilovewines.vn\/wp-content\/uploads\/2022\/06\/cropped-162574230_380766779846763_4426584222903300096_n.jpg","width":320,"height":206,"caption":"Rada Wines"},"image":{"@id":"https:\/\/www.ilovewines.vn\/#\/schema\/logo\/image\/"}}]}},"_links":{"self":[{"href":"https:\/\/www.ilovewines.vn\/vi\/wp-json\/wp\/v2\/product\/5018","targetHints":{"allow":["GET"]}}],"collection":[{"href":"https:\/\/www.ilovewines.vn\/vi\/wp-json\/wp\/v2\/product"}],"about":[{"href":"https:\/\/www.ilovewines.vn\/vi\/wp-json\/wp\/v2\/types\/product"}],"version-history":[{"count":1,"href":"https:\/\/www.ilovewines.vn\/vi\/wp-json\/wp\/v2\/product\/5018\/revisions"}],"predecessor-version":[{"id":5145,"href":"https:\/\/www.ilovewines.vn\/vi\/wp-json\/wp\/v2\/product\/5018\/revisions\/5145"}],"wp:featuredmedia":[{"embeddable":true,"href":"https:\/\/www.ilovewines.vn\/vi\/wp-json\/wp\/v2\/media\/5019"}],"wp:attachment":[{"href":"https:\/\/www.ilovewines.vn\/vi\/wp-json\/wp\/v2\/media?parent=5018"}],"wp:term":[{"taxonomy":"product_brand","embeddable":true,"href":"https:\/\/www.ilovewines.vn\/vi\/wp-json\/wp\/v2\/product_brand?post=5018"},{"taxonomy":"product_cat","embeddable":true,"href":"https:\/\/www.ilovewines.vn\/vi\/wp-json\/wp\/v2\/product_cat?post=5018"},{"taxonomy":"product_tag","embeddable":true,"href":"https:\/\/www.ilovewines.vn\/vi\/wp-json\/wp\/v2\/product_tag?post=5018"},{"taxonomy":"grape_varietal","embeddable":true,"href":"https:\/\/www.ilovewines.vn\/vi\/wp-json\/wp\/v2\/grape_varietal?post=5018"},{"taxonomy":"wine_regions","embeddable":true,"href":"https:\/\/www.ilovewines.vn\/vi\/wp-json\/wp\/v2\/wine_regions?post=5018"}],"curies":[{"name":"wp","href":"https:\/\/api.w.org\/{rel}","templated":true}]}}