{"id":5024,"date":"2024-01-17T00:54:19","date_gmt":"2024-01-17T07:54:19","guid":{"rendered":"https:\/\/www.ilovewines.vn\/?post_type=product&#038;p=5024"},"modified":"2024-01-17T00:54:19","modified_gmt":"2024-01-17T07:54:19","slug":"tahbilk-cabernet-sauvignon","status":"publish","type":"product","link":"https:\/\/www.ilovewines.vn\/vi\/product\/tahbilk-cabernet-sauvignon\/","title":{"rendered":"Tahbilk Cabernet Sauvignon"},"content":{"rendered":"<p>V\u00d9NG R\u01af\u1ee2U: Nagambie Lakes<\/p>\n<p>NGU\u1ed2N NHO: \u0110i\u1ec1n trang Tahbilk<\/p>\n<p>GI\u1ed0NG NHO: Cabernet Sauvignon<\/p>\n<p>TR\u01af\u1edeNG TH\u00c0NH: 18 th\u00e1ng trong th\u00f9ng g\u1ed7 s\u1ed3i c\u1ee1 l\u1edbn v\u00e0 nh\u1ecf, ph\u1ea7n l\u1edbn l\u00e0 th\u00f9ng g\u1ed7 s\u1ed3i Ph\u00e1p<\/p>\n<p>NI\u00caN V\u1ee4 2019:<\/p>\n<p>N\u0103m 2019 l\u00e0 m\u00f9a h\u00e8 n\u00f3ng k\u1ef7 l\u1ee5c, c\u00e0ng tr\u1edf n\u00ean tr\u1ea7m tr\u1ecdng h\u01a1n b\u1edfi m\u00f9a \u0111\u00f4ng kh\u00f4 h\u1ea1n v\u00e0 \u0111\u1ea7u m\u00f9a xu\u00e2n. So s\u00e1nh th\u00e1ng 11 v\u00e0 th\u00e1ng 12 l\u00e0 v\u00f9ng nhi\u1ec7t \u0111\u1edbi - nhi\u1ec7t \u0111\u1ed9 cao h\u01a1n v\u00e0 l\u01b0\u1ee3ng m\u01b0a nhi\u1ec1u h\u01a1n 50% so v\u1edbi m\u1ee9c trung b\u00ecnh d\u00e0i h\u1ea1n. Ki\u1ec3u th\u1eddi ti\u1ebft n\u00e0y ch\u1ee9ng ki\u1ebfn \u200b\u200b\u200b\u200bs\u1ef1 ph\u00e1t tri\u1ec3n t\u00e1n c\u00e2y tuy\u1ec7t v\u1eddi, v\u1edbi nh\u1eefng c\u01a1n m\u01b0a th\u01b0\u1eddng xuy\u00ean bi\u1ebfn nh\u1eefng v\u01b0\u1eddn nho tr\u1edf n\u00ean xanh t\u01b0\u01a1i. D\u1ef1 \u0111o\u00e1n v\u1ec1 m\u1ed9t m\u00f9a h\u00e8 \u1ea5m \u00e1p v\u00e0 kh\u00f4 h\u01a1n b\u00ecnh th\u01b0\u1eddng, x\u1ea3y ra sau Gi\u00e1ng sinh. Nhi\u1ec7t \u0111\u1ed9 trung b\u00ecnh th\u00e1ng Gi\u00eang l\u00e0 35, n\u00f3ng h\u01a1n \u2018b\u00ecnh th\u01b0\u1eddng\u2019 5 \u0111\u1ed9 v\u1edbi nhi\u1ec7t \u0111\u1ed9 th\u00e1ng Hai ch\u1ec9 cao h\u01a1n m\u1ed9t ch\u00fat so v\u1edbi m\u1ee9c trung b\u00ecnh. N\u1eafng n\u00f3ng kh\u00f4ng ng\u1eebng v\u00e0 kh\u00f4ng c\u00f3 l\u01b0\u1ee3ng m\u01b0a h\u1eefu \u00edch trong th\u00e1ng n\u00ean tr\u1eddi r\u1ea5t kh\u00f4. M\u1eb7c d\u00f9 v\u1eady, tr\u00e1i c\u00e2y kh\u00f4ng ch\u00edn nhanh nh\u01b0 mong \u0111\u1ee3i v\u00e0 ch\u00fang t\u00f4i b\u1eaft \u0111\u1ea7u thu ho\u1ea1ch t\u01b0\u01a1ng \u0111\u1ed1i mu\u1ed9n v\u00e0o ng\u00e0y 19 th\u00e1ng 2. Qu\u00e1 tr\u00ecnh ch\u00edn ti\u1ebfp t\u1ee5c \u1ed5n \u0111\u1ecbnh m\u1eb7c d\u00f9 nh\u1eefng ng\u00e0y n\u1eafng n\u00f3ng v\u00e0 \u0111\u00eam \u1ea5m \u00e1p v\u1eabn ti\u1ebfp t\u1ee5c, \u0111i\u1ec1u n\u00e0y cho ph\u00e9p ch\u00fang t\u00f4i thu ho\u1ea1ch tr\u00e1i c\u00e2y \u1edf \u0111\u1ed9 ch\u00edn t\u1ed1i \u01b0u v\u00e0 kh\u00f4ng c\u1ea7n v\u1ed9i v\u00e0ng. V\u00e0 k\u1ebft qu\u1ea3 cu\u1ed1i c\u00f9ng? S\u1ea3n l\u01b0\u1ee3ng nho tr\u1eafng gi\u1ea3m nh\u01b0 d\u1ef1 \u0111o\u00e1n, nh\u01b0ng ch\u1ea5t l\u01b0\u1ee3ng t\u1ed1t. Nho \u0111\u1ecf thu ho\u1ea1ch t\u1ed1t h\u01a1n, qu\u1ea3 m\u00e0u s\u1eafc s\u00e1ng, h\u01b0\u01a1ng v\u1ecb \u0111\u1eadm \u0111\u00e0, v\u00f2m mi\u1ec7ng \u0111\u1ea7y.<\/p>\n<p>V\u1ec0 R\u01af\u1ee2U C\u1ee6A CH\u00daNG T\u00d4I:<\/p>\n<p>\u0110\u01b0\u1ee3c th\u00e0nh l\u1eadp n\u0103m 1860, Tahbilk n\u1eb1m t\u1ea1i trung t\u00e2m v\u00f9ng tr\u1ed3ng nho c\u1ee7a bang Victoria, \u0111\u00f3 l\u00e0 khu v\u1ef1c Nagambie Lakes. Ng\u00e0i Reginald Purbrick \u0111\u00e3 mua n\u00f3 v\u00e0o n\u0103m 1925, n\u0103m th\u1ebf h\u1ec7 c\u1ee7a nha t\u1ed9c Purbrick \u0111\u00e3 tham gia t\u00edch c\u1ef1c v\u00e0o vi\u1ec7c duy tr\u00ec truy\u1ec1n th\u1ed1ng, v\u1edbi t\u1ea5t c\u1ea3 ni\u1ec1m t\u1ef1 h\u00e0o, lao \u0111\u1ed9ng c\u1ea7n c\u00f9 v\u00e0 t\u00ecnh y\u00eau v\u1edbi r\u01b0\u1ee3u vang, \u0111\u1ec3 g\u00ecn gi\u1eef di s\u1ea3n \u00f4ng cha \u0111\u1ec3 l\u1ea1i v\u1edbi t\u01b0 c\u00e1ch l\u00e0 gia \u0111\u00ecnh c\u00f3 v\u01b0\u1eddn tr\u1ed3ng nho v\u00e0 l\u00e0m r\u01b0\u1ee3u l\u00e2u \u0111\u1eddi nh\u1ea5t \u1edf bang Victoria. Tahbilk hi\u1ec7n s\u1edf h\u1eefu kho\u1ea3ng 28 hec ta tr\u1ed3ng nho gi\u1ed1ng Estate Cabernet Sauvignon, c\u00e2y lo l\u00e2u \u0111\u1eddi nh\u1ea5t c\u00f3 xu\u1ea5t x\u1ee9 t\u1eeb n\u0103m 1949. R\u01b0\u1ee3u \u0111\u01b0\u1ee3c ch\u1ebf t\u00e1c v\u1edbi cam k\u1ebft gi\u1eef g\u00ecn nh\u1eefng gi\u00e1 tr\u1ecb c\u1ee7a ngh\u00e8 l\u00e0m r\u01b0\u1ee3u vang truy\u1ec1n th\u1ed1ng, \u0110\u01b0\u1ee3c ch\u1ebf t\u00e1c v\u1edbi cam k\u1ebft v\u1ec1 c\u00e1c gi\u00e1 tr\u1ecb s\u1ea3n xu\u1ea5t r\u01b0\u1ee3u vang truy\u1ec1n th\u1ed1ng, r\u01b0\u1ee3u \u0111\u01b0\u1ee3c \u1ee7 trong c\u00e1c th\u00f9ng m\u1edf nguy\u00ean b\u1ea3n c\u00f3 tu\u1ed5i \u0111\u1eddi tr\u00ean 155 n\u0103m, sau \u0111\u00f3 \u0111\u01b0\u1ee3c \u1ee7 trong th\u00f9ng g\u1ed7 s\u1ed3i l\u1edbn c\u1ee7a Ph\u00e1p c\u00f3 \u0111\u1ed9 tu\u1ed5i t\u01b0\u01a1ng t\u1ef1 tr\u01b0\u1edbc khi \u0111\u00f3ng chai. Nh\u1eefng th\u00f9ng g\u1ed7 s\u1ed3i nh\u1ecf h\u01a1n ch\u1ee7 y\u1ebfu c\u1ee7a Ph\u00e1p c\u0169ng \u0111\u01b0\u1ee3c s\u1eed d\u1ee5ng, r\u01b0\u1ee3u t\u1eeb nh\u1eefng th\u00f9ng n\u00e0y \u0111\u01b0\u1ee3c pha tr\u1ed9n l\u1ea1i trong qu\u00e1 tr\u00ecnh l\u1ecdc v\u00e0 \u0111\u00f3ng chai cu\u1ed1i c\u00f9ng. C\u00e1c b\u1ea3n ph\u00e1t h\u00e0nh c\u1ee7a Tahbilk Cabernet Sauvignon \u0111\u00e3 th\u1ec3 hi\u1ec7n m\u1ed9t c\u00e1ch nh\u1ea5t qu\u00e1n theo th\u1eddi gian s\u1ef1 phong ph\u00fa v\u00e0 \u0111\u1eb7c t\u00ednh \u0111\u00e1ng k\u1ec3 v\u00e0 \u0111\u01b0\u1ee3c nhi\u1ec1u chuy\u00ean gia coi l\u00e0 lo\u1ea1i r\u01b0\u1ee3u vang \u0111\u1ecf Estate t\u1ed1t nh\u1ea5t \u0111\u1ec3 b\u1ea3o qu\u1ea3n l\u00e2u d\u00e0i.<\/p>\n<p>C\u1ea2M NH\u1eacN GI\u00c1C QUAN<\/p>\n<p>\u201cM\u1ed9t ni\u00ean v\u1ee5 \u0111\u00e3 cung c\u1ea5p tr\u00e1i nho Estate c\u00f3 h\u01b0\u01a1ng v\u1ecb \u0111\u1eadm \u0111\u00e0, sau \u0111\u00f3 \u0111\u01b0\u1ee3c ho\u00e0n thi\u1ec7n b\u1eb1ng ph\u01b0\u01a1ng ph\u00e1p s\u1ea3n xu\u1ea5t r\u01b0\u1ee3u vang \u0111\u1ecf Tahbilk truy\u1ec1n th\u1ed1ng, \u0111\u00e3 \u0111\u1ecbnh h\u00ecnh n\u00ean lo\u1ea1i r\u01b0\u1ee3u Cabernet Sauvignon 2019 n\u00e0y. Qu\u1ea3 l\u00fd chua \u0111en \u0111\u1eadm \u0111\u1eb7c v\u00e0 qu\u1ea3 m\u1eadn \u0111en th\u01a1m ngon c\u00f9ng v\u1edbi h\u01b0\u01a1ng b\u1ea1c h\u00e0, \u00f4 liu \u0111en v\u00e0 th\u1ea3o m\u1ed9c r\u1eebng. V\u1ecb axit nho t\u01b0\u01a1i v\u00e0 tannin ch\u00edn s\u1eafc n\u00e9t ho\u00e0n thi\u1ec7n m\u1ed9t lo\u1ea1i r\u01b0\u1ee3u \u0111\u1eb7c bi\u1ec7t v\u1edbi \u0111\u1ed9 ph\u1ee9c t\u1ea1p s\u1ebd c\u00f2n t\u0103ng th\u00eam n\u1eefa khi ti\u1ebfp t\u1ee5c ch\u1edd \u0111\u1ebfn n\u0103m 2029\/2035.\u201d<\/p>\n<p><img decoding=\"async\" class=\"alignnone size-full wp-image-5027\" src=\"https:\/\/www.ilovewines.vn\/wp-content\/uploads\/2023\/12\/Screenshot-2023-12-04-165053.png\" alt=\"\" width=\"521\" height=\"56\" srcset=\"https:\/\/www.ilovewines.vn\/wp-content\/uploads\/2023\/12\/Screenshot-2023-12-04-165053.png 521w, https:\/\/www.ilovewines.vn\/wp-content\/uploads\/2023\/12\/Screenshot-2023-12-04-165053-500x54.png 500w, https:\/\/www.ilovewines.vn\/wp-content\/uploads\/2023\/12\/Screenshot-2023-12-04-165053-300x32.png 300w, https:\/\/www.ilovewines.vn\/wp-content\/uploads\/2023\/12\/Screenshot-2023-12-04-165053-18x2.png 18w, https:\/\/www.ilovewines.vn\/wp-content\/uploads\/2023\/12\/Screenshot-2023-12-04-165053-200x21.png 200w, https:\/\/www.ilovewines.vn\/wp-content\/uploads\/2023\/12\/Screenshot-2023-12-04-165053-400x43.png 400w\" sizes=\"(max-width: 521px) 100vw, 521px\" \/><\/p>\n<p><img decoding=\"async\" class=\"alignnone size-full wp-image-5023\" src=\"https:\/\/www.ilovewines.vn\/wp-content\/uploads\/2023\/12\/Screenshot-2023-12-04-123743.png\" alt=\"\" width=\"304\" height=\"101\" srcset=\"https:\/\/www.ilovewines.vn\/wp-content\/uploads\/2023\/12\/Screenshot-2023-12-04-123743.png 304w, https:\/\/www.ilovewines.vn\/wp-content\/uploads\/2023\/12\/Screenshot-2023-12-04-123743-300x101.png 300w, https:\/\/www.ilovewines.vn\/wp-content\/uploads\/2023\/12\/Screenshot-2023-12-04-123743-18x6.png 18w, https:\/\/www.ilovewines.vn\/wp-content\/uploads\/2023\/12\/Screenshot-2023-12-04-123743-200x66.png 200w\" sizes=\"(max-width: 304px) 100vw, 304px\" \/><\/p>\n<p>&nbsp;<\/p>","protected":false},"excerpt":{"rendered":"<p>WINE REGION: Nagambie Lakes FRUIT SOURCE: Tahbilk Estate GRAPE VARIETY: Cabernet Sauvignon MATURATION: 18 months in both large and small predominantly French oak barrels VINTAGE 2019: 2019 was the hottest summer on record, exacerbated by a dry winter and early spring. November and December were then tropical in comparison \u2013 higher temperatures and 50% more [&hellip;]<\/p>\n","protected":false},"featured_media":5025,"template":"","meta":{"_acf_changed":false},"product_brand":[],"product_cat":[87,93],"product_tag":[],"grape_varietal":[2467,2477],"wine_regions":[2662,2411],"class_list":{"0":"post-5024","1":"product","2":"type-product","3":"status-publish","4":"has-post-thumbnail","6":"product_cat-red-wine","7":"product_cat-wine","8":"pa_brand-tahbilk","9":"grape_varietal-cabernet-sauvignon","10":"grape_varietal-red","11":"wine_regions-nagambie-lakes","12":"wine_regions-victoria","14":"first","15":"instock","16":"shipping-taxable","17":"product-type-simple"},"acf":[],"yoast_head":"<!-- This site is optimized with the Yoast SEO plugin v27.1.1 - https:\/\/yoast.com\/product\/yoast-seo-wordpress\/ -->\n<title>Tahbilk Cabernet Sauvignon - Rada Wines<\/title>\n<meta name=\"robots\" content=\"index, follow, max-snippet:-1, max-image-preview:large, max-video-preview:-1\" \/>\n<link rel=\"canonical\" href=\"https:\/\/www.ilovewines.vn\/vi\/san-pham\/tahbilk-cabernet-sauvignon\/\" \/>\n<meta property=\"og:locale\" content=\"vi_VN\" \/>\n<meta property=\"og:type\" content=\"article\" \/>\n<meta property=\"og:title\" content=\"Tahbilk Cabernet Sauvignon - Rada Wines\" \/>\n<meta property=\"og:description\" content=\"WINE REGION: Nagambie Lakes FRUIT SOURCE: Tahbilk Estate GRAPE VARIETY: Cabernet Sauvignon MATURATION: 18 months in both large and small predominantly French oak barrels VINTAGE 2019: 2019 was the hottest summer on record, exacerbated by a dry winter and early spring. November and December were then tropical in comparison \u2013 higher temperatures and 50% more [&hellip;]\" \/>\n<meta property=\"og:url\" content=\"https:\/\/www.ilovewines.vn\/vi\/san-pham\/tahbilk-cabernet-sauvignon\/\" \/>\n<meta property=\"og:site_name\" content=\"Rada Wines\" \/>\n<meta property=\"og:image\" content=\"https:\/\/www.ilovewines.vn\/wp-content\/uploads\/2023\/12\/TAHBILK-2019-Cabernet-Sauvignon_High-Res-Bottle-scaled-e1701681885574.jpg\" \/>\n\t<meta property=\"og:image:width\" content=\"211\" \/>\n\t<meta property=\"og:image:height\" content=\"800\" \/>\n\t<meta property=\"og:image:type\" content=\"image\/jpeg\" \/>\n<meta name=\"twitter:card\" content=\"summary_large_image\" \/>\n<meta name=\"twitter:label1\" content=\"\u01af\u1edbc t\u00ednh th\u1eddi gian \u0111\u1ecdc\" \/>\n\t<meta name=\"twitter:data1\" content=\"2 ph\u00fat\" \/>\n<script type=\"application\/ld+json\" class=\"yoast-schema-graph\">{\"@context\":\"https:\/\/schema.org\",\"@graph\":[{\"@type\":\"WebPage\",\"@id\":\"https:\/\/www.ilovewines.vn\/product\/tahbilk-cabernet-sauvignon\/\",\"url\":\"https:\/\/www.ilovewines.vn\/product\/tahbilk-cabernet-sauvignon\/\",\"name\":\"Tahbilk Cabernet Sauvignon - Rada Wines\",\"isPartOf\":{\"@id\":\"https:\/\/www.ilovewines.vn\/#website\"},\"primaryImageOfPage\":{\"@id\":\"https:\/\/www.ilovewines.vn\/product\/tahbilk-cabernet-sauvignon\/#primaryimage\"},\"image\":{\"@id\":\"https:\/\/www.ilovewines.vn\/product\/tahbilk-cabernet-sauvignon\/#primaryimage\"},\"thumbnailUrl\":\"https:\/\/www.ilovewines.vn\/wp-content\/uploads\/2023\/12\/TAHBILK-2019-Cabernet-Sauvignon_High-Res-Bottle-scaled-e1701681885574.jpg\",\"datePublished\":\"2024-01-17T07:54:19+00:00\",\"breadcrumb\":{\"@id\":\"https:\/\/www.ilovewines.vn\/product\/tahbilk-cabernet-sauvignon\/#breadcrumb\"},\"inLanguage\":\"vi\",\"potentialAction\":[{\"@type\":\"ReadAction\",\"target\":[\"https:\/\/www.ilovewines.vn\/product\/tahbilk-cabernet-sauvignon\/\"]}]},{\"@type\":\"ImageObject\",\"inLanguage\":\"vi\",\"@id\":\"https:\/\/www.ilovewines.vn\/product\/tahbilk-cabernet-sauvignon\/#primaryimage\",\"url\":\"https:\/\/www.ilovewines.vn\/wp-content\/uploads\/2023\/12\/TAHBILK-2019-Cabernet-Sauvignon_High-Res-Bottle-scaled-e1701681885574.jpg\",\"contentUrl\":\"https:\/\/www.ilovewines.vn\/wp-content\/uploads\/2023\/12\/TAHBILK-2019-Cabernet-Sauvignon_High-Res-Bottle-scaled-e1701681885574.jpg\",\"width\":211,\"height\":800},{\"@type\":\"BreadcrumbList\",\"@id\":\"https:\/\/www.ilovewines.vn\/product\/tahbilk-cabernet-sauvignon\/#breadcrumb\",\"itemListElement\":[{\"@type\":\"ListItem\",\"position\":1,\"name\":\"Home\",\"item\":\"https:\/\/www.ilovewines.vn\/\"},{\"@type\":\"ListItem\",\"position\":2,\"name\":\"Catalogue\",\"item\":\"https:\/\/www.ilovewines.vn\/catalogue\/\"},{\"@type\":\"ListItem\",\"position\":3,\"name\":\"Tahbilk Cabernet Sauvignon\"}]},{\"@type\":\"WebSite\",\"@id\":\"https:\/\/www.ilovewines.vn\/#website\",\"url\":\"https:\/\/www.ilovewines.vn\/\",\"name\":\"Rada Wines\",\"description\":\"Just another WordPress site\",\"publisher\":{\"@id\":\"https:\/\/www.ilovewines.vn\/#organization\"},\"potentialAction\":[{\"@type\":\"SearchAction\",\"target\":{\"@type\":\"EntryPoint\",\"urlTemplate\":\"https:\/\/www.ilovewines.vn\/?s={search_term_string}\"},\"query-input\":{\"@type\":\"PropertyValueSpecification\",\"valueRequired\":true,\"valueName\":\"search_term_string\"}}],\"inLanguage\":\"vi\"},{\"@type\":\"Organization\",\"@id\":\"https:\/\/www.ilovewines.vn\/#organization\",\"name\":\"Rada Wines\",\"url\":\"https:\/\/www.ilovewines.vn\/\",\"logo\":{\"@type\":\"ImageObject\",\"inLanguage\":\"vi\",\"@id\":\"https:\/\/www.ilovewines.vn\/#\/schema\/logo\/image\/\",\"url\":\"https:\/\/www.ilovewines.vn\/wp-content\/uploads\/2022\/06\/cropped-162574230_380766779846763_4426584222903300096_n.jpg\",\"contentUrl\":\"https:\/\/www.ilovewines.vn\/wp-content\/uploads\/2022\/06\/cropped-162574230_380766779846763_4426584222903300096_n.jpg\",\"width\":320,\"height\":206,\"caption\":\"Rada Wines\"},\"image\":{\"@id\":\"https:\/\/www.ilovewines.vn\/#\/schema\/logo\/image\/\"}}]}<\/script>\n<!-- \/ Yoast SEO plugin. -->","yoast_head_json":{"title":"Tahbilk Cabernet Sauvignon - Rada Wines","robots":{"index":"index","follow":"follow","max-snippet":"max-snippet:-1","max-image-preview":"max-image-preview:large","max-video-preview":"max-video-preview:-1"},"canonical":"https:\/\/www.ilovewines.vn\/vi\/san-pham\/tahbilk-cabernet-sauvignon\/","og_locale":"vi_VN","og_type":"article","og_title":"Tahbilk Cabernet Sauvignon - Rada Wines","og_description":"WINE REGION: Nagambie Lakes FRUIT SOURCE: Tahbilk Estate GRAPE VARIETY: Cabernet Sauvignon MATURATION: 18 months in both large and small predominantly French oak barrels VINTAGE 2019: 2019 was the hottest summer on record, exacerbated by a dry winter and early spring. November and December were then tropical in comparison \u2013 higher temperatures and 50% more [&hellip;]","og_url":"https:\/\/www.ilovewines.vn\/vi\/san-pham\/tahbilk-cabernet-sauvignon\/","og_site_name":"Rada Wines","og_image":[{"width":211,"height":800,"url":"https:\/\/www.ilovewines.vn\/wp-content\/uploads\/2023\/12\/TAHBILK-2019-Cabernet-Sauvignon_High-Res-Bottle-scaled-e1701681885574.jpg","type":"image\/jpeg"}],"twitter_card":"summary_large_image","twitter_misc":{"\u01af\u1edbc t\u00ednh th\u1eddi gian \u0111\u1ecdc":"2 ph\u00fat"},"schema":{"@context":"https:\/\/schema.org","@graph":[{"@type":"WebPage","@id":"https:\/\/www.ilovewines.vn\/product\/tahbilk-cabernet-sauvignon\/","url":"https:\/\/www.ilovewines.vn\/product\/tahbilk-cabernet-sauvignon\/","name":"Tahbilk Cabernet Sauvignon - Rada Wines","isPartOf":{"@id":"https:\/\/www.ilovewines.vn\/#website"},"primaryImageOfPage":{"@id":"https:\/\/www.ilovewines.vn\/product\/tahbilk-cabernet-sauvignon\/#primaryimage"},"image":{"@id":"https:\/\/www.ilovewines.vn\/product\/tahbilk-cabernet-sauvignon\/#primaryimage"},"thumbnailUrl":"https:\/\/www.ilovewines.vn\/wp-content\/uploads\/2023\/12\/TAHBILK-2019-Cabernet-Sauvignon_High-Res-Bottle-scaled-e1701681885574.jpg","datePublished":"2024-01-17T07:54:19+00:00","breadcrumb":{"@id":"https:\/\/www.ilovewines.vn\/product\/tahbilk-cabernet-sauvignon\/#breadcrumb"},"inLanguage":"vi","potentialAction":[{"@type":"ReadAction","target":["https:\/\/www.ilovewines.vn\/product\/tahbilk-cabernet-sauvignon\/"]}]},{"@type":"ImageObject","inLanguage":"vi","@id":"https:\/\/www.ilovewines.vn\/product\/tahbilk-cabernet-sauvignon\/#primaryimage","url":"https:\/\/www.ilovewines.vn\/wp-content\/uploads\/2023\/12\/TAHBILK-2019-Cabernet-Sauvignon_High-Res-Bottle-scaled-e1701681885574.jpg","contentUrl":"https:\/\/www.ilovewines.vn\/wp-content\/uploads\/2023\/12\/TAHBILK-2019-Cabernet-Sauvignon_High-Res-Bottle-scaled-e1701681885574.jpg","width":211,"height":800},{"@type":"BreadcrumbList","@id":"https:\/\/www.ilovewines.vn\/product\/tahbilk-cabernet-sauvignon\/#breadcrumb","itemListElement":[{"@type":"ListItem","position":1,"name":"Home","item":"https:\/\/www.ilovewines.vn\/"},{"@type":"ListItem","position":2,"name":"Catalogue","item":"https:\/\/www.ilovewines.vn\/catalogue\/"},{"@type":"ListItem","position":3,"name":"Tahbilk Cabernet Sauvignon"}]},{"@type":"WebSite","@id":"https:\/\/www.ilovewines.vn\/#website","url":"https:\/\/www.ilovewines.vn\/","name":"Rada Wines","description":"Just another WordPress site","publisher":{"@id":"https:\/\/www.ilovewines.vn\/#organization"},"potentialAction":[{"@type":"SearchAction","target":{"@type":"EntryPoint","urlTemplate":"https:\/\/www.ilovewines.vn\/?s={search_term_string}"},"query-input":{"@type":"PropertyValueSpecification","valueRequired":true,"valueName":"search_term_string"}}],"inLanguage":"vi"},{"@type":"Organization","@id":"https:\/\/www.ilovewines.vn\/#organization","name":"Rada Wines","url":"https:\/\/www.ilovewines.vn\/","logo":{"@type":"ImageObject","inLanguage":"vi","@id":"https:\/\/www.ilovewines.vn\/#\/schema\/logo\/image\/","url":"https:\/\/www.ilovewines.vn\/wp-content\/uploads\/2022\/06\/cropped-162574230_380766779846763_4426584222903300096_n.jpg","contentUrl":"https:\/\/www.ilovewines.vn\/wp-content\/uploads\/2022\/06\/cropped-162574230_380766779846763_4426584222903300096_n.jpg","width":320,"height":206,"caption":"Rada Wines"},"image":{"@id":"https:\/\/www.ilovewines.vn\/#\/schema\/logo\/image\/"}}]}},"_links":{"self":[{"href":"https:\/\/www.ilovewines.vn\/vi\/wp-json\/wp\/v2\/product\/5024","targetHints":{"allow":["GET"]}}],"collection":[{"href":"https:\/\/www.ilovewines.vn\/vi\/wp-json\/wp\/v2\/product"}],"about":[{"href":"https:\/\/www.ilovewines.vn\/vi\/wp-json\/wp\/v2\/types\/product"}],"version-history":[{"count":0,"href":"https:\/\/www.ilovewines.vn\/vi\/wp-json\/wp\/v2\/product\/5024\/revisions"}],"wp:featuredmedia":[{"embeddable":true,"href":"https:\/\/www.ilovewines.vn\/vi\/wp-json\/wp\/v2\/media\/5025"}],"wp:attachment":[{"href":"https:\/\/www.ilovewines.vn\/vi\/wp-json\/wp\/v2\/media?parent=5024"}],"wp:term":[{"taxonomy":"product_brand","embeddable":true,"href":"https:\/\/www.ilovewines.vn\/vi\/wp-json\/wp\/v2\/product_brand?post=5024"},{"taxonomy":"product_cat","embeddable":true,"href":"https:\/\/www.ilovewines.vn\/vi\/wp-json\/wp\/v2\/product_cat?post=5024"},{"taxonomy":"product_tag","embeddable":true,"href":"https:\/\/www.ilovewines.vn\/vi\/wp-json\/wp\/v2\/product_tag?post=5024"},{"taxonomy":"grape_varietal","embeddable":true,"href":"https:\/\/www.ilovewines.vn\/vi\/wp-json\/wp\/v2\/grape_varietal?post=5024"},{"taxonomy":"wine_regions","embeddable":true,"href":"https:\/\/www.ilovewines.vn\/vi\/wp-json\/wp\/v2\/wine_regions?post=5024"}],"curies":[{"name":"wp","href":"https:\/\/api.w.org\/{rel}","templated":true}]}}