{"id":5031,"date":"2024-01-17T00:59:36","date_gmt":"2024-01-17T07:59:36","guid":{"rendered":"https:\/\/www.ilovewines.vn\/?post_type=product&#038;p=5031"},"modified":"2024-01-17T00:59:36","modified_gmt":"2024-01-17T07:59:36","slug":"tahbilk-grenache-mourvedre-rose","status":"publish","type":"product","link":"https:\/\/www.ilovewines.vn\/vi\/product\/tahbilk-grenache-mourvedre-rose\/","title":{"rendered":"Tahbilk Grenache Mourv\u00e8dre Ros\u00e9"},"content":{"rendered":"<p>V\u00d9NG R\u01af\u1ee2U: Nagambie Lakes<\/p>\n<p>NGU\u1ed2N NHO: \u0110i\u1ec1n trang Tahbilk<\/p>\n<p>GRAPE VARIETY: Grenache 65% Mourv\u00e8dre 35%<\/p>\n<p>TR\u01af\u1edeNG TH\u00c0NH: trong th\u00f9ng th\u00e9p kh\u00f4ng g\u1ec9<\/p>\n<p>VINTAGE 2022:<\/p>\n<p>\u0110i\u1ec1u duy nh\u1ea5t b\u1ea1n c\u00f3 th\u1ec3 \u0111\u1ea3m b\u1ea3o v\u1ec1 m\u00f9a thu ho\u1ea1ch h\u00e0ng n\u0103m l\u00e0 kh\u00f4ng c\u00f3 g\u00ec \u0111\u1ea3m b\u1ea3o. M\u00f9a gi\u1ea3i b\u1eaft \u0111\u1ea7u ch\u1eadm r\u00e3i, m\u00f9a h\u00e8 m\u00e1t m\u1ebb v\u00e0 l\u01b0\u1ee3ng m\u01b0a \u00edt v\u00e0o \u0111\u1ea7u m\u00f9a n\u00ean ng\u01b0\u1eddi ta k\u1ef3 v\u1ecdng v\u00e0o m\u1ed9t v\u1ee5 m\u00f9a h\u1ee9a h\u1eb9n\u2026 m\u1eb9 thi\u00ean nhi\u00ean \u0111\u00e3 c\u00f3 k\u1ebf ho\u1ea1ch kh\u00e1c! M\u1ed9t m\u00f9a xu\u00e2n \u0111\u1ea7y gi\u00f3 \u0111\u00e3 l\u00e0m gi\u00e1n \u0111o\u1ea1n qu\u00e1 tr\u00ecnh \u0111\u1eadu tr\u00e1i, d\u1eabn \u0111\u1ebfn s\u1ed1 qu\u1ea3 tr\u00ean m\u1ed7i ch\u00f9m \u00edt h\u01a1n, d\u1eabn \u0111\u1ebfn n\u0103ng su\u1ea5t gi\u1ea3m \u0111\u00e1ng k\u1ec3\u2026 t\u1edbi 40% \u0111\u1ed1i v\u1edbi m\u1ed9t s\u1ed1 khu v\u1ef1c. Ban \u0111\u1ea7u ch\u00fang t\u00f4i b\u1ecb ru ng\u1ee7 khi ngh\u0129 r\u1eb1ng m\u1ecdi chuy\u1ec7n \u0111ang di\u1ec5n ra su\u00f4n s\u1ebb. Ch\u00fang t\u00f4i ti\u1ebfn h\u00e0nh v\u1edbi t\u1ed1c \u0111\u1ed9 \u1ed5n \u0111\u1ecbnh, nho tr\u1eafng ph\u00e1t tri\u1ec3n t\u1ed1t, nho \u0111\u1ecf ch\u00edn t\u1ed1t v\u00e0 sau \u0111\u00f3\u2026 \u00f4i, m\u1ecdi th\u1ee9 ch\u00edn ngay l\u1eadp t\u1ee9c v\u00e0 s\u1ef1 h\u1ed7n lo\u1ea1n c\u1ed5 \u0111i\u1ec3n th\u01b0\u1eddng th\u1ea5y \u0111\u00e3 quay tr\u1edf l\u1ea1i. Lu\u00f4n c\u00f3 hai tu\u1ea7n r\u00f5 r\u00e0ng trong nh\u00e0 m\u00e1y r\u01b0\u1ee3u s\u1ebd khi\u1ebfn b\u1ea1n th\u00e0nh c\u00f4ng ho\u1eb7c khi\u1ebfn b\u1ea1n th\u1ea5t v\u1ecdng. \u0110\u1ea7u ti\u00ean l\u00e0 tr\u00f2 tung h\u1ee9ng m\u00e0u tr\u1eafng\/h\u1ed3ng\/\u0111\u1ecf v\u00e0 th\u1ee9 hai l\u00e0 tr\u00f2 tung h\u1ee9ng m\u00e0u \u0111\u1ecf. \u0110\u00e2y l\u00e0 l\u00fac ch\u00fang t\u00f4i l\u00e0m tr\u1ed1ng c\u00e1c thi\u1ebft b\u1ecb l\u00ean men v\u00e0 \u0111\u1ed5 \u0111\u1ea7y ch\u00fang tr\u1edf l\u1ea1i. \u0110\u00f3 l\u00e0 v\u1ec1 vi\u1ec7c t\u00ecm ki\u1ebfm s\u1ef1 c\u00e2n b\u1eb1ng gi\u1eefa qu\u00e1 tr\u00ecnh ng\u00e2m l\u1ea1nh ban \u0111\u1ea7u, th\u1eddi gian v\u00e0 t\u1ed1c \u0111\u1ed9 l\u00ean men, th\u1eddi gian tr\u00ean v\u1ecf sau qu\u00e1 tr\u00ecnh l\u00ean men v\u00e0 sau \u0111\u00f3 \u0111\u01b0a v\u00e0o g\u00f3i tr\u00e1i c\u00e2y ti\u1ebfp theo. V\u00e0 \u0111\u1ec3 l\u00e0m cho n\u00f3 vui h\u01a1n n\u1eefa, \u0111i\u1ec1u n\u00e0y thay \u0111\u1ed5i h\u00e0ng n\u0103m. V\u1edbi n\u0103ng su\u1ea5t th\u1ea5p v\u00e0 nh\u1eefng th\u00e1ch th\u1ee9c c\u1ee7a v\u1ee5 thu ho\u1ea1ch n\u00e0y, c\u00f3 r\u1ea5t nhi\u1ec1u k\u1ef3 v\u1ecdng xung quanh vi\u1ec7c ph\u00e1t h\u00e0nh cu\u1ed1i c\u00f9ng c\u00e1c lo\u1ea1i r\u01b0\u1ee3u vang \u0111\u1ecf v\u00e0 tr\u1eafng Estate c\u1ed5 \u0111i\u1ec3n n\u0103m 2022 c\u1ee7a ch\u00fang t\u00f4i.<\/p>\n<p>V\u1ec0 R\u01af\u1ee2U C\u1ee6A CH\u00daNG T\u00d4I:<\/p>\n<p>Th\u00e0nh l\u1eadp n\u0103m 1860 t\u1ea1i v\u00f9ng Nagambie Lakes, Victoria, Tahbilk l\u00e0 \u0111i\u1ec1n trang gia \u0111\u00ecnh l\u00e2u \u0111\u1eddi nh\u1ea5t bang, \u0111\u01b0\u1ee3c d\u00f2ng h\u1ecd Purbrick g\u00ecn gi\u1eef qua n\u0103m th\u1ebf h\u1ec7 t\u1eeb n\u0103m 1925.\n\nD\u00f2ng vang n\u00e0y t\u1eadn d\u1ee5ng c\u00e1c g\u1ed1c nho Grenache v\u00e0 Mourv\u00e8dre t\u1ea1i \u0111i\u1ec1n trang, \u0111\u01b0\u1ee3c thu ho\u1ea1ch s\u1edbm \u0111\u1ec3 gi\u1eef \u0111\u1ed9 thanh tao. Nho \u0111\u01b0\u1ee3c \u00e9p trong \u0111i\u1ec1u ki\u1ec7n h\u1ea1n ch\u1ebf oxy nh\u1eb1m b\u1ea3o to\u00e0n h\u01b0\u01a1ng v\u1ecb tr\u00e1i c\u00e2y t\u01b0\u01a1i. Sau \u0111\u00f3, k\u1ef9 thu\u1eadt t\u1eeb v\u00f9ng Provence \u0111\u01b0\u1ee3c \u00e1p d\u1ee5ng: n\u01b0\u1edbc nho l\u1ea1nh \u0111\u01b0\u1ee3c tr\u1ed9n v\u1edbi kh\u00ed nit\u01a1 h\u00e0ng ng\u00e0y trong b\u1ed1n ng\u00e0y \u0111\u1ec3 t\u0103ng c\u01b0\u1eddng c\u1ea5u tr\u00fac v\u00f2m mi\u1ec7ng. Cu\u1ed1i c\u00f9ng, r\u01b0\u1ee3u \u0111\u01b0\u1ee3c l\u00ean men v\u1edbi men Ros\u00e9 chuy\u00ean d\u1ee5ng \u1edf 10-14\u00b0C trong 2 tu\u1ea7n tr\u01b0\u1edbc khi l\u1ecdc v\u00e0 \u0111\u00f3ng chai.<\/p>\n<p>C\u1ea2M NH\u1eacN GI\u00c1C QUAN<\/p>\n<p>\" M\u1ed9t s\u1ef1 pha tr\u1ed9n gi\u1eefa Estate Grenache v\u00e0 Mourv\u00e8dre \u0111\u00e3 cho ra \u0111\u1eddi m\u1ed9t lo\u1ea1i vang h\u1ed3ng \u0111\u1eadm h\u01b0\u01a1ng v\u1ecb anh \u0111\u00e0o, r\u00eau v\u00e0 m\u00e2m x\u00f4i nh\u1edd v\u00e0o nho Grenache, nho Mourv\u00e8dre g\u00f3p ph\u1ea7n v\u00e0o c\u1ea5u tr\u00fac r\u01b0\u1ee3u c\u0169ng nh\u01b0 h\u01b0\u01a1ng v\u1ecb. \u0110\u1ed9 chua t\u01b0\u01a1i m\u00e1t t\u1eeb nho v\u1edbi m\u1ed9t k\u1ebft th\u00fac kh\u00f4, u\u1ed1ng ngon nh\u1ea5t khi vang c\u00f2n tr\u1ebb v\u00e0 t\u01b0\u01a1i.<\/p>\n<p><img decoding=\"async\" class=\"alignnone size-full wp-image-5033\" src=\"https:\/\/www.ilovewines.vn\/wp-content\/uploads\/2023\/12\/Screenshot-2023-12-04-180159.png\" alt=\"\" width=\"613\" height=\"58\" srcset=\"https:\/\/www.ilovewines.vn\/wp-content\/uploads\/2023\/12\/Screenshot-2023-12-04-180159.png 613w, https:\/\/www.ilovewines.vn\/wp-content\/uploads\/2023\/12\/Screenshot-2023-12-04-180159-500x47.png 500w, https:\/\/www.ilovewines.vn\/wp-content\/uploads\/2023\/12\/Screenshot-2023-12-04-180159-300x28.png 300w, https:\/\/www.ilovewines.vn\/wp-content\/uploads\/2023\/12\/Screenshot-2023-12-04-180159-18x2.png 18w, https:\/\/www.ilovewines.vn\/wp-content\/uploads\/2023\/12\/Screenshot-2023-12-04-180159-200x19.png 200w, https:\/\/www.ilovewines.vn\/wp-content\/uploads\/2023\/12\/Screenshot-2023-12-04-180159-400x38.png 400w, https:\/\/www.ilovewines.vn\/wp-content\/uploads\/2023\/12\/Screenshot-2023-12-04-180159-600x57.png 600w\" sizes=\"(max-width: 613px) 100vw, 613px\" \/><\/p>\n<p><img decoding=\"async\" class=\"alignnone size-full wp-image-5023\" src=\"https:\/\/www.ilovewines.vn\/wp-content\/uploads\/2023\/12\/Screenshot-2023-12-04-123743.png\" alt=\"\" width=\"304\" height=\"101\" srcset=\"https:\/\/www.ilovewines.vn\/wp-content\/uploads\/2023\/12\/Screenshot-2023-12-04-123743.png 304w, https:\/\/www.ilovewines.vn\/wp-content\/uploads\/2023\/12\/Screenshot-2023-12-04-123743-300x101.png 300w, https:\/\/www.ilovewines.vn\/wp-content\/uploads\/2023\/12\/Screenshot-2023-12-04-123743-18x6.png 18w, https:\/\/www.ilovewines.vn\/wp-content\/uploads\/2023\/12\/Screenshot-2023-12-04-123743-200x66.png 200w\" sizes=\"(max-width: 304px) 100vw, 304px\" \/><\/p>","protected":false},"excerpt":{"rendered":"<p>WINE REGION: Nagambie Lakes FRUIT SOURCE: Tahbilk Estate GRAPE VARIETY: Grenache 65% Mourv\u00e8dre 35% MATURATION: Stainless Steel VINTAGE 2022: The only thing that you can guarantee about the harvest season every year is that there are no guarantees. The season started off slowly, summer was cool and the rainfall was low in the lead up, [&hellip;]<\/p>\n","protected":false},"featured_media":5032,"template":"","meta":{"_acf_changed":false},"product_brand":[],"product_cat":[88,93],"product_tag":[],"grape_varietal":[2616,2471],"wine_regions":[2662,2411],"class_list":{"0":"post-5031","1":"product","2":"type-product","3":"status-publish","4":"has-post-thumbnail","6":"product_cat-rose","7":"product_cat-wine","8":"pa_brand-tahbilk","9":"grape_varietal-grenache-rose","10":"grape_varietal-mourvedre","11":"wine_regions-nagambie-lakes","12":"wine_regions-victoria","14":"first","15":"instock","16":"shipping-taxable","17":"product-type-simple"},"acf":[],"yoast_head":"<!-- This site is optimized with the Yoast SEO plugin v27.4 - https:\/\/yoast.com\/product\/yoast-seo-wordpress\/ -->\n<title>Tahbilk Grenache Mourv\u00e8dre Ros\u00e9 - Rada Wines<\/title>\n<meta name=\"robots\" content=\"index, follow, max-snippet:-1, max-image-preview:large, max-video-preview:-1\" \/>\n<link rel=\"canonical\" href=\"https:\/\/www.ilovewines.vn\/vi\/san-pham\/tahbilk-grenache-mourvedre-rose\/\" \/>\n<meta property=\"og:locale\" content=\"vi_VN\" \/>\n<meta property=\"og:type\" content=\"article\" \/>\n<meta property=\"og:title\" content=\"Tahbilk Grenache Mourv\u00e8dre Ros\u00e9 - Rada Wines\" \/>\n<meta property=\"og:description\" content=\"WINE REGION: Nagambie Lakes FRUIT SOURCE: Tahbilk Estate GRAPE VARIETY: Grenache 65% Mourv\u00e8dre 35% MATURATION: Stainless Steel VINTAGE 2022: The only thing that you can guarantee about the harvest season every year is that there are no guarantees. The season started off slowly, summer was cool and the rainfall was low in the lead up, [&hellip;]\" \/>\n<meta property=\"og:url\" content=\"https:\/\/www.ilovewines.vn\/vi\/san-pham\/tahbilk-grenache-mourvedre-rose\/\" \/>\n<meta property=\"og:site_name\" content=\"Rada Wines\" \/>\n<meta property=\"og:image\" content=\"https:\/\/www.ilovewines.vn\/wp-content\/uploads\/2023\/12\/TAHBILK-2022-Grenache-Mourvedre-Rose_High-Res-Bottle-scaled-e1701687439433.jpg\" \/>\n\t<meta property=\"og:image:width\" content=\"262\" \/>\n\t<meta property=\"og:image:height\" content=\"800\" \/>\n\t<meta property=\"og:image:type\" content=\"image\/jpeg\" \/>\n<meta name=\"twitter:card\" content=\"summary_large_image\" \/>\n<meta name=\"twitter:label1\" content=\"\u01af\u1edbc t\u00ednh th\u1eddi gian \u0111\u1ecdc\" \/>\n\t<meta name=\"twitter:data1\" content=\"2 ph\u00fat\" \/>\n<script type=\"application\/ld+json\" class=\"yoast-schema-graph\">{\"@context\":\"https:\\\/\\\/schema.org\",\"@graph\":[{\"@type\":\"WebPage\",\"@id\":\"https:\\\/\\\/www.ilovewines.vn\\\/product\\\/tahbilk-grenache-mourvedre-rose\\\/\",\"url\":\"https:\\\/\\\/www.ilovewines.vn\\\/product\\\/tahbilk-grenache-mourvedre-rose\\\/\",\"name\":\"Tahbilk Grenache Mourv\u00e8dre Ros\u00e9 - Rada Wines\",\"isPartOf\":{\"@id\":\"https:\\\/\\\/www.ilovewines.vn\\\/#website\"},\"primaryImageOfPage\":{\"@id\":\"https:\\\/\\\/www.ilovewines.vn\\\/product\\\/tahbilk-grenache-mourvedre-rose\\\/#primaryimage\"},\"image\":{\"@id\":\"https:\\\/\\\/www.ilovewines.vn\\\/product\\\/tahbilk-grenache-mourvedre-rose\\\/#primaryimage\"},\"thumbnailUrl\":\"https:\\\/\\\/www.ilovewines.vn\\\/wp-content\\\/uploads\\\/2023\\\/12\\\/TAHBILK-2022-Grenache-Mourvedre-Rose_High-Res-Bottle-scaled-e1701687439433.jpg\",\"datePublished\":\"2024-01-17T07:59:36+00:00\",\"breadcrumb\":{\"@id\":\"https:\\\/\\\/www.ilovewines.vn\\\/product\\\/tahbilk-grenache-mourvedre-rose\\\/#breadcrumb\"},\"inLanguage\":\"vi\",\"potentialAction\":[{\"@type\":\"ReadAction\",\"target\":[\"https:\\\/\\\/www.ilovewines.vn\\\/product\\\/tahbilk-grenache-mourvedre-rose\\\/\"]}]},{\"@type\":\"ImageObject\",\"inLanguage\":\"vi\",\"@id\":\"https:\\\/\\\/www.ilovewines.vn\\\/product\\\/tahbilk-grenache-mourvedre-rose\\\/#primaryimage\",\"url\":\"https:\\\/\\\/www.ilovewines.vn\\\/wp-content\\\/uploads\\\/2023\\\/12\\\/TAHBILK-2022-Grenache-Mourvedre-Rose_High-Res-Bottle-scaled-e1701687439433.jpg\",\"contentUrl\":\"https:\\\/\\\/www.ilovewines.vn\\\/wp-content\\\/uploads\\\/2023\\\/12\\\/TAHBILK-2022-Grenache-Mourvedre-Rose_High-Res-Bottle-scaled-e1701687439433.jpg\",\"width\":262,\"height\":800},{\"@type\":\"BreadcrumbList\",\"@id\":\"https:\\\/\\\/www.ilovewines.vn\\\/product\\\/tahbilk-grenache-mourvedre-rose\\\/#breadcrumb\",\"itemListElement\":[{\"@type\":\"ListItem\",\"position\":1,\"name\":\"Home\",\"item\":\"https:\\\/\\\/www.ilovewines.vn\\\/\"},{\"@type\":\"ListItem\",\"position\":2,\"name\":\"Catalogue\",\"item\":\"https:\\\/\\\/www.ilovewines.vn\\\/catalogue\\\/\"},{\"@type\":\"ListItem\",\"position\":3,\"name\":\"Tahbilk Grenache Mourv\u00e8dre Ros\u00e9\"}]},{\"@type\":\"WebSite\",\"@id\":\"https:\\\/\\\/www.ilovewines.vn\\\/#website\",\"url\":\"https:\\\/\\\/www.ilovewines.vn\\\/\",\"name\":\"Rada Wines\",\"description\":\"Just another WordPress site\",\"publisher\":{\"@id\":\"https:\\\/\\\/www.ilovewines.vn\\\/#organization\"},\"potentialAction\":[{\"@type\":\"SearchAction\",\"target\":{\"@type\":\"EntryPoint\",\"urlTemplate\":\"https:\\\/\\\/www.ilovewines.vn\\\/?s={search_term_string}\"},\"query-input\":{\"@type\":\"PropertyValueSpecification\",\"valueRequired\":true,\"valueName\":\"search_term_string\"}}],\"inLanguage\":\"vi\"},{\"@type\":\"Organization\",\"@id\":\"https:\\\/\\\/www.ilovewines.vn\\\/#organization\",\"name\":\"Rada Wines\",\"url\":\"https:\\\/\\\/www.ilovewines.vn\\\/\",\"logo\":{\"@type\":\"ImageObject\",\"inLanguage\":\"vi\",\"@id\":\"https:\\\/\\\/www.ilovewines.vn\\\/#\\\/schema\\\/logo\\\/image\\\/\",\"url\":\"https:\\\/\\\/www.ilovewines.vn\\\/wp-content\\\/uploads\\\/2022\\\/06\\\/cropped-162574230_380766779846763_4426584222903300096_n.jpg\",\"contentUrl\":\"https:\\\/\\\/www.ilovewines.vn\\\/wp-content\\\/uploads\\\/2022\\\/06\\\/cropped-162574230_380766779846763_4426584222903300096_n.jpg\",\"width\":320,\"height\":206,\"caption\":\"Rada Wines\"},\"image\":{\"@id\":\"https:\\\/\\\/www.ilovewines.vn\\\/#\\\/schema\\\/logo\\\/image\\\/\"}}]}<\/script>\n<!-- \/ Yoast SEO plugin. -->","yoast_head_json":{"title":"Tahbilk Grenache Mourv\u00e8dre Ros\u00e9 - Rada Wines","robots":{"index":"index","follow":"follow","max-snippet":"max-snippet:-1","max-image-preview":"max-image-preview:large","max-video-preview":"max-video-preview:-1"},"canonical":"https:\/\/www.ilovewines.vn\/vi\/san-pham\/tahbilk-grenache-mourvedre-rose\/","og_locale":"vi_VN","og_type":"article","og_title":"Tahbilk Grenache Mourv\u00e8dre Ros\u00e9 - Rada Wines","og_description":"WINE REGION: Nagambie Lakes FRUIT SOURCE: Tahbilk Estate GRAPE VARIETY: Grenache 65% Mourv\u00e8dre 35% MATURATION: Stainless Steel VINTAGE 2022: The only thing that you can guarantee about the harvest season every year is that there are no guarantees. The season started off slowly, summer was cool and the rainfall was low in the lead up, [&hellip;]","og_url":"https:\/\/www.ilovewines.vn\/vi\/san-pham\/tahbilk-grenache-mourvedre-rose\/","og_site_name":"Rada Wines","og_image":[{"width":262,"height":800,"url":"https:\/\/www.ilovewines.vn\/wp-content\/uploads\/2023\/12\/TAHBILK-2022-Grenache-Mourvedre-Rose_High-Res-Bottle-scaled-e1701687439433.jpg","type":"image\/jpeg"}],"twitter_card":"summary_large_image","twitter_misc":{"\u01af\u1edbc t\u00ednh th\u1eddi gian \u0111\u1ecdc":"2 ph\u00fat"},"schema":{"@context":"https:\/\/schema.org","@graph":[{"@type":"WebPage","@id":"https:\/\/www.ilovewines.vn\/product\/tahbilk-grenache-mourvedre-rose\/","url":"https:\/\/www.ilovewines.vn\/product\/tahbilk-grenache-mourvedre-rose\/","name":"Tahbilk Grenache Mourv\u00e8dre Ros\u00e9 - Rada Wines","isPartOf":{"@id":"https:\/\/www.ilovewines.vn\/#website"},"primaryImageOfPage":{"@id":"https:\/\/www.ilovewines.vn\/product\/tahbilk-grenache-mourvedre-rose\/#primaryimage"},"image":{"@id":"https:\/\/www.ilovewines.vn\/product\/tahbilk-grenache-mourvedre-rose\/#primaryimage"},"thumbnailUrl":"https:\/\/www.ilovewines.vn\/wp-content\/uploads\/2023\/12\/TAHBILK-2022-Grenache-Mourvedre-Rose_High-Res-Bottle-scaled-e1701687439433.jpg","datePublished":"2024-01-17T07:59:36+00:00","breadcrumb":{"@id":"https:\/\/www.ilovewines.vn\/product\/tahbilk-grenache-mourvedre-rose\/#breadcrumb"},"inLanguage":"vi","potentialAction":[{"@type":"ReadAction","target":["https:\/\/www.ilovewines.vn\/product\/tahbilk-grenache-mourvedre-rose\/"]}]},{"@type":"ImageObject","inLanguage":"vi","@id":"https:\/\/www.ilovewines.vn\/product\/tahbilk-grenache-mourvedre-rose\/#primaryimage","url":"https:\/\/www.ilovewines.vn\/wp-content\/uploads\/2023\/12\/TAHBILK-2022-Grenache-Mourvedre-Rose_High-Res-Bottle-scaled-e1701687439433.jpg","contentUrl":"https:\/\/www.ilovewines.vn\/wp-content\/uploads\/2023\/12\/TAHBILK-2022-Grenache-Mourvedre-Rose_High-Res-Bottle-scaled-e1701687439433.jpg","width":262,"height":800},{"@type":"BreadcrumbList","@id":"https:\/\/www.ilovewines.vn\/product\/tahbilk-grenache-mourvedre-rose\/#breadcrumb","itemListElement":[{"@type":"ListItem","position":1,"name":"Home","item":"https:\/\/www.ilovewines.vn\/"},{"@type":"ListItem","position":2,"name":"Catalogue","item":"https:\/\/www.ilovewines.vn\/catalogue\/"},{"@type":"ListItem","position":3,"name":"Tahbilk Grenache Mourv\u00e8dre Ros\u00e9"}]},{"@type":"WebSite","@id":"https:\/\/www.ilovewines.vn\/#website","url":"https:\/\/www.ilovewines.vn\/","name":"Rada Wines","description":"Just another WordPress site","publisher":{"@id":"https:\/\/www.ilovewines.vn\/#organization"},"potentialAction":[{"@type":"SearchAction","target":{"@type":"EntryPoint","urlTemplate":"https:\/\/www.ilovewines.vn\/?s={search_term_string}"},"query-input":{"@type":"PropertyValueSpecification","valueRequired":true,"valueName":"search_term_string"}}],"inLanguage":"vi"},{"@type":"Organization","@id":"https:\/\/www.ilovewines.vn\/#organization","name":"Rada Wines","url":"https:\/\/www.ilovewines.vn\/","logo":{"@type":"ImageObject","inLanguage":"vi","@id":"https:\/\/www.ilovewines.vn\/#\/schema\/logo\/image\/","url":"https:\/\/www.ilovewines.vn\/wp-content\/uploads\/2022\/06\/cropped-162574230_380766779846763_4426584222903300096_n.jpg","contentUrl":"https:\/\/www.ilovewines.vn\/wp-content\/uploads\/2022\/06\/cropped-162574230_380766779846763_4426584222903300096_n.jpg","width":320,"height":206,"caption":"Rada Wines"},"image":{"@id":"https:\/\/www.ilovewines.vn\/#\/schema\/logo\/image\/"}}]}},"_links":{"self":[{"href":"https:\/\/www.ilovewines.vn\/vi\/wp-json\/wp\/v2\/product\/5031","targetHints":{"allow":["GET"]}}],"collection":[{"href":"https:\/\/www.ilovewines.vn\/vi\/wp-json\/wp\/v2\/product"}],"about":[{"href":"https:\/\/www.ilovewines.vn\/vi\/wp-json\/wp\/v2\/types\/product"}],"version-history":[{"count":1,"href":"https:\/\/www.ilovewines.vn\/vi\/wp-json\/wp\/v2\/product\/5031\/revisions"}],"predecessor-version":[{"id":5148,"href":"https:\/\/www.ilovewines.vn\/vi\/wp-json\/wp\/v2\/product\/5031\/revisions\/5148"}],"wp:featuredmedia":[{"embeddable":true,"href":"https:\/\/www.ilovewines.vn\/vi\/wp-json\/wp\/v2\/media\/5032"}],"wp:attachment":[{"href":"https:\/\/www.ilovewines.vn\/vi\/wp-json\/wp\/v2\/media?parent=5031"}],"wp:term":[{"taxonomy":"product_brand","embeddable":true,"href":"https:\/\/www.ilovewines.vn\/vi\/wp-json\/wp\/v2\/product_brand?post=5031"},{"taxonomy":"product_cat","embeddable":true,"href":"https:\/\/www.ilovewines.vn\/vi\/wp-json\/wp\/v2\/product_cat?post=5031"},{"taxonomy":"product_tag","embeddable":true,"href":"https:\/\/www.ilovewines.vn\/vi\/wp-json\/wp\/v2\/product_tag?post=5031"},{"taxonomy":"grape_varietal","embeddable":true,"href":"https:\/\/www.ilovewines.vn\/vi\/wp-json\/wp\/v2\/grape_varietal?post=5031"},{"taxonomy":"wine_regions","embeddable":true,"href":"https:\/\/www.ilovewines.vn\/vi\/wp-json\/wp\/v2\/wine_regions?post=5031"}],"curies":[{"name":"wp","href":"https:\/\/api.w.org\/{rel}","templated":true}]}}