{"id":5034,"date":"2024-01-17T00:58:50","date_gmt":"2024-01-17T07:58:50","guid":{"rendered":"https:\/\/www.ilovewines.vn\/?post_type=product&#038;p=5034"},"modified":"2026-03-25T23:04:28","modified_gmt":"2026-03-26T05:04:28","slug":"tahbilk-marsanne","status":"publish","type":"product","link":"https:\/\/www.ilovewines.vn\/vi\/product\/tahbilk-marsanne\/","title":{"rendered":"Tahbilk Marsanne"},"content":{"rendered":"<p>V\u00d9NG R\u01af\u1ee2U: Nagambie Lakes<\/p>\n<p>NGU\u1ed2N NHO: \u0110i\u1ec1n trang Tahbilk<\/p>\n<p>GRAPE VARIETY: Marsanne<\/p>\n<p>TR\u01af\u1edeNG TH\u00c0NH: trong th\u00f9ng th\u00e9p kh\u00f4ng g\u1ec9<\/p>\n<p>VINTAGE 2022:<\/p>\n<p>\u0110i\u1ec1u duy nh\u1ea5t b\u1ea1n c\u00f3 th\u1ec3 \u0111\u1ea3m b\u1ea3o v\u1ec1 m\u00f9a thu ho\u1ea1ch h\u00e0ng n\u0103m l\u00e0 kh\u00f4ng c\u00f3 g\u00ec \u0111\u1ea3m b\u1ea3o. M\u00f9a gi\u1ea3i b\u1eaft \u0111\u1ea7u ch\u1eadm r\u00e3i, m\u00f9a h\u00e8 m\u00e1t m\u1ebb v\u00e0 l\u01b0\u1ee3ng m\u01b0a \u00edt v\u00e0o \u0111\u1ea7u m\u00f9a n\u00ean ng\u01b0\u1eddi ta k\u1ef3 v\u1ecdng v\u00e0o m\u1ed9t v\u1ee5 m\u00f9a h\u1ee9a h\u1eb9n\u2026 m\u1eb9 thi\u00ean nhi\u00ean \u0111\u00e3 c\u00f3 k\u1ebf ho\u1ea1ch kh\u00e1c! M\u1ed9t m\u00f9a xu\u00e2n \u0111\u1ea7y gi\u00f3 \u0111\u00e3 l\u00e0m gi\u00e1n \u0111o\u1ea1n qu\u00e1 tr\u00ecnh \u0111\u1eadu tr\u00e1i, d\u1eabn \u0111\u1ebfn s\u1ed1 qu\u1ea3 tr\u00ean m\u1ed7i ch\u00f9m \u00edt h\u01a1n, d\u1eabn \u0111\u1ebfn n\u0103ng su\u1ea5t gi\u1ea3m \u0111\u00e1ng k\u1ec3\u2026 t\u1edbi 40% \u0111\u1ed1i v\u1edbi m\u1ed9t s\u1ed1 khu v\u1ef1c. Ban \u0111\u1ea7u ch\u00fang t\u00f4i b\u1ecb ru ng\u1ee7 khi ngh\u0129 r\u1eb1ng m\u1ecdi chuy\u1ec7n \u0111ang di\u1ec5n ra su\u00f4n s\u1ebb. Ch\u00fang t\u00f4i ti\u1ebfn h\u00e0nh v\u1edbi t\u1ed1c \u0111\u1ed9 \u1ed5n \u0111\u1ecbnh, nho tr\u1eafng ph\u00e1t tri\u1ec3n t\u1ed1t, nho \u0111\u1ecf ch\u00edn t\u1ed1t v\u00e0 sau \u0111\u00f3\u2026 \u00f4i, m\u1ecdi th\u1ee9 ch\u00edn ngay l\u1eadp t\u1ee9c v\u00e0 s\u1ef1 h\u1ed7n lo\u1ea1n c\u1ed5 \u0111i\u1ec3n th\u01b0\u1eddng th\u1ea5y \u0111\u00e3 quay tr\u1edf l\u1ea1i. Lu\u00f4n c\u00f3 hai tu\u1ea7n r\u00f5 r\u00e0ng trong nh\u00e0 m\u00e1y r\u01b0\u1ee3u s\u1ebd khi\u1ebfn b\u1ea1n th\u00e0nh c\u00f4ng ho\u1eb7c khi\u1ebfn b\u1ea1n th\u1ea5t v\u1ecdng. \u0110\u1ea7u ti\u00ean l\u00e0 tr\u00f2 tung h\u1ee9ng m\u00e0u tr\u1eafng\/h\u1ed3ng\/\u0111\u1ecf v\u00e0 th\u1ee9 hai l\u00e0 tr\u00f2 tung h\u1ee9ng m\u00e0u \u0111\u1ecf. \u0110\u00e2y l\u00e0 l\u00fac ch\u00fang t\u00f4i l\u00e0m tr\u1ed1ng c\u00e1c thi\u1ebft b\u1ecb l\u00ean men v\u00e0 \u0111\u1ed5 \u0111\u1ea7y ch\u00fang tr\u1edf l\u1ea1i. \u0110\u00f3 l\u00e0 v\u1ec1 vi\u1ec7c t\u00ecm ki\u1ebfm s\u1ef1 c\u00e2n b\u1eb1ng gi\u1eefa qu\u00e1 tr\u00ecnh ng\u00e2m l\u1ea1nh ban \u0111\u1ea7u, th\u1eddi gian v\u00e0 t\u1ed1c \u0111\u1ed9 l\u00ean men, th\u1eddi gian tr\u00ean v\u1ecf sau qu\u00e1 tr\u00ecnh l\u00ean men v\u00e0 sau \u0111\u00f3 \u0111\u01b0a v\u00e0o g\u00f3i tr\u00e1i c\u00e2y ti\u1ebfp theo. V\u00e0 \u0111\u1ec3 l\u00e0m cho n\u00f3 vui h\u01a1n n\u1eefa, \u0111i\u1ec1u n\u00e0y thay \u0111\u1ed5i h\u00e0ng n\u0103m. V\u1edbi n\u0103ng su\u1ea5t th\u1ea5p v\u00e0 nh\u1eefng th\u00e1ch th\u1ee9c c\u1ee7a v\u1ee5 thu ho\u1ea1ch n\u00e0y, c\u00f3 r\u1ea5t nhi\u1ec1u k\u1ef3 v\u1ecdng xung quanh vi\u1ec7c ph\u00e1t h\u00e0nh cu\u1ed1i c\u00f9ng c\u00e1c lo\u1ea1i r\u01b0\u1ee3u vang \u0111\u1ecf v\u00e0 tr\u1eafng Estate c\u1ed5 \u0111i\u1ec3n n\u0103m 2022 c\u1ee7a ch\u00fang t\u00f4i.<\/p>\n<p>V\u1ec0 R\u01af\u1ee2U C\u1ee6A CH\u00daNG T\u00d4I:<\/p>\n<p>\u0110\u01b0\u1ee3c th\u00e0nh l\u1eadp v\u00e0o n\u0103m 1860 v\u00e0 \u0111\u01b0\u1ee3c gia \u0111\u00ecnh Purbrick mua l\u1ea1i v\u00e0o n\u0103m 1925, Tahbilk n\u1eb1m trong v\u00f9ng tr\u1ed3ng nho cao c\u1ea5p \u1edf trung t\u00e2m bang Victoria thu\u1ed9c H\u1ed3 Nagambie. L\u00e0 m\u1ed9t trong nh\u1eefng gi\u1ed1ng nho qu\u00fd hi\u1ebfm nh\u1ea5t th\u1ebf gi\u1edbi, c\u00f3 ngu\u1ed3n g\u1ed1c t\u1eeb v\u00f9ng B\u1eafc Rhone v\u00e0 Hermitage c\u1ee7a Ph\u00e1p, l\u1ecbch s\u1eed c\u1ee7a Tahbilk v\u1edbi Marsanne c\u00f3 th\u1ec3 b\u1eaft ngu\u1ed3n t\u1eeb nh\u1eefng n\u0103m 1860 khi c\u00e0nh gi\u00e2m c\u1ee7a White Hermitage c\u00f3 ngu\u1ed3n g\u1ed1c t\u1eeb V\u01b0\u1eddn nho 'St Huberts' \u1edf Thung l\u0169ng Yarra c\u1ee7a Victoria. Tr\u00ean th\u1ef1c t\u1ebf, lo\u1ea1i nho n\u00e0y l\u00e0 Marsanne v\u00e0 m\u1eb7c d\u00f9 kh\u00f4ng c\u00f3 v\u01b0\u1eddn tr\u1ed3ng ban \u0111\u1ea7u n\u00e0o trong s\u1ed1 n\u00e0y c\u00f2n t\u1ed3n t\u1ea1i, Estate c\u00f3 kho ch\u1ee9a gi\u1ed1ng nho l\u1edbn nh\u1ea5t th\u1ebf gi\u1edbi v\u00e0 s\u1ea3n xu\u1ea5t Marsanne t\u1eeb nh\u1eefng c\u00e2y nho \u0111\u01b0\u1ee3c tr\u1ed3ng \u0111\u1ea7u ti\u00ean v\u00e0o n\u0103m 1927, n\u1eb1m trong s\u1ed1 nh\u1eefng c\u00e2y nho l\u00e2u \u0111\u1eddi nh\u1ea5t tr\u00ean th\u1ebf gi\u1edbi. Tahbilk Marsanne \u0111\u01b0\u1ee3c y\u00eau th\u00edch tr\u00ean to\u00e0n c\u1ea7u nh\u1edd \u0111\u1eb7c t\u00ednh ly k\u1ef3 v\u00e0 s\u1ef1 h\u1ea5p d\u1eabn c\u1ee7a n\u00f3 nh\u01b0 m\u1ed9t lo\u1ea1i r\u01b0\u1ee3u tr\u1ebb v\u1edbi h\u01b0\u01a1ng chanh, cam qu\u00fdt v\u00e0 tr\u00e1i c\u00e2y nhi\u1ec7t \u0111\u1edbi \u0111\u1eadm \u0111\u00e0 tr\u00ean l\u1edbp ho\u00e0n thi\u1ec7n c\u00f3 vi\u1ec1n kho\u00e1ng s\u1eafc n\u00e9t v\u1edbi kh\u1ea3 n\u0103ng \u0111\u00e3 \u0111\u01b0\u1ee3c ch\u1ee9ng minh l\u00e0 c\u00f3 th\u1ec3 ph\u00e1t tri\u1ec3n th\u00eam \u0111\u1ed9 ph\u1ee9c t\u1ea1p v\u00e0 \u0111\u1eb7c t\u00ednh n\u1ebfu \u0111\u01b0\u1ee3c c\u1ea5t tr\u1eef.<\/p>\n<p>C\u1ea2M NH\u1eacN GI\u00c1C QUAN<\/p>\n<p>Nh\u1edd v\u00e0o s\u1ea3n l\u01b0\u1ee3ng th\u1ea5p v\u00e0 nh\u1eefng th\u00e1ch th\u1ee9c trong ni\u00ean v\u1ee5 2022, ch\u00fang ta c\u00f3 \u0111\u01b0\u1ee3c h\u01b0\u01a1ng v\u1ecb ch\u00e2n ch\u00ednh c\u1ee7a nho Marsanne Estate v\u1edbi h\u01b0\u01a1ng chanh n\u1ed3ng \u0111\u1eadm v\u00e0 d\u1eady m\u00f9i, gia v\u1ecb v\u00e0 tr\u00e1i l\u00ea c\u00f9ng v\u1ecb kho\u00e1ng ch\u1ea5t v\u00e0 axit r\u1ea5t s\u1ea1ch. Th\u1eddi gian c\u1ea5t tr\u1eef s\u1ebd l\u00e0m cho r\u01b0\u1ee3u c\u00f3 v\u1ecb b\u00e1nh m\u1ef3 n\u01b0\u1edbng, c\u00e2y kim ng\u00e2n v\u00e0 m\u1ee9t cam gi\u00e0u h\u01b0\u01a1ng v\u1ecb c\u0169ng nh\u01b0 \u0111\u1ed9 ph\u1ee9c t\u1ea1p. U\u1ed1ng ngay ho\u1eb7c c\u1ea5t tr\u1eef \u0111\u1ebfn n\u0103m 2030\/2032.<\/p>\n<p><img decoding=\"async\" class=\"alignnone size-full wp-image-5036\" src=\"https:\/\/www.ilovewines.vn\/wp-content\/uploads\/2023\/12\/Screenshot-2023-12-04-181215.png\" alt=\"\" width=\"629\" height=\"56\" srcset=\"https:\/\/www.ilovewines.vn\/wp-content\/uploads\/2023\/12\/Screenshot-2023-12-04-181215.png 629w, https:\/\/www.ilovewines.vn\/wp-content\/uploads\/2023\/12\/Screenshot-2023-12-04-181215-500x45.png 500w, https:\/\/www.ilovewines.vn\/wp-content\/uploads\/2023\/12\/Screenshot-2023-12-04-181215-300x27.png 300w, https:\/\/www.ilovewines.vn\/wp-content\/uploads\/2023\/12\/Screenshot-2023-12-04-181215-18x2.png 18w, https:\/\/www.ilovewines.vn\/wp-content\/uploads\/2023\/12\/Screenshot-2023-12-04-181215-200x18.png 200w, https:\/\/www.ilovewines.vn\/wp-content\/uploads\/2023\/12\/Screenshot-2023-12-04-181215-400x36.png 400w, https:\/\/www.ilovewines.vn\/wp-content\/uploads\/2023\/12\/Screenshot-2023-12-04-181215-600x53.png 600w\" sizes=\"(max-width: 629px) 100vw, 629px\" \/><\/p>\n<p><img decoding=\"async\" class=\"alignnone size-full wp-image-5023\" src=\"https:\/\/www.ilovewines.vn\/wp-content\/uploads\/2023\/12\/Screenshot-2023-12-04-123743.png\" alt=\"\" width=\"304\" height=\"101\" srcset=\"https:\/\/www.ilovewines.vn\/wp-content\/uploads\/2023\/12\/Screenshot-2023-12-04-123743.png 304w, https:\/\/www.ilovewines.vn\/wp-content\/uploads\/2023\/12\/Screenshot-2023-12-04-123743-300x101.png 300w, https:\/\/www.ilovewines.vn\/wp-content\/uploads\/2023\/12\/Screenshot-2023-12-04-123743-18x6.png 18w, https:\/\/www.ilovewines.vn\/wp-content\/uploads\/2023\/12\/Screenshot-2023-12-04-123743-200x66.png 200w\" sizes=\"(max-width: 304px) 100vw, 304px\" \/><\/p>","protected":false},"excerpt":{"rendered":"<p>WINE REGION: Nagambie Lakes FRUIT SOURCE: Tahbilk Estate GRAPE VARIETY: Marsanne MATURATION: Stainless Steel VINTAGE 2022: The only thing that you can guarantee about the harvest season every year is that there are no guarantees. The season started off slowly, summer was cool and the rainfall was low in the lead up, so the expectation [&hellip;]<\/p>\n","protected":false},"featured_media":5035,"template":"","meta":{"_acf_changed":false},"product_brand":[],"product_cat":[89,93],"product_tag":[],"grape_varietal":[2660,2478],"wine_regions":[2662,2411],"class_list":{"0":"post-5034","1":"product","2":"type-product","3":"status-publish","4":"has-post-thumbnail","6":"product_cat-white-wine","7":"product_cat-wine","8":"pa_brand-tahbilk","9":"grape_varietal-marsanne","10":"grape_varietal-white","11":"wine_regions-nagambie-lakes","12":"wine_regions-victoria","14":"first","15":"instock","16":"shipping-taxable","17":"product-type-simple"},"acf":[],"yoast_head":"<!-- This site is optimized with the Yoast SEO plugin v27.4 - https:\/\/yoast.com\/product\/yoast-seo-wordpress\/ -->\n<title>Tahbilk Marsanne - Rada Wines<\/title>\n<meta name=\"robots\" content=\"index, follow, max-snippet:-1, max-image-preview:large, max-video-preview:-1\" \/>\n<link rel=\"canonical\" href=\"https:\/\/www.ilovewines.vn\/vi\/san-pham\/tahbilk-marsanne\/\" \/>\n<meta property=\"og:locale\" content=\"vi_VN\" \/>\n<meta property=\"og:type\" content=\"article\" \/>\n<meta property=\"og:title\" content=\"Tahbilk Marsanne - Rada Wines\" \/>\n<meta property=\"og:description\" content=\"WINE REGION: Nagambie Lakes FRUIT SOURCE: Tahbilk Estate GRAPE VARIETY: Marsanne MATURATION: Stainless Steel VINTAGE 2022: The only thing that you can guarantee about the harvest season every year is that there are no guarantees. The season started off slowly, summer was cool and the rainfall was low in the lead up, so the expectation [&hellip;]\" \/>\n<meta property=\"og:url\" content=\"https:\/\/www.ilovewines.vn\/vi\/san-pham\/tahbilk-marsanne\/\" \/>\n<meta property=\"og:site_name\" content=\"Rada Wines\" \/>\n<meta property=\"article:modified_time\" content=\"2026-03-26T05:04:28+00:00\" \/>\n<meta property=\"og:image\" content=\"https:\/\/www.ilovewines.vn\/wp-content\/uploads\/2023\/12\/TAHBILK-2022-Marsanne_High-Res-Bottle-scaled-e1701688084632.jpg\" \/>\n\t<meta property=\"og:image:width\" content=\"248\" \/>\n\t<meta property=\"og:image:height\" content=\"800\" \/>\n\t<meta property=\"og:image:type\" content=\"image\/jpeg\" \/>\n<meta name=\"twitter:card\" content=\"summary_large_image\" \/>\n<meta name=\"twitter:label1\" content=\"\u01af\u1edbc t\u00ednh th\u1eddi gian \u0111\u1ecdc\" \/>\n\t<meta name=\"twitter:data1\" content=\"3 ph\u00fat\" \/>\n<script type=\"application\/ld+json\" class=\"yoast-schema-graph\">{\"@context\":\"https:\\\/\\\/schema.org\",\"@graph\":[{\"@type\":\"WebPage\",\"@id\":\"https:\\\/\\\/www.ilovewines.vn\\\/product\\\/tahbilk-marsanne\\\/\",\"url\":\"https:\\\/\\\/www.ilovewines.vn\\\/product\\\/tahbilk-marsanne\\\/\",\"name\":\"Tahbilk Marsanne - Rada Wines\",\"isPartOf\":{\"@id\":\"https:\\\/\\\/www.ilovewines.vn\\\/#website\"},\"primaryImageOfPage\":{\"@id\":\"https:\\\/\\\/www.ilovewines.vn\\\/product\\\/tahbilk-marsanne\\\/#primaryimage\"},\"image\":{\"@id\":\"https:\\\/\\\/www.ilovewines.vn\\\/product\\\/tahbilk-marsanne\\\/#primaryimage\"},\"thumbnailUrl\":\"https:\\\/\\\/www.ilovewines.vn\\\/wp-content\\\/uploads\\\/2023\\\/12\\\/TAHBILK-2022-Marsanne_High-Res-Bottle-scaled-e1701688084632.jpg\",\"datePublished\":\"2024-01-17T07:58:50+00:00\",\"dateModified\":\"2026-03-26T05:04:28+00:00\",\"breadcrumb\":{\"@id\":\"https:\\\/\\\/www.ilovewines.vn\\\/product\\\/tahbilk-marsanne\\\/#breadcrumb\"},\"inLanguage\":\"vi\",\"potentialAction\":[{\"@type\":\"ReadAction\",\"target\":[\"https:\\\/\\\/www.ilovewines.vn\\\/product\\\/tahbilk-marsanne\\\/\"]}]},{\"@type\":\"ImageObject\",\"inLanguage\":\"vi\",\"@id\":\"https:\\\/\\\/www.ilovewines.vn\\\/product\\\/tahbilk-marsanne\\\/#primaryimage\",\"url\":\"https:\\\/\\\/www.ilovewines.vn\\\/wp-content\\\/uploads\\\/2023\\\/12\\\/TAHBILK-2022-Marsanne_High-Res-Bottle-scaled-e1701688084632.jpg\",\"contentUrl\":\"https:\\\/\\\/www.ilovewines.vn\\\/wp-content\\\/uploads\\\/2023\\\/12\\\/TAHBILK-2022-Marsanne_High-Res-Bottle-scaled-e1701688084632.jpg\",\"width\":248,\"height\":800},{\"@type\":\"BreadcrumbList\",\"@id\":\"https:\\\/\\\/www.ilovewines.vn\\\/product\\\/tahbilk-marsanne\\\/#breadcrumb\",\"itemListElement\":[{\"@type\":\"ListItem\",\"position\":1,\"name\":\"Home\",\"item\":\"https:\\\/\\\/www.ilovewines.vn\\\/\"},{\"@type\":\"ListItem\",\"position\":2,\"name\":\"Catalogue\",\"item\":\"https:\\\/\\\/www.ilovewines.vn\\\/catalogue\\\/\"},{\"@type\":\"ListItem\",\"position\":3,\"name\":\"Tahbilk Marsanne\"}]},{\"@type\":\"WebSite\",\"@id\":\"https:\\\/\\\/www.ilovewines.vn\\\/#website\",\"url\":\"https:\\\/\\\/www.ilovewines.vn\\\/\",\"name\":\"Rada Wines\",\"description\":\"Just another WordPress site\",\"publisher\":{\"@id\":\"https:\\\/\\\/www.ilovewines.vn\\\/#organization\"},\"potentialAction\":[{\"@type\":\"SearchAction\",\"target\":{\"@type\":\"EntryPoint\",\"urlTemplate\":\"https:\\\/\\\/www.ilovewines.vn\\\/?s={search_term_string}\"},\"query-input\":{\"@type\":\"PropertyValueSpecification\",\"valueRequired\":true,\"valueName\":\"search_term_string\"}}],\"inLanguage\":\"vi\"},{\"@type\":\"Organization\",\"@id\":\"https:\\\/\\\/www.ilovewines.vn\\\/#organization\",\"name\":\"Rada Wines\",\"url\":\"https:\\\/\\\/www.ilovewines.vn\\\/\",\"logo\":{\"@type\":\"ImageObject\",\"inLanguage\":\"vi\",\"@id\":\"https:\\\/\\\/www.ilovewines.vn\\\/#\\\/schema\\\/logo\\\/image\\\/\",\"url\":\"https:\\\/\\\/www.ilovewines.vn\\\/wp-content\\\/uploads\\\/2022\\\/06\\\/cropped-162574230_380766779846763_4426584222903300096_n.jpg\",\"contentUrl\":\"https:\\\/\\\/www.ilovewines.vn\\\/wp-content\\\/uploads\\\/2022\\\/06\\\/cropped-162574230_380766779846763_4426584222903300096_n.jpg\",\"width\":320,\"height\":206,\"caption\":\"Rada Wines\"},\"image\":{\"@id\":\"https:\\\/\\\/www.ilovewines.vn\\\/#\\\/schema\\\/logo\\\/image\\\/\"}}]}<\/script>\n<!-- \/ Yoast SEO plugin. -->","yoast_head_json":{"title":"Tahbilk Marsanne - Rada Wines","robots":{"index":"index","follow":"follow","max-snippet":"max-snippet:-1","max-image-preview":"max-image-preview:large","max-video-preview":"max-video-preview:-1"},"canonical":"https:\/\/www.ilovewines.vn\/vi\/san-pham\/tahbilk-marsanne\/","og_locale":"vi_VN","og_type":"article","og_title":"Tahbilk Marsanne - Rada Wines","og_description":"WINE REGION: Nagambie Lakes FRUIT SOURCE: Tahbilk Estate GRAPE VARIETY: Marsanne MATURATION: Stainless Steel VINTAGE 2022: The only thing that you can guarantee about the harvest season every year is that there are no guarantees. The season started off slowly, summer was cool and the rainfall was low in the lead up, so the expectation [&hellip;]","og_url":"https:\/\/www.ilovewines.vn\/vi\/san-pham\/tahbilk-marsanne\/","og_site_name":"Rada Wines","article_modified_time":"2026-03-26T05:04:28+00:00","og_image":[{"width":248,"height":800,"url":"https:\/\/www.ilovewines.vn\/wp-content\/uploads\/2023\/12\/TAHBILK-2022-Marsanne_High-Res-Bottle-scaled-e1701688084632.jpg","type":"image\/jpeg"}],"twitter_card":"summary_large_image","twitter_misc":{"\u01af\u1edbc t\u00ednh th\u1eddi gian \u0111\u1ecdc":"3 ph\u00fat"},"schema":{"@context":"https:\/\/schema.org","@graph":[{"@type":"WebPage","@id":"https:\/\/www.ilovewines.vn\/product\/tahbilk-marsanne\/","url":"https:\/\/www.ilovewines.vn\/product\/tahbilk-marsanne\/","name":"Tahbilk Marsanne - Rada Wines","isPartOf":{"@id":"https:\/\/www.ilovewines.vn\/#website"},"primaryImageOfPage":{"@id":"https:\/\/www.ilovewines.vn\/product\/tahbilk-marsanne\/#primaryimage"},"image":{"@id":"https:\/\/www.ilovewines.vn\/product\/tahbilk-marsanne\/#primaryimage"},"thumbnailUrl":"https:\/\/www.ilovewines.vn\/wp-content\/uploads\/2023\/12\/TAHBILK-2022-Marsanne_High-Res-Bottle-scaled-e1701688084632.jpg","datePublished":"2024-01-17T07:58:50+00:00","dateModified":"2026-03-26T05:04:28+00:00","breadcrumb":{"@id":"https:\/\/www.ilovewines.vn\/product\/tahbilk-marsanne\/#breadcrumb"},"inLanguage":"vi","potentialAction":[{"@type":"ReadAction","target":["https:\/\/www.ilovewines.vn\/product\/tahbilk-marsanne\/"]}]},{"@type":"ImageObject","inLanguage":"vi","@id":"https:\/\/www.ilovewines.vn\/product\/tahbilk-marsanne\/#primaryimage","url":"https:\/\/www.ilovewines.vn\/wp-content\/uploads\/2023\/12\/TAHBILK-2022-Marsanne_High-Res-Bottle-scaled-e1701688084632.jpg","contentUrl":"https:\/\/www.ilovewines.vn\/wp-content\/uploads\/2023\/12\/TAHBILK-2022-Marsanne_High-Res-Bottle-scaled-e1701688084632.jpg","width":248,"height":800},{"@type":"BreadcrumbList","@id":"https:\/\/www.ilovewines.vn\/product\/tahbilk-marsanne\/#breadcrumb","itemListElement":[{"@type":"ListItem","position":1,"name":"Home","item":"https:\/\/www.ilovewines.vn\/"},{"@type":"ListItem","position":2,"name":"Catalogue","item":"https:\/\/www.ilovewines.vn\/catalogue\/"},{"@type":"ListItem","position":3,"name":"Tahbilk Marsanne"}]},{"@type":"WebSite","@id":"https:\/\/www.ilovewines.vn\/#website","url":"https:\/\/www.ilovewines.vn\/","name":"Rada Wines","description":"Just another WordPress site","publisher":{"@id":"https:\/\/www.ilovewines.vn\/#organization"},"potentialAction":[{"@type":"SearchAction","target":{"@type":"EntryPoint","urlTemplate":"https:\/\/www.ilovewines.vn\/?s={search_term_string}"},"query-input":{"@type":"PropertyValueSpecification","valueRequired":true,"valueName":"search_term_string"}}],"inLanguage":"vi"},{"@type":"Organization","@id":"https:\/\/www.ilovewines.vn\/#organization","name":"Rada Wines","url":"https:\/\/www.ilovewines.vn\/","logo":{"@type":"ImageObject","inLanguage":"vi","@id":"https:\/\/www.ilovewines.vn\/#\/schema\/logo\/image\/","url":"https:\/\/www.ilovewines.vn\/wp-content\/uploads\/2022\/06\/cropped-162574230_380766779846763_4426584222903300096_n.jpg","contentUrl":"https:\/\/www.ilovewines.vn\/wp-content\/uploads\/2022\/06\/cropped-162574230_380766779846763_4426584222903300096_n.jpg","width":320,"height":206,"caption":"Rada Wines"},"image":{"@id":"https:\/\/www.ilovewines.vn\/#\/schema\/logo\/image\/"}}]}},"_links":{"self":[{"href":"https:\/\/www.ilovewines.vn\/vi\/wp-json\/wp\/v2\/product\/5034","targetHints":{"allow":["GET"]}}],"collection":[{"href":"https:\/\/www.ilovewines.vn\/vi\/wp-json\/wp\/v2\/product"}],"about":[{"href":"https:\/\/www.ilovewines.vn\/vi\/wp-json\/wp\/v2\/types\/product"}],"version-history":[{"count":2,"href":"https:\/\/www.ilovewines.vn\/vi\/wp-json\/wp\/v2\/product\/5034\/revisions"}],"predecessor-version":[{"id":6377,"href":"https:\/\/www.ilovewines.vn\/vi\/wp-json\/wp\/v2\/product\/5034\/revisions\/6377"}],"wp:featuredmedia":[{"embeddable":true,"href":"https:\/\/www.ilovewines.vn\/vi\/wp-json\/wp\/v2\/media\/5035"}],"wp:attachment":[{"href":"https:\/\/www.ilovewines.vn\/vi\/wp-json\/wp\/v2\/media?parent=5034"}],"wp:term":[{"taxonomy":"product_brand","embeddable":true,"href":"https:\/\/www.ilovewines.vn\/vi\/wp-json\/wp\/v2\/product_brand?post=5034"},{"taxonomy":"product_cat","embeddable":true,"href":"https:\/\/www.ilovewines.vn\/vi\/wp-json\/wp\/v2\/product_cat?post=5034"},{"taxonomy":"product_tag","embeddable":true,"href":"https:\/\/www.ilovewines.vn\/vi\/wp-json\/wp\/v2\/product_tag?post=5034"},{"taxonomy":"grape_varietal","embeddable":true,"href":"https:\/\/www.ilovewines.vn\/vi\/wp-json\/wp\/v2\/grape_varietal?post=5034"},{"taxonomy":"wine_regions","embeddable":true,"href":"https:\/\/www.ilovewines.vn\/vi\/wp-json\/wp\/v2\/wine_regions?post=5034"}],"curies":[{"name":"wp","href":"https:\/\/api.w.org\/{rel}","templated":true}]}}