{"id":5158,"date":"2024-01-22T01:06:41","date_gmt":"2024-01-22T08:06:41","guid":{"rendered":"https:\/\/www.ilovewines.vn\/?post_type=product&#038;p=5158"},"modified":"2024-01-22T01:06:41","modified_gmt":"2024-01-22T08:06:41","slug":"prices-no-8-shiraz-cabernet","status":"publish","type":"product","link":"https:\/\/www.ilovewines.vn\/vi\/product\/prices-no-8-shiraz-cabernet\/","title":{"rendered":"Price\u2019s No. 8 Shiraz Cabernet"},"content":{"rendered":"<p>Price\u2019s No.8 l\u00e0 m\u1ed9t lo\u1ea1i r\u01b0\u1ee3u c\u00f3 \u0111\u1ed9 n\u1eb7ng trung b\u00ecnh, mang \u0111\u1ebfn m\u1ed9t t\u1ed5ng th\u1ec3 l\u00e0 s\u1ef1 k\u1ebft h\u1ee3p c\u1ed5 \u0111i\u1ec3n gi\u1eefa Shiraz v\u00e0 Cabernet. Nh\u1eefng gi\u1ecdt r\u01b0\u1ee3u tuy\u1ec7t ngon n\u00e0y \u0111\u01b0\u1ee3c chi\u1ebft xu\u1ea5t t\u1eeb r\u01b0\u1ee3u \u0111\u01b0\u1ee3c pha tr\u1ed9n \u0111i\u00eau luy\u1ec7n ch\u1ee9a trong c\u00e1c th\u00f9ng g\u1ed7 s\u1ed3i, k\u1ebft h\u1ee3p t\u1eeb nho Cabernet l\u00e2u n\u0103m v\u1edbi nho Shiraz m\u1edbi h\u01a1n, t\u1ea1o n\u00ean m\u1ed9t chuy\u1ebfn du h\u00e0nh xuy\u00ean su\u1ed1t c\u00e1c m\u00f9a. No.8 c\u00f3 v\u1ecb tr\u00e1i c\u00e2y ng\u1ecdt ng\u00e0o v\u00e0 d\u1eady m\u00f9i h\u01b0\u01a1ng m\u1eadn \u0111en, qu\u1ea3 l\u00ed \u0111en, gia v\u1ecb n\u00f3ng v\u00e0 h\u1ea1t n\u01b0\u1edbng. V\u00f2m mi\u1ec7ng c\u0169ng h\u1ea5p d\u1eabn kh\u00f4ng k\u00e9m v\u1edbi v\u1ecb tr\u00e1i c\u00e2y m\u1ecdng n\u01b0\u1edbc, \u0111\u01b0\u1ee3c h\u1ed7 tr\u1ee3 t\u1ed1t b\u1edfi c\u1ea3m gi\u00e1c \u0111\u1ea7y \u0111\u1eb7n trong mi\u1ec7ng v\u00e0 tannin m\u1ecbn d\u1eabn \u0111\u1ebfn m\u1ed9t k\u1ebft th\u00fac m\u01b0\u1ee3t m\u00e0 k\u00e9o d\u00e0i.<\/p>\n<p>M\u00e0u: \u0110\u1ecf th\u1eabm \u0111\u1eadm v\u1edbi \u0111\u01b0\u1eddng di\u1ec1m m\u00e0u nh\u1ea1t h\u01a1n. H\u1ed7n h\u1ee3p c\u1ee7a qu\u1ea3 vi\u1ec7t qu\u1ea5t v\u00e0 m\u00e2m x\u00f4i \u0111en.<\/p>\n<p>Kh\u1ee9u gi\u00e1c: M\u00f9i m\u1eadn v\u00e0 nho kh\u00f4 v\u1edbi m\u1ed9t ch\u00fat h\u01b0\u01a1ng \u0111\u1ea5t m\u00e1t m\u1ebb c\u00f3 pha h\u01b0\u01a1ng g\u1ed7 s\u1ed3i thoang tho\u1ea3ng. C\u1ea3m gi\u00e1c ban \u0111\u1ea7u r\u1ea5t m\u1ec1m m\u1ea1i v\u1edbi tannin m\u1ecbn, k\u1ebft th\u00fac t\u1eeb trung b\u00ecnh \u0111\u1ebfn k\u00e9o d\u00e0i.<\/p>\n<p>V\u1ecb gi\u00e1c: R\u1ea5t h\u00e0i h\u00f2a, c\u00f3 v\u1ecb cay gi\u1eefa v\u00f2m mi\u1ec7ng, c\u00f3 h\u01b0\u01a1ng g\u1ed7 s\u1ed3i c\u0169 t\u1ea1o n\u00ean m\u1ed9t k\u1ebft th\u00fac m\u1ec1m nh\u01b0 l\u1ee5a.<\/p>\n<p>\u1ea8m th\u1ef1c k\u1ebft h\u1ee3p: Pizza v\u1ecb 3 pho m\u00e1t, B\u00e1nh Shepherp, b\u00e1nh k\u1eb9p g\u00e0 ki\u1ec3u \u00dd, BBQ v\u1edbi n\u1ea5m v\u00e0 b\u00f4ng c\u1ea3i xanh.<\/p>","protected":false},"excerpt":{"rendered":"<p>V\u1ecb ng\u1ecdt c\u1ee7a tr\u00e1i c\u00e2y v\u00e0 d\u1eady m\u00f9i h\u01b0\u01a1ng c\u1ee7a m\u1eadn \u0111en, qu\u1ea3 l\u00ed \u0111en, c\u00e1c lo\u1ea1i gia v\u1ecb cay c\u00f9ng v\u1edbi h\u1ea1t n\u01b0\u1edbng. V\u00f2m mi\u1ec7ng c\u0169ng h\u1ea5p d\u1eabn kh\u00f4ng k\u00e9m v\u1edbi v\u1ecb tr\u00e1i c\u00e2y m\u1ecdng n\u01b0\u1edbc, \u0111\u01b0\u1ee3c h\u1ed7 tr\u1ee3 t\u1ed1t b\u1edfi c\u1ea3m gi\u00e1c \u0111\u1ea7y \u0111\u1eb7n trong mi\u1ec7ng v\u00e0 tannin m\u1ecbn d\u1eabn \u0111\u1ebfn m\u1ed9t k\u1ebft th\u00fac m\u01b0\u1ee3t m\u00e0 k\u00e9o d\u00e0i.<\/p>","protected":false},"featured_media":5159,"template":"","meta":{"_acf_changed":false},"product_brand":[],"product_cat":[87,93],"product_tag":[],"grape_varietal":[2596,2477,2466],"wine_regions":[2422,2410],"class_list":{"0":"post-5158","1":"product","2":"type-product","3":"status-publish","4":"has-post-thumbnail","6":"product_cat-red-wine","7":"product_cat-wine","8":"pa_brand-prices-wines","9":"grape_varietal-cabernet","10":"grape_varietal-red","11":"grape_varietal-shiraz","12":"wine_regions-mclaren-vale","13":"wine_regions-south-australia","15":"first","16":"instock","17":"shipping-taxable","18":"product-type-simple"},"acf":[],"yoast_head":"<!-- This site is optimized with the Yoast SEO plugin v27.4 - https:\/\/yoast.com\/product\/yoast-seo-wordpress\/ -->\n<title>Price&#039;s No. 8 Shiraz Cabernet - Rada Wines<\/title>\n<meta name=\"robots\" content=\"index, follow, max-snippet:-1, max-image-preview:large, max-video-preview:-1\" \/>\n<link rel=\"canonical\" href=\"https:\/\/www.ilovewines.vn\/vi\/san-pham\/prices-no-8-shiraz-cabernet\/\" \/>\n<meta property=\"og:locale\" content=\"vi_VN\" \/>\n<meta property=\"og:type\" content=\"article\" \/>\n<meta property=\"og:title\" content=\"Price&#039;s No. 8 Shiraz Cabernet - Rada Wines\" \/>\n<meta property=\"og:description\" content=\"Sweetly fruited and beautifully lifted, the bouquet shows dark plum, blackcurrant, warm spice and toasted nut characters. The palate is equally attractive with succulent fruit intensity, well supported by plump mouthfeel and fine tannins leading to a lingering silky finish.\" \/>\n<meta property=\"og:url\" content=\"https:\/\/www.ilovewines.vn\/vi\/san-pham\/prices-no-8-shiraz-cabernet\/\" \/>\n<meta property=\"og:site_name\" content=\"Rada Wines\" \/>\n<meta property=\"og:image\" content=\"https:\/\/www.ilovewines.vn\/wp-content\/uploads\/2024\/01\/Price-8-e1705910435525.jpg\" \/>\n\t<meta property=\"og:image:width\" content=\"416\" \/>\n\t<meta property=\"og:image:height\" content=\"800\" \/>\n\t<meta property=\"og:image:type\" content=\"image\/jpeg\" \/>\n<meta name=\"twitter:card\" content=\"summary_large_image\" \/>\n<meta name=\"twitter:label1\" content=\"\u01af\u1edbc t\u00ednh th\u1eddi gian \u0111\u1ecdc\" \/>\n\t<meta name=\"twitter:data1\" content=\"1 ph\u00fat\" \/>\n<script type=\"application\/ld+json\" class=\"yoast-schema-graph\">{\"@context\":\"https:\\\/\\\/schema.org\",\"@graph\":[{\"@type\":\"WebPage\",\"@id\":\"https:\\\/\\\/www.ilovewines.vn\\\/product\\\/prices-no-8-shiraz-cabernet\\\/\",\"url\":\"https:\\\/\\\/www.ilovewines.vn\\\/product\\\/prices-no-8-shiraz-cabernet\\\/\",\"name\":\"Price's No. 8 Shiraz Cabernet - Rada Wines\",\"isPartOf\":{\"@id\":\"https:\\\/\\\/www.ilovewines.vn\\\/#website\"},\"primaryImageOfPage\":{\"@id\":\"https:\\\/\\\/www.ilovewines.vn\\\/product\\\/prices-no-8-shiraz-cabernet\\\/#primaryimage\"},\"image\":{\"@id\":\"https:\\\/\\\/www.ilovewines.vn\\\/product\\\/prices-no-8-shiraz-cabernet\\\/#primaryimage\"},\"thumbnailUrl\":\"https:\\\/\\\/www.ilovewines.vn\\\/wp-content\\\/uploads\\\/2024\\\/01\\\/Price-8-e1705910435525.jpg\",\"datePublished\":\"2024-01-22T08:06:41+00:00\",\"breadcrumb\":{\"@id\":\"https:\\\/\\\/www.ilovewines.vn\\\/product\\\/prices-no-8-shiraz-cabernet\\\/#breadcrumb\"},\"inLanguage\":\"vi\",\"potentialAction\":[{\"@type\":\"ReadAction\",\"target\":[\"https:\\\/\\\/www.ilovewines.vn\\\/product\\\/prices-no-8-shiraz-cabernet\\\/\"]}]},{\"@type\":\"ImageObject\",\"inLanguage\":\"vi\",\"@id\":\"https:\\\/\\\/www.ilovewines.vn\\\/product\\\/prices-no-8-shiraz-cabernet\\\/#primaryimage\",\"url\":\"https:\\\/\\\/www.ilovewines.vn\\\/wp-content\\\/uploads\\\/2024\\\/01\\\/Price-8-e1705910435525.jpg\",\"contentUrl\":\"https:\\\/\\\/www.ilovewines.vn\\\/wp-content\\\/uploads\\\/2024\\\/01\\\/Price-8-e1705910435525.jpg\",\"width\":416,\"height\":800},{\"@type\":\"BreadcrumbList\",\"@id\":\"https:\\\/\\\/www.ilovewines.vn\\\/product\\\/prices-no-8-shiraz-cabernet\\\/#breadcrumb\",\"itemListElement\":[{\"@type\":\"ListItem\",\"position\":1,\"name\":\"Home\",\"item\":\"https:\\\/\\\/www.ilovewines.vn\\\/\"},{\"@type\":\"ListItem\",\"position\":2,\"name\":\"Catalogue\",\"item\":\"https:\\\/\\\/www.ilovewines.vn\\\/catalogue\\\/\"},{\"@type\":\"ListItem\",\"position\":3,\"name\":\"Price&#8217;s No. 8 Shiraz Cabernet\"}]},{\"@type\":\"WebSite\",\"@id\":\"https:\\\/\\\/www.ilovewines.vn\\\/#website\",\"url\":\"https:\\\/\\\/www.ilovewines.vn\\\/\",\"name\":\"Rada Wines\",\"description\":\"Just another WordPress site\",\"publisher\":{\"@id\":\"https:\\\/\\\/www.ilovewines.vn\\\/#organization\"},\"potentialAction\":[{\"@type\":\"SearchAction\",\"target\":{\"@type\":\"EntryPoint\",\"urlTemplate\":\"https:\\\/\\\/www.ilovewines.vn\\\/?s={search_term_string}\"},\"query-input\":{\"@type\":\"PropertyValueSpecification\",\"valueRequired\":true,\"valueName\":\"search_term_string\"}}],\"inLanguage\":\"vi\"},{\"@type\":\"Organization\",\"@id\":\"https:\\\/\\\/www.ilovewines.vn\\\/#organization\",\"name\":\"Rada Wines\",\"url\":\"https:\\\/\\\/www.ilovewines.vn\\\/\",\"logo\":{\"@type\":\"ImageObject\",\"inLanguage\":\"vi\",\"@id\":\"https:\\\/\\\/www.ilovewines.vn\\\/#\\\/schema\\\/logo\\\/image\\\/\",\"url\":\"https:\\\/\\\/www.ilovewines.vn\\\/wp-content\\\/uploads\\\/2022\\\/06\\\/cropped-162574230_380766779846763_4426584222903300096_n.jpg\",\"contentUrl\":\"https:\\\/\\\/www.ilovewines.vn\\\/wp-content\\\/uploads\\\/2022\\\/06\\\/cropped-162574230_380766779846763_4426584222903300096_n.jpg\",\"width\":320,\"height\":206,\"caption\":\"Rada Wines\"},\"image\":{\"@id\":\"https:\\\/\\\/www.ilovewines.vn\\\/#\\\/schema\\\/logo\\\/image\\\/\"}}]}<\/script>\n<!-- \/ Yoast SEO plugin. -->","yoast_head_json":{"title":"Price's No. 8 Shiraz Cabernet - Rada Wines","robots":{"index":"index","follow":"follow","max-snippet":"max-snippet:-1","max-image-preview":"max-image-preview:large","max-video-preview":"max-video-preview:-1"},"canonical":"https:\/\/www.ilovewines.vn\/vi\/san-pham\/prices-no-8-shiraz-cabernet\/","og_locale":"vi_VN","og_type":"article","og_title":"Price's No. 8 Shiraz Cabernet - Rada Wines","og_description":"Sweetly fruited and beautifully lifted, the bouquet shows dark plum, blackcurrant, warm spice and toasted nut characters. The palate is equally attractive with succulent fruit intensity, well supported by plump mouthfeel and fine tannins leading to a lingering silky finish.","og_url":"https:\/\/www.ilovewines.vn\/vi\/san-pham\/prices-no-8-shiraz-cabernet\/","og_site_name":"Rada Wines","og_image":[{"width":416,"height":800,"url":"https:\/\/www.ilovewines.vn\/wp-content\/uploads\/2024\/01\/Price-8-e1705910435525.jpg","type":"image\/jpeg"}],"twitter_card":"summary_large_image","twitter_misc":{"\u01af\u1edbc t\u00ednh th\u1eddi gian \u0111\u1ecdc":"1 ph\u00fat"},"schema":{"@context":"https:\/\/schema.org","@graph":[{"@type":"WebPage","@id":"https:\/\/www.ilovewines.vn\/product\/prices-no-8-shiraz-cabernet\/","url":"https:\/\/www.ilovewines.vn\/product\/prices-no-8-shiraz-cabernet\/","name":"Price's No. 8 Shiraz Cabernet - Rada Wines","isPartOf":{"@id":"https:\/\/www.ilovewines.vn\/#website"},"primaryImageOfPage":{"@id":"https:\/\/www.ilovewines.vn\/product\/prices-no-8-shiraz-cabernet\/#primaryimage"},"image":{"@id":"https:\/\/www.ilovewines.vn\/product\/prices-no-8-shiraz-cabernet\/#primaryimage"},"thumbnailUrl":"https:\/\/www.ilovewines.vn\/wp-content\/uploads\/2024\/01\/Price-8-e1705910435525.jpg","datePublished":"2024-01-22T08:06:41+00:00","breadcrumb":{"@id":"https:\/\/www.ilovewines.vn\/product\/prices-no-8-shiraz-cabernet\/#breadcrumb"},"inLanguage":"vi","potentialAction":[{"@type":"ReadAction","target":["https:\/\/www.ilovewines.vn\/product\/prices-no-8-shiraz-cabernet\/"]}]},{"@type":"ImageObject","inLanguage":"vi","@id":"https:\/\/www.ilovewines.vn\/product\/prices-no-8-shiraz-cabernet\/#primaryimage","url":"https:\/\/www.ilovewines.vn\/wp-content\/uploads\/2024\/01\/Price-8-e1705910435525.jpg","contentUrl":"https:\/\/www.ilovewines.vn\/wp-content\/uploads\/2024\/01\/Price-8-e1705910435525.jpg","width":416,"height":800},{"@type":"BreadcrumbList","@id":"https:\/\/www.ilovewines.vn\/product\/prices-no-8-shiraz-cabernet\/#breadcrumb","itemListElement":[{"@type":"ListItem","position":1,"name":"Home","item":"https:\/\/www.ilovewines.vn\/"},{"@type":"ListItem","position":2,"name":"Catalogue","item":"https:\/\/www.ilovewines.vn\/catalogue\/"},{"@type":"ListItem","position":3,"name":"Price&#8217;s No. 8 Shiraz Cabernet"}]},{"@type":"WebSite","@id":"https:\/\/www.ilovewines.vn\/#website","url":"https:\/\/www.ilovewines.vn\/","name":"Rada Wines","description":"Just another WordPress site","publisher":{"@id":"https:\/\/www.ilovewines.vn\/#organization"},"potentialAction":[{"@type":"SearchAction","target":{"@type":"EntryPoint","urlTemplate":"https:\/\/www.ilovewines.vn\/?s={search_term_string}"},"query-input":{"@type":"PropertyValueSpecification","valueRequired":true,"valueName":"search_term_string"}}],"inLanguage":"vi"},{"@type":"Organization","@id":"https:\/\/www.ilovewines.vn\/#organization","name":"Rada Wines","url":"https:\/\/www.ilovewines.vn\/","logo":{"@type":"ImageObject","inLanguage":"vi","@id":"https:\/\/www.ilovewines.vn\/#\/schema\/logo\/image\/","url":"https:\/\/www.ilovewines.vn\/wp-content\/uploads\/2022\/06\/cropped-162574230_380766779846763_4426584222903300096_n.jpg","contentUrl":"https:\/\/www.ilovewines.vn\/wp-content\/uploads\/2022\/06\/cropped-162574230_380766779846763_4426584222903300096_n.jpg","width":320,"height":206,"caption":"Rada Wines"},"image":{"@id":"https:\/\/www.ilovewines.vn\/#\/schema\/logo\/image\/"}}]}},"_links":{"self":[{"href":"https:\/\/www.ilovewines.vn\/vi\/wp-json\/wp\/v2\/product\/5158","targetHints":{"allow":["GET"]}}],"collection":[{"href":"https:\/\/www.ilovewines.vn\/vi\/wp-json\/wp\/v2\/product"}],"about":[{"href":"https:\/\/www.ilovewines.vn\/vi\/wp-json\/wp\/v2\/types\/product"}],"version-history":[{"count":0,"href":"https:\/\/www.ilovewines.vn\/vi\/wp-json\/wp\/v2\/product\/5158\/revisions"}],"wp:featuredmedia":[{"embeddable":true,"href":"https:\/\/www.ilovewines.vn\/vi\/wp-json\/wp\/v2\/media\/5159"}],"wp:attachment":[{"href":"https:\/\/www.ilovewines.vn\/vi\/wp-json\/wp\/v2\/media?parent=5158"}],"wp:term":[{"taxonomy":"product_brand","embeddable":true,"href":"https:\/\/www.ilovewines.vn\/vi\/wp-json\/wp\/v2\/product_brand?post=5158"},{"taxonomy":"product_cat","embeddable":true,"href":"https:\/\/www.ilovewines.vn\/vi\/wp-json\/wp\/v2\/product_cat?post=5158"},{"taxonomy":"product_tag","embeddable":true,"href":"https:\/\/www.ilovewines.vn\/vi\/wp-json\/wp\/v2\/product_tag?post=5158"},{"taxonomy":"grape_varietal","embeddable":true,"href":"https:\/\/www.ilovewines.vn\/vi\/wp-json\/wp\/v2\/grape_varietal?post=5158"},{"taxonomy":"wine_regions","embeddable":true,"href":"https:\/\/www.ilovewines.vn\/vi\/wp-json\/wp\/v2\/wine_regions?post=5158"}],"curies":[{"name":"wp","href":"https:\/\/api.w.org\/{rel}","templated":true}]}}