{"id":6261,"date":"2024-06-03T06:38:59","date_gmt":"2024-06-03T12:38:59","guid":{"rendered":"https:\/\/www.ilovewines.vn\/?post_type=product&#038;p=6261"},"modified":"2024-06-03T06:43:23","modified_gmt":"2024-06-03T12:43:23","slug":"bleasdale-the-wild-pear-verdelho-sauvignon-blanc","status":"publish","type":"product","link":"https:\/\/www.ilovewines.vn\/vi\/product\/bleasdale-the-wild-pear-verdelho-sauvignon-blanc\/","title":{"rendered":"Bleasdale The Wild Pear Verdelho Sauvignon Blanc"},"content":{"rendered":"<p>N\u00e9p m\u00ecnh b\u00ean c\u1ea1nh nh\u1eefng c\u00e2y nho l\u00e2u \u0111\u1eddi nh\u1ea5t \u1edf Bleasdale Estate l\u00e0 ba c\u00e2y L\u00ea m\u1ecdc hoang d\u00e3 \u0111\u00e3 t\u1ed3n t\u1ea1i \u1edf \u0111\u00f3 l\u00e2u h\u01a1n b\u1ea5t k\u1ef3 ai c\u00f3 th\u1ec3 nh\u1edb \u0111\u01b0\u1ee3c. Nh\u1eefng c\u00e2y c\u1ed5 th\u1ee5 n\u00e0y \u0111\u00e3 sinh s\u1ed1ng tr\u00ean v\u00f9ng \u0111\u1ed3ng b\u1eb1ng ng\u1eadp n\u01b0\u1edbc t\u1ef1 nhi\u00ean c\u1ee7a S\u00f4ng Bremer, chia s\u1ebb l\u1ee3i \u00edch t\u1eeb ngu\u1ed3n t\u00e0i nguy\u00ean phong ph\u00fa n\u00e0y v\u1edbi khu v\u1ef1c Verdelho n\u0103m 1930 n\u01a1i tr\u1ed3ng nho \u0111\u1ec3 l\u00e0m ra lo\u1ea1i r\u01b0\u1ee3u n\u00e0y.<\/p>\n<p>V\u01af\u1edcN NHO<\/p>\n<p>V\u01b0\u1eddn nho Estate v\u00e0 c\u00e1c Nh\u00e0 tr\u1ed3ng nho Chuy\u00ean nghi\u1ec7p. Langhorne Creek v\u00e0 Adelaide Hills, Nam \u00dac.<\/p>\n<p>THU HO\u1ea0CH V\u00c0 X\u00c1C \u0110\u1ecaNH \u0110\u1ed8 CH\u00cdN C\u1ee6A NHO<\/p>\n<p>Ng\u00e0y 20 + 21 th\u00e1ng Hai v\u00e0 ng\u00e0y 24 th\u00e1ng Ba 2023, \u0111\u1ed9 ng\u1ecdt 11.0 &amp; 11.3<\/p>\n<p>K\u0128 THU\u1eacT S\u1ea2N XU\u1ea4T R\u01af\u1ee2U<\/p>\n<p>L\u00ean men m\u00e1t trong th\u00f9ng th\u00e9p kh\u00f4ng g\u1ec9. C\u00e1c l\u00f4 v\u01b0\u1eddn nho \u0111\u01b0\u1ee3c gi\u1eef ri\u00eang bi\u1ec7t tr\u01b0\u1edbc khi tr\u1ed9n v\u00e0 \u0111\u00f3ng chai s\u1edbm \u0111\u1ec3 duy tr\u00ec \u0111\u1ed9 t\u01b0\u01a1i. Tr\u00e1i c\u00e2y nhi\u1ec7t \u0111\u1edbi \u0111\u1eadm \u0111\u00e0 c\u1ee7a Adelaide Hills Sauvignon Blanc b\u1ed5 sung cho v\u1ecb t\u01b0\u01a1i m\u00e1t c\u1ee7a cam qu\u00fdt t\u1eeb Langhorne Creek Verdelho.<\/p>\n<p>GI\u1ed0NG NHO<\/p>\n<p>Verdelho (83%) v\u00e0 Sauvignon Blanc (17%)<\/p>\n<p>TR\u01af\u1edeNG TH\u00c0NH TRONG TH\u00d9NG G\u1ed6 S\u1ed2I<\/p>\n<p>Kh\u00f4ng \u1ee7 trong th\u00f9ng g\u1ed7 s\u1ed3i<\/p>\n<p>C\u1ea2M QUAN<\/p>\n<p>M\u1ed9t chai vang gi\u00f2n, kh\u00f4 v\u00e0 t\u01b0\u01a1i m\u1edbi c\u00f3 h\u01b0\u01a1ng tr\u00e1i c\u00e2y h\u1ed7n h\u1ee3p, v\u1ecb chanh h\u00f2a quy\u1ec7n v\u1edbi nhi\u1ec1u m\u00f9i v\u1ecb nhi\u1ec7t \u0111\u1edbi.<\/p>\n<p>G\u1ee2I \u00dd \u0110\u1ed2 \u0102N K\u00c8M:<\/p>\n<p>M\u00f3n Fish and Chips (Phi l\u00ea c\u00e1 chi\u00ean v\u00e0 khoai t\u00e2y chi\u00ean) b\u00ean b\u1edd bi\u1ec3n v\u1edbi v\u1eb9m xanh n\u1ea5u v\u1edbi vang tr\u1eafng.<\/p>\n<p>PH\u00c2N T\u00cdCH<\/p>\n<p>\u0110\u1ed9 c\u1ed3n: 12.0% alc\/vol<br \/>\n\u0110\u1ed9 axit: 7.1g\/L<br \/>\npH: 3.25<\/p>\n<p>KH\u1ea2 N\u0102NG C\u1ea4T TR\u1eee<\/p>\n<p>U\u1ed1ng ngay ho\u1eb7c gi\u1eef \u0111\u1ebfn n\u0103m 2026<\/p>\n<p><img decoding=\"async\" class=\"alignnone size-full wp-image-6272\" src=\"https:\/\/www.ilovewines.vn\/wp-content\/uploads\/2024\/06\/Screenshot-2024-06-03-194140.png\" alt=\"\" width=\"292\" height=\"148\" srcset=\"https:\/\/www.ilovewines.vn\/wp-content\/uploads\/2024\/06\/Screenshot-2024-06-03-194140.png 292w, https:\/\/www.ilovewines.vn\/wp-content\/uploads\/2024\/06\/Screenshot-2024-06-03-194140-18x9.png 18w\" sizes=\"(max-width: 292px) 100vw, 292px\" \/><\/p>","protected":false},"excerpt":{"rendered":"<p>M\u1ed9t chai vang gi\u00f2n, kh\u00f4 v\u00e0 t\u01b0\u01a1i m\u1edbi c\u00f3 h\u01b0\u01a1ng tr\u00e1i c\u00e2y h\u1ed7n h\u1ee3p, v\u1ecb chanh h\u00f2a quy\u1ec7n v\u1edbi nhi\u1ec1u m\u00f9i v\u1ecb nhi\u1ec7t \u0111\u1edbi.<\/p>\n<p>\u01af\u1edbp l\u1ea1nh v\u00e0 u\u1ed1ng khi vang c\u00f2n tr\u1ebb. Vegan friendly.<\/p>","protected":false},"featured_media":6262,"template":"","meta":{"_acf_changed":false},"product_brand":[],"product_cat":[89,93],"product_tag":[],"grape_varietal":[2474,2716],"wine_regions":[2416,2421,2410],"class_list":{"0":"post-6261","1":"product","2":"type-product","3":"status-publish","4":"has-post-thumbnail","6":"product_cat-white-wine","7":"product_cat-wine","8":"pa_brand-bleasdale","9":"grape_varietal-sauvignon-blanc","10":"grape_varietal-verdelho","11":"wine_regions-adelaide-hills","12":"wine_regions-langhorne-creek","13":"wine_regions-south-australia","15":"first","16":"instock","17":"shipping-taxable","18":"product-type-simple"},"acf":[],"yoast_head":"<!-- This site is optimized with the Yoast SEO plugin v27.4 - https:\/\/yoast.com\/product\/yoast-seo-wordpress\/ -->\n<title>Bleasdale The Wild Pear Verdelho Sauvignon Blanc - Rada Wines<\/title>\n<meta name=\"robots\" content=\"index, follow, max-snippet:-1, max-image-preview:large, max-video-preview:-1\" \/>\n<link rel=\"canonical\" href=\"https:\/\/www.ilovewines.vn\/vi\/san-pham\/bleasdale-the-wild-pear-verdelho-sauvignon-blanc\/\" \/>\n<meta property=\"og:locale\" content=\"vi_VN\" \/>\n<meta property=\"og:type\" content=\"article\" \/>\n<meta property=\"og:title\" content=\"Bleasdale The Wild Pear Verdelho Sauvignon Blanc - Rada Wines\" \/>\n<meta property=\"og:description\" content=\"A crisp, fresh dry wine displaying attractive fruit salad aromas with citrus and tropical flavours.  Enjoy it chilled while young. Vegan friendly.\" \/>\n<meta property=\"og:url\" content=\"https:\/\/www.ilovewines.vn\/vi\/san-pham\/bleasdale-the-wild-pear-verdelho-sauvignon-blanc\/\" \/>\n<meta property=\"og:site_name\" content=\"Rada Wines\" \/>\n<meta property=\"article:modified_time\" content=\"2024-06-03T12:43:23+00:00\" \/>\n<meta property=\"og:image\" content=\"https:\/\/www.ilovewines.vn\/wp-content\/uploads\/2024\/06\/NV-Wild-Pear-Bottle-Shot_high-res-1-264x1024.png\" \/>\n\t<meta property=\"og:image:width\" content=\"264\" \/>\n\t<meta property=\"og:image:height\" content=\"1024\" \/>\n\t<meta property=\"og:image:type\" content=\"image\/png\" \/>\n<meta name=\"twitter:card\" content=\"summary_large_image\" \/>\n<meta name=\"twitter:label1\" content=\"\u01af\u1edbc t\u00ednh th\u1eddi gian \u0111\u1ecdc\" \/>\n\t<meta name=\"twitter:data1\" content=\"2 ph\u00fat\" \/>\n<script type=\"application\/ld+json\" class=\"yoast-schema-graph\">{\"@context\":\"https:\\\/\\\/schema.org\",\"@graph\":[{\"@type\":\"WebPage\",\"@id\":\"https:\\\/\\\/www.ilovewines.vn\\\/product\\\/bleasdale-the-wild-pear-verdelho-sauvignon-blanc\\\/\",\"url\":\"https:\\\/\\\/www.ilovewines.vn\\\/product\\\/bleasdale-the-wild-pear-verdelho-sauvignon-blanc\\\/\",\"name\":\"Bleasdale The Wild Pear Verdelho Sauvignon Blanc - Rada Wines\",\"isPartOf\":{\"@id\":\"https:\\\/\\\/www.ilovewines.vn\\\/#website\"},\"primaryImageOfPage\":{\"@id\":\"https:\\\/\\\/www.ilovewines.vn\\\/product\\\/bleasdale-the-wild-pear-verdelho-sauvignon-blanc\\\/#primaryimage\"},\"image\":{\"@id\":\"https:\\\/\\\/www.ilovewines.vn\\\/product\\\/bleasdale-the-wild-pear-verdelho-sauvignon-blanc\\\/#primaryimage\"},\"thumbnailUrl\":\"https:\\\/\\\/www.ilovewines.vn\\\/wp-content\\\/uploads\\\/2024\\\/06\\\/NV-Wild-Pear-Bottle-Shot_high-res-1-e1717417188453.png\",\"datePublished\":\"2024-06-03T12:38:59+00:00\",\"dateModified\":\"2024-06-03T12:43:23+00:00\",\"breadcrumb\":{\"@id\":\"https:\\\/\\\/www.ilovewines.vn\\\/product\\\/bleasdale-the-wild-pear-verdelho-sauvignon-blanc\\\/#breadcrumb\"},\"inLanguage\":\"vi\",\"potentialAction\":[{\"@type\":\"ReadAction\",\"target\":[\"https:\\\/\\\/www.ilovewines.vn\\\/product\\\/bleasdale-the-wild-pear-verdelho-sauvignon-blanc\\\/\"]}]},{\"@type\":\"ImageObject\",\"inLanguage\":\"vi\",\"@id\":\"https:\\\/\\\/www.ilovewines.vn\\\/product\\\/bleasdale-the-wild-pear-verdelho-sauvignon-blanc\\\/#primaryimage\",\"url\":\"https:\\\/\\\/www.ilovewines.vn\\\/wp-content\\\/uploads\\\/2024\\\/06\\\/NV-Wild-Pear-Bottle-Shot_high-res-1-e1717417188453.png\",\"contentUrl\":\"https:\\\/\\\/www.ilovewines.vn\\\/wp-content\\\/uploads\\\/2024\\\/06\\\/NV-Wild-Pear-Bottle-Shot_high-res-1-e1717417188453.png\",\"width\":500,\"height\":1936},{\"@type\":\"BreadcrumbList\",\"@id\":\"https:\\\/\\\/www.ilovewines.vn\\\/product\\\/bleasdale-the-wild-pear-verdelho-sauvignon-blanc\\\/#breadcrumb\",\"itemListElement\":[{\"@type\":\"ListItem\",\"position\":1,\"name\":\"Home\",\"item\":\"https:\\\/\\\/www.ilovewines.vn\\\/\"},{\"@type\":\"ListItem\",\"position\":2,\"name\":\"Catalogue\",\"item\":\"https:\\\/\\\/www.ilovewines.vn\\\/catalogue\\\/\"},{\"@type\":\"ListItem\",\"position\":3,\"name\":\"Bleasdale The Wild Pear Verdelho Sauvignon Blanc\"}]},{\"@type\":\"WebSite\",\"@id\":\"https:\\\/\\\/www.ilovewines.vn\\\/#website\",\"url\":\"https:\\\/\\\/www.ilovewines.vn\\\/\",\"name\":\"Rada Wines\",\"description\":\"Just another WordPress site\",\"publisher\":{\"@id\":\"https:\\\/\\\/www.ilovewines.vn\\\/#organization\"},\"potentialAction\":[{\"@type\":\"SearchAction\",\"target\":{\"@type\":\"EntryPoint\",\"urlTemplate\":\"https:\\\/\\\/www.ilovewines.vn\\\/?s={search_term_string}\"},\"query-input\":{\"@type\":\"PropertyValueSpecification\",\"valueRequired\":true,\"valueName\":\"search_term_string\"}}],\"inLanguage\":\"vi\"},{\"@type\":\"Organization\",\"@id\":\"https:\\\/\\\/www.ilovewines.vn\\\/#organization\",\"name\":\"Rada Wines\",\"url\":\"https:\\\/\\\/www.ilovewines.vn\\\/\",\"logo\":{\"@type\":\"ImageObject\",\"inLanguage\":\"vi\",\"@id\":\"https:\\\/\\\/www.ilovewines.vn\\\/#\\\/schema\\\/logo\\\/image\\\/\",\"url\":\"https:\\\/\\\/www.ilovewines.vn\\\/wp-content\\\/uploads\\\/2022\\\/06\\\/cropped-162574230_380766779846763_4426584222903300096_n.jpg\",\"contentUrl\":\"https:\\\/\\\/www.ilovewines.vn\\\/wp-content\\\/uploads\\\/2022\\\/06\\\/cropped-162574230_380766779846763_4426584222903300096_n.jpg\",\"width\":320,\"height\":206,\"caption\":\"Rada Wines\"},\"image\":{\"@id\":\"https:\\\/\\\/www.ilovewines.vn\\\/#\\\/schema\\\/logo\\\/image\\\/\"}}]}<\/script>\n<!-- \/ Yoast SEO plugin. -->","yoast_head_json":{"title":"Bleasdale The Wild Pear Verdelho Sauvignon Blanc - Rada Wines","robots":{"index":"index","follow":"follow","max-snippet":"max-snippet:-1","max-image-preview":"max-image-preview:large","max-video-preview":"max-video-preview:-1"},"canonical":"https:\/\/www.ilovewines.vn\/vi\/san-pham\/bleasdale-the-wild-pear-verdelho-sauvignon-blanc\/","og_locale":"vi_VN","og_type":"article","og_title":"Bleasdale The Wild Pear Verdelho Sauvignon Blanc - Rada Wines","og_description":"A crisp, fresh dry wine displaying attractive fruit salad aromas with citrus and tropical flavours.  Enjoy it chilled while young. Vegan friendly.","og_url":"https:\/\/www.ilovewines.vn\/vi\/san-pham\/bleasdale-the-wild-pear-verdelho-sauvignon-blanc\/","og_site_name":"Rada Wines","article_modified_time":"2024-06-03T12:43:23+00:00","og_image":[{"width":264,"height":1024,"url":"https:\/\/www.ilovewines.vn\/wp-content\/uploads\/2024\/06\/NV-Wild-Pear-Bottle-Shot_high-res-1-264x1024.png","type":"image\/png"}],"twitter_card":"summary_large_image","twitter_misc":{"\u01af\u1edbc t\u00ednh th\u1eddi gian \u0111\u1ecdc":"2 ph\u00fat"},"schema":{"@context":"https:\/\/schema.org","@graph":[{"@type":"WebPage","@id":"https:\/\/www.ilovewines.vn\/product\/bleasdale-the-wild-pear-verdelho-sauvignon-blanc\/","url":"https:\/\/www.ilovewines.vn\/product\/bleasdale-the-wild-pear-verdelho-sauvignon-blanc\/","name":"Bleasdale The Wild Pear Verdelho Sauvignon Blanc - Rada Wines","isPartOf":{"@id":"https:\/\/www.ilovewines.vn\/#website"},"primaryImageOfPage":{"@id":"https:\/\/www.ilovewines.vn\/product\/bleasdale-the-wild-pear-verdelho-sauvignon-blanc\/#primaryimage"},"image":{"@id":"https:\/\/www.ilovewines.vn\/product\/bleasdale-the-wild-pear-verdelho-sauvignon-blanc\/#primaryimage"},"thumbnailUrl":"https:\/\/www.ilovewines.vn\/wp-content\/uploads\/2024\/06\/NV-Wild-Pear-Bottle-Shot_high-res-1-e1717417188453.png","datePublished":"2024-06-03T12:38:59+00:00","dateModified":"2024-06-03T12:43:23+00:00","breadcrumb":{"@id":"https:\/\/www.ilovewines.vn\/product\/bleasdale-the-wild-pear-verdelho-sauvignon-blanc\/#breadcrumb"},"inLanguage":"vi","potentialAction":[{"@type":"ReadAction","target":["https:\/\/www.ilovewines.vn\/product\/bleasdale-the-wild-pear-verdelho-sauvignon-blanc\/"]}]},{"@type":"ImageObject","inLanguage":"vi","@id":"https:\/\/www.ilovewines.vn\/product\/bleasdale-the-wild-pear-verdelho-sauvignon-blanc\/#primaryimage","url":"https:\/\/www.ilovewines.vn\/wp-content\/uploads\/2024\/06\/NV-Wild-Pear-Bottle-Shot_high-res-1-e1717417188453.png","contentUrl":"https:\/\/www.ilovewines.vn\/wp-content\/uploads\/2024\/06\/NV-Wild-Pear-Bottle-Shot_high-res-1-e1717417188453.png","width":500,"height":1936},{"@type":"BreadcrumbList","@id":"https:\/\/www.ilovewines.vn\/product\/bleasdale-the-wild-pear-verdelho-sauvignon-blanc\/#breadcrumb","itemListElement":[{"@type":"ListItem","position":1,"name":"Home","item":"https:\/\/www.ilovewines.vn\/"},{"@type":"ListItem","position":2,"name":"Catalogue","item":"https:\/\/www.ilovewines.vn\/catalogue\/"},{"@type":"ListItem","position":3,"name":"Bleasdale The Wild Pear Verdelho Sauvignon Blanc"}]},{"@type":"WebSite","@id":"https:\/\/www.ilovewines.vn\/#website","url":"https:\/\/www.ilovewines.vn\/","name":"Rada Wines","description":"Just another WordPress site","publisher":{"@id":"https:\/\/www.ilovewines.vn\/#organization"},"potentialAction":[{"@type":"SearchAction","target":{"@type":"EntryPoint","urlTemplate":"https:\/\/www.ilovewines.vn\/?s={search_term_string}"},"query-input":{"@type":"PropertyValueSpecification","valueRequired":true,"valueName":"search_term_string"}}],"inLanguage":"vi"},{"@type":"Organization","@id":"https:\/\/www.ilovewines.vn\/#organization","name":"Rada Wines","url":"https:\/\/www.ilovewines.vn\/","logo":{"@type":"ImageObject","inLanguage":"vi","@id":"https:\/\/www.ilovewines.vn\/#\/schema\/logo\/image\/","url":"https:\/\/www.ilovewines.vn\/wp-content\/uploads\/2022\/06\/cropped-162574230_380766779846763_4426584222903300096_n.jpg","contentUrl":"https:\/\/www.ilovewines.vn\/wp-content\/uploads\/2022\/06\/cropped-162574230_380766779846763_4426584222903300096_n.jpg","width":320,"height":206,"caption":"Rada Wines"},"image":{"@id":"https:\/\/www.ilovewines.vn\/#\/schema\/logo\/image\/"}}]}},"_links":{"self":[{"href":"https:\/\/www.ilovewines.vn\/vi\/wp-json\/wp\/v2\/product\/6261","targetHints":{"allow":["GET"]}}],"collection":[{"href":"https:\/\/www.ilovewines.vn\/vi\/wp-json\/wp\/v2\/product"}],"about":[{"href":"https:\/\/www.ilovewines.vn\/vi\/wp-json\/wp\/v2\/types\/product"}],"version-history":[{"count":5,"href":"https:\/\/www.ilovewines.vn\/vi\/wp-json\/wp\/v2\/product\/6261\/revisions"}],"predecessor-version":[{"id":6273,"href":"https:\/\/www.ilovewines.vn\/vi\/wp-json\/wp\/v2\/product\/6261\/revisions\/6273"}],"wp:featuredmedia":[{"embeddable":true,"href":"https:\/\/www.ilovewines.vn\/vi\/wp-json\/wp\/v2\/media\/6262"}],"wp:attachment":[{"href":"https:\/\/www.ilovewines.vn\/vi\/wp-json\/wp\/v2\/media?parent=6261"}],"wp:term":[{"taxonomy":"product_brand","embeddable":true,"href":"https:\/\/www.ilovewines.vn\/vi\/wp-json\/wp\/v2\/product_brand?post=6261"},{"taxonomy":"product_cat","embeddable":true,"href":"https:\/\/www.ilovewines.vn\/vi\/wp-json\/wp\/v2\/product_cat?post=6261"},{"taxonomy":"product_tag","embeddable":true,"href":"https:\/\/www.ilovewines.vn\/vi\/wp-json\/wp\/v2\/product_tag?post=6261"},{"taxonomy":"grape_varietal","embeddable":true,"href":"https:\/\/www.ilovewines.vn\/vi\/wp-json\/wp\/v2\/grape_varietal?post=6261"},{"taxonomy":"wine_regions","embeddable":true,"href":"https:\/\/www.ilovewines.vn\/vi\/wp-json\/wp\/v2\/wine_regions?post=6261"}],"curies":[{"name":"wp","href":"https:\/\/api.w.org\/{rel}","templated":true}]}}