{"id":6274,"date":"2024-06-03T06:55:29","date_gmt":"2024-06-03T12:55:29","guid":{"rendered":"https:\/\/www.ilovewines.vn\/?post_type=product&#038;p=6274"},"modified":"2026-03-25T23:06:05","modified_gmt":"2026-03-26T05:06:05","slug":"bleasdale-the-wild-fig-shiraz-grenache-mourvedre","status":"publish","type":"product","link":"https:\/\/www.ilovewines.vn\/vi\/product\/bleasdale-the-wild-fig-shiraz-grenache-mourvedre\/","title":{"rendered":"Bleasdale The Wild Fig Shiraz Grenache Mourv\u00e8dre"},"content":{"rendered":"<p>Nh\u00e0 r\u01b0\u1ee3u Bleasdale ti\u1ebfp t\u1ee5c th\u1ec3 hi\u1ec7n kh\u1ea3 n\u0103ng c\u1ee7a v\u00f9ng Langhorne Creek trong vi\u1ec7c s\u1ea3n xu\u1ea5t r\u01b0\u1ee3u vang ch\u1ea5t l\u01b0\u1ee3ng theo phong c\u00e1ch c\u00e1 nh\u00e2n. Shiraz v\u00e0 Grenache ban \u0111\u1ea7u \u0111\u01b0\u1ee3c tr\u1ed3ng \u1edf Langhorne Creek \u0111\u1ec3 s\u1ea3n xu\u1ea5t r\u01b0\u1ee3u vang c\u01b0\u1eddng h\u00f3a nh\u01b0ng \u0111ang \u0111\u01b0\u1ee3c ch\u1ee9ng minh l\u00e0 lo\u1ea1i r\u01b0\u1ee3u tuy\u1ec7t v\u1eddi \u0111\u1ec3 u\u1ed1ng tr\u00ean b\u00e0n \u0103n. \u0110\u01b0\u1ee3c nu\u00f4i d\u01b0\u1ee1ng t\u1eeb nh\u1eefng ki\u1ec7n nho s\u1ed1 l\u01b0\u1ee3ng \u00edt \u0111\u1ec3 tr\u1edf th\u00e0nh m\u1ed9t th\u1ee9c u\u1ed1ng th\u01a1m ngon, s\u00f4i \u0111\u1ed9ng.<\/p>\n<p>V\u01af\u1edcN NHO<\/p>\n<p>V\u01b0\u1eddn nho Estate v\u00e0 Specialist Growers v\u00f9ng Langhorne Creek Nam \u00dac.<\/p>\n<p>THU HO\u1ea0CH V\u00c0 X\u00c1C \u0110\u1ecaNH \u0110\u1ed8 CH\u00cdN C\u1ee6A NHO<\/p>\n<p>Ng\u00e0y 8 th\u00e1ng Ba- Ng\u00e0y 19 th\u00e1ng Ba n\u0103m 2022<\/p>\n<p>12.4 &#8211; 14.4<\/p>\n<p>GI\u1ed0NG NHO<\/p>\n<p>Shiraz (67%), Grenache (26%) &amp; Mourv\u00e8dre (7%)<\/p>\n<p>K\u0128 THU\u1eacT S\u1ea2N XU\u1ea4T R\u01af\u1ee2U<\/p>\n<p>Nho Shiraz v\u00e0 Grenache \u0111\u01b0\u1ee3c t\u00e1ch cu\u1ed1ng c\u00f9ng l\u00fac v\u00e0 cho v\u00e0o c\u00e1c th\u00f9ng l\u00ean men m\u1edf \u0111\u1ec3 cho qu\u00e1 tr\u00ecnh ng\u00e2m tr\u01b0\u1edbc khi l\u00ean men trong th\u1eddi gian ng\u1eafn. Ban \u0111\u1ea7u b\u01a1m nh\u1eb9 nh\u00e0ng, t\u0103ng l\u00ean 4 l\u1ea7n m\u1ed7i ng\u00e0y v\u1edbi \u0111\u1ec9nh \u0111i\u1ec3m l\u00ean men \u1edf 30\u00b0C. \u0110\u1ec3 r\u00e1o n\u01b0\u1edbc v\u00e0 \u00e9p sau 12-14 ng\u00e0y, \u0111\u1ec3 y\u00ean trong 24 gi\u1edd tr\u01b0\u1edbc khi x\u1ebfp v\u00e0o th\u00f9ng ch\u1ee9a v\u00e0 g\u1ed7 s\u1ed3i \u0111\u1ec3 \u1ee7 ch\u00edn. Pha tr\u1ed9n th\u00eam v\u1edbi c\u00e1c l\u00f4 nho kh\u00e1c \u0111\u00e3 \u0111\u01b0\u1ee3c tuy\u1ec3n ch\u1ecdn tr\u01b0\u1edbc khi \u0111\u00f3ng chai.<\/p>\n<p>TR\u01af\u1edeNG TH\u00c0NH TRONG TH\u00d9NG G\u1ed6 S\u1ed2I<\/p>\n<p>6 th\u00e1ng trong c\u00e1c th\u00f9ng g\u1ed7 s\u1ed3i Ph\u00e1p c\u0169 v\u00e0 th\u00f9ng th\u00e9p kh\u00f4ng g\u1ec9 \u0111\u1ec3 gi\u1eef \u0111\u1ed9 t\u01b0\u01a1i.<\/p>\n<p>C\u1ea2M QUAN<\/p>\n<p>L\u00e0 chai r\u01b0\u1ee3u vang \u0111\u1ecf c\u00f3 \u0111\u1ed9 m\u1ea1nh trung b\u00ecnh, d\u1eady m\u00f9i h\u01b0\u01a1ng vi\u1ec7t qu\u1ea5t c\u00f9ng nh\u01b0ng n\u1ed1t h\u01b0\u01a1ng anh \u0111\u00e0o, l\u00e1 x\u1ea1 h\u01b0\u01a1ng d\u1ea1i, hoa h\u1ed3i, mang theo h\u01b0\u01a1ng \u0111\u1ea5t m\u1eb7n m\u00f2i. Chi\u1ec1u s\u00e2u v\u00e0 c\u00e1 t\u00ednh c\u1ee7a Shiraz v\u1edbi h\u01b0\u01a1ng m\u01b0a tr\u00ean s\u1ecfi n\u00f3ng, \u0111inh h\u01b0\u01a1ng v\u00e0 cam qu\u00fdt. H\u01b0\u01a1ng v\u1ecb tr\u00e1i c\u00e2y \u0111\u01b0\u1ee3c n\u00e2ng l\u00ean v\u1edbi k\u1ebft th\u00fac ph\u1ea5n m\u1ecbn. Ho\u00e0n h\u1ea3o \u0111\u1ec3 th\u01b0\u1edfng th\u1ee9c trong m\u1ed9t c\u01a1n gi\u00f4ng m\u00f9a h\u00e8.<\/p>\n<p>PH\u00c2N T\u00cdCH<\/p>\n<p>\u0110\u1ed9 c\u1ed3n: 13.5% alc\/vol<br \/>\n\u0110\u1ed9 axit: 6.1g\/L<br \/>\npH: 3.46<\/p>\n<p>G\u1ee2I \u00dd \u0110\u1ed2 \u0102N K\u00c8M:<\/p>\n<p>U\u1ed1ng ngon nh\u1ea5t khi \u01b0\u1edbp l\u1ea1nh 15-16 \u0111\u1ed9 C. \u0102n k\u00e8m c\u00e0 t\u00edm n\u01b0\u1edbng l\u1eeda than v\u1edbi c\u00e0 chua ho\u1eb7c xi\u00ean th\u1ecbt g\u00e0.<\/p>\n<p>KH\u1ea2 N\u0102NG C\u1ea4T TR\u1eee<\/p>\n<p>U\u1ed1ng ngay ho\u1eb7c gi\u1eef \u0111\u1ebfn n\u0103m 2028<\/p>\n<p>GI\u1ea2I TH\u01af\u1edeNG &amp; \u0110\u00c1NH GI\u00c1 T\u1eea CHUY\u00caN GIA<\/p>\n<p>Gi\u1ea3i V\u00e0ng-  Perth Royal Wine Awards 2023<br \/>\nGi\u1ea3i b\u1ea1c- Royal Adelaide Wine Show 2023<br \/>\nGi\u1ea3i B\u1ea1c- Royal Queensland<br \/>\nGi\u1ea3i th\u01b0\u1edfng R\u01b0\u1ee3u vang n\u0103m 2023<br \/>\n\u2022 95 \u0110i\u1ec3m James Halliday<br \/>\nT\u1ea1p ch\u00ed Wine Companion \u1ea5n b\u1ea3n 2024<\/p>","protected":false},"excerpt":{"rendered":"<p>D\u1eady h\u01b0\u01a1ng tr\u00e1i c\u00e2y v\u1edbi k\u1ebft th\u00fac ph\u1ea5n m\u1ecbn.<\/p>\n<p>Ho\u00e0n h\u1ea3o \u0111\u1ec3 th\u01b0\u1edfng th\u1ee9c trong c\u01a1n gi\u00f4ng m\u00f9a h\u00e8.<\/p>","protected":false},"featured_media":6275,"template":"","meta":{"_acf_changed":false},"product_brand":[],"product_cat":[87,93],"product_tag":[],"grape_varietal":[2470,2471,2477,2466],"wine_regions":[2421,2410],"class_list":{"0":"post-6274","1":"product","2":"type-product","3":"status-publish","4":"has-post-thumbnail","6":"product_cat-red-wine","7":"product_cat-wine","8":"pa_brand-bleasdale","9":"grape_varietal-grenache","10":"grape_varietal-mourvedre","11":"grape_varietal-red","12":"grape_varietal-shiraz","13":"wine_regions-langhorne-creek","14":"wine_regions-south-australia","16":"first","17":"instock","18":"shipping-taxable","19":"product-type-simple"},"acf":[],"yoast_head":"<!-- This site is optimized with the Yoast SEO plugin v27.4 - https:\/\/yoast.com\/product\/yoast-seo-wordpress\/ -->\n<title>Bleasdale The Wild Fig Shiraz Grenache Mourv\u00e8dre - Rada Wines<\/title>\n<meta name=\"robots\" content=\"index, follow, max-snippet:-1, max-image-preview:large, max-video-preview:-1\" \/>\n<link rel=\"canonical\" href=\"https:\/\/www.ilovewines.vn\/vi\/san-pham\/bleasdale-the-wild-fig-shiraz-grenache-mourvedre\/\" \/>\n<meta property=\"og:locale\" content=\"vi_VN\" \/>\n<meta property=\"og:type\" content=\"article\" \/>\n<meta property=\"og:title\" content=\"Bleasdale The Wild Fig Shiraz Grenache Mourv\u00e8dre - Rada Wines\" \/>\n<meta property=\"og:description\" content=\"Lifted fruit flavour with a fine chalky finish.  Perfect when watching a summer thunderstorm.\" \/>\n<meta property=\"og:url\" content=\"https:\/\/www.ilovewines.vn\/vi\/san-pham\/bleasdale-the-wild-fig-shiraz-grenache-mourvedre\/\" \/>\n<meta property=\"og:site_name\" content=\"Rada Wines\" \/>\n<meta property=\"article:modified_time\" content=\"2026-03-26T05:06:05+00:00\" \/>\n<meta property=\"og:image\" content=\"https:\/\/www.ilovewines.vn\/wp-content\/uploads\/2024\/06\/NV-The-Wild-Fig-Bottle-Shot_High-Res-scaled-e1717418732244.jpg\" \/>\n\t<meta property=\"og:image:width\" content=\"500\" \/>\n\t<meta property=\"og:image:height\" content=\"1544\" \/>\n\t<meta property=\"og:image:type\" content=\"image\/jpeg\" \/>\n<meta name=\"twitter:card\" content=\"summary_large_image\" \/>\n<meta name=\"twitter:label1\" content=\"\u01af\u1edbc t\u00ednh th\u1eddi gian \u0111\u1ecdc\" \/>\n\t<meta name=\"twitter:data1\" content=\"2 ph\u00fat\" \/>\n<script type=\"application\/ld+json\" class=\"yoast-schema-graph\">{\"@context\":\"https:\\\/\\\/schema.org\",\"@graph\":[{\"@type\":\"WebPage\",\"@id\":\"https:\\\/\\\/www.ilovewines.vn\\\/product\\\/bleasdale-the-wild-fig-shiraz-grenache-mourvedre\\\/\",\"url\":\"https:\\\/\\\/www.ilovewines.vn\\\/product\\\/bleasdale-the-wild-fig-shiraz-grenache-mourvedre\\\/\",\"name\":\"Bleasdale The Wild Fig Shiraz Grenache Mourv\u00e8dre - Rada Wines\",\"isPartOf\":{\"@id\":\"https:\\\/\\\/www.ilovewines.vn\\\/#website\"},\"primaryImageOfPage\":{\"@id\":\"https:\\\/\\\/www.ilovewines.vn\\\/product\\\/bleasdale-the-wild-fig-shiraz-grenache-mourvedre\\\/#primaryimage\"},\"image\":{\"@id\":\"https:\\\/\\\/www.ilovewines.vn\\\/product\\\/bleasdale-the-wild-fig-shiraz-grenache-mourvedre\\\/#primaryimage\"},\"thumbnailUrl\":\"https:\\\/\\\/www.ilovewines.vn\\\/wp-content\\\/uploads\\\/2024\\\/06\\\/NV-The-Wild-Fig-Bottle-Shot_High-Res-scaled-e1717418732244.jpg\",\"datePublished\":\"2024-06-03T12:55:29+00:00\",\"dateModified\":\"2026-03-26T05:06:05+00:00\",\"breadcrumb\":{\"@id\":\"https:\\\/\\\/www.ilovewines.vn\\\/product\\\/bleasdale-the-wild-fig-shiraz-grenache-mourvedre\\\/#breadcrumb\"},\"inLanguage\":\"vi\",\"potentialAction\":[{\"@type\":\"ReadAction\",\"target\":[\"https:\\\/\\\/www.ilovewines.vn\\\/product\\\/bleasdale-the-wild-fig-shiraz-grenache-mourvedre\\\/\"]}]},{\"@type\":\"ImageObject\",\"inLanguage\":\"vi\",\"@id\":\"https:\\\/\\\/www.ilovewines.vn\\\/product\\\/bleasdale-the-wild-fig-shiraz-grenache-mourvedre\\\/#primaryimage\",\"url\":\"https:\\\/\\\/www.ilovewines.vn\\\/wp-content\\\/uploads\\\/2024\\\/06\\\/NV-The-Wild-Fig-Bottle-Shot_High-Res-scaled-e1717418732244.jpg\",\"contentUrl\":\"https:\\\/\\\/www.ilovewines.vn\\\/wp-content\\\/uploads\\\/2024\\\/06\\\/NV-The-Wild-Fig-Bottle-Shot_High-Res-scaled-e1717418732244.jpg\",\"width\":500,\"height\":1544},{\"@type\":\"BreadcrumbList\",\"@id\":\"https:\\\/\\\/www.ilovewines.vn\\\/product\\\/bleasdale-the-wild-fig-shiraz-grenache-mourvedre\\\/#breadcrumb\",\"itemListElement\":[{\"@type\":\"ListItem\",\"position\":1,\"name\":\"Home\",\"item\":\"https:\\\/\\\/www.ilovewines.vn\\\/\"},{\"@type\":\"ListItem\",\"position\":2,\"name\":\"Catalogue\",\"item\":\"https:\\\/\\\/www.ilovewines.vn\\\/catalogue\\\/\"},{\"@type\":\"ListItem\",\"position\":3,\"name\":\"Bleasdale The Wild Fig Shiraz Grenache Mourv\u00e8dre\"}]},{\"@type\":\"WebSite\",\"@id\":\"https:\\\/\\\/www.ilovewines.vn\\\/#website\",\"url\":\"https:\\\/\\\/www.ilovewines.vn\\\/\",\"name\":\"Rada Wines\",\"description\":\"Just another WordPress site\",\"publisher\":{\"@id\":\"https:\\\/\\\/www.ilovewines.vn\\\/#organization\"},\"potentialAction\":[{\"@type\":\"SearchAction\",\"target\":{\"@type\":\"EntryPoint\",\"urlTemplate\":\"https:\\\/\\\/www.ilovewines.vn\\\/?s={search_term_string}\"},\"query-input\":{\"@type\":\"PropertyValueSpecification\",\"valueRequired\":true,\"valueName\":\"search_term_string\"}}],\"inLanguage\":\"vi\"},{\"@type\":\"Organization\",\"@id\":\"https:\\\/\\\/www.ilovewines.vn\\\/#organization\",\"name\":\"Rada Wines\",\"url\":\"https:\\\/\\\/www.ilovewines.vn\\\/\",\"logo\":{\"@type\":\"ImageObject\",\"inLanguage\":\"vi\",\"@id\":\"https:\\\/\\\/www.ilovewines.vn\\\/#\\\/schema\\\/logo\\\/image\\\/\",\"url\":\"https:\\\/\\\/www.ilovewines.vn\\\/wp-content\\\/uploads\\\/2022\\\/06\\\/cropped-162574230_380766779846763_4426584222903300096_n.jpg\",\"contentUrl\":\"https:\\\/\\\/www.ilovewines.vn\\\/wp-content\\\/uploads\\\/2022\\\/06\\\/cropped-162574230_380766779846763_4426584222903300096_n.jpg\",\"width\":320,\"height\":206,\"caption\":\"Rada Wines\"},\"image\":{\"@id\":\"https:\\\/\\\/www.ilovewines.vn\\\/#\\\/schema\\\/logo\\\/image\\\/\"}}]}<\/script>\n<!-- \/ Yoast SEO plugin. -->","yoast_head_json":{"title":"Bleasdale The Wild Fig Shiraz Grenache Mourv\u00e8dre - Rada Wines","robots":{"index":"index","follow":"follow","max-snippet":"max-snippet:-1","max-image-preview":"max-image-preview:large","max-video-preview":"max-video-preview:-1"},"canonical":"https:\/\/www.ilovewines.vn\/vi\/san-pham\/bleasdale-the-wild-fig-shiraz-grenache-mourvedre\/","og_locale":"vi_VN","og_type":"article","og_title":"Bleasdale The Wild Fig Shiraz Grenache Mourv\u00e8dre - Rada Wines","og_description":"Lifted fruit flavour with a fine chalky finish.  Perfect when watching a summer thunderstorm.","og_url":"https:\/\/www.ilovewines.vn\/vi\/san-pham\/bleasdale-the-wild-fig-shiraz-grenache-mourvedre\/","og_site_name":"Rada Wines","article_modified_time":"2026-03-26T05:06:05+00:00","og_image":[{"width":500,"height":1544,"url":"https:\/\/www.ilovewines.vn\/wp-content\/uploads\/2024\/06\/NV-The-Wild-Fig-Bottle-Shot_High-Res-scaled-e1717418732244.jpg","type":"image\/jpeg"}],"twitter_card":"summary_large_image","twitter_misc":{"\u01af\u1edbc t\u00ednh th\u1eddi gian \u0111\u1ecdc":"2 ph\u00fat"},"schema":{"@context":"https:\/\/schema.org","@graph":[{"@type":"WebPage","@id":"https:\/\/www.ilovewines.vn\/product\/bleasdale-the-wild-fig-shiraz-grenache-mourvedre\/","url":"https:\/\/www.ilovewines.vn\/product\/bleasdale-the-wild-fig-shiraz-grenache-mourvedre\/","name":"Bleasdale The Wild Fig Shiraz Grenache Mourv\u00e8dre - Rada Wines","isPartOf":{"@id":"https:\/\/www.ilovewines.vn\/#website"},"primaryImageOfPage":{"@id":"https:\/\/www.ilovewines.vn\/product\/bleasdale-the-wild-fig-shiraz-grenache-mourvedre\/#primaryimage"},"image":{"@id":"https:\/\/www.ilovewines.vn\/product\/bleasdale-the-wild-fig-shiraz-grenache-mourvedre\/#primaryimage"},"thumbnailUrl":"https:\/\/www.ilovewines.vn\/wp-content\/uploads\/2024\/06\/NV-The-Wild-Fig-Bottle-Shot_High-Res-scaled-e1717418732244.jpg","datePublished":"2024-06-03T12:55:29+00:00","dateModified":"2026-03-26T05:06:05+00:00","breadcrumb":{"@id":"https:\/\/www.ilovewines.vn\/product\/bleasdale-the-wild-fig-shiraz-grenache-mourvedre\/#breadcrumb"},"inLanguage":"vi","potentialAction":[{"@type":"ReadAction","target":["https:\/\/www.ilovewines.vn\/product\/bleasdale-the-wild-fig-shiraz-grenache-mourvedre\/"]}]},{"@type":"ImageObject","inLanguage":"vi","@id":"https:\/\/www.ilovewines.vn\/product\/bleasdale-the-wild-fig-shiraz-grenache-mourvedre\/#primaryimage","url":"https:\/\/www.ilovewines.vn\/wp-content\/uploads\/2024\/06\/NV-The-Wild-Fig-Bottle-Shot_High-Res-scaled-e1717418732244.jpg","contentUrl":"https:\/\/www.ilovewines.vn\/wp-content\/uploads\/2024\/06\/NV-The-Wild-Fig-Bottle-Shot_High-Res-scaled-e1717418732244.jpg","width":500,"height":1544},{"@type":"BreadcrumbList","@id":"https:\/\/www.ilovewines.vn\/product\/bleasdale-the-wild-fig-shiraz-grenache-mourvedre\/#breadcrumb","itemListElement":[{"@type":"ListItem","position":1,"name":"Home","item":"https:\/\/www.ilovewines.vn\/"},{"@type":"ListItem","position":2,"name":"Catalogue","item":"https:\/\/www.ilovewines.vn\/catalogue\/"},{"@type":"ListItem","position":3,"name":"Bleasdale The Wild Fig Shiraz Grenache Mourv\u00e8dre"}]},{"@type":"WebSite","@id":"https:\/\/www.ilovewines.vn\/#website","url":"https:\/\/www.ilovewines.vn\/","name":"Rada Wines","description":"Just another WordPress site","publisher":{"@id":"https:\/\/www.ilovewines.vn\/#organization"},"potentialAction":[{"@type":"SearchAction","target":{"@type":"EntryPoint","urlTemplate":"https:\/\/www.ilovewines.vn\/?s={search_term_string}"},"query-input":{"@type":"PropertyValueSpecification","valueRequired":true,"valueName":"search_term_string"}}],"inLanguage":"vi"},{"@type":"Organization","@id":"https:\/\/www.ilovewines.vn\/#organization","name":"Rada Wines","url":"https:\/\/www.ilovewines.vn\/","logo":{"@type":"ImageObject","inLanguage":"vi","@id":"https:\/\/www.ilovewines.vn\/#\/schema\/logo\/image\/","url":"https:\/\/www.ilovewines.vn\/wp-content\/uploads\/2022\/06\/cropped-162574230_380766779846763_4426584222903300096_n.jpg","contentUrl":"https:\/\/www.ilovewines.vn\/wp-content\/uploads\/2022\/06\/cropped-162574230_380766779846763_4426584222903300096_n.jpg","width":320,"height":206,"caption":"Rada Wines"},"image":{"@id":"https:\/\/www.ilovewines.vn\/#\/schema\/logo\/image\/"}}]}},"_links":{"self":[{"href":"https:\/\/www.ilovewines.vn\/vi\/wp-json\/wp\/v2\/product\/6274","targetHints":{"allow":["GET"]}}],"collection":[{"href":"https:\/\/www.ilovewines.vn\/vi\/wp-json\/wp\/v2\/product"}],"about":[{"href":"https:\/\/www.ilovewines.vn\/vi\/wp-json\/wp\/v2\/types\/product"}],"version-history":[{"count":3,"href":"https:\/\/www.ilovewines.vn\/vi\/wp-json\/wp\/v2\/product\/6274\/revisions"}],"predecessor-version":[{"id":6278,"href":"https:\/\/www.ilovewines.vn\/vi\/wp-json\/wp\/v2\/product\/6274\/revisions\/6278"}],"wp:featuredmedia":[{"embeddable":true,"href":"https:\/\/www.ilovewines.vn\/vi\/wp-json\/wp\/v2\/media\/6275"}],"wp:attachment":[{"href":"https:\/\/www.ilovewines.vn\/vi\/wp-json\/wp\/v2\/media?parent=6274"}],"wp:term":[{"taxonomy":"product_brand","embeddable":true,"href":"https:\/\/www.ilovewines.vn\/vi\/wp-json\/wp\/v2\/product_brand?post=6274"},{"taxonomy":"product_cat","embeddable":true,"href":"https:\/\/www.ilovewines.vn\/vi\/wp-json\/wp\/v2\/product_cat?post=6274"},{"taxonomy":"product_tag","embeddable":true,"href":"https:\/\/www.ilovewines.vn\/vi\/wp-json\/wp\/v2\/product_tag?post=6274"},{"taxonomy":"grape_varietal","embeddable":true,"href":"https:\/\/www.ilovewines.vn\/vi\/wp-json\/wp\/v2\/grape_varietal?post=6274"},{"taxonomy":"wine_regions","embeddable":true,"href":"https:\/\/www.ilovewines.vn\/vi\/wp-json\/wp\/v2\/wine_regions?post=6274"}],"curies":[{"name":"wp","href":"https:\/\/api.w.org\/{rel}","templated":true}]}}