{"id":6283,"date":"2024-06-03T09:03:46","date_gmt":"2024-06-03T15:03:46","guid":{"rendered":"https:\/\/www.ilovewines.vn\/?post_type=product&#038;p=6283"},"modified":"2024-10-22T20:53:57","modified_gmt":"2024-10-23T02:53:57","slug":"bleasdale-second-innings-malbec","status":"publish","type":"product","link":"https:\/\/www.ilovewines.vn\/vi\/product\/bleasdale-second-innings-malbec\/","title":{"rendered":"Bleasdale Second Innings Malbec"},"content":{"rendered":"<p>Ng\u01b0\u1eddi s\u00e1ng l\u1eadp Bleasdale, Frank Potts, \u0111\u00e3 \u0111\u1ec3 l\u1ea1i ph\u1ea7n l\u1edbn c\u00f4ng vi\u1ec7c kinh doanh c\u1ee7a m\u00ecnh cho con trai th\u1ee9 s\u00e1u, Frank Potts II. Frank Potts II \u0111\u00f3ng m\u1ed9t vai tr\u00f2 quan tr\u1ecdng trong l\u1ecbch s\u1eed c\u1ee7a Bleasdale, ch\u1ecbu tr\u00e1ch nhi\u1ec7m x\u00e2y d\u1ef1ng h\u1ec7 th\u1ed1ng \u00e9p r\u01b0\u1ee3u b\u1eb1ng g\u1ed7 b\u1ea1ch \u0111\u00e0n red gum n\u1ed5i ti\u1ebfng. Nh\u00e3n c\u1ee7a chai r\u01b0\u1ee3u The Second Innings Malbec m\u00f4 t\u1ea3 Frank Potts II tham gia v\u00e0o m\u1ed9t tr\u00f2 ch\u01a1i cricket gia \u0111\u00ecnh tr\u00ean khu \u0111\u1ea5t Bleasdale.<\/p>\n<p>Malbec hi\u1ebfm khi \u0111\u01b0\u1ee3c c\u00f4ng nh\u1eadn l\u00e0 gi\u1ed1ng nho ph\u1ed5 bi\u1ebfn \u1edf \u00dac, tuy nhi\u00ean t\u00e0i v\u00f9ng Bleasdale v\u00e0 Langhorne Creek th\u00ec n\u00f3 \u0111\u00e3 c\u00f3 ch\u1ed7 \u0111\u1ee9ng v\u1eefng v\u00e0ng v\u00e0 r\u1ea5t \u0111\u01b0\u1ee3c \u01b0a chu\u1ed9ng.<\/p>\n<p>V\u01af\u1edcN NHO<\/p>\n<p>V\u01b0\u1eddn nho Estate v\u00e0 Specialist Growers v\u00f9ng Langhorne Creek Nam \u00dac.<\/p>\n<p>THU HO\u1ea0CH V\u00c0 X\u00c1C \u0110\u1ecaNH \u0110\u1ed8 CH\u00cdN C\u1ee6A NHO<\/p>\n<p>Ng\u00e0y 15 \u0111\u1ebfn 31 th\u00e1ng Ba n\u0103m 2022<\/p>\n<p>12.9 &#8211; 14.1<\/p>\n<p>GI\u1ed0NG NHO<\/p>\n<p>Malbec<\/p>\n<p>K\u0128 THU\u1eacT S\u1ea2N XU\u1ea4T R\u01af\u1ee2U<\/p>\n<p>B\u1ecf cu\u1ed1ng v\u00e0 l\u00ean men m\u1edf, kho\u1ea3ng 20% \u200b\u200bto\u00e0n b\u1ed9 qu\u1ea3 nho, ng\u00e2m trong 1 - 2 ng\u00e0y tr\u01b0\u1edbc khi l\u00ean men. Qu\u00e1 tr\u00ecnh l\u00ean men \u0111\u1ea1t \u0111\u1ec9nh \u0111i\u1ec3m \u1edf 30\u00b0C khi b\u01a1m qua 4 l\u1ea7n m\u1ed7i ng\u00e0y. \u0110\u1ec3 r\u00e1o n\u01b0\u1edbc v\u00e0 \u00e9p ngay tr\u01b0\u1edbc khi kh\u00f4 sau 7 \u0111\u1ebfn 10 ng\u00e0y tr\u00ean da. Qu\u00e1 tr\u00ecnh l\u00ean men ho\u00e0n t\u1ea5t trong b\u1ec3, sau \u0111\u00f3 l\u1eafng trong 24 gi\u1edd tr\u01b0\u1edbc khi \u0111\u01b0\u1ee3c x\u1ebfp v\u00e0o th\u00f9ng g\u1ed7 s\u1ed3i v\u00e0 b\u1ec3 ch\u1ee9a \u0111\u1ec3 l\u00ean men Malolactic.<\/p>\n<p>TR\u01af\u1edeNG TH\u00c0NH TRONG TH\u00d9NG G\u1ed6 S\u1ed2I<\/p>\n<p>9 th\u00e1ng trong th\u00f9ng m\u1edbi (10%) v\u00e0 th\u00f9ng g\u1ed7 s\u1ed3i Ph\u00e1p c\u0169.<\/p>\n<p>C\u1ea2M QUAN<\/p>\n<p>Chai r\u01b0\u1ee3u n\u00e0y th\u1ec3 hi\u1ec7n \u0111\u1ed9 s\u1ed1ng \u0111\u1ed9ng c\u1ee7a c\u00e1c lo\u1ea1i qu\u1ea3 h\u1ecd m\u1eadn, qu\u1ea3 m\u1ecfng \u0111\u1ecf v\u00e0 h\u1ea1t ti\u00eau. R\u01b0\u1ee3u c\u00f3 m\u00e0u \u0111\u1ecf sang tr\u1ecdng, m\u1ecdng n\u01b0\u1edbc v\u1edbi tannin m\u1ecbn m\u01b0\u1ee3t.<\/p>\n<p>PH\u00c2N T\u00cdCH<\/p>\n<p>\u0110\u1ed9 c\u1ed3n: 13.5% alc\/vol<\/p>\n<p>\u0110\u1ed9 axit: 5.8g\/L<\/p>\n<p>pH: 3.54<\/p>\n<p>G\u1ee2I \u00dd \u0110\u1ed2 \u0102N K\u00c8M:<\/p>\n<p>G\u00e0 n\u01b0\u1edbng l\u1eeda h\u1ed3ng ho\u1eb7c th\u1ecbt b\u00f2.<\/p>\n<p>KH\u1ea2 N\u0102NG C\u1ea4T TR\u1eee<\/p>\n<p>U\u1ed1ng ngay ho\u1eb7c gi\u1eef \u0111\u1ebfn n\u0103m 2032<\/p>","protected":false},"excerpt":{"rendered":"<p>Malbec hi\u1ebfm khi \u0111\u01b0\u1ee3c c\u00f4ng nh\u1eadn l\u00e0 gi\u1ed1ng nho ph\u1ed5 bi\u1ebfn \u1edf \u00dac, tuy nhi\u00ean t\u00e0i v\u00f9ng Bleasdale v\u00e0 Langhorne Creek th\u00ec n\u00f3 \u0111\u00e3 c\u00f3 ch\u1ed7 \u0111\u1ee9ng v\u1eefng v\u00e0ng v\u00e0 r\u1ea5t \u0111\u01b0\u1ee3c \u01b0a chu\u1ed9ng.<\/p>","protected":false},"featured_media":6284,"template":"","meta":{"_acf_changed":false},"product_brand":[],"product_cat":[87,93],"product_tag":[],"grape_varietal":[2667],"wine_regions":[2421],"class_list":{"0":"post-6283","1":"product","2":"type-product","3":"status-publish","4":"has-post-thumbnail","6":"product_cat-red-wine","7":"product_cat-wine","8":"pa_brand-bleasdale","9":"grape_varietal-malbec","10":"wine_regions-langhorne-creek","12":"first","13":"instock","14":"shipping-taxable","15":"product-type-simple"},"acf":[],"yoast_head":"<!-- This site is optimized with the Yoast SEO plugin v27.4 - https:\/\/yoast.com\/product\/yoast-seo-wordpress\/ -->\n<title>Bleasdale Second Innings Malbec - Rada Wines<\/title>\n<meta name=\"robots\" content=\"index, follow, max-snippet:-1, max-image-preview:large, max-video-preview:-1\" \/>\n<link rel=\"canonical\" href=\"https:\/\/www.ilovewines.vn\/vi\/san-pham\/bleasdale-second-innings-malbec\/\" \/>\n<meta property=\"og:locale\" content=\"vi_VN\" \/>\n<meta property=\"og:type\" content=\"article\" \/>\n<meta property=\"og:title\" content=\"Bleasdale Second Innings Malbec - Rada Wines\" \/>\n<meta property=\"og:description\" content=\"Malbec is rarely seen as a varietal wine in Australia but here at Bleasdale and in Langhorne Creek it stands on its own two feet and performs well enough to earn its stripes.\" \/>\n<meta property=\"og:url\" content=\"https:\/\/www.ilovewines.vn\/vi\/san-pham\/bleasdale-second-innings-malbec\/\" \/>\n<meta property=\"og:site_name\" content=\"Rada Wines\" \/>\n<meta property=\"article:modified_time\" content=\"2024-10-23T02:53:57+00:00\" \/>\n<meta property=\"og:image\" content=\"https:\/\/www.ilovewines.vn\/wp-content\/uploads\/2024\/06\/NV-Second-Innings-Malbec-Bottle-Shot_high-res-262x1024.png\" \/>\n\t<meta property=\"og:image:width\" content=\"262\" \/>\n\t<meta property=\"og:image:height\" content=\"1024\" \/>\n\t<meta property=\"og:image:type\" content=\"image\/png\" \/>\n<meta name=\"twitter:card\" content=\"summary_large_image\" \/>\n<meta name=\"twitter:label1\" content=\"\u01af\u1edbc t\u00ednh th\u1eddi gian \u0111\u1ecdc\" \/>\n\t<meta name=\"twitter:data1\" content=\"2 ph\u00fat\" \/>\n<script type=\"application\/ld+json\" class=\"yoast-schema-graph\">{\"@context\":\"https:\\\/\\\/schema.org\",\"@graph\":[{\"@type\":\"WebPage\",\"@id\":\"https:\\\/\\\/www.ilovewines.vn\\\/product\\\/bleasdale-second-innings-malbec\\\/\",\"url\":\"https:\\\/\\\/www.ilovewines.vn\\\/product\\\/bleasdale-second-innings-malbec\\\/\",\"name\":\"Bleasdale Second Innings Malbec - Rada Wines\",\"isPartOf\":{\"@id\":\"https:\\\/\\\/www.ilovewines.vn\\\/#website\"},\"primaryImageOfPage\":{\"@id\":\"https:\\\/\\\/www.ilovewines.vn\\\/product\\\/bleasdale-second-innings-malbec\\\/#primaryimage\"},\"image\":{\"@id\":\"https:\\\/\\\/www.ilovewines.vn\\\/product\\\/bleasdale-second-innings-malbec\\\/#primaryimage\"},\"thumbnailUrl\":\"https:\\\/\\\/www.ilovewines.vn\\\/wp-content\\\/uploads\\\/2024\\\/06\\\/NV-Second-Innings-Malbec-Bottle-Shot_high-res-e1717426075160.png\",\"datePublished\":\"2024-06-03T15:03:46+00:00\",\"dateModified\":\"2024-10-23T02:53:57+00:00\",\"breadcrumb\":{\"@id\":\"https:\\\/\\\/www.ilovewines.vn\\\/product\\\/bleasdale-second-innings-malbec\\\/#breadcrumb\"},\"inLanguage\":\"vi\",\"potentialAction\":[{\"@type\":\"ReadAction\",\"target\":[\"https:\\\/\\\/www.ilovewines.vn\\\/product\\\/bleasdale-second-innings-malbec\\\/\"]}]},{\"@type\":\"ImageObject\",\"inLanguage\":\"vi\",\"@id\":\"https:\\\/\\\/www.ilovewines.vn\\\/product\\\/bleasdale-second-innings-malbec\\\/#primaryimage\",\"url\":\"https:\\\/\\\/www.ilovewines.vn\\\/wp-content\\\/uploads\\\/2024\\\/06\\\/NV-Second-Innings-Malbec-Bottle-Shot_high-res-e1717426075160.png\",\"contentUrl\":\"https:\\\/\\\/www.ilovewines.vn\\\/wp-content\\\/uploads\\\/2024\\\/06\\\/NV-Second-Innings-Malbec-Bottle-Shot_high-res-e1717426075160.png\",\"width\":500,\"height\":1953},{\"@type\":\"BreadcrumbList\",\"@id\":\"https:\\\/\\\/www.ilovewines.vn\\\/product\\\/bleasdale-second-innings-malbec\\\/#breadcrumb\",\"itemListElement\":[{\"@type\":\"ListItem\",\"position\":1,\"name\":\"Home\",\"item\":\"https:\\\/\\\/www.ilovewines.vn\\\/\"},{\"@type\":\"ListItem\",\"position\":2,\"name\":\"Catalogue\",\"item\":\"https:\\\/\\\/www.ilovewines.vn\\\/catalogue\\\/\"},{\"@type\":\"ListItem\",\"position\":3,\"name\":\"Bleasdale Second Innings Malbec\"}]},{\"@type\":\"WebSite\",\"@id\":\"https:\\\/\\\/www.ilovewines.vn\\\/#website\",\"url\":\"https:\\\/\\\/www.ilovewines.vn\\\/\",\"name\":\"Rada Wines\",\"description\":\"Just another WordPress site\",\"publisher\":{\"@id\":\"https:\\\/\\\/www.ilovewines.vn\\\/#organization\"},\"potentialAction\":[{\"@type\":\"SearchAction\",\"target\":{\"@type\":\"EntryPoint\",\"urlTemplate\":\"https:\\\/\\\/www.ilovewines.vn\\\/?s={search_term_string}\"},\"query-input\":{\"@type\":\"PropertyValueSpecification\",\"valueRequired\":true,\"valueName\":\"search_term_string\"}}],\"inLanguage\":\"vi\"},{\"@type\":\"Organization\",\"@id\":\"https:\\\/\\\/www.ilovewines.vn\\\/#organization\",\"name\":\"Rada Wines\",\"url\":\"https:\\\/\\\/www.ilovewines.vn\\\/\",\"logo\":{\"@type\":\"ImageObject\",\"inLanguage\":\"vi\",\"@id\":\"https:\\\/\\\/www.ilovewines.vn\\\/#\\\/schema\\\/logo\\\/image\\\/\",\"url\":\"https:\\\/\\\/www.ilovewines.vn\\\/wp-content\\\/uploads\\\/2022\\\/06\\\/cropped-162574230_380766779846763_4426584222903300096_n.jpg\",\"contentUrl\":\"https:\\\/\\\/www.ilovewines.vn\\\/wp-content\\\/uploads\\\/2022\\\/06\\\/cropped-162574230_380766779846763_4426584222903300096_n.jpg\",\"width\":320,\"height\":206,\"caption\":\"Rada Wines\"},\"image\":{\"@id\":\"https:\\\/\\\/www.ilovewines.vn\\\/#\\\/schema\\\/logo\\\/image\\\/\"}}]}<\/script>\n<!-- \/ Yoast SEO plugin. -->","yoast_head_json":{"title":"Bleasdale Second Innings Malbec - Rada Wines","robots":{"index":"index","follow":"follow","max-snippet":"max-snippet:-1","max-image-preview":"max-image-preview:large","max-video-preview":"max-video-preview:-1"},"canonical":"https:\/\/www.ilovewines.vn\/vi\/san-pham\/bleasdale-second-innings-malbec\/","og_locale":"vi_VN","og_type":"article","og_title":"Bleasdale Second Innings Malbec - Rada Wines","og_description":"Malbec is rarely seen as a varietal wine in Australia but here at Bleasdale and in Langhorne Creek it stands on its own two feet and performs well enough to earn its stripes.","og_url":"https:\/\/www.ilovewines.vn\/vi\/san-pham\/bleasdale-second-innings-malbec\/","og_site_name":"Rada Wines","article_modified_time":"2024-10-23T02:53:57+00:00","og_image":[{"width":262,"height":1024,"url":"https:\/\/www.ilovewines.vn\/wp-content\/uploads\/2024\/06\/NV-Second-Innings-Malbec-Bottle-Shot_high-res-262x1024.png","type":"image\/png"}],"twitter_card":"summary_large_image","twitter_misc":{"\u01af\u1edbc t\u00ednh th\u1eddi gian \u0111\u1ecdc":"2 ph\u00fat"},"schema":{"@context":"https:\/\/schema.org","@graph":[{"@type":"WebPage","@id":"https:\/\/www.ilovewines.vn\/product\/bleasdale-second-innings-malbec\/","url":"https:\/\/www.ilovewines.vn\/product\/bleasdale-second-innings-malbec\/","name":"Bleasdale Second Innings Malbec - Rada Wines","isPartOf":{"@id":"https:\/\/www.ilovewines.vn\/#website"},"primaryImageOfPage":{"@id":"https:\/\/www.ilovewines.vn\/product\/bleasdale-second-innings-malbec\/#primaryimage"},"image":{"@id":"https:\/\/www.ilovewines.vn\/product\/bleasdale-second-innings-malbec\/#primaryimage"},"thumbnailUrl":"https:\/\/www.ilovewines.vn\/wp-content\/uploads\/2024\/06\/NV-Second-Innings-Malbec-Bottle-Shot_high-res-e1717426075160.png","datePublished":"2024-06-03T15:03:46+00:00","dateModified":"2024-10-23T02:53:57+00:00","breadcrumb":{"@id":"https:\/\/www.ilovewines.vn\/product\/bleasdale-second-innings-malbec\/#breadcrumb"},"inLanguage":"vi","potentialAction":[{"@type":"ReadAction","target":["https:\/\/www.ilovewines.vn\/product\/bleasdale-second-innings-malbec\/"]}]},{"@type":"ImageObject","inLanguage":"vi","@id":"https:\/\/www.ilovewines.vn\/product\/bleasdale-second-innings-malbec\/#primaryimage","url":"https:\/\/www.ilovewines.vn\/wp-content\/uploads\/2024\/06\/NV-Second-Innings-Malbec-Bottle-Shot_high-res-e1717426075160.png","contentUrl":"https:\/\/www.ilovewines.vn\/wp-content\/uploads\/2024\/06\/NV-Second-Innings-Malbec-Bottle-Shot_high-res-e1717426075160.png","width":500,"height":1953},{"@type":"BreadcrumbList","@id":"https:\/\/www.ilovewines.vn\/product\/bleasdale-second-innings-malbec\/#breadcrumb","itemListElement":[{"@type":"ListItem","position":1,"name":"Home","item":"https:\/\/www.ilovewines.vn\/"},{"@type":"ListItem","position":2,"name":"Catalogue","item":"https:\/\/www.ilovewines.vn\/catalogue\/"},{"@type":"ListItem","position":3,"name":"Bleasdale Second Innings Malbec"}]},{"@type":"WebSite","@id":"https:\/\/www.ilovewines.vn\/#website","url":"https:\/\/www.ilovewines.vn\/","name":"Rada Wines","description":"Just another WordPress site","publisher":{"@id":"https:\/\/www.ilovewines.vn\/#organization"},"potentialAction":[{"@type":"SearchAction","target":{"@type":"EntryPoint","urlTemplate":"https:\/\/www.ilovewines.vn\/?s={search_term_string}"},"query-input":{"@type":"PropertyValueSpecification","valueRequired":true,"valueName":"search_term_string"}}],"inLanguage":"vi"},{"@type":"Organization","@id":"https:\/\/www.ilovewines.vn\/#organization","name":"Rada Wines","url":"https:\/\/www.ilovewines.vn\/","logo":{"@type":"ImageObject","inLanguage":"vi","@id":"https:\/\/www.ilovewines.vn\/#\/schema\/logo\/image\/","url":"https:\/\/www.ilovewines.vn\/wp-content\/uploads\/2022\/06\/cropped-162574230_380766779846763_4426584222903300096_n.jpg","contentUrl":"https:\/\/www.ilovewines.vn\/wp-content\/uploads\/2022\/06\/cropped-162574230_380766779846763_4426584222903300096_n.jpg","width":320,"height":206,"caption":"Rada Wines"},"image":{"@id":"https:\/\/www.ilovewines.vn\/#\/schema\/logo\/image\/"}}]}},"_links":{"self":[{"href":"https:\/\/www.ilovewines.vn\/vi\/wp-json\/wp\/v2\/product\/6283","targetHints":{"allow":["GET"]}}],"collection":[{"href":"https:\/\/www.ilovewines.vn\/vi\/wp-json\/wp\/v2\/product"}],"about":[{"href":"https:\/\/www.ilovewines.vn\/vi\/wp-json\/wp\/v2\/types\/product"}],"version-history":[{"count":2,"href":"https:\/\/www.ilovewines.vn\/vi\/wp-json\/wp\/v2\/product\/6283\/revisions"}],"predecessor-version":[{"id":6589,"href":"https:\/\/www.ilovewines.vn\/vi\/wp-json\/wp\/v2\/product\/6283\/revisions\/6589"}],"wp:featuredmedia":[{"embeddable":true,"href":"https:\/\/www.ilovewines.vn\/vi\/wp-json\/wp\/v2\/media\/6284"}],"wp:attachment":[{"href":"https:\/\/www.ilovewines.vn\/vi\/wp-json\/wp\/v2\/media?parent=6283"}],"wp:term":[{"taxonomy":"product_brand","embeddable":true,"href":"https:\/\/www.ilovewines.vn\/vi\/wp-json\/wp\/v2\/product_brand?post=6283"},{"taxonomy":"product_cat","embeddable":true,"href":"https:\/\/www.ilovewines.vn\/vi\/wp-json\/wp\/v2\/product_cat?post=6283"},{"taxonomy":"product_tag","embeddable":true,"href":"https:\/\/www.ilovewines.vn\/vi\/wp-json\/wp\/v2\/product_tag?post=6283"},{"taxonomy":"grape_varietal","embeddable":true,"href":"https:\/\/www.ilovewines.vn\/vi\/wp-json\/wp\/v2\/grape_varietal?post=6283"},{"taxonomy":"wine_regions","embeddable":true,"href":"https:\/\/www.ilovewines.vn\/vi\/wp-json\/wp\/v2\/wine_regions?post=6283"}],"curies":[{"name":"wp","href":"https:\/\/api.w.org\/{rel}","templated":true}]}}