{"id":6286,"date":"2024-06-03T09:14:00","date_gmt":"2024-06-03T15:14:00","guid":{"rendered":"https:\/\/www.ilovewines.vn\/?post_type=product&#038;p=6286"},"modified":"2024-06-03T09:14:00","modified_gmt":"2024-06-03T15:14:00","slug":"bleasdale-generations-malbec","status":"publish","type":"product","link":"https:\/\/www.ilovewines.vn\/vi\/product\/bleasdale-generations-malbec\/","title":{"rendered":"Bleasdale Generations Malbec"},"content":{"rendered":"<p>Nh\u1eefng c\u00e2y b\u1ea1ch \u0111\u00e0n red gum bao quanh l\u00e3nh \u0111\u1ecba c\u1ee7a nh\u00e0 Bleasdale ch\u00ednh l\u00e0 c\u1ed1t l\u00f5i trong c\u00e2u chuy\u1ec7n l\u1ecbch s\u1eed \u0111\u00e1ng nh\u1edb c\u1ee7a d\u00f2ng h\u1ecd n\u00e0y.<\/p>\n<p>Khi Frank Potts \u0111\u1ecbnh c\u01b0 t\u1ea1i \u0111\u1ea5t n\u00e0y v\u00e0o nh\u1eefng n\u0103m 1850, \u00f4ng \u0111\u00e3 s\u1eed d\u1ee5ng nh\u1eefng t\u1ea5m g\u1ed7 t\u1eeb nh\u1eefng c\u00e2y b\u1ea1ch \u0111\u00e0n to l\u1edbn v\u00e0 \u0111\u1eb9p \u0111\u1ebd n\u00e0y \u0111\u1ec3 d\u1ef1ng n\u00ean x\u01b0\u1edfng r\u01b0\u1ee3u gia \u0111\u00ecnh. Nh\u1eefng v\u01b0\u1eddn nho c\u1ee7a ch\u00fang t\u00f4i \u0111\u01b0\u1ee3c h\u01b0\u1edfng l\u1ee3i t\u1eeb ch\u1ea5t \u0111\u00e1t s\u00e9t m\u00e0u m\u1ee1 \u0111\u00e3 nu\u00f4i d\u01b0\u1eddng nh\u1eefng c\u00e2y b\u1ea1ch \u0111\u00e0n n\u00e0y, t\u1ea1o n\u00ean s\u1ef1 h\u00e0o ph\u00f3ng v\u00e0 d\u00e0i l\u00e2u cho nh\u1eefng lo\u1ea1i r\u01b0\u1ee3u vang ch\u00fang t\u00f4i s\u1ea3n xu\u1ea5t. Nh\u1eefng v\u00f2ng ph\u00e1t tri\u1ec3n th\u1ec3 hi\u1ec7n r\u00f5 c\u00e2u chuy\u1ec7n nhi\u1ec1u t\u1ea7ng xuy\u00ean su\u1ed1t qu\u00e1 kh\u1ee9 v\u00e0 hi\u1ec7n t\u1ea1i c\u1ee7a nhi\u1ec1u th\u1ebf h\u1ec7 trong gia t\u1ed9c.<\/p>\n<p>Bleasdale \u0111\u00e3 b\u1eaft \u0111\u1ea7u tr\u1ed3ng nho Malbec k\u1ec3 t\u1eeb cu\u1ed1i nh\u1eefng n\u0103m 1800, v\u00e0 c\u0169ng s\u1ea3n xu\u1ea5t ra chai r\u01b0\u1ee3u Malbec \u0111\u1ec3 b\u00e0n \u0111\u1ea7u ti\u00ean trong v\u00f9ng n\u0103m 1961.<\/p>\n<p>V\u01af\u1edcN NHO<\/p>\n<p>3 Estate Vineyard v\u00e0<\/p>\n<p>2 Specialist Grower blocks<\/p>\n<p>Langhorne Creek, Nam \u00dac<\/p>\n<p>THU HO\u1ea0CH V\u00c0 X\u00c1C \u0110\u1ecaNH \u0110\u1ed8 CH\u00cdN C\u1ee6A NHO<\/p>\n<p>Ng\u00e0y 15 \u0111\u1ebfn 23 th\u00e1ng Ba n\u0103m 2022<\/p>\n<p>12.9 &#8211; 14.3<\/p>\n<p>GI\u1ed0NG NHO<\/p>\n<p>Malbec<\/p>\n<p>K\u0128 THU\u1eacT S\u1ea2N XU\u1ea4T R\u01af\u1ee2U<\/p>\n<p>B\u1ecf cu\u1ed1ng v\u00e0 l\u00ean men m\u1edf, kho\u1ea3ng 20% \u200b\u200bto\u00e0n b\u1ed9 qu\u1ea3 nho, ng\u00e2m trong 1 - 2 ng\u00e0y tr\u01b0\u1edbc khi l\u00ean men. Qu\u00e1 tr\u00ecnh l\u00ean men \u0111\u1ea1t \u0111\u1ec9nh \u0111i\u1ec3m \u1edf 30\u00b0C khi b\u01a1m qua 4 l\u1ea7n m\u1ed7i ng\u00e0y. \u0110\u1ec3 r\u00e1o n\u01b0\u1edbc v\u00e0 \u00e9p ngay tr\u01b0\u1edbc khi kh\u00f4 sau 7 \u0111\u1ebfn 10 ng\u00e0y tr\u00ean da. Qu\u00e1 tr\u00ecnh l\u00ean men ho\u00e0n t\u1ea5t trong b\u1ec3, sau \u0111\u00f3 l\u1eafng trong 24 gi\u1edd tr\u01b0\u1edbc khi \u0111\u01b0\u1ee3c x\u1ebfp v\u00e0o th\u00f9ng g\u1ed7 s\u1ed3i v\u00e0 b\u1ec3 ch\u1ee9a \u0111\u1ec3 l\u00ean men Malolactic.<\/p>\n<p>TR\u01af\u1edeNG TH\u00c0NH TRONG TH\u00d9NG G\u1ed6 S\u1ed2I<\/p>\n<p>12 th\u00e1ng trong th\u00f9ng m\u1edbi (10%) v\u00e0 th\u00f9ng g\u1ed7 s\u1ed3i Ph\u00e1p c\u0169.<\/p>\n<p>C\u1ea2M QUAN<\/p>\n<p>\u0110\u00e2y l\u00e0 m\u1ed9t chai vang m\u00e0u t\u00edm th\u1eabm v\u1edbi h\u01b0\u01a1ng th\u01a1m n\u1ed3ng n\u00e0n c\u1ee7a hoa violet, tr\u00e1i m\u00e2m x\u00f4i \u0111en, m\u1eadn v\u00e0 \u0111inh h\u01b0\u01a1ng. U\u1ed1ng ngay s\u1ebd r\u1ea5t ngon, tuy nhi\u00ean c\u00f3 th\u1ec3 c\u1ea5t tr\u1eef l\u00e2u d\u00e0i. R\u1ea5t b\u00ecnh th\u01b0\u1eddng n\u1ebfu c\u00f3 l\u1eafng c\u1eb7n. N\u00ean r\u00f3t r\u01b0\u1ee3u ra b\u00ecnh th\u1edf 1 gi\u1edd tr\u01b0\u1edbc khi u\u1ed1ng.<\/p>\n<p>PH\u00c2N T\u00cdCH<\/p>\n<p>\u0110\u1ed9 c\u1ed3n: 13.5% alc\/vol<\/p>\n<p>\u0110\u1ed9 axit: 5.9g\/L<\/p>\n<p>\u0110\u1ed9 pH: 3.52<\/p>\n<p>G\u1ee2I \u00dd \u0110\u1ed2 \u0102N K\u00c8M:<\/p>\n<p>\u0110\u00f9i c\u1eebu quay ho\u1eb7c b\u00f2 h\u1ea7m ragu.<\/p>\n<p>KH\u1ea2 N\u0102NG C\u1ea4T TR\u1eee<\/p>\n<p>U\u1ed1ng ngay ho\u1eb7c gi\u1eef \u0111\u1ebfn n\u0103m 2040<\/p>\n<p>GI\u1ea2I TH\u01af\u1edeNG &amp; \u0110\u00c1NH GI\u00c1 T\u1eea CHUY\u00caN GIA<\/p>\n<p>C\u00fap v\u00f4 \u0111\u1ecbch Tri\u1ec3n l\u00e3m R\u01b0\u1ee3u Vang<\/p>\n<p>C\u00fap Malbec Ngon nh\u1ea5t Top V\u00e0ng- Langhorne Creek Wine Show 2024<\/p>\n<p>Top V\u00e0ng- Royal Adelaide Wine Show 2023<\/p>\n<p>Gi\u1ea3i b\u1ea1c- Royal Hobart Wine Show 2023<\/p>\n<p><img decoding=\"async\" class=\"alignnone size-full wp-image-6272\" src=\"https:\/\/www.ilovewines.vn\/wp-content\/uploads\/2024\/06\/Screenshot-2024-06-03-194140.png\" alt=\"\" width=\"292\" height=\"148\" srcset=\"https:\/\/www.ilovewines.vn\/wp-content\/uploads\/2024\/06\/Screenshot-2024-06-03-194140.png 292w, https:\/\/www.ilovewines.vn\/wp-content\/uploads\/2024\/06\/Screenshot-2024-06-03-194140-18x9.png 18w\" sizes=\"(max-width: 292px) 100vw, 292px\" \/><\/p>","protected":false},"excerpt":{"rendered":"<p>\u0110\u00e2y l\u00e0 m\u1ed9t chai vang m\u00e0u t\u00edm th\u1eabm v\u1edbi h\u01b0\u01a1ng th\u01a1m n\u1ed3ng n\u00e0n c\u1ee7a hoa violet, tr\u00e1i m\u00e2m x\u00f4i \u0111en, m\u1eadn v\u00e0 \u0111inh h\u01b0\u01a1ng.<\/p>\n<p>U\u1ed1ng ngay s\u1ebd r\u1ea5t ngon, tuy nhi\u00ean c\u00f3 th\u1ec3 c\u1ea5t tr\u1eef l\u00e2u d\u00e0i.<\/p>","protected":false},"featured_media":6288,"template":"","meta":{"_acf_changed":false},"product_brand":[],"product_cat":[87,93],"product_tag":[],"grape_varietal":[2667],"wine_regions":[2421],"class_list":{"0":"post-6286","1":"product","2":"type-product","3":"status-publish","4":"has-post-thumbnail","6":"product_cat-red-wine","7":"product_cat-wine","8":"pa_brand-bleasdale","9":"grape_varietal-malbec","10":"wine_regions-langhorne-creek","12":"first","13":"instock","14":"shipping-taxable","15":"product-type-simple"},"acf":[],"yoast_head":"<!-- This site is optimized with the Yoast SEO plugin v27.4 - https:\/\/yoast.com\/product\/yoast-seo-wordpress\/ -->\n<title>Bleasdale Generations Malbec - Rada Wines<\/title>\n<meta name=\"robots\" content=\"index, follow, max-snippet:-1, max-image-preview:large, max-video-preview:-1\" \/>\n<link rel=\"canonical\" href=\"https:\/\/www.ilovewines.vn\/vi\/san-pham\/bleasdale-generations-malbec\/\" \/>\n<meta property=\"og:locale\" content=\"vi_VN\" \/>\n<meta property=\"og:type\" content=\"article\" \/>\n<meta property=\"og:title\" content=\"Bleasdale Generations Malbec - Rada Wines\" \/>\n<meta property=\"og:description\" content=\"This wine is dark purple with intense aromas of violets, blackberries, plums and clove spice.  Drinking well now, but with the potential to be a long term cellaring prospect if desired.\" \/>\n<meta property=\"og:url\" content=\"https:\/\/www.ilovewines.vn\/vi\/san-pham\/bleasdale-generations-malbec\/\" \/>\n<meta property=\"og:site_name\" content=\"Rada Wines\" \/>\n<meta property=\"og:image\" content=\"https:\/\/www.ilovewines.vn\/wp-content\/uploads\/2024\/06\/NV-Generations-Malbec-Bottle-Shot_high-res-246x1024.png\" \/>\n\t<meta property=\"og:image:width\" content=\"246\" \/>\n\t<meta property=\"og:image:height\" content=\"1024\" \/>\n\t<meta property=\"og:image:type\" content=\"image\/png\" \/>\n<meta name=\"twitter:card\" content=\"summary_large_image\" \/>\n<meta name=\"twitter:label1\" content=\"\u01af\u1edbc t\u00ednh th\u1eddi gian \u0111\u1ecdc\" \/>\n\t<meta name=\"twitter:data1\" content=\"2 ph\u00fat\" \/>\n<script type=\"application\/ld+json\" class=\"yoast-schema-graph\">{\"@context\":\"https:\\\/\\\/schema.org\",\"@graph\":[{\"@type\":\"WebPage\",\"@id\":\"https:\\\/\\\/www.ilovewines.vn\\\/product\\\/bleasdale-generations-malbec\\\/\",\"url\":\"https:\\\/\\\/www.ilovewines.vn\\\/product\\\/bleasdale-generations-malbec\\\/\",\"name\":\"Bleasdale Generations Malbec - Rada Wines\",\"isPartOf\":{\"@id\":\"https:\\\/\\\/www.ilovewines.vn\\\/#website\"},\"primaryImageOfPage\":{\"@id\":\"https:\\\/\\\/www.ilovewines.vn\\\/product\\\/bleasdale-generations-malbec\\\/#primaryimage\"},\"image\":{\"@id\":\"https:\\\/\\\/www.ilovewines.vn\\\/product\\\/bleasdale-generations-malbec\\\/#primaryimage\"},\"thumbnailUrl\":\"https:\\\/\\\/www.ilovewines.vn\\\/wp-content\\\/uploads\\\/2024\\\/06\\\/NV-Generations-Malbec-Bottle-Shot_high-res-e1717427148755.png\",\"datePublished\":\"2024-06-03T15:14:00+00:00\",\"breadcrumb\":{\"@id\":\"https:\\\/\\\/www.ilovewines.vn\\\/product\\\/bleasdale-generations-malbec\\\/#breadcrumb\"},\"inLanguage\":\"vi\",\"potentialAction\":[{\"@type\":\"ReadAction\",\"target\":[\"https:\\\/\\\/www.ilovewines.vn\\\/product\\\/bleasdale-generations-malbec\\\/\"]}]},{\"@type\":\"ImageObject\",\"inLanguage\":\"vi\",\"@id\":\"https:\\\/\\\/www.ilovewines.vn\\\/product\\\/bleasdale-generations-malbec\\\/#primaryimage\",\"url\":\"https:\\\/\\\/www.ilovewines.vn\\\/wp-content\\\/uploads\\\/2024\\\/06\\\/NV-Generations-Malbec-Bottle-Shot_high-res-e1717427148755.png\",\"contentUrl\":\"https:\\\/\\\/www.ilovewines.vn\\\/wp-content\\\/uploads\\\/2024\\\/06\\\/NV-Generations-Malbec-Bottle-Shot_high-res-e1717427148755.png\",\"width\":500,\"height\":2078},{\"@type\":\"BreadcrumbList\",\"@id\":\"https:\\\/\\\/www.ilovewines.vn\\\/product\\\/bleasdale-generations-malbec\\\/#breadcrumb\",\"itemListElement\":[{\"@type\":\"ListItem\",\"position\":1,\"name\":\"Home\",\"item\":\"https:\\\/\\\/www.ilovewines.vn\\\/\"},{\"@type\":\"ListItem\",\"position\":2,\"name\":\"Catalogue\",\"item\":\"https:\\\/\\\/www.ilovewines.vn\\\/catalogue\\\/\"},{\"@type\":\"ListItem\",\"position\":3,\"name\":\"Bleasdale Generations Malbec\"}]},{\"@type\":\"WebSite\",\"@id\":\"https:\\\/\\\/www.ilovewines.vn\\\/#website\",\"url\":\"https:\\\/\\\/www.ilovewines.vn\\\/\",\"name\":\"Rada Wines\",\"description\":\"Just another WordPress site\",\"publisher\":{\"@id\":\"https:\\\/\\\/www.ilovewines.vn\\\/#organization\"},\"potentialAction\":[{\"@type\":\"SearchAction\",\"target\":{\"@type\":\"EntryPoint\",\"urlTemplate\":\"https:\\\/\\\/www.ilovewines.vn\\\/?s={search_term_string}\"},\"query-input\":{\"@type\":\"PropertyValueSpecification\",\"valueRequired\":true,\"valueName\":\"search_term_string\"}}],\"inLanguage\":\"vi\"},{\"@type\":\"Organization\",\"@id\":\"https:\\\/\\\/www.ilovewines.vn\\\/#organization\",\"name\":\"Rada Wines\",\"url\":\"https:\\\/\\\/www.ilovewines.vn\\\/\",\"logo\":{\"@type\":\"ImageObject\",\"inLanguage\":\"vi\",\"@id\":\"https:\\\/\\\/www.ilovewines.vn\\\/#\\\/schema\\\/logo\\\/image\\\/\",\"url\":\"https:\\\/\\\/www.ilovewines.vn\\\/wp-content\\\/uploads\\\/2022\\\/06\\\/cropped-162574230_380766779846763_4426584222903300096_n.jpg\",\"contentUrl\":\"https:\\\/\\\/www.ilovewines.vn\\\/wp-content\\\/uploads\\\/2022\\\/06\\\/cropped-162574230_380766779846763_4426584222903300096_n.jpg\",\"width\":320,\"height\":206,\"caption\":\"Rada Wines\"},\"image\":{\"@id\":\"https:\\\/\\\/www.ilovewines.vn\\\/#\\\/schema\\\/logo\\\/image\\\/\"}}]}<\/script>\n<!-- \/ Yoast SEO plugin. -->","yoast_head_json":{"title":"Bleasdale Generations Malbec - Rada Wines","robots":{"index":"index","follow":"follow","max-snippet":"max-snippet:-1","max-image-preview":"max-image-preview:large","max-video-preview":"max-video-preview:-1"},"canonical":"https:\/\/www.ilovewines.vn\/vi\/san-pham\/bleasdale-generations-malbec\/","og_locale":"vi_VN","og_type":"article","og_title":"Bleasdale Generations Malbec - Rada Wines","og_description":"This wine is dark purple with intense aromas of violets, blackberries, plums and clove spice.  Drinking well now, but with the potential to be a long term cellaring prospect if desired.","og_url":"https:\/\/www.ilovewines.vn\/vi\/san-pham\/bleasdale-generations-malbec\/","og_site_name":"Rada Wines","og_image":[{"width":246,"height":1024,"url":"https:\/\/www.ilovewines.vn\/wp-content\/uploads\/2024\/06\/NV-Generations-Malbec-Bottle-Shot_high-res-246x1024.png","type":"image\/png"}],"twitter_card":"summary_large_image","twitter_misc":{"\u01af\u1edbc t\u00ednh th\u1eddi gian \u0111\u1ecdc":"2 ph\u00fat"},"schema":{"@context":"https:\/\/schema.org","@graph":[{"@type":"WebPage","@id":"https:\/\/www.ilovewines.vn\/product\/bleasdale-generations-malbec\/","url":"https:\/\/www.ilovewines.vn\/product\/bleasdale-generations-malbec\/","name":"Bleasdale Generations Malbec - Rada Wines","isPartOf":{"@id":"https:\/\/www.ilovewines.vn\/#website"},"primaryImageOfPage":{"@id":"https:\/\/www.ilovewines.vn\/product\/bleasdale-generations-malbec\/#primaryimage"},"image":{"@id":"https:\/\/www.ilovewines.vn\/product\/bleasdale-generations-malbec\/#primaryimage"},"thumbnailUrl":"https:\/\/www.ilovewines.vn\/wp-content\/uploads\/2024\/06\/NV-Generations-Malbec-Bottle-Shot_high-res-e1717427148755.png","datePublished":"2024-06-03T15:14:00+00:00","breadcrumb":{"@id":"https:\/\/www.ilovewines.vn\/product\/bleasdale-generations-malbec\/#breadcrumb"},"inLanguage":"vi","potentialAction":[{"@type":"ReadAction","target":["https:\/\/www.ilovewines.vn\/product\/bleasdale-generations-malbec\/"]}]},{"@type":"ImageObject","inLanguage":"vi","@id":"https:\/\/www.ilovewines.vn\/product\/bleasdale-generations-malbec\/#primaryimage","url":"https:\/\/www.ilovewines.vn\/wp-content\/uploads\/2024\/06\/NV-Generations-Malbec-Bottle-Shot_high-res-e1717427148755.png","contentUrl":"https:\/\/www.ilovewines.vn\/wp-content\/uploads\/2024\/06\/NV-Generations-Malbec-Bottle-Shot_high-res-e1717427148755.png","width":500,"height":2078},{"@type":"BreadcrumbList","@id":"https:\/\/www.ilovewines.vn\/product\/bleasdale-generations-malbec\/#breadcrumb","itemListElement":[{"@type":"ListItem","position":1,"name":"Home","item":"https:\/\/www.ilovewines.vn\/"},{"@type":"ListItem","position":2,"name":"Catalogue","item":"https:\/\/www.ilovewines.vn\/catalogue\/"},{"@type":"ListItem","position":3,"name":"Bleasdale Generations Malbec"}]},{"@type":"WebSite","@id":"https:\/\/www.ilovewines.vn\/#website","url":"https:\/\/www.ilovewines.vn\/","name":"Rada Wines","description":"Just another WordPress site","publisher":{"@id":"https:\/\/www.ilovewines.vn\/#organization"},"potentialAction":[{"@type":"SearchAction","target":{"@type":"EntryPoint","urlTemplate":"https:\/\/www.ilovewines.vn\/?s={search_term_string}"},"query-input":{"@type":"PropertyValueSpecification","valueRequired":true,"valueName":"search_term_string"}}],"inLanguage":"vi"},{"@type":"Organization","@id":"https:\/\/www.ilovewines.vn\/#organization","name":"Rada Wines","url":"https:\/\/www.ilovewines.vn\/","logo":{"@type":"ImageObject","inLanguage":"vi","@id":"https:\/\/www.ilovewines.vn\/#\/schema\/logo\/image\/","url":"https:\/\/www.ilovewines.vn\/wp-content\/uploads\/2022\/06\/cropped-162574230_380766779846763_4426584222903300096_n.jpg","contentUrl":"https:\/\/www.ilovewines.vn\/wp-content\/uploads\/2022\/06\/cropped-162574230_380766779846763_4426584222903300096_n.jpg","width":320,"height":206,"caption":"Rada Wines"},"image":{"@id":"https:\/\/www.ilovewines.vn\/#\/schema\/logo\/image\/"}}]}},"_links":{"self":[{"href":"https:\/\/www.ilovewines.vn\/vi\/wp-json\/wp\/v2\/product\/6286","targetHints":{"allow":["GET"]}}],"collection":[{"href":"https:\/\/www.ilovewines.vn\/vi\/wp-json\/wp\/v2\/product"}],"about":[{"href":"https:\/\/www.ilovewines.vn\/vi\/wp-json\/wp\/v2\/types\/product"}],"version-history":[{"count":2,"href":"https:\/\/www.ilovewines.vn\/vi\/wp-json\/wp\/v2\/product\/6286\/revisions"}],"predecessor-version":[{"id":6289,"href":"https:\/\/www.ilovewines.vn\/vi\/wp-json\/wp\/v2\/product\/6286\/revisions\/6289"}],"wp:featuredmedia":[{"embeddable":true,"href":"https:\/\/www.ilovewines.vn\/vi\/wp-json\/wp\/v2\/media\/6288"}],"wp:attachment":[{"href":"https:\/\/www.ilovewines.vn\/vi\/wp-json\/wp\/v2\/media?parent=6286"}],"wp:term":[{"taxonomy":"product_brand","embeddable":true,"href":"https:\/\/www.ilovewines.vn\/vi\/wp-json\/wp\/v2\/product_brand?post=6286"},{"taxonomy":"product_cat","embeddable":true,"href":"https:\/\/www.ilovewines.vn\/vi\/wp-json\/wp\/v2\/product_cat?post=6286"},{"taxonomy":"product_tag","embeddable":true,"href":"https:\/\/www.ilovewines.vn\/vi\/wp-json\/wp\/v2\/product_tag?post=6286"},{"taxonomy":"grape_varietal","embeddable":true,"href":"https:\/\/www.ilovewines.vn\/vi\/wp-json\/wp\/v2\/grape_varietal?post=6286"},{"taxonomy":"wine_regions","embeddable":true,"href":"https:\/\/www.ilovewines.vn\/vi\/wp-json\/wp\/v2\/wine_regions?post=6286"}],"curies":[{"name":"wp","href":"https:\/\/api.w.org\/{rel}","templated":true}]}}