{"id":6290,"date":"2024-06-03T18:08:01","date_gmt":"2024-06-04T00:08:01","guid":{"rendered":"https:\/\/www.ilovewines.vn\/?post_type=product&#038;p=6290"},"modified":"2026-03-25T23:05:04","modified_gmt":"2026-03-26T05:05:04","slug":"bleasdale-frank-potts-cabernet-blend","status":"publish","type":"product","link":"https:\/\/www.ilovewines.vn\/vi\/product\/bleasdale-frank-potts-cabernet-blend\/","title":{"rendered":"Bleasdale Frank Potts Cabernet"},"content":{"rendered":"<p>Frank Potts kh\u00f4ng ph\u1ea3i l\u00e0 ng\u01b0\u1eddi th\u00edch tr\u00ec ho\u00e3n. Anh \u1ea5y ch\u1ec9 c\u1ea7n x\u1eafn tay \u00e1o l\u00ean v\u00e0 ho\u00e0n th\u00e0nh c\u00f4ng vi\u1ec7c. L\u00fac ch\u00edn tu\u1ed5i, Frank gia nh\u1eadp H\u1ea3i qu\u00e2n Ho\u00e0ng gia Anh, v\u00e0 khi \u0111\u1ebfn Nam \u00dac v\u00e0o n\u0103m 1836, anh \u0111\u00e3 \u0111i thuy\u1ec1n v\u00f2ng quanh th\u1ebf gi\u1edbi. Sau khi mua \u0111\u1ea5t tr\u00ean s\u00f4ng Bremer, Frank \u0111\u00e3 t\u1ef1 m\u00ecnh d\u1ecdn s\u1ea1ch c\u00e2y b\u1ea1ch \u0111\u00e0n \u0111\u1ecf, tr\u1ed3ng v\u01b0\u1eddn nho v\u00e0 sau \u0111\u00f3 s\u1eed d\u1ee5ng g\u1ed7 \u0111\u1ec3 x\u00e2y d\u1ef1ng nh\u00e0 m\u00e1y r\u01b0\u1ee3u c\u1ee7a m\u00ecnh. S\u00e1u th\u1ebf h\u1ec7 tr\u00f4i qua, ch\u00ednh \u0111\u1ea1o \u0111\u1ee9c l\u00e0m vi\u1ec7c v\u00e0 di s\u1ea3n l\u00e2u d\u00e0i c\u1ee7a \u00f4ng \u0111\u00e3 th\u00fac \u0111\u1ea9y m\u1ecdi ng\u01b0\u1eddi \u1edf Bleasdale.<\/p>\n<p>V\u01af\u1edcN NHO<\/p>\n<p>V\u01b0\u1eddn nho Estate v\u00e0 Specialist Growers v\u00f9ng Langhorne Creek Nam \u00dac.<\/p>\n<p>THU HO\u1ea0CH V\u00c0 X\u00c1C \u0110\u1ecaNH \u0110\u1ed8 CH\u00cdN C\u1ee6A NHO<\/p>\n<p>T\u1eeb ng\u00e0y 2 th\u00e1ng Ba \u0111\u1ebfn ng\u00e0y 7 th\u00e1ng T\u01b0 n\u0103m 2021<\/p>\n<p>12.8 &#8211; 14.3<\/p>\n<p>GI\u1ed0NG NHO<\/p>\n<p>Cabernet Sauvignon (68%),<\/p>\n<p>Malbec (17%), Petit Verdot (8%),<\/p>\n<p>Merlot (6%) and Cabernet Franc (1%)<\/p>\n<p>K\u0128 THU\u1eacT S\u1ea2N XU\u1ea4T R\u01af\u1ee2U<\/p>\n<p>C\u00e1c ki\u1ec7n nho r\u1eddi \u0111\u01b0\u1ee3c ng\u1eaft cu\u1ed1ng (ch\u1ec9 c\u00f3 nho Malbec v\u00e0 Petit Verdot l\u00e0 \u0111\u01b0\u1ee3c ng\u1eaft cu\u1ed1ng) v\u00e0 nghi\u1ec1n n\u00e1t sau \u0111\u00f3 cho v\u00e0o l\u00ean men m\u1edf. B\u01a1m 4 l\u1ea7n m\u1ed9t ng\u00e0y trong su\u1ed1t qu\u00e1 tr\u00ecnh l\u00ean men \u0111\u1ec9nh \u0111i\u1ec3m. Ch\u1eaft n\u01b0\u1edbc v\u00e0 \u00e9p t\u1edbi kh\u00f4 (t\u00f9y theo t\u1eebng lo\u1ea1i nho) sau khi \u0111\u1ec3 ng\u00e2m t\u1eeb 9 \u0111\u1ebfn 12 ng\u00e0y tr\u00ean v\u1ecf. \u0110\u1ec3 l\u1eafng trong v\u00f2ng 24 gi\u1edd tr\u01b0\u1edbc khi cho v\u00e0o th\u00f9ng g\u1ed7 s\u1ed3i l\u00ean men Malolactic.<\/p>\n<p>TR\u01af\u1edeNG TH\u00c0NH TRONG TH\u00d9NG G\u1ed6 S\u1ed2I<\/p>\n<p>12 th\u00e1ng trong th\u00f9ng m\u1edbi (25%) v\u00e0 th\u00f9ng g\u1ed7 s\u1ed3i Ph\u00e1p c\u0169 v\u1edbi k\u00edch c\u1ee1 kh\u00e1c nhau (Puncheon &amp; Hogshead).<\/p>\n<p>C\u1ea2M QUAN<\/p>\n<p>Lo\u1ea1i r\u01b0\u1ee3u n\u00e0y c\u00f3 nhi\u1ec1u l\u1edbp v\u00e0 ph\u1ee9c t\u1ea1p v\u1edbi h\u01b0\u01a1ng th\u01a1m qu\u1ea3 m\u1ecdng \u0111\u1ecf v\u00e0 tr\u00e1i c\u00e2y s\u1eabm m\u00e0u h\u01a1n. Nh\u1eefng \u0111\u1eb7c t\u00ednh n\u00e0y ti\u1ebfp t\u1ee5c lan t\u1ecfa trong v\u00f2m mi\u1ec7ng, v\u1edbi c\u00e1c l\u1edbp tr\u00e1i c\u00e2y \u0111\u01b0\u1ee3c h\u1ed7 tr\u1ee3 b\u1edfi tannin g\u1ed7 s\u1ed3i h\u1ea3o h\u1ea1ng v\u00e0 v\u1ecb qu\u1ea3 m\u1ecdng s\u1ed1ng \u0111\u1ed9ng. Sau m\u1ed9t th\u1eddi gian c\u1ea5t tr\u1eef s\u1ebd r\u1ea5t b\u00ecnh th\u01b0\u1eddng n\u1ebfu c\u00f3 ch\u00fat c\u1eb7n; n\u00ean \u0111\u1ec3 r\u01b0\u1ee3u th\u1edf t\u1eeb m\u1ed9t \u0111\u1ebfn hai gi\u1edd tr\u01b0\u1edbc khi u\u1ed1ng. U\u1ed1ng ngon khi r\u01b0\u1ee3u c\u00f2n tr\u1ebb, c\u00f3 th\u1ec3 c\u1ea5t tr\u1eef t\u1eeb 10 \u0111\u1ebfn 20 n\u0103m.<\/p>\n<p>PH\u00c2N T\u00cdCH<\/p>\n<p>\u0110\u1ed9 c\u1ed3n: 13.5% alc\/vol<\/p>\n<p>\u0110\u1ed9 axit: 6.2g\/L<\/p>\n<p>\u0110\u1ed9 pH: 3.52<\/p>\n<p>G\u1ee2I \u00dd \u0110\u1ed2 \u0102N K\u00c8M:<\/p>\n<p>Vai c\u1eebu n\u01b0\u1edbng t\u1ecfi, rau kinh gi\u1edbi, h\u01b0\u01a1ng th\u1ea3o v\u00e0 khoai t\u00e2y baby.<\/p>\n<p>KH\u1ea2 N\u0102NG C\u1ea4T TR\u1eee<\/p>\n<p>U\u1ed1ng ngay ho\u1eb7c gi\u1eef \u0111\u1ebfn n\u0103m 2041<\/p>\n<p>GI\u1ea2I TH\u01af\u1edeNG &amp; \u0110\u00c1NH GI\u00c1 T\u1eea CHUY\u00caN GIA<\/p>\n<ul>\n<li>C\u00fap d\u00e0nh cho R\u01b0\u1ee3u vang \u0110\u1ecf kh\u00f4 ngon nh\u1ea5t (R\u01b0\u1ee3u tr\u1ed9n)<\/li>\n<li>Gi\u1ea3i V\u00e0ng-  Perth Royal Wine Awards<\/li>\n<li>C\u00fap 2023 d\u00e0nh cho R\u01b0\u1ee3u vang \u0111\u1ecf tr\u1ed9n ngon nh\u1ea5t<\/li>\n<li>C\u00fap d\u00e0nh cho R\u01b0\u1ee3u vang \u0111\u1ecf tr\u1ed9n ngon nh\u1ea5t<\/li>\n<li>C\u00fap v\u00f4 \u0111\u1ecbch Tri\u1ec3n l\u00e3m R\u01b0\u1ee3u Vang<\/li>\n<li>Gi\u1ea3i V\u00e0ng- Langhorne Creek Wine Show 2023<\/li>\n<li>Gi\u1ea3i v\u00e0ng\u2013 National Wine Show of Australia 2023<\/li>\n<li>Gia\u1ec9 V\u00e0ng \u2013 New Zealand International Wine Show 2023<\/li>\n<li>Gi\u1ea3i V\u00e0ng\u2013 Royal Adelaide Wine Show 2022<\/li>\n<li>Gi\u1ea3i V\u00e0ng-  Perth Royal Wine Awards 2022<\/li>\n<li>Gi\u1ea3i B\u1ea1c- Langhorne Creek Wine Show 2024<\/li>\n<li>Gi\u1ea3i b\u1ea1c- Royal Adelaide Wine Show 2023<\/li>\n<li>Gi\u1ea3i B\u1ea1c- Royal Queensland Wine Awards 2023<\/li>\n<li>Gi\u1ea3i b\u1ea1c \u2013 Cowra Wine Show 2023<\/li>\n<li>Top 100 chai r\u01b0\u1ee3u vang c\u1ee7a n\u0103m 2023 theo James Halliday<\/li>\n<li>97 \u0110i\u1ec3m James Halliday Wine Companion \u1ea5n b\u1ea3n n\u0103m 2024<\/li>\n<\/ul>\n<p><img decoding=\"async\" class=\"alignnone size-full wp-image-6272\" src=\"https:\/\/www.ilovewines.vn\/wp-content\/uploads\/2024\/06\/Screenshot-2024-06-03-194140.png\" alt=\"\" width=\"292\" height=\"148\" srcset=\"https:\/\/www.ilovewines.vn\/wp-content\/uploads\/2024\/06\/Screenshot-2024-06-03-194140.png 292w, https:\/\/www.ilovewines.vn\/wp-content\/uploads\/2024\/06\/Screenshot-2024-06-03-194140-18x9.png 18w\" sizes=\"(max-width: 292px) 100vw, 292px\" \/><\/p>\n<p>&nbsp;<\/p>\n<p>&nbsp;<\/p>\n<p>&nbsp;<\/p>\n<p>&nbsp;<\/p>\n<p>&nbsp;<\/p>\n<p>&nbsp;<\/p>\n<p>&nbsp;<\/p>\n<p>&nbsp;<\/p>\n<p>&nbsp;<\/p>\n<p>&nbsp;<\/p>\n<p>&nbsp;<\/p>\n<p>&nbsp;<\/p>","protected":false},"excerpt":{"rendered":"<p>Lo\u1ea1i r\u01b0\u1ee3u n\u00e0y c\u00f3 nhi\u1ec1u l\u1edbp v\u00e0 ph\u1ee9c t\u1ea1p v\u1edbi h\u01b0\u01a1ng th\u01a1m qu\u1ea3 m\u1ecdng \u0111\u1ecf v\u00e0 tr\u00e1i c\u00e2y s\u1eabm m\u00e0u h\u01a1n. Nh\u1eefng \u0111\u1eb7c t\u00ednh n\u00e0y ti\u1ebfp t\u1ee5c lan t\u1ecfa trong v\u00f2m mi\u1ec7ng, v\u1edbi c\u00e1c l\u1edbp tr\u00e1i c\u00e2y \u0111\u01b0\u1ee3c h\u1ed7 tr\u1ee3 b\u1edfi tannin g\u1ed7 s\u1ed3i h\u1ea3o h\u1ea1ng v\u00e0 v\u1ecb qu\u1ea3 m\u1ecdng s\u1ed1ng \u0111\u1ed9ng.<\/p>","protected":false},"featured_media":6292,"template":"","meta":{"_acf_changed":false},"product_brand":[],"product_cat":[87,93],"product_tag":[],"grape_varietal":[2479,2596,2477],"wine_regions":[2421],"class_list":{"0":"post-6290","1":"product","2":"type-product","3":"status-publish","4":"has-post-thumbnail","6":"product_cat-red-wine","7":"product_cat-wine","8":"pa_brand-bleasdale","9":"grape_varietal-blends","10":"grape_varietal-cabernet","11":"grape_varietal-red","12":"wine_regions-langhorne-creek","14":"first","15":"instock","16":"shipping-taxable","17":"product-type-simple"},"acf":[],"yoast_head":"<!-- This site is optimized with the Yoast SEO plugin v27.4 - https:\/\/yoast.com\/product\/yoast-seo-wordpress\/ -->\n<title>Bleasdale Frank Potts Cabernet Blend - Rada Wines<\/title>\n<meta name=\"robots\" content=\"index, follow, max-snippet:-1, max-image-preview:large, max-video-preview:-1\" \/>\n<link rel=\"canonical\" href=\"https:\/\/www.ilovewines.vn\/vi\/san-pham\/bleasdale-frank-potts-cabernet-blend\/\" \/>\n<meta property=\"og:locale\" content=\"vi_VN\" \/>\n<meta property=\"og:type\" content=\"article\" \/>\n<meta property=\"og:title\" content=\"Bleasdale Frank Potts Cabernet Blend - Rada Wines\" \/>\n<meta property=\"og:description\" content=\"This wine is layered and complex with red berry and darker fruit aromas. These characters continue onto the palate, with fruit layers supported by fine oak tannin and lively berry persistence.\" \/>\n<meta property=\"og:url\" content=\"https:\/\/www.ilovewines.vn\/vi\/san-pham\/bleasdale-frank-potts-cabernet-blend\/\" \/>\n<meta property=\"og:site_name\" content=\"Rada Wines\" \/>\n<meta property=\"article:modified_time\" content=\"2026-03-26T05:05:04+00:00\" \/>\n<meta property=\"og:image\" content=\"https:\/\/www.ilovewines.vn\/wp-content\/uploads\/2024\/06\/NV-Frank-Potts-Bottle-Shot_high-res-248x1024.png\" \/>\n\t<meta property=\"og:image:width\" content=\"248\" \/>\n\t<meta property=\"og:image:height\" content=\"1024\" \/>\n\t<meta property=\"og:image:type\" content=\"image\/png\" \/>\n<meta name=\"twitter:card\" content=\"summary_large_image\" \/>\n<meta name=\"twitter:label1\" content=\"\u01af\u1edbc t\u00ednh th\u1eddi gian \u0111\u1ecdc\" \/>\n\t<meta name=\"twitter:data1\" content=\"3 ph\u00fat\" \/>\n<script type=\"application\/ld+json\" class=\"yoast-schema-graph\">{\"@context\":\"https:\\\/\\\/schema.org\",\"@graph\":[{\"@type\":\"WebPage\",\"@id\":\"https:\\\/\\\/www.ilovewines.vn\\\/product\\\/bleasdale-frank-potts-cabernet-blend\\\/\",\"url\":\"https:\\\/\\\/www.ilovewines.vn\\\/product\\\/bleasdale-frank-potts-cabernet-blend\\\/\",\"name\":\"Bleasdale Frank Potts Cabernet Blend - Rada Wines\",\"isPartOf\":{\"@id\":\"https:\\\/\\\/www.ilovewines.vn\\\/#website\"},\"primaryImageOfPage\":{\"@id\":\"https:\\\/\\\/www.ilovewines.vn\\\/product\\\/bleasdale-frank-potts-cabernet-blend\\\/#primaryimage\"},\"image\":{\"@id\":\"https:\\\/\\\/www.ilovewines.vn\\\/product\\\/bleasdale-frank-potts-cabernet-blend\\\/#primaryimage\"},\"thumbnailUrl\":\"https:\\\/\\\/www.ilovewines.vn\\\/wp-content\\\/uploads\\\/2024\\\/06\\\/NV-Frank-Potts-Bottle-Shot_high-res-e1717427946546.png\",\"datePublished\":\"2024-06-04T00:08:01+00:00\",\"dateModified\":\"2026-03-26T05:05:04+00:00\",\"breadcrumb\":{\"@id\":\"https:\\\/\\\/www.ilovewines.vn\\\/product\\\/bleasdale-frank-potts-cabernet-blend\\\/#breadcrumb\"},\"inLanguage\":\"vi\",\"potentialAction\":[{\"@type\":\"ReadAction\",\"target\":[\"https:\\\/\\\/www.ilovewines.vn\\\/product\\\/bleasdale-frank-potts-cabernet-blend\\\/\"]}]},{\"@type\":\"ImageObject\",\"inLanguage\":\"vi\",\"@id\":\"https:\\\/\\\/www.ilovewines.vn\\\/product\\\/bleasdale-frank-potts-cabernet-blend\\\/#primaryimage\",\"url\":\"https:\\\/\\\/www.ilovewines.vn\\\/wp-content\\\/uploads\\\/2024\\\/06\\\/NV-Frank-Potts-Bottle-Shot_high-res-e1717427946546.png\",\"contentUrl\":\"https:\\\/\\\/www.ilovewines.vn\\\/wp-content\\\/uploads\\\/2024\\\/06\\\/NV-Frank-Potts-Bottle-Shot_high-res-e1717427946546.png\",\"width\":500,\"height\":2068},{\"@type\":\"BreadcrumbList\",\"@id\":\"https:\\\/\\\/www.ilovewines.vn\\\/product\\\/bleasdale-frank-potts-cabernet-blend\\\/#breadcrumb\",\"itemListElement\":[{\"@type\":\"ListItem\",\"position\":1,\"name\":\"Home\",\"item\":\"https:\\\/\\\/www.ilovewines.vn\\\/\"},{\"@type\":\"ListItem\",\"position\":2,\"name\":\"Catalogue\",\"item\":\"https:\\\/\\\/www.ilovewines.vn\\\/catalogue\\\/\"},{\"@type\":\"ListItem\",\"position\":3,\"name\":\"Bleasdale Frank Potts Cabernet Blend\"}]},{\"@type\":\"WebSite\",\"@id\":\"https:\\\/\\\/www.ilovewines.vn\\\/#website\",\"url\":\"https:\\\/\\\/www.ilovewines.vn\\\/\",\"name\":\"Rada Wines\",\"description\":\"Just another WordPress site\",\"publisher\":{\"@id\":\"https:\\\/\\\/www.ilovewines.vn\\\/#organization\"},\"potentialAction\":[{\"@type\":\"SearchAction\",\"target\":{\"@type\":\"EntryPoint\",\"urlTemplate\":\"https:\\\/\\\/www.ilovewines.vn\\\/?s={search_term_string}\"},\"query-input\":{\"@type\":\"PropertyValueSpecification\",\"valueRequired\":true,\"valueName\":\"search_term_string\"}}],\"inLanguage\":\"vi\"},{\"@type\":\"Organization\",\"@id\":\"https:\\\/\\\/www.ilovewines.vn\\\/#organization\",\"name\":\"Rada Wines\",\"url\":\"https:\\\/\\\/www.ilovewines.vn\\\/\",\"logo\":{\"@type\":\"ImageObject\",\"inLanguage\":\"vi\",\"@id\":\"https:\\\/\\\/www.ilovewines.vn\\\/#\\\/schema\\\/logo\\\/image\\\/\",\"url\":\"https:\\\/\\\/www.ilovewines.vn\\\/wp-content\\\/uploads\\\/2022\\\/06\\\/cropped-162574230_380766779846763_4426584222903300096_n.jpg\",\"contentUrl\":\"https:\\\/\\\/www.ilovewines.vn\\\/wp-content\\\/uploads\\\/2022\\\/06\\\/cropped-162574230_380766779846763_4426584222903300096_n.jpg\",\"width\":320,\"height\":206,\"caption\":\"Rada Wines\"},\"image\":{\"@id\":\"https:\\\/\\\/www.ilovewines.vn\\\/#\\\/schema\\\/logo\\\/image\\\/\"}}]}<\/script>\n<!-- \/ Yoast SEO plugin. -->","yoast_head_json":{"title":"Bleasdale Frank Potts Cabernet Blend - Rada Wines","robots":{"index":"index","follow":"follow","max-snippet":"max-snippet:-1","max-image-preview":"max-image-preview:large","max-video-preview":"max-video-preview:-1"},"canonical":"https:\/\/www.ilovewines.vn\/vi\/san-pham\/bleasdale-frank-potts-cabernet-blend\/","og_locale":"vi_VN","og_type":"article","og_title":"Bleasdale Frank Potts Cabernet Blend - Rada Wines","og_description":"This wine is layered and complex with red berry and darker fruit aromas. These characters continue onto the palate, with fruit layers supported by fine oak tannin and lively berry persistence.","og_url":"https:\/\/www.ilovewines.vn\/vi\/san-pham\/bleasdale-frank-potts-cabernet-blend\/","og_site_name":"Rada Wines","article_modified_time":"2026-03-26T05:05:04+00:00","og_image":[{"width":248,"height":1024,"url":"https:\/\/www.ilovewines.vn\/wp-content\/uploads\/2024\/06\/NV-Frank-Potts-Bottle-Shot_high-res-248x1024.png","type":"image\/png"}],"twitter_card":"summary_large_image","twitter_misc":{"\u01af\u1edbc t\u00ednh th\u1eddi gian \u0111\u1ecdc":"3 ph\u00fat"},"schema":{"@context":"https:\/\/schema.org","@graph":[{"@type":"WebPage","@id":"https:\/\/www.ilovewines.vn\/product\/bleasdale-frank-potts-cabernet-blend\/","url":"https:\/\/www.ilovewines.vn\/product\/bleasdale-frank-potts-cabernet-blend\/","name":"Bleasdale Frank Potts Cabernet Blend - Rada Wines","isPartOf":{"@id":"https:\/\/www.ilovewines.vn\/#website"},"primaryImageOfPage":{"@id":"https:\/\/www.ilovewines.vn\/product\/bleasdale-frank-potts-cabernet-blend\/#primaryimage"},"image":{"@id":"https:\/\/www.ilovewines.vn\/product\/bleasdale-frank-potts-cabernet-blend\/#primaryimage"},"thumbnailUrl":"https:\/\/www.ilovewines.vn\/wp-content\/uploads\/2024\/06\/NV-Frank-Potts-Bottle-Shot_high-res-e1717427946546.png","datePublished":"2024-06-04T00:08:01+00:00","dateModified":"2026-03-26T05:05:04+00:00","breadcrumb":{"@id":"https:\/\/www.ilovewines.vn\/product\/bleasdale-frank-potts-cabernet-blend\/#breadcrumb"},"inLanguage":"vi","potentialAction":[{"@type":"ReadAction","target":["https:\/\/www.ilovewines.vn\/product\/bleasdale-frank-potts-cabernet-blend\/"]}]},{"@type":"ImageObject","inLanguage":"vi","@id":"https:\/\/www.ilovewines.vn\/product\/bleasdale-frank-potts-cabernet-blend\/#primaryimage","url":"https:\/\/www.ilovewines.vn\/wp-content\/uploads\/2024\/06\/NV-Frank-Potts-Bottle-Shot_high-res-e1717427946546.png","contentUrl":"https:\/\/www.ilovewines.vn\/wp-content\/uploads\/2024\/06\/NV-Frank-Potts-Bottle-Shot_high-res-e1717427946546.png","width":500,"height":2068},{"@type":"BreadcrumbList","@id":"https:\/\/www.ilovewines.vn\/product\/bleasdale-frank-potts-cabernet-blend\/#breadcrumb","itemListElement":[{"@type":"ListItem","position":1,"name":"Home","item":"https:\/\/www.ilovewines.vn\/"},{"@type":"ListItem","position":2,"name":"Catalogue","item":"https:\/\/www.ilovewines.vn\/catalogue\/"},{"@type":"ListItem","position":3,"name":"Bleasdale Frank Potts Cabernet Blend"}]},{"@type":"WebSite","@id":"https:\/\/www.ilovewines.vn\/#website","url":"https:\/\/www.ilovewines.vn\/","name":"Rada Wines","description":"Just another WordPress site","publisher":{"@id":"https:\/\/www.ilovewines.vn\/#organization"},"potentialAction":[{"@type":"SearchAction","target":{"@type":"EntryPoint","urlTemplate":"https:\/\/www.ilovewines.vn\/?s={search_term_string}"},"query-input":{"@type":"PropertyValueSpecification","valueRequired":true,"valueName":"search_term_string"}}],"inLanguage":"vi"},{"@type":"Organization","@id":"https:\/\/www.ilovewines.vn\/#organization","name":"Rada Wines","url":"https:\/\/www.ilovewines.vn\/","logo":{"@type":"ImageObject","inLanguage":"vi","@id":"https:\/\/www.ilovewines.vn\/#\/schema\/logo\/image\/","url":"https:\/\/www.ilovewines.vn\/wp-content\/uploads\/2022\/06\/cropped-162574230_380766779846763_4426584222903300096_n.jpg","contentUrl":"https:\/\/www.ilovewines.vn\/wp-content\/uploads\/2022\/06\/cropped-162574230_380766779846763_4426584222903300096_n.jpg","width":320,"height":206,"caption":"Rada Wines"},"image":{"@id":"https:\/\/www.ilovewines.vn\/#\/schema\/logo\/image\/"}}]}},"_links":{"self":[{"href":"https:\/\/www.ilovewines.vn\/vi\/wp-json\/wp\/v2\/product\/6290","targetHints":{"allow":["GET"]}}],"collection":[{"href":"https:\/\/www.ilovewines.vn\/vi\/wp-json\/wp\/v2\/product"}],"about":[{"href":"https:\/\/www.ilovewines.vn\/vi\/wp-json\/wp\/v2\/types\/product"}],"version-history":[{"count":5,"href":"https:\/\/www.ilovewines.vn\/vi\/wp-json\/wp\/v2\/product\/6290\/revisions"}],"predecessor-version":[{"id":6425,"href":"https:\/\/www.ilovewines.vn\/vi\/wp-json\/wp\/v2\/product\/6290\/revisions\/6425"}],"wp:featuredmedia":[{"embeddable":true,"href":"https:\/\/www.ilovewines.vn\/vi\/wp-json\/wp\/v2\/media\/6292"}],"wp:attachment":[{"href":"https:\/\/www.ilovewines.vn\/vi\/wp-json\/wp\/v2\/media?parent=6290"}],"wp:term":[{"taxonomy":"product_brand","embeddable":true,"href":"https:\/\/www.ilovewines.vn\/vi\/wp-json\/wp\/v2\/product_brand?post=6290"},{"taxonomy":"product_cat","embeddable":true,"href":"https:\/\/www.ilovewines.vn\/vi\/wp-json\/wp\/v2\/product_cat?post=6290"},{"taxonomy":"product_tag","embeddable":true,"href":"https:\/\/www.ilovewines.vn\/vi\/wp-json\/wp\/v2\/product_tag?post=6290"},{"taxonomy":"grape_varietal","embeddable":true,"href":"https:\/\/www.ilovewines.vn\/vi\/wp-json\/wp\/v2\/grape_varietal?post=6290"},{"taxonomy":"wine_regions","embeddable":true,"href":"https:\/\/www.ilovewines.vn\/vi\/wp-json\/wp\/v2\/wine_regions?post=6290"}],"curies":[{"name":"wp","href":"https:\/\/api.w.org\/{rel}","templated":true}]}}