{"id":6295,"date":"2024-06-03T18:22:18","date_gmt":"2024-06-04T00:22:18","guid":{"rendered":"https:\/\/www.ilovewines.vn\/?post_type=product&#038;p=6295"},"modified":"2024-06-03T18:22:18","modified_gmt":"2024-06-04T00:22:18","slug":"bleasdale-bremerview-shiraz","status":"publish","type":"product","link":"https:\/\/www.ilovewines.vn\/vi\/product\/bleasdale-bremerview-shiraz\/","title":{"rendered":"Bleasdale Bremerview Shiraz"},"content":{"rendered":"<p>Khi Frank Potts th\u00e0nh l\u1eadp Bleasdale tr\u00ean v\u00f9ng ng\u1eadp l\u0169 Langhorne Creek v\u00e0o n\u0103m 1850, \u00f4ng \u0111\u00e3 x\u00e2y d\u1ef1ng m\u1ed9t h\u1ec7 th\u1ed1ng \u1ed5 kh\u00f3a v\u00e0 \u0111\u1eadp n\u01b0\u1edbc \u0111\u1ec3 thu v\u00e0 s\u1eed d\u1ee5ng n\u01b0\u1edbc l\u0169 t\u1eeb s\u00f4ng Bremer \u0111\u1ec3 t\u01b0\u1edbi cho c\u00e2y nho c\u1ee7a m\u00ecnh. Nhi\u1ec1u v\u01b0\u1eddn nho \u1edf Langhorne Creek, bao g\u1ed3m c\u1ea3 v\u01b0\u1eddn nho Bremerview c\u1ee7a Bleasdale, v\u1eabn d\u1ef1a v\u00e0o h\u1ec7 th\u1ed1ng t\u01b0\u1edbi l\u0169 ban \u0111\u1ea7u c\u1ee7a \u00f4ng, h\u1ec7 th\u1ed1ng n\u00e0y \u0111i v\u00e0o ho\u1ea1t \u0111\u1ed9ng khi d\u00f2ng s\u00f4ng tr\u00e0n t\u1ef1 nhi\u00ean \u0111\u1ebfn c\u00e1c v\u01b0\u1eddn nho \u0111\u01b0\u1ee3c tr\u1ed3ng d\u1ecdc theo b\u1edd c\u1ee7a n\u00f3.<\/p>\n<p>V\u01af\u1edcN NHO<\/p>\n<p>Estate Vineyard &amp; Specialist Growers Langhorne Creek, Nam \u00dac.<\/p>\n<p>THU HO\u1ea0CH V\u00c0 X\u00c1C \u0110\u1ecaNH \u0110\u1ed8 CH\u00cdN C\u1ee6A NHO<\/p>\n<p>Ng\u00e0y 2 \u0111\u1ebfn 12 th\u00e1ng Ba n\u0103m 2022<\/p>\n<p>13.0 &#8211; 14.2<\/p>\n<p>GI\u1ed0NG NHO<\/p>\n<p>Shiraz<\/p>\n<p>K\u0128 THU\u1eacT S\u1ea2N XU\u1ea4T R\u01af\u1ee2U<\/p>\n<p>B\u1ecf cu\u1ed1ng \u0111\u1ec3 m\u1edf thi\u1ebft b\u1ecb l\u00ean men, kho\u1ea3ng 15% to\u00e0n b\u1ed9 qu\u1ea3 m\u1ecdng, \u0111\u1ec3 ng\u00e2m trong th\u1eddi gian ng\u1eafn. Qu\u00e1 tr\u00ecnh l\u00ean men \u0111\u1ea1t \u0111\u1ec9nh \u0111i\u1ec3m \u1edf 30\u00b0C v\u1edbi t\u1ed1i \u0111a 4 l\u1ea7n b\u01a1m m\u1ed7i ng\u00e0y, gi\u1ea3m d\u1ea7n khi k\u1ebft th\u00fac qu\u00e1 tr\u00ecnh l\u00ean men. \u0110\u1ec3 r\u00e1o n\u01b0\u1edbc v\u00e0 \u00e9p \u1edf tr\u1ea1ng th\u00e1i kh\u00f4 sau 9 \u0111\u1ebfn 12 ng\u00e0y tr\u00ean da, t\u00f9y theo kh\u1ed1i, \u0111\u1ec3 y\u00ean trong 24 gi\u1edd tr\u01b0\u1edbc khi x\u1ebfp v\u00e0o th\u00f9ng g\u1ed7 s\u1ed3i v\u00e0 th\u00f9ng ch\u1ee9a MLF. C\u00e1c kh\u1ed1i \u0111\u01b0\u1ee3c gi\u1eef ri\u00eang bi\u1ec7t tr\u01b0\u1edbc khi tr\u1ed9n l\u00fac 12 th\u00e1ng.<\/p>\n<p>TR\u01af\u1edeNG TH\u00c0NH TRONG TH\u00d9NG G\u1ed6 S\u1ed2I<\/p>\n<p>12 th\u00e1ng trong th\u00f9ng m\u1edbi (10%) v\u00e0 th\u00f9ng g\u1ed7 s\u1ed3i Ph\u00e1p c\u0169.<\/p>\n<p>C\u1ea2M QUAN<\/p>\n<p>M\u1ed9t bi\u1ec3u hi\u1ec7n th\u1ef1c s\u1ef1 c\u1ee7a Langhorne Creek Shiraz, \u0111\u00e2y l\u00e0 lo\u1ea1i r\u01b0\u1ee3u c\u00f3 n\u1ed3ng \u0111\u1ed9 trung b\u00ecnh, th\u1ec3 hi\u1ec7n h\u01b0\u01a1ng th\u01a1m gia v\u1ecb n\u1ed3ng n\u00e0n v\u00e0 tr\u00e1i c\u00e2y m\u1ecdng s\u1eabm m\u00e0u. V\u00f2m mi\u1ec7ng d\u00e0i v\u00e0 m\u01b0\u1ee3t v\u1edbi tannin m\u1ecbn, mang \u0111\u1ebfn h\u01b0\u01a1ng v\u1ecb m\u1eadn v\u00e0 tr\u00e1i c\u00e2y m\u00e2m x\u00f4i ngon ng\u1ecdt, c\u00f9ng v\u1edbi h\u01b0\u01a1ng \u0111inh h\u01b0\u01a1ng v\u00e0 h\u1ea1t ti\u00eau.<\/p>\n<p>PH\u00c2N T\u00cdCH<\/p>\n<p>\u0110\u1ed9 c\u1ed3n: 13.5% alc\/vol<\/p>\n<p>\u0110\u1ed9 axit: 6.0g\/L<\/p>\n<p>pH: 3.51<\/p>\n<p>G\u1ee2I \u00dd \u0110\u1ed2 \u0102N K\u00c8M:<\/p>\n<p>Th\u01b0\u1edfng th\u1ee9c c\u00f9ng v\u1edbi m\u00f3n th\u1ecbt \u01b0\u1edbng \u01b0a th\u00edch c\u1ee7a b\u1ea1n.<\/p>\n<p>KH\u1ea2 N\u0102NG C\u1ea4T TR\u1eee<\/p>\n<p>U\u1ed1ng ngay ho\u1eb7c gi\u1eef \u0111\u1ebfn n\u0103m 2029<\/p>\n<p>GI\u1ea2I TH\u01af\u1edeNG &amp; \u0110\u00c1NH GI\u00c1 T\u1eea CHUY\u00caN GIA<\/p>\n<ul>\n<li>Gi\u1ea3i v\u00e0ng\u2013 National Wine Show of Australia 2023<\/li>\n<li>Gi\u1ea3i V\u00e0ng \u2013 Melbourne Royal Wine Awards 2022<\/li>\n<li>Gi\u1ea3i V\u00e0ng\u2013 Rutherglen Wine Show 2022<\/li>\n<li>Gi\u1ea3i B\u1ea1c\u2013 Sydney Royal Wine Show 2023<\/li>\n<li>Gi\u1ea3i B\u1ea1c \u2013 Japan Wine Challenge 2023<\/li>\n<li>Gi\u1ea3i B\u1ea1c- Royal Queensland Wine Awards 2023<\/li>\n<li>Gi\u1ea3i b\u1ea1c \u2013 Cowra Wine Show 2023<\/li>\n<li>Gi\u1ea3i B\u1ea1c \u2013 Riverina Wine Show 2022<\/li>\n<li>95 \u0110i\u1ec3m James Halliday Wine Companion \u1ea5n b\u1ea3n n\u0103m 2024<\/li>\n<\/ul>\n<p><img decoding=\"async\" class=\"alignnone size-full wp-image-6272\" src=\"https:\/\/www.ilovewines.vn\/wp-content\/uploads\/2024\/06\/Screenshot-2024-06-03-194140.png\" alt=\"\" width=\"292\" height=\"148\" srcset=\"https:\/\/www.ilovewines.vn\/wp-content\/uploads\/2024\/06\/Screenshot-2024-06-03-194140.png 292w, https:\/\/www.ilovewines.vn\/wp-content\/uploads\/2024\/06\/Screenshot-2024-06-03-194140-18x9.png 18w\" sizes=\"(max-width: 292px) 100vw, 292px\" \/><\/p>","protected":false},"excerpt":{"rendered":"<p>M\u1ed9t bi\u1ec3u hi\u1ec7n th\u1ef1c s\u1ef1 c\u1ee7a Langhorne Creek Shiraz, \u0111\u00e2y l\u00e0 lo\u1ea1i r\u01b0\u1ee3u c\u00f3 n\u1ed3ng \u0111\u1ed9 trung b\u00ecnh, th\u1ec3 hi\u1ec7n h\u01b0\u01a1ng th\u01a1m gia v\u1ecb n\u1ed3ng n\u00e0n v\u00e0 tr\u00e1i c\u00e2y m\u1ecdng s\u1eabm m\u00e0u. V\u00f2m mi\u1ec7ng d\u00e0i v\u00e0 m\u01b0\u1ee3t v\u1edbi tannin m\u1ecbn, mang \u0111\u1ebfn h\u01b0\u01a1ng v\u1ecb m\u1eadn v\u00e0 tr\u00e1i c\u00e2y m\u00e2m x\u00f4i ngon ng\u1ecdt, c\u00f9ng v\u1edbi h\u01b0\u01a1ng \u0111inh h\u01b0\u01a1ng v\u00e0 h\u1ea1t ti\u00eau.<\/p>","protected":false},"featured_media":6297,"template":"","meta":{"_acf_changed":false},"product_brand":[],"product_cat":[87,93],"product_tag":[],"grape_varietal":[2477,2466],"wine_regions":[2421],"class_list":{"0":"post-6295","1":"product","2":"type-product","3":"status-publish","4":"has-post-thumbnail","6":"product_cat-red-wine","7":"product_cat-wine","8":"pa_brand-bleasdale","9":"grape_varietal-red","10":"grape_varietal-shiraz","11":"wine_regions-langhorne-creek","13":"first","14":"instock","15":"shipping-taxable","16":"product-type-simple"},"acf":[],"yoast_head":"<!-- This site is optimized with the Yoast SEO plugin v27.4 - https:\/\/yoast.com\/product\/yoast-seo-wordpress\/ -->\n<title>Bleasdale Bremerview Shiraz - Rada Wines<\/title>\n<meta name=\"robots\" content=\"index, follow, max-snippet:-1, max-image-preview:large, max-video-preview:-1\" \/>\n<link rel=\"canonical\" href=\"https:\/\/www.ilovewines.vn\/vi\/san-pham\/bleasdale-bremerview-shiraz\/\" \/>\n<meta property=\"og:locale\" content=\"vi_VN\" \/>\n<meta property=\"og:type\" content=\"article\" \/>\n<meta property=\"og:title\" content=\"Bleasdale Bremerview Shiraz - Rada Wines\" \/>\n<meta property=\"og:description\" content=\"A true expression of Langhorne Creek Shiraz, this is a medium bodied wine showing intense lifted spice aromas and dark berry fruit. The palate is long and silky with fine tannins, offering juicy plum and blackberry fruits, with notes of clove and pepper.\" \/>\n<meta property=\"og:url\" content=\"https:\/\/www.ilovewines.vn\/vi\/san-pham\/bleasdale-bremerview-shiraz\/\" \/>\n<meta property=\"og:site_name\" content=\"Rada Wines\" \/>\n<meta property=\"og:image\" content=\"https:\/\/www.ilovewines.vn\/wp-content\/uploads\/2024\/06\/NV-Bremerview-Shiraz-Bottle-Shot-_high-res-262x1024.png\" \/>\n\t<meta property=\"og:image:width\" content=\"262\" \/>\n\t<meta property=\"og:image:height\" content=\"1024\" \/>\n\t<meta property=\"og:image:type\" content=\"image\/png\" \/>\n<meta name=\"twitter:card\" content=\"summary_large_image\" \/>\n<meta name=\"twitter:label1\" content=\"\u01af\u1edbc t\u00ednh th\u1eddi gian \u0111\u1ecdc\" \/>\n\t<meta name=\"twitter:data1\" content=\"2 ph\u00fat\" \/>\n<script type=\"application\/ld+json\" class=\"yoast-schema-graph\">{\"@context\":\"https:\\\/\\\/schema.org\",\"@graph\":[{\"@type\":\"WebPage\",\"@id\":\"https:\\\/\\\/www.ilovewines.vn\\\/product\\\/bleasdale-bremerview-shiraz\\\/\",\"url\":\"https:\\\/\\\/www.ilovewines.vn\\\/product\\\/bleasdale-bremerview-shiraz\\\/\",\"name\":\"Bleasdale Bremerview Shiraz - Rada Wines\",\"isPartOf\":{\"@id\":\"https:\\\/\\\/www.ilovewines.vn\\\/#website\"},\"primaryImageOfPage\":{\"@id\":\"https:\\\/\\\/www.ilovewines.vn\\\/product\\\/bleasdale-bremerview-shiraz\\\/#primaryimage\"},\"image\":{\"@id\":\"https:\\\/\\\/www.ilovewines.vn\\\/product\\\/bleasdale-bremerview-shiraz\\\/#primaryimage\"},\"thumbnailUrl\":\"https:\\\/\\\/www.ilovewines.vn\\\/wp-content\\\/uploads\\\/2024\\\/06\\\/NV-Bremerview-Shiraz-Bottle-Shot-_high-res-e1717459935733.png\",\"datePublished\":\"2024-06-04T00:22:18+00:00\",\"breadcrumb\":{\"@id\":\"https:\\\/\\\/www.ilovewines.vn\\\/product\\\/bleasdale-bremerview-shiraz\\\/#breadcrumb\"},\"inLanguage\":\"vi\",\"potentialAction\":[{\"@type\":\"ReadAction\",\"target\":[\"https:\\\/\\\/www.ilovewines.vn\\\/product\\\/bleasdale-bremerview-shiraz\\\/\"]}]},{\"@type\":\"ImageObject\",\"inLanguage\":\"vi\",\"@id\":\"https:\\\/\\\/www.ilovewines.vn\\\/product\\\/bleasdale-bremerview-shiraz\\\/#primaryimage\",\"url\":\"https:\\\/\\\/www.ilovewines.vn\\\/wp-content\\\/uploads\\\/2024\\\/06\\\/NV-Bremerview-Shiraz-Bottle-Shot-_high-res-e1717459935733.png\",\"contentUrl\":\"https:\\\/\\\/www.ilovewines.vn\\\/wp-content\\\/uploads\\\/2024\\\/06\\\/NV-Bremerview-Shiraz-Bottle-Shot-_high-res-e1717459935733.png\",\"width\":500,\"height\":1953},{\"@type\":\"BreadcrumbList\",\"@id\":\"https:\\\/\\\/www.ilovewines.vn\\\/product\\\/bleasdale-bremerview-shiraz\\\/#breadcrumb\",\"itemListElement\":[{\"@type\":\"ListItem\",\"position\":1,\"name\":\"Home\",\"item\":\"https:\\\/\\\/www.ilovewines.vn\\\/\"},{\"@type\":\"ListItem\",\"position\":2,\"name\":\"Catalogue\",\"item\":\"https:\\\/\\\/www.ilovewines.vn\\\/catalogue\\\/\"},{\"@type\":\"ListItem\",\"position\":3,\"name\":\"Bleasdale Bremerview Shiraz\"}]},{\"@type\":\"WebSite\",\"@id\":\"https:\\\/\\\/www.ilovewines.vn\\\/#website\",\"url\":\"https:\\\/\\\/www.ilovewines.vn\\\/\",\"name\":\"Rada Wines\",\"description\":\"Just another WordPress site\",\"publisher\":{\"@id\":\"https:\\\/\\\/www.ilovewines.vn\\\/#organization\"},\"potentialAction\":[{\"@type\":\"SearchAction\",\"target\":{\"@type\":\"EntryPoint\",\"urlTemplate\":\"https:\\\/\\\/www.ilovewines.vn\\\/?s={search_term_string}\"},\"query-input\":{\"@type\":\"PropertyValueSpecification\",\"valueRequired\":true,\"valueName\":\"search_term_string\"}}],\"inLanguage\":\"vi\"},{\"@type\":\"Organization\",\"@id\":\"https:\\\/\\\/www.ilovewines.vn\\\/#organization\",\"name\":\"Rada Wines\",\"url\":\"https:\\\/\\\/www.ilovewines.vn\\\/\",\"logo\":{\"@type\":\"ImageObject\",\"inLanguage\":\"vi\",\"@id\":\"https:\\\/\\\/www.ilovewines.vn\\\/#\\\/schema\\\/logo\\\/image\\\/\",\"url\":\"https:\\\/\\\/www.ilovewines.vn\\\/wp-content\\\/uploads\\\/2022\\\/06\\\/cropped-162574230_380766779846763_4426584222903300096_n.jpg\",\"contentUrl\":\"https:\\\/\\\/www.ilovewines.vn\\\/wp-content\\\/uploads\\\/2022\\\/06\\\/cropped-162574230_380766779846763_4426584222903300096_n.jpg\",\"width\":320,\"height\":206,\"caption\":\"Rada Wines\"},\"image\":{\"@id\":\"https:\\\/\\\/www.ilovewines.vn\\\/#\\\/schema\\\/logo\\\/image\\\/\"}}]}<\/script>\n<!-- \/ Yoast SEO plugin. -->","yoast_head_json":{"title":"Bleasdale Bremerview Shiraz - Rada Wines","robots":{"index":"index","follow":"follow","max-snippet":"max-snippet:-1","max-image-preview":"max-image-preview:large","max-video-preview":"max-video-preview:-1"},"canonical":"https:\/\/www.ilovewines.vn\/vi\/san-pham\/bleasdale-bremerview-shiraz\/","og_locale":"vi_VN","og_type":"article","og_title":"Bleasdale Bremerview Shiraz - Rada Wines","og_description":"A true expression of Langhorne Creek Shiraz, this is a medium bodied wine showing intense lifted spice aromas and dark berry fruit. The palate is long and silky with fine tannins, offering juicy plum and blackberry fruits, with notes of clove and pepper.","og_url":"https:\/\/www.ilovewines.vn\/vi\/san-pham\/bleasdale-bremerview-shiraz\/","og_site_name":"Rada Wines","og_image":[{"width":262,"height":1024,"url":"https:\/\/www.ilovewines.vn\/wp-content\/uploads\/2024\/06\/NV-Bremerview-Shiraz-Bottle-Shot-_high-res-262x1024.png","type":"image\/png"}],"twitter_card":"summary_large_image","twitter_misc":{"\u01af\u1edbc t\u00ednh th\u1eddi gian \u0111\u1ecdc":"2 ph\u00fat"},"schema":{"@context":"https:\/\/schema.org","@graph":[{"@type":"WebPage","@id":"https:\/\/www.ilovewines.vn\/product\/bleasdale-bremerview-shiraz\/","url":"https:\/\/www.ilovewines.vn\/product\/bleasdale-bremerview-shiraz\/","name":"Bleasdale Bremerview Shiraz - Rada Wines","isPartOf":{"@id":"https:\/\/www.ilovewines.vn\/#website"},"primaryImageOfPage":{"@id":"https:\/\/www.ilovewines.vn\/product\/bleasdale-bremerview-shiraz\/#primaryimage"},"image":{"@id":"https:\/\/www.ilovewines.vn\/product\/bleasdale-bremerview-shiraz\/#primaryimage"},"thumbnailUrl":"https:\/\/www.ilovewines.vn\/wp-content\/uploads\/2024\/06\/NV-Bremerview-Shiraz-Bottle-Shot-_high-res-e1717459935733.png","datePublished":"2024-06-04T00:22:18+00:00","breadcrumb":{"@id":"https:\/\/www.ilovewines.vn\/product\/bleasdale-bremerview-shiraz\/#breadcrumb"},"inLanguage":"vi","potentialAction":[{"@type":"ReadAction","target":["https:\/\/www.ilovewines.vn\/product\/bleasdale-bremerview-shiraz\/"]}]},{"@type":"ImageObject","inLanguage":"vi","@id":"https:\/\/www.ilovewines.vn\/product\/bleasdale-bremerview-shiraz\/#primaryimage","url":"https:\/\/www.ilovewines.vn\/wp-content\/uploads\/2024\/06\/NV-Bremerview-Shiraz-Bottle-Shot-_high-res-e1717459935733.png","contentUrl":"https:\/\/www.ilovewines.vn\/wp-content\/uploads\/2024\/06\/NV-Bremerview-Shiraz-Bottle-Shot-_high-res-e1717459935733.png","width":500,"height":1953},{"@type":"BreadcrumbList","@id":"https:\/\/www.ilovewines.vn\/product\/bleasdale-bremerview-shiraz\/#breadcrumb","itemListElement":[{"@type":"ListItem","position":1,"name":"Home","item":"https:\/\/www.ilovewines.vn\/"},{"@type":"ListItem","position":2,"name":"Catalogue","item":"https:\/\/www.ilovewines.vn\/catalogue\/"},{"@type":"ListItem","position":3,"name":"Bleasdale Bremerview Shiraz"}]},{"@type":"WebSite","@id":"https:\/\/www.ilovewines.vn\/#website","url":"https:\/\/www.ilovewines.vn\/","name":"Rada Wines","description":"Just another WordPress site","publisher":{"@id":"https:\/\/www.ilovewines.vn\/#organization"},"potentialAction":[{"@type":"SearchAction","target":{"@type":"EntryPoint","urlTemplate":"https:\/\/www.ilovewines.vn\/?s={search_term_string}"},"query-input":{"@type":"PropertyValueSpecification","valueRequired":true,"valueName":"search_term_string"}}],"inLanguage":"vi"},{"@type":"Organization","@id":"https:\/\/www.ilovewines.vn\/#organization","name":"Rada Wines","url":"https:\/\/www.ilovewines.vn\/","logo":{"@type":"ImageObject","inLanguage":"vi","@id":"https:\/\/www.ilovewines.vn\/#\/schema\/logo\/image\/","url":"https:\/\/www.ilovewines.vn\/wp-content\/uploads\/2022\/06\/cropped-162574230_380766779846763_4426584222903300096_n.jpg","contentUrl":"https:\/\/www.ilovewines.vn\/wp-content\/uploads\/2022\/06\/cropped-162574230_380766779846763_4426584222903300096_n.jpg","width":320,"height":206,"caption":"Rada Wines"},"image":{"@id":"https:\/\/www.ilovewines.vn\/#\/schema\/logo\/image\/"}}]}},"_links":{"self":[{"href":"https:\/\/www.ilovewines.vn\/vi\/wp-json\/wp\/v2\/product\/6295","targetHints":{"allow":["GET"]}}],"collection":[{"href":"https:\/\/www.ilovewines.vn\/vi\/wp-json\/wp\/v2\/product"}],"about":[{"href":"https:\/\/www.ilovewines.vn\/vi\/wp-json\/wp\/v2\/types\/product"}],"version-history":[{"count":2,"href":"https:\/\/www.ilovewines.vn\/vi\/wp-json\/wp\/v2\/product\/6295\/revisions"}],"predecessor-version":[{"id":6298,"href":"https:\/\/www.ilovewines.vn\/vi\/wp-json\/wp\/v2\/product\/6295\/revisions\/6298"}],"wp:featuredmedia":[{"embeddable":true,"href":"https:\/\/www.ilovewines.vn\/vi\/wp-json\/wp\/v2\/media\/6297"}],"wp:attachment":[{"href":"https:\/\/www.ilovewines.vn\/vi\/wp-json\/wp\/v2\/media?parent=6295"}],"wp:term":[{"taxonomy":"product_brand","embeddable":true,"href":"https:\/\/www.ilovewines.vn\/vi\/wp-json\/wp\/v2\/product_brand?post=6295"},{"taxonomy":"product_cat","embeddable":true,"href":"https:\/\/www.ilovewines.vn\/vi\/wp-json\/wp\/v2\/product_cat?post=6295"},{"taxonomy":"product_tag","embeddable":true,"href":"https:\/\/www.ilovewines.vn\/vi\/wp-json\/wp\/v2\/product_tag?post=6295"},{"taxonomy":"grape_varietal","embeddable":true,"href":"https:\/\/www.ilovewines.vn\/vi\/wp-json\/wp\/v2\/grape_varietal?post=6295"},{"taxonomy":"wine_regions","embeddable":true,"href":"https:\/\/www.ilovewines.vn\/vi\/wp-json\/wp\/v2\/wine_regions?post=6295"}],"curies":[{"name":"wp","href":"https:\/\/api.w.org\/{rel}","templated":true}]}}