{"id":6599,"date":"2024-10-28T04:24:36","date_gmt":"2024-10-28T10:24:36","guid":{"rendered":"https:\/\/www.ilovewines.vn\/?post_type=product&#038;p=6599"},"modified":"2024-10-28T04:24:36","modified_gmt":"2024-10-28T10:24:36","slug":"break-free-little-wing-shiraz-noir-carbonic","status":"publish","type":"product","link":"https:\/\/www.ilovewines.vn\/vi\/product\/break-free-little-wing-shiraz-noir-carbonic\/","title":{"rendered":"Break Free Little Wing Shiraz Noir Carbonic"},"content":{"rendered":"<h3>V\u01b0\u1eddn nho:<\/h3>\n<p>Adelaide Hills, 100%<\/p>\n<h3>S\u1ea3n xu\u1ea5t:<\/h3>\n<p>N\u0103m t\u1ea5n nho Shiraz kh\u00ed h\u1eadu m\u00e1t m\u1ebb \u0111\u01b0\u1ee3c h\u00e1i c\u00f9ng v\u1edbi m\u1ed9t t\u1ea5n c\u1ea3 ch\u00f9m nho \u0111\u1ec3 ng\u00e2m cacbonat \u2013 ph\u1ea7n c\u00f2n l\u1ea1i \u0111\u01b0\u1ee3c l\u00ean men h\u1edf tr\u00ean v\u1ecf trong 10 ng\u00e0y, nh\u00fang b\u1eb1ng tay hai l\u1ea7n m\u1ed7i ng\u00e0y, \u00e9p, sau \u0111\u00f3 \u0111\u01b0\u1ee3c \u0111\u01b0a v\u00e0o th\u00f9ng g\u1ed7 s\u1ed3i Ph\u00e1p c\u0169 \u0111\u1ec3 l\u00ean men malolactic v\u00e0 \u1ee7 trong b\u1ea3y th\u00e1ng. 5% Pinot Noir th\u01a1m, l\u00ean men b\u1eb1ng th\u00e9p kh\u00f4ng g\u1ec9 \u0111\u01b0\u1ee3c th\u00eam v\u00e0o h\u1ed7n h\u1ee3p cu\u1ed1i c\u00f9ng. \u0111\u00f3ng chai t\u01b0\u01a1i m\u00e0 kh\u00f4ng c\u1ea7n l\u1ecdc ho\u1eb7c l\u00e0m trong. Thu\u1ea7n chay. H\u00e0m l\u01b0\u1ee3ng sulfit t\u1ed1i thi\u1ec3u.<\/p>\n<h3>Th\u01b0\u1edfng th\u1ee9c<\/h3>\n<p>R\u01b0\u1ee3u vang Break Free Little Wing m\u00f9a th\u1ee9 hai c\u1ee7a ch\u00fang t\u00f4i c\u00f3 s\u1ef1 thay \u0111\u1ed5i v\u1ec1 v\u00f9ng tr\u1ed3ng nho t\u1eeb Great Southern (WA) \u0111\u1ebfn v\u00f9ng c\u00f3 \u0111\u1ed9 cao l\u1edbn h\u01a1n v\u00e0 m\u00e1t m\u1ebb h\u01a1n l\u00e0 Adelaide Hills (SA).<\/p>\n<p>N\u0103m t\u1ea5n nho Shiraz \u0111\u01b0\u1ee3c ch\u1ecdn t\u1eeb m\u1ed9t v\u01b0\u1eddn nho duy nh\u1ea5t, trong \u0111\u00f3 m\u1ed9t t\u1ea5n \u0111\u01b0\u1ee3c h\u00e1i 'c\u1ea3 ch\u00f9m', \u0111\u1ec3 ng\u00e2m cacbonat - b\u1ed1n t\u1ea5n c\u00f2n l\u1ea1i \u0111\u01b0\u1ee3c nghi\u1ec1n nh\u1eb9, l\u00ean men h\u1edf trong m\u01b0\u1eddi ng\u00e0y t\u1ea1o cho n\u01b0\u1edbc \u00e9p c\u00f3 m\u00e0u t\u00edm s\u00e1ng \u0111\u1eb7c bi\u1ec7t. C\u1ea3 hai l\u00f4 sau \u0111\u00f3 \u0111\u01b0\u1ee3c pha tr\u1ed9n v\u00e0 \u00e9p tr\u01b0\u1edbc khi \u0111\u01b0\u1ee3c \u0111\u01b0a v\u00e0o th\u00f9ng g\u1ed7 s\u1ed3i Ph\u00e1p c\u0169 h\u01a1n \u0111\u1ec3 l\u00ean men malolactic v\u00e0 \u1ee7 trong b\u1ea3y th\u00e1ng. 5% nho Adelaide Hills c\u0169ng \u0111\u01b0\u1ee3c h\u00e1i v\u00e0 l\u00ean men trong th\u00e9p kh\u00f4ng g\u1ec9 \u0111\u1ec3 gi\u1eef l\u1ea1i v\u00e0 b\u1ea3o qu\u1ea3n h\u01b0\u01a1ng hoa, m\u00e0u s\u1eafc v\u00e0 \u0111\u1ed9 t\u01b0\u01a1i - t\u1ea1o n\u00ean h\u1ed7n h\u1ee3p cu\u1ed1i c\u00f9ng tr\u01b0\u1edbc khi \u0111\u00f3ng chai, kh\u00f4ng c\u1ea7n \u0111i\u1ec1u ch\u1ec9nh, l\u1ecdc ho\u1eb7c l\u00e0m trong.<\/p>\n<p>Little Wing Shiraz Noir Carbonic l\u00e0 s\u1ef1 pha tr\u1ed9n tuy\u1ec7t v\u1eddi nh\u1ea5t cho m\u00f9a h\u00e8 \u2013 s\u1ed1ng \u0111\u1ed9ng, ngon ng\u1ecdt v\u00e0 c\u1ef1c k\u1ef3 t\u01b0\u01a1i m\u00e1t \u2013 b\u1ea1n th\u1eadm ch\u00ed c\u00f3 th\u1ec3 d\u00f9ng l\u1ea1nh! Nh\u1eefng ch\u1ed3ng anh \u0111\u00e0o ch\u00edn m\u1ec1m, m\u1eadn v\u00e0 gia v\u1ecb, s\u1eafc th\u00e1i n\u00e2ng cao c\u1ee7a carbonic mang \u0111\u1ebfn h\u01b0\u01a1ng th\u01a1m k\u1ef3 l\u1ea1 v\u00e0 s\u1ef1 th\u00fa v\u1ecb cho v\u00f2m mi\u1ec7ng\u2026 trong \u0111\u00f3 c\u00f3 r\u1ea5t nhi\u1ec1u h\u01b0\u01a1ng v\u1ecb t\u1eeb \u0111\u1ea7u \u0111\u1ebfn cu\u1ed1i \u2013 \u0111\u1ed9 chua gi\u00f2n tan tr\u00ean m\u00f4i r\u1ea5t s\u1ea3ng kho\u00e1i, s\u1ebd khi\u1ebfn b\u1ea1n mu\u1ed1n quay l\u1ea1i \u0111\u1ec3 th\u01b0\u1edfng th\u1ee9c th\u00eam. K\u1ebft h\u1ee3p v\u1edbi m\u1ed9t chi\u1ebfc b\u00e1nh sandwich b\u00edt t\u1ebft tuy\u1ec7t v\u1eddi. Cho m\u1ed9t chai v\u00e0o gi\u1ecf \u0111\u1ef1ng \u0111\u1ed3 \u0103n d\u00e3 ngo\u1ea1i c\u1ee7a b\u1ea1n. Mang n\u00f3 \u0111\u1ebfn b\u1eefa ti\u1ec7c n\u01b0\u1edbng BBQ ti\u1ebfp theo c\u1ee7a b\u1ea1n b\u00e8. B\u1ea1n s\u1ebd vui v\u00ec \u0111\u00e3 l\u00e0m v\u1eady\u2026 h\u00e3y bay l\u00ean, Little Wing!<\/p>\n<h3>Nh\u00e0 s\u1ea3n xu\u1ea5t:<\/h3>\n<p>Ben Riggs, c\u1ed1 v\u1ea5n<\/p>\n<p>&nbsp;<\/p>\n<p>&nbsp;<\/p>","protected":false},"excerpt":{"rendered":"<p>Gi\u1ed1ng nh\u01b0 t\u1ea5t c\u1ea3 c\u00e1c lo\u1ea1i r\u01b0\u1ee3u c\u1ee7a th\u01b0\u01a1ng hi\u1ec7u Break Free, ch\u00fang t\u00f4i kh\u00f4ng g\u1ea1n l\u1ecdc v\u00e0 s\u1eed d\u1ee5ng l\u01b0\u1ee3ng sunphit t\u1ed1i thi\u1ec3u khi \u0111\u00f3ng chai \u0111\u1ec3 gi\u1eef cho r\u01b0\u1ee3u \u0111\u01b0\u1ee3c t\u01b0\u01a1i m\u1edbi v\u00e0 s\u1ed1ng \u0111\u1ed9ng.<\/p>\n<p>Chai r\u01b0\u1ee3u Little Wing Shiraz Noir Carbonic l\u00e0 s\u1ef1 k\u1ebft h\u1ee3p ho\u00e0n h\u1ea3o cho m\u00f9a h\u00e8 \u2013 s\u1ed1ng \u0111\u1ed9ng, ngon ng\u1ecdt v\u00e0 c\u1ef1c k\u1ef3 t\u01b0\u01a1i m\u00e1t \u2013 b\u1ea1n th\u1eadm ch\u00ed c\u00f3 th\u1ec3 d\u00f9ng l\u1ea1nh!<\/p>","protected":false},"featured_media":6600,"template":"","meta":{"_acf_changed":false},"product_brand":[],"product_cat":[87,93],"product_tag":[],"grape_varietal":[2477,2466],"wine_regions":[2416],"class_list":{"0":"post-6599","1":"product","2":"type-product","3":"status-publish","4":"has-post-thumbnail","6":"product_cat-red-wine","7":"product_cat-wine","8":"pa_brand-break-free","9":"grape_varietal-red","10":"grape_varietal-shiraz","11":"wine_regions-adelaide-hills","13":"first","14":"instock","15":"shipping-taxable","16":"product-type-simple"},"acf":[],"yoast_head":"<!-- This site is optimized with the Yoast SEO plugin v27.4 - https:\/\/yoast.com\/product\/yoast-seo-wordpress\/ -->\n<title>Break Free Little Wing Shiraz Noir Carbonic - Rada Wines<\/title>\n<meta name=\"robots\" content=\"index, follow, max-snippet:-1, max-image-preview:large, max-video-preview:-1\" \/>\n<link rel=\"canonical\" href=\"https:\/\/www.ilovewines.vn\/vi\/san-pham\/break-free-little-wing-shiraz-noir-carbonic\/\" \/>\n<meta property=\"og:locale\" content=\"vi_VN\" \/>\n<meta property=\"og:type\" content=\"article\" \/>\n<meta property=\"og:title\" content=\"Break Free Little Wing Shiraz Noir Carbonic - Rada Wines\" \/>\n<meta property=\"og:description\" content=\"Like all Break Free wines, there is no filtration or fining and minimal sulphur on bottling to keep the wine fresh and lively.  The Little Wing Shiraz Noir Carbonic is the ultimate summer mixup \u2013 vibrant, juicy and super fresh - you can even serve it chilled!\" \/>\n<meta property=\"og:url\" content=\"https:\/\/www.ilovewines.vn\/vi\/san-pham\/break-free-little-wing-shiraz-noir-carbonic\/\" \/>\n<meta property=\"og:site_name\" content=\"Rada Wines\" \/>\n<meta property=\"og:image\" content=\"https:\/\/www.ilovewines.vn\/wp-content\/uploads\/2024\/10\/2022-Clandestine-Break-Free-Little-Wing-Shiraz-Noir-Adelaide-Hills.jpg\" \/>\n\t<meta property=\"og:image:width\" content=\"667\" \/>\n\t<meta property=\"og:image:height\" content=\"700\" \/>\n\t<meta property=\"og:image:type\" content=\"image\/jpeg\" \/>\n<meta name=\"twitter:card\" content=\"summary_large_image\" \/>\n<meta name=\"twitter:label1\" content=\"\u01af\u1edbc t\u00ednh th\u1eddi gian \u0111\u1ecdc\" \/>\n\t<meta name=\"twitter:data1\" content=\"2 ph\u00fat\" \/>\n<script type=\"application\/ld+json\" class=\"yoast-schema-graph\">{\"@context\":\"https:\\\/\\\/schema.org\",\"@graph\":[{\"@type\":\"WebPage\",\"@id\":\"https:\\\/\\\/www.ilovewines.vn\\\/product\\\/break-free-little-wing-shiraz-noir-carbonic\\\/\",\"url\":\"https:\\\/\\\/www.ilovewines.vn\\\/product\\\/break-free-little-wing-shiraz-noir-carbonic\\\/\",\"name\":\"Break Free Little Wing Shiraz Noir Carbonic - Rada Wines\",\"isPartOf\":{\"@id\":\"https:\\\/\\\/www.ilovewines.vn\\\/#website\"},\"primaryImageOfPage\":{\"@id\":\"https:\\\/\\\/www.ilovewines.vn\\\/product\\\/break-free-little-wing-shiraz-noir-carbonic\\\/#primaryimage\"},\"image\":{\"@id\":\"https:\\\/\\\/www.ilovewines.vn\\\/product\\\/break-free-little-wing-shiraz-noir-carbonic\\\/#primaryimage\"},\"thumbnailUrl\":\"https:\\\/\\\/www.ilovewines.vn\\\/wp-content\\\/uploads\\\/2024\\\/10\\\/2022-Clandestine-Break-Free-Little-Wing-Shiraz-Noir-Adelaide-Hills.jpg\",\"datePublished\":\"2024-10-28T10:24:36+00:00\",\"breadcrumb\":{\"@id\":\"https:\\\/\\\/www.ilovewines.vn\\\/product\\\/break-free-little-wing-shiraz-noir-carbonic\\\/#breadcrumb\"},\"inLanguage\":\"vi\",\"potentialAction\":[{\"@type\":\"ReadAction\",\"target\":[\"https:\\\/\\\/www.ilovewines.vn\\\/product\\\/break-free-little-wing-shiraz-noir-carbonic\\\/\"]}]},{\"@type\":\"ImageObject\",\"inLanguage\":\"vi\",\"@id\":\"https:\\\/\\\/www.ilovewines.vn\\\/product\\\/break-free-little-wing-shiraz-noir-carbonic\\\/#primaryimage\",\"url\":\"https:\\\/\\\/www.ilovewines.vn\\\/wp-content\\\/uploads\\\/2024\\\/10\\\/2022-Clandestine-Break-Free-Little-Wing-Shiraz-Noir-Adelaide-Hills.jpg\",\"contentUrl\":\"https:\\\/\\\/www.ilovewines.vn\\\/wp-content\\\/uploads\\\/2024\\\/10\\\/2022-Clandestine-Break-Free-Little-Wing-Shiraz-Noir-Adelaide-Hills.jpg\",\"width\":667,\"height\":700},{\"@type\":\"BreadcrumbList\",\"@id\":\"https:\\\/\\\/www.ilovewines.vn\\\/product\\\/break-free-little-wing-shiraz-noir-carbonic\\\/#breadcrumb\",\"itemListElement\":[{\"@type\":\"ListItem\",\"position\":1,\"name\":\"Home\",\"item\":\"https:\\\/\\\/www.ilovewines.vn\\\/\"},{\"@type\":\"ListItem\",\"position\":2,\"name\":\"Catalogue\",\"item\":\"https:\\\/\\\/www.ilovewines.vn\\\/catalogue\\\/\"},{\"@type\":\"ListItem\",\"position\":3,\"name\":\"Break Free Little Wing Shiraz Noir Carbonic\"}]},{\"@type\":\"WebSite\",\"@id\":\"https:\\\/\\\/www.ilovewines.vn\\\/#website\",\"url\":\"https:\\\/\\\/www.ilovewines.vn\\\/\",\"name\":\"Rada Wines\",\"description\":\"Just another WordPress site\",\"publisher\":{\"@id\":\"https:\\\/\\\/www.ilovewines.vn\\\/#organization\"},\"potentialAction\":[{\"@type\":\"SearchAction\",\"target\":{\"@type\":\"EntryPoint\",\"urlTemplate\":\"https:\\\/\\\/www.ilovewines.vn\\\/?s={search_term_string}\"},\"query-input\":{\"@type\":\"PropertyValueSpecification\",\"valueRequired\":true,\"valueName\":\"search_term_string\"}}],\"inLanguage\":\"vi\"},{\"@type\":\"Organization\",\"@id\":\"https:\\\/\\\/www.ilovewines.vn\\\/#organization\",\"name\":\"Rada Wines\",\"url\":\"https:\\\/\\\/www.ilovewines.vn\\\/\",\"logo\":{\"@type\":\"ImageObject\",\"inLanguage\":\"vi\",\"@id\":\"https:\\\/\\\/www.ilovewines.vn\\\/#\\\/schema\\\/logo\\\/image\\\/\",\"url\":\"https:\\\/\\\/www.ilovewines.vn\\\/wp-content\\\/uploads\\\/2022\\\/06\\\/cropped-162574230_380766779846763_4426584222903300096_n.jpg\",\"contentUrl\":\"https:\\\/\\\/www.ilovewines.vn\\\/wp-content\\\/uploads\\\/2022\\\/06\\\/cropped-162574230_380766779846763_4426584222903300096_n.jpg\",\"width\":320,\"height\":206,\"caption\":\"Rada Wines\"},\"image\":{\"@id\":\"https:\\\/\\\/www.ilovewines.vn\\\/#\\\/schema\\\/logo\\\/image\\\/\"}}]}<\/script>\n<!-- \/ Yoast SEO plugin. -->","yoast_head_json":{"title":"Break Free Little Wing Shiraz Noir Carbonic - Rada Wines","robots":{"index":"index","follow":"follow","max-snippet":"max-snippet:-1","max-image-preview":"max-image-preview:large","max-video-preview":"max-video-preview:-1"},"canonical":"https:\/\/www.ilovewines.vn\/vi\/san-pham\/break-free-little-wing-shiraz-noir-carbonic\/","og_locale":"vi_VN","og_type":"article","og_title":"Break Free Little Wing Shiraz Noir Carbonic - Rada Wines","og_description":"Like all Break Free wines, there is no filtration or fining and minimal sulphur on bottling to keep the wine fresh and lively.  The Little Wing Shiraz Noir Carbonic is the ultimate summer mixup \u2013 vibrant, juicy and super fresh - you can even serve it chilled!","og_url":"https:\/\/www.ilovewines.vn\/vi\/san-pham\/break-free-little-wing-shiraz-noir-carbonic\/","og_site_name":"Rada Wines","og_image":[{"width":667,"height":700,"url":"https:\/\/www.ilovewines.vn\/wp-content\/uploads\/2024\/10\/2022-Clandestine-Break-Free-Little-Wing-Shiraz-Noir-Adelaide-Hills.jpg","type":"image\/jpeg"}],"twitter_card":"summary_large_image","twitter_misc":{"\u01af\u1edbc t\u00ednh th\u1eddi gian \u0111\u1ecdc":"2 ph\u00fat"},"schema":{"@context":"https:\/\/schema.org","@graph":[{"@type":"WebPage","@id":"https:\/\/www.ilovewines.vn\/product\/break-free-little-wing-shiraz-noir-carbonic\/","url":"https:\/\/www.ilovewines.vn\/product\/break-free-little-wing-shiraz-noir-carbonic\/","name":"Break Free Little Wing Shiraz Noir Carbonic - Rada Wines","isPartOf":{"@id":"https:\/\/www.ilovewines.vn\/#website"},"primaryImageOfPage":{"@id":"https:\/\/www.ilovewines.vn\/product\/break-free-little-wing-shiraz-noir-carbonic\/#primaryimage"},"image":{"@id":"https:\/\/www.ilovewines.vn\/product\/break-free-little-wing-shiraz-noir-carbonic\/#primaryimage"},"thumbnailUrl":"https:\/\/www.ilovewines.vn\/wp-content\/uploads\/2024\/10\/2022-Clandestine-Break-Free-Little-Wing-Shiraz-Noir-Adelaide-Hills.jpg","datePublished":"2024-10-28T10:24:36+00:00","breadcrumb":{"@id":"https:\/\/www.ilovewines.vn\/product\/break-free-little-wing-shiraz-noir-carbonic\/#breadcrumb"},"inLanguage":"vi","potentialAction":[{"@type":"ReadAction","target":["https:\/\/www.ilovewines.vn\/product\/break-free-little-wing-shiraz-noir-carbonic\/"]}]},{"@type":"ImageObject","inLanguage":"vi","@id":"https:\/\/www.ilovewines.vn\/product\/break-free-little-wing-shiraz-noir-carbonic\/#primaryimage","url":"https:\/\/www.ilovewines.vn\/wp-content\/uploads\/2024\/10\/2022-Clandestine-Break-Free-Little-Wing-Shiraz-Noir-Adelaide-Hills.jpg","contentUrl":"https:\/\/www.ilovewines.vn\/wp-content\/uploads\/2024\/10\/2022-Clandestine-Break-Free-Little-Wing-Shiraz-Noir-Adelaide-Hills.jpg","width":667,"height":700},{"@type":"BreadcrumbList","@id":"https:\/\/www.ilovewines.vn\/product\/break-free-little-wing-shiraz-noir-carbonic\/#breadcrumb","itemListElement":[{"@type":"ListItem","position":1,"name":"Home","item":"https:\/\/www.ilovewines.vn\/"},{"@type":"ListItem","position":2,"name":"Catalogue","item":"https:\/\/www.ilovewines.vn\/catalogue\/"},{"@type":"ListItem","position":3,"name":"Break Free Little Wing Shiraz Noir Carbonic"}]},{"@type":"WebSite","@id":"https:\/\/www.ilovewines.vn\/#website","url":"https:\/\/www.ilovewines.vn\/","name":"Rada Wines","description":"Just another WordPress site","publisher":{"@id":"https:\/\/www.ilovewines.vn\/#organization"},"potentialAction":[{"@type":"SearchAction","target":{"@type":"EntryPoint","urlTemplate":"https:\/\/www.ilovewines.vn\/?s={search_term_string}"},"query-input":{"@type":"PropertyValueSpecification","valueRequired":true,"valueName":"search_term_string"}}],"inLanguage":"vi"},{"@type":"Organization","@id":"https:\/\/www.ilovewines.vn\/#organization","name":"Rada Wines","url":"https:\/\/www.ilovewines.vn\/","logo":{"@type":"ImageObject","inLanguage":"vi","@id":"https:\/\/www.ilovewines.vn\/#\/schema\/logo\/image\/","url":"https:\/\/www.ilovewines.vn\/wp-content\/uploads\/2022\/06\/cropped-162574230_380766779846763_4426584222903300096_n.jpg","contentUrl":"https:\/\/www.ilovewines.vn\/wp-content\/uploads\/2022\/06\/cropped-162574230_380766779846763_4426584222903300096_n.jpg","width":320,"height":206,"caption":"Rada Wines"},"image":{"@id":"https:\/\/www.ilovewines.vn\/#\/schema\/logo\/image\/"}}]}},"_links":{"self":[{"href":"https:\/\/www.ilovewines.vn\/vi\/wp-json\/wp\/v2\/product\/6599","targetHints":{"allow":["GET"]}}],"collection":[{"href":"https:\/\/www.ilovewines.vn\/vi\/wp-json\/wp\/v2\/product"}],"about":[{"href":"https:\/\/www.ilovewines.vn\/vi\/wp-json\/wp\/v2\/types\/product"}],"version-history":[{"count":1,"href":"https:\/\/www.ilovewines.vn\/vi\/wp-json\/wp\/v2\/product\/6599\/revisions"}],"predecessor-version":[{"id":6601,"href":"https:\/\/www.ilovewines.vn\/vi\/wp-json\/wp\/v2\/product\/6599\/revisions\/6601"}],"wp:featuredmedia":[{"embeddable":true,"href":"https:\/\/www.ilovewines.vn\/vi\/wp-json\/wp\/v2\/media\/6600"}],"wp:attachment":[{"href":"https:\/\/www.ilovewines.vn\/vi\/wp-json\/wp\/v2\/media?parent=6599"}],"wp:term":[{"taxonomy":"product_brand","embeddable":true,"href":"https:\/\/www.ilovewines.vn\/vi\/wp-json\/wp\/v2\/product_brand?post=6599"},{"taxonomy":"product_cat","embeddable":true,"href":"https:\/\/www.ilovewines.vn\/vi\/wp-json\/wp\/v2\/product_cat?post=6599"},{"taxonomy":"product_tag","embeddable":true,"href":"https:\/\/www.ilovewines.vn\/vi\/wp-json\/wp\/v2\/product_tag?post=6599"},{"taxonomy":"grape_varietal","embeddable":true,"href":"https:\/\/www.ilovewines.vn\/vi\/wp-json\/wp\/v2\/grape_varietal?post=6599"},{"taxonomy":"wine_regions","embeddable":true,"href":"https:\/\/www.ilovewines.vn\/vi\/wp-json\/wp\/v2\/wine_regions?post=6599"}],"curies":[{"name":"wp","href":"https:\/\/api.w.org\/{rel}","templated":true}]}}