{"id":6604,"date":"2024-10-29T18:48:12","date_gmt":"2024-10-30T00:48:12","guid":{"rendered":"https:\/\/www.ilovewines.vn\/?post_type=product&#038;p=6604"},"modified":"2024-10-29T18:48:12","modified_gmt":"2024-10-30T00:48:12","slug":"kilikanoon-prodigal-grenache","status":"publish","type":"product","link":"https:\/\/www.ilovewines.vn\/vi\/product\/kilikanoon-prodigal-grenache\/","title":{"rendered":"Kilikanoon Prodigal Grenache"},"content":{"rendered":"<h4>Place:<\/h4>\n<p>C\u00f3 ngu\u1ed3n g\u1ed1c ho\u00e0n to\u00e0n t\u1eeb ti\u1ec3u v\u00f9ng Watervale, Thung l\u0169ng Clare.<\/p>\n<p>Nho c\u1ee7a ch\u00fang t\u00f4i \u0111\u01b0\u1ee3c tr\u1ed3ng tr\u00ean \u0111\u1ea5t v\u00f9ng Ngadjuri.<\/p>\n<h4>NI\u00caN V\u1ee4 2018<\/h4>\n<p>M\u1ed9t m\u00f9a thu kh\u00f4 r\u00e1o, m\u00e1t m\u1ebb v\u00e0o n\u0103m 2021 d\u1eabn \u0111\u1ebfn nh\u1eefng c\u01a1n m\u01b0a m\u00f9a \u0111\u00f4ng t\u1ed1t. M\u00f9a xu\u00e2n r\u01a1i tr\u00ean m\u1ee9c trung b\u00ecnh \u0111\u00e3 nh\u01b0\u1eddng ch\u1ed7 cho m\u1ed9t m\u00f9a h\u00e8 kh\u00f4 r\u00e1o, r\u1ea5t m\u00e1t m\u1ebb v\u00e0o n\u0103m 2022. Nh\u1eefng \u0111i\u1ec1u ki\u1ec7n n\u00e0y l\u00e0m ch\u1eadm qu\u00e1 tr\u00ecnh ch\u00edn c\u1ee7a nho, mang l\u1ea1i h\u01b0\u01a1ng v\u1ecb tr\u1ecdn v\u1eb9n v\u00e0 \u0111\u1ed9 axit t\u1ef1 nhi\u00ean t\u1ed1t. C\u00e1c \u0111i\u1ec1u ki\u1ec7n t\u1ed5ng th\u1ec3 g\u1ee3i nh\u1edb \u0111\u1ebfn nh\u1eefng g\u00ec \u0111\u00e3 th\u1ea5y c\u00e1ch \u0111\u00e2y m\u1ed9t th\u1eadp k\u1ef7, l\u00fd t\u01b0\u1edfng cho s\u1ef1 \u0111a d\u1ea1ng, khi\u1ebfn n\u00f3 tr\u1edf th\u00e0nh m\u1ed9t lo\u1ea1i r\u01b0\u1ee3u c\u1ed5 \u0111i\u1ec3n hi\u1ebfm hoi c\u00f3 s\u1ed1 l\u01b0\u1ee3ng t\u1ed1t v\u00e0 ch\u1ea5t l\u01b0\u1ee3ng v\u01b0\u1ee3t tr\u1ed9i.<\/p>\n<h4>S\u1ea3n xu\u1ea5t:<\/h4>\n<p>Grenache t\u1eeb nh\u1eefng v\u01b0\u1eddn nho tr\u1ed3ng kh\u00f4, n\u0103ng su\u1ea5t th\u1ea5p, c\u0169 trong ti\u1ec3u v\u00f9ng Watervale c\u1ee7a Thung l\u0169ng Clare \u0111\u01b0\u1ee3c \u1ee7 ri\u00eang bi\u1ec7t v\u00e0 \u00e9p nh\u1eb9 nh\u00e0ng v\u00e0o gi\u1ecf. C\u00e1c b\u01b0u ki\u1ec7n v\u1eabn \u0111\u01b0\u1ee3c t\u00e1ch ri\u00eang cho \u0111\u1ebfn khi r\u01b0\u1ee3u cu\u1ed1i c\u00f9ng \u0111\u01b0\u1ee3c t\u1eadp h\u1ee3p l\u1ea1i. Qu\u00e1 tr\u00ecnh \u1ee7 r\u01b0\u1ee3u trong qu\u00e1 tr\u00ecnh ch\u1ecdn l\u1ecdc t\u1eeb g\u1ed7 s\u1ed3i Ph\u00e1p d\u00e0y d\u1eb7n trong ch\u00edn th\u00e1ng mang l\u1ea1i s\u1ef1 m\u1ec1m m\u1ea1i v\u00e0 sang tr\u1ecdng cho v\u00f2m mi\u1ec7ng m\u01b0\u1ee3t m\u00e0 sang tr\u1ecdng.<\/p>\n<p><strong>M\u00e0u s\u1eafc:<\/strong>: M\u00e0u \u0111\u1ecf anh \u0111\u00e0o \u0111\u1eadm.<\/p>\n<p><strong>Kh\u1ee9u gi\u00e1c<\/strong>: H\u1ee3p ch\u1ea5t qu\u1ea3 m\u1ecdng \u0111\u1ecf t\u01b0\u01a1i v\u00e0 h\u01b0\u01a1ng gia v\u1ecb m\u1ec1m m\u1ea1i.<\/p>\n<p><strong>V\u1ecb gi\u00e1c<\/strong>: Phong ph\u00fa v\u00e0 bao b\u1ecdc, r\u01b0\u1ee3u l\u1ea5p \u0111\u1ea7y v\u00f2m mi\u1ec7ng trong khi v\u1eabn nh\u1eb9 nh\u00e0ng v\u00e0 t\u01b0\u01a1i m\u00e1t. H\u01b0\u01a1ng v\u1ecb c\u1ee7a qu\u1ea3 m\u00e2m x\u00f4i chua t\u01b0\u01a1i t\u01b0\u01a1i s\u00e1ng v\u00e0 \u0111\u01b0\u1ee3c h\u1ed7 tr\u1ee3 b\u1edfi l\u00f5i c\u1ee7a qu\u1ea3 m\u1ecdng v\u00e0 m\u1eadn s\u1eabm m\u00e0u h\u01a1n. Tannin m\u01b0\u1ee3t m\u00e0 g\u1ee3i nh\u1edb \u0111\u1ebfn v\u1ecb g\u1ed7 s\u1ed3i Ph\u00e1p li\u1ec1n m\u1ea1ch c\u00e0ng l\u00e0m t\u0103ng th\u00eam chi\u1ec1u d\u00e0i khi h\u00f2a tan nh\u1eb9 nh\u00e0ng tr\u00ean k\u1ebft th\u00fac h\u00e0i l\u00f2ng.<\/p>\n<p><strong>Ph\u00e2n t\u00edch<\/strong>: \u0110\u1ed9 c\u1ed3n: 14.0% Axit: 5.1 g\/L<\/p>\n<p><strong>Ch\u1ebf t\u00e1c r\u01b0\u1ee3u:<\/strong>: Peter Warr<\/p>\n<p>L\u1ea7n th\u1eed cu\u1ed1i c\u00f9ng: ng\u00e0y 16 th\u00e1ng 8 n\u0103m 2024<\/p>\n<p><strong>C\u1ea5t tr\u1eef:<\/strong>: T\u1eeb gi\u1edd \u0111\u1ebfn n\u0103m 2035<\/p>\n<p>&nbsp;<\/p>\n<p>&nbsp;<\/p>","protected":false},"excerpt":{"rendered":"<p>Gi\u1ed1ng nh\u01b0 c\u00e2u chuy\u1ec7n v\u1ec1 \u0111\u1ee9a con hoang \u0111\u00e0ng tr\u1edf v\u1ec1 v\u1edbi gia \u0111\u00ecnh, \u0111\u01b0\u1ee3c ch\u00e0o \u0111\u00f3n v\u1edbi v\u00f2ng tay r\u1ed9ng m\u1edf, \u0111\u00f3 l\u00e0 s\u1ef1 tr\u1edf l\u1ea1i c\u1ee7a Grenache trong t\u00e2m th\u1ee9c v\u00e0 kh\u1ea9u v\u1ecb c\u1ee7a nh\u1eefng ng\u01b0\u1eddi y\u00eau r\u01b0\u1ee3u vang tr\u00ean to\u00e0n th\u1ebf gi\u1edbi. Grenache t\u1eeb l\u00e2u \u0111\u00e3 l\u00e0 gi\u1ed1ng \u0111\u1eb7c tr\u01b0ng trong r\u01b0\u1ee3u vang \u00dac. Ban \u0111\u1ea7u \u0111\u01b0\u1ee3c tr\u1ed3ng \u0111\u1ec3 s\u1ea3n xu\u1ea5t r\u01b0\u1ee3u vang t\u0103ng c\u01b0\u1eddng, th\u1eddi k\u1ef3 ph\u1ee5c h\u01b0ng c\u1ee7a Grenache nh\u01b0 m\u1ed9t lo\u1ea1i r\u01b0\u1ee3u vang \u0111\u01b0\u1ee3c \u01b0a chu\u1ed9ng v\u1eabn ti\u1ebfp t\u1ee5c. Prodigal Grenache l\u00e0 m\u1ed9t trong b\u1ed1n lo\u1ea1i r\u01b0\u1ee3u vang \u0111\u1ea7u ti\u00ean \u0111\u01b0\u1ee3c s\u1ea3n xu\u1ea5t v\u00e0o n\u0103m 1997 v\u00e0 c\u00f3 ngu\u1ed3n g\u1ed1c t\u1eeb m\u1ed9t v\u01b0\u1eddn nho duy nh\u1ea5t \u1edf Leasingham.<\/p>","protected":false},"featured_media":6605,"template":"","meta":{"_acf_changed":false},"product_brand":[],"product_cat":[87,93],"product_tag":[],"grape_varietal":[2470,2477],"wine_regions":[2418],"class_list":{"0":"post-6604","1":"product","2":"type-product","3":"status-publish","4":"has-post-thumbnail","6":"product_cat-red-wine","7":"product_cat-wine","8":"pa_brand-kilikanoon","9":"grape_varietal-grenache","10":"grape_varietal-red","11":"wine_regions-clare-valley","13":"first","14":"instock","15":"shipping-taxable","16":"product-type-simple"},"acf":[],"yoast_head":"<!-- This site is optimized with the Yoast SEO plugin v27.4 - https:\/\/yoast.com\/product\/yoast-seo-wordpress\/ -->\n<title>Kilikanoon Prodigal Grenache - Rada Wines<\/title>\n<meta name=\"robots\" content=\"index, follow, max-snippet:-1, max-image-preview:large, max-video-preview:-1\" \/>\n<link rel=\"canonical\" href=\"https:\/\/www.ilovewines.vn\/vi\/san-pham\/kilikanoon-prodigal-grenache\/\" \/>\n<meta property=\"og:locale\" content=\"vi_VN\" \/>\n<meta property=\"og:type\" content=\"article\" \/>\n<meta property=\"og:title\" content=\"Kilikanoon Prodigal Grenache - Rada Wines\" \/>\n<meta property=\"og:description\" content=\"Like the story of the prodigal son who returned to his family, welcomed with opened arms, such is the return of Grenache to the consciousness and palates of wine lovers around the world. Grenache has long been a workhorse variety in Australian wine. Originally planted to produce fortified wine, Grenaches renaissance as a desired table wine continues. Prodigal Grenache was one of the first four wines made back in 1997 and sourced from a single vineyard in Leasingham.\" \/>\n<meta property=\"og:url\" content=\"https:\/\/www.ilovewines.vn\/vi\/san-pham\/kilikanoon-prodigal-grenache\/\" \/>\n<meta property=\"og:site_name\" content=\"Rada Wines\" \/>\n<meta property=\"og:image\" content=\"https:\/\/www.ilovewines.vn\/wp-content\/uploads\/2024\/10\/NV-Kilikanoon-Prodigal-Grenache-scaled.jpg\" \/>\n\t<meta property=\"og:image:width\" content=\"740\" \/>\n\t<meta property=\"og:image:height\" content=\"2560\" \/>\n\t<meta property=\"og:image:type\" content=\"image\/jpeg\" \/>\n<meta name=\"twitter:card\" content=\"summary_large_image\" \/>\n<meta name=\"twitter:label1\" content=\"\u01af\u1edbc t\u00ednh th\u1eddi gian \u0111\u1ecdc\" \/>\n\t<meta name=\"twitter:data1\" content=\"2 ph\u00fat\" \/>\n<script type=\"application\/ld+json\" class=\"yoast-schema-graph\">{\"@context\":\"https:\\\/\\\/schema.org\",\"@graph\":[{\"@type\":\"WebPage\",\"@id\":\"https:\\\/\\\/www.ilovewines.vn\\\/product\\\/kilikanoon-prodigal-grenache\\\/\",\"url\":\"https:\\\/\\\/www.ilovewines.vn\\\/product\\\/kilikanoon-prodigal-grenache\\\/\",\"name\":\"Kilikanoon Prodigal Grenache - Rada Wines\",\"isPartOf\":{\"@id\":\"https:\\\/\\\/www.ilovewines.vn\\\/#website\"},\"primaryImageOfPage\":{\"@id\":\"https:\\\/\\\/www.ilovewines.vn\\\/product\\\/kilikanoon-prodigal-grenache\\\/#primaryimage\"},\"image\":{\"@id\":\"https:\\\/\\\/www.ilovewines.vn\\\/product\\\/kilikanoon-prodigal-grenache\\\/#primaryimage\"},\"thumbnailUrl\":\"https:\\\/\\\/www.ilovewines.vn\\\/wp-content\\\/uploads\\\/2024\\\/10\\\/NV-Kilikanoon-Prodigal-Grenache-scaled.jpg\",\"datePublished\":\"2024-10-30T00:48:12+00:00\",\"breadcrumb\":{\"@id\":\"https:\\\/\\\/www.ilovewines.vn\\\/product\\\/kilikanoon-prodigal-grenache\\\/#breadcrumb\"},\"inLanguage\":\"vi\",\"potentialAction\":[{\"@type\":\"ReadAction\",\"target\":[\"https:\\\/\\\/www.ilovewines.vn\\\/product\\\/kilikanoon-prodigal-grenache\\\/\"]}]},{\"@type\":\"ImageObject\",\"inLanguage\":\"vi\",\"@id\":\"https:\\\/\\\/www.ilovewines.vn\\\/product\\\/kilikanoon-prodigal-grenache\\\/#primaryimage\",\"url\":\"https:\\\/\\\/www.ilovewines.vn\\\/wp-content\\\/uploads\\\/2024\\\/10\\\/NV-Kilikanoon-Prodigal-Grenache-scaled.jpg\",\"contentUrl\":\"https:\\\/\\\/www.ilovewines.vn\\\/wp-content\\\/uploads\\\/2024\\\/10\\\/NV-Kilikanoon-Prodigal-Grenache-scaled.jpg\",\"width\":740,\"height\":2560,\"caption\":\"Bottle photography as refined as your wine by CSP Creative\"},{\"@type\":\"BreadcrumbList\",\"@id\":\"https:\\\/\\\/www.ilovewines.vn\\\/product\\\/kilikanoon-prodigal-grenache\\\/#breadcrumb\",\"itemListElement\":[{\"@type\":\"ListItem\",\"position\":1,\"name\":\"Home\",\"item\":\"https:\\\/\\\/www.ilovewines.vn\\\/\"},{\"@type\":\"ListItem\",\"position\":2,\"name\":\"Catalogue\",\"item\":\"https:\\\/\\\/www.ilovewines.vn\\\/catalogue\\\/\"},{\"@type\":\"ListItem\",\"position\":3,\"name\":\"Kilikanoon Prodigal Grenache\"}]},{\"@type\":\"WebSite\",\"@id\":\"https:\\\/\\\/www.ilovewines.vn\\\/#website\",\"url\":\"https:\\\/\\\/www.ilovewines.vn\\\/\",\"name\":\"Rada Wines\",\"description\":\"Just another WordPress site\",\"publisher\":{\"@id\":\"https:\\\/\\\/www.ilovewines.vn\\\/#organization\"},\"potentialAction\":[{\"@type\":\"SearchAction\",\"target\":{\"@type\":\"EntryPoint\",\"urlTemplate\":\"https:\\\/\\\/www.ilovewines.vn\\\/?s={search_term_string}\"},\"query-input\":{\"@type\":\"PropertyValueSpecification\",\"valueRequired\":true,\"valueName\":\"search_term_string\"}}],\"inLanguage\":\"vi\"},{\"@type\":\"Organization\",\"@id\":\"https:\\\/\\\/www.ilovewines.vn\\\/#organization\",\"name\":\"Rada Wines\",\"url\":\"https:\\\/\\\/www.ilovewines.vn\\\/\",\"logo\":{\"@type\":\"ImageObject\",\"inLanguage\":\"vi\",\"@id\":\"https:\\\/\\\/www.ilovewines.vn\\\/#\\\/schema\\\/logo\\\/image\\\/\",\"url\":\"https:\\\/\\\/www.ilovewines.vn\\\/wp-content\\\/uploads\\\/2022\\\/06\\\/cropped-162574230_380766779846763_4426584222903300096_n.jpg\",\"contentUrl\":\"https:\\\/\\\/www.ilovewines.vn\\\/wp-content\\\/uploads\\\/2022\\\/06\\\/cropped-162574230_380766779846763_4426584222903300096_n.jpg\",\"width\":320,\"height\":206,\"caption\":\"Rada Wines\"},\"image\":{\"@id\":\"https:\\\/\\\/www.ilovewines.vn\\\/#\\\/schema\\\/logo\\\/image\\\/\"}}]}<\/script>\n<!-- \/ Yoast SEO plugin. -->","yoast_head_json":{"title":"Kilikanoon Prodigal Grenache - Rada Wines","robots":{"index":"index","follow":"follow","max-snippet":"max-snippet:-1","max-image-preview":"max-image-preview:large","max-video-preview":"max-video-preview:-1"},"canonical":"https:\/\/www.ilovewines.vn\/vi\/san-pham\/kilikanoon-prodigal-grenache\/","og_locale":"vi_VN","og_type":"article","og_title":"Kilikanoon Prodigal Grenache - Rada Wines","og_description":"Like the story of the prodigal son who returned to his family, welcomed with opened arms, such is the return of Grenache to the consciousness and palates of wine lovers around the world. Grenache has long been a workhorse variety in Australian wine. Originally planted to produce fortified wine, Grenaches renaissance as a desired table wine continues. Prodigal Grenache was one of the first four wines made back in 1997 and sourced from a single vineyard in Leasingham.","og_url":"https:\/\/www.ilovewines.vn\/vi\/san-pham\/kilikanoon-prodigal-grenache\/","og_site_name":"Rada Wines","og_image":[{"width":740,"height":2560,"url":"https:\/\/www.ilovewines.vn\/wp-content\/uploads\/2024\/10\/NV-Kilikanoon-Prodigal-Grenache-scaled.jpg","type":"image\/jpeg"}],"twitter_card":"summary_large_image","twitter_misc":{"\u01af\u1edbc t\u00ednh th\u1eddi gian \u0111\u1ecdc":"2 ph\u00fat"},"schema":{"@context":"https:\/\/schema.org","@graph":[{"@type":"WebPage","@id":"https:\/\/www.ilovewines.vn\/product\/kilikanoon-prodigal-grenache\/","url":"https:\/\/www.ilovewines.vn\/product\/kilikanoon-prodigal-grenache\/","name":"Kilikanoon Prodigal Grenache - Rada Wines","isPartOf":{"@id":"https:\/\/www.ilovewines.vn\/#website"},"primaryImageOfPage":{"@id":"https:\/\/www.ilovewines.vn\/product\/kilikanoon-prodigal-grenache\/#primaryimage"},"image":{"@id":"https:\/\/www.ilovewines.vn\/product\/kilikanoon-prodigal-grenache\/#primaryimage"},"thumbnailUrl":"https:\/\/www.ilovewines.vn\/wp-content\/uploads\/2024\/10\/NV-Kilikanoon-Prodigal-Grenache-scaled.jpg","datePublished":"2024-10-30T00:48:12+00:00","breadcrumb":{"@id":"https:\/\/www.ilovewines.vn\/product\/kilikanoon-prodigal-grenache\/#breadcrumb"},"inLanguage":"vi","potentialAction":[{"@type":"ReadAction","target":["https:\/\/www.ilovewines.vn\/product\/kilikanoon-prodigal-grenache\/"]}]},{"@type":"ImageObject","inLanguage":"vi","@id":"https:\/\/www.ilovewines.vn\/product\/kilikanoon-prodigal-grenache\/#primaryimage","url":"https:\/\/www.ilovewines.vn\/wp-content\/uploads\/2024\/10\/NV-Kilikanoon-Prodigal-Grenache-scaled.jpg","contentUrl":"https:\/\/www.ilovewines.vn\/wp-content\/uploads\/2024\/10\/NV-Kilikanoon-Prodigal-Grenache-scaled.jpg","width":740,"height":2560,"caption":"Bottle photography as refined as your wine by CSP Creative"},{"@type":"BreadcrumbList","@id":"https:\/\/www.ilovewines.vn\/product\/kilikanoon-prodigal-grenache\/#breadcrumb","itemListElement":[{"@type":"ListItem","position":1,"name":"Home","item":"https:\/\/www.ilovewines.vn\/"},{"@type":"ListItem","position":2,"name":"Catalogue","item":"https:\/\/www.ilovewines.vn\/catalogue\/"},{"@type":"ListItem","position":3,"name":"Kilikanoon Prodigal Grenache"}]},{"@type":"WebSite","@id":"https:\/\/www.ilovewines.vn\/#website","url":"https:\/\/www.ilovewines.vn\/","name":"Rada Wines","description":"Just another WordPress site","publisher":{"@id":"https:\/\/www.ilovewines.vn\/#organization"},"potentialAction":[{"@type":"SearchAction","target":{"@type":"EntryPoint","urlTemplate":"https:\/\/www.ilovewines.vn\/?s={search_term_string}"},"query-input":{"@type":"PropertyValueSpecification","valueRequired":true,"valueName":"search_term_string"}}],"inLanguage":"vi"},{"@type":"Organization","@id":"https:\/\/www.ilovewines.vn\/#organization","name":"Rada Wines","url":"https:\/\/www.ilovewines.vn\/","logo":{"@type":"ImageObject","inLanguage":"vi","@id":"https:\/\/www.ilovewines.vn\/#\/schema\/logo\/image\/","url":"https:\/\/www.ilovewines.vn\/wp-content\/uploads\/2022\/06\/cropped-162574230_380766779846763_4426584222903300096_n.jpg","contentUrl":"https:\/\/www.ilovewines.vn\/wp-content\/uploads\/2022\/06\/cropped-162574230_380766779846763_4426584222903300096_n.jpg","width":320,"height":206,"caption":"Rada Wines"},"image":{"@id":"https:\/\/www.ilovewines.vn\/#\/schema\/logo\/image\/"}}]}},"_links":{"self":[{"href":"https:\/\/www.ilovewines.vn\/vi\/wp-json\/wp\/v2\/product\/6604","targetHints":{"allow":["GET"]}}],"collection":[{"href":"https:\/\/www.ilovewines.vn\/vi\/wp-json\/wp\/v2\/product"}],"about":[{"href":"https:\/\/www.ilovewines.vn\/vi\/wp-json\/wp\/v2\/types\/product"}],"version-history":[{"count":1,"href":"https:\/\/www.ilovewines.vn\/vi\/wp-json\/wp\/v2\/product\/6604\/revisions"}],"predecessor-version":[{"id":6606,"href":"https:\/\/www.ilovewines.vn\/vi\/wp-json\/wp\/v2\/product\/6604\/revisions\/6606"}],"wp:featuredmedia":[{"embeddable":true,"href":"https:\/\/www.ilovewines.vn\/vi\/wp-json\/wp\/v2\/media\/6605"}],"wp:attachment":[{"href":"https:\/\/www.ilovewines.vn\/vi\/wp-json\/wp\/v2\/media?parent=6604"}],"wp:term":[{"taxonomy":"product_brand","embeddable":true,"href":"https:\/\/www.ilovewines.vn\/vi\/wp-json\/wp\/v2\/product_brand?post=6604"},{"taxonomy":"product_cat","embeddable":true,"href":"https:\/\/www.ilovewines.vn\/vi\/wp-json\/wp\/v2\/product_cat?post=6604"},{"taxonomy":"product_tag","embeddable":true,"href":"https:\/\/www.ilovewines.vn\/vi\/wp-json\/wp\/v2\/product_tag?post=6604"},{"taxonomy":"grape_varietal","embeddable":true,"href":"https:\/\/www.ilovewines.vn\/vi\/wp-json\/wp\/v2\/grape_varietal?post=6604"},{"taxonomy":"wine_regions","embeddable":true,"href":"https:\/\/www.ilovewines.vn\/vi\/wp-json\/wp\/v2\/wine_regions?post=6604"}],"curies":[{"name":"wp","href":"https:\/\/api.w.org\/{rel}","templated":true}]}}