{"id":6643,"date":"2024-12-18T17:59:21","date_gmt":"2024-12-19T00:59:21","guid":{"rendered":"https:\/\/www.ilovewines.vn\/?post_type=product&#038;p=6643"},"modified":"2025-12-18T20:39:52","modified_gmt":"2025-12-19T03:39:52","slug":"elephant-in-the-room-jumbo-chardonnay","status":"publish","type":"product","link":"https:\/\/www.ilovewines.vn\/vi\/product\/elephant-in-the-room-jumbo-chardonnay\/","title":{"rendered":"Elephant in the Room Jumbo Chardonnay"},"content":{"rendered":"<p>Lo\u1ea1i nho: 100% Chardonnay<\/p>\n<p>V\u00f9ng: 100% Limestone Coast<\/p>\n<p>Nh\u00e0 ch\u1ebf t\u00e1c: Corey Ryan<\/p>\n<p>V\u01b0\u1eddn nho:<\/p>\n<p>\u0110\u01b0\u1ee3c thu ho\u1ea1ch t\u1eeb nh\u1eefng v\u01b0\u1eddn nho l\u00e2u \u0111\u1eddi trong khu v\u1ef1c ven bi\u1ec3n Robe thu\u1ed9c v\u00f9ng Limestone Coast. \u0110\u1ecba h\u00ecnh \u0111\u01b0\u1ee3c che ch\u1eafn v\u00e0 nhi\u1ec7t \u0111\u1ed9 \u1ed5n \u0111\u1ecbnh gi\u00fap duy tr\u00ec \u0111\u1ed9 axit t\u1ef1 nhi\u00ean trong nh\u1eefng tr\u00e1i nho thanh l\u1ecbch.<\/p>\n<p>S\u1ea3n xu\u1ea5t:<\/p>\n<p>M\u1ed9t ph\u1ea7n \u0111\u01b0\u1ee3c thu ho\u1ea1ch b\u1eb1ng tay. Ph\u1ea7n l\u1edbn h\u1ed7n h\u1ee3p \u0111\u01b0\u1ee3c l\u00ean men trong th\u00e9p kh\u00f4ng g\u1ec9 v\u1edbi l\u01b0\u1ee3ng c\u1eb7n cao v\u00e0 x\u1eed l\u00fd oxy h\u00f3a, trong khi m\u01b0\u1eddi l\u0103m th\u00f9ng \u0111\u01b0\u1ee3c l\u00ean men trong th\u00f9ng g\u1ed7 s\u1ed3i v\u1edbi khu\u1ea5y c\u1eb7n men. Kho\u1ea3ng 40% r\u01b0\u1ee3u \u0111\u01b0\u1ee3c \u1ee7 trong th\u00f9ng g\u1ed7 s\u1ed3i Ph\u00e1p hai v\u00e0 ba n\u0103m tu\u1ed5i, v\u1edbi m\u1ee9c \u0111\u1ed9 toast trung b\u00ecnh trong s\u00e1u th\u00e1ng \u0111\u1ec3 t\u0103ng \u0111\u1ed9 ph\u1ee9c h\u1ee3p, tr\u01b0\u1edbc khi tr\u1ea3i qua qu\u00e1 tr\u00ecnh l\u00ean men malolactic ho\u00e0n to\u00e0n.<\/p>\n<p>Ni\u00ean v\u1ee5 2024:<\/p>\n<p>C\u00e1c v\u00f9ng tr\u1ed3ng nho \u1edf Nam \u00dac \u0111\u00e3 tr\u1ea3i qua m\u1ed9t m\u00f9a sinh tr\u01b0\u1edfng r\u1ea5t kh\u00f4 h\u1ea1n cho v\u1ee5 nho n\u0103m 2024. S\u01b0\u01a1ng gi\u00e1, thi\u1ebfu m\u01b0a v\u00e0 th\u1eddi ti\u1ebft b\u1ea5t l\u1ee3i trong giai \u0111o\u1ea1n ra hoa \u0111\u00e3 d\u1eabn \u0111\u1ebfn s\u1ea3n l\u01b0\u1ee3ng th\u1ea5p h\u01a1n. Tuy nhi\u00ean, \u0111i\u1ec1u ki\u1ec7n th\u1eddi ti\u1ebft kh\u00f4 r\u00e1o v\u00e0 \u1ed5n \u0111\u1ecbnh trong th\u1eddi gian thu ho\u1ea1ch \u0111\u00e3 mang l\u1ea1i m\u1ed9t v\u1ee5 nho v\u1edbi tr\u00e1i c\u00e2y ch\u1ea5t l\u01b0\u1ee3ng cao.<\/p>\n<p>M\u00f4 t\u1ea3 h\u01b0\u01a1ng v\u1ecb:<\/p>\n<p>C\u00f3 m\u00e0u v\u00e0ng \u0111\u1eadm, r\u01b0\u1ee3u vang n\u00e0y n\u1ed5i b\u1eadt v\u1edbi h\u01b0\u01a1ng th\u01a1m tr\u00e1i c\u00e2y h\u1ea1ch v\u00e0 cam qu\u00fdt, \u0111\u01b0\u1ee3c \u0111i\u1ec3m xuy\u1ebft b\u1edfi nh\u1eefng n\u1ed1t g\u1ed7 s\u1ed3i vani kem tinh t\u1ebf.<\/p>\n<p>C\u1ea3m gi\u00e1c trong mi\u1ec7ng \u0111\u1eadm \u0111\u00e0 v\u00e0 tr\u00f2n tr\u1ecba, v\u1edbi h\u01b0\u01a1ng v\u1ecb tr\u00e1i c\u00e2y h\u1ea1ch t\u01b0\u01a1i m\u00e1t k\u1ebft h\u1ee3p h\u00e0i h\u00f2a c\u00f9ng g\u1ed7 s\u1ed3i, mang \u0111\u1ebfn h\u01b0\u01a1ng v\u1ecb \u1ea5n t\u01b0\u1ee3ng v\u00e0 h\u1eadu v\u1ecb kem m\u1ecbn. \u0110\u00e2y l\u00e0 m\u1ed9t chai Chardonnay m\u01b0\u1ee3t m\u00e0, \u0111\u1ea7y h\u01b0\u01a1ng v\u1ecb, n\u1ed5i b\u1eadt v\u1edbi s\u1ef1 t\u01b0\u01a1i m\u1edbi, c\u00e2n b\u1eb1ng v\u00e0 h\u1eadu v\u1ecb k\u00e9o d\u00e0i \u0111\u00e1ng nh\u1edb.<\/p>\n<p>U\u1ed1ng k\u00e8m m\u00f3n Tonkatsu ramen<\/p>","protected":false},"excerpt":{"rendered":"<p>R\u01b0\u1ee3u vang The Elephant in the Room t\u1ef1 h\u00e0o c\u00f3 quy m\u00f4 l\u1edbn v\u00e0 h\u01b0\u01a1ng v\u1ecb \u0111\u1eadm \u0111\u00e0. B\u1ea5t ch\u1ea5p xu h\u01b0\u1edbng th\u1eddi trang v\u00e0 kh\u00f4ng e ng\u1ea1i s\u1ef1 ch\u1ec9 tr\u00edch c\u1ee7a \u201cc\u1ea3nh s\u00e1t t\u01b0 t\u01b0\u1edfng r\u01b0\u1ee3u vang,\u201d Elephant in the Room \u0111\u01b0\u1ee3c t\u1ea1o ra \u0111\u1ec3 mang \u0111\u1ebfn cho ng\u01b0\u1eddi ti\u00eau d\u00f9ng ch\u00ednh x\u00e1c nh\u1eefng g\u00ec h\u1ecd mong mu\u1ed1n \u2013 nh\u1eefng chai r\u01b0\u1ee3u vang \u0111\u1eadm \u0111\u00e0, tr\u00e0n \u0111\u1ea7y trong mi\u1ec7ng v\u00e0 mang l\u1ea1i s\u1ef1 t\u1eadn h\u01b0\u1edfng t\u1ed1i \u0111a. M\u1ed7i chai r\u01b0\u1ee3u \u0111\u1ec1u \u0111\u01b0\u1ee3c ch\u1ecdn l\u1ecdc t\u1eeb nh\u1eefng v\u01b0\u1eddn nho kh\u00ed h\u1eadu m\u00e1t m\u1ebb, ch\u00edn ch\u1eadm t\u1ea1i Limestone Coast, Nam \u00dac, sau \u0111\u00f3 \u0111\u01b0\u1ee3c \u1ee7 m\u1ed9t ph\u1ea7n trong th\u00f9ng g\u1ed7 s\u1ed3i Ph\u00e1p tr\u01b0\u1edbc khi pha tr\u1ed9n v\u00e0 \u0111\u00f3ng chai b\u1edfi Corey Ryan.<\/p>","protected":false},"featured_media":6644,"template":"","meta":{"_acf_changed":false},"product_brand":[],"product_cat":[93],"product_tag":[],"grape_varietal":[2472],"wine_regions":[2644,2410],"class_list":{"0":"post-6643","1":"product","2":"type-product","3":"status-publish","4":"has-post-thumbnail","6":"product_cat-wine","7":"pa_brand-elephant-in-the-room","8":"grape_varietal-chardonnay","9":"wine_regions-limestone-coast","10":"wine_regions-south-australia","12":"first","13":"instock","14":"shipping-taxable","15":"product-type-simple"},"acf":[],"yoast_head":"<!-- This site is optimized with the Yoast SEO plugin v27.4 - https:\/\/yoast.com\/product\/yoast-seo-wordpress\/ -->\n<title>Elephant in the Room Jumbo Chardonnay - Rada Wines<\/title>\n<meta name=\"robots\" content=\"index, follow, max-snippet:-1, max-image-preview:large, max-video-preview:-1\" \/>\n<link rel=\"canonical\" href=\"https:\/\/www.ilovewines.vn\/vi\/san-pham\/elephant-in-the-room-jumbo-chardonnay\/\" \/>\n<meta property=\"og:locale\" content=\"vi_VN\" \/>\n<meta property=\"og:type\" content=\"article\" \/>\n<meta property=\"og:title\" content=\"Elephant in the Room Jumbo Chardonnay - Rada Wines\" \/>\n<meta property=\"og:description\" content=\"The Elephant in the Room wines are proudly large in scale and expansive in flavour. Ignoring fashion and braving the scorn \u201cwine thought police\u201d Elephant in the Room was created to give consumers exactly what they want \u2013 full bodied and mouth-filling wines that deliver maximum pleasure. Each wine is sourced from slow-ripening cool climate vineyards in the Limestone Coast of South Australia and partially matured in French Oak before final blending and bottling by Corey Ryan.\" \/>\n<meta property=\"og:url\" content=\"https:\/\/www.ilovewines.vn\/vi\/san-pham\/elephant-in-the-room-jumbo-chardonnay\/\" \/>\n<meta property=\"og:site_name\" content=\"Rada Wines\" \/>\n<meta property=\"article:modified_time\" content=\"2025-12-19T03:39:52+00:00\" \/>\n<meta property=\"og:image\" content=\"https:\/\/www.ilovewines.vn\/wp-content\/uploads\/2024\/12\/Elephant-in-the-Room-Chardonnay-scaled.jpg\" \/>\n\t<meta property=\"og:image:width\" content=\"977\" \/>\n\t<meta property=\"og:image:height\" content=\"2560\" \/>\n\t<meta property=\"og:image:type\" content=\"image\/jpeg\" \/>\n<meta name=\"twitter:card\" content=\"summary_large_image\" \/>\n<meta name=\"twitter:label1\" content=\"\u01af\u1edbc t\u00ednh th\u1eddi gian \u0111\u1ecdc\" \/>\n\t<meta name=\"twitter:data1\" content=\"2 ph\u00fat\" \/>\n<script type=\"application\/ld+json\" class=\"yoast-schema-graph\">{\"@context\":\"https:\\\/\\\/schema.org\",\"@graph\":[{\"@type\":\"WebPage\",\"@id\":\"https:\\\/\\\/www.ilovewines.vn\\\/product\\\/elephant-in-the-room-jumbo-chardonnay\\\/\",\"url\":\"https:\\\/\\\/www.ilovewines.vn\\\/product\\\/elephant-in-the-room-jumbo-chardonnay\\\/\",\"name\":\"Elephant in the Room Jumbo Chardonnay - Rada Wines\",\"isPartOf\":{\"@id\":\"https:\\\/\\\/www.ilovewines.vn\\\/#website\"},\"primaryImageOfPage\":{\"@id\":\"https:\\\/\\\/www.ilovewines.vn\\\/product\\\/elephant-in-the-room-jumbo-chardonnay\\\/#primaryimage\"},\"image\":{\"@id\":\"https:\\\/\\\/www.ilovewines.vn\\\/product\\\/elephant-in-the-room-jumbo-chardonnay\\\/#primaryimage\"},\"thumbnailUrl\":\"https:\\\/\\\/www.ilovewines.vn\\\/wp-content\\\/uploads\\\/2024\\\/12\\\/Elephant-in-the-Room-Chardonnay-scaled.jpg\",\"datePublished\":\"2024-12-19T00:59:21+00:00\",\"dateModified\":\"2025-12-19T03:39:52+00:00\",\"breadcrumb\":{\"@id\":\"https:\\\/\\\/www.ilovewines.vn\\\/product\\\/elephant-in-the-room-jumbo-chardonnay\\\/#breadcrumb\"},\"inLanguage\":\"vi\",\"potentialAction\":[{\"@type\":\"ReadAction\",\"target\":[\"https:\\\/\\\/www.ilovewines.vn\\\/product\\\/elephant-in-the-room-jumbo-chardonnay\\\/\"]}]},{\"@type\":\"ImageObject\",\"inLanguage\":\"vi\",\"@id\":\"https:\\\/\\\/www.ilovewines.vn\\\/product\\\/elephant-in-the-room-jumbo-chardonnay\\\/#primaryimage\",\"url\":\"https:\\\/\\\/www.ilovewines.vn\\\/wp-content\\\/uploads\\\/2024\\\/12\\\/Elephant-in-the-Room-Chardonnay-scaled.jpg\",\"contentUrl\":\"https:\\\/\\\/www.ilovewines.vn\\\/wp-content\\\/uploads\\\/2024\\\/12\\\/Elephant-in-the-Room-Chardonnay-scaled.jpg\",\"width\":977,\"height\":2560},{\"@type\":\"BreadcrumbList\",\"@id\":\"https:\\\/\\\/www.ilovewines.vn\\\/product\\\/elephant-in-the-room-jumbo-chardonnay\\\/#breadcrumb\",\"itemListElement\":[{\"@type\":\"ListItem\",\"position\":1,\"name\":\"Home\",\"item\":\"https:\\\/\\\/www.ilovewines.vn\\\/\"},{\"@type\":\"ListItem\",\"position\":2,\"name\":\"Catalogue\",\"item\":\"https:\\\/\\\/www.ilovewines.vn\\\/catalogue\\\/\"},{\"@type\":\"ListItem\",\"position\":3,\"name\":\"Elephant in the Room Jumbo Chardonnay\"}]},{\"@type\":\"WebSite\",\"@id\":\"https:\\\/\\\/www.ilovewines.vn\\\/#website\",\"url\":\"https:\\\/\\\/www.ilovewines.vn\\\/\",\"name\":\"Rada Wines\",\"description\":\"Just another WordPress site\",\"publisher\":{\"@id\":\"https:\\\/\\\/www.ilovewines.vn\\\/#organization\"},\"potentialAction\":[{\"@type\":\"SearchAction\",\"target\":{\"@type\":\"EntryPoint\",\"urlTemplate\":\"https:\\\/\\\/www.ilovewines.vn\\\/?s={search_term_string}\"},\"query-input\":{\"@type\":\"PropertyValueSpecification\",\"valueRequired\":true,\"valueName\":\"search_term_string\"}}],\"inLanguage\":\"vi\"},{\"@type\":\"Organization\",\"@id\":\"https:\\\/\\\/www.ilovewines.vn\\\/#organization\",\"name\":\"Rada Wines\",\"url\":\"https:\\\/\\\/www.ilovewines.vn\\\/\",\"logo\":{\"@type\":\"ImageObject\",\"inLanguage\":\"vi\",\"@id\":\"https:\\\/\\\/www.ilovewines.vn\\\/#\\\/schema\\\/logo\\\/image\\\/\",\"url\":\"https:\\\/\\\/www.ilovewines.vn\\\/wp-content\\\/uploads\\\/2022\\\/06\\\/cropped-162574230_380766779846763_4426584222903300096_n.jpg\",\"contentUrl\":\"https:\\\/\\\/www.ilovewines.vn\\\/wp-content\\\/uploads\\\/2022\\\/06\\\/cropped-162574230_380766779846763_4426584222903300096_n.jpg\",\"width\":320,\"height\":206,\"caption\":\"Rada Wines\"},\"image\":{\"@id\":\"https:\\\/\\\/www.ilovewines.vn\\\/#\\\/schema\\\/logo\\\/image\\\/\"}}]}<\/script>\n<!-- \/ Yoast SEO plugin. -->","yoast_head_json":{"title":"Elephant in the Room Jumbo Chardonnay - Rada Wines","robots":{"index":"index","follow":"follow","max-snippet":"max-snippet:-1","max-image-preview":"max-image-preview:large","max-video-preview":"max-video-preview:-1"},"canonical":"https:\/\/www.ilovewines.vn\/vi\/san-pham\/elephant-in-the-room-jumbo-chardonnay\/","og_locale":"vi_VN","og_type":"article","og_title":"Elephant in the Room Jumbo Chardonnay - Rada Wines","og_description":"The Elephant in the Room wines are proudly large in scale and expansive in flavour. Ignoring fashion and braving the scorn \u201cwine thought police\u201d Elephant in the Room was created to give consumers exactly what they want \u2013 full bodied and mouth-filling wines that deliver maximum pleasure. Each wine is sourced from slow-ripening cool climate vineyards in the Limestone Coast of South Australia and partially matured in French Oak before final blending and bottling by Corey Ryan.","og_url":"https:\/\/www.ilovewines.vn\/vi\/san-pham\/elephant-in-the-room-jumbo-chardonnay\/","og_site_name":"Rada Wines","article_modified_time":"2025-12-19T03:39:52+00:00","og_image":[{"width":977,"height":2560,"url":"https:\/\/www.ilovewines.vn\/wp-content\/uploads\/2024\/12\/Elephant-in-the-Room-Chardonnay-scaled.jpg","type":"image\/jpeg"}],"twitter_card":"summary_large_image","twitter_misc":{"\u01af\u1edbc t\u00ednh th\u1eddi gian \u0111\u1ecdc":"2 ph\u00fat"},"schema":{"@context":"https:\/\/schema.org","@graph":[{"@type":"WebPage","@id":"https:\/\/www.ilovewines.vn\/product\/elephant-in-the-room-jumbo-chardonnay\/","url":"https:\/\/www.ilovewines.vn\/product\/elephant-in-the-room-jumbo-chardonnay\/","name":"Elephant in the Room Jumbo Chardonnay - Rada Wines","isPartOf":{"@id":"https:\/\/www.ilovewines.vn\/#website"},"primaryImageOfPage":{"@id":"https:\/\/www.ilovewines.vn\/product\/elephant-in-the-room-jumbo-chardonnay\/#primaryimage"},"image":{"@id":"https:\/\/www.ilovewines.vn\/product\/elephant-in-the-room-jumbo-chardonnay\/#primaryimage"},"thumbnailUrl":"https:\/\/www.ilovewines.vn\/wp-content\/uploads\/2024\/12\/Elephant-in-the-Room-Chardonnay-scaled.jpg","datePublished":"2024-12-19T00:59:21+00:00","dateModified":"2025-12-19T03:39:52+00:00","breadcrumb":{"@id":"https:\/\/www.ilovewines.vn\/product\/elephant-in-the-room-jumbo-chardonnay\/#breadcrumb"},"inLanguage":"vi","potentialAction":[{"@type":"ReadAction","target":["https:\/\/www.ilovewines.vn\/product\/elephant-in-the-room-jumbo-chardonnay\/"]}]},{"@type":"ImageObject","inLanguage":"vi","@id":"https:\/\/www.ilovewines.vn\/product\/elephant-in-the-room-jumbo-chardonnay\/#primaryimage","url":"https:\/\/www.ilovewines.vn\/wp-content\/uploads\/2024\/12\/Elephant-in-the-Room-Chardonnay-scaled.jpg","contentUrl":"https:\/\/www.ilovewines.vn\/wp-content\/uploads\/2024\/12\/Elephant-in-the-Room-Chardonnay-scaled.jpg","width":977,"height":2560},{"@type":"BreadcrumbList","@id":"https:\/\/www.ilovewines.vn\/product\/elephant-in-the-room-jumbo-chardonnay\/#breadcrumb","itemListElement":[{"@type":"ListItem","position":1,"name":"Home","item":"https:\/\/www.ilovewines.vn\/"},{"@type":"ListItem","position":2,"name":"Catalogue","item":"https:\/\/www.ilovewines.vn\/catalogue\/"},{"@type":"ListItem","position":3,"name":"Elephant in the Room Jumbo Chardonnay"}]},{"@type":"WebSite","@id":"https:\/\/www.ilovewines.vn\/#website","url":"https:\/\/www.ilovewines.vn\/","name":"Rada Wines","description":"Just another WordPress site","publisher":{"@id":"https:\/\/www.ilovewines.vn\/#organization"},"potentialAction":[{"@type":"SearchAction","target":{"@type":"EntryPoint","urlTemplate":"https:\/\/www.ilovewines.vn\/?s={search_term_string}"},"query-input":{"@type":"PropertyValueSpecification","valueRequired":true,"valueName":"search_term_string"}}],"inLanguage":"vi"},{"@type":"Organization","@id":"https:\/\/www.ilovewines.vn\/#organization","name":"Rada Wines","url":"https:\/\/www.ilovewines.vn\/","logo":{"@type":"ImageObject","inLanguage":"vi","@id":"https:\/\/www.ilovewines.vn\/#\/schema\/logo\/image\/","url":"https:\/\/www.ilovewines.vn\/wp-content\/uploads\/2022\/06\/cropped-162574230_380766779846763_4426584222903300096_n.jpg","contentUrl":"https:\/\/www.ilovewines.vn\/wp-content\/uploads\/2022\/06\/cropped-162574230_380766779846763_4426584222903300096_n.jpg","width":320,"height":206,"caption":"Rada Wines"},"image":{"@id":"https:\/\/www.ilovewines.vn\/#\/schema\/logo\/image\/"}}]}},"_links":{"self":[{"href":"https:\/\/www.ilovewines.vn\/vi\/wp-json\/wp\/v2\/product\/6643","targetHints":{"allow":["GET"]}}],"collection":[{"href":"https:\/\/www.ilovewines.vn\/vi\/wp-json\/wp\/v2\/product"}],"about":[{"href":"https:\/\/www.ilovewines.vn\/vi\/wp-json\/wp\/v2\/types\/product"}],"version-history":[{"count":5,"href":"https:\/\/www.ilovewines.vn\/vi\/wp-json\/wp\/v2\/product\/6643\/revisions"}],"predecessor-version":[{"id":6787,"href":"https:\/\/www.ilovewines.vn\/vi\/wp-json\/wp\/v2\/product\/6643\/revisions\/6787"}],"wp:featuredmedia":[{"embeddable":true,"href":"https:\/\/www.ilovewines.vn\/vi\/wp-json\/wp\/v2\/media\/6644"}],"wp:attachment":[{"href":"https:\/\/www.ilovewines.vn\/vi\/wp-json\/wp\/v2\/media?parent=6643"}],"wp:term":[{"taxonomy":"product_brand","embeddable":true,"href":"https:\/\/www.ilovewines.vn\/vi\/wp-json\/wp\/v2\/product_brand?post=6643"},{"taxonomy":"product_cat","embeddable":true,"href":"https:\/\/www.ilovewines.vn\/vi\/wp-json\/wp\/v2\/product_cat?post=6643"},{"taxonomy":"product_tag","embeddable":true,"href":"https:\/\/www.ilovewines.vn\/vi\/wp-json\/wp\/v2\/product_tag?post=6643"},{"taxonomy":"grape_varietal","embeddable":true,"href":"https:\/\/www.ilovewines.vn\/vi\/wp-json\/wp\/v2\/grape_varietal?post=6643"},{"taxonomy":"wine_regions","embeddable":true,"href":"https:\/\/www.ilovewines.vn\/vi\/wp-json\/wp\/v2\/wine_regions?post=6643"}],"curies":[{"name":"wp","href":"https:\/\/api.w.org\/{rel}","templated":true}]}}