{"id":6647,"date":"2024-12-18T18:06:52","date_gmt":"2024-12-19T01:06:52","guid":{"rendered":"https:\/\/www.ilovewines.vn\/?post_type=product&#038;p=6647"},"modified":"2025-12-18T20:38:04","modified_gmt":"2025-12-19T03:38:04","slug":"elephant-in-the-room-phenomenal-fiano","status":"publish","type":"product","link":"https:\/\/www.ilovewines.vn\/vi\/product\/elephant-in-the-room-phenomenal-fiano\/","title":{"rendered":"Elephant in the Room Phenomenal Fiano"},"content":{"rendered":"<p>Lo\u1ea1i nho: 100% Fiano<\/p>\n<p>V\u00f9ng: Australia<\/p>\n<p>Nh\u00e0 ch\u1ebf t\u00e1c: Corey Ryan<\/p>\n<p>V\u01b0\u1eddn nho:<\/p>\n<p>\u0110\u01b0\u1ee3c thu ho\u1ea1ch t\u1eeb nh\u1eefng v\u01b0\u1eddn nho l\u00e2u \u0111\u1eddi \u1edf v\u00f9ng ven bi\u1ec3n ph\u00eda nam m\u00e1t m\u1ebb, n\u01a1i c\u00f3 v\u1ecb tr\u00ed ho\u00e0n h\u1ea3o \u0111\u1ec3 h\u01b0\u1edfng nhi\u1ec7t \u0111\u1ed9 \u1ed5n \u0111\u1ecbnh nh\u1edd g\u1ea7n \u0111\u1ea1i d\u01b0\u01a1ng v\u00e0 tr\u00e1nh \u0111\u01b0\u1ee3c c\u00e1i n\u00f3ng t\u1eeb c\u00e1c v\u00f9ng n\u1ed9i \u0111\u1ecba l\u00e2n c\u1eadn c\u1ee7a Nam \u00dac.<\/p>\n<p>S\u1ea3n xu\u1ea5t:<\/p>\n<p>\u0110\u01b0\u1ee3c thu ho\u1ea1ch trong kh\u00f4ng kh\u00ed m\u00e1t m\u1ebb bu\u1ed5i s\u1edbm \u0111\u1ec3 duy tr\u00ec \u0111\u1ed9 t\u01b0\u01a1i m\u1edbi v\u00e0 tr\u00e0n \u0111\u1ea7y s\u1ee9c s\u1ed1ng. R\u01b0\u1ee3u \u0111\u01b0\u1ee3c l\u00ean men ho\u00e0n to\u00e0n trong th\u00f9ng th\u00e9p kh\u00f4ng g\u1ec9 v\u1edbi th\u1eddi gian ng\u1eafn ti\u1ebfp x\u00fac v\u1edbi b\u00e3 men (lees) \u0111\u1ec3 t\u1ea1o th\u00eam s\u1ef1 tinh t\u1ebf v\u00e0 c\u1ea5u tr\u00fac, trong khi v\u1eabn gi\u1eef \u0111\u01b0\u1ee3c h\u01b0\u01a1ng v\u1ecb v\u00e0 \u0111\u1ed9 t\u01b0\u01a1i \u0111\u1eb7c bi\u1ec7t quan tr\u1ecdng. Qu\u00e1 tr\u00ecnh l\u00e0m vang h\u1ea1n ch\u1ebf t\u1ed1i \u0111a s\u1ef1 can thi\u1ec7p \u0111\u1ec3 tr\u00e1i nho c\u00f3 th\u1ec3 b\u1ed9c l\u1ed9 h\u01b0\u01a1ng v\u1ecb m\u1ed9t c\u00e1ch tr\u1ecdn v\u1eb9n nh\u1ea5t.<\/p>\n<p>Ni\u00ean v\u1ee5 2024:<\/p>\n<p>C\u00e1c v\u00f9ng tr\u1ed3ng nho \u1edf Nam \u00dac \u0111\u00e3 tr\u1ea3i qua m\u1ed9t m\u00f9a sinh tr\u01b0\u1edfng r\u1ea5t kh\u00f4 h\u1ea1n cho v\u1ee5 nho n\u0103m 2024. S\u01b0\u01a1ng gi\u00e1, thi\u1ebfu m\u01b0a v\u00e0 th\u1eddi ti\u1ebft b\u1ea5t l\u1ee3i trong giai \u0111o\u1ea1n ra hoa \u0111\u00e3 d\u1eabn \u0111\u1ebfn s\u1ea3n l\u01b0\u1ee3ng th\u1ea5p h\u01a1n. Tuy nhi\u00ean, \u0111i\u1ec1u ki\u1ec7n th\u1eddi ti\u1ebft kh\u00f4 r\u00e1o v\u00e0 \u1ed5n \u0111\u1ecbnh trong th\u1eddi gian thu ho\u1ea1ch \u0111\u00e3 mang l\u1ea1i m\u1ed9t v\u1ee5 nho v\u1edbi tr\u00e1i c\u00e2y ch\u1ea5t l\u01b0\u1ee3ng cao.<\/p>\n<p>M\u00f4 t\u1ea3 h\u01b0\u01a1ng v\u1ecb:<\/p>\n<p>R\u01b0\u1ee3u Fiano c\u1ed5 \u0111i\u1ec3n n\u00e0y c\u00f3 m\u00e0u trong, ch\u00edn v\u00e0 \u0111\u1eadm \u0111\u00e0 h\u01b0\u01a1ng v\u1ecb v\u1edbi k\u1ebft c\u1ea5u tr\u00e0n \u0111\u1ea7y trong mi\u1ec7ng. H\u01b0\u01a1ng cam qu\u00fdt v\u00e0 hoa tinh t\u1ebf lan t\u1ecfa t\u1eeb m\u0169i \u0111\u1ebfn v\u00f2m mi\u1ec7ng, h\u00f2a quy\u1ec7n c\u00f9ng nh\u1eefng n\u1ed1t kho\u00e1ng ch\u1ea5t v\u00e0 ph\u1ea5n tr\u1eafng \u0111\u1ea7y \u0111\u1eb7c tr\u01b0ng.<\/p>\n<p>\u0110i\u1ec1u n\u00e0y t\u1ea1o n\u00ean m\u1ed9t lo\u1ea1i r\u01b0\u1ee3u tr\u1eafng \u0111\u1eadm \u0111\u00e0 nh\u01b0ng v\u1eabn t\u01b0\u01a1i m\u00e1t.<\/p>\n<p>Ho\u00e0n to\u00e0n ph\u00f9 h\u1ee3p v\u1edbi kh\u00ed h\u1eadu \u00dac, r\u01b0\u1ee3u Fiano l\u00fd t\u01b0\u1edfng \u0111\u1ec3 th\u01b0\u1edfng th\u1ee9c ri\u00eang ho\u1eb7c k\u1ebft h\u1ee3p ho\u00e0n h\u1ea3o v\u1edbi nhi\u1ec1u m\u00f3n \u0103n, bao g\u1ed3m c\u00e1 tr\u1eafng n\u01b0\u1edbng BBQ v\u00e0 c\u00e1c m\u00f3n salad m\u00f9a h\u00e8 t\u01b0\u01a1i m\u00e1t.<\/p>","protected":false},"excerpt":{"rendered":"<p>R\u01b0\u1ee3u vang The Elephant in the Room t\u1ef1 h\u00e0o c\u00f3 quy m\u00f4 l\u1edbn v\u00e0 h\u01b0\u01a1ng v\u1ecb \u0111\u1eadm \u0111\u00e0. B\u1ea5t ch\u1ea5p xu h\u01b0\u1edbng th\u1eddi trang v\u00e0 kh\u00f4ng e ng\u1ea1i s\u1ef1 ch\u1ec9 tr\u00edch c\u1ee7a \u201cc\u1ea3nh s\u00e1t t\u01b0 t\u01b0\u1edfng r\u01b0\u1ee3u vang,\u201d Elephant in the Room \u0111\u01b0\u1ee3c t\u1ea1o ra \u0111\u1ec3 mang \u0111\u1ebfn cho ng\u01b0\u1eddi ti\u00eau d\u00f9ng ch\u00ednh x\u00e1c nh\u1eefng g\u00ec h\u1ecd mong mu\u1ed1n \u2013 nh\u1eefng chai r\u01b0\u1ee3u vang \u0111\u1eadm \u0111\u00e0, tr\u00e0n \u0111\u1ea7y trong mi\u1ec7ng v\u00e0 mang l\u1ea1i s\u1ef1 t\u1eadn h\u01b0\u1edfng t\u1ed1i \u0111a. M\u1ed7i chai r\u01b0\u1ee3u \u0111\u1ec1u \u0111\u01b0\u1ee3c ch\u1ecdn l\u1ecdc t\u1eeb nh\u1eefng v\u01b0\u1eddn nho kh\u00ed h\u1eadu m\u00e1t m\u1ebb, ch\u00edn ch\u1eadm t\u1ea1i Limestone Coast, Nam \u00dac, sau \u0111\u00f3 \u0111\u01b0\u1ee3c \u1ee7 m\u1ed9t ph\u1ea7n trong th\u00f9ng g\u1ed7 s\u1ed3i Ph\u00e1p tr\u01b0\u1edbc khi pha tr\u1ed9n v\u00e0 \u0111\u00f3ng chai b\u1edfi Corey Ryan.<\/p>","protected":false},"featured_media":6649,"template":"","meta":{"_acf_changed":false},"product_brand":[],"product_cat":[89,93],"product_tag":[],"grape_varietal":[2719,2478],"wine_regions":[2644,2410],"class_list":{"0":"post-6647","1":"product","2":"type-product","3":"status-publish","4":"has-post-thumbnail","6":"product_cat-white-wine","7":"product_cat-wine","8":"pa_brand-elephant-in-the-room","9":"grape_varietal-fiano","10":"grape_varietal-white","11":"wine_regions-limestone-coast","12":"wine_regions-south-australia","14":"first","15":"instock","16":"shipping-taxable","17":"product-type-simple"},"acf":[],"yoast_head":"<!-- This site is optimized with the Yoast SEO plugin v27.4 - https:\/\/yoast.com\/product\/yoast-seo-wordpress\/ -->\n<title>Elephant in the Room Phenomenal Fiano - Rada Wines<\/title>\n<meta name=\"robots\" content=\"index, follow, max-snippet:-1, max-image-preview:large, max-video-preview:-1\" \/>\n<link rel=\"canonical\" href=\"https:\/\/www.ilovewines.vn\/vi\/san-pham\/elephant-in-the-room-phenomenal-fiano\/\" \/>\n<meta property=\"og:locale\" content=\"vi_VN\" \/>\n<meta property=\"og:type\" content=\"article\" \/>\n<meta property=\"og:title\" content=\"Elephant in the Room Phenomenal Fiano - Rada Wines\" \/>\n<meta property=\"og:description\" content=\"The Elephant in the Room wines are proudly large in scale and expansive in flavour. Ignoring fashion and braving the scorn \u201cwine thought police\u201d Elephant in the Room was created to give consumers exactly what they want \u2013 full bodied and mouth-filling wines that deliver maximum pleasure. Each wine is sourced from slow-ripening cool climate vineyards in the Limestone Coast of South Australia and partially matured in French Oak before final blending and bottling by Corey Ryan.\" \/>\n<meta property=\"og:url\" content=\"https:\/\/www.ilovewines.vn\/vi\/san-pham\/elephant-in-the-room-phenomenal-fiano\/\" \/>\n<meta property=\"og:site_name\" content=\"Rada Wines\" \/>\n<meta property=\"article:modified_time\" content=\"2025-12-19T03:38:04+00:00\" \/>\n<meta property=\"og:image\" content=\"https:\/\/www.ilovewines.vn\/wp-content\/uploads\/2024\/12\/Elephant-in-the-Room-Fiano-scaled.jpg\" \/>\n\t<meta property=\"og:image:width\" content=\"859\" \/>\n\t<meta property=\"og:image:height\" content=\"2560\" \/>\n\t<meta property=\"og:image:type\" content=\"image\/jpeg\" \/>\n<meta name=\"twitter:card\" content=\"summary_large_image\" \/>\n<meta name=\"twitter:label1\" content=\"\u01af\u1edbc t\u00ednh th\u1eddi gian \u0111\u1ecdc\" \/>\n\t<meta name=\"twitter:data1\" content=\"2 ph\u00fat\" \/>\n<script type=\"application\/ld+json\" class=\"yoast-schema-graph\">{\"@context\":\"https:\\\/\\\/schema.org\",\"@graph\":[{\"@type\":\"WebPage\",\"@id\":\"https:\\\/\\\/www.ilovewines.vn\\\/product\\\/elephant-in-the-room-phenomenal-fiano\\\/\",\"url\":\"https:\\\/\\\/www.ilovewines.vn\\\/product\\\/elephant-in-the-room-phenomenal-fiano\\\/\",\"name\":\"Elephant in the Room Phenomenal Fiano - Rada Wines\",\"isPartOf\":{\"@id\":\"https:\\\/\\\/www.ilovewines.vn\\\/#website\"},\"primaryImageOfPage\":{\"@id\":\"https:\\\/\\\/www.ilovewines.vn\\\/product\\\/elephant-in-the-room-phenomenal-fiano\\\/#primaryimage\"},\"image\":{\"@id\":\"https:\\\/\\\/www.ilovewines.vn\\\/product\\\/elephant-in-the-room-phenomenal-fiano\\\/#primaryimage\"},\"thumbnailUrl\":\"https:\\\/\\\/www.ilovewines.vn\\\/wp-content\\\/uploads\\\/2024\\\/12\\\/Elephant-in-the-Room-Fiano-scaled.jpg\",\"datePublished\":\"2024-12-19T01:06:52+00:00\",\"dateModified\":\"2025-12-19T03:38:04+00:00\",\"breadcrumb\":{\"@id\":\"https:\\\/\\\/www.ilovewines.vn\\\/product\\\/elephant-in-the-room-phenomenal-fiano\\\/#breadcrumb\"},\"inLanguage\":\"vi\",\"potentialAction\":[{\"@type\":\"ReadAction\",\"target\":[\"https:\\\/\\\/www.ilovewines.vn\\\/product\\\/elephant-in-the-room-phenomenal-fiano\\\/\"]}]},{\"@type\":\"ImageObject\",\"inLanguage\":\"vi\",\"@id\":\"https:\\\/\\\/www.ilovewines.vn\\\/product\\\/elephant-in-the-room-phenomenal-fiano\\\/#primaryimage\",\"url\":\"https:\\\/\\\/www.ilovewines.vn\\\/wp-content\\\/uploads\\\/2024\\\/12\\\/Elephant-in-the-Room-Fiano-scaled.jpg\",\"contentUrl\":\"https:\\\/\\\/www.ilovewines.vn\\\/wp-content\\\/uploads\\\/2024\\\/12\\\/Elephant-in-the-Room-Fiano-scaled.jpg\",\"width\":859,\"height\":2560},{\"@type\":\"BreadcrumbList\",\"@id\":\"https:\\\/\\\/www.ilovewines.vn\\\/product\\\/elephant-in-the-room-phenomenal-fiano\\\/#breadcrumb\",\"itemListElement\":[{\"@type\":\"ListItem\",\"position\":1,\"name\":\"Home\",\"item\":\"https:\\\/\\\/www.ilovewines.vn\\\/\"},{\"@type\":\"ListItem\",\"position\":2,\"name\":\"Catalogue\",\"item\":\"https:\\\/\\\/www.ilovewines.vn\\\/catalogue\\\/\"},{\"@type\":\"ListItem\",\"position\":3,\"name\":\"Elephant in the Room Phenomenal Fiano\"}]},{\"@type\":\"WebSite\",\"@id\":\"https:\\\/\\\/www.ilovewines.vn\\\/#website\",\"url\":\"https:\\\/\\\/www.ilovewines.vn\\\/\",\"name\":\"Rada Wines\",\"description\":\"Just another WordPress site\",\"publisher\":{\"@id\":\"https:\\\/\\\/www.ilovewines.vn\\\/#organization\"},\"potentialAction\":[{\"@type\":\"SearchAction\",\"target\":{\"@type\":\"EntryPoint\",\"urlTemplate\":\"https:\\\/\\\/www.ilovewines.vn\\\/?s={search_term_string}\"},\"query-input\":{\"@type\":\"PropertyValueSpecification\",\"valueRequired\":true,\"valueName\":\"search_term_string\"}}],\"inLanguage\":\"vi\"},{\"@type\":\"Organization\",\"@id\":\"https:\\\/\\\/www.ilovewines.vn\\\/#organization\",\"name\":\"Rada Wines\",\"url\":\"https:\\\/\\\/www.ilovewines.vn\\\/\",\"logo\":{\"@type\":\"ImageObject\",\"inLanguage\":\"vi\",\"@id\":\"https:\\\/\\\/www.ilovewines.vn\\\/#\\\/schema\\\/logo\\\/image\\\/\",\"url\":\"https:\\\/\\\/www.ilovewines.vn\\\/wp-content\\\/uploads\\\/2022\\\/06\\\/cropped-162574230_380766779846763_4426584222903300096_n.jpg\",\"contentUrl\":\"https:\\\/\\\/www.ilovewines.vn\\\/wp-content\\\/uploads\\\/2022\\\/06\\\/cropped-162574230_380766779846763_4426584222903300096_n.jpg\",\"width\":320,\"height\":206,\"caption\":\"Rada Wines\"},\"image\":{\"@id\":\"https:\\\/\\\/www.ilovewines.vn\\\/#\\\/schema\\\/logo\\\/image\\\/\"}}]}<\/script>\n<!-- \/ Yoast SEO plugin. -->","yoast_head_json":{"title":"Elephant in the Room Phenomenal Fiano - Rada Wines","robots":{"index":"index","follow":"follow","max-snippet":"max-snippet:-1","max-image-preview":"max-image-preview:large","max-video-preview":"max-video-preview:-1"},"canonical":"https:\/\/www.ilovewines.vn\/vi\/san-pham\/elephant-in-the-room-phenomenal-fiano\/","og_locale":"vi_VN","og_type":"article","og_title":"Elephant in the Room Phenomenal Fiano - Rada Wines","og_description":"The Elephant in the Room wines are proudly large in scale and expansive in flavour. Ignoring fashion and braving the scorn \u201cwine thought police\u201d Elephant in the Room was created to give consumers exactly what they want \u2013 full bodied and mouth-filling wines that deliver maximum pleasure. Each wine is sourced from slow-ripening cool climate vineyards in the Limestone Coast of South Australia and partially matured in French Oak before final blending and bottling by Corey Ryan.","og_url":"https:\/\/www.ilovewines.vn\/vi\/san-pham\/elephant-in-the-room-phenomenal-fiano\/","og_site_name":"Rada Wines","article_modified_time":"2025-12-19T03:38:04+00:00","og_image":[{"width":859,"height":2560,"url":"https:\/\/www.ilovewines.vn\/wp-content\/uploads\/2024\/12\/Elephant-in-the-Room-Fiano-scaled.jpg","type":"image\/jpeg"}],"twitter_card":"summary_large_image","twitter_misc":{"\u01af\u1edbc t\u00ednh th\u1eddi gian \u0111\u1ecdc":"2 ph\u00fat"},"schema":{"@context":"https:\/\/schema.org","@graph":[{"@type":"WebPage","@id":"https:\/\/www.ilovewines.vn\/product\/elephant-in-the-room-phenomenal-fiano\/","url":"https:\/\/www.ilovewines.vn\/product\/elephant-in-the-room-phenomenal-fiano\/","name":"Elephant in the Room Phenomenal Fiano - Rada Wines","isPartOf":{"@id":"https:\/\/www.ilovewines.vn\/#website"},"primaryImageOfPage":{"@id":"https:\/\/www.ilovewines.vn\/product\/elephant-in-the-room-phenomenal-fiano\/#primaryimage"},"image":{"@id":"https:\/\/www.ilovewines.vn\/product\/elephant-in-the-room-phenomenal-fiano\/#primaryimage"},"thumbnailUrl":"https:\/\/www.ilovewines.vn\/wp-content\/uploads\/2024\/12\/Elephant-in-the-Room-Fiano-scaled.jpg","datePublished":"2024-12-19T01:06:52+00:00","dateModified":"2025-12-19T03:38:04+00:00","breadcrumb":{"@id":"https:\/\/www.ilovewines.vn\/product\/elephant-in-the-room-phenomenal-fiano\/#breadcrumb"},"inLanguage":"vi","potentialAction":[{"@type":"ReadAction","target":["https:\/\/www.ilovewines.vn\/product\/elephant-in-the-room-phenomenal-fiano\/"]}]},{"@type":"ImageObject","inLanguage":"vi","@id":"https:\/\/www.ilovewines.vn\/product\/elephant-in-the-room-phenomenal-fiano\/#primaryimage","url":"https:\/\/www.ilovewines.vn\/wp-content\/uploads\/2024\/12\/Elephant-in-the-Room-Fiano-scaled.jpg","contentUrl":"https:\/\/www.ilovewines.vn\/wp-content\/uploads\/2024\/12\/Elephant-in-the-Room-Fiano-scaled.jpg","width":859,"height":2560},{"@type":"BreadcrumbList","@id":"https:\/\/www.ilovewines.vn\/product\/elephant-in-the-room-phenomenal-fiano\/#breadcrumb","itemListElement":[{"@type":"ListItem","position":1,"name":"Home","item":"https:\/\/www.ilovewines.vn\/"},{"@type":"ListItem","position":2,"name":"Catalogue","item":"https:\/\/www.ilovewines.vn\/catalogue\/"},{"@type":"ListItem","position":3,"name":"Elephant in the Room Phenomenal Fiano"}]},{"@type":"WebSite","@id":"https:\/\/www.ilovewines.vn\/#website","url":"https:\/\/www.ilovewines.vn\/","name":"Rada Wines","description":"Just another WordPress site","publisher":{"@id":"https:\/\/www.ilovewines.vn\/#organization"},"potentialAction":[{"@type":"SearchAction","target":{"@type":"EntryPoint","urlTemplate":"https:\/\/www.ilovewines.vn\/?s={search_term_string}"},"query-input":{"@type":"PropertyValueSpecification","valueRequired":true,"valueName":"search_term_string"}}],"inLanguage":"vi"},{"@type":"Organization","@id":"https:\/\/www.ilovewines.vn\/#organization","name":"Rada Wines","url":"https:\/\/www.ilovewines.vn\/","logo":{"@type":"ImageObject","inLanguage":"vi","@id":"https:\/\/www.ilovewines.vn\/#\/schema\/logo\/image\/","url":"https:\/\/www.ilovewines.vn\/wp-content\/uploads\/2022\/06\/cropped-162574230_380766779846763_4426584222903300096_n.jpg","contentUrl":"https:\/\/www.ilovewines.vn\/wp-content\/uploads\/2022\/06\/cropped-162574230_380766779846763_4426584222903300096_n.jpg","width":320,"height":206,"caption":"Rada Wines"},"image":{"@id":"https:\/\/www.ilovewines.vn\/#\/schema\/logo\/image\/"}}]}},"_links":{"self":[{"href":"https:\/\/www.ilovewines.vn\/vi\/wp-json\/wp\/v2\/product\/6647","targetHints":{"allow":["GET"]}}],"collection":[{"href":"https:\/\/www.ilovewines.vn\/vi\/wp-json\/wp\/v2\/product"}],"about":[{"href":"https:\/\/www.ilovewines.vn\/vi\/wp-json\/wp\/v2\/types\/product"}],"version-history":[{"count":5,"href":"https:\/\/www.ilovewines.vn\/vi\/wp-json\/wp\/v2\/product\/6647\/revisions"}],"predecessor-version":[{"id":6682,"href":"https:\/\/www.ilovewines.vn\/vi\/wp-json\/wp\/v2\/product\/6647\/revisions\/6682"}],"wp:featuredmedia":[{"embeddable":true,"href":"https:\/\/www.ilovewines.vn\/vi\/wp-json\/wp\/v2\/media\/6649"}],"wp:attachment":[{"href":"https:\/\/www.ilovewines.vn\/vi\/wp-json\/wp\/v2\/media?parent=6647"}],"wp:term":[{"taxonomy":"product_brand","embeddable":true,"href":"https:\/\/www.ilovewines.vn\/vi\/wp-json\/wp\/v2\/product_brand?post=6647"},{"taxonomy":"product_cat","embeddable":true,"href":"https:\/\/www.ilovewines.vn\/vi\/wp-json\/wp\/v2\/product_cat?post=6647"},{"taxonomy":"product_tag","embeddable":true,"href":"https:\/\/www.ilovewines.vn\/vi\/wp-json\/wp\/v2\/product_tag?post=6647"},{"taxonomy":"grape_varietal","embeddable":true,"href":"https:\/\/www.ilovewines.vn\/vi\/wp-json\/wp\/v2\/grape_varietal?post=6647"},{"taxonomy":"wine_regions","embeddable":true,"href":"https:\/\/www.ilovewines.vn\/vi\/wp-json\/wp\/v2\/wine_regions?post=6647"}],"curies":[{"name":"wp","href":"https:\/\/api.w.org\/{rel}","templated":true}]}}