{"id":6652,"date":"2024-12-18T18:05:46","date_gmt":"2024-12-19T01:05:46","guid":{"rendered":"https:\/\/www.ilovewines.vn\/?post_type=product&#038;p=6652"},"modified":"2025-12-18T20:38:38","modified_gmt":"2025-12-19T03:38:38","slug":"elephant-in-the-room-palatial-pinot-noir","status":"publish","type":"product","link":"https:\/\/www.ilovewines.vn\/vi\/product\/elephant-in-the-room-palatial-pinot-noir\/","title":{"rendered":"Elephant in the Room Palatial Pinot Noir"},"content":{"rendered":"<p>V\u00f9ng: Nam \u00dac<\/p>\n<p>Lo\u1ea1i nho: 100% Pinot Noir<\/p>\n<p>Nh\u00e0 ch\u1ebf t\u00e1c: Corey Ryan<\/p>\n<p>V\u01b0\u1eddn nho:<\/p>\n<p>\u0110\u01b0\u1ee3c thu ho\u1ea1ch ch\u1ee7 y\u1ebfu t\u1eeb c\u00e1c v\u01b0\u1eddn nho c\u00f3 s\u1ea3n l\u01b0\u1ee3ng th\u1ea5p g\u1ea7n Mount Gambier, \u1edf ph\u00eda \u0111\u00f4ng c\u1ee7a v\u00f9ng r\u01b0\u1ee3u vang Limestone Coast. \u0110\u1ecba h\u00ecnh c\u00f3 \u0111\u1ed9 cao l\u1edbn c\u00f9ng v\u1edbi nhi\u1ec7t \u0111\u1ed9 m\u00e1t m\u1ebb v\u00e0o ban \u0111\u00eam gi\u00fap duy tr\u00ec \u0111\u1ed9 axit t\u1ef1 nhi\u00ean trong nh\u1eefng tr\u00e1i nho thanh l\u1ecbch, trong khi qu\u00e1 tr\u00ecnh ch\u00edn ch\u1eadm v\u00e0 k\u00e9o d\u00e0i \u0111\u1ea3m b\u1ea3o s\u1ef1 ph\u00e1t tri\u1ec3n h\u01b0\u01a1ng v\u1ecb tuy\u1ec7t v\u1eddi.<\/p>\n<p>S\u1ea3n xu\u1ea5t:<\/p>\n<p>M\u1ed9t ph\u1ea7n \u0111\u01b0\u1ee3c h\u00e1i b\u1eb1ng tay tr\u01b0\u1edbc khi b\u1ecf cu\u1ed1ng v\u00e0 l\u00ean men trong s\u1ef1 k\u1ebft h\u1ee3p gi\u1eefa c\u00e1c th\u00f9ng l\u00ean men h\u1edf hai t\u1ea5n (v\u1edbi 10% ch\u00f9m nho nguy\u00ean v\u1eb9n, \u0111\u01b0\u1ee3c nh\u1ea5n ch\u00ecm b\u1eb1ng tay hai l\u1ea7n m\u1ed7i ng\u00e0y) v\u00e0 c\u00e1c th\u00f9ng l\u00ean men k\u00edn l\u1edbn h\u01a1n, s\u1eed d\u1ee5ng ph\u01b0\u01a1ng ph\u00e1p b\u01a1m tu\u1ea7n ho\u00e0n. T\u1ea5t c\u1ea3 c\u00e1c th\u00e0nh ph\u1ea7n \u0111\u01b0\u1ee3c pha tr\u1ed9n sau qu\u00e1 tr\u00ecnh l\u00ean men, trong \u0111\u00f3 ba ph\u1ea7n t\u01b0 \u0111\u01b0\u1ee3c \u1ee7 trong th\u00e9p kh\u00f4ng g\u1ec9 v\u00e0 m\u1ed9t ph\u1ea7n t\u01b0 \u0111\u01b0\u1ee3c \u1ee7 trong th\u00f9ng g\u1ed7 s\u1ed3i Ph\u00e1p trong b\u1ed1n th\u00e1ng tr\u01b0\u1edbc khi \u0111\u00f3ng chai, v\u1edbi qu\u00e1 tr\u00ecnh tinh l\u1ecdc, l\u1ecdc v\u00e0 b\u1ed5 sung l\u01b0u hu\u1ef3nh \u1edf m\u1ee9c t\u1ed1i thi\u1ec3u.<\/p>\n<p>Ni\u00ean v\u1ee5 2024:<\/p>\n<p>M\u1ed9t m\u00f9a sinh tr\u01b0\u1edfng c\u00f3 nhi\u1ec7t \u0111\u1ed9 m\u00e1t h\u01a1n m\u1ee9c trung b\u00ecnh, c\u00f9ng v\u1edbi s\u01b0\u01a1ng gi\u00e1, thi\u1ebfu m\u01b0a v\u00e0 th\u1eddi ti\u1ebft b\u1ea5t l\u1ee3i trong giai \u0111o\u1ea1n ra hoa \u2013 bao g\u1ed3m gi\u00f3 m\u1ea1nh su\u1ed1t th\u00e1ng 11 v\u00e0 12 \u2013 \u0111\u00e3 d\u1eabn \u0111\u1ebfn s\u1ea3n l\u01b0\u1ee3ng th\u1ea5p h\u01a1n. Tuy nhi\u00ean, \u0111i\u1ec1u ki\u1ec7n th\u1eddi ti\u1ebft kh\u00f4 r\u00e1o v\u00e0 \u1ed5n \u0111\u1ecbnh trong th\u1eddi gian thu ho\u1ea1ch \u0111\u00e3 mang l\u1ea1i m\u1ed9t v\u1ee5 nho v\u1edbi tr\u00e1i c\u00e2y ch\u1ea5t l\u01b0\u1ee3ng cao.<\/p>\n<p>M\u00f4 t\u1ea3 h\u01b0\u01a1ng v\u1ecb: R\u01b0\u1ee3u c\u00f3 m\u00e0u \u0111\u1ecf th\u1eabm tinh t\u1ebf, mang h\u01b0\u01a1ng th\u01a1m quy\u1ebfn r\u0169 c\u1ee7a m\u1eadn v\u00e0 anh \u0111\u00e0o, k\u1ebft h\u1ee3p v\u1edbi m\u1ed9t ch\u00fat ph\u1ee9c h\u1ee3p v\u1ecb m\u1eb7n nh\u1eb9 v\u00e0 g\u1ed7 s\u1ed3i \u0111\u01b0\u1ee3c h\u00f2a quy\u1ec7n h\u00e0i h\u00f2a.<\/p>\n<p>V\u1ecb r\u01b0\u1ee3u s\u1ed1ng \u0111\u1ed9ng, n\u1ed5i b\u1eadt v\u1edbi h\u01b0\u01a1ng v\u1ecb m\u01b0\u1ee3t m\u00e0 c\u1ee7a qu\u1ea3 m\u1ecdng \u0111\u1ecf, \u0111\u01b0\u1ee3c n\u00e2ng t\u1ea7m b\u1edfi nh\u1eefng g\u1ee3i \u00fd h\u1ea5p d\u1eabn c\u1ee7a gia v\u1ecb. \u0110\u1ed9 axit t\u01b0\u01a1i s\u00e1ng v\u00e0 tannin tinh t\u1ebf t\u1ea1o n\u00ean c\u1ea5u tr\u00fac v\u1eefng ch\u1eafc, d\u1eabn \u0111\u1ebfn h\u1eadu v\u1ecb k\u00e9o d\u00e0i \u0111\u1ea7y \u1ea5n t\u01b0\u1ee3ng.<\/p>\n<p>Ho\u00e0n h\u1ea3o khi k\u1ebft h\u1ee3p v\u1edbi Porchetta tr\u00ean n\u1ec1n \u0111\u1eadu l\u0103ng non.<\/p>","protected":false},"excerpt":{"rendered":"<p>R\u01b0\u1ee3u vang The Elephant in the Room t\u1ef1 h\u00e0o c\u00f3 quy m\u00f4 l\u1edbn v\u00e0 h\u01b0\u01a1ng v\u1ecb \u0111\u1eadm \u0111\u00e0. B\u1ea5t ch\u1ea5p xu h\u01b0\u1edbng th\u1eddi trang v\u00e0 kh\u00f4ng e ng\u1ea1i s\u1ef1 ch\u1ec9 tr\u00edch c\u1ee7a \u201cc\u1ea3nh s\u00e1t t\u01b0 t\u01b0\u1edfng r\u01b0\u1ee3u vang,\u201d Elephant in the Room \u0111\u01b0\u1ee3c t\u1ea1o ra \u0111\u1ec3 mang \u0111\u1ebfn cho ng\u01b0\u1eddi ti\u00eau d\u00f9ng ch\u00ednh x\u00e1c nh\u1eefng g\u00ec h\u1ecd mong mu\u1ed1n \u2013 nh\u1eefng chai r\u01b0\u1ee3u vang \u0111\u1eadm \u0111\u00e0, tr\u00e0n \u0111\u1ea7y trong mi\u1ec7ng v\u00e0 mang l\u1ea1i s\u1ef1 t\u1eadn h\u01b0\u1edfng t\u1ed1i \u0111a. M\u1ed7i chai r\u01b0\u1ee3u \u0111\u1ec1u \u0111\u01b0\u1ee3c ch\u1ecdn l\u1ecdc t\u1eeb nh\u1eefng v\u01b0\u1eddn nho kh\u00ed h\u1eadu m\u00e1t m\u1ebb, ch\u00edn ch\u1eadm t\u1ea1i Limestone Coast, Nam \u00dac, sau \u0111\u00f3 \u0111\u01b0\u1ee3c \u1ee7 m\u1ed9t ph\u1ea7n trong th\u00f9ng g\u1ed7 s\u1ed3i Ph\u00e1p tr\u01b0\u1edbc khi pha tr\u1ed9n v\u00e0 \u0111\u00f3ng chai b\u1edfi Corey Ryan.<\/p>","protected":false},"featured_media":6653,"template":"","meta":{"_acf_changed":false},"product_brand":[],"product_cat":[87,93],"product_tag":[],"grape_varietal":[2469],"wine_regions":[2644,2410],"class_list":{"0":"post-6652","1":"product","2":"type-product","3":"status-publish","4":"has-post-thumbnail","6":"product_cat-red-wine","7":"product_cat-wine","8":"pa_brand-elephant-in-the-room","9":"grape_varietal-pinot-noir","10":"wine_regions-limestone-coast","11":"wine_regions-south-australia","13":"first","14":"instock","15":"shipping-taxable","16":"product-type-simple"},"acf":[],"yoast_head":"<!-- This site is optimized with the Yoast SEO plugin v27.1.1 - https:\/\/yoast.com\/product\/yoast-seo-wordpress\/ -->\n<title>Elephant in the Room Palatial Pinot Noir - Rada Wines<\/title>\n<meta name=\"robots\" content=\"index, follow, max-snippet:-1, max-image-preview:large, max-video-preview:-1\" \/>\n<link rel=\"canonical\" href=\"https:\/\/www.ilovewines.vn\/vi\/san-pham\/elephant-in-the-room-palatial-pinot-noir\/\" \/>\n<meta property=\"og:locale\" content=\"vi_VN\" \/>\n<meta property=\"og:type\" content=\"article\" \/>\n<meta property=\"og:title\" content=\"Elephant in the Room Palatial Pinot Noir - Rada Wines\" \/>\n<meta property=\"og:description\" content=\"The Elephant in the Room wines are proudly large in scale and expansive in flavour. Ignoring fashion and braving the scorn \u201cwine thought police\u201d Elephant in the Room was created to give consumers exactly what they want \u2013 full bodied and mouth-filling wines that deliver maximum pleasure. Each wine is sourced from slow-ripening cool climate vineyards in the Limestone Coast of South Australia and partially matured in French Oak before final blending and bottling by Corey Ryan.\" \/>\n<meta property=\"og:url\" content=\"https:\/\/www.ilovewines.vn\/vi\/san-pham\/elephant-in-the-room-palatial-pinot-noir\/\" \/>\n<meta property=\"og:site_name\" content=\"Rada Wines\" \/>\n<meta property=\"article:modified_time\" content=\"2025-12-19T03:38:38+00:00\" \/>\n<meta property=\"og:image\" content=\"https:\/\/www.ilovewines.vn\/wp-content\/uploads\/2024\/12\/Elephant-in-the-Room-Pinot-Noir-scaled.jpg\" \/>\n\t<meta property=\"og:image:width\" content=\"922\" \/>\n\t<meta property=\"og:image:height\" content=\"2560\" \/>\n\t<meta property=\"og:image:type\" content=\"image\/jpeg\" \/>\n<meta name=\"twitter:card\" content=\"summary_large_image\" \/>\n<meta name=\"twitter:label1\" content=\"\u01af\u1edbc t\u00ednh th\u1eddi gian \u0111\u1ecdc\" \/>\n\t<meta name=\"twitter:data1\" content=\"2 ph\u00fat\" \/>\n<script type=\"application\/ld+json\" class=\"yoast-schema-graph\">{\"@context\":\"https:\/\/schema.org\",\"@graph\":[{\"@type\":\"WebPage\",\"@id\":\"https:\/\/www.ilovewines.vn\/product\/elephant-in-the-room-palatial-pinot-noir\/\",\"url\":\"https:\/\/www.ilovewines.vn\/product\/elephant-in-the-room-palatial-pinot-noir\/\",\"name\":\"Elephant in the Room Palatial Pinot Noir - Rada Wines\",\"isPartOf\":{\"@id\":\"https:\/\/www.ilovewines.vn\/#website\"},\"primaryImageOfPage\":{\"@id\":\"https:\/\/www.ilovewines.vn\/product\/elephant-in-the-room-palatial-pinot-noir\/#primaryimage\"},\"image\":{\"@id\":\"https:\/\/www.ilovewines.vn\/product\/elephant-in-the-room-palatial-pinot-noir\/#primaryimage\"},\"thumbnailUrl\":\"https:\/\/www.ilovewines.vn\/wp-content\/uploads\/2024\/12\/Elephant-in-the-Room-Pinot-Noir-scaled.jpg\",\"datePublished\":\"2024-12-19T01:05:46+00:00\",\"dateModified\":\"2025-12-19T03:38:38+00:00\",\"breadcrumb\":{\"@id\":\"https:\/\/www.ilovewines.vn\/product\/elephant-in-the-room-palatial-pinot-noir\/#breadcrumb\"},\"inLanguage\":\"vi\",\"potentialAction\":[{\"@type\":\"ReadAction\",\"target\":[\"https:\/\/www.ilovewines.vn\/product\/elephant-in-the-room-palatial-pinot-noir\/\"]}]},{\"@type\":\"ImageObject\",\"inLanguage\":\"vi\",\"@id\":\"https:\/\/www.ilovewines.vn\/product\/elephant-in-the-room-palatial-pinot-noir\/#primaryimage\",\"url\":\"https:\/\/www.ilovewines.vn\/wp-content\/uploads\/2024\/12\/Elephant-in-the-Room-Pinot-Noir-scaled.jpg\",\"contentUrl\":\"https:\/\/www.ilovewines.vn\/wp-content\/uploads\/2024\/12\/Elephant-in-the-Room-Pinot-Noir-scaled.jpg\",\"width\":922,\"height\":2560},{\"@type\":\"BreadcrumbList\",\"@id\":\"https:\/\/www.ilovewines.vn\/product\/elephant-in-the-room-palatial-pinot-noir\/#breadcrumb\",\"itemListElement\":[{\"@type\":\"ListItem\",\"position\":1,\"name\":\"Home\",\"item\":\"https:\/\/www.ilovewines.vn\/\"},{\"@type\":\"ListItem\",\"position\":2,\"name\":\"Catalogue\",\"item\":\"https:\/\/www.ilovewines.vn\/catalogue\/\"},{\"@type\":\"ListItem\",\"position\":3,\"name\":\"Elephant in the Room Palatial Pinot Noir\"}]},{\"@type\":\"WebSite\",\"@id\":\"https:\/\/www.ilovewines.vn\/#website\",\"url\":\"https:\/\/www.ilovewines.vn\/\",\"name\":\"Rada Wines\",\"description\":\"Just another WordPress site\",\"publisher\":{\"@id\":\"https:\/\/www.ilovewines.vn\/#organization\"},\"potentialAction\":[{\"@type\":\"SearchAction\",\"target\":{\"@type\":\"EntryPoint\",\"urlTemplate\":\"https:\/\/www.ilovewines.vn\/?s={search_term_string}\"},\"query-input\":{\"@type\":\"PropertyValueSpecification\",\"valueRequired\":true,\"valueName\":\"search_term_string\"}}],\"inLanguage\":\"vi\"},{\"@type\":\"Organization\",\"@id\":\"https:\/\/www.ilovewines.vn\/#organization\",\"name\":\"Rada Wines\",\"url\":\"https:\/\/www.ilovewines.vn\/\",\"logo\":{\"@type\":\"ImageObject\",\"inLanguage\":\"vi\",\"@id\":\"https:\/\/www.ilovewines.vn\/#\/schema\/logo\/image\/\",\"url\":\"https:\/\/www.ilovewines.vn\/wp-content\/uploads\/2022\/06\/cropped-162574230_380766779846763_4426584222903300096_n.jpg\",\"contentUrl\":\"https:\/\/www.ilovewines.vn\/wp-content\/uploads\/2022\/06\/cropped-162574230_380766779846763_4426584222903300096_n.jpg\",\"width\":320,\"height\":206,\"caption\":\"Rada Wines\"},\"image\":{\"@id\":\"https:\/\/www.ilovewines.vn\/#\/schema\/logo\/image\/\"}}]}<\/script>\n<!-- \/ Yoast SEO plugin. -->","yoast_head_json":{"title":"Elephant in the Room Palatial Pinot Noir - Rada Wines","robots":{"index":"index","follow":"follow","max-snippet":"max-snippet:-1","max-image-preview":"max-image-preview:large","max-video-preview":"max-video-preview:-1"},"canonical":"https:\/\/www.ilovewines.vn\/vi\/san-pham\/elephant-in-the-room-palatial-pinot-noir\/","og_locale":"vi_VN","og_type":"article","og_title":"Elephant in the Room Palatial Pinot Noir - Rada Wines","og_description":"The Elephant in the Room wines are proudly large in scale and expansive in flavour. Ignoring fashion and braving the scorn \u201cwine thought police\u201d Elephant in the Room was created to give consumers exactly what they want \u2013 full bodied and mouth-filling wines that deliver maximum pleasure. Each wine is sourced from slow-ripening cool climate vineyards in the Limestone Coast of South Australia and partially matured in French Oak before final blending and bottling by Corey Ryan.","og_url":"https:\/\/www.ilovewines.vn\/vi\/san-pham\/elephant-in-the-room-palatial-pinot-noir\/","og_site_name":"Rada Wines","article_modified_time":"2025-12-19T03:38:38+00:00","og_image":[{"width":922,"height":2560,"url":"https:\/\/www.ilovewines.vn\/wp-content\/uploads\/2024\/12\/Elephant-in-the-Room-Pinot-Noir-scaled.jpg","type":"image\/jpeg"}],"twitter_card":"summary_large_image","twitter_misc":{"\u01af\u1edbc t\u00ednh th\u1eddi gian \u0111\u1ecdc":"2 ph\u00fat"},"schema":{"@context":"https:\/\/schema.org","@graph":[{"@type":"WebPage","@id":"https:\/\/www.ilovewines.vn\/product\/elephant-in-the-room-palatial-pinot-noir\/","url":"https:\/\/www.ilovewines.vn\/product\/elephant-in-the-room-palatial-pinot-noir\/","name":"Elephant in the Room Palatial Pinot Noir - Rada Wines","isPartOf":{"@id":"https:\/\/www.ilovewines.vn\/#website"},"primaryImageOfPage":{"@id":"https:\/\/www.ilovewines.vn\/product\/elephant-in-the-room-palatial-pinot-noir\/#primaryimage"},"image":{"@id":"https:\/\/www.ilovewines.vn\/product\/elephant-in-the-room-palatial-pinot-noir\/#primaryimage"},"thumbnailUrl":"https:\/\/www.ilovewines.vn\/wp-content\/uploads\/2024\/12\/Elephant-in-the-Room-Pinot-Noir-scaled.jpg","datePublished":"2024-12-19T01:05:46+00:00","dateModified":"2025-12-19T03:38:38+00:00","breadcrumb":{"@id":"https:\/\/www.ilovewines.vn\/product\/elephant-in-the-room-palatial-pinot-noir\/#breadcrumb"},"inLanguage":"vi","potentialAction":[{"@type":"ReadAction","target":["https:\/\/www.ilovewines.vn\/product\/elephant-in-the-room-palatial-pinot-noir\/"]}]},{"@type":"ImageObject","inLanguage":"vi","@id":"https:\/\/www.ilovewines.vn\/product\/elephant-in-the-room-palatial-pinot-noir\/#primaryimage","url":"https:\/\/www.ilovewines.vn\/wp-content\/uploads\/2024\/12\/Elephant-in-the-Room-Pinot-Noir-scaled.jpg","contentUrl":"https:\/\/www.ilovewines.vn\/wp-content\/uploads\/2024\/12\/Elephant-in-the-Room-Pinot-Noir-scaled.jpg","width":922,"height":2560},{"@type":"BreadcrumbList","@id":"https:\/\/www.ilovewines.vn\/product\/elephant-in-the-room-palatial-pinot-noir\/#breadcrumb","itemListElement":[{"@type":"ListItem","position":1,"name":"Home","item":"https:\/\/www.ilovewines.vn\/"},{"@type":"ListItem","position":2,"name":"Catalogue","item":"https:\/\/www.ilovewines.vn\/catalogue\/"},{"@type":"ListItem","position":3,"name":"Elephant in the Room Palatial Pinot Noir"}]},{"@type":"WebSite","@id":"https:\/\/www.ilovewines.vn\/#website","url":"https:\/\/www.ilovewines.vn\/","name":"Rada Wines","description":"Just another WordPress site","publisher":{"@id":"https:\/\/www.ilovewines.vn\/#organization"},"potentialAction":[{"@type":"SearchAction","target":{"@type":"EntryPoint","urlTemplate":"https:\/\/www.ilovewines.vn\/?s={search_term_string}"},"query-input":{"@type":"PropertyValueSpecification","valueRequired":true,"valueName":"search_term_string"}}],"inLanguage":"vi"},{"@type":"Organization","@id":"https:\/\/www.ilovewines.vn\/#organization","name":"Rada Wines","url":"https:\/\/www.ilovewines.vn\/","logo":{"@type":"ImageObject","inLanguage":"vi","@id":"https:\/\/www.ilovewines.vn\/#\/schema\/logo\/image\/","url":"https:\/\/www.ilovewines.vn\/wp-content\/uploads\/2022\/06\/cropped-162574230_380766779846763_4426584222903300096_n.jpg","contentUrl":"https:\/\/www.ilovewines.vn\/wp-content\/uploads\/2022\/06\/cropped-162574230_380766779846763_4426584222903300096_n.jpg","width":320,"height":206,"caption":"Rada Wines"},"image":{"@id":"https:\/\/www.ilovewines.vn\/#\/schema\/logo\/image\/"}}]}},"_links":{"self":[{"href":"https:\/\/www.ilovewines.vn\/vi\/wp-json\/wp\/v2\/product\/6652","targetHints":{"allow":["GET"]}}],"collection":[{"href":"https:\/\/www.ilovewines.vn\/vi\/wp-json\/wp\/v2\/product"}],"about":[{"href":"https:\/\/www.ilovewines.vn\/vi\/wp-json\/wp\/v2\/types\/product"}],"version-history":[{"count":5,"href":"https:\/\/www.ilovewines.vn\/vi\/wp-json\/wp\/v2\/product\/6652\/revisions"}],"predecessor-version":[{"id":6681,"href":"https:\/\/www.ilovewines.vn\/vi\/wp-json\/wp\/v2\/product\/6652\/revisions\/6681"}],"wp:featuredmedia":[{"embeddable":true,"href":"https:\/\/www.ilovewines.vn\/vi\/wp-json\/wp\/v2\/media\/6653"}],"wp:attachment":[{"href":"https:\/\/www.ilovewines.vn\/vi\/wp-json\/wp\/v2\/media?parent=6652"}],"wp:term":[{"taxonomy":"product_brand","embeddable":true,"href":"https:\/\/www.ilovewines.vn\/vi\/wp-json\/wp\/v2\/product_brand?post=6652"},{"taxonomy":"product_cat","embeddable":true,"href":"https:\/\/www.ilovewines.vn\/vi\/wp-json\/wp\/v2\/product_cat?post=6652"},{"taxonomy":"product_tag","embeddable":true,"href":"https:\/\/www.ilovewines.vn\/vi\/wp-json\/wp\/v2\/product_tag?post=6652"},{"taxonomy":"grape_varietal","embeddable":true,"href":"https:\/\/www.ilovewines.vn\/vi\/wp-json\/wp\/v2\/grape_varietal?post=6652"},{"taxonomy":"wine_regions","embeddable":true,"href":"https:\/\/www.ilovewines.vn\/vi\/wp-json\/wp\/v2\/wine_regions?post=6652"}],"curies":[{"name":"wp","href":"https:\/\/api.w.org\/{rel}","templated":true}]}}