{"id":6656,"date":"2024-12-18T18:03:50","date_gmt":"2024-12-19T01:03:50","guid":{"rendered":"https:\/\/www.ilovewines.vn\/?post_type=product&#038;p=6656"},"modified":"2025-12-18T20:39:12","modified_gmt":"2025-12-19T03:39:12","slug":"elephant-in-the-room-mammoth-cabernet-sauvignon","status":"publish","type":"product","link":"https:\/\/www.ilovewines.vn\/vi\/product\/elephant-in-the-room-mammoth-cabernet-sauvignon\/","title":{"rendered":"Elephant in the Room Mammoth Cabernet Sauvignon"},"content":{"rendered":"<p>Nh\u00e0 ch\u1ebf t\u00e1c: Corey Ryan<\/p>\n<p>Lo\u1ea1i nho: 90% Cabernet Sauvignon, 10% Merlot<\/p>\n<p>V\u01b0\u1eddn nho:<\/p>\n<p>\u0110\u01b0\u1ee3c thu ho\u1ea1ch t\u1eeb nh\u1eefng v\u01b0\u1eddn nho l\u00e2u \u0111\u1eddi trong khu v\u1ef1c ven bi\u1ec3n Mount Benson thu\u1ed9c v\u00f9ng Limestone Coast. \u0110\u1ecba h\u00ecnh \u0111\u01b0\u1ee3c che ch\u1eafn v\u00e0 nhi\u1ec7t \u0111\u1ed9 \u1ed5n \u0111\u1ecbnh gi\u00fap duy tr\u00ec \u0111\u1ed9 axit t\u1ef1 nhi\u00ean trong nh\u1eefng tr\u00e1i nho thanh l\u1ecbch, \u0111\u1ed3ng th\u1eddi th\u00fac \u0111\u1ea9y s\u1ef1 ph\u00e1t tri\u1ec3n h\u01b0\u01a1ng v\u1ecb ch\u1eadm r\u00e3i v\u00e0 s\u00e2u s\u1eafc.<\/p>\n<p>S\u1ea3n xu\u1ea5t:<\/p>\n<p>M\u1ed9t ph\u1ea7n \u0111\u01b0\u1ee3c thu ho\u1ea1ch b\u1eb1ng tay tr\u01b0\u1edbc khi b\u1ecf cu\u1ed1ng, ch\u1ee7 y\u1ebfu l\u00ean men trong c\u00e1c th\u00f9ng k\u00edn v\u1edbi ph\u01b0\u01a1ng ph\u00e1p b\u01a1m tu\u1ea7n ho\u00e0n, c\u00f9ng v\u1edbi m\u1ed9t ph\u1ea7n l\u00ean men trong th\u00f9ng h\u1edf. T\u1ea5t c\u1ea3 c\u00e1c th\u00e0nh ph\u1ea7n \u0111\u01b0\u1ee3c pha tr\u1ed9n sau qu\u00e1 tr\u00ecnh l\u00ean men, trong \u0111\u00f3 hai ph\u1ea7n ba \u0111\u01b0\u1ee3c \u1ee7 trong th\u00e9p kh\u00f4ng g\u1ec9 v\u00e0 m\u1ed9t ph\u1ea7n ba \u0111\u01b0\u1ee3c \u1ee7 trong th\u00f9ng g\u1ed7 s\u1ed3i Ph\u00e1p trong ch\u00edn th\u00e1ng tr\u01b0\u1edbc khi \u0111\u00f3ng chai, v\u1edbi qu\u00e1 tr\u00ecnh tinh l\u1ecdc, l\u1ecdc v\u00e0 b\u1ed5 sung l\u01b0u hu\u1ef3nh \u1edf m\u1ee9c t\u1ed1i thi\u1ec3u.<\/p>\n<p>Ni\u00ean v\u1ee5 2021:<\/p>\n<p>N\u1ebfu n\u0103m 2020 l\u00e0 v\u1ec1 c\u00e1i n\u00f3ng, th\u00ec n\u0103m 2021 s\u1ebd \u0111\u01b0\u1ee3c nh\u1edb \u0111\u1ebfn nh\u01b0 m\u1ed9t m\u00f9a m\u01b0a. \u1ede nhi\u1ec1u v\u00f9ng c\u1ee7a \u00dac, m\u00f9a \u0110\u00f4ng \u1ea9m \u01b0\u1edbt h\u01a1n b\u00ecnh th\u01b0\u1eddng, nh\u01b0ng kh\u00f4ng v\u00e0o nh\u1eefng th\u1eddi \u0111i\u1ec3m quan tr\u1ecdng \u0111\u1ebfn m\u1ee9c g\u00e2y thi\u1ec7t h\u1ea1i hay \u1ea3nh h\u01b0\u1edfng \u0111\u1ebfn \u0111\u1ed9 ch\u00edn c\u1ee7a nho. M\u1ed9t m\u00f9a H\u00e8 m\u00e1t m\u1ebb v\u00e0 kh\u00f4 r\u00e1o \u0111\u00e3 gi\u00fap nho ch\u00edn \u0111\u1ec1u gi\u1eefa nh\u1eefng \u0111\u1ee3t kh\u00f4 h\u1ea1n v\u00e0 m\u01b0a, \u0111\u1ea3m b\u1ea3o ch\u1ea5t l\u01b0\u1ee3ng tr\u00e1i nho tuy\u1ec7t v\u1eddi. \u0110\u1eb7c bi\u1ec7t, s\u1ea3n l\u01b0\u1ee3ng thu ho\u1ea1ch n\u0103m 2021 t\u0103ng \u0111\u00e1ng k\u1ec3, t\u1ea1o n\u00ean m\u1ed9t v\u1ee5 m\u00f9a b\u1ed9i thu hi\u1ebfm c\u00f3.<\/p>\n<p>M\u00f4 t\u1ea3 h\u01b0\u01a1ng v\u1ecb: H\u01b0\u01a1ng th\u01a1m \u0111\u1eb7c tr\u01b0ng c\u1ee7a Cabernet v\u1edbi n\u1ed1t h\u01b0\u01a1ng l\u00fd chua \u0111en (blackcurrant) h\u00f2a quy\u1ec7n c\u00f9ng nh\u1eefng n\u1ed1t tinh t\u1ebf c\u1ee7a thu\u1ed1c l\u00e1 tho\u1ea3ng h\u01b0\u01a1ng \u0111\u1ea5t<\/p>\n<p>V\u1ecb r\u01b0\u1ee3u \u0111\u1eadm \u0111\u00e0 v\u00e0 s\u1ed1ng \u0111\u1ed9ng, n\u1ed5i b\u1eadt v\u1edbi l\u00f5i tr\u00e1i c\u00e2y m\u1ecdng n\u01b0\u1edbc m\u1ec1m m\u1ea1i, h\u00f2a quy\u1ec7n c\u00f9ng s\u00f4 c\u00f4 la \u0111en v\u00e0 cassis, d\u1ea7n ph\u00e1t tri\u1ec3n th\u00e0nh h\u1eadu v\u1ecb ch\u00edn mu\u1ed3i, tr\u00e0n \u0111\u1ea7y trong mi\u1ec7ng. R\u01b0\u1ee3u th\u1ec3 hi\u1ec7n nh\u1eefng n\u1ed1t h\u01b0\u01a1ng l\u00e1 xanh \u0111\u1eb7c tr\u01b0ng, mang \u0111\u1ebfn h\u01b0\u01a1ng v\u1ecb Cabernet ch\u00e2n th\u1ef1c v\u1edbi \u0111\u1ed9 axit t\u01b0\u01a1i s\u00e1ng v\u00e0 h\u1eadu v\u1ecb k\u00e9o d\u00e0i.<\/p>\n<p>K\u1ebft h\u1ee3p v\u1edbi: Tuy\u1ec7t v\u1eddi \u0111\u1ec3 th\u01b0\u1edfng th\u1ee9c trong th\u1eddi ti\u1ebft m\u00e1t m\u1ebb, \u0111\u1eb7c bi\u1ec7t khi d\u00f9ng k\u00e8m s\u01b0\u1eddn c\u1eebu n\u01b0\u1edbng.<\/p>\n<p>&nbsp;<\/p>","protected":false},"excerpt":{"rendered":"<p>R\u01b0\u1ee3u vang The Elephant in the Room t\u1ef1 h\u00e0o c\u00f3 quy m\u00f4 l\u1edbn v\u00e0 h\u01b0\u01a1ng v\u1ecb \u0111\u1eadm \u0111\u00e0. B\u1ea5t ch\u1ea5p xu h\u01b0\u1edbng th\u1eddi trang v\u00e0 kh\u00f4ng e ng\u1ea1i s\u1ef1 ch\u1ec9 tr\u00edch c\u1ee7a \u201cc\u1ea3nh s\u00e1t t\u01b0 t\u01b0\u1edfng r\u01b0\u1ee3u vang,\u201d Elephant in the Room \u0111\u01b0\u1ee3c t\u1ea1o ra \u0111\u1ec3 mang \u0111\u1ebfn cho ng\u01b0\u1eddi ti\u00eau d\u00f9ng ch\u00ednh x\u00e1c nh\u1eefng g\u00ec h\u1ecd mong mu\u1ed1n \u2013 nh\u1eefng chai r\u01b0\u1ee3u vang \u0111\u1eadm \u0111\u00e0, tr\u00e0n \u0111\u1ea7y trong mi\u1ec7ng v\u00e0 mang l\u1ea1i s\u1ef1 t\u1eadn h\u01b0\u1edfng t\u1ed1i \u0111a. M\u1ed7i chai r\u01b0\u1ee3u \u0111\u1ec1u \u0111\u01b0\u1ee3c ch\u1ecdn l\u1ecdc t\u1eeb nh\u1eefng v\u01b0\u1eddn nho kh\u00ed h\u1eadu m\u00e1t m\u1ebb, ch\u00edn ch\u1eadm t\u1ea1i Limestone Coast, Nam \u00dac, sau \u0111\u00f3 \u0111\u01b0\u1ee3c \u1ee7 m\u1ed9t ph\u1ea7n trong th\u00f9ng g\u1ed7 s\u1ed3i Ph\u00e1p tr\u01b0\u1edbc khi pha tr\u1ed9n v\u00e0 \u0111\u00f3ng chai b\u1edfi Corey Ryan.<\/p>","protected":false},"featured_media":6657,"template":"","meta":{"_acf_changed":false},"product_brand":[],"product_cat":[87,93],"product_tag":[],"grape_varietal":[2467,2468],"wine_regions":[2644,2410],"class_list":{"0":"post-6656","1":"product","2":"type-product","3":"status-publish","4":"has-post-thumbnail","6":"product_cat-red-wine","7":"product_cat-wine","8":"pa_brand-elephant-in-the-room","9":"grape_varietal-cabernet-sauvignon","10":"grape_varietal-merlot","11":"wine_regions-limestone-coast","12":"wine_regions-south-australia","14":"first","15":"instock","16":"shipping-taxable","17":"product-type-simple"},"acf":[],"yoast_head":"<!-- This site is optimized with the Yoast SEO plugin v27.4 - https:\/\/yoast.com\/product\/yoast-seo-wordpress\/ -->\n<title>Elephant in the Room Mammoth Cabernet Sauvignon - Rada Wines<\/title>\n<meta name=\"robots\" content=\"index, follow, max-snippet:-1, max-image-preview:large, max-video-preview:-1\" \/>\n<link rel=\"canonical\" href=\"https:\/\/www.ilovewines.vn\/vi\/san-pham\/elephant-in-the-room-mammoth-cabernet-sauvignon\/\" \/>\n<meta property=\"og:locale\" content=\"vi_VN\" \/>\n<meta property=\"og:type\" content=\"article\" \/>\n<meta property=\"og:title\" content=\"Elephant in the Room Mammoth Cabernet Sauvignon - Rada Wines\" \/>\n<meta property=\"og:description\" content=\"The Elephant in the Room wines are proudly large in scale and expansive in flavour. Ignoring fashion and braving the scorn \u201cwine thought police\u201d Elephant in the Room was created to give consumers exactly what they want \u2013 full bodied and mouth-filling wines that deliver maximum pleasure. Each wine is sourced from slow-ripening cool climate vineyards in the Limestone Coast of South Australia and partially matured in French Oak before final blending and bottling by Corey Ryan.\" \/>\n<meta property=\"og:url\" content=\"https:\/\/www.ilovewines.vn\/vi\/san-pham\/elephant-in-the-room-mammoth-cabernet-sauvignon\/\" \/>\n<meta property=\"og:site_name\" content=\"Rada Wines\" \/>\n<meta property=\"article:modified_time\" content=\"2025-12-19T03:39:12+00:00\" \/>\n<meta property=\"og:image\" content=\"https:\/\/www.ilovewines.vn\/wp-content\/uploads\/2024\/12\/Elephant-in-the-Room-Cabernet-361x1024.png\" \/>\n\t<meta property=\"og:image:width\" content=\"361\" \/>\n\t<meta property=\"og:image:height\" content=\"1024\" \/>\n\t<meta property=\"og:image:type\" content=\"image\/png\" \/>\n<meta name=\"twitter:card\" content=\"summary_large_image\" \/>\n<meta name=\"twitter:label1\" content=\"\u01af\u1edbc t\u00ednh th\u1eddi gian \u0111\u1ecdc\" \/>\n\t<meta name=\"twitter:data1\" content=\"2 ph\u00fat\" \/>\n<script type=\"application\/ld+json\" class=\"yoast-schema-graph\">{\"@context\":\"https:\\\/\\\/schema.org\",\"@graph\":[{\"@type\":\"WebPage\",\"@id\":\"https:\\\/\\\/www.ilovewines.vn\\\/product\\\/elephant-in-the-room-mammoth-cabernet-sauvignon\\\/\",\"url\":\"https:\\\/\\\/www.ilovewines.vn\\\/product\\\/elephant-in-the-room-mammoth-cabernet-sauvignon\\\/\",\"name\":\"Elephant in the Room Mammoth Cabernet Sauvignon - Rada Wines\",\"isPartOf\":{\"@id\":\"https:\\\/\\\/www.ilovewines.vn\\\/#website\"},\"primaryImageOfPage\":{\"@id\":\"https:\\\/\\\/www.ilovewines.vn\\\/product\\\/elephant-in-the-room-mammoth-cabernet-sauvignon\\\/#primaryimage\"},\"image\":{\"@id\":\"https:\\\/\\\/www.ilovewines.vn\\\/product\\\/elephant-in-the-room-mammoth-cabernet-sauvignon\\\/#primaryimage\"},\"thumbnailUrl\":\"https:\\\/\\\/www.ilovewines.vn\\\/wp-content\\\/uploads\\\/2024\\\/12\\\/Elephant-in-the-Room-Cabernet.png\",\"datePublished\":\"2024-12-19T01:03:50+00:00\",\"dateModified\":\"2025-12-19T03:39:12+00:00\",\"breadcrumb\":{\"@id\":\"https:\\\/\\\/www.ilovewines.vn\\\/product\\\/elephant-in-the-room-mammoth-cabernet-sauvignon\\\/#breadcrumb\"},\"inLanguage\":\"vi\",\"potentialAction\":[{\"@type\":\"ReadAction\",\"target\":[\"https:\\\/\\\/www.ilovewines.vn\\\/product\\\/elephant-in-the-room-mammoth-cabernet-sauvignon\\\/\"]}]},{\"@type\":\"ImageObject\",\"inLanguage\":\"vi\",\"@id\":\"https:\\\/\\\/www.ilovewines.vn\\\/product\\\/elephant-in-the-room-mammoth-cabernet-sauvignon\\\/#primaryimage\",\"url\":\"https:\\\/\\\/www.ilovewines.vn\\\/wp-content\\\/uploads\\\/2024\\\/12\\\/Elephant-in-the-Room-Cabernet.png\",\"contentUrl\":\"https:\\\/\\\/www.ilovewines.vn\\\/wp-content\\\/uploads\\\/2024\\\/12\\\/Elephant-in-the-Room-Cabernet.png\",\"width\":1805,\"height\":5121},{\"@type\":\"BreadcrumbList\",\"@id\":\"https:\\\/\\\/www.ilovewines.vn\\\/product\\\/elephant-in-the-room-mammoth-cabernet-sauvignon\\\/#breadcrumb\",\"itemListElement\":[{\"@type\":\"ListItem\",\"position\":1,\"name\":\"Home\",\"item\":\"https:\\\/\\\/www.ilovewines.vn\\\/\"},{\"@type\":\"ListItem\",\"position\":2,\"name\":\"Catalogue\",\"item\":\"https:\\\/\\\/www.ilovewines.vn\\\/catalogue\\\/\"},{\"@type\":\"ListItem\",\"position\":3,\"name\":\"Elephant in the Room Mammoth Cabernet Sauvignon\"}]},{\"@type\":\"WebSite\",\"@id\":\"https:\\\/\\\/www.ilovewines.vn\\\/#website\",\"url\":\"https:\\\/\\\/www.ilovewines.vn\\\/\",\"name\":\"Rada Wines\",\"description\":\"Just another WordPress site\",\"publisher\":{\"@id\":\"https:\\\/\\\/www.ilovewines.vn\\\/#organization\"},\"potentialAction\":[{\"@type\":\"SearchAction\",\"target\":{\"@type\":\"EntryPoint\",\"urlTemplate\":\"https:\\\/\\\/www.ilovewines.vn\\\/?s={search_term_string}\"},\"query-input\":{\"@type\":\"PropertyValueSpecification\",\"valueRequired\":true,\"valueName\":\"search_term_string\"}}],\"inLanguage\":\"vi\"},{\"@type\":\"Organization\",\"@id\":\"https:\\\/\\\/www.ilovewines.vn\\\/#organization\",\"name\":\"Rada Wines\",\"url\":\"https:\\\/\\\/www.ilovewines.vn\\\/\",\"logo\":{\"@type\":\"ImageObject\",\"inLanguage\":\"vi\",\"@id\":\"https:\\\/\\\/www.ilovewines.vn\\\/#\\\/schema\\\/logo\\\/image\\\/\",\"url\":\"https:\\\/\\\/www.ilovewines.vn\\\/wp-content\\\/uploads\\\/2022\\\/06\\\/cropped-162574230_380766779846763_4426584222903300096_n.jpg\",\"contentUrl\":\"https:\\\/\\\/www.ilovewines.vn\\\/wp-content\\\/uploads\\\/2022\\\/06\\\/cropped-162574230_380766779846763_4426584222903300096_n.jpg\",\"width\":320,\"height\":206,\"caption\":\"Rada Wines\"},\"image\":{\"@id\":\"https:\\\/\\\/www.ilovewines.vn\\\/#\\\/schema\\\/logo\\\/image\\\/\"}}]}<\/script>\n<!-- \/ Yoast SEO plugin. -->","yoast_head_json":{"title":"Elephant in the Room Mammoth Cabernet Sauvignon - Rada Wines","robots":{"index":"index","follow":"follow","max-snippet":"max-snippet:-1","max-image-preview":"max-image-preview:large","max-video-preview":"max-video-preview:-1"},"canonical":"https:\/\/www.ilovewines.vn\/vi\/san-pham\/elephant-in-the-room-mammoth-cabernet-sauvignon\/","og_locale":"vi_VN","og_type":"article","og_title":"Elephant in the Room Mammoth Cabernet Sauvignon - Rada Wines","og_description":"The Elephant in the Room wines are proudly large in scale and expansive in flavour. Ignoring fashion and braving the scorn \u201cwine thought police\u201d Elephant in the Room was created to give consumers exactly what they want \u2013 full bodied and mouth-filling wines that deliver maximum pleasure. Each wine is sourced from slow-ripening cool climate vineyards in the Limestone Coast of South Australia and partially matured in French Oak before final blending and bottling by Corey Ryan.","og_url":"https:\/\/www.ilovewines.vn\/vi\/san-pham\/elephant-in-the-room-mammoth-cabernet-sauvignon\/","og_site_name":"Rada Wines","article_modified_time":"2025-12-19T03:39:12+00:00","og_image":[{"width":361,"height":1024,"url":"https:\/\/www.ilovewines.vn\/wp-content\/uploads\/2024\/12\/Elephant-in-the-Room-Cabernet-361x1024.png","type":"image\/png"}],"twitter_card":"summary_large_image","twitter_misc":{"\u01af\u1edbc t\u00ednh th\u1eddi gian \u0111\u1ecdc":"2 ph\u00fat"},"schema":{"@context":"https:\/\/schema.org","@graph":[{"@type":"WebPage","@id":"https:\/\/www.ilovewines.vn\/product\/elephant-in-the-room-mammoth-cabernet-sauvignon\/","url":"https:\/\/www.ilovewines.vn\/product\/elephant-in-the-room-mammoth-cabernet-sauvignon\/","name":"Elephant in the Room Mammoth Cabernet Sauvignon - Rada Wines","isPartOf":{"@id":"https:\/\/www.ilovewines.vn\/#website"},"primaryImageOfPage":{"@id":"https:\/\/www.ilovewines.vn\/product\/elephant-in-the-room-mammoth-cabernet-sauvignon\/#primaryimage"},"image":{"@id":"https:\/\/www.ilovewines.vn\/product\/elephant-in-the-room-mammoth-cabernet-sauvignon\/#primaryimage"},"thumbnailUrl":"https:\/\/www.ilovewines.vn\/wp-content\/uploads\/2024\/12\/Elephant-in-the-Room-Cabernet.png","datePublished":"2024-12-19T01:03:50+00:00","dateModified":"2025-12-19T03:39:12+00:00","breadcrumb":{"@id":"https:\/\/www.ilovewines.vn\/product\/elephant-in-the-room-mammoth-cabernet-sauvignon\/#breadcrumb"},"inLanguage":"vi","potentialAction":[{"@type":"ReadAction","target":["https:\/\/www.ilovewines.vn\/product\/elephant-in-the-room-mammoth-cabernet-sauvignon\/"]}]},{"@type":"ImageObject","inLanguage":"vi","@id":"https:\/\/www.ilovewines.vn\/product\/elephant-in-the-room-mammoth-cabernet-sauvignon\/#primaryimage","url":"https:\/\/www.ilovewines.vn\/wp-content\/uploads\/2024\/12\/Elephant-in-the-Room-Cabernet.png","contentUrl":"https:\/\/www.ilovewines.vn\/wp-content\/uploads\/2024\/12\/Elephant-in-the-Room-Cabernet.png","width":1805,"height":5121},{"@type":"BreadcrumbList","@id":"https:\/\/www.ilovewines.vn\/product\/elephant-in-the-room-mammoth-cabernet-sauvignon\/#breadcrumb","itemListElement":[{"@type":"ListItem","position":1,"name":"Home","item":"https:\/\/www.ilovewines.vn\/"},{"@type":"ListItem","position":2,"name":"Catalogue","item":"https:\/\/www.ilovewines.vn\/catalogue\/"},{"@type":"ListItem","position":3,"name":"Elephant in the Room Mammoth Cabernet Sauvignon"}]},{"@type":"WebSite","@id":"https:\/\/www.ilovewines.vn\/#website","url":"https:\/\/www.ilovewines.vn\/","name":"Rada Wines","description":"Just another WordPress site","publisher":{"@id":"https:\/\/www.ilovewines.vn\/#organization"},"potentialAction":[{"@type":"SearchAction","target":{"@type":"EntryPoint","urlTemplate":"https:\/\/www.ilovewines.vn\/?s={search_term_string}"},"query-input":{"@type":"PropertyValueSpecification","valueRequired":true,"valueName":"search_term_string"}}],"inLanguage":"vi"},{"@type":"Organization","@id":"https:\/\/www.ilovewines.vn\/#organization","name":"Rada Wines","url":"https:\/\/www.ilovewines.vn\/","logo":{"@type":"ImageObject","inLanguage":"vi","@id":"https:\/\/www.ilovewines.vn\/#\/schema\/logo\/image\/","url":"https:\/\/www.ilovewines.vn\/wp-content\/uploads\/2022\/06\/cropped-162574230_380766779846763_4426584222903300096_n.jpg","contentUrl":"https:\/\/www.ilovewines.vn\/wp-content\/uploads\/2022\/06\/cropped-162574230_380766779846763_4426584222903300096_n.jpg","width":320,"height":206,"caption":"Rada Wines"},"image":{"@id":"https:\/\/www.ilovewines.vn\/#\/schema\/logo\/image\/"}}]}},"_links":{"self":[{"href":"https:\/\/www.ilovewines.vn\/vi\/wp-json\/wp\/v2\/product\/6656","targetHints":{"allow":["GET"]}}],"collection":[{"href":"https:\/\/www.ilovewines.vn\/vi\/wp-json\/wp\/v2\/product"}],"about":[{"href":"https:\/\/www.ilovewines.vn\/vi\/wp-json\/wp\/v2\/types\/product"}],"version-history":[{"count":4,"href":"https:\/\/www.ilovewines.vn\/vi\/wp-json\/wp\/v2\/product\/6656\/revisions"}],"predecessor-version":[{"id":6680,"href":"https:\/\/www.ilovewines.vn\/vi\/wp-json\/wp\/v2\/product\/6656\/revisions\/6680"}],"wp:featuredmedia":[{"embeddable":true,"href":"https:\/\/www.ilovewines.vn\/vi\/wp-json\/wp\/v2\/media\/6657"}],"wp:attachment":[{"href":"https:\/\/www.ilovewines.vn\/vi\/wp-json\/wp\/v2\/media?parent=6656"}],"wp:term":[{"taxonomy":"product_brand","embeddable":true,"href":"https:\/\/www.ilovewines.vn\/vi\/wp-json\/wp\/v2\/product_brand?post=6656"},{"taxonomy":"product_cat","embeddable":true,"href":"https:\/\/www.ilovewines.vn\/vi\/wp-json\/wp\/v2\/product_cat?post=6656"},{"taxonomy":"product_tag","embeddable":true,"href":"https:\/\/www.ilovewines.vn\/vi\/wp-json\/wp\/v2\/product_tag?post=6656"},{"taxonomy":"grape_varietal","embeddable":true,"href":"https:\/\/www.ilovewines.vn\/vi\/wp-json\/wp\/v2\/grape_varietal?post=6656"},{"taxonomy":"wine_regions","embeddable":true,"href":"https:\/\/www.ilovewines.vn\/vi\/wp-json\/wp\/v2\/wine_regions?post=6656"}],"curies":[{"name":"wp","href":"https:\/\/api.w.org\/{rel}","templated":true}]}}