{"id":7059,"date":"2026-04-12T20:32:08","date_gmt":"2026-04-13T02:32:08","guid":{"rendered":"https:\/\/www.ilovewines.vn\/?post_type=product&#038;p=7059"},"modified":"2026-04-12T20:32:08","modified_gmt":"2026-04-13T02:32:08","slug":"richland-sparkling-cuvee-chardonnay-pinot-noir","status":"publish","type":"product","link":"https:\/\/www.ilovewines.vn\/vi\/product\/richland-sparkling-cuvee-chardonnay-pinot-noir\/","title":{"rendered":"Richland Sparkling Cuvee Chardonnay Pinot Noir"},"content":{"rendered":"<p><strong>V\u00f9ng tr\u1ed3ng<\/strong>: Ngu\u1ed3n nho \u0111\u01b0\u1ee3c tuy\u1ec3n ch\u1ecdn t\u1eeb c\u00e1c v\u01b0\u1eddn nho gia \u0111\u00ecnh t\u1ea1i v\u00f9ng Riverina.<\/p>\n<p><strong>Tasting Note<\/strong>: Lively sparkling with lifted Chardonnay aromas of lemon citrus and mango cr\u00e8me with balanced red currant characters of Pinot Noir. A creamy palate of underlying pineapple and papaya with dancing delicate bubbles, complemented by nougat flavours and a crisp finish.<\/p>\n<p>General Characteristics | Dry &amp; Medium bodied<\/p>\n<p><strong>M\u00f3n \u0103n k\u00e8m<\/strong>: Serve chilled, simply on its own or with Canap\u00e9s and soft white cheese. Also an enjoyable accompaniment to seafood, freshly shucked Oysters or grilled Salmon.<\/p>\n<p><strong>Qu\u00e1 tr\u00ecnh s\u1ea3n xu\u1ea5t<\/strong>: Fruit is selected from the Riverina area. The Mediterranean-style climate allows the grapes to ripen slowly and develop freshness of flavour.<\/p>\n<p><strong>Ph\u00e2n t\u00edch r\u01b0\u1ee3u<\/strong>: Alc\/Vol: 11.5% | pH: 3.3 | TA: 6.7 | Sugar: 10.2g\/L<\/p>\n<p><strong>Gi\u1ea3i th\u01b0\u1edfng<\/strong><\/p>\n<p><img decoding=\"async\" class=\"alignnone size-full wp-image-7065\" src=\"https:\/\/www.ilovewines.vn\/wp-content\/uploads\/2026\/02\/Screenshot-2026-02-26-121518.png\" alt=\"\" width=\"171\" height=\"217\" srcset=\"https:\/\/www.ilovewines.vn\/wp-content\/uploads\/2026\/02\/Screenshot-2026-02-26-121518.png 171w, https:\/\/www.ilovewines.vn\/wp-content\/uploads\/2026\/02\/Screenshot-2026-02-26-121518-9x12.png 9w\" sizes=\"(max-width: 171px) 100vw, 171px\" \/><\/p>","protected":false},"excerpt":{"rendered":"<p>D\u00f2ng s\u1ea3n ph\u1ea9m Calabria Richland mang \u0111\u1ebfn nh\u1eefng lo\u1ea1i r\u01b0\u1ee3u vang \u0111\u00e1ng tin c\u1eady, d\u1ec5 th\u01b0\u1edfng th\u1ee9c v\u00e0 lu\u00f4n mang l\u1ea1i ch\u1ea5t l\u01b0\u1ee3ng v\u01b0\u1ee3t ngo\u00e0i mong \u0111\u1ee3i. Ch\u00fang t\u00f4i n\u1ed7 l\u1ef1c ch\u1eaft l\u1ecdc tinh t\u00fay c\u1ee7a t\u1eebng gi\u1ed1ng nho v\u00e0 \u0111\u01b0a v\u00e0o d\u00f2ng s\u1ea3n ph\u1ea9m n\u00e0y kh\u00f4ng ch\u1ec9 c\u00e1c gi\u1ed1ng nho truy\u1ec1n th\u1ed1ng m\u00e0 c\u00f2n c\u1ea3 nh\u1eefng lo\u1ea1i r\u01b0\u1ee3u vang \u0111\u01b0\u1ee3c l\u00e0m t\u1eeb c\u00e1c gi\u1ed1ng nho m\u1edbi m\u1ebb, \u0111\u1ea7y th\u00fa v\u1ecb t\u1ea1i n\u01b0\u1edbc \u00dac. D\u00f2ng s\u1ea3n ph\u1ea9m Richland ban \u0111\u1ea7u \u0111\u01b0\u1ee3c l\u1ea5y c\u1ea3m h\u1ee9ng t\u1eeb kh\u00ed h\u1eadu \u0110\u1ecba Trung H\u1ea3i c\u00f9ng th\u1ed5 nh\u01b0\u1ee1ng tr\u00f9 ph\u00fa, m\u00e0u m\u1ee1 c\u1ee7a v\u00f9ng \u0110\u00f4ng Nam \u00dac. Nh\u00e3n hi\u1ec7u Richland \u0111\u01b0\u1ee3c t\u1ea1o ra nh\u1eb1m tri \u00e2n nh\u1eefng ng\u01b0\u1eddi ti\u00ean phong v\u00e0 nh\u00e0 s\u00e1ng l\u1eadp c\u1ee7a h\u00e3ng R\u01b0\u1ee3u vang Gia \u0111\u00ecnh Calabria: Francesco &amp; Elisabetta Calabria.<\/p>","protected":false},"featured_media":7060,"template":"","meta":{"_acf_changed":false},"product_brand":[],"product_cat":[98,93],"product_tag":[],"grape_varietal":[2618,2469,2646],"wine_regions":[2412,2444],"class_list":{"0":"post-7059","1":"product","2":"type-product","3":"status-publish","4":"has-post-thumbnail","6":"product_cat-sparkling","7":"product_cat-wine","8":"pa_brand-calabria","9":"grape_varietal-chardonnay-rose","10":"grape_varietal-pinot-noir","11":"grape_varietal-sparkling","12":"wine_regions-new-south-wales","13":"wine_regions-riverina","15":"first","16":"instock","17":"shipping-taxable","18":"product-type-simple"},"acf":[],"yoast_head":"<!-- This site is optimized with the Yoast SEO plugin v27.1.1 - https:\/\/yoast.com\/product\/yoast-seo-wordpress\/ -->\n<title>Richland Sparkling Cuvee Chardonnay Pinot Noir - Rada Wines<\/title>\n<meta name=\"robots\" content=\"index, follow, max-snippet:-1, max-image-preview:large, max-video-preview:-1\" \/>\n<link rel=\"canonical\" href=\"https:\/\/www.ilovewines.vn\/vi\/san-pham\/richland-sparkling-cuvee-chardonnay-pinot-noir\/\" \/>\n<meta property=\"og:locale\" content=\"vi_VN\" \/>\n<meta property=\"og:type\" content=\"article\" \/>\n<meta property=\"og:title\" content=\"Richland Sparkling Cuvee Chardonnay Pinot Noir - Rada Wines\" \/>\n<meta property=\"og:description\" content=\"Calabria Richland series brings to the table reliable, approachable wines that consistently over-deliver. We strive to capture the essence of the variety and include within the series traditional varieties and also wines made from interesting, newer varieties to Australia. The Richland series was originally inspired by the Mediterranean climate and rich, fertile soils of South Eastern Australia. The Richland label is devoted to the pioneers and founders of Calabria Family Wines; Francesco &amp; Elisabetta Calabria.\" \/>\n<meta property=\"og:url\" content=\"https:\/\/www.ilovewines.vn\/vi\/san-pham\/richland-sparkling-cuvee-chardonnay-pinot-noir\/\" \/>\n<meta property=\"og:site_name\" content=\"Rada Wines\" \/>\n<meta property=\"og:image\" content=\"https:\/\/www.ilovewines.vn\/wp-content\/uploads\/2026\/02\/richland_brut-cuvee.png\" \/>\n\t<meta property=\"og:image:width\" content=\"288\" \/>\n\t<meta property=\"og:image:height\" content=\"700\" \/>\n\t<meta property=\"og:image:type\" content=\"image\/png\" \/>\n<meta name=\"twitter:card\" content=\"summary_large_image\" \/>\n<meta name=\"twitter:label1\" content=\"\u01af\u1edbc t\u00ednh th\u1eddi gian \u0111\u1ecdc\" \/>\n\t<meta name=\"twitter:data1\" content=\"1 ph\u00fat\" \/>\n<script type=\"application\/ld+json\" class=\"yoast-schema-graph\">{\"@context\":\"https:\/\/schema.org\",\"@graph\":[{\"@type\":\"WebPage\",\"@id\":\"https:\/\/www.ilovewines.vn\/product\/richland-sparkling-cuvee-chardonnay-pinot-noir\/\",\"url\":\"https:\/\/www.ilovewines.vn\/product\/richland-sparkling-cuvee-chardonnay-pinot-noir\/\",\"name\":\"Richland Sparkling Cuvee Chardonnay Pinot Noir - Rada Wines\",\"isPartOf\":{\"@id\":\"https:\/\/www.ilovewines.vn\/#website\"},\"primaryImageOfPage\":{\"@id\":\"https:\/\/www.ilovewines.vn\/product\/richland-sparkling-cuvee-chardonnay-pinot-noir\/#primaryimage\"},\"image\":{\"@id\":\"https:\/\/www.ilovewines.vn\/product\/richland-sparkling-cuvee-chardonnay-pinot-noir\/#primaryimage\"},\"thumbnailUrl\":\"https:\/\/www.ilovewines.vn\/wp-content\/uploads\/2026\/02\/richland_brut-cuvee.png\",\"datePublished\":\"2026-04-13T02:32:08+00:00\",\"breadcrumb\":{\"@id\":\"https:\/\/www.ilovewines.vn\/product\/richland-sparkling-cuvee-chardonnay-pinot-noir\/#breadcrumb\"},\"inLanguage\":\"vi\",\"potentialAction\":[{\"@type\":\"ReadAction\",\"target\":[\"https:\/\/www.ilovewines.vn\/product\/richland-sparkling-cuvee-chardonnay-pinot-noir\/\"]}]},{\"@type\":\"ImageObject\",\"inLanguage\":\"vi\",\"@id\":\"https:\/\/www.ilovewines.vn\/product\/richland-sparkling-cuvee-chardonnay-pinot-noir\/#primaryimage\",\"url\":\"https:\/\/www.ilovewines.vn\/wp-content\/uploads\/2026\/02\/richland_brut-cuvee.png\",\"contentUrl\":\"https:\/\/www.ilovewines.vn\/wp-content\/uploads\/2026\/02\/richland_brut-cuvee.png\",\"width\":288,\"height\":700},{\"@type\":\"BreadcrumbList\",\"@id\":\"https:\/\/www.ilovewines.vn\/product\/richland-sparkling-cuvee-chardonnay-pinot-noir\/#breadcrumb\",\"itemListElement\":[{\"@type\":\"ListItem\",\"position\":1,\"name\":\"Home\",\"item\":\"https:\/\/www.ilovewines.vn\/\"},{\"@type\":\"ListItem\",\"position\":2,\"name\":\"Catalogue\",\"item\":\"https:\/\/www.ilovewines.vn\/catalogue\/\"},{\"@type\":\"ListItem\",\"position\":3,\"name\":\"Richland Sparkling Cuvee Chardonnay Pinot Noir\"}]},{\"@type\":\"WebSite\",\"@id\":\"https:\/\/www.ilovewines.vn\/#website\",\"url\":\"https:\/\/www.ilovewines.vn\/\",\"name\":\"Rada Wines\",\"description\":\"Just another WordPress site\",\"publisher\":{\"@id\":\"https:\/\/www.ilovewines.vn\/#organization\"},\"potentialAction\":[{\"@type\":\"SearchAction\",\"target\":{\"@type\":\"EntryPoint\",\"urlTemplate\":\"https:\/\/www.ilovewines.vn\/?s={search_term_string}\"},\"query-input\":{\"@type\":\"PropertyValueSpecification\",\"valueRequired\":true,\"valueName\":\"search_term_string\"}}],\"inLanguage\":\"vi\"},{\"@type\":\"Organization\",\"@id\":\"https:\/\/www.ilovewines.vn\/#organization\",\"name\":\"Rada Wines\",\"url\":\"https:\/\/www.ilovewines.vn\/\",\"logo\":{\"@type\":\"ImageObject\",\"inLanguage\":\"vi\",\"@id\":\"https:\/\/www.ilovewines.vn\/#\/schema\/logo\/image\/\",\"url\":\"https:\/\/www.ilovewines.vn\/wp-content\/uploads\/2022\/06\/cropped-162574230_380766779846763_4426584222903300096_n.jpg\",\"contentUrl\":\"https:\/\/www.ilovewines.vn\/wp-content\/uploads\/2022\/06\/cropped-162574230_380766779846763_4426584222903300096_n.jpg\",\"width\":320,\"height\":206,\"caption\":\"Rada Wines\"},\"image\":{\"@id\":\"https:\/\/www.ilovewines.vn\/#\/schema\/logo\/image\/\"}}]}<\/script>\n<!-- \/ Yoast SEO plugin. -->","yoast_head_json":{"title":"Richland Sparkling Cuvee Chardonnay Pinot Noir - Rada Wines","robots":{"index":"index","follow":"follow","max-snippet":"max-snippet:-1","max-image-preview":"max-image-preview:large","max-video-preview":"max-video-preview:-1"},"canonical":"https:\/\/www.ilovewines.vn\/vi\/san-pham\/richland-sparkling-cuvee-chardonnay-pinot-noir\/","og_locale":"vi_VN","og_type":"article","og_title":"Richland Sparkling Cuvee Chardonnay Pinot Noir - Rada Wines","og_description":"Calabria Richland series brings to the table reliable, approachable wines that consistently over-deliver. We strive to capture the essence of the variety and include within the series traditional varieties and also wines made from interesting, newer varieties to Australia. The Richland series was originally inspired by the Mediterranean climate and rich, fertile soils of South Eastern Australia. The Richland label is devoted to the pioneers and founders of Calabria Family Wines; Francesco &amp; Elisabetta Calabria.","og_url":"https:\/\/www.ilovewines.vn\/vi\/san-pham\/richland-sparkling-cuvee-chardonnay-pinot-noir\/","og_site_name":"Rada Wines","og_image":[{"width":288,"height":700,"url":"https:\/\/www.ilovewines.vn\/wp-content\/uploads\/2026\/02\/richland_brut-cuvee.png","type":"image\/png"}],"twitter_card":"summary_large_image","twitter_misc":{"\u01af\u1edbc t\u00ednh th\u1eddi gian \u0111\u1ecdc":"1 ph\u00fat"},"schema":{"@context":"https:\/\/schema.org","@graph":[{"@type":"WebPage","@id":"https:\/\/www.ilovewines.vn\/product\/richland-sparkling-cuvee-chardonnay-pinot-noir\/","url":"https:\/\/www.ilovewines.vn\/product\/richland-sparkling-cuvee-chardonnay-pinot-noir\/","name":"Richland Sparkling Cuvee Chardonnay Pinot Noir - Rada Wines","isPartOf":{"@id":"https:\/\/www.ilovewines.vn\/#website"},"primaryImageOfPage":{"@id":"https:\/\/www.ilovewines.vn\/product\/richland-sparkling-cuvee-chardonnay-pinot-noir\/#primaryimage"},"image":{"@id":"https:\/\/www.ilovewines.vn\/product\/richland-sparkling-cuvee-chardonnay-pinot-noir\/#primaryimage"},"thumbnailUrl":"https:\/\/www.ilovewines.vn\/wp-content\/uploads\/2026\/02\/richland_brut-cuvee.png","datePublished":"2026-04-13T02:32:08+00:00","breadcrumb":{"@id":"https:\/\/www.ilovewines.vn\/product\/richland-sparkling-cuvee-chardonnay-pinot-noir\/#breadcrumb"},"inLanguage":"vi","potentialAction":[{"@type":"ReadAction","target":["https:\/\/www.ilovewines.vn\/product\/richland-sparkling-cuvee-chardonnay-pinot-noir\/"]}]},{"@type":"ImageObject","inLanguage":"vi","@id":"https:\/\/www.ilovewines.vn\/product\/richland-sparkling-cuvee-chardonnay-pinot-noir\/#primaryimage","url":"https:\/\/www.ilovewines.vn\/wp-content\/uploads\/2026\/02\/richland_brut-cuvee.png","contentUrl":"https:\/\/www.ilovewines.vn\/wp-content\/uploads\/2026\/02\/richland_brut-cuvee.png","width":288,"height":700},{"@type":"BreadcrumbList","@id":"https:\/\/www.ilovewines.vn\/product\/richland-sparkling-cuvee-chardonnay-pinot-noir\/#breadcrumb","itemListElement":[{"@type":"ListItem","position":1,"name":"Home","item":"https:\/\/www.ilovewines.vn\/"},{"@type":"ListItem","position":2,"name":"Catalogue","item":"https:\/\/www.ilovewines.vn\/catalogue\/"},{"@type":"ListItem","position":3,"name":"Richland Sparkling Cuvee Chardonnay Pinot Noir"}]},{"@type":"WebSite","@id":"https:\/\/www.ilovewines.vn\/#website","url":"https:\/\/www.ilovewines.vn\/","name":"Rada Wines","description":"Just another WordPress site","publisher":{"@id":"https:\/\/www.ilovewines.vn\/#organization"},"potentialAction":[{"@type":"SearchAction","target":{"@type":"EntryPoint","urlTemplate":"https:\/\/www.ilovewines.vn\/?s={search_term_string}"},"query-input":{"@type":"PropertyValueSpecification","valueRequired":true,"valueName":"search_term_string"}}],"inLanguage":"vi"},{"@type":"Organization","@id":"https:\/\/www.ilovewines.vn\/#organization","name":"Rada Wines","url":"https:\/\/www.ilovewines.vn\/","logo":{"@type":"ImageObject","inLanguage":"vi","@id":"https:\/\/www.ilovewines.vn\/#\/schema\/logo\/image\/","url":"https:\/\/www.ilovewines.vn\/wp-content\/uploads\/2022\/06\/cropped-162574230_380766779846763_4426584222903300096_n.jpg","contentUrl":"https:\/\/www.ilovewines.vn\/wp-content\/uploads\/2022\/06\/cropped-162574230_380766779846763_4426584222903300096_n.jpg","width":320,"height":206,"caption":"Rada Wines"},"image":{"@id":"https:\/\/www.ilovewines.vn\/#\/schema\/logo\/image\/"}}]}},"_links":{"self":[{"href":"https:\/\/www.ilovewines.vn\/vi\/wp-json\/wp\/v2\/product\/7059","targetHints":{"allow":["GET"]}}],"collection":[{"href":"https:\/\/www.ilovewines.vn\/vi\/wp-json\/wp\/v2\/product"}],"about":[{"href":"https:\/\/www.ilovewines.vn\/vi\/wp-json\/wp\/v2\/types\/product"}],"version-history":[{"count":4,"href":"https:\/\/www.ilovewines.vn\/vi\/wp-json\/wp\/v2\/product\/7059\/revisions"}],"predecessor-version":[{"id":7066,"href":"https:\/\/www.ilovewines.vn\/vi\/wp-json\/wp\/v2\/product\/7059\/revisions\/7066"}],"wp:featuredmedia":[{"embeddable":true,"href":"https:\/\/www.ilovewines.vn\/vi\/wp-json\/wp\/v2\/media\/7060"}],"wp:attachment":[{"href":"https:\/\/www.ilovewines.vn\/vi\/wp-json\/wp\/v2\/media?parent=7059"}],"wp:term":[{"taxonomy":"product_brand","embeddable":true,"href":"https:\/\/www.ilovewines.vn\/vi\/wp-json\/wp\/v2\/product_brand?post=7059"},{"taxonomy":"product_cat","embeddable":true,"href":"https:\/\/www.ilovewines.vn\/vi\/wp-json\/wp\/v2\/product_cat?post=7059"},{"taxonomy":"product_tag","embeddable":true,"href":"https:\/\/www.ilovewines.vn\/vi\/wp-json\/wp\/v2\/product_tag?post=7059"},{"taxonomy":"grape_varietal","embeddable":true,"href":"https:\/\/www.ilovewines.vn\/vi\/wp-json\/wp\/v2\/grape_varietal?post=7059"},{"taxonomy":"wine_regions","embeddable":true,"href":"https:\/\/www.ilovewines.vn\/vi\/wp-json\/wp\/v2\/wine_regions?post=7059"}],"curies":[{"name":"wp","href":"https:\/\/api.w.org\/{rel}","templated":true}]}}