{"id":7074,"date":"2026-04-12T20:30:53","date_gmt":"2026-04-13T02:30:53","guid":{"rendered":"https:\/\/www.ilovewines.vn\/?post_type=product&#038;p=7074"},"modified":"2026-04-12T20:30:53","modified_gmt":"2026-04-13T02:30:53","slug":"richland-pinot-grigio","status":"publish","type":"product","link":"https:\/\/www.ilovewines.vn\/vi\/product\/richland-pinot-grigio\/","title":{"rendered":"Richland Pinot Grigio"},"content":{"rendered":"<p><strong>V\u00f9ng tr\u1ed3ng<\/strong>: Riverina, NSW.<\/p>\n<p><strong>M\u00f9i h\u01b0\u01a1ng<\/strong>: Enjoy lifted aromatics of lychee, pear and nectarine with hints of fresh apple, quintessential of Pinot Grigio.<\/p>\n<p><strong>V\u1ecb gi\u00e1c<\/strong>: Refreshing and crisp with tight acid and great length complimented by a delicate finish.<\/p>\n<p><strong>M\u00f3n \u0103n k\u00e8m<\/strong>: Fresh Seafood &amp; crunchy salads Ceviche; white fish marinated in citrus juice, with a hint of chilli, coriander and mint.<\/p>\n<p><strong>Ni\u00ean v\u1ee5<\/strong>: The 2025 season overall was a high-quality vintage, producing fresh and vibrant wines. The season enjoyed a slow ripening growing season providing flavoursome fruit intensity and crunchy acidity<\/p>\n<p><strong>Qu\u00e1 tr\u00ecnh s\u1ea3n xu\u1ea5t<\/strong>: The fruit was harvested in the cool of the night once ideal ripeness is achieved. Upon receival, the fruit is gently pressed and is lightly carbon fined. Once clarified, the juice is fermented at cool temperatures to retain aromatics. There is no oak contact, the intention is to put the fruit forward and produce a crisp and refreshing Pinot Grigio.<\/p>\n<p><strong>Ph\u00e2n t\u00edch r\u01b0\u1ee3u<\/strong>: Alc\/Vol: 12% | pH: 3.30 | TA: 6.72g\/L | Sugar: 3.4g\/L<\/p>\n<p><strong>C\u1ea5t tr\u1eef:<\/strong>: Th\u01b0\u1edfng th\u1ee9c ngay ho\u1eb7c l\u01b0u tr\u1eef l\u00ean \u0111\u1ebfn ba n\u0103m.<\/p>\n<p><img decoding=\"async\" class=\"alignnone wp-image-7071\" src=\"https:\/\/www.ilovewines.vn\/wp-content\/uploads\/2026\/02\/Screenshot-2026-02-26-122558.png\" alt=\"\" width=\"110\" height=\"94\" srcset=\"https:\/\/www.ilovewines.vn\/wp-content\/uploads\/2026\/02\/Screenshot-2026-02-26-122558.png 168w, https:\/\/www.ilovewines.vn\/wp-content\/uploads\/2026\/02\/Screenshot-2026-02-26-122558-14x12.png 14w\" sizes=\"(max-width: 110px) 100vw, 110px\" \/><\/p>\n<p><strong>Gi\u1ea3i th\u01b0\u1edfng<\/strong><\/p>\n<p><img fetchpriority=\"high\" decoding=\"async\" class=\"alignnone size-full wp-image-7077\" src=\"https:\/\/www.ilovewines.vn\/wp-content\/uploads\/2026\/02\/Screenshot-2026-02-26-123804.png\" alt=\"\" width=\"429\" height=\"165\" srcset=\"https:\/\/www.ilovewines.vn\/wp-content\/uploads\/2026\/02\/Screenshot-2026-02-26-123804.png 429w, https:\/\/www.ilovewines.vn\/wp-content\/uploads\/2026\/02\/Screenshot-2026-02-26-123804-300x115.png 300w, https:\/\/www.ilovewines.vn\/wp-content\/uploads\/2026\/02\/Screenshot-2026-02-26-123804-18x7.png 18w\" sizes=\"(max-width: 429px) 100vw, 429px\" \/><\/p>\n<p><img decoding=\"async\" class=\"alignnone size-full wp-image-7078\" src=\"https:\/\/www.ilovewines.vn\/wp-content\/uploads\/2026\/02\/Screenshot-2026-02-26-123811.png\" alt=\"\" width=\"192\" height=\"131\" srcset=\"https:\/\/www.ilovewines.vn\/wp-content\/uploads\/2026\/02\/Screenshot-2026-02-26-123811.png 192w, https:\/\/www.ilovewines.vn\/wp-content\/uploads\/2026\/02\/Screenshot-2026-02-26-123811-18x12.png 18w\" sizes=\"(max-width: 192px) 100vw, 192px\" \/><\/p>","protected":false},"excerpt":{"rendered":"<p>D\u00f2ng s\u1ea3n ph\u1ea9m Calabria Richland mang \u0111\u1ebfn nh\u1eefng lo\u1ea1i r\u01b0\u1ee3u vang \u0111\u00e1ng tin c\u1eady, d\u1ec5 th\u01b0\u1edfng th\u1ee9c v\u00e0 lu\u00f4n mang l\u1ea1i ch\u1ea5t l\u01b0\u1ee3ng v\u01b0\u1ee3t ngo\u00e0i mong \u0111\u1ee3i. Ch\u00fang t\u00f4i n\u1ed7 l\u1ef1c ch\u1eaft l\u1ecdc tinh t\u00fay c\u1ee7a t\u1eebng gi\u1ed1ng nho v\u00e0 \u0111\u01b0a v\u00e0o d\u00f2ng s\u1ea3n ph\u1ea9m n\u00e0y kh\u00f4ng ch\u1ec9 c\u00e1c gi\u1ed1ng nho truy\u1ec1n th\u1ed1ng m\u00e0 c\u00f2n c\u1ea3 nh\u1eefng lo\u1ea1i r\u01b0\u1ee3u vang \u0111\u01b0\u1ee3c l\u00e0m t\u1eeb c\u00e1c gi\u1ed1ng nho m\u1edbi m\u1ebb, \u0111\u1ea7y th\u00fa v\u1ecb t\u1ea1i n\u01b0\u1edbc \u00dac. D\u00f2ng s\u1ea3n ph\u1ea9m Richland ban \u0111\u1ea7u \u0111\u01b0\u1ee3c l\u1ea5y c\u1ea3m h\u1ee9ng t\u1eeb kh\u00ed h\u1eadu \u0110\u1ecba Trung H\u1ea3i c\u00f9ng th\u1ed5 nh\u01b0\u1ee1ng tr\u00f9 ph\u00fa, m\u00e0u m\u1ee1 c\u1ee7a v\u00f9ng \u0110\u00f4ng Nam \u00dac. Nh\u00e3n hi\u1ec7u Richland \u0111\u01b0\u1ee3c t\u1ea1o ra nh\u1eb1m tri \u00e2n nh\u1eefng ng\u01b0\u1eddi ti\u00ean phong v\u00e0 nh\u00e0 s\u00e1ng l\u1eadp c\u1ee7a h\u00e3ng R\u01b0\u1ee3u vang Gia \u0111\u00ecnh Calabria: Francesco &amp; Elisabetta Calabria.<\/p>","protected":false},"featured_media":7075,"template":"","meta":{"_acf_changed":false},"product_brand":[],"product_cat":[89,93],"product_tag":[],"grape_varietal":[2643,2478],"wine_regions":[2444],"class_list":{"0":"post-7074","1":"product","2":"type-product","3":"status-publish","4":"has-post-thumbnail","6":"product_cat-white-wine","7":"product_cat-wine","8":"pa_brand-calabria","9":"grape_varietal-pinot-grigio","10":"grape_varietal-white","11":"wine_regions-riverina","13":"first","14":"instock","15":"shipping-taxable","16":"product-type-simple"},"acf":[],"yoast_head":"<!-- This site is optimized with the Yoast SEO plugin v27.1.1 - https:\/\/yoast.com\/product\/yoast-seo-wordpress\/ -->\n<title>Richland Pinot Grigio - Rada Wines<\/title>\n<meta name=\"robots\" content=\"index, follow, max-snippet:-1, max-image-preview:large, max-video-preview:-1\" \/>\n<link rel=\"canonical\" href=\"https:\/\/www.ilovewines.vn\/vi\/san-pham\/richland-pinot-grigio\/\" \/>\n<meta property=\"og:locale\" content=\"vi_VN\" \/>\n<meta property=\"og:type\" content=\"article\" \/>\n<meta property=\"og:title\" content=\"Richland Pinot Grigio - Rada Wines\" \/>\n<meta property=\"og:description\" content=\"Calabria Richland series brings to the table reliable, approachable wines that consistently over-deliver. We strive to capture the essence of the variety and include within the series traditional varieties and also wines made from interesting, newer varieties to Australia. The Richland series was originally inspired by the Mediterranean climate and rich, fertile soils of South Eastern Australia. The Richland label is devoted to the pioneers and founders of Calabria Family Wines; Francesco &amp; Elisabetta Calabria.\" \/>\n<meta property=\"og:url\" content=\"https:\/\/www.ilovewines.vn\/vi\/san-pham\/richland-pinot-grigio\/\" \/>\n<meta property=\"og:site_name\" content=\"Rada Wines\" \/>\n<meta property=\"og:image\" content=\"https:\/\/www.ilovewines.vn\/wp-content\/uploads\/2026\/02\/richland_pinot_grigio_riverina.jpg\" \/>\n\t<meta property=\"og:image:width\" content=\"308\" \/>\n\t<meta property=\"og:image:height\" content=\"700\" \/>\n\t<meta property=\"og:image:type\" content=\"image\/jpeg\" \/>\n<meta name=\"twitter:card\" content=\"summary_large_image\" \/>\n<meta name=\"twitter:label1\" content=\"\u01af\u1edbc t\u00ednh th\u1eddi gian \u0111\u1ecdc\" \/>\n\t<meta name=\"twitter:data1\" content=\"2 ph\u00fat\" \/>\n<script type=\"application\/ld+json\" class=\"yoast-schema-graph\">{\"@context\":\"https:\/\/schema.org\",\"@graph\":[{\"@type\":\"WebPage\",\"@id\":\"https:\/\/www.ilovewines.vn\/product\/richland-pinot-grigio\/\",\"url\":\"https:\/\/www.ilovewines.vn\/product\/richland-pinot-grigio\/\",\"name\":\"Richland Pinot Grigio - Rada Wines\",\"isPartOf\":{\"@id\":\"https:\/\/www.ilovewines.vn\/#website\"},\"primaryImageOfPage\":{\"@id\":\"https:\/\/www.ilovewines.vn\/product\/richland-pinot-grigio\/#primaryimage\"},\"image\":{\"@id\":\"https:\/\/www.ilovewines.vn\/product\/richland-pinot-grigio\/#primaryimage\"},\"thumbnailUrl\":\"https:\/\/www.ilovewines.vn\/wp-content\/uploads\/2026\/02\/richland_pinot_grigio_riverina.jpg\",\"datePublished\":\"2026-04-13T02:30:53+00:00\",\"breadcrumb\":{\"@id\":\"https:\/\/www.ilovewines.vn\/product\/richland-pinot-grigio\/#breadcrumb\"},\"inLanguage\":\"vi\",\"potentialAction\":[{\"@type\":\"ReadAction\",\"target\":[\"https:\/\/www.ilovewines.vn\/product\/richland-pinot-grigio\/\"]}]},{\"@type\":\"ImageObject\",\"inLanguage\":\"vi\",\"@id\":\"https:\/\/www.ilovewines.vn\/product\/richland-pinot-grigio\/#primaryimage\",\"url\":\"https:\/\/www.ilovewines.vn\/wp-content\/uploads\/2026\/02\/richland_pinot_grigio_riverina.jpg\",\"contentUrl\":\"https:\/\/www.ilovewines.vn\/wp-content\/uploads\/2026\/02\/richland_pinot_grigio_riverina.jpg\",\"width\":308,\"height\":700},{\"@type\":\"BreadcrumbList\",\"@id\":\"https:\/\/www.ilovewines.vn\/product\/richland-pinot-grigio\/#breadcrumb\",\"itemListElement\":[{\"@type\":\"ListItem\",\"position\":1,\"name\":\"Home\",\"item\":\"https:\/\/www.ilovewines.vn\/\"},{\"@type\":\"ListItem\",\"position\":2,\"name\":\"Catalogue\",\"item\":\"https:\/\/www.ilovewines.vn\/catalogue\/\"},{\"@type\":\"ListItem\",\"position\":3,\"name\":\"Richland Pinot Grigio\"}]},{\"@type\":\"WebSite\",\"@id\":\"https:\/\/www.ilovewines.vn\/#website\",\"url\":\"https:\/\/www.ilovewines.vn\/\",\"name\":\"Rada Wines\",\"description\":\"Just another WordPress site\",\"publisher\":{\"@id\":\"https:\/\/www.ilovewines.vn\/#organization\"},\"potentialAction\":[{\"@type\":\"SearchAction\",\"target\":{\"@type\":\"EntryPoint\",\"urlTemplate\":\"https:\/\/www.ilovewines.vn\/?s={search_term_string}\"},\"query-input\":{\"@type\":\"PropertyValueSpecification\",\"valueRequired\":true,\"valueName\":\"search_term_string\"}}],\"inLanguage\":\"vi\"},{\"@type\":\"Organization\",\"@id\":\"https:\/\/www.ilovewines.vn\/#organization\",\"name\":\"Rada Wines\",\"url\":\"https:\/\/www.ilovewines.vn\/\",\"logo\":{\"@type\":\"ImageObject\",\"inLanguage\":\"vi\",\"@id\":\"https:\/\/www.ilovewines.vn\/#\/schema\/logo\/image\/\",\"url\":\"https:\/\/www.ilovewines.vn\/wp-content\/uploads\/2022\/06\/cropped-162574230_380766779846763_4426584222903300096_n.jpg\",\"contentUrl\":\"https:\/\/www.ilovewines.vn\/wp-content\/uploads\/2022\/06\/cropped-162574230_380766779846763_4426584222903300096_n.jpg\",\"width\":320,\"height\":206,\"caption\":\"Rada Wines\"},\"image\":{\"@id\":\"https:\/\/www.ilovewines.vn\/#\/schema\/logo\/image\/\"}}]}<\/script>\n<!-- \/ Yoast SEO plugin. -->","yoast_head_json":{"title":"Richland Pinot Grigio - Rada Wines","robots":{"index":"index","follow":"follow","max-snippet":"max-snippet:-1","max-image-preview":"max-image-preview:large","max-video-preview":"max-video-preview:-1"},"canonical":"https:\/\/www.ilovewines.vn\/vi\/san-pham\/richland-pinot-grigio\/","og_locale":"vi_VN","og_type":"article","og_title":"Richland Pinot Grigio - Rada Wines","og_description":"Calabria Richland series brings to the table reliable, approachable wines that consistently over-deliver. We strive to capture the essence of the variety and include within the series traditional varieties and also wines made from interesting, newer varieties to Australia. The Richland series was originally inspired by the Mediterranean climate and rich, fertile soils of South Eastern Australia. The Richland label is devoted to the pioneers and founders of Calabria Family Wines; Francesco &amp; Elisabetta Calabria.","og_url":"https:\/\/www.ilovewines.vn\/vi\/san-pham\/richland-pinot-grigio\/","og_site_name":"Rada Wines","og_image":[{"width":308,"height":700,"url":"https:\/\/www.ilovewines.vn\/wp-content\/uploads\/2026\/02\/richland_pinot_grigio_riverina.jpg","type":"image\/jpeg"}],"twitter_card":"summary_large_image","twitter_misc":{"\u01af\u1edbc t\u00ednh th\u1eddi gian \u0111\u1ecdc":"2 ph\u00fat"},"schema":{"@context":"https:\/\/schema.org","@graph":[{"@type":"WebPage","@id":"https:\/\/www.ilovewines.vn\/product\/richland-pinot-grigio\/","url":"https:\/\/www.ilovewines.vn\/product\/richland-pinot-grigio\/","name":"Richland Pinot Grigio - Rada Wines","isPartOf":{"@id":"https:\/\/www.ilovewines.vn\/#website"},"primaryImageOfPage":{"@id":"https:\/\/www.ilovewines.vn\/product\/richland-pinot-grigio\/#primaryimage"},"image":{"@id":"https:\/\/www.ilovewines.vn\/product\/richland-pinot-grigio\/#primaryimage"},"thumbnailUrl":"https:\/\/www.ilovewines.vn\/wp-content\/uploads\/2026\/02\/richland_pinot_grigio_riverina.jpg","datePublished":"2026-04-13T02:30:53+00:00","breadcrumb":{"@id":"https:\/\/www.ilovewines.vn\/product\/richland-pinot-grigio\/#breadcrumb"},"inLanguage":"vi","potentialAction":[{"@type":"ReadAction","target":["https:\/\/www.ilovewines.vn\/product\/richland-pinot-grigio\/"]}]},{"@type":"ImageObject","inLanguage":"vi","@id":"https:\/\/www.ilovewines.vn\/product\/richland-pinot-grigio\/#primaryimage","url":"https:\/\/www.ilovewines.vn\/wp-content\/uploads\/2026\/02\/richland_pinot_grigio_riverina.jpg","contentUrl":"https:\/\/www.ilovewines.vn\/wp-content\/uploads\/2026\/02\/richland_pinot_grigio_riverina.jpg","width":308,"height":700},{"@type":"BreadcrumbList","@id":"https:\/\/www.ilovewines.vn\/product\/richland-pinot-grigio\/#breadcrumb","itemListElement":[{"@type":"ListItem","position":1,"name":"Home","item":"https:\/\/www.ilovewines.vn\/"},{"@type":"ListItem","position":2,"name":"Catalogue","item":"https:\/\/www.ilovewines.vn\/catalogue\/"},{"@type":"ListItem","position":3,"name":"Richland Pinot Grigio"}]},{"@type":"WebSite","@id":"https:\/\/www.ilovewines.vn\/#website","url":"https:\/\/www.ilovewines.vn\/","name":"Rada Wines","description":"Just another WordPress site","publisher":{"@id":"https:\/\/www.ilovewines.vn\/#organization"},"potentialAction":[{"@type":"SearchAction","target":{"@type":"EntryPoint","urlTemplate":"https:\/\/www.ilovewines.vn\/?s={search_term_string}"},"query-input":{"@type":"PropertyValueSpecification","valueRequired":true,"valueName":"search_term_string"}}],"inLanguage":"vi"},{"@type":"Organization","@id":"https:\/\/www.ilovewines.vn\/#organization","name":"Rada Wines","url":"https:\/\/www.ilovewines.vn\/","logo":{"@type":"ImageObject","inLanguage":"vi","@id":"https:\/\/www.ilovewines.vn\/#\/schema\/logo\/image\/","url":"https:\/\/www.ilovewines.vn\/wp-content\/uploads\/2022\/06\/cropped-162574230_380766779846763_4426584222903300096_n.jpg","contentUrl":"https:\/\/www.ilovewines.vn\/wp-content\/uploads\/2022\/06\/cropped-162574230_380766779846763_4426584222903300096_n.jpg","width":320,"height":206,"caption":"Rada Wines"},"image":{"@id":"https:\/\/www.ilovewines.vn\/#\/schema\/logo\/image\/"}}]}},"_links":{"self":[{"href":"https:\/\/www.ilovewines.vn\/vi\/wp-json\/wp\/v2\/product\/7074","targetHints":{"allow":["GET"]}}],"collection":[{"href":"https:\/\/www.ilovewines.vn\/vi\/wp-json\/wp\/v2\/product"}],"about":[{"href":"https:\/\/www.ilovewines.vn\/vi\/wp-json\/wp\/v2\/types\/product"}],"version-history":[{"count":5,"href":"https:\/\/www.ilovewines.vn\/vi\/wp-json\/wp\/v2\/product\/7074\/revisions"}],"predecessor-version":[{"id":7082,"href":"https:\/\/www.ilovewines.vn\/vi\/wp-json\/wp\/v2\/product\/7074\/revisions\/7082"}],"wp:featuredmedia":[{"embeddable":true,"href":"https:\/\/www.ilovewines.vn\/vi\/wp-json\/wp\/v2\/media\/7075"}],"wp:attachment":[{"href":"https:\/\/www.ilovewines.vn\/vi\/wp-json\/wp\/v2\/media?parent=7074"}],"wp:term":[{"taxonomy":"product_brand","embeddable":true,"href":"https:\/\/www.ilovewines.vn\/vi\/wp-json\/wp\/v2\/product_brand?post=7074"},{"taxonomy":"product_cat","embeddable":true,"href":"https:\/\/www.ilovewines.vn\/vi\/wp-json\/wp\/v2\/product_cat?post=7074"},{"taxonomy":"product_tag","embeddable":true,"href":"https:\/\/www.ilovewines.vn\/vi\/wp-json\/wp\/v2\/product_tag?post=7074"},{"taxonomy":"grape_varietal","embeddable":true,"href":"https:\/\/www.ilovewines.vn\/vi\/wp-json\/wp\/v2\/grape_varietal?post=7074"},{"taxonomy":"wine_regions","embeddable":true,"href":"https:\/\/www.ilovewines.vn\/vi\/wp-json\/wp\/v2\/wine_regions?post=7074"}],"curies":[{"name":"wp","href":"https:\/\/api.w.org\/{rel}","templated":true}]}}