{"id":7083,"date":"2026-04-12T20:29:37","date_gmt":"2026-04-13T02:29:37","guid":{"rendered":"https:\/\/www.ilovewines.vn\/?post_type=product&#038;p=7083"},"modified":"2026-04-12T20:29:38","modified_gmt":"2026-04-13T02:29:38","slug":"richland-pinot-noir","status":"publish","type":"product","link":"https:\/\/www.ilovewines.vn\/vi\/product\/richland-pinot-noir\/","title":{"rendered":"Richland Pinot Noir"},"content":{"rendered":"<p><strong>V\u00f9ng tr\u1ed3ng<\/strong>: Fruit sourced from South Eastern Australia.<\/p>\n<p><strong>M\u00f9i h\u01b0\u01a1ng<\/strong>: Vibrant red cherry fruit, hints of strawberry and sappy Pinot Noir varietal characters.<\/p>\n<p><strong>V\u1ecb gi\u00e1c<\/strong>: A moderate bodied wine with strawberry and red currant fruit flavours and a fine tannin backbone, balanced with acidity for a fresh and vibrant palate.<\/p>\n<p><strong>M\u00f3n \u0103n k\u00e8m<\/strong>:<\/p>\n<p>Chicken &amp; Mushroom Risotto.<\/p>\n<p>Creamy Mushroom &amp; Truffle Fettuccine.<\/p>\n<p><strong>Ni\u00ean v\u1ee5<\/strong>: The 2025 season was quite a warm Vintage in the Riverina and this allowed the grapes to ripen and gain colour quite readily. The viticulturists had to be vigilant to harvesting at the right time as if the fruit was left any longer it would have been cooked due to the heat. The wine displays that the fruit was harvested at the optimum date.<\/p>\n<p><strong>C\u1ea5t tr\u1eef:<\/strong>: Th\u01b0\u1edfng th\u1ee9c ngay ho\u1eb7c l\u01b0u tr\u1eef l\u00ean \u0111\u1ebfn ba n\u0103m.<\/p>\n<p><strong>Ph\u00e2n t\u00edch r\u01b0\u1ee3u<\/strong>: Alc\/Vol: 13% | pH: 3.5 | TA: 6.32g\/L | Sugar: 11.6g\/L<\/p>\n<p><img decoding=\"async\" class=\"alignnone wp-image-7071\" src=\"https:\/\/www.ilovewines.vn\/wp-content\/uploads\/2026\/02\/Screenshot-2026-02-26-122558.png\" alt=\"\" width=\"123\" height=\"105\" srcset=\"https:\/\/www.ilovewines.vn\/wp-content\/uploads\/2026\/02\/Screenshot-2026-02-26-122558.png 168w, https:\/\/www.ilovewines.vn\/wp-content\/uploads\/2026\/02\/Screenshot-2026-02-26-122558-14x12.png 14w\" sizes=\"(max-width: 123px) 100vw, 123px\" \/><\/p>","protected":false},"excerpt":{"rendered":"<p>Vegan Friendly. Calabria Richland series brings to the table reliable, approachable wines that consistently over-deliver. We strive to capture the essence of the variety and include within the series traditional varieties and also wines made from interesting, newer varieties to Australia.<\/p>","protected":false},"featured_media":7084,"template":"","meta":{"_acf_changed":false},"product_brand":[],"product_cat":[87,93],"product_tag":[],"grape_varietal":[2469,2477],"wine_regions":[2444],"class_list":{"0":"post-7083","1":"product","2":"type-product","3":"status-publish","4":"has-post-thumbnail","6":"product_cat-red-wine","7":"product_cat-wine","8":"pa_brand-calabria","9":"grape_varietal-pinot-noir","10":"grape_varietal-red","11":"wine_regions-riverina","13":"first","14":"instock","15":"shipping-taxable","16":"product-type-simple"},"acf":[],"yoast_head":"<!-- This site is optimized with the Yoast SEO plugin v27.1.1 - https:\/\/yoast.com\/product\/yoast-seo-wordpress\/ -->\n<title>Richland Pinot Noir - Rada Wines<\/title>\n<meta name=\"robots\" content=\"index, follow, max-snippet:-1, max-image-preview:large, max-video-preview:-1\" \/>\n<link rel=\"canonical\" href=\"https:\/\/www.ilovewines.vn\/vi\/san-pham\/richland-pinot-noir\/\" \/>\n<meta property=\"og:locale\" content=\"vi_VN\" \/>\n<meta property=\"og:type\" content=\"article\" \/>\n<meta property=\"og:title\" content=\"Richland Pinot Noir - Rada Wines\" \/>\n<meta property=\"og:description\" content=\"Vegan Friendly. Calabria Richland series brings to the table reliable, approachable wines that consistently over-deliver. We strive to capture the essence of the variety and include within the series traditional varieties and also wines made from interesting, newer varieties to Australia.\" \/>\n<meta property=\"og:url\" content=\"https:\/\/www.ilovewines.vn\/vi\/san-pham\/richland-pinot-noir\/\" \/>\n<meta property=\"og:site_name\" content=\"Rada Wines\" \/>\n<meta property=\"article:modified_time\" content=\"2026-04-13T02:29:38+00:00\" \/>\n<meta property=\"og:image\" content=\"https:\/\/www.ilovewines.vn\/wp-content\/uploads\/2026\/02\/richland_pinot_noir_sea.png\" \/>\n\t<meta property=\"og:image:width\" content=\"256\" \/>\n\t<meta property=\"og:image:height\" content=\"700\" \/>\n\t<meta property=\"og:image:type\" content=\"image\/png\" \/>\n<meta name=\"twitter:card\" content=\"summary_large_image\" \/>\n<meta name=\"twitter:label1\" content=\"\u01af\u1edbc t\u00ednh th\u1eddi gian \u0111\u1ecdc\" \/>\n\t<meta name=\"twitter:data1\" content=\"2 ph\u00fat\" \/>\n<script type=\"application\/ld+json\" class=\"yoast-schema-graph\">{\"@context\":\"https:\/\/schema.org\",\"@graph\":[{\"@type\":\"WebPage\",\"@id\":\"https:\/\/www.ilovewines.vn\/product\/richland-pinot-noir\/\",\"url\":\"https:\/\/www.ilovewines.vn\/product\/richland-pinot-noir\/\",\"name\":\"Richland Pinot Noir - Rada Wines\",\"isPartOf\":{\"@id\":\"https:\/\/www.ilovewines.vn\/#website\"},\"primaryImageOfPage\":{\"@id\":\"https:\/\/www.ilovewines.vn\/product\/richland-pinot-noir\/#primaryimage\"},\"image\":{\"@id\":\"https:\/\/www.ilovewines.vn\/product\/richland-pinot-noir\/#primaryimage\"},\"thumbnailUrl\":\"https:\/\/www.ilovewines.vn\/wp-content\/uploads\/2026\/02\/richland_pinot_noir_sea.png\",\"datePublished\":\"2026-04-13T02:29:37+00:00\",\"dateModified\":\"2026-04-13T02:29:38+00:00\",\"breadcrumb\":{\"@id\":\"https:\/\/www.ilovewines.vn\/product\/richland-pinot-noir\/#breadcrumb\"},\"inLanguage\":\"vi\",\"potentialAction\":[{\"@type\":\"ReadAction\",\"target\":[\"https:\/\/www.ilovewines.vn\/product\/richland-pinot-noir\/\"]}]},{\"@type\":\"ImageObject\",\"inLanguage\":\"vi\",\"@id\":\"https:\/\/www.ilovewines.vn\/product\/richland-pinot-noir\/#primaryimage\",\"url\":\"https:\/\/www.ilovewines.vn\/wp-content\/uploads\/2026\/02\/richland_pinot_noir_sea.png\",\"contentUrl\":\"https:\/\/www.ilovewines.vn\/wp-content\/uploads\/2026\/02\/richland_pinot_noir_sea.png\",\"width\":256,\"height\":700},{\"@type\":\"BreadcrumbList\",\"@id\":\"https:\/\/www.ilovewines.vn\/product\/richland-pinot-noir\/#breadcrumb\",\"itemListElement\":[{\"@type\":\"ListItem\",\"position\":1,\"name\":\"Home\",\"item\":\"https:\/\/www.ilovewines.vn\/\"},{\"@type\":\"ListItem\",\"position\":2,\"name\":\"Catalogue\",\"item\":\"https:\/\/www.ilovewines.vn\/catalogue\/\"},{\"@type\":\"ListItem\",\"position\":3,\"name\":\"Richland Pinot Noir\"}]},{\"@type\":\"WebSite\",\"@id\":\"https:\/\/www.ilovewines.vn\/#website\",\"url\":\"https:\/\/www.ilovewines.vn\/\",\"name\":\"Rada Wines\",\"description\":\"Just another WordPress site\",\"publisher\":{\"@id\":\"https:\/\/www.ilovewines.vn\/#organization\"},\"potentialAction\":[{\"@type\":\"SearchAction\",\"target\":{\"@type\":\"EntryPoint\",\"urlTemplate\":\"https:\/\/www.ilovewines.vn\/?s={search_term_string}\"},\"query-input\":{\"@type\":\"PropertyValueSpecification\",\"valueRequired\":true,\"valueName\":\"search_term_string\"}}],\"inLanguage\":\"vi\"},{\"@type\":\"Organization\",\"@id\":\"https:\/\/www.ilovewines.vn\/#organization\",\"name\":\"Rada Wines\",\"url\":\"https:\/\/www.ilovewines.vn\/\",\"logo\":{\"@type\":\"ImageObject\",\"inLanguage\":\"vi\",\"@id\":\"https:\/\/www.ilovewines.vn\/#\/schema\/logo\/image\/\",\"url\":\"https:\/\/www.ilovewines.vn\/wp-content\/uploads\/2022\/06\/cropped-162574230_380766779846763_4426584222903300096_n.jpg\",\"contentUrl\":\"https:\/\/www.ilovewines.vn\/wp-content\/uploads\/2022\/06\/cropped-162574230_380766779846763_4426584222903300096_n.jpg\",\"width\":320,\"height\":206,\"caption\":\"Rada Wines\"},\"image\":{\"@id\":\"https:\/\/www.ilovewines.vn\/#\/schema\/logo\/image\/\"}}]}<\/script>\n<!-- \/ Yoast SEO plugin. -->","yoast_head_json":{"title":"Richland Pinot Noir - Rada Wines","robots":{"index":"index","follow":"follow","max-snippet":"max-snippet:-1","max-image-preview":"max-image-preview:large","max-video-preview":"max-video-preview:-1"},"canonical":"https:\/\/www.ilovewines.vn\/vi\/san-pham\/richland-pinot-noir\/","og_locale":"vi_VN","og_type":"article","og_title":"Richland Pinot Noir - Rada Wines","og_description":"Vegan Friendly. Calabria Richland series brings to the table reliable, approachable wines that consistently over-deliver. We strive to capture the essence of the variety and include within the series traditional varieties and also wines made from interesting, newer varieties to Australia.","og_url":"https:\/\/www.ilovewines.vn\/vi\/san-pham\/richland-pinot-noir\/","og_site_name":"Rada Wines","article_modified_time":"2026-04-13T02:29:38+00:00","og_image":[{"width":256,"height":700,"url":"https:\/\/www.ilovewines.vn\/wp-content\/uploads\/2026\/02\/richland_pinot_noir_sea.png","type":"image\/png"}],"twitter_card":"summary_large_image","twitter_misc":{"\u01af\u1edbc t\u00ednh th\u1eddi gian \u0111\u1ecdc":"2 ph\u00fat"},"schema":{"@context":"https:\/\/schema.org","@graph":[{"@type":"WebPage","@id":"https:\/\/www.ilovewines.vn\/product\/richland-pinot-noir\/","url":"https:\/\/www.ilovewines.vn\/product\/richland-pinot-noir\/","name":"Richland Pinot Noir - Rada Wines","isPartOf":{"@id":"https:\/\/www.ilovewines.vn\/#website"},"primaryImageOfPage":{"@id":"https:\/\/www.ilovewines.vn\/product\/richland-pinot-noir\/#primaryimage"},"image":{"@id":"https:\/\/www.ilovewines.vn\/product\/richland-pinot-noir\/#primaryimage"},"thumbnailUrl":"https:\/\/www.ilovewines.vn\/wp-content\/uploads\/2026\/02\/richland_pinot_noir_sea.png","datePublished":"2026-04-13T02:29:37+00:00","dateModified":"2026-04-13T02:29:38+00:00","breadcrumb":{"@id":"https:\/\/www.ilovewines.vn\/product\/richland-pinot-noir\/#breadcrumb"},"inLanguage":"vi","potentialAction":[{"@type":"ReadAction","target":["https:\/\/www.ilovewines.vn\/product\/richland-pinot-noir\/"]}]},{"@type":"ImageObject","inLanguage":"vi","@id":"https:\/\/www.ilovewines.vn\/product\/richland-pinot-noir\/#primaryimage","url":"https:\/\/www.ilovewines.vn\/wp-content\/uploads\/2026\/02\/richland_pinot_noir_sea.png","contentUrl":"https:\/\/www.ilovewines.vn\/wp-content\/uploads\/2026\/02\/richland_pinot_noir_sea.png","width":256,"height":700},{"@type":"BreadcrumbList","@id":"https:\/\/www.ilovewines.vn\/product\/richland-pinot-noir\/#breadcrumb","itemListElement":[{"@type":"ListItem","position":1,"name":"Home","item":"https:\/\/www.ilovewines.vn\/"},{"@type":"ListItem","position":2,"name":"Catalogue","item":"https:\/\/www.ilovewines.vn\/catalogue\/"},{"@type":"ListItem","position":3,"name":"Richland Pinot Noir"}]},{"@type":"WebSite","@id":"https:\/\/www.ilovewines.vn\/#website","url":"https:\/\/www.ilovewines.vn\/","name":"Rada Wines","description":"Just another WordPress site","publisher":{"@id":"https:\/\/www.ilovewines.vn\/#organization"},"potentialAction":[{"@type":"SearchAction","target":{"@type":"EntryPoint","urlTemplate":"https:\/\/www.ilovewines.vn\/?s={search_term_string}"},"query-input":{"@type":"PropertyValueSpecification","valueRequired":true,"valueName":"search_term_string"}}],"inLanguage":"vi"},{"@type":"Organization","@id":"https:\/\/www.ilovewines.vn\/#organization","name":"Rada Wines","url":"https:\/\/www.ilovewines.vn\/","logo":{"@type":"ImageObject","inLanguage":"vi","@id":"https:\/\/www.ilovewines.vn\/#\/schema\/logo\/image\/","url":"https:\/\/www.ilovewines.vn\/wp-content\/uploads\/2022\/06\/cropped-162574230_380766779846763_4426584222903300096_n.jpg","contentUrl":"https:\/\/www.ilovewines.vn\/wp-content\/uploads\/2022\/06\/cropped-162574230_380766779846763_4426584222903300096_n.jpg","width":320,"height":206,"caption":"Rada Wines"},"image":{"@id":"https:\/\/www.ilovewines.vn\/#\/schema\/logo\/image\/"}}]}},"_links":{"self":[{"href":"https:\/\/www.ilovewines.vn\/vi\/wp-json\/wp\/v2\/product\/7083","targetHints":{"allow":["GET"]}}],"collection":[{"href":"https:\/\/www.ilovewines.vn\/vi\/wp-json\/wp\/v2\/product"}],"about":[{"href":"https:\/\/www.ilovewines.vn\/vi\/wp-json\/wp\/v2\/types\/product"}],"version-history":[{"count":1,"href":"https:\/\/www.ilovewines.vn\/vi\/wp-json\/wp\/v2\/product\/7083\/revisions"}],"predecessor-version":[{"id":7085,"href":"https:\/\/www.ilovewines.vn\/vi\/wp-json\/wp\/v2\/product\/7083\/revisions\/7085"}],"wp:featuredmedia":[{"embeddable":true,"href":"https:\/\/www.ilovewines.vn\/vi\/wp-json\/wp\/v2\/media\/7084"}],"wp:attachment":[{"href":"https:\/\/www.ilovewines.vn\/vi\/wp-json\/wp\/v2\/media?parent=7083"}],"wp:term":[{"taxonomy":"product_brand","embeddable":true,"href":"https:\/\/www.ilovewines.vn\/vi\/wp-json\/wp\/v2\/product_brand?post=7083"},{"taxonomy":"product_cat","embeddable":true,"href":"https:\/\/www.ilovewines.vn\/vi\/wp-json\/wp\/v2\/product_cat?post=7083"},{"taxonomy":"product_tag","embeddable":true,"href":"https:\/\/www.ilovewines.vn\/vi\/wp-json\/wp\/v2\/product_tag?post=7083"},{"taxonomy":"grape_varietal","embeddable":true,"href":"https:\/\/www.ilovewines.vn\/vi\/wp-json\/wp\/v2\/grape_varietal?post=7083"},{"taxonomy":"wine_regions","embeddable":true,"href":"https:\/\/www.ilovewines.vn\/vi\/wp-json\/wp\/v2\/wine_regions?post=7083"}],"curies":[{"name":"wp","href":"https:\/\/api.w.org\/{rel}","templated":true}]}}