{"id":7086,"date":"2026-02-26T21:28:53","date_gmt":"2026-02-27T04:28:53","guid":{"rendered":"https:\/\/www.ilovewines.vn\/?post_type=product&#038;p=7086"},"modified":"2026-03-10T22:52:26","modified_gmt":"2026-03-11T04:52:26","slug":"queen-adelaide-riesling","status":"publish","type":"product","link":"https:\/\/www.ilovewines.vn\/vi\/product\/queen-adelaide-riesling\/","title":{"rendered":"Queen Adelaide Riesling"},"content":{"rendered":"<p class=\"cvGsUA direction-ltr align-start para-style-body\"><strong><span class=\"a_GcMg font-feature-liga-off font-feature-clig-off font-feature-calt-off text-decoration-none text-strikethrough-none\">M\u00e0u s\u1eafc:<\/span><\/strong><\/p>\n<p class=\"cvGsUA direction-ltr align-start para-style-body\"><span class=\"a_GcMg font-feature-liga-off font-feature-clig-off font-feature-calt-off text-decoration-none text-strikethrough-none\">M\u00e0u s\u00e1ng tr\u1eafng \u00e1nh v\u00e0ng nh\u1ea1t.<\/span><\/p>\n<p class=\"cvGsUA direction-ltr align-start para-style-body\"><strong><span class=\"a_GcMg font-feature-liga-off font-feature-clig-off font-feature-calt-off text-decoration-none text-strikethrough-none\">Kh\u1ee9u gi\u00e1c:<\/span><\/strong><\/p>\n<p class=\"cvGsUA direction-ltr align-start para-style-body\"><span class=\"a_GcMg font-feature-liga-off font-feature-clig-off font-feature-calt-off text-decoration-none text-strikethrough-none\">D\u00f2ng vang Queen Adelaide Riesling mang h\u01b0\u01a1ng th\u01a1m c\u1ee7a cam chanh t\u01b0\u01a1i v\u1eeba v\u1eaft, l\u00e1 chanh, m\u1ee1 c\u1eebu (lanolin) v\u00e0 m\u1ed9t ch\u00fat phong v\u1ecb gia v\u1ecb.<\/span><\/p>\n<p><strong>Kh\u1ea9u v\u1ecb:<\/strong><\/p>\n<p><span class=\"a_GcMg font-feature-liga-off font-feature-clig-off font-feature-calt-off text-decoration-none text-strikethrough-none\">C\u1ea5u tr\u00fac \u0111\u1eadm \u0111\u00e0 trung b\u00ecnh v\u1edbi s\u1ef1 h\u00f2a quy\u1ec7n m\u1ea1nh m\u1ebd h\u01a1n t\u1eeb h\u01b0\u01a1ng v\u1ecb c\u1ee7a c\u00e1c lo\u1ea1i qu\u1ea3 cam, chanh v\u00e0 m\u1ed9t ch\u00fat gia v\u1ecb. K\u1ebft h\u1ee3p v\u1edbi c\u1ea5u tr\u00fac axit v\u1eefng ch\u00e3i, r\u01b0\u1ee3u \u0111\u1ec3 l\u1ea1i h\u1eadu v\u1ecb kh\u00f4 c\u00f9ng c\u1ea3m gi\u00e1c s\u1ea3ng kho\u00e1i, s\u1eafc s\u1ea3o trong khoang mi\u1ec7ng.<\/span><\/p>\n<p><strong>M\u00f3n \u0103n d\u00f9ng k\u00e8m:<\/strong>:<\/p>\n<p><span class=\"a_GcMg font-feature-liga-off font-feature-clig-off font-feature-calt-off text-decoration-none text-strikethrough-none\">C\u00e1 n\u01b0\u1edbng, h\u1ea3i s\u1ea3n ho\u1eb7c c\u00e1c m\u00f3n Th\u00e1i cay.\u00a0<\/span><\/p>\n<p>&nbsp;<\/p>","protected":false},"excerpt":{"rendered":"<p>H\u01b0\u01a1ng th\u01a1m c\u1ee7a cam chanh t\u01b0\u01a1i v\u1eeba v\u1eaft, l\u00e1 chanh, m\u1ee1 c\u1eebu (lanolin) v\u00e0 m\u1ed9t ch\u00fat phong v\u1ecb gia v\u1ecb. \u0110\u00e2y l\u00e0 m\u1ed9t d\u00f2ng r\u01b0\u1ee3u vang tinh t\u1ebf v\u1edbi h\u01b0\u01a1ng v\u1ecb thanh tao c\u1ee7a c\u00e1c lo\u1ea1i qu\u1ea3 cam, chanh. V\u00f2m mi\u1ec7ng cho th\u1ea5y v\u1ecb acid tuy\u1ec7t v\u1eddi, k\u1ebft th\u00fac kh\u00f4 v\u1edbi h\u1eadu v\u1ecb s\u1eafc s\u1ea3o, \u0111\u1ea7y s\u1ee9c s\u1ed1ng v\u00e0 s\u1ea3ng kho\u00e1i.<\/p>","protected":false},"featured_media":7087,"template":"","meta":{"_acf_changed":false},"product_brand":[],"product_cat":[2722,89,93],"product_tag":[],"grape_varietal":[2475,2478],"wine_regions":[2416,2410],"class_list":{"0":"post-7086","1":"product","2":"type-product","3":"status-publish","4":"has-post-thumbnail","6":"product_cat-riesling","7":"product_cat-white-wine","8":"product_cat-wine","9":"pa_brand-queen-adelaide","10":"grape_varietal-riesling","11":"grape_varietal-white","12":"wine_regions-adelaide-hills","13":"wine_regions-south-australia","15":"first","16":"instock","17":"shipping-taxable","18":"product-type-simple"},"acf":[],"yoast_head":"<!-- This site is optimized with the Yoast SEO plugin v27.1.1 - https:\/\/yoast.com\/product\/yoast-seo-wordpress\/ -->\n<title>Queen Adelaide Riesling - Rada Wines<\/title>\n<meta name=\"robots\" content=\"index, follow, max-snippet:-1, max-image-preview:large, max-video-preview:-1\" \/>\n<link rel=\"canonical\" href=\"https:\/\/www.ilovewines.vn\/vi\/san-pham\/queen-adelaide-riesling\/\" \/>\n<meta property=\"og:locale\" content=\"vi_VN\" \/>\n<meta property=\"og:type\" content=\"article\" \/>\n<meta property=\"og:title\" content=\"Queen Adelaide Riesling - Rada Wines\" \/>\n<meta property=\"og:description\" content=\"Aromas of freshly squeezed citrus, lime leaf, lanolin and touches of spices. This is a delicate wine with elegant lime and lemon citrus fruit flavours. The palate shows lovely acidity finishing dry with a crisp, zesty, refreshing finish.\" \/>\n<meta property=\"og:url\" content=\"https:\/\/www.ilovewines.vn\/vi\/san-pham\/queen-adelaide-riesling\/\" \/>\n<meta property=\"og:site_name\" content=\"Rada Wines\" \/>\n<meta property=\"article:modified_time\" content=\"2026-03-11T04:52:26+00:00\" \/>\n<meta property=\"og:image\" content=\"https:\/\/www.ilovewines.vn\/wp-content\/uploads\/2026\/02\/riesling-1.png\" \/>\n\t<meta property=\"og:image:width\" content=\"300\" \/>\n\t<meta property=\"og:image:height\" content=\"1049\" \/>\n\t<meta property=\"og:image:type\" content=\"image\/png\" \/>\n<meta name=\"twitter:card\" content=\"summary_large_image\" \/>\n<meta name=\"twitter:label1\" content=\"\u01af\u1edbc t\u00ednh th\u1eddi gian \u0111\u1ecdc\" \/>\n\t<meta name=\"twitter:data1\" content=\"1 ph\u00fat\" \/>\n<script type=\"application\/ld+json\" class=\"yoast-schema-graph\">{\"@context\":\"https:\/\/schema.org\",\"@graph\":[{\"@type\":\"WebPage\",\"@id\":\"https:\/\/www.ilovewines.vn\/product\/queen-adelaide-riesling\/\",\"url\":\"https:\/\/www.ilovewines.vn\/product\/queen-adelaide-riesling\/\",\"name\":\"Queen Adelaide Riesling - Rada Wines\",\"isPartOf\":{\"@id\":\"https:\/\/www.ilovewines.vn\/#website\"},\"primaryImageOfPage\":{\"@id\":\"https:\/\/www.ilovewines.vn\/product\/queen-adelaide-riesling\/#primaryimage\"},\"image\":{\"@id\":\"https:\/\/www.ilovewines.vn\/product\/queen-adelaide-riesling\/#primaryimage\"},\"thumbnailUrl\":\"https:\/\/www.ilovewines.vn\/wp-content\/uploads\/2026\/02\/riesling-1.png\",\"datePublished\":\"2026-02-27T04:28:53+00:00\",\"dateModified\":\"2026-03-11T04:52:26+00:00\",\"breadcrumb\":{\"@id\":\"https:\/\/www.ilovewines.vn\/product\/queen-adelaide-riesling\/#breadcrumb\"},\"inLanguage\":\"vi\",\"potentialAction\":[{\"@type\":\"ReadAction\",\"target\":[\"https:\/\/www.ilovewines.vn\/product\/queen-adelaide-riesling\/\"]}]},{\"@type\":\"ImageObject\",\"inLanguage\":\"vi\",\"@id\":\"https:\/\/www.ilovewines.vn\/product\/queen-adelaide-riesling\/#primaryimage\",\"url\":\"https:\/\/www.ilovewines.vn\/wp-content\/uploads\/2026\/02\/riesling-1.png\",\"contentUrl\":\"https:\/\/www.ilovewines.vn\/wp-content\/uploads\/2026\/02\/riesling-1.png\",\"width\":300,\"height\":1049},{\"@type\":\"BreadcrumbList\",\"@id\":\"https:\/\/www.ilovewines.vn\/product\/queen-adelaide-riesling\/#breadcrumb\",\"itemListElement\":[{\"@type\":\"ListItem\",\"position\":1,\"name\":\"Home\",\"item\":\"https:\/\/www.ilovewines.vn\/\"},{\"@type\":\"ListItem\",\"position\":2,\"name\":\"Catalogue\",\"item\":\"https:\/\/www.ilovewines.vn\/catalogue\/\"},{\"@type\":\"ListItem\",\"position\":3,\"name\":\"Queen Adelaide Riesling\"}]},{\"@type\":\"WebSite\",\"@id\":\"https:\/\/www.ilovewines.vn\/#website\",\"url\":\"https:\/\/www.ilovewines.vn\/\",\"name\":\"Rada Wines\",\"description\":\"Just another WordPress site\",\"publisher\":{\"@id\":\"https:\/\/www.ilovewines.vn\/#organization\"},\"potentialAction\":[{\"@type\":\"SearchAction\",\"target\":{\"@type\":\"EntryPoint\",\"urlTemplate\":\"https:\/\/www.ilovewines.vn\/?s={search_term_string}\"},\"query-input\":{\"@type\":\"PropertyValueSpecification\",\"valueRequired\":true,\"valueName\":\"search_term_string\"}}],\"inLanguage\":\"vi\"},{\"@type\":\"Organization\",\"@id\":\"https:\/\/www.ilovewines.vn\/#organization\",\"name\":\"Rada Wines\",\"url\":\"https:\/\/www.ilovewines.vn\/\",\"logo\":{\"@type\":\"ImageObject\",\"inLanguage\":\"vi\",\"@id\":\"https:\/\/www.ilovewines.vn\/#\/schema\/logo\/image\/\",\"url\":\"https:\/\/www.ilovewines.vn\/wp-content\/uploads\/2022\/06\/cropped-162574230_380766779846763_4426584222903300096_n.jpg\",\"contentUrl\":\"https:\/\/www.ilovewines.vn\/wp-content\/uploads\/2022\/06\/cropped-162574230_380766779846763_4426584222903300096_n.jpg\",\"width\":320,\"height\":206,\"caption\":\"Rada Wines\"},\"image\":{\"@id\":\"https:\/\/www.ilovewines.vn\/#\/schema\/logo\/image\/\"}}]}<\/script>\n<!-- \/ Yoast SEO plugin. -->","yoast_head_json":{"title":"Queen Adelaide Riesling - Rada Wines","robots":{"index":"index","follow":"follow","max-snippet":"max-snippet:-1","max-image-preview":"max-image-preview:large","max-video-preview":"max-video-preview:-1"},"canonical":"https:\/\/www.ilovewines.vn\/vi\/san-pham\/queen-adelaide-riesling\/","og_locale":"vi_VN","og_type":"article","og_title":"Queen Adelaide Riesling - Rada Wines","og_description":"Aromas of freshly squeezed citrus, lime leaf, lanolin and touches of spices. This is a delicate wine with elegant lime and lemon citrus fruit flavours. The palate shows lovely acidity finishing dry with a crisp, zesty, refreshing finish.","og_url":"https:\/\/www.ilovewines.vn\/vi\/san-pham\/queen-adelaide-riesling\/","og_site_name":"Rada Wines","article_modified_time":"2026-03-11T04:52:26+00:00","og_image":[{"width":300,"height":1049,"url":"https:\/\/www.ilovewines.vn\/wp-content\/uploads\/2026\/02\/riesling-1.png","type":"image\/png"}],"twitter_card":"summary_large_image","twitter_misc":{"\u01af\u1edbc t\u00ednh th\u1eddi gian \u0111\u1ecdc":"1 ph\u00fat"},"schema":{"@context":"https:\/\/schema.org","@graph":[{"@type":"WebPage","@id":"https:\/\/www.ilovewines.vn\/product\/queen-adelaide-riesling\/","url":"https:\/\/www.ilovewines.vn\/product\/queen-adelaide-riesling\/","name":"Queen Adelaide Riesling - Rada Wines","isPartOf":{"@id":"https:\/\/www.ilovewines.vn\/#website"},"primaryImageOfPage":{"@id":"https:\/\/www.ilovewines.vn\/product\/queen-adelaide-riesling\/#primaryimage"},"image":{"@id":"https:\/\/www.ilovewines.vn\/product\/queen-adelaide-riesling\/#primaryimage"},"thumbnailUrl":"https:\/\/www.ilovewines.vn\/wp-content\/uploads\/2026\/02\/riesling-1.png","datePublished":"2026-02-27T04:28:53+00:00","dateModified":"2026-03-11T04:52:26+00:00","breadcrumb":{"@id":"https:\/\/www.ilovewines.vn\/product\/queen-adelaide-riesling\/#breadcrumb"},"inLanguage":"vi","potentialAction":[{"@type":"ReadAction","target":["https:\/\/www.ilovewines.vn\/product\/queen-adelaide-riesling\/"]}]},{"@type":"ImageObject","inLanguage":"vi","@id":"https:\/\/www.ilovewines.vn\/product\/queen-adelaide-riesling\/#primaryimage","url":"https:\/\/www.ilovewines.vn\/wp-content\/uploads\/2026\/02\/riesling-1.png","contentUrl":"https:\/\/www.ilovewines.vn\/wp-content\/uploads\/2026\/02\/riesling-1.png","width":300,"height":1049},{"@type":"BreadcrumbList","@id":"https:\/\/www.ilovewines.vn\/product\/queen-adelaide-riesling\/#breadcrumb","itemListElement":[{"@type":"ListItem","position":1,"name":"Home","item":"https:\/\/www.ilovewines.vn\/"},{"@type":"ListItem","position":2,"name":"Catalogue","item":"https:\/\/www.ilovewines.vn\/catalogue\/"},{"@type":"ListItem","position":3,"name":"Queen Adelaide Riesling"}]},{"@type":"WebSite","@id":"https:\/\/www.ilovewines.vn\/#website","url":"https:\/\/www.ilovewines.vn\/","name":"Rada Wines","description":"Just another WordPress site","publisher":{"@id":"https:\/\/www.ilovewines.vn\/#organization"},"potentialAction":[{"@type":"SearchAction","target":{"@type":"EntryPoint","urlTemplate":"https:\/\/www.ilovewines.vn\/?s={search_term_string}"},"query-input":{"@type":"PropertyValueSpecification","valueRequired":true,"valueName":"search_term_string"}}],"inLanguage":"vi"},{"@type":"Organization","@id":"https:\/\/www.ilovewines.vn\/#organization","name":"Rada Wines","url":"https:\/\/www.ilovewines.vn\/","logo":{"@type":"ImageObject","inLanguage":"vi","@id":"https:\/\/www.ilovewines.vn\/#\/schema\/logo\/image\/","url":"https:\/\/www.ilovewines.vn\/wp-content\/uploads\/2022\/06\/cropped-162574230_380766779846763_4426584222903300096_n.jpg","contentUrl":"https:\/\/www.ilovewines.vn\/wp-content\/uploads\/2022\/06\/cropped-162574230_380766779846763_4426584222903300096_n.jpg","width":320,"height":206,"caption":"Rada Wines"},"image":{"@id":"https:\/\/www.ilovewines.vn\/#\/schema\/logo\/image\/"}}]}},"_links":{"self":[{"href":"https:\/\/www.ilovewines.vn\/vi\/wp-json\/wp\/v2\/product\/7086","targetHints":{"allow":["GET"]}}],"collection":[{"href":"https:\/\/www.ilovewines.vn\/vi\/wp-json\/wp\/v2\/product"}],"about":[{"href":"https:\/\/www.ilovewines.vn\/vi\/wp-json\/wp\/v2\/types\/product"}],"version-history":[{"count":4,"href":"https:\/\/www.ilovewines.vn\/vi\/wp-json\/wp\/v2\/product\/7086\/revisions"}],"predecessor-version":[{"id":7096,"href":"https:\/\/www.ilovewines.vn\/vi\/wp-json\/wp\/v2\/product\/7086\/revisions\/7096"}],"wp:featuredmedia":[{"embeddable":true,"href":"https:\/\/www.ilovewines.vn\/vi\/wp-json\/wp\/v2\/media\/7087"}],"wp:attachment":[{"href":"https:\/\/www.ilovewines.vn\/vi\/wp-json\/wp\/v2\/media?parent=7086"}],"wp:term":[{"taxonomy":"product_brand","embeddable":true,"href":"https:\/\/www.ilovewines.vn\/vi\/wp-json\/wp\/v2\/product_brand?post=7086"},{"taxonomy":"product_cat","embeddable":true,"href":"https:\/\/www.ilovewines.vn\/vi\/wp-json\/wp\/v2\/product_cat?post=7086"},{"taxonomy":"product_tag","embeddable":true,"href":"https:\/\/www.ilovewines.vn\/vi\/wp-json\/wp\/v2\/product_tag?post=7086"},{"taxonomy":"grape_varietal","embeddable":true,"href":"https:\/\/www.ilovewines.vn\/vi\/wp-json\/wp\/v2\/grape_varietal?post=7086"},{"taxonomy":"wine_regions","embeddable":true,"href":"https:\/\/www.ilovewines.vn\/vi\/wp-json\/wp\/v2\/wine_regions?post=7086"}],"curies":[{"name":"wp","href":"https:\/\/api.w.org\/{rel}","templated":true}]}}