{"id":7089,"date":"2026-02-26T21:02:48","date_gmt":"2026-02-27T04:02:48","guid":{"rendered":"https:\/\/www.ilovewines.vn\/?post_type=product&#038;p=7089"},"modified":"2026-02-26T21:02:49","modified_gmt":"2026-02-27T04:02:49","slug":"bleasdale-mulberry-tree-cabernet-sauvignon","status":"publish","type":"product","link":"https:\/\/www.ilovewines.vn\/vi\/product\/bleasdale-mulberry-tree-cabernet-sauvignon\/","title":{"rendered":"Bleasdale Mulberry Tree Cabernet Sauvignon"},"content":{"rendered":"<h4><strong>H\u1eadu c\u1ea3nh<\/strong>:<\/h4>\n<p>V\u1edbi nh\u1eefng v\u00f9ng \u0111\u1ed3ng b\u1eb1ng b\u1ed3i t\u00edch s\u00e2u r\u1ed9ng v\u00e0 s\u1ef1 \u0111i\u1ec1u ti\u1ebft kh\u00ed h\u1eadu t\u1eeb h\u1ed3 Alexandrina, Langhorne Creek l\u00e0 n\u01a1i s\u1edf h\u1eefu m\u1ed9t trong nh\u1eefng v\u00f9ng \u0111\u1ea5t v\u00e0 \u0111i\u1ec1u ki\u1ec7n tr\u1ed3ng tr\u1ecdt t\u1ed1t nh\u1ea5t Australia. Frank Potts \u0111\u00e3 nh\u1eadn ra \u0111i\u1ec1u n\u00e0y khi \u00f4ng th\u00e0nh l\u1eadp Bleasdale v\u00e0o n\u0103m 1850. V\u01b0\u1eddn nho Mulberry Tree bi\u1ec3u t\u01b0\u1ee3ng \u2014 \u0111\u01b0\u1ee3c \u0111\u1eb7t t\u00ean theo c\u00e2y d\u00e2u t\u1eb1m c\u1ed5 th\u1ee5 m\u1ecdc ngay c\u1ea1nh v\u01b0\u1eddn nho tr\u00ean b\u1edd s\u00f4ng Bremer \u2014 lu\u00f4n t\u1ea1o ra nh\u1eefng lo\u1ea1i tr\u00e1i c\u00e2y v\u1edbi ch\u1ea5t l\u01b0\u1ee3ng \u0111\u1eb7c bi\u1ec7t xu\u1ea5t s\u1eafc.<\/p>\n<div>T\u1ef7 l\u1ec7 c\u00e1c gi\u1ed1ng nho<\/div>\n<div>Cabernet Sauvignon (86%), Malbec (7%), Merlot (3%), Cabernet Franc (2%) v\u00e0 Petit Verdot (2%)<\/div>\n<h4><strong>C\u1ea3m quan:<\/strong><\/h4>\n<p>\u0110\u00e2y l\u00e0 m\u1ed9t chai Cabernet Sauvignon thanh tao v\u1edbi h\u01b0\u01a1ng th\u01a1m n\u1ed3ng n\u00e0n c\u1ee7a c\u00e1c lo\u1ea1i qu\u1ea3 m\u1ecdng, th\u1ea3o m\u1ed9c, s\u00f4-c\u00f4-la \u0111en v\u00e0 hoa violet. V\u00f2m mi\u1ec7ng mang l\u1ea1i c\u1ea3m gi\u00e1c m\u01b0\u1ee3t m\u00e0 v\u00e0 b\u1ec1n b\u1ec9 v\u1edbi h\u01b0\u01a1ng v\u1ecb l\u00fd chua \u0111en v\u00e0 g\u1ed7 s\u1ed3i cay, tr\u01b0\u1edbc khi k\u1ebft th\u00fac b\u1eb1ng l\u1edbp tannin m\u1ec1m m\u1ea1i v\u00e0 tinh t\u1ebf.<\/p>\n<div><strong>G\u1ee3i \u00fd m\u00f3n \u0103n \u0111i k\u00e8m: <\/strong>K\u1ebft h\u1ee3p ho\u00e0n h\u1ea3o v\u1edbi s\u01b0\u1eddn c\u1eebu ho\u1eb7c th\u1ecbt b\u00f2, l\u00e0 m\u1ed9t lo\u1ea1i r\u01b0\u1ee3u tuy\u1ec7t v\u1eddi \u0111\u1ec3 th\u01b0\u1edfng th\u1ee9c t\u1ea1i c\u00e1c qu\u00e1n pub ho\u1eb7c d\u00f9ng k\u00e8m v\u1edbi pizza.<\/div>\n<p><strong>C\u1ea5t tr\u1eef:<\/strong>: U\u1ed1ng ngay ho\u1eb7c tr\u1eef \u0111\u1ebfn n\u0103m 2035<\/p>\n<h4><strong>K\u0129 thu\u1eadt l\u00e0m r\u01b0\u1ee3u:<\/strong><\/h4>\n<p>Nho \u0111\u01b0\u1ee3c t\u00e1ch cu\u1ed1ng v\u00e0 nghi\u1ec1n r\u1ed3i \u0111\u01b0a v\u00e0o c\u00e1c th\u00f9ng l\u00ean men h\u1edf \u0111\u1ec3 ng\u00e2m l\u1ea1nh trong th\u1eddi gian ng\u1eafn. Qu\u00e1 tr\u00ecnh l\u00ean men \u0111\u1ea1t \u0111\u1ec9nh \u1edf m\u1ee9c 30\u00baC v\u1edbi t\u1ea7n su\u1ea5t b\u01a1m h\u1ed3i l\u01b0u (pump over) l\u00ean \u0111\u1ebfn 4 l\u1ea7n m\u1ed7i ng\u00e0y, sau \u0111\u00f3 gi\u1ea3m d\u1ea7n v\u00e0o cu\u1ed1i giai \u0111o\u1ea1n l\u00ean men. R\u01b0\u1ee3u \u0111\u01b0\u1ee3c r\u00fat n\u01b0\u1edbc v\u00e0 \u00e9p sau 7 \u0111\u1ebfn 12 ng\u00e0y ti\u1ebfp x\u00fac v\u1edbi v\u1ecf nho, bao g\u1ed3m c\u1ea3 giai \u0111o\u1ea1n ng\u00e2m \u1ee7 sau l\u00ean men (maceration) k\u00e9o d\u00e0i t\u1edbi 5 ng\u00e0y. L\u1eafng trong v\u00f2ng 24 gi\u1edd tr\u01b0\u1edbc khi chuy\u1ec3n sang th\u00f9ng g\u1ed7 s\u1ed3i \u0111\u1ec3 th\u1ef1c hi\u1ec7n qu\u00e1 tr\u00ecnh l\u00ean men Malolactic (MLF).<\/p>\n<p><strong>Qu\u00e1 tr\u00ecnh \u1ee7 trong th\u00f9ng g\u1ed7 s\u1ed3i<\/strong>12 th\u00e1ng trong th\u00f9ng m\u1edbi (10%) v\u00e0 th\u00f9ng g\u1ed7 s\u1ed3i Ph\u00e1p c\u0169.<\/p>\n<div><strong>\u0110i\u1ec3m Halliday<\/strong>: 93<\/div>\n<p><strong>Gi\u1ea3i th\u01b0\u1edfng:\u00a0<\/strong><\/p>\n<p>Silver Medal National Wine Show of Australia<\/p>\n<p>2024 Silver Medal Langhorne Creek Wine Show<\/p>\n<p>2024 Silver Medal Royal Adelaide Wine Show<\/p>\n<p>2023 Silver Medal Melbourne Royal Wine Show<\/p>\n<p>2023 Silver Medal Perth Royal Wine Show<\/p>\n<p>2023 Silver Medal Riverina Wine Show \u2013 2023<\/p>","protected":false},"excerpt":{"rendered":"<p>\u0110\u00e2y l\u00e0 m\u1ed9t tuy\u1ec7t ph\u1ea9m. H\u00e3y mua n\u00f3. R\u01b0\u1ee3u c\u0103ng m\u1ecdng, \u0111\u01b0\u1ee3c ki\u1ec3m so\u00e1t t\u1ed1t, phong ph\u00fa v\u00e0 \u0111\u1ea7y b\u1ea3n s\u1eafc. H\u01b0\u01a1ng v\u1ecb c\u1ee7a i-\u1ed1t v\u00e0 m\u1eadn, h\u1ea1t ti\u00eau v\u00e0 g\u1ed7 tuy\u1ebft t\u00f9ng; v\u00e0 d\u00f9 mang l\u1ea1i c\u1ea3m gi\u00e1c m\u1ea1nh m\u1ebd n\u01a1i v\u00f2m mi\u1ec7ng, h\u1eadu v\u1ecb c\u1ee7a n\u00f3 l\u1ea1i v\u00f4 c\u00f9ng g\u1ecdn g\u00e0ng v\u00e0 ch\u1ec9n chu. Campbell Mattinson, xu\u1ea5t b\u1ea3n ng\u00e0y 07 th\u00e1ng 08 n\u0103m 2024.<\/p>","protected":false},"featured_media":7091,"template":"","meta":{"_acf_changed":false},"product_brand":[],"product_cat":[87,93],"product_tag":[],"grape_varietal":[2613,2467,2667,2468,2565,2477],"wine_regions":[2421,2410],"class_list":{"0":"post-7089","1":"product","2":"type-product","3":"status-publish","4":"has-post-thumbnail","6":"product_cat-red-wine","7":"product_cat-wine","8":"pa_brand-bleasdale","9":"grape_varietal-cabernet-franc","10":"grape_varietal-cabernet-sauvignon","11":"grape_varietal-malbec","12":"grape_varietal-merlot","13":"grape_varietal-petit-verdot","14":"grape_varietal-red","15":"wine_regions-langhorne-creek","16":"wine_regions-south-australia","18":"first","19":"instock","20":"shipping-taxable","21":"product-type-simple"},"acf":[],"yoast_head":"<!-- This site is optimized with the Yoast SEO plugin v27.1.1 - https:\/\/yoast.com\/product\/yoast-seo-wordpress\/ -->\n<title>Bleasdale Mulberry Tree Cabernet Sauvignon - Rada Wines<\/title>\n<meta name=\"robots\" content=\"index, follow, max-snippet:-1, max-image-preview:large, max-video-preview:-1\" \/>\n<link rel=\"canonical\" href=\"https:\/\/www.ilovewines.vn\/vi\/san-pham\/bleasdale-mulberry-tree-cabernet-sauvignon\/\" \/>\n<meta property=\"og:locale\" content=\"vi_VN\" \/>\n<meta property=\"og:type\" content=\"article\" \/>\n<meta property=\"og:title\" content=\"Bleasdale Mulberry Tree Cabernet Sauvignon - Rada Wines\" \/>\n<meta property=\"og:description\" content=\"This is a beauty. Buy this. It&#039;s plump, it&#039;s controlled, it&#039;s generous and it&#039;s distinctive. It tastes of iodine and plum, peppercorn and cedar, and while it feels powerful through the palate, the finish is as neat as a pin. Campbell Mattinson Published 07 August 2024.\" \/>\n<meta property=\"og:url\" content=\"https:\/\/www.ilovewines.vn\/vi\/san-pham\/bleasdale-mulberry-tree-cabernet-sauvignon\/\" \/>\n<meta property=\"og:site_name\" content=\"Rada Wines\" \/>\n<meta property=\"article:modified_time\" content=\"2026-02-27T04:02:49+00:00\" \/>\n<meta property=\"og:image\" content=\"https:\/\/www.ilovewines.vn\/wp-content\/uploads\/2026\/02\/Bleasdale-Mulberry-Tree-scaled-e1772095161990.png\" \/>\n\t<meta property=\"og:image:width\" content=\"500\" \/>\n\t<meta property=\"og:image:height\" content=\"710\" \/>\n\t<meta property=\"og:image:type\" content=\"image\/png\" \/>\n<meta name=\"twitter:card\" content=\"summary_large_image\" \/>\n<meta name=\"twitter:label1\" content=\"\u01af\u1edbc t\u00ednh th\u1eddi gian \u0111\u1ecdc\" \/>\n\t<meta name=\"twitter:data1\" content=\"2 ph\u00fat\" \/>\n<script type=\"application\/ld+json\" class=\"yoast-schema-graph\">{\"@context\":\"https:\/\/schema.org\",\"@graph\":[{\"@type\":\"WebPage\",\"@id\":\"https:\/\/www.ilovewines.vn\/product\/bleasdale-mulberry-tree-cabernet-sauvignon\/\",\"url\":\"https:\/\/www.ilovewines.vn\/product\/bleasdale-mulberry-tree-cabernet-sauvignon\/\",\"name\":\"Bleasdale Mulberry Tree Cabernet Sauvignon - Rada Wines\",\"isPartOf\":{\"@id\":\"https:\/\/www.ilovewines.vn\/#website\"},\"primaryImageOfPage\":{\"@id\":\"https:\/\/www.ilovewines.vn\/product\/bleasdale-mulberry-tree-cabernet-sauvignon\/#primaryimage\"},\"image\":{\"@id\":\"https:\/\/www.ilovewines.vn\/product\/bleasdale-mulberry-tree-cabernet-sauvignon\/#primaryimage\"},\"thumbnailUrl\":\"https:\/\/www.ilovewines.vn\/wp-content\/uploads\/2026\/02\/Bleasdale-Mulberry-Tree-scaled-e1772095161990.png\",\"datePublished\":\"2026-02-27T04:02:48+00:00\",\"dateModified\":\"2026-02-27T04:02:49+00:00\",\"breadcrumb\":{\"@id\":\"https:\/\/www.ilovewines.vn\/product\/bleasdale-mulberry-tree-cabernet-sauvignon\/#breadcrumb\"},\"inLanguage\":\"vi\",\"potentialAction\":[{\"@type\":\"ReadAction\",\"target\":[\"https:\/\/www.ilovewines.vn\/product\/bleasdale-mulberry-tree-cabernet-sauvignon\/\"]}]},{\"@type\":\"ImageObject\",\"inLanguage\":\"vi\",\"@id\":\"https:\/\/www.ilovewines.vn\/product\/bleasdale-mulberry-tree-cabernet-sauvignon\/#primaryimage\",\"url\":\"https:\/\/www.ilovewines.vn\/wp-content\/uploads\/2026\/02\/Bleasdale-Mulberry-Tree-scaled-e1772095161990.png\",\"contentUrl\":\"https:\/\/www.ilovewines.vn\/wp-content\/uploads\/2026\/02\/Bleasdale-Mulberry-Tree-scaled-e1772095161990.png\",\"width\":500,\"height\":710},{\"@type\":\"BreadcrumbList\",\"@id\":\"https:\/\/www.ilovewines.vn\/product\/bleasdale-mulberry-tree-cabernet-sauvignon\/#breadcrumb\",\"itemListElement\":[{\"@type\":\"ListItem\",\"position\":1,\"name\":\"Home\",\"item\":\"https:\/\/www.ilovewines.vn\/\"},{\"@type\":\"ListItem\",\"position\":2,\"name\":\"Catalogue\",\"item\":\"https:\/\/www.ilovewines.vn\/catalogue\/\"},{\"@type\":\"ListItem\",\"position\":3,\"name\":\"Bleasdale Mulberry Tree Cabernet Sauvignon\"}]},{\"@type\":\"WebSite\",\"@id\":\"https:\/\/www.ilovewines.vn\/#website\",\"url\":\"https:\/\/www.ilovewines.vn\/\",\"name\":\"Rada Wines\",\"description\":\"Just another WordPress site\",\"publisher\":{\"@id\":\"https:\/\/www.ilovewines.vn\/#organization\"},\"potentialAction\":[{\"@type\":\"SearchAction\",\"target\":{\"@type\":\"EntryPoint\",\"urlTemplate\":\"https:\/\/www.ilovewines.vn\/?s={search_term_string}\"},\"query-input\":{\"@type\":\"PropertyValueSpecification\",\"valueRequired\":true,\"valueName\":\"search_term_string\"}}],\"inLanguage\":\"vi\"},{\"@type\":\"Organization\",\"@id\":\"https:\/\/www.ilovewines.vn\/#organization\",\"name\":\"Rada Wines\",\"url\":\"https:\/\/www.ilovewines.vn\/\",\"logo\":{\"@type\":\"ImageObject\",\"inLanguage\":\"vi\",\"@id\":\"https:\/\/www.ilovewines.vn\/#\/schema\/logo\/image\/\",\"url\":\"https:\/\/www.ilovewines.vn\/wp-content\/uploads\/2022\/06\/cropped-162574230_380766779846763_4426584222903300096_n.jpg\",\"contentUrl\":\"https:\/\/www.ilovewines.vn\/wp-content\/uploads\/2022\/06\/cropped-162574230_380766779846763_4426584222903300096_n.jpg\",\"width\":320,\"height\":206,\"caption\":\"Rada Wines\"},\"image\":{\"@id\":\"https:\/\/www.ilovewines.vn\/#\/schema\/logo\/image\/\"}}]}<\/script>\n<!-- \/ Yoast SEO plugin. -->","yoast_head_json":{"title":"Bleasdale Mulberry Tree Cabernet Sauvignon - Rada Wines","robots":{"index":"index","follow":"follow","max-snippet":"max-snippet:-1","max-image-preview":"max-image-preview:large","max-video-preview":"max-video-preview:-1"},"canonical":"https:\/\/www.ilovewines.vn\/vi\/san-pham\/bleasdale-mulberry-tree-cabernet-sauvignon\/","og_locale":"vi_VN","og_type":"article","og_title":"Bleasdale Mulberry Tree Cabernet Sauvignon - Rada Wines","og_description":"This is a beauty. Buy this. It's plump, it's controlled, it's generous and it's distinctive. It tastes of iodine and plum, peppercorn and cedar, and while it feels powerful through the palate, the finish is as neat as a pin. Campbell Mattinson Published 07 August 2024.","og_url":"https:\/\/www.ilovewines.vn\/vi\/san-pham\/bleasdale-mulberry-tree-cabernet-sauvignon\/","og_site_name":"Rada Wines","article_modified_time":"2026-02-27T04:02:49+00:00","og_image":[{"width":500,"height":710,"url":"https:\/\/www.ilovewines.vn\/wp-content\/uploads\/2026\/02\/Bleasdale-Mulberry-Tree-scaled-e1772095161990.png","type":"image\/png"}],"twitter_card":"summary_large_image","twitter_misc":{"\u01af\u1edbc t\u00ednh th\u1eddi gian \u0111\u1ecdc":"2 ph\u00fat"},"schema":{"@context":"https:\/\/schema.org","@graph":[{"@type":"WebPage","@id":"https:\/\/www.ilovewines.vn\/product\/bleasdale-mulberry-tree-cabernet-sauvignon\/","url":"https:\/\/www.ilovewines.vn\/product\/bleasdale-mulberry-tree-cabernet-sauvignon\/","name":"Bleasdale Mulberry Tree Cabernet Sauvignon - Rada Wines","isPartOf":{"@id":"https:\/\/www.ilovewines.vn\/#website"},"primaryImageOfPage":{"@id":"https:\/\/www.ilovewines.vn\/product\/bleasdale-mulberry-tree-cabernet-sauvignon\/#primaryimage"},"image":{"@id":"https:\/\/www.ilovewines.vn\/product\/bleasdale-mulberry-tree-cabernet-sauvignon\/#primaryimage"},"thumbnailUrl":"https:\/\/www.ilovewines.vn\/wp-content\/uploads\/2026\/02\/Bleasdale-Mulberry-Tree-scaled-e1772095161990.png","datePublished":"2026-02-27T04:02:48+00:00","dateModified":"2026-02-27T04:02:49+00:00","breadcrumb":{"@id":"https:\/\/www.ilovewines.vn\/product\/bleasdale-mulberry-tree-cabernet-sauvignon\/#breadcrumb"},"inLanguage":"vi","potentialAction":[{"@type":"ReadAction","target":["https:\/\/www.ilovewines.vn\/product\/bleasdale-mulberry-tree-cabernet-sauvignon\/"]}]},{"@type":"ImageObject","inLanguage":"vi","@id":"https:\/\/www.ilovewines.vn\/product\/bleasdale-mulberry-tree-cabernet-sauvignon\/#primaryimage","url":"https:\/\/www.ilovewines.vn\/wp-content\/uploads\/2026\/02\/Bleasdale-Mulberry-Tree-scaled-e1772095161990.png","contentUrl":"https:\/\/www.ilovewines.vn\/wp-content\/uploads\/2026\/02\/Bleasdale-Mulberry-Tree-scaled-e1772095161990.png","width":500,"height":710},{"@type":"BreadcrumbList","@id":"https:\/\/www.ilovewines.vn\/product\/bleasdale-mulberry-tree-cabernet-sauvignon\/#breadcrumb","itemListElement":[{"@type":"ListItem","position":1,"name":"Home","item":"https:\/\/www.ilovewines.vn\/"},{"@type":"ListItem","position":2,"name":"Catalogue","item":"https:\/\/www.ilovewines.vn\/catalogue\/"},{"@type":"ListItem","position":3,"name":"Bleasdale Mulberry Tree Cabernet Sauvignon"}]},{"@type":"WebSite","@id":"https:\/\/www.ilovewines.vn\/#website","url":"https:\/\/www.ilovewines.vn\/","name":"Rada Wines","description":"Just another WordPress site","publisher":{"@id":"https:\/\/www.ilovewines.vn\/#organization"},"potentialAction":[{"@type":"SearchAction","target":{"@type":"EntryPoint","urlTemplate":"https:\/\/www.ilovewines.vn\/?s={search_term_string}"},"query-input":{"@type":"PropertyValueSpecification","valueRequired":true,"valueName":"search_term_string"}}],"inLanguage":"vi"},{"@type":"Organization","@id":"https:\/\/www.ilovewines.vn\/#organization","name":"Rada Wines","url":"https:\/\/www.ilovewines.vn\/","logo":{"@type":"ImageObject","inLanguage":"vi","@id":"https:\/\/www.ilovewines.vn\/#\/schema\/logo\/image\/","url":"https:\/\/www.ilovewines.vn\/wp-content\/uploads\/2022\/06\/cropped-162574230_380766779846763_4426584222903300096_n.jpg","contentUrl":"https:\/\/www.ilovewines.vn\/wp-content\/uploads\/2022\/06\/cropped-162574230_380766779846763_4426584222903300096_n.jpg","width":320,"height":206,"caption":"Rada Wines"},"image":{"@id":"https:\/\/www.ilovewines.vn\/#\/schema\/logo\/image\/"}}]}},"_links":{"self":[{"href":"https:\/\/www.ilovewines.vn\/vi\/wp-json\/wp\/v2\/product\/7089","targetHints":{"allow":["GET"]}}],"collection":[{"href":"https:\/\/www.ilovewines.vn\/vi\/wp-json\/wp\/v2\/product"}],"about":[{"href":"https:\/\/www.ilovewines.vn\/vi\/wp-json\/wp\/v2\/types\/product"}],"version-history":[{"count":2,"href":"https:\/\/www.ilovewines.vn\/vi\/wp-json\/wp\/v2\/product\/7089\/revisions"}],"predecessor-version":[{"id":7093,"href":"https:\/\/www.ilovewines.vn\/vi\/wp-json\/wp\/v2\/product\/7089\/revisions\/7093"}],"wp:featuredmedia":[{"embeddable":true,"href":"https:\/\/www.ilovewines.vn\/vi\/wp-json\/wp\/v2\/media\/7091"}],"wp:attachment":[{"href":"https:\/\/www.ilovewines.vn\/vi\/wp-json\/wp\/v2\/media?parent=7089"}],"wp:term":[{"taxonomy":"product_brand","embeddable":true,"href":"https:\/\/www.ilovewines.vn\/vi\/wp-json\/wp\/v2\/product_brand?post=7089"},{"taxonomy":"product_cat","embeddable":true,"href":"https:\/\/www.ilovewines.vn\/vi\/wp-json\/wp\/v2\/product_cat?post=7089"},{"taxonomy":"product_tag","embeddable":true,"href":"https:\/\/www.ilovewines.vn\/vi\/wp-json\/wp\/v2\/product_tag?post=7089"},{"taxonomy":"grape_varietal","embeddable":true,"href":"https:\/\/www.ilovewines.vn\/vi\/wp-json\/wp\/v2\/grape_varietal?post=7089"},{"taxonomy":"wine_regions","embeddable":true,"href":"https:\/\/www.ilovewines.vn\/vi\/wp-json\/wp\/v2\/wine_regions?post=7089"}],"curies":[{"name":"wp","href":"https:\/\/api.w.org\/{rel}","templated":true}]}}