{"id":7143,"date":"2026-04-12T23:40:46","date_gmt":"2026-04-13T05:40:46","guid":{"rendered":"https:\/\/www.ilovewines.vn\/?post_type=product&#038;p=7143"},"modified":"2026-04-12T23:40:46","modified_gmt":"2026-04-13T05:40:46","slug":"richland-cabernet-sauvignon","status":"publish","type":"product","link":"https:\/\/www.ilovewines.vn\/vi\/product\/richland-cabernet-sauvignon\/","title":{"rendered":"Richland Cabernet Sauvignon"},"content":{"rendered":"<p><strong>V\u00f9ng tr\u1ed3ng<\/strong>: Ngu\u1ed3n nho \u0111\u01b0\u1ee3c tuy\u1ec3n ch\u1ecdn \u0111\u1eb7c bi\u1ec7t t\u1eeb c\u00e1c v\u01b0\u1eddn nho t\u1ea1i v\u00f9ng Langhorne Creek.<\/p>\n<p><strong>M\u00f9i h\u01b0\u01a1ng<\/strong>: H\u01b0\u01a1ng th\u01a1m lan t\u1ecfa c\u1ee7a qu\u1ea3 l\u00fd chua \u0111en ng\u1ecdt ng\u00e0o v\u00e0 d\u00e2u t\u1eb1m, quy\u1ec7n c\u00f9ng n\u00e9t \u0111\u1eb7c tr\u01b0ng \u00eam d\u1ecbu c\u1ee7a g\u1ed7 s\u1ed3i.<\/p>\n<p><strong>V\u1ecb gi\u00e1c<\/strong>: V\u00f2m mi\u1ec7ng mang n\u00e9t c\u1ed5 \u0111i\u1ec3n c\u1ee7a qu\u1ea3 d\u00e2u t\u1eb1m v\u00e0 l\u00fd chua \u0111en m\u1ecdng n\u01b0\u1edbc, \u0111\u01b0\u1ee3c n\u00e2ng \u0111\u1ee1 b\u1edfi h\u01b0\u01a1ng g\u1ed7 s\u1ed3i Ph\u00e1p v\u00e0 kh\u00e9p l\u1ea1i v\u1edbi l\u1edbp tannin d\u00e0y d\u1eb7n, b\u1ec1n b\u1ec9.<\/p>\n<p><strong>M\u00f3n \u0103n k\u00e8m<\/strong>: Th\u01b0\u1edfng th\u1ee9c c\u00f9ng th\u1ecbt c\u1eebu, c\u00e1c m\u00f3n m\u1ef3 \u00dd s\u1ed1t \u0111\u1ecf, ho\u1eb7c \u0111\u01a1n gi\u1ea3n l\u00e0 k\u1ebft h\u1ee3p v\u1edbi c\u00e1c lo\u1ea1i ph\u00f4 mai \u0111\u1eadm v\u1ecb.<\/p>\n<p><strong>Ni\u00ean v\u1ee5<\/strong>: Nh\u00ecn chung, 2024 l\u00e0 m\u1ed9t ni\u00ean v\u1ee5 \u0111\u1ea1t ch\u1ea5t l\u01b0\u1ee3ng cao, cho ra \u0111\u1eddi nh\u1eefng d\u00f2ng r\u01b0\u1ee3u vang t\u01b0\u01a1i m\u1edbi v\u00e0 s\u1ed1ng \u0111\u1ed9ng. D\u00f2ng vang Cabernet Sauvignon \u0111\u01b0\u1ee3c s\u1ea3n xu\u1ea5t t\u1eeb ni\u00ean v\u1ee5 n\u00e0y mang nh\u1eefng n\u00e9t h\u01b0\u01a1ng v\u1ecb \u0111\u1eb7c tr\u01b0ng c\u1ee7a qu\u1ea3 m\u00e2m x\u00f4i \u0111en, hoa violet v\u00e0 qu\u1ea3 l\u00fd chua \u0111en, \u0111\u1ed3ng th\u1eddi mang \u0111\u1ebfn m\u1ed9t h\u1eadu v\u1ecb t\u01b0\u01a1i s\u00e1ng, m\u1ecdng n\u01b0\u1edbc, kh\u00e9p l\u1ea1i b\u1eb1ng l\u1edbp tannin m\u1ec1m m\u1ea1i tho\u1ea3ng h\u01b0\u01a1ng s\u00f4-c\u00f4-la.<\/p>\n<p><strong>Ph\u00e2n t\u00edch r\u01b0\u1ee3u<\/strong>: N\u1ed3ng \u0111\u1ed9 c\u1ed3n: 14% | pH: 3.7 | TA: 5.68 | L\u01b0\u1ee3ng \u0111\u01b0\u1eddng: 3.1g\/L<\/p>\n<p><strong>C\u1ea5t tr\u1eef:<\/strong>: Th\u01b0\u1edfng th\u1ee9c ngay ho\u1eb7c l\u01b0u tr\u1eef l\u00ean \u0111\u1ebfn ba n\u0103m.<\/p>\n<p><img decoding=\"async\" class=\"alignnone wp-image-7071\" src=\"https:\/\/www.ilovewines.vn\/wp-content\/uploads\/2026\/02\/Screenshot-2026-02-26-122558.png\" alt=\"\" width=\"96\" height=\"82\" srcset=\"https:\/\/www.ilovewines.vn\/wp-content\/uploads\/2026\/02\/Screenshot-2026-02-26-122558.png 168w, https:\/\/www.ilovewines.vn\/wp-content\/uploads\/2026\/02\/Screenshot-2026-02-26-122558-14x12.png 14w\" sizes=\"(max-width: 96px) 100vw, 96px\" \/><\/p>","protected":false},"excerpt":{"rendered":"<p>D\u00f2ng s\u1ea3n ph\u1ea9m Calabria Richland mang \u0111\u1ebfn nh\u1eefng lo\u1ea1i r\u01b0\u1ee3u vang \u0111\u00e1ng tin c\u1eady, d\u1ec5 th\u01b0\u1edfng th\u1ee9c v\u00e0 lu\u00f4n mang l\u1ea1i ch\u1ea5t l\u01b0\u1ee3ng v\u01b0\u1ee3t ngo\u00e0i mong \u0111\u1ee3i. Ch\u00fang t\u00f4i n\u1ed7 l\u1ef1c ch\u1eaft l\u1ecdc tinh t\u00fay c\u1ee7a t\u1eebng gi\u1ed1ng nho v\u00e0 \u0111\u01b0a v\u00e0o d\u00f2ng s\u1ea3n ph\u1ea9m n\u00e0y kh\u00f4ng ch\u1ec9 c\u00e1c gi\u1ed1ng nho truy\u1ec1n th\u1ed1ng m\u00e0 c\u00f2n c\u1ea3 nh\u1eefng lo\u1ea1i r\u01b0\u1ee3u vang \u0111\u01b0\u1ee3c l\u00e0m t\u1eeb c\u00e1c gi\u1ed1ng nho m\u1edbi m\u1ebb, \u0111\u1ea7y th\u00fa v\u1ecb t\u1ea1i n\u01b0\u1edbc \u00dac. D\u00f2ng s\u1ea3n ph\u1ea9m Richland ban \u0111\u1ea7u \u0111\u01b0\u1ee3c l\u1ea5y c\u1ea3m h\u1ee9ng t\u1eeb kh\u00ed h\u1eadu \u0110\u1ecba Trung H\u1ea3i c\u00f9ng th\u1ed5 nh\u01b0\u1ee1ng tr\u00f9 ph\u00fa, m\u00e0u m\u1ee1 c\u1ee7a v\u00f9ng \u0110\u00f4ng Nam \u00dac. Nh\u00e3n hi\u1ec7u Richland \u0111\u01b0\u1ee3c t\u1ea1o ra nh\u1eb1m tri \u00e2n nh\u1eefng ng\u01b0\u1eddi ti\u00ean phong v\u00e0 nh\u00e0 s\u00e1ng l\u1eadp c\u1ee7a h\u00e3ng R\u01b0\u1ee3u vang Gia \u0111\u00ecnh Calabria: Francesco &amp; Elisabetta Calabria.<\/p>","protected":false},"featured_media":7144,"template":"","meta":{"_acf_changed":false},"product_brand":[2723],"product_cat":[87,93],"product_tag":[],"grape_varietal":[2467,2477],"wine_regions":[2421,2410],"class_list":{"0":"post-7143","1":"product","2":"type-product","3":"status-publish","4":"has-post-thumbnail","6":"product_brand-richland","7":"product_cat-red-wine","8":"product_cat-wine","9":"pa_brand-calabria","10":"grape_varietal-cabernet-sauvignon","11":"grape_varietal-red","12":"wine_regions-langhorne-creek","13":"wine_regions-south-australia","15":"first","16":"instock","17":"shipping-taxable","18":"product-type-simple"},"acf":[],"yoast_head":"<!-- This site is optimized with the Yoast SEO plugin v27.1.1 - https:\/\/yoast.com\/product\/yoast-seo-wordpress\/ -->\n<title>Richland Cabernet Sauvignon - Rada Wines<\/title>\n<meta name=\"robots\" content=\"index, follow, max-snippet:-1, max-image-preview:large, max-video-preview:-1\" \/>\n<link rel=\"canonical\" href=\"https:\/\/www.ilovewines.vn\/vi\/san-pham\/richland-cabernet-sauvignon\/\" \/>\n<meta property=\"og:locale\" content=\"vi_VN\" \/>\n<meta property=\"og:type\" content=\"article\" \/>\n<meta property=\"og:title\" content=\"Richland Cabernet Sauvignon - Rada Wines\" \/>\n<meta property=\"og:description\" content=\"Calabria Richland series brings to the table reliable, approachable wines that consistently over-deliver. We strive to capture the essence of the variety and include within the series traditional varieties and also wines made from interesting, newer varieties to Australia. The Richland series was originally inspired by the Mediterranean climate and rich, fertile soils of South Eastern Australia. The Richland label is devoted to the pioneers and founders of Calabria Family Wines; Francesco &amp; Elisabetta Calabria.\" \/>\n<meta property=\"og:url\" content=\"https:\/\/www.ilovewines.vn\/vi\/san-pham\/richland-cabernet-sauvignon\/\" \/>\n<meta property=\"og:site_name\" content=\"Rada Wines\" \/>\n<meta property=\"og:image\" content=\"https:\/\/www.ilovewines.vn\/wp-content\/uploads\/2026\/04\/richland-CS-HD.jpg\" \/>\n\t<meta property=\"og:image:width\" content=\"388\" \/>\n\t<meta property=\"og:image:height\" content=\"1024\" \/>\n\t<meta property=\"og:image:type\" content=\"image\/jpeg\" \/>\n<meta name=\"twitter:card\" content=\"summary_large_image\" \/>\n<meta name=\"twitter:label1\" content=\"\u01af\u1edbc t\u00ednh th\u1eddi gian \u0111\u1ecdc\" \/>\n\t<meta name=\"twitter:data1\" content=\"1 ph\u00fat\" \/>\n<script type=\"application\/ld+json\" class=\"yoast-schema-graph\">{\"@context\":\"https:\/\/schema.org\",\"@graph\":[{\"@type\":\"WebPage\",\"@id\":\"https:\/\/www.ilovewines.vn\/product\/richland-cabernet-sauvignon\/\",\"url\":\"https:\/\/www.ilovewines.vn\/product\/richland-cabernet-sauvignon\/\",\"name\":\"Richland Cabernet Sauvignon - Rada Wines\",\"isPartOf\":{\"@id\":\"https:\/\/www.ilovewines.vn\/#website\"},\"primaryImageOfPage\":{\"@id\":\"https:\/\/www.ilovewines.vn\/product\/richland-cabernet-sauvignon\/#primaryimage\"},\"image\":{\"@id\":\"https:\/\/www.ilovewines.vn\/product\/richland-cabernet-sauvignon\/#primaryimage\"},\"thumbnailUrl\":\"https:\/\/www.ilovewines.vn\/wp-content\/uploads\/2026\/04\/richland-CS-HD.jpg\",\"datePublished\":\"2026-04-13T05:40:46+00:00\",\"breadcrumb\":{\"@id\":\"https:\/\/www.ilovewines.vn\/product\/richland-cabernet-sauvignon\/#breadcrumb\"},\"inLanguage\":\"vi\",\"potentialAction\":[{\"@type\":\"ReadAction\",\"target\":[\"https:\/\/www.ilovewines.vn\/product\/richland-cabernet-sauvignon\/\"]}]},{\"@type\":\"ImageObject\",\"inLanguage\":\"vi\",\"@id\":\"https:\/\/www.ilovewines.vn\/product\/richland-cabernet-sauvignon\/#primaryimage\",\"url\":\"https:\/\/www.ilovewines.vn\/wp-content\/uploads\/2026\/04\/richland-CS-HD.jpg\",\"contentUrl\":\"https:\/\/www.ilovewines.vn\/wp-content\/uploads\/2026\/04\/richland-CS-HD.jpg\",\"width\":388,\"height\":1024},{\"@type\":\"BreadcrumbList\",\"@id\":\"https:\/\/www.ilovewines.vn\/product\/richland-cabernet-sauvignon\/#breadcrumb\",\"itemListElement\":[{\"@type\":\"ListItem\",\"position\":1,\"name\":\"Home\",\"item\":\"https:\/\/www.ilovewines.vn\/\"},{\"@type\":\"ListItem\",\"position\":2,\"name\":\"Catalogue\",\"item\":\"https:\/\/www.ilovewines.vn\/catalogue\/\"},{\"@type\":\"ListItem\",\"position\":3,\"name\":\"Richland Cabernet Sauvignon\"}]},{\"@type\":\"WebSite\",\"@id\":\"https:\/\/www.ilovewines.vn\/#website\",\"url\":\"https:\/\/www.ilovewines.vn\/\",\"name\":\"Rada Wines\",\"description\":\"Just another WordPress site\",\"publisher\":{\"@id\":\"https:\/\/www.ilovewines.vn\/#organization\"},\"potentialAction\":[{\"@type\":\"SearchAction\",\"target\":{\"@type\":\"EntryPoint\",\"urlTemplate\":\"https:\/\/www.ilovewines.vn\/?s={search_term_string}\"},\"query-input\":{\"@type\":\"PropertyValueSpecification\",\"valueRequired\":true,\"valueName\":\"search_term_string\"}}],\"inLanguage\":\"vi\"},{\"@type\":\"Organization\",\"@id\":\"https:\/\/www.ilovewines.vn\/#organization\",\"name\":\"Rada Wines\",\"url\":\"https:\/\/www.ilovewines.vn\/\",\"logo\":{\"@type\":\"ImageObject\",\"inLanguage\":\"vi\",\"@id\":\"https:\/\/www.ilovewines.vn\/#\/schema\/logo\/image\/\",\"url\":\"https:\/\/www.ilovewines.vn\/wp-content\/uploads\/2022\/06\/cropped-162574230_380766779846763_4426584222903300096_n.jpg\",\"contentUrl\":\"https:\/\/www.ilovewines.vn\/wp-content\/uploads\/2022\/06\/cropped-162574230_380766779846763_4426584222903300096_n.jpg\",\"width\":320,\"height\":206,\"caption\":\"Rada Wines\"},\"image\":{\"@id\":\"https:\/\/www.ilovewines.vn\/#\/schema\/logo\/image\/\"}}]}<\/script>\n<!-- \/ Yoast SEO plugin. -->","yoast_head_json":{"title":"Richland Cabernet Sauvignon - Rada Wines","robots":{"index":"index","follow":"follow","max-snippet":"max-snippet:-1","max-image-preview":"max-image-preview:large","max-video-preview":"max-video-preview:-1"},"canonical":"https:\/\/www.ilovewines.vn\/vi\/san-pham\/richland-cabernet-sauvignon\/","og_locale":"vi_VN","og_type":"article","og_title":"Richland Cabernet Sauvignon - Rada Wines","og_description":"Calabria Richland series brings to the table reliable, approachable wines that consistently over-deliver. We strive to capture the essence of the variety and include within the series traditional varieties and also wines made from interesting, newer varieties to Australia. The Richland series was originally inspired by the Mediterranean climate and rich, fertile soils of South Eastern Australia. The Richland label is devoted to the pioneers and founders of Calabria Family Wines; Francesco &amp; Elisabetta Calabria.","og_url":"https:\/\/www.ilovewines.vn\/vi\/san-pham\/richland-cabernet-sauvignon\/","og_site_name":"Rada Wines","og_image":[{"width":388,"height":1024,"url":"https:\/\/www.ilovewines.vn\/wp-content\/uploads\/2026\/04\/richland-CS-HD.jpg","type":"image\/jpeg"}],"twitter_card":"summary_large_image","twitter_misc":{"\u01af\u1edbc t\u00ednh th\u1eddi gian \u0111\u1ecdc":"1 ph\u00fat"},"schema":{"@context":"https:\/\/schema.org","@graph":[{"@type":"WebPage","@id":"https:\/\/www.ilovewines.vn\/product\/richland-cabernet-sauvignon\/","url":"https:\/\/www.ilovewines.vn\/product\/richland-cabernet-sauvignon\/","name":"Richland Cabernet Sauvignon - Rada Wines","isPartOf":{"@id":"https:\/\/www.ilovewines.vn\/#website"},"primaryImageOfPage":{"@id":"https:\/\/www.ilovewines.vn\/product\/richland-cabernet-sauvignon\/#primaryimage"},"image":{"@id":"https:\/\/www.ilovewines.vn\/product\/richland-cabernet-sauvignon\/#primaryimage"},"thumbnailUrl":"https:\/\/www.ilovewines.vn\/wp-content\/uploads\/2026\/04\/richland-CS-HD.jpg","datePublished":"2026-04-13T05:40:46+00:00","breadcrumb":{"@id":"https:\/\/www.ilovewines.vn\/product\/richland-cabernet-sauvignon\/#breadcrumb"},"inLanguage":"vi","potentialAction":[{"@type":"ReadAction","target":["https:\/\/www.ilovewines.vn\/product\/richland-cabernet-sauvignon\/"]}]},{"@type":"ImageObject","inLanguage":"vi","@id":"https:\/\/www.ilovewines.vn\/product\/richland-cabernet-sauvignon\/#primaryimage","url":"https:\/\/www.ilovewines.vn\/wp-content\/uploads\/2026\/04\/richland-CS-HD.jpg","contentUrl":"https:\/\/www.ilovewines.vn\/wp-content\/uploads\/2026\/04\/richland-CS-HD.jpg","width":388,"height":1024},{"@type":"BreadcrumbList","@id":"https:\/\/www.ilovewines.vn\/product\/richland-cabernet-sauvignon\/#breadcrumb","itemListElement":[{"@type":"ListItem","position":1,"name":"Home","item":"https:\/\/www.ilovewines.vn\/"},{"@type":"ListItem","position":2,"name":"Catalogue","item":"https:\/\/www.ilovewines.vn\/catalogue\/"},{"@type":"ListItem","position":3,"name":"Richland Cabernet Sauvignon"}]},{"@type":"WebSite","@id":"https:\/\/www.ilovewines.vn\/#website","url":"https:\/\/www.ilovewines.vn\/","name":"Rada Wines","description":"Just another WordPress site","publisher":{"@id":"https:\/\/www.ilovewines.vn\/#organization"},"potentialAction":[{"@type":"SearchAction","target":{"@type":"EntryPoint","urlTemplate":"https:\/\/www.ilovewines.vn\/?s={search_term_string}"},"query-input":{"@type":"PropertyValueSpecification","valueRequired":true,"valueName":"search_term_string"}}],"inLanguage":"vi"},{"@type":"Organization","@id":"https:\/\/www.ilovewines.vn\/#organization","name":"Rada Wines","url":"https:\/\/www.ilovewines.vn\/","logo":{"@type":"ImageObject","inLanguage":"vi","@id":"https:\/\/www.ilovewines.vn\/#\/schema\/logo\/image\/","url":"https:\/\/www.ilovewines.vn\/wp-content\/uploads\/2022\/06\/cropped-162574230_380766779846763_4426584222903300096_n.jpg","contentUrl":"https:\/\/www.ilovewines.vn\/wp-content\/uploads\/2022\/06\/cropped-162574230_380766779846763_4426584222903300096_n.jpg","width":320,"height":206,"caption":"Rada Wines"},"image":{"@id":"https:\/\/www.ilovewines.vn\/#\/schema\/logo\/image\/"}}]}},"_links":{"self":[{"href":"https:\/\/www.ilovewines.vn\/vi\/wp-json\/wp\/v2\/product\/7143","targetHints":{"allow":["GET"]}}],"collection":[{"href":"https:\/\/www.ilovewines.vn\/vi\/wp-json\/wp\/v2\/product"}],"about":[{"href":"https:\/\/www.ilovewines.vn\/vi\/wp-json\/wp\/v2\/types\/product"}],"version-history":[{"count":2,"href":"https:\/\/www.ilovewines.vn\/vi\/wp-json\/wp\/v2\/product\/7143\/revisions"}],"predecessor-version":[{"id":7146,"href":"https:\/\/www.ilovewines.vn\/vi\/wp-json\/wp\/v2\/product\/7143\/revisions\/7146"}],"wp:featuredmedia":[{"embeddable":true,"href":"https:\/\/www.ilovewines.vn\/vi\/wp-json\/wp\/v2\/media\/7144"}],"wp:attachment":[{"href":"https:\/\/www.ilovewines.vn\/vi\/wp-json\/wp\/v2\/media?parent=7143"}],"wp:term":[{"taxonomy":"product_brand","embeddable":true,"href":"https:\/\/www.ilovewines.vn\/vi\/wp-json\/wp\/v2\/product_brand?post=7143"},{"taxonomy":"product_cat","embeddable":true,"href":"https:\/\/www.ilovewines.vn\/vi\/wp-json\/wp\/v2\/product_cat?post=7143"},{"taxonomy":"product_tag","embeddable":true,"href":"https:\/\/www.ilovewines.vn\/vi\/wp-json\/wp\/v2\/product_tag?post=7143"},{"taxonomy":"grape_varietal","embeddable":true,"href":"https:\/\/www.ilovewines.vn\/vi\/wp-json\/wp\/v2\/grape_varietal?post=7143"},{"taxonomy":"wine_regions","embeddable":true,"href":"https:\/\/www.ilovewines.vn\/vi\/wp-json\/wp\/v2\/wine_regions?post=7143"}],"curies":[{"name":"wp","href":"https:\/\/api.w.org\/{rel}","templated":true}]}}