{"id":7147,"date":"2026-04-12T23:52:38","date_gmt":"2026-04-13T05:52:38","guid":{"rendered":"https:\/\/www.ilovewines.vn\/?post_type=product&#038;p=7147"},"modified":"2026-04-12T23:52:39","modified_gmt":"2026-04-13T05:52:39","slug":"richland-shiraz","status":"publish","type":"product","link":"https:\/\/www.ilovewines.vn\/vi\/product\/richland-shiraz\/","title":{"rendered":"Richland Shiraz"},"content":{"rendered":"<p><strong>V\u00f9ng tr\u1ed3ng<\/strong>: Barossa Valley, Nam \u00dac<\/p>\n<p><strong>M\u00f9i h\u01b0\u01a1ng<\/strong>: Th\u01b0\u1edfng th\u1ee9c h\u01b0\u01a1ng th\u01a1m lan t\u1ecfa c\u1ee7a c\u00e1c lo\u1ea1i qu\u1ea3 m\u00e0u t\u00edm, m\u1eadn ch\u00edn v\u00e0 m\u00e2m x\u00f4i \u0111en, \u0111\u01b0\u1ee3c \u0111i\u1ec3m xuy\u1ebft b\u1edfi ch\u00fat h\u01b0\u01a1ng vani.<\/p>\n<p><strong>V\u1ecb gi\u00e1c<\/strong>: V\u00f2m mi\u1ec7ng tr\u00f2n \u0111\u1ea7y v\u1edbi h\u01b0\u01a1ng v\u1ecb \u0111\u1eadm \u0111\u00e0, m\u00e3nh li\u1ec7t v\u00e0 s\u1ed1ng \u0111\u1ed9ng c\u1ee7a anh \u0111\u00e0o \u0111en c\u00f9ng c\u00e1c lo\u1ea1i qu\u1ea3 m\u1ecdng r\u1eebng, mang \u0111\u1ebfn m\u1ed9t h\u1eadu v\u1ecb tinh t\u1ebf, trau chu\u1ed1t v\u00e0 m\u01b0\u1ee3t m\u00e0.<\/p>\n<p><strong>M\u00f3n \u0103n k\u00e8m<\/strong>: Pizza n\u01b0\u1edbng l\u00f2 c\u1ee7i, m\u00f3n m\u1ef3 \u00dd s\u1ed1t b\u00f2 b\u0103m c\u1ed5 \u0111i\u1ec3n.<\/p>\n<p><strong>Ni\u00ean v\u1ee5<\/strong>: Ni\u00ean v\u1ee5 2025 mang \u0111\u1eb7c tr\u01b0ng c\u1ee7a m\u1ed9t m\u00f9a sinh tr\u01b0\u1edfng kh\u00f4 h\u1ea1n h\u01a1n m\u1ee9c trung b\u00ecnh, c\u00f9ng v\u1edbi nhi\u1ec7t \u0111\u1ed9 \u1ea5m \u00e1p h\u01a1n \u0111\u00e3 t\u1ea1o \u0111i\u1ec1u ki\u1ec7n cho nho ch\u00edn mu\u1ed3i, mang \u0111\u1ebfn h\u01b0\u01a1ng v\u1ecb tr\u00e1i c\u00e2y \u0111\u1eadm \u0111\u00e0 cho d\u00f2ng vang Richland Shiraz.<\/p>\n<p><strong>Qu\u00e1 tr\u00ecnh s\u1ea3n xu\u1ea5t<\/strong>: \u0110\u01b0\u1ee3c thu ho\u1ea1ch sau khi nho \u0111\u1ea1t \u0111\u1ed9 ch\u00edn l\u00fd t\u01b0\u1edfng, c\u00e1c l\u00f4 nho \u0111\u01b0\u1ee3c nghi\u1ec1n nh\u1eb9 nh\u00e0ng, t\u00e1ch cu\u1ed1ng v\u00e0 \u0111\u01b0a v\u00e0o th\u00f9ng l\u00ean men h\u1edf n\u1eafp trong t\u1ed1i \u0111a 7 ng\u00e0y. Trong su\u1ed1t th\u1eddi gian n\u00e0y, r\u01b0\u1ee3u vang \u0111\u01b0\u1ee3c theo d\u00f5i ch\u1eb7t ch\u1ebd nh\u1eb1m chi\u1ebft xu\u1ea5t \u0111\u01b0\u1ee3c m\u00e0u s\u1eafc \u0111\u1eadm \u0111\u00e0 v\u00e0 h\u01b0\u01a1ng v\u1ecb tr\u00e1i c\u00e2y ch\u00edn \u0111\u1eb7c tr\u01b0ng tr\u1ecdn v\u1eb9n nh\u1ea5t. Sau khi qu\u00e1 tr\u00ecnh l\u00ean men ho\u00e0n t\u1ea5t, r\u01b0\u1ee3u \u0111\u01b0\u1ee3c l\u00e0m trong v\u00e0 tr\u1ea3i qua qu\u00e1 tr\u00ecnh l\u00ean men Malolactic trong b\u1ed3n ch\u1ee9a c\u00f9ng v\u1edbi c\u00e1c thanh g\u1ed7 s\u1ed3i Ph\u00e1p, t\u1ea1o n\u00ean m\u1ed9t ch\u1ea5t r\u01b0\u1ee3u \u00eam d\u1ecbu v\u00e0 s\u00e1nh m\u1ecbn h\u01a1n. R\u01b0\u1ee3u sau \u0111\u00f3 ti\u1ebfp t\u1ee5c \u0111\u01b0\u1ee3c \u1ee7 v\u1edbi g\u1ed7 s\u1ed3i trong 9 th\u00e1ng tr\u01b0\u1edbc khi ti\u1ebfn h\u00e0nh \u0111\u00f3ng chai.<\/p>\n<p><strong>Ph\u00e2n t\u00edch r\u01b0\u1ee3u<\/strong>: N\u1ed3ng \u0111\u1ed9 c\u1ed3n: 13.5% | pH: 3.6 | TA: 6.10 | L\u01b0\u1ee3ng \u0111\u01b0\u1eddng: 6.8g\/L<\/p>\n<p><strong>C\u1ea5t tr\u1eef:<\/strong>: Tuy\u1ec7t v\u1eddi \u0111\u1ec3 th\u01b0\u1edfng th\u1ee9c ngay ho\u1eb7c s\u1ebd ph\u00e1t tri\u1ec3n th\u00eam h\u01b0\u01a1ng v\u1ecb ph\u1ee9c h\u1ee3p khi \u0111\u01b0\u1ee3c l\u01b0u tr\u1eef ng\u1eafn h\u1ea1n.<\/p>","protected":false},"excerpt":{"rendered":"<p>D\u00f2ng s\u1ea3n ph\u1ea9m Calabria Richland mang \u0111\u1ebfn nh\u1eefng lo\u1ea1i r\u01b0\u1ee3u vang \u0111\u00e1ng tin c\u1eady, d\u1ec5 th\u01b0\u1edfng th\u1ee9c v\u00e0 lu\u00f4n mang l\u1ea1i ch\u1ea5t l\u01b0\u1ee3ng v\u01b0\u1ee3t ngo\u00e0i mong \u0111\u1ee3i. Ch\u00fang t\u00f4i n\u1ed7 l\u1ef1c ch\u1eaft l\u1ecdc tinh t\u00fay c\u1ee7a t\u1eebng gi\u1ed1ng nho v\u00e0 \u0111\u01b0a v\u00e0o d\u00f2ng s\u1ea3n ph\u1ea9m n\u00e0y kh\u00f4ng ch\u1ec9 c\u00e1c gi\u1ed1ng nho truy\u1ec1n th\u1ed1ng m\u00e0 c\u00f2n c\u1ea3 nh\u1eefng lo\u1ea1i r\u01b0\u1ee3u vang \u0111\u01b0\u1ee3c l\u00e0m t\u1eeb c\u00e1c gi\u1ed1ng nho m\u1edbi m\u1ebb, \u0111\u1ea7y th\u00fa v\u1ecb t\u1ea1i n\u01b0\u1edbc \u00dac. D\u00f2ng s\u1ea3n ph\u1ea9m Richland ban \u0111\u1ea7u \u0111\u01b0\u1ee3c l\u1ea5y c\u1ea3m h\u1ee9ng t\u1eeb kh\u00ed h\u1eadu \u0110\u1ecba Trung H\u1ea3i c\u00f9ng th\u1ed5 nh\u01b0\u1ee1ng tr\u00f9 ph\u00fa, m\u00e0u m\u1ee1 c\u1ee7a v\u00f9ng \u0110\u00f4ng Nam \u00dac. Nh\u00e3n hi\u1ec7u Richland \u0111\u01b0\u1ee3c t\u1ea1o ra nh\u1eb1m tri \u00e2n nh\u1eefng ng\u01b0\u1eddi ti\u00ean phong v\u00e0 nh\u00e0 s\u00e1ng l\u1eadp c\u1ee7a h\u00e3ng R\u01b0\u1ee3u vang Gia \u0111\u00ecnh Calabria: Francesco &amp; Elisabetta Calabria.<\/p>","protected":false},"featured_media":7148,"template":"","meta":{"_acf_changed":false},"product_brand":[],"product_cat":[87,93],"product_tag":[],"grape_varietal":[2477,2466],"wine_regions":[2417,2410],"class_list":{"0":"post-7147","1":"product","2":"type-product","3":"status-publish","4":"has-post-thumbnail","6":"product_cat-red-wine","7":"product_cat-wine","8":"pa_brand-calabria","9":"grape_varietal-red","10":"grape_varietal-shiraz","11":"wine_regions-barossa-valley","12":"wine_regions-south-australia","14":"first","15":"instock","16":"shipping-taxable","17":"product-type-simple"},"acf":[],"yoast_head":"<!-- This site is optimized with the Yoast SEO plugin v27.1.1 - https:\/\/yoast.com\/product\/yoast-seo-wordpress\/ -->\n<title>Richland Shiraz - Rada Wines<\/title>\n<meta name=\"robots\" content=\"index, follow, max-snippet:-1, max-image-preview:large, max-video-preview:-1\" \/>\n<link rel=\"canonical\" href=\"https:\/\/www.ilovewines.vn\/vi\/san-pham\/richland-shiraz\/\" \/>\n<meta property=\"og:locale\" content=\"vi_VN\" \/>\n<meta property=\"og:type\" content=\"article\" \/>\n<meta property=\"og:title\" content=\"Richland Shiraz - Rada Wines\" \/>\n<meta property=\"og:description\" content=\"Calabria Richland series brings to the table reliable, approachable wines that consistently over-deliver. We strive to capture the essence of the variety and include within the series traditional varieties and also wines made from interesting, newer varieties to Australia. The Richland series was originally inspired by the Mediterranean climate and rich, fertile soils of South Eastern Australia. The Richland label is devoted to the pioneers and founders of Calabria Family Wines; Francesco &amp; Elisabetta Calabria.\" \/>\n<meta property=\"og:url\" content=\"https:\/\/www.ilovewines.vn\/vi\/san-pham\/richland-shiraz\/\" \/>\n<meta property=\"og:site_name\" content=\"Rada Wines\" \/>\n<meta property=\"article:modified_time\" content=\"2026-04-13T05:52:39+00:00\" \/>\n<meta property=\"og:image\" content=\"https:\/\/www.ilovewines.vn\/wp-content\/uploads\/2026\/04\/Richland-Shiraz-HD.jpg\" \/>\n\t<meta property=\"og:image:width\" content=\"376\" \/>\n\t<meta property=\"og:image:height\" content=\"1024\" \/>\n\t<meta property=\"og:image:type\" content=\"image\/jpeg\" \/>\n<meta name=\"twitter:card\" content=\"summary_large_image\" \/>\n<meta name=\"twitter:label1\" content=\"\u01af\u1edbc t\u00ednh th\u1eddi gian \u0111\u1ecdc\" \/>\n\t<meta name=\"twitter:data1\" content=\"2 ph\u00fat\" \/>\n<script type=\"application\/ld+json\" class=\"yoast-schema-graph\">{\"@context\":\"https:\/\/schema.org\",\"@graph\":[{\"@type\":\"WebPage\",\"@id\":\"https:\/\/www.ilovewines.vn\/product\/richland-shiraz\/\",\"url\":\"https:\/\/www.ilovewines.vn\/product\/richland-shiraz\/\",\"name\":\"Richland Shiraz - Rada Wines\",\"isPartOf\":{\"@id\":\"https:\/\/www.ilovewines.vn\/#website\"},\"primaryImageOfPage\":{\"@id\":\"https:\/\/www.ilovewines.vn\/product\/richland-shiraz\/#primaryimage\"},\"image\":{\"@id\":\"https:\/\/www.ilovewines.vn\/product\/richland-shiraz\/#primaryimage\"},\"thumbnailUrl\":\"https:\/\/www.ilovewines.vn\/wp-content\/uploads\/2026\/04\/Richland-Shiraz-HD.jpg\",\"datePublished\":\"2026-04-13T05:52:38+00:00\",\"dateModified\":\"2026-04-13T05:52:39+00:00\",\"breadcrumb\":{\"@id\":\"https:\/\/www.ilovewines.vn\/product\/richland-shiraz\/#breadcrumb\"},\"inLanguage\":\"vi\",\"potentialAction\":[{\"@type\":\"ReadAction\",\"target\":[\"https:\/\/www.ilovewines.vn\/product\/richland-shiraz\/\"]}]},{\"@type\":\"ImageObject\",\"inLanguage\":\"vi\",\"@id\":\"https:\/\/www.ilovewines.vn\/product\/richland-shiraz\/#primaryimage\",\"url\":\"https:\/\/www.ilovewines.vn\/wp-content\/uploads\/2026\/04\/Richland-Shiraz-HD.jpg\",\"contentUrl\":\"https:\/\/www.ilovewines.vn\/wp-content\/uploads\/2026\/04\/Richland-Shiraz-HD.jpg\",\"width\":376,\"height\":1024},{\"@type\":\"BreadcrumbList\",\"@id\":\"https:\/\/www.ilovewines.vn\/product\/richland-shiraz\/#breadcrumb\",\"itemListElement\":[{\"@type\":\"ListItem\",\"position\":1,\"name\":\"Home\",\"item\":\"https:\/\/www.ilovewines.vn\/\"},{\"@type\":\"ListItem\",\"position\":2,\"name\":\"Catalogue\",\"item\":\"https:\/\/www.ilovewines.vn\/catalogue\/\"},{\"@type\":\"ListItem\",\"position\":3,\"name\":\"Richland Shiraz\"}]},{\"@type\":\"WebSite\",\"@id\":\"https:\/\/www.ilovewines.vn\/#website\",\"url\":\"https:\/\/www.ilovewines.vn\/\",\"name\":\"Rada Wines\",\"description\":\"Just another WordPress site\",\"publisher\":{\"@id\":\"https:\/\/www.ilovewines.vn\/#organization\"},\"potentialAction\":[{\"@type\":\"SearchAction\",\"target\":{\"@type\":\"EntryPoint\",\"urlTemplate\":\"https:\/\/www.ilovewines.vn\/?s={search_term_string}\"},\"query-input\":{\"@type\":\"PropertyValueSpecification\",\"valueRequired\":true,\"valueName\":\"search_term_string\"}}],\"inLanguage\":\"vi\"},{\"@type\":\"Organization\",\"@id\":\"https:\/\/www.ilovewines.vn\/#organization\",\"name\":\"Rada Wines\",\"url\":\"https:\/\/www.ilovewines.vn\/\",\"logo\":{\"@type\":\"ImageObject\",\"inLanguage\":\"vi\",\"@id\":\"https:\/\/www.ilovewines.vn\/#\/schema\/logo\/image\/\",\"url\":\"https:\/\/www.ilovewines.vn\/wp-content\/uploads\/2022\/06\/cropped-162574230_380766779846763_4426584222903300096_n.jpg\",\"contentUrl\":\"https:\/\/www.ilovewines.vn\/wp-content\/uploads\/2022\/06\/cropped-162574230_380766779846763_4426584222903300096_n.jpg\",\"width\":320,\"height\":206,\"caption\":\"Rada Wines\"},\"image\":{\"@id\":\"https:\/\/www.ilovewines.vn\/#\/schema\/logo\/image\/\"}}]}<\/script>\n<!-- \/ Yoast SEO plugin. -->","yoast_head_json":{"title":"Richland Shiraz - Rada Wines","robots":{"index":"index","follow":"follow","max-snippet":"max-snippet:-1","max-image-preview":"max-image-preview:large","max-video-preview":"max-video-preview:-1"},"canonical":"https:\/\/www.ilovewines.vn\/vi\/san-pham\/richland-shiraz\/","og_locale":"vi_VN","og_type":"article","og_title":"Richland Shiraz - Rada Wines","og_description":"Calabria Richland series brings to the table reliable, approachable wines that consistently over-deliver. We strive to capture the essence of the variety and include within the series traditional varieties and also wines made from interesting, newer varieties to Australia. The Richland series was originally inspired by the Mediterranean climate and rich, fertile soils of South Eastern Australia. The Richland label is devoted to the pioneers and founders of Calabria Family Wines; Francesco &amp; Elisabetta Calabria.","og_url":"https:\/\/www.ilovewines.vn\/vi\/san-pham\/richland-shiraz\/","og_site_name":"Rada Wines","article_modified_time":"2026-04-13T05:52:39+00:00","og_image":[{"width":376,"height":1024,"url":"https:\/\/www.ilovewines.vn\/wp-content\/uploads\/2026\/04\/Richland-Shiraz-HD.jpg","type":"image\/jpeg"}],"twitter_card":"summary_large_image","twitter_misc":{"\u01af\u1edbc t\u00ednh th\u1eddi gian \u0111\u1ecdc":"2 ph\u00fat"},"schema":{"@context":"https:\/\/schema.org","@graph":[{"@type":"WebPage","@id":"https:\/\/www.ilovewines.vn\/product\/richland-shiraz\/","url":"https:\/\/www.ilovewines.vn\/product\/richland-shiraz\/","name":"Richland Shiraz - Rada Wines","isPartOf":{"@id":"https:\/\/www.ilovewines.vn\/#website"},"primaryImageOfPage":{"@id":"https:\/\/www.ilovewines.vn\/product\/richland-shiraz\/#primaryimage"},"image":{"@id":"https:\/\/www.ilovewines.vn\/product\/richland-shiraz\/#primaryimage"},"thumbnailUrl":"https:\/\/www.ilovewines.vn\/wp-content\/uploads\/2026\/04\/Richland-Shiraz-HD.jpg","datePublished":"2026-04-13T05:52:38+00:00","dateModified":"2026-04-13T05:52:39+00:00","breadcrumb":{"@id":"https:\/\/www.ilovewines.vn\/product\/richland-shiraz\/#breadcrumb"},"inLanguage":"vi","potentialAction":[{"@type":"ReadAction","target":["https:\/\/www.ilovewines.vn\/product\/richland-shiraz\/"]}]},{"@type":"ImageObject","inLanguage":"vi","@id":"https:\/\/www.ilovewines.vn\/product\/richland-shiraz\/#primaryimage","url":"https:\/\/www.ilovewines.vn\/wp-content\/uploads\/2026\/04\/Richland-Shiraz-HD.jpg","contentUrl":"https:\/\/www.ilovewines.vn\/wp-content\/uploads\/2026\/04\/Richland-Shiraz-HD.jpg","width":376,"height":1024},{"@type":"BreadcrumbList","@id":"https:\/\/www.ilovewines.vn\/product\/richland-shiraz\/#breadcrumb","itemListElement":[{"@type":"ListItem","position":1,"name":"Home","item":"https:\/\/www.ilovewines.vn\/"},{"@type":"ListItem","position":2,"name":"Catalogue","item":"https:\/\/www.ilovewines.vn\/catalogue\/"},{"@type":"ListItem","position":3,"name":"Richland Shiraz"}]},{"@type":"WebSite","@id":"https:\/\/www.ilovewines.vn\/#website","url":"https:\/\/www.ilovewines.vn\/","name":"Rada Wines","description":"Just another WordPress site","publisher":{"@id":"https:\/\/www.ilovewines.vn\/#organization"},"potentialAction":[{"@type":"SearchAction","target":{"@type":"EntryPoint","urlTemplate":"https:\/\/www.ilovewines.vn\/?s={search_term_string}"},"query-input":{"@type":"PropertyValueSpecification","valueRequired":true,"valueName":"search_term_string"}}],"inLanguage":"vi"},{"@type":"Organization","@id":"https:\/\/www.ilovewines.vn\/#organization","name":"Rada Wines","url":"https:\/\/www.ilovewines.vn\/","logo":{"@type":"ImageObject","inLanguage":"vi","@id":"https:\/\/www.ilovewines.vn\/#\/schema\/logo\/image\/","url":"https:\/\/www.ilovewines.vn\/wp-content\/uploads\/2022\/06\/cropped-162574230_380766779846763_4426584222903300096_n.jpg","contentUrl":"https:\/\/www.ilovewines.vn\/wp-content\/uploads\/2022\/06\/cropped-162574230_380766779846763_4426584222903300096_n.jpg","width":320,"height":206,"caption":"Rada Wines"},"image":{"@id":"https:\/\/www.ilovewines.vn\/#\/schema\/logo\/image\/"}}]}},"_links":{"self":[{"href":"https:\/\/www.ilovewines.vn\/vi\/wp-json\/wp\/v2\/product\/7147","targetHints":{"allow":["GET"]}}],"collection":[{"href":"https:\/\/www.ilovewines.vn\/vi\/wp-json\/wp\/v2\/product"}],"about":[{"href":"https:\/\/www.ilovewines.vn\/vi\/wp-json\/wp\/v2\/types\/product"}],"version-history":[{"count":1,"href":"https:\/\/www.ilovewines.vn\/vi\/wp-json\/wp\/v2\/product\/7147\/revisions"}],"predecessor-version":[{"id":7149,"href":"https:\/\/www.ilovewines.vn\/vi\/wp-json\/wp\/v2\/product\/7147\/revisions\/7149"}],"wp:featuredmedia":[{"embeddable":true,"href":"https:\/\/www.ilovewines.vn\/vi\/wp-json\/wp\/v2\/media\/7148"}],"wp:attachment":[{"href":"https:\/\/www.ilovewines.vn\/vi\/wp-json\/wp\/v2\/media?parent=7147"}],"wp:term":[{"taxonomy":"product_brand","embeddable":true,"href":"https:\/\/www.ilovewines.vn\/vi\/wp-json\/wp\/v2\/product_brand?post=7147"},{"taxonomy":"product_cat","embeddable":true,"href":"https:\/\/www.ilovewines.vn\/vi\/wp-json\/wp\/v2\/product_cat?post=7147"},{"taxonomy":"product_tag","embeddable":true,"href":"https:\/\/www.ilovewines.vn\/vi\/wp-json\/wp\/v2\/product_tag?post=7147"},{"taxonomy":"grape_varietal","embeddable":true,"href":"https:\/\/www.ilovewines.vn\/vi\/wp-json\/wp\/v2\/grape_varietal?post=7147"},{"taxonomy":"wine_regions","embeddable":true,"href":"https:\/\/www.ilovewines.vn\/vi\/wp-json\/wp\/v2\/wine_regions?post=7147"}],"curies":[{"name":"wp","href":"https:\/\/api.w.org\/{rel}","templated":true}]}}